{"id":211,"date":"2012-10-19T12:37:15","date_gmt":"2012-10-19T12:37:15","guid":{"rendered":"http:\/\/template-demos.com\/wp\/WP01\/WP010005\/?page_id=2"},"modified":"2023-10-18T15:59:16","modified_gmt":"2023-10-18T12:59:16","slug":"apie-mus","status":"publish","type":"page","link":"https:\/\/www.horomechanika.lt\/ru\/apie-mus\/","title":{"rendered":"Apie mus"},"content":{"rendered":"<div class=\"vc_row wpb_row vc_row-fluid theme-container\"><div class=\"wpb_column vc_column_container vc_col-sm-6\"><div class=\"vc_column-inner\"><div class=\"wpb_wrapper\"><div class=\"wpb_gallery wpb_content_element vc_clearfix\" ><div class=\"wpb_wrapper\"><div class=\"wpb_gallery_slides wpb_flexslider flexslider_fade flexslider\" data-interval=\"3\" data-flex_fx=\"fade\"><ul class=\"slides\"><li><a class=\"prettyphoto\" href=\"https:\/\/www.horomechanika.lt\/wp-content\/uploads\/2018\/04\/XU_LR_02-1024x576.png\" data-rel=\"prettyPhoto[rel-211-2175834143]\"><img loading=\"lazy\" decoding=\"async\" class=\"\" src=\"https:\/\/www.horomechanika.lt\/wp-content\/uploads\/2018\/04\/XU_LR_02.png\" width=\"1366\" height=\"768\" alt=\"XU_LR_02\" title=\"XU_LR_02\" \/><\/a><\/li><li><a class=\"prettyphoto\" href=\"https:\/\/www.horomechanika.lt\/wp-content\/uploads\/2018\/04\/XG_LR_04-1024x576.png\" data-rel=\"prettyPhoto[rel-211-2175834143]\"><img loading=\"lazy\" decoding=\"async\" class=\"\" src=\"https:\/\/www.horomechanika.lt\/wp-content\/uploads\/2018\/04\/XG_LR_04.png\" width=\"1366\" height=\"768\" alt=\"XG_LR_04\" title=\"XG_LR_04\" \/><\/a><\/li><li><a class=\"prettyphoto\" href=\"https:\/\/www.horomechanika.lt\/wp-content\/uploads\/2018\/04\/XG_LR_01-1024x576.png\" data-rel=\"prettyPhoto[rel-211-2175834143]\"><img loading=\"lazy\" decoding=\"async\" class=\"\" src=\"https:\/\/www.horomechanika.lt\/wp-content\/uploads\/2018\/04\/XG_LR_01.png\" width=\"1366\" height=\"768\" alt=\"XG_LR_01\" title=\"XG_LR_01\" \/><\/a><\/li><li><a class=\"prettyphoto\" href=\"https:\/\/www.horomechanika.lt\/wp-content\/uploads\/2018\/04\/U5030-6-1024x682.jpg\" data-rel=\"prettyPhoto[rel-211-2175834143]\"><img loading=\"lazy\" decoding=\"async\" class=\"\" src=\"https:\/\/www.horomechanika.lt\/wp-content\/uploads\/2018\/04\/U5030-6.jpg\" width=\"1181\" height=\"787\" alt=\"U5030-6\" title=\"U5030-6\" \/><\/a><\/li><li><a class=\"prettyphoto\" href=\"https:\/\/www.horomechanika.lt\/wp-content\/uploads\/2018\/04\/MT5_LR_03-1024x576.png\" data-rel=\"prettyPhoto[rel-211-2175834143]\"><img loading=\"lazy\" decoding=\"async\" class=\"\" src=\"https:\/\/www.horomechanika.lt\/wp-content\/uploads\/2018\/04\/MT5_LR_03.png\" width=\"1366\" height=\"768\" alt=\"MT5_LR_03\" title=\"MT5_LR_03\" \/><\/a><\/li><li><a class=\"prettyphoto\" href=\"https:\/\/www.horomechanika.lt\/wp-content\/uploads\/2018\/04\/MT5_LR_02-1024x576.png\" data-rel=\"prettyPhoto[rel-211-2175834143]\"><img loading=\"lazy\" decoding=\"async\" class=\"\" src=\"https:\/\/www.horomechanika.lt\/wp-content\/uploads\/2018\/04\/MT5_LR_02.png\" width=\"1366\" height=\"768\" alt=\"MT5_LR_02\" title=\"MT5_LR_02\" \/><\/a><\/li><li><a class=\"prettyphoto\" href=\"https:\/\/www.horomechanika.lt\/wp-content\/uploads\/2020\/06\/horomechanika-banner-02.jpg\" data-rel=\"prettyPhoto[rel-211-2175834143]\"><img loading=\"lazy\" decoding=\"async\" class=\"\" src=\"https:\/\/www.horomechanika.lt\/wp-content\/uploads\/2020\/06\/horomechanika-banner-02.jpg\" width=\"685\" height=\"274\" alt=\"horomechanika-banner-02\" title=\"horomechanika-banner-02\" \/><\/a><\/li><li><a class=\"prettyphoto\" href=\"https:\/\/www.horomechanika.lt\/wp-content\/uploads\/2020\/06\/horomechanika-banner-01.jpg\" data-rel=\"prettyPhoto[rel-211-2175834143]\"><img loading=\"lazy\" decoding=\"async\" class=\"\" src=\"https:\/\/www.horomechanika.lt\/wp-content\/uploads\/2020\/06\/horomechanika-banner-01.jpg\" width=\"685\" height=\"274\" alt=\"horomechanika-banner-01\" title=\"horomechanika-banner-01\" \/><\/a><\/li><\/ul><\/div><\/div><\/div><\/div><\/div><\/div><div class=\"wpb_column vc_column_container vc_col-sm-6\"><div class=\"vc_column-inner vc_custom_1563513738124\"><div class=\"wpb_wrapper\"><div class=\"shortcode-title left\"><h1 class=\"small-title\">Apie mus<\/h1><\/div>\n\t<div class=\"wpb_text_column wpb_content_element  vc_custom_1593420946537\" >\n\t\t<div class=\"wpb_wrapper\">\n\t\t\t<p><strong>UAB \u201eHoro mechanika\u201c<\/strong>\u00a0veiklos prad\u017eia \u2013 2006 m. Prad\u0117j\u0119 prekiauti traktoriais, puspriekab\u0117mis, lauk\u0173 ir sod\u0173 purk\u0161tuvais, \u0161iuo metu si\u016blome ypa\u010d plat\u0173 technikos asortiment\u0105 skirt\u0105 \u017eem\u0117s \u016bkio, mi\u0161ko, sodo, komunaliniams, aplinkos prie\u017ei\u016bros, krovimo ir transportavimo darbams.<\/p>\n<p>Vykdoma prekyba ne tik Lietuvoje ir Latvijoje, bet \u00a0ir kitose kaimynin\u0117se \u0161alyse.<\/p>\n<p>M\u016bs\u0173 privalumai: kokybi\u0161ka technika, i\u0161skirtinis d\u0117mesys klientui, jo poreikiams ir nuolat ple\u010diamas produkt\u0173 asortimentas.<\/p>\n<p>Visai technikai suteikiame gamintojo garantij\u0105.Technika atitinka ES reikalavimus, tod\u0117l pirkdami galite pasinaudoti ES r\u0117mimo programomis.<\/p>\n\n\t\t<\/div>\n\t<\/div>\n<\/div><\/div><\/div><\/div><div class=\"vc_row wpb_row vc_row-fluid vc_custom_1593431557987 vc_row-has-fill\"><div class=\"wpb_column vc_column_container vc_col-sm-12\"><div class=\"vc_column-inner\"><div class=\"wpb_wrapper\"><div class=\"shortcode-title left\"><h1 class=\"normal-title\">Apdovanojimai<\/h1><\/div><div class=\"vc_separator wpb_content_element vc_separator_align_center vc_sep_width_100 vc_sep_pos_align_center vc_separator_no_text vc_sep_color_grey\" ><span class=\"vc_sep_holder vc_sep_holder_l\"><span  class=\"vc_sep_line\"><\/span><\/span><span class=\"vc_sep_holder vc_sep_holder_r\"><span  class=\"vc_sep_line\"><\/span><\/span>\n<\/div><\/div><\/div><\/div><\/div><div class=\"vc_row wpb_row vc_row-fluid vc_custom_1593431401951\"><div class=\"wpb_column vc_column_container vc_col-sm-1\/5\"><div class=\"vc_column-inner\"><div class=\"wpb_wrapper\">\n\t<div  class=\"wpb_single_image wpb_content_element vc_align_left\">\n\t\t\n\t\t<figure class=\"wpb_wrapper vc_figure\">\n\t\t\t<div class=\"vc_single_image-wrapper   vc_box_border_grey\"><img loading=\"lazy\" decoding=\"async\" width=\"211\" height=\"300\" src=\"https:\/\/www.horomechanika.lt\/wp-content\/uploads\/2020\/06\/stipriausi-2016-719x1024-1-211x300.jpg\" class=\"vc_single_image-img attachment-medium\" alt=\"\" srcset=\"https:\/\/www.horomechanika.lt\/wp-content\/uploads\/2020\/06\/stipriausi-2016-719x1024-1-211x300.jpg 211w, https:\/\/www.horomechanika.lt\/wp-content\/uploads\/2020\/06\/stipriausi-2016-719x1024-1-600x855.jpg 600w, https:\/\/www.horomechanika.lt\/wp-content\/uploads\/2020\/06\/stipriausi-2016-719x1024-1.jpg 719w\" sizes=\"auto, (max-width: 211px) 100vw, 211px\" \/><\/div>\n\t\t<\/figure>\n\t<\/div>\n<\/div><\/div><\/div><div class=\"wpb_column vc_column_container vc_col-sm-1\/5\"><div class=\"vc_column-inner\"><div class=\"wpb_wrapper\">\n\t<div  class=\"wpb_single_image wpb_content_element vc_align_left\">\n\t\t\n\t\t<figure class=\"wpb_wrapper vc_figure\">\n\t\t\t<div class=\"vc_single_image-wrapper   vc_box_border_grey\"><img loading=\"lazy\" decoding=\"async\" width=\"210\" height=\"300\" src=\"https:\/\/www.horomechanika.lt\/wp-content\/uploads\/2020\/06\/stipriausi_2014_didelis1-717x1024-1-210x300.jpg\" class=\"vc_single_image-img attachment-medium\" alt=\"\" srcset=\"https:\/\/www.horomechanika.lt\/wp-content\/uploads\/2020\/06\/stipriausi_2014_didelis1-717x1024-1-210x300.jpg 210w, https:\/\/www.horomechanika.lt\/wp-content\/uploads\/2020\/06\/stipriausi_2014_didelis1-717x1024-1-600x857.jpg 600w, https:\/\/www.horomechanika.lt\/wp-content\/uploads\/2020\/06\/stipriausi_2014_didelis1-717x1024-1.jpg 717w\" sizes=\"auto, (max-width: 210px) 100vw, 210px\" \/><\/div>\n\t\t<\/figure>\n\t<\/div>\n<\/div><\/div><\/div><div class=\"wpb_column vc_column_container vc_col-sm-1\/5\"><div class=\"vc_column-inner\"><div class=\"wpb_wrapper\">\n\t<div  class=\"wpb_single_image wpb_content_element vc_align_left\">\n\t\t\n\t\t<figure class=\"wpb_wrapper vc_figure\">\n\t\t\t<div class=\"vc_single_image-wrapper   vc_box_border_grey\"><img loading=\"lazy\" decoding=\"async\" width=\"211\" height=\"300\" src=\"https:\/\/www.horomechanika.lt\/wp-content\/uploads\/2020\/06\/sertifikatas-horo1-719x1024-1-211x300.jpg\" class=\"vc_single_image-img attachment-medium\" alt=\"\" srcset=\"https:\/\/www.horomechanika.lt\/wp-content\/uploads\/2020\/06\/sertifikatas-horo1-719x1024-1-211x300.jpg 211w, https:\/\/www.horomechanika.lt\/wp-content\/uploads\/2020\/06\/sertifikatas-horo1-719x1024-1-600x855.jpg 600w, https:\/\/www.horomechanika.lt\/wp-content\/uploads\/2020\/06\/sertifikatas-horo1-719x1024-1.jpg 719w\" sizes=\"auto, (max-width: 211px) 100vw, 211px\" \/><\/div>\n\t\t<\/figure>\n\t<\/div>\n<\/div><\/div><\/div><div class=\"wpb_column vc_column_container vc_col-sm-1\/5\"><div class=\"vc_column-inner\"><div class=\"wpb_wrapper\">\n\t<div  class=\"wpb_single_image wpb_content_element vc_align_left\">\n\t\t\n\t\t<figure class=\"wpb_wrapper vc_figure\">\n\t\t\t<div class=\"vc_single_image-wrapper   vc_box_border_grey\"><img loading=\"lazy\" decoding=\"async\" width=\"210\" height=\"300\" src=\"https:\/\/www.horomechanika.lt\/wp-content\/uploads\/2020\/06\/2-0011-718x1024-1-210x300.jpg\" class=\"vc_single_image-img attachment-medium\" alt=\"\" srcset=\"https:\/\/www.horomechanika.lt\/wp-content\/uploads\/2020\/06\/2-0011-718x1024-1-210x300.jpg 210w, https:\/\/www.horomechanika.lt\/wp-content\/uploads\/2020\/06\/2-0011-718x1024-1-600x856.jpg 600w, https:\/\/www.horomechanika.lt\/wp-content\/uploads\/2020\/06\/2-0011-718x1024-1.jpg 718w\" sizes=\"auto, (max-width: 210px) 100vw, 210px\" \/><\/div>\n\t\t<\/figure>\n\t<\/div>\n<\/div><\/div><\/div><div class=\"wpb_column vc_column_container vc_col-sm-1\/5\"><div class=\"vc_column-inner\"><div class=\"wpb_wrapper\">\n\t<div  class=\"wpb_single_image wpb_content_element vc_align_left\">\n\t\t\n\t\t<figure class=\"wpb_wrapper vc_figure\">\n\t\t\t<div class=\"vc_single_image-wrapper   vc_box_border_grey\"><img loading=\"lazy\" decoding=\"async\" width=\"300\" height=\"228\" src=\"https:\/\/www.horomechanika.lt\/wp-content\/uploads\/2020\/06\/Gazele2013-2.2-1024x778-1-300x228.png\" class=\"vc_single_image-img attachment-medium\" alt=\"\" srcset=\"https:\/\/www.horomechanika.lt\/wp-content\/uploads\/2020\/06\/Gazele2013-2.2-1024x778-1-300x228.png 300w, https:\/\/www.horomechanika.lt\/wp-content\/uploads\/2020\/06\/Gazele2013-2.2-1024x778-1-600x456.png 600w, https:\/\/www.horomechanika.lt\/wp-content\/uploads\/2020\/06\/Gazele2013-2.2-1024x778-1-768x584.png 768w, https:\/\/www.horomechanika.lt\/wp-content\/uploads\/2020\/06\/Gazele2013-2.2-1024x778-1.png 1024w\" sizes=\"auto, (max-width: 300px) 100vw, 300px\" \/><\/div>\n\t\t<\/figure>\n\t<\/div>\n<\/div><\/div><\/div><\/div>","protected":false},"excerpt":{"rendered":"Apie mus UAB \u201eHoro mechanika\u201c\u00a0veiklos prad\u017eia \u2013 2006 m. Prad\u0117j\u0119 prekiauti traktoriais, puspriekab\u0117mis, lauk\u0173 ir sod\u0173 purk\u0161tuvais, \u0161iuo metu si\u016blome ypa\u010d plat\u0173 technikos asortiment\u0105 skirt\u0105 \u017eem\u0117s \u016bkio, mi\u0161ko, sodo, komunaliniams, aplinkos prie\u017ei\u016bros, krovimo ir transportavimo darbams. Vykdoma prekyba ne tik Lietuvoje ir Latvijoje, bet \u00a0ir kitose kaimynin\u0117se \u0161alyse. M\u016bs\u0173 privalumai: kokybi\u0161ka technika, i\u0161skirtinis d\u0117mesys klientui, [...]","protected":false},"author":2,"featured_media":0,"parent":0,"menu_order":0,"comment_status":"closed","ping_status":"open","template":"","meta":{"footnotes":""},"class_list":["post-211","page","type-page","status-publish","hentry"],"yoast_head":"<!-- This site is optimized with the Yoast SEO plugin v20.1 - https:\/\/yoast.com\/wordpress\/plugins\/seo\/ -->\n<title>Apie mus | Horomechanika<\/title>\n<meta name=\"robots\" content=\"index, follow, max-snippet:-1, max-image-preview:large, max-video-preview:-1\" \/>\n<link rel=\"canonical\" href=\"https:\/\/www.horomechanika.lt\/ru\/apie-mus\/\" \/>\n<meta property=\"og:locale\" content=\"ru_RU\" \/>\n<meta property=\"og:type\" content=\"article\" \/>\n<meta property=\"og:title\" content=\"Apie mus | Horomechanika\" \/>\n<meta property=\"og:url\" content=\"https:\/\/www.horomechanika.lt\/ru\/apie-mus\/\" \/>\n<meta property=\"og:site_name\" content=\"Horomechanika\" \/>\n<meta property=\"article:publisher\" content=\"https:\/\/www.facebook.com\/UAB-Horo-mechanika-177091812471952\" \/>\n<meta property=\"article:modified_time\" content=\"2023-10-18T12:59:16+00:00\" \/>\n<meta name=\"twitter:card\" content=\"summary_large_image\" \/>\n<meta name=\"twitter:label1\" content=\"\u041f\u0440\u0438\u043c\u0435\u0440\u043d\u043e\u0435 \u0432\u0440\u0435\u043c\u044f \u0434\u043b\u044f \u0447\u0442\u0435\u043d\u0438\u044f\" \/>\n\t<meta name=\"twitter:data1\" content=\"1 \u043c\u0438\u043d\u0443\u0442\u0430\" \/>\n<script type=\"application\/ld+json\" class=\"yoast-schema-graph\">{\"@context\":\"https:\/\/schema.org\",\"@graph\":[{\"@type\":\"WebPage\",\"@id\":\"https:\/\/www.horomechanika.lt\/apie-mus\/\",\"url\":\"https:\/\/www.horomechanika.lt\/apie-mus\/\",\"name\":\"Apie mus | Horomechanika\",\"isPartOf\":{\"@id\":\"https:\/\/www.horomechanika.lt\/#website\"},\"datePublished\":\"2012-10-19T12:37:15+00:00\",\"dateModified\":\"2023-10-18T12:59:16+00:00\",\"breadcrumb\":{\"@id\":\"https:\/\/www.horomechanika.lt\/apie-mus\/#breadcrumb\"},\"inLanguage\":\"ru-RU\",\"potentialAction\":[{\"@type\":\"ReadAction\",\"target\":[\"https:\/\/www.horomechanika.lt\/apie-mus\/\"]}]},{\"@type\":\"BreadcrumbList\",\"@id\":\"https:\/\/www.horomechanika.lt\/apie-mus\/#breadcrumb\",\"itemListElement\":[{\"@type\":\"ListItem\",\"position\":1,\"name\":\"Home\",\"item\":\"https:\/\/www.horomechanika.lt\/\"},{\"@type\":\"ListItem\",\"position\":2,\"name\":\"Apie mus\"}]},{\"@type\":\"WebSite\",\"@id\":\"https:\/\/www.horomechanika.lt\/#website\",\"url\":\"https:\/\/www.horomechanika.lt\/\",\"name\":\"Horomechanika\",\"description\":\"\u017dem\u0117s \u016akio Technika\",\"publisher\":{\"@id\":\"https:\/\/www.horomechanika.lt\/#organization\"},\"potentialAction\":[{\"@type\":\"SearchAction\",\"target\":{\"@type\":\"EntryPoint\",\"urlTemplate\":\"https:\/\/www.horomechanika.lt\/?s={search_term_string}\"},\"query-input\":\"required name=search_term_string\"}],\"inLanguage\":\"ru-RU\"},{\"@type\":\"Organization\",\"@id\":\"https:\/\/www.horomechanika.lt\/#organization\",\"name\":\"UAB \\\"Horo mechanika\\\"\",\"url\":\"https:\/\/www.horomechanika.lt\/\",\"logo\":{\"@type\":\"ImageObject\",\"inLanguage\":\"ru-RU\",\"@id\":\"https:\/\/www.horomechanika.lt\/#\/schema\/logo\/image\/\",\"url\":\"https:\/\/www.horomechanika.lt\/wp-content\/uploads\/2020\/05\/horomechanika-logo.png\",\"contentUrl\":\"https:\/\/www.horomechanika.lt\/wp-content\/uploads\/2020\/05\/horomechanika-logo.png\",\"width\":137,\"height\":56,\"caption\":\"UAB \\\"Horo mechanika\\\"\"},\"image\":{\"@id\":\"https:\/\/www.horomechanika.lt\/#\/schema\/logo\/image\/\"},\"sameAs\":[\"https:\/\/www.facebook.com\/UAB-Horo-mechanika-177091812471952\"]}]}<\/script>\n<!-- \/ Yoast SEO plugin. -->","yoast_head_json":{"title":"Apie mus | Horomechanika","robots":{"index":"index","follow":"follow","max-snippet":"max-snippet:-1","max-image-preview":"max-image-preview:large","max-video-preview":"max-video-preview:-1"},"canonical":"https:\/\/www.horomechanika.lt\/ru\/apie-mus\/","og_locale":"ru_RU","og_type":"article","og_title":"Apie mus | Horomechanika","og_url":"https:\/\/www.horomechanika.lt\/ru\/apie-mus\/","og_site_name":"Horomechanika","article_publisher":"https:\/\/www.facebook.com\/UAB-Horo-mechanika-177091812471952","article_modified_time":"2023-10-18T12:59:16+00:00","twitter_card":"summary_large_image","twitter_misc":{"\u041f\u0440\u0438\u043c\u0435\u0440\u043d\u043e\u0435 \u0432\u0440\u0435\u043c\u044f \u0434\u043b\u044f \u0447\u0442\u0435\u043d\u0438\u044f":"1 \u043c\u0438\u043d\u0443\u0442\u0430"},"schema":{"@context":"https:\/\/schema.org","@graph":[{"@type":"WebPage","@id":"https:\/\/www.horomechanika.lt\/apie-mus\/","url":"https:\/\/www.horomechanika.lt\/apie-mus\/","name":"Apie mus | Horomechanika","isPartOf":{"@id":"https:\/\/www.horomechanika.lt\/#website"},"datePublished":"2012-10-19T12:37:15+00:00","dateModified":"2023-10-18T12:59:16+00:00","breadcrumb":{"@id":"https:\/\/www.horomechanika.lt\/apie-mus\/#breadcrumb"},"inLanguage":"ru-RU","potentialAction":[{"@type":"ReadAction","target":["https:\/\/www.horomechanika.lt\/apie-mus\/"]}]},{"@type":"BreadcrumbList","@id":"https:\/\/www.horomechanika.lt\/apie-mus\/#breadcrumb","itemListElement":[{"@type":"ListItem","position":1,"name":"Home","item":"https:\/\/www.horomechanika.lt\/"},{"@type":"ListItem","position":2,"name":"Apie mus"}]},{"@type":"WebSite","@id":"https:\/\/www.horomechanika.lt\/#website","url":"https:\/\/www.horomechanika.lt\/","name":"Horomechanika","description":"\u017dem\u0117s \u016akio Technika","publisher":{"@id":"https:\/\/www.horomechanika.lt\/#organization"},"potentialAction":[{"@type":"SearchAction","target":{"@type":"EntryPoint","urlTemplate":"https:\/\/www.horomechanika.lt\/?s={search_term_string}"},"query-input":"required name=search_term_string"}],"inLanguage":"ru-RU"},{"@type":"Organization","@id":"https:\/\/www.horomechanika.lt\/#organization","name":"UAB \"Horo mechanika\"","url":"https:\/\/www.horomechanika.lt\/","logo":{"@type":"ImageObject","inLanguage":"ru-RU","@id":"https:\/\/www.horomechanika.lt\/#\/schema\/logo\/image\/","url":"https:\/\/www.horomechanika.lt\/wp-content\/uploads\/2020\/05\/horomechanika-logo.png","contentUrl":"https:\/\/www.horomechanika.lt\/wp-content\/uploads\/2020\/05\/horomechanika-logo.png","width":137,"height":56,"caption":"UAB \"Horo mechanika\""},"image":{"@id":"https:\/\/www.horomechanika.lt\/#\/schema\/logo\/image\/"},"sameAs":["https:\/\/www.facebook.com\/UAB-Horo-mechanika-177091812471952"]}]}},"_links":{"self":[{"href":"https:\/\/www.horomechanika.lt\/ru\/wp-json\/wp\/v2\/pages\/211","targetHints":{"allow":["GET"]}}],"collection":[{"href":"https:\/\/www.horomechanika.lt\/ru\/wp-json\/wp\/v2\/pages"}],"about":[{"href":"https:\/\/www.horomechanika.lt\/ru\/wp-json\/wp\/v2\/types\/page"}],"author":[{"embeddable":true,"href":"https:\/\/www.horomechanika.lt\/ru\/wp-json\/wp\/v2\/users\/2"}],"replies":[{"embeddable":true,"href":"https:\/\/www.horomechanika.lt\/ru\/wp-json\/wp\/v2\/comments?post=211"}],"version-history":[{"count":15,"href":"https:\/\/www.horomechanika.lt\/ru\/wp-json\/wp\/v2\/pages\/211\/revisions"}],"predecessor-version":[{"id":13802,"href":"https:\/\/www.horomechanika.lt\/ru\/wp-json\/wp\/v2\/pages\/211\/revisions\/13802"}],"wp:attachment":[{"href":"https:\/\/www.horomechanika.lt\/ru\/wp-json\/wp\/v2\/media?parent=211"}],"curies":[{"name":"wp","href":"https:\/\/api.w.org\/{rel}","templated":true}]}}