{"id":2392,"date":"2014-03-04T06:51:09","date_gmt":"2014-03-04T06:51:09","guid":{"rendered":"http:\/\/template-demo.org\/woo\/WCM01\/WCM010007\/?page_id=2392"},"modified":"2014-03-04T06:51:09","modified_gmt":"2014-03-04T06:51:09","slug":"my-account-2","status":"publish","type":"page","link":"https:\/\/www.horomechanika.lt\/ru\/my-account-2\/","title":{"rendered":"My Account"},"content":{"rendered":"<div class=\"woocommerce\"><\/div>","protected":false},"excerpt":{"rendered":"","protected":false},"author":2,"featured_media":0,"parent":0,"menu_order":0,"comment_status":"closed","ping_status":"closed","template":"","meta":{"footnotes":""},"class_list":["post-2392","page","type-page","status-publish","hentry"],"yoast_head":"<!-- This site is optimized with the Yoast SEO plugin v20.1 - https:\/\/yoast.com\/wordpress\/plugins\/seo\/ -->\n<title>My Account | Horomechanika<\/title>\n<meta name=\"robots\" content=\"index, follow, max-snippet:-1, max-image-preview:large, max-video-preview:-1\" \/>\n<link rel=\"canonical\" href=\"https:\/\/www.horomechanika.lt\/ru\/my-account-2\/\" \/>\n<meta property=\"og:locale\" content=\"ru_RU\" \/>\n<meta property=\"og:type\" content=\"article\" \/>\n<meta property=\"og:title\" content=\"My Account | Horomechanika\" \/>\n<meta property=\"og:url\" content=\"https:\/\/www.horomechanika.lt\/ru\/my-account-2\/\" \/>\n<meta property=\"og:site_name\" content=\"Horomechanika\" \/>\n<meta property=\"article:publisher\" content=\"https:\/\/www.facebook.com\/UAB-Horo-mechanika-177091812471952\" \/>\n<meta name=\"twitter:card\" content=\"summary_large_image\" \/>\n<script type=\"application\/ld+json\" class=\"yoast-schema-graph\">{\"@context\":\"https:\/\/schema.org\",\"@graph\":[{\"@type\":\"WebPage\",\"@id\":\"https:\/\/www.horomechanika.lt\/ru\/my-account-2\/\",\"url\":\"https:\/\/www.horomechanika.lt\/ru\/my-account-2\/\",\"name\":\"My Account | Horomechanika\",\"isPartOf\":{\"@id\":\"https:\/\/www.horomechanika.lt\/#website\"},\"datePublished\":\"2014-03-04T06:51:09+00:00\",\"dateModified\":\"2014-03-04T06:51:09+00:00\",\"breadcrumb\":{\"@id\":\"https:\/\/www.horomechanika.lt\/ru\/my-account-2\/#breadcrumb\"},\"inLanguage\":\"ru-RU\",\"potentialAction\":[{\"@type\":\"ReadAction\",\"target\":[\"https:\/\/www.horomechanika.lt\/ru\/my-account-2\/\"]}]},{\"@type\":\"BreadcrumbList\",\"@id\":\"https:\/\/www.horomechanika.lt\/ru\/my-account-2\/#breadcrumb\",\"itemListElement\":[{\"@type\":\"ListItem\",\"position\":1,\"name\":\"Home\",\"item\":\"https:\/\/www.horomechanika.lt\/\"},{\"@type\":\"ListItem\",\"position\":2,\"name\":\"My Account\"}]},{\"@type\":\"WebSite\",\"@id\":\"https:\/\/www.horomechanika.lt\/#website\",\"url\":\"https:\/\/www.horomechanika.lt\/\",\"name\":\"Horomechanika\",\"description\":\"\u017dem\u0117s \u016akio Technika\",\"publisher\":{\"@id\":\"https:\/\/www.horomechanika.lt\/#organization\"},\"potentialAction\":[{\"@type\":\"SearchAction\",\"target\":{\"@type\":\"EntryPoint\",\"urlTemplate\":\"https:\/\/www.horomechanika.lt\/?s={search_term_string}\"},\"query-input\":\"required name=search_term_string\"}],\"inLanguage\":\"ru-RU\"},{\"@type\":\"Organization\",\"@id\":\"https:\/\/www.horomechanika.lt\/#organization\",\"name\":\"UAB \\\"Horo mechanika\\\"\",\"url\":\"https:\/\/www.horomechanika.lt\/\",\"logo\":{\"@type\":\"ImageObject\",\"inLanguage\":\"ru-RU\",\"@id\":\"https:\/\/www.horomechanika.lt\/#\/schema\/logo\/image\/\",\"url\":\"https:\/\/www.horomechanika.lt\/wp-content\/uploads\/2020\/05\/horomechanika-logo.png\",\"contentUrl\":\"https:\/\/www.horomechanika.lt\/wp-content\/uploads\/2020\/05\/horomechanika-logo.png\",\"width\":137,\"height\":56,\"caption\":\"UAB \\\"Horo mechanika\\\"\"},\"image\":{\"@id\":\"https:\/\/www.horomechanika.lt\/#\/schema\/logo\/image\/\"},\"sameAs\":[\"https:\/\/www.facebook.com\/UAB-Horo-mechanika-177091812471952\"]}]}<\/script>\n<!-- \/ Yoast SEO plugin. -->","yoast_head_json":{"title":"My Account | Horomechanika","robots":{"index":"index","follow":"follow","max-snippet":"max-snippet:-1","max-image-preview":"max-image-preview:large","max-video-preview":"max-video-preview:-1"},"canonical":"https:\/\/www.horomechanika.lt\/ru\/my-account-2\/","og_locale":"ru_RU","og_type":"article","og_title":"My Account | Horomechanika","og_url":"https:\/\/www.horomechanika.lt\/ru\/my-account-2\/","og_site_name":"Horomechanika","article_publisher":"https:\/\/www.facebook.com\/UAB-Horo-mechanika-177091812471952","twitter_card":"summary_large_image","schema":{"@context":"https:\/\/schema.org","@graph":[{"@type":"WebPage","@id":"https:\/\/www.horomechanika.lt\/ru\/my-account-2\/","url":"https:\/\/www.horomechanika.lt\/ru\/my-account-2\/","name":"My Account | Horomechanika","isPartOf":{"@id":"https:\/\/www.horomechanika.lt\/#website"},"datePublished":"2014-03-04T06:51:09+00:00","dateModified":"2014-03-04T06:51:09+00:00","breadcrumb":{"@id":"https:\/\/www.horomechanika.lt\/ru\/my-account-2\/#breadcrumb"},"inLanguage":"ru-RU","potentialAction":[{"@type":"ReadAction","target":["https:\/\/www.horomechanika.lt\/ru\/my-account-2\/"]}]},{"@type":"BreadcrumbList","@id":"https:\/\/www.horomechanika.lt\/ru\/my-account-2\/#breadcrumb","itemListElement":[{"@type":"ListItem","position":1,"name":"Home","item":"https:\/\/www.horomechanika.lt\/"},{"@type":"ListItem","position":2,"name":"My Account"}]},{"@type":"WebSite","@id":"https:\/\/www.horomechanika.lt\/#website","url":"https:\/\/www.horomechanika.lt\/","name":"Horomechanika","description":"\u017dem\u0117s \u016akio Technika","publisher":{"@id":"https:\/\/www.horomechanika.lt\/#organization"},"potentialAction":[{"@type":"SearchAction","target":{"@type":"EntryPoint","urlTemplate":"https:\/\/www.horomechanika.lt\/?s={search_term_string}"},"query-input":"required name=search_term_string"}],"inLanguage":"ru-RU"},{"@type":"Organization","@id":"https:\/\/www.horomechanika.lt\/#organization","name":"UAB \"Horo mechanika\"","url":"https:\/\/www.horomechanika.lt\/","logo":{"@type":"ImageObject","inLanguage":"ru-RU","@id":"https:\/\/www.horomechanika.lt\/#\/schema\/logo\/image\/","url":"https:\/\/www.horomechanika.lt\/wp-content\/uploads\/2020\/05\/horomechanika-logo.png","contentUrl":"https:\/\/www.horomechanika.lt\/wp-content\/uploads\/2020\/05\/horomechanika-logo.png","width":137,"height":56,"caption":"UAB \"Horo mechanika\""},"image":{"@id":"https:\/\/www.horomechanika.lt\/#\/schema\/logo\/image\/"},"sameAs":["https:\/\/www.facebook.com\/UAB-Horo-mechanika-177091812471952"]}]}},"_links":{"self":[{"href":"https:\/\/www.horomechanika.lt\/ru\/wp-json\/wp\/v2\/pages\/2392","targetHints":{"allow":["GET"]}}],"collection":[{"href":"https:\/\/www.horomechanika.lt\/ru\/wp-json\/wp\/v2\/pages"}],"about":[{"href":"https:\/\/www.horomechanika.lt\/ru\/wp-json\/wp\/v2\/types\/page"}],"author":[{"embeddable":true,"href":"https:\/\/www.horomechanika.lt\/ru\/wp-json\/wp\/v2\/users\/2"}],"replies":[{"embeddable":true,"href":"https:\/\/www.horomechanika.lt\/ru\/wp-json\/wp\/v2\/comments?post=2392"}],"version-history":[{"count":0,"href":"https:\/\/www.horomechanika.lt\/ru\/wp-json\/wp\/v2\/pages\/2392\/revisions"}],"wp:attachment":[{"href":"https:\/\/www.horomechanika.lt\/ru\/wp-json\/wp\/v2\/media?parent=2392"}],"curies":[{"name":"wp","href":"https:\/\/api.w.org\/{rel}","templated":true}]}}