{"id":435,"date":"2013-05-13T12:30:49","date_gmt":"2013-05-13T12:30:49","guid":{"rendered":"http:\/\/template-demos.com\/wp\/forest\/wp1\/?page_id=435"},"modified":"2013-05-13T12:30:49","modified_gmt":"2013-05-13T12:30:49","slug":"portfolio3_column","status":"publish","type":"page","link":"https:\/\/www.horomechanika.lt\/ru\/portfolio3_column\/","title":{"rendered":"3 Columns"},"content":{"rendered":"<div class=\"vc_row wpb_row vc_row-fluid\">\t\t\t\t\t\t\t\t\t\t\t\t\t\t\t\t\t\t<div class=\"wpb_column vc_column_container vc_col-sm-12\"><div class=\"vc_column-inner\"><div class=\"wpb_wrapper\"><div class=\"portfolios\"><ul class=\"portfolio_3column da-thumbs\"><li class=\"first\"><div class=\"main\"><div class=\"image-block\"><a href= \"http:\/\/horomechanika.lt\/wp-content\/uploads\/2018\/04\/utlabore_etdolore_magnam.jpg\" class=\"mustang-gallery\"><img decoding=\"async\" class=\"image1\" src=\"http:\/\/horomechanika.lt\/wp-content\/uploads\/2018\/04\/utlabore_etdolore_magnam.jpg\"><\/a><div class=\"block_hover\"><div class=\"links\"><a href=\"http:\/\/horomechanika.lt\/wp-content\/uploads\/2018\/04\/utlabore_etdolore_magnam.jpg\" title=\"Click to view Full Image\" class=\"icon mustang-gallery\"><i class=\"fa fa-plus\"><\/i><\/a><a href=\"https:\/\/www.horomechanika.lt\/ru\/portfolio\/dictum-felis-sapien-eget-2\/\"  title=\"Click to view read more\" class=\"icon\" data-no-translation-title=\"\"><i class=\"fa fa-link\"><\/i><\/a><\/div><\/div><\/div><a class=\"portfolio-title\" href=\"https:\/\/www.horomechanika.lt\/ru\/portfolio\/dictum-felis-sapien-eget-2\/\">Dictum Felis sapien eget<\/a>\r\n\r\nMaecenas nec fringilla felis. Nulla ultrices pulvinar magna in iaculis. Ut tellus eros, sagittis&hellip;<\/li><li class=\"inner\"><div class=\"main\"><div class=\"image-block\"><a href= \"http:\/\/horomechanika.lt\/wp-content\/uploads\/2018\/04\/Sedut_perspiciatis_unde.jpg\" class=\"mustang-gallery\"><img decoding=\"async\" class=\"image1\" src=\"http:\/\/horomechanika.lt\/wp-content\/uploads\/2018\/04\/Sedut_perspiciatis_unde.jpg\"><\/a><div class=\"block_hover\"><div class=\"links\"><a href=\"http:\/\/horomechanika.lt\/wp-content\/uploads\/2018\/04\/Sedut_perspiciatis_unde.jpg\" title=\"Click to view Full Image\" class=\"icon mustang-gallery\"><i class=\"fa fa-plus\"><\/i><\/a><a href=\"https:\/\/www.horomechanika.lt\/ru\/portfolio\/nam-eget-sapien-eget-2\/\"  title=\"Click to view read more\" class=\"icon\" data-no-translation-title=\"\"><i class=\"fa fa-link\"><\/i><\/a><\/div><\/div><\/div><a class=\"portfolio-title\" href=\"https:\/\/www.horomechanika.lt\/ru\/portfolio\/nam-eget-sapien-eget-2\/\">Nam Eget sapien eget<\/a>\r\n\r\nLorem ipsum dolor sit amet, consectetur adipiscing elit, sed do eiusmod tempor incididunt ut lab&hellip;<\/li><li class=\"last\"><div class=\"main\"><div class=\"image-block\"><a href= \"http:\/\/horomechanika.lt\/wp-content\/uploads\/2018\/04\/placeat_facere_possimuom.jpg\" class=\"mustang-gallery\"><img decoding=\"async\" class=\"image1\" src=\"http:\/\/horomechanika.lt\/wp-content\/uploads\/2018\/04\/placeat_facere_possimuom.jpg\"><\/a><div class=\"block_hover\"><div class=\"links\"><a href=\"http:\/\/horomechanika.lt\/wp-content\/uploads\/2018\/04\/placeat_facere_possimuom.jpg\" title=\"Click to view Full Image\" class=\"icon mustang-gallery\"><i class=\"fa fa-plus\"><\/i><\/a><a href=\"https:\/\/www.horomechanika.lt\/ru\/portfolio\/delicate-specimen-book-2\/\"  title=\"Click to view read more\" class=\"icon\" data-no-translation-title=\"\"><i class=\"fa fa-link\"><\/i><\/a><\/div><\/div><\/div><a class=\"portfolio-title\" href=\"https:\/\/www.horomechanika.lt\/ru\/portfolio\/delicate-specimen-book-2\/\">Delicate Specimen Book<\/a>\r\n\r\nAs designers we all experience the combative relationship between technical requirements and vis&hellip;<\/li><li class=\"first\"><div class=\"main\"><div class=\"image-block\"><a href= \"http:\/\/horomechanika.lt\/wp-content\/uploads\/2018\/04\/omnisiste_natus_errorsit.jpg\" class=\"mustang-gallery\"><img decoding=\"async\" class=\"image1\" src=\"http:\/\/horomechanika.lt\/wp-content\/uploads\/2018\/04\/omnisiste_natus_errorsit.jpg\"><\/a><div class=\"block_hover\"><div class=\"links\"><a href=\"http:\/\/horomechanika.lt\/wp-content\/uploads\/2018\/04\/omnisiste_natus_errorsit.jpg\" title=\"Click to view Full Image\" class=\"icon mustang-gallery\"><i class=\"fa fa-plus\"><\/i><\/a><a href=\"https:\/\/www.horomechanika.lt\/ru\/portfolio\/photographer-girl-2\/\"  title=\"Click to view read more\" class=\"icon\" data-no-translation-title=\"\"><i class=\"fa fa-link\"><\/i><\/a><\/div><\/div><\/div><a class=\"portfolio-title\" href=\"https:\/\/www.horomechanika.lt\/ru\/portfolio\/photographer-girl-2\/\">Photographer Girl<\/a>\r\n\r\nLorem ipsum dolor sit amet, consectetuer adipiscing elit, sed diam nonummy nibh euismod tincidun&hellip;<\/li><li class=\"inner\"><div class=\"main\"><div class=\"image-block\"><a href= \"http:\/\/horomechanika.lt\/wp-content\/uploads\/2018\/04\/nonnumquam_eius_modi.jpg\" class=\"mustang-gallery\"><img decoding=\"async\" class=\"image1\" src=\"http:\/\/horomechanika.lt\/wp-content\/uploads\/2018\/04\/nonnumquam_eius_modi.jpg\"><\/a><div class=\"block_hover\"><div class=\"links\"><a href=\"http:\/\/horomechanika.lt\/wp-content\/uploads\/2018\/04\/nonnumquam_eius_modi.jpg\" title=\"Click to view Full Image\" class=\"icon mustang-gallery\"><i class=\"fa fa-plus\"><\/i><\/a><a href=\"https:\/\/www.horomechanika.lt\/ru\/portfolio\/aliquet-nec-magna-2\/\"  title=\"Click to view read more\" class=\"icon\" data-no-translation-title=\"\"><i class=\"fa fa-link\"><\/i><\/a><\/div><\/div><\/div><a class=\"portfolio-title\" href=\"https:\/\/www.horomechanika.lt\/ru\/portfolio\/aliquet-nec-magna-2\/\">Aliquet Nec magna<\/a>\r\n\r\nMaecenas nec fringilla felis. Nulla ultrices pulvinar magna in iaculis. Ut tellus eros, sagittis&hellip;<\/li><li class=\"last\"><div class=\"main\"><div class=\"image-block\"><a href= \"http:\/\/horomechanika.lt\/wp-content\/uploads\/2018\/04\/nisiut_aliquid_exeacom.jpg\" class=\"mustang-gallery\"><img decoding=\"async\" class=\"image1\" src=\"http:\/\/horomechanika.lt\/wp-content\/uploads\/2018\/04\/nisiut_aliquid_exeacom.jpg\"><\/a><div class=\"block_hover\"><div class=\"links\"><a href=\"http:\/\/horomechanika.lt\/wp-content\/uploads\/2018\/04\/nisiut_aliquid_exeacom.jpg\" title=\"Click to view Full Image\" class=\"icon mustang-gallery\"><i class=\"fa fa-plus\"><\/i><\/a><a href=\"https:\/\/www.horomechanika.lt\/ru\/portfolio\/eleifend-tellus-elit-2\/\"  title=\"Click to view read more\" class=\"icon\" data-no-translation-title=\"\"><i class=\"fa fa-link\"><\/i><\/a><\/div><\/div><\/div><a class=\"portfolio-title\" href=\"https:\/\/www.horomechanika.lt\/ru\/portfolio\/eleifend-tellus-elit-2\/\">Eleifend Tellus elit<\/a>\r\n\r\nMaecenas nec fringilla felis. Nulla ultrices pulvinar magna in iaculis. Ut tellus eros, sagittis&hellip;<\/li><\/ul><nav class=\"navigation paging-navigation\" role=\"navigation\"><div class=\"pagination loop-pagination\"><span aria-current=\"page\" class=\"page-numbers current\">1<\/span>\n<a class=\"page-numbers\" href=\"https:\/\/www.horomechanika.lt\/ru\/wp-json\/wp\/v2\/pages\/435\/page\/2\/\">2<\/a>\n<a class=\"next page-numbers\" href=\"https:\/\/www.horomechanika.lt\/ru\/wp-json\/wp\/v2\/pages\/435\/page\/2\/\"><i class=\"fa fa-angle-right\"><\/i><\/a><\/div><\/nav><\/div><\/div><\/div><\/div><\/div>","protected":false},"excerpt":{"rendered":"Maecenas nec fringilla felis. Nulla ultrices pulvinar magna in iaculis. Ut tellus eros, sagittis sed sapien eget, sodales faucibus sapien. Aliquam hendrerit euismod eros, eget cursus ipsum. Cras porta mi nulla, sed facilisis tellus luctus ut. Nam vitae pellentesque dolor. Project: Consectetuer Adipiscing Task: Sagittis sed sapien eget Team: Tget Cursus, Sed Facilisis Lorem ipsum [...]","protected":false},"author":2,"featured_media":0,"parent":0,"menu_order":0,"comment_status":"closed","ping_status":"closed","template":"","meta":{"footnotes":""},"class_list":["post-435","page","type-page","status-publish","hentry"],"yoast_head":"<!-- This site is optimized with the Yoast SEO plugin v20.1 - https:\/\/yoast.com\/wordpress\/plugins\/seo\/ -->\n<title>3 Columns | Horomechanika<\/title>\n<meta name=\"robots\" content=\"index, follow, max-snippet:-1, max-image-preview:large, max-video-preview:-1\" \/>\n<link rel=\"canonical\" href=\"https:\/\/www.horomechanika.lt\/ru\/portfolio3_column\/\" \/>\n<meta property=\"og:locale\" content=\"ru_RU\" \/>\n<meta property=\"og:type\" content=\"article\" \/>\n<meta property=\"og:title\" content=\"3 Columns | Horomechanika\" \/>\n<meta property=\"og:url\" content=\"https:\/\/www.horomechanika.lt\/ru\/portfolio3_column\/\" \/>\n<meta property=\"og:site_name\" content=\"Horomechanika\" \/>\n<meta property=\"article:publisher\" content=\"https:\/\/www.facebook.com\/UAB-Horo-mechanika-177091812471952\" \/>\n<meta name=\"twitter:card\" content=\"summary_large_image\" \/>\n<script type=\"application\/ld+json\" class=\"yoast-schema-graph\">{\"@context\":\"https:\/\/schema.org\",\"@graph\":[{\"@type\":\"WebPage\",\"@id\":\"https:\/\/www.horomechanika.lt\/ru\/portfolio3_column\/\",\"url\":\"https:\/\/www.horomechanika.lt\/ru\/portfolio3_column\/\",\"name\":\"3 Columns | Horomechanika\",\"isPartOf\":{\"@id\":\"https:\/\/www.horomechanika.lt\/#website\"},\"datePublished\":\"2013-05-13T12:30:49+00:00\",\"dateModified\":\"2013-05-13T12:30:49+00:00\",\"breadcrumb\":{\"@id\":\"https:\/\/www.horomechanika.lt\/ru\/portfolio3_column\/#breadcrumb\"},\"inLanguage\":\"ru-RU\",\"potentialAction\":[{\"@type\":\"ReadAction\",\"target\":[\"https:\/\/www.horomechanika.lt\/ru\/portfolio3_column\/\"]}]},{\"@type\":\"BreadcrumbList\",\"@id\":\"https:\/\/www.horomechanika.lt\/ru\/portfolio3_column\/#breadcrumb\",\"itemListElement\":[{\"@type\":\"ListItem\",\"position\":1,\"name\":\"Home\",\"item\":\"https:\/\/www.horomechanika.lt\/\"},{\"@type\":\"ListItem\",\"position\":2,\"name\":\"3 Columns\"}]},{\"@type\":\"WebSite\",\"@id\":\"https:\/\/www.horomechanika.lt\/#website\",\"url\":\"https:\/\/www.horomechanika.lt\/\",\"name\":\"Horomechanika\",\"description\":\"\u017dem\u0117s \u016akio Technika\",\"publisher\":{\"@id\":\"https:\/\/www.horomechanika.lt\/#organization\"},\"potentialAction\":[{\"@type\":\"SearchAction\",\"target\":{\"@type\":\"EntryPoint\",\"urlTemplate\":\"https:\/\/www.horomechanika.lt\/?s={search_term_string}\"},\"query-input\":\"required name=search_term_string\"}],\"inLanguage\":\"ru-RU\"},{\"@type\":\"Organization\",\"@id\":\"https:\/\/www.horomechanika.lt\/#organization\",\"name\":\"UAB \\\"Horo mechanika\\\"\",\"url\":\"https:\/\/www.horomechanika.lt\/\",\"logo\":{\"@type\":\"ImageObject\",\"inLanguage\":\"ru-RU\",\"@id\":\"https:\/\/www.horomechanika.lt\/#\/schema\/logo\/image\/\",\"url\":\"https:\/\/www.horomechanika.lt\/wp-content\/uploads\/2020\/05\/horomechanika-logo.png\",\"contentUrl\":\"https:\/\/www.horomechanika.lt\/wp-content\/uploads\/2020\/05\/horomechanika-logo.png\",\"width\":137,\"height\":56,\"caption\":\"UAB \\\"Horo mechanika\\\"\"},\"image\":{\"@id\":\"https:\/\/www.horomechanika.lt\/#\/schema\/logo\/image\/\"},\"sameAs\":[\"https:\/\/www.facebook.com\/UAB-Horo-mechanika-177091812471952\"]}]}<\/script>\n<!-- \/ Yoast SEO plugin. -->","yoast_head_json":{"title":"3 Columns | Horomechanika","robots":{"index":"index","follow":"follow","max-snippet":"max-snippet:-1","max-image-preview":"max-image-preview:large","max-video-preview":"max-video-preview:-1"},"canonical":"https:\/\/www.horomechanika.lt\/ru\/portfolio3_column\/","og_locale":"ru_RU","og_type":"article","og_title":"3 Columns | Horomechanika","og_url":"https:\/\/www.horomechanika.lt\/ru\/portfolio3_column\/","og_site_name":"Horomechanika","article_publisher":"https:\/\/www.facebook.com\/UAB-Horo-mechanika-177091812471952","twitter_card":"summary_large_image","schema":{"@context":"https:\/\/schema.org","@graph":[{"@type":"WebPage","@id":"https:\/\/www.horomechanika.lt\/ru\/portfolio3_column\/","url":"https:\/\/www.horomechanika.lt\/ru\/portfolio3_column\/","name":"3 Columns | Horomechanika","isPartOf":{"@id":"https:\/\/www.horomechanika.lt\/#website"},"datePublished":"2013-05-13T12:30:49+00:00","dateModified":"2013-05-13T12:30:49+00:00","breadcrumb":{"@id":"https:\/\/www.horomechanika.lt\/ru\/portfolio3_column\/#breadcrumb"},"inLanguage":"ru-RU","potentialAction":[{"@type":"ReadAction","target":["https:\/\/www.horomechanika.lt\/ru\/portfolio3_column\/"]}]},{"@type":"BreadcrumbList","@id":"https:\/\/www.horomechanika.lt\/ru\/portfolio3_column\/#breadcrumb","itemListElement":[{"@type":"ListItem","position":1,"name":"Home","item":"https:\/\/www.horomechanika.lt\/"},{"@type":"ListItem","position":2,"name":"3 Columns"}]},{"@type":"WebSite","@id":"https:\/\/www.horomechanika.lt\/#website","url":"https:\/\/www.horomechanika.lt\/","name":"Horomechanika","description":"\u017dem\u0117s \u016akio Technika","publisher":{"@id":"https:\/\/www.horomechanika.lt\/#organization"},"potentialAction":[{"@type":"SearchAction","target":{"@type":"EntryPoint","urlTemplate":"https:\/\/www.horomechanika.lt\/?s={search_term_string}"},"query-input":"required name=search_term_string"}],"inLanguage":"ru-RU"},{"@type":"Organization","@id":"https:\/\/www.horomechanika.lt\/#organization","name":"UAB \"Horo mechanika\"","url":"https:\/\/www.horomechanika.lt\/","logo":{"@type":"ImageObject","inLanguage":"ru-RU","@id":"https:\/\/www.horomechanika.lt\/#\/schema\/logo\/image\/","url":"https:\/\/www.horomechanika.lt\/wp-content\/uploads\/2020\/05\/horomechanika-logo.png","contentUrl":"https:\/\/www.horomechanika.lt\/wp-content\/uploads\/2020\/05\/horomechanika-logo.png","width":137,"height":56,"caption":"UAB \"Horo mechanika\""},"image":{"@id":"https:\/\/www.horomechanika.lt\/#\/schema\/logo\/image\/"},"sameAs":["https:\/\/www.facebook.com\/UAB-Horo-mechanika-177091812471952"]}]}},"_links":{"self":[{"href":"https:\/\/www.horomechanika.lt\/ru\/wp-json\/wp\/v2\/pages\/435","targetHints":{"allow":["GET"]}}],"collection":[{"href":"https:\/\/www.horomechanika.lt\/ru\/wp-json\/wp\/v2\/pages"}],"about":[{"href":"https:\/\/www.horomechanika.lt\/ru\/wp-json\/wp\/v2\/types\/page"}],"author":[{"embeddable":true,"href":"https:\/\/www.horomechanika.lt\/ru\/wp-json\/wp\/v2\/users\/2"}],"replies":[{"embeddable":true,"href":"https:\/\/www.horomechanika.lt\/ru\/wp-json\/wp\/v2\/comments?post=435"}],"version-history":[{"count":0,"href":"https:\/\/www.horomechanika.lt\/ru\/wp-json\/wp\/v2\/pages\/435\/revisions"}],"wp:attachment":[{"href":"https:\/\/www.horomechanika.lt\/ru\/wp-json\/wp\/v2\/media?parent=435"}],"curies":[{"name":"wp","href":"https:\/\/api.w.org\/{rel}","templated":true}]}}