{"id":5493,"date":"2016-12-12T05:57:13","date_gmt":"2016-12-12T05:57:13","guid":{"rendered":"http:\/\/192.168.0.101\/user13\/wordpress\/Bigshopper_fullwidth\/?page_id=5493"},"modified":"2016-12-12T05:57:13","modified_gmt":"2016-12-12T05:57:13","slug":"progress-bar-pie-chart","status":"publish","type":"page","link":"https:\/\/www.horomechanika.lt\/ru\/progress-bar-pie-chart\/","title":{"rendered":"Progress Bar &#038;  Pie Chart"},"content":{"rendered":"<div class=\"vc_row wpb_row vc_row-fluid vc_custom_1487832171084\"><div class=\"wpb_column vc_column_container vc_col-sm-12\"><div class=\"vc_column-inner\"><div class=\"wpb_wrapper\"><div class=\"shortcode-title left\"><h1 class=\"normal-title\">Progress bar<\/h1><\/div><div class=\"vc_progress_bar wpb_content_element vc_custom_1520850471549\" ><div class=\"vc_general vc_single_bar\"><small class=\"vc_label\" style=\"color:#ffffff;\">Development<\/small><span class=\"vc_bar animated\" data-percentage-value=\"90\" data-value=\"90\" style=\"background-color:#0e1932;\"><\/span><\/div><div class=\"vc_general vc_single_bar\"><small class=\"vc_label\" style=\"color:#ffffff;\">Design<\/small><span class=\"vc_bar animated\" data-percentage-value=\"80\" data-value=\"80\" style=\"background-color:#0e1932;\"><\/span><\/div><div class=\"vc_general vc_single_bar\"><small class=\"vc_label\" style=\"color:#ffffff;\">Marketing<\/small><span class=\"vc_bar animated\" data-percentage-value=\"70\" data-value=\"70\" style=\"background-color:#0e1932;\"><\/span><\/div><div class=\"vc_general vc_single_bar\"><small class=\"vc_label\" style=\"color:#ffffff;\">Testing<\/small><span class=\"vc_bar animated\" data-percentage-value=\"83\" data-value=\"83\" style=\"background-color:#0e1932;\"><\/span><\/div><\/div><\/div><\/div><\/div><\/div><div class=\"vc_row wpb_row vc_row-fluid vc_custom_1487830759488\"><div class=\"wpb_column vc_column_container vc_col-sm-12\"><div class=\"vc_column-inner\"><div class=\"wpb_wrapper\"><div class=\"shortcode-title left\"><h1 class=\"normal-title\">Pie Chart<\/h1><\/div><div class=\"vc_row wpb_row vc_inner vc_row-fluid\"><div class=\"wpb_column vc_column_container vc_col-sm-4\"><div class=\"vc_column-inner\"><div class=\"wpb_wrapper\"><div  class= \"vc_pie_chart wpb_content_element vc_custom_1487331830675\" data-pie-value=\"30\" data-pie-label-value=\"Analysis\" data-pie-units=\"30\" data-pie-color=\"#2196f3\"><div class=\"wpb_wrapper\"><div class=\"vc_pie_wrapper\"><span class=\"vc_pie_chart_back\" style=\"border-color: #2196f3\"><\/span><span class=\"vc_pie_chart_value\"><\/span><canvas width=\"101\" height=\"101\"><\/canvas><\/div><\/div><\/div><\/div><\/div><\/div><div class=\"wpb_column vc_column_container vc_col-sm-4\"><div class=\"vc_column-inner\"><div class=\"wpb_wrapper\"><div  class= \"vc_pie_chart wpb_content_element vc_custom_1520850432563\" data-pie-value=\"80\" data-pie-label-value=\"Lorem Dolor\" data-pie-units=\"80\" data-pie-color=\"#0e1932\"><div class=\"wpb_wrapper\"><div class=\"vc_pie_wrapper\"><span class=\"vc_pie_chart_back\" style=\"border-color: #0e1932\"><\/span><span class=\"vc_pie_chart_value\"><\/span><canvas width=\"101\" height=\"101\"><\/canvas><\/div><\/div><\/div><\/div><\/div><\/div><div class=\"wpb_column vc_column_container vc_col-sm-4\"><div class=\"vc_column-inner\"><div class=\"wpb_wrapper\"><div  class= \"vc_pie_chart wpb_content_element vc_custom_1487331764854\" data-pie-value=\"50\" data-pie-label-value=\"Plannning\" data-pie-units=\"50\" data-pie-color=\"#ffc301\"><div class=\"wpb_wrapper\"><div class=\"vc_pie_wrapper\"><span class=\"vc_pie_chart_back\" style=\"border-color: #ffc301\"><\/span><span class=\"vc_pie_chart_value\"><\/span><canvas width=\"101\" height=\"101\"><\/canvas><\/div><\/div><\/div><\/div><\/div><\/div><\/div><\/div><\/div><\/div><\/div><div class=\"vc_row wpb_row vc_row-fluid vc_custom_1487830764981\"><div class=\"wpb_column vc_column_container vc_col-sm-12\"><div class=\"vc_column-inner\"><div class=\"wpb_wrapper\"><div class=\"shortcode-title left\"><h1 class=\"normal-title\">Round Chart<\/h1><\/div><div class=\"vc_row wpb_row vc_inner vc_row-fluid vc_custom_1483949998785\"><div class=\"wpb_column vc_column_container vc_col-sm-6\"><div class=\"vc_column-inner\"><div class=\"wpb_wrapper\">\n<div class=\"vc_chart vc_round-chart wpb_content_element\" data-vc-legend=\"1\" data-vc-tooltips=\"1\" data-vc-animation=\"easeInOutCubic\" data-vc-stroke-color=\"#ebebeb\" data-vc-stroke-width=\"5\" data-vc-type=\"doughnut\" data-vc-values=\"[{&quot;value&quot;:30,&quot;color&quot;:&quot;#5472d2&quot;,&quot;highlight&quot;:&quot;#3c5ecc&quot;,&quot;label&quot;:&quot;Planning&quot;},{&quot;value&quot;:40,&quot;color&quot;:&quot;#fe6c61&quot;,&quot;highlight&quot;:&quot;#fe5043&quot;,&quot;label&quot;:&quot;Analysis&quot;},{&quot;value&quot;:40,&quot;color&quot;:&quot;#cec2ab&quot;,&quot;highlight&quot;:&quot;#c3b498&quot;,&quot;label&quot;:&quot;Design&quot;},{&quot;value&quot;:60,&quot;color&quot;:&quot;#f79468&quot;,&quot;highlight&quot;:&quot;#f57f4b&quot;,&quot;label&quot;:&quot;Coding&quot;},{&quot;value&quot;:20,&quot;color&quot;:&quot;#f7be68&quot;,&quot;highlight&quot;:&quot;#f5b14b&quot;,&quot;label&quot;:&quot;Testing&quot;}]\">\n\t\n\t<div class=\"wpb_wrapper\">\n\t\t<div class=\"vc_chart-with-legend\"><canvas class=\"vc_round-chart-canvas\" width=\"1\" height=\"1\"><\/canvas><\/div><ul class=\"vc_chart-legend\"><li><span style=\"background-color:#5472d2\"><\/span>Planning<\/li><li><span style=\"background-color:#fe6c61\"><\/span>Analysis<\/li><li><span style=\"background-color:#cec2ab\"><\/span>Design<\/li><li><span style=\"background-color:#f79468\"><\/span>Coding<\/li><li><span style=\"background-color:#f7be68\"><\/span>Testing<\/li><\/ul>\n\t<\/div>\n<\/div>\n<\/div><\/div><\/div><div class=\"wpb_column vc_column_container vc_col-sm-6\"><div class=\"vc_column-inner\"><div class=\"wpb_wrapper\">\n<div class=\"vc_chart vc_round-chart wpb_content_element\" data-vc-legend=\"1\" data-vc-tooltips=\"1\" data-vc-animation=\"easeInOutCubic\" data-vc-stroke-color=\"#ebebeb\" data-vc-stroke-width=\"5\" data-vc-type=\"pie\" data-vc-values=\"[{&quot;value&quot;:30,&quot;color&quot;:&quot;#5472d2&quot;,&quot;highlight&quot;:&quot;#3c5ecc&quot;,&quot;label&quot;:&quot;Planning&quot;},{&quot;value&quot;:40,&quot;color&quot;:&quot;#fe6c61&quot;,&quot;highlight&quot;:&quot;#fe5043&quot;,&quot;label&quot;:&quot;Analysis&quot;},{&quot;value&quot;:40,&quot;color&quot;:&quot;#cec2ab&quot;,&quot;highlight&quot;:&quot;#c3b498&quot;,&quot;label&quot;:&quot;Design&quot;},{&quot;value&quot;:60,&quot;color&quot;:&quot;#f79468&quot;,&quot;highlight&quot;:&quot;#f57f4b&quot;,&quot;label&quot;:&quot;Coding&quot;},{&quot;value&quot;:20,&quot;color&quot;:&quot;#f7be68&quot;,&quot;highlight&quot;:&quot;#f5b14b&quot;,&quot;label&quot;:&quot;Testing&quot;}]\">\n\t\n\t<div class=\"wpb_wrapper\">\n\t\t<div class=\"vc_chart-with-legend\"><canvas class=\"vc_round-chart-canvas\" width=\"1\" height=\"1\"><\/canvas><\/div><ul class=\"vc_chart-legend\"><li><span style=\"background-color:#5472d2\"><\/span>Planning<\/li><li><span style=\"background-color:#fe6c61\"><\/span>Analysis<\/li><li><span style=\"background-color:#cec2ab\"><\/span>Design<\/li><li><span style=\"background-color:#f79468\"><\/span>Coding<\/li><li><span style=\"background-color:#f7be68\"><\/span>Testing<\/li><\/ul>\n\t<\/div>\n<\/div>\n<\/div><\/div><\/div><\/div><\/div><\/div><\/div><\/div><div class=\"vc_row wpb_row vc_row-fluid vc_custom_1487331695618\"><div class=\"wpb_column vc_column_container vc_col-sm-12\"><div class=\"vc_column-inner\"><div class=\"wpb_wrapper\"><div class=\"shortcode-title left\"><h1 class=\"normal-title\">Line Chart<\/h1><\/div><div class=\"vc_row wpb_row vc_inner vc_row-fluid vc_custom_1483949759283\"><div class=\"wpb_column vc_column_container vc_col-sm-6\"><div class=\"vc_column-inner\"><div class=\"wpb_wrapper\">\n<div class=\"vc_chart vc_line-chart wpb_content_element\" data-vc-legend=\"1\" data-vc-tooltips=\"1\" data-vc-animation=\"easeOutQuart\" data-vc-type=\"bar\" data-vc-values=\"{&quot;labels&quot;:[&quot;JAN&quot;,&quot; FEB&quot;,&quot; MAR&quot;,&quot; APR&quot;,&quot; MAY&quot;,&quot; JUN&quot;,&quot; JUL&quot;,&quot; AUG&quot;],&quot;datasets&quot;:[{&quot;label&quot;:&quot;One&quot;,&quot;fillColor&quot;:&quot;#1c1c1c&quot;,&quot;strokeColor&quot;:&quot;#1c1c1c&quot;,&quot;pointColor&quot;:&quot;#1c1c1c&quot;,&quot;pointStrokeColor&quot;:&quot;#1c1c1c&quot;,&quot;highlightFill&quot;:&quot;#020202&quot;,&quot;highlightStroke&quot;:&quot;#020202&quot;,&quot;pointHighlightFill&quot;:&quot;#020202&quot;,&quot;pointHighlightStroke&quot;:&quot;#020202&quot;,&quot;data&quot;:[&quot;10&quot;,&quot; 15&quot;,&quot; 20&quot;,&quot; 25&quot;,&quot; 27&quot;,&quot; 25&quot;,&quot; 23&quot;,&quot; 25&quot;]},{&quot;label&quot;:&quot;Two&quot;,&quot;fillColor&quot;:&quot;#b5b5b5&quot;,&quot;strokeColor&quot;:&quot;#b5b5b5&quot;,&quot;pointColor&quot;:&quot;#b5b5b5&quot;,&quot;pointStrokeColor&quot;:&quot;#b5b5b5&quot;,&quot;highlightFill&quot;:&quot;#9b9b9b&quot;,&quot;highlightStroke&quot;:&quot;#9b9b9b&quot;,&quot;pointHighlightFill&quot;:&quot;#9b9b9b&quot;,&quot;pointHighlightStroke&quot;:&quot;#9b9b9b&quot;,&quot;data&quot;:[&quot;25&quot;,&quot; 18&quot;,&quot; 16&quot;,&quot; 17&quot;,&quot; 20&quot;,&quot; 25&quot;,&quot; 30&quot;,&quot; 35&quot;]}]}\">\n\t\n\t<div class=\"wpb_wrapper\">\n\t\t<div class=\"vc_chart-with-legend\"><canvas class=\"vc_line-chart-canvas\" width=\"1\" height=\"1\"><\/canvas><\/div><ul class=\"vc_chart-legend\"><li><span style=\"background-color:#1c1c1c\"><\/span>One<\/li><li><span style=\"background-color:#b5b5b5\"><\/span>Two<\/li><\/ul>\n\t<\/div>\n<\/div>\n<\/div><\/div><\/div><div class=\"wpb_column vc_column_container vc_col-sm-6\"><div class=\"vc_column-inner\"><div class=\"wpb_wrapper\">\n<div class=\"vc_chart vc_line-chart wpb_content_element\" data-vc-legend=\"1\" data-vc-tooltips=\"1\" data-vc-animation=\"easeInOutCubic\" data-vc-type=\"line\" data-vc-values=\"{&quot;labels&quot;:[&quot;JAN&quot;,&quot; FEB&quot;,&quot; MAR&quot;,&quot; APR&quot;,&quot; MAY&quot;,&quot; JUN&quot;,&quot; JUL&quot;,&quot; AUG&quot;],&quot;datasets&quot;:[{&quot;label&quot;:&quot;\\u041e\\u0434\\u0438\\u043d&quot;,&quot;fillColor&quot;:&quot;rgba(84, 114, 210, 0.1)&quot;,&quot;strokeColor&quot;:&quot;#5472d2&quot;,&quot;pointColor&quot;:&quot;#5472d2&quot;,&quot;pointStrokeColor&quot;:&quot;#5472d2&quot;,&quot;highlightFill&quot;:&quot;#3c5ecc&quot;,&quot;highlightStroke&quot;:&quot;#3c5ecc&quot;,&quot;pointHighlightFill&quot;:&quot;#3c5ecc&quot;,&quot;pointHighlightStroke&quot;:&quot;#3c5ecc&quot;,&quot;data&quot;:[&quot;10&quot;,&quot; 15&quot;,&quot; 20&quot;,&quot; 25&quot;,&quot; 27&quot;,&quot; 25&quot;,&quot; 23&quot;,&quot; 25&quot;]},{&quot;label&quot;:&quot;\\u0414\\u0432\\u0430&quot;,&quot;fillColor&quot;:&quot;rgba(254, 108, 97, 0.1)&quot;,&quot;strokeColor&quot;:&quot;#fe6c61&quot;,&quot;pointColor&quot;:&quot;#fe6c61&quot;,&quot;pointStrokeColor&quot;:&quot;#fe6c61&quot;,&quot;highlightFill&quot;:&quot;#fe5043&quot;,&quot;highlightStroke&quot;:&quot;#fe5043&quot;,&quot;pointHighlightFill&quot;:&quot;#fe5043&quot;,&quot;pointHighlightStroke&quot;:&quot;#fe5043&quot;,&quot;data&quot;:[&quot;25&quot;,&quot; 18&quot;,&quot; 16&quot;,&quot; 17&quot;,&quot; 20&quot;,&quot; 25&quot;,&quot; 30&quot;,&quot; 35&quot;]}]}\">\n\t\n\t<div class=\"wpb_wrapper\">\n\t\t<div class=\"vc_chart-with-legend\"><canvas class=\"vc_line-chart-canvas\" width=\"1\" height=\"1\"><\/canvas><\/div><ul class=\"vc_chart-legend\"><li><span style=\"background-color:#5472d2\"><\/span>\u041e\u0434\u0438\u043d<\/li><li><span style=\"background-color:#fe6c61\"><\/span>\u0414\u0432\u0430<\/li><\/ul>\n\t<\/div>\n<\/div>\n<\/div><\/div><\/div><\/div><\/div><\/div><\/div><\/div>","protected":false},"excerpt":{"rendered":"Progress barDevelopmentDesignMarketingTestingPie ChartRound Chart PlanningAnalysisDesignCodingTesting PlanningAnalysisDesignCodingTesting Line Chart OneTwo \u041e\u0434\u0438\u043d\u0414\u0432\u0430","protected":false},"author":2,"featured_media":0,"parent":0,"menu_order":0,"comment_status":"closed","ping_status":"closed","template":"","meta":{"footnotes":""},"class_list":["post-5493","page","type-page","status-publish","hentry"],"yoast_head":"<!-- This site is optimized with the Yoast SEO plugin v20.1 - https:\/\/yoast.com\/wordpress\/plugins\/seo\/ -->\n<title>Progress Bar &amp; Pie Chart | Horomechanika<\/title>\n<meta name=\"robots\" content=\"index, follow, max-snippet:-1, max-image-preview:large, max-video-preview:-1\" \/>\n<link rel=\"canonical\" href=\"https:\/\/www.horomechanika.lt\/ru\/progress-bar-pie-chart\/\" \/>\n<meta property=\"og:locale\" content=\"ru_RU\" \/>\n<meta property=\"og:type\" content=\"article\" \/>\n<meta property=\"og:title\" content=\"Progress Bar &amp; Pie Chart | Horomechanika\" \/>\n<meta property=\"og:url\" content=\"https:\/\/www.horomechanika.lt\/ru\/progress-bar-pie-chart\/\" \/>\n<meta property=\"og:site_name\" content=\"Horomechanika\" \/>\n<meta property=\"article:publisher\" content=\"https:\/\/www.facebook.com\/UAB-Horo-mechanika-177091812471952\" \/>\n<meta name=\"twitter:card\" content=\"summary_large_image\" \/>\n<meta name=\"twitter:label1\" content=\"\u041f\u0440\u0438\u043c\u0435\u0440\u043d\u043e\u0435 \u0432\u0440\u0435\u043c\u044f \u0434\u043b\u044f \u0447\u0442\u0435\u043d\u0438\u044f\" \/>\n\t<meta name=\"twitter:data1\" content=\"3 \u043c\u0438\u043d\u0443\u0442\u044b\" \/>\n<script type=\"application\/ld+json\" class=\"yoast-schema-graph\">{\"@context\":\"https:\/\/schema.org\",\"@graph\":[{\"@type\":\"WebPage\",\"@id\":\"https:\/\/www.horomechanika.lt\/ru\/progress-bar-pie-chart\/\",\"url\":\"https:\/\/www.horomechanika.lt\/ru\/progress-bar-pie-chart\/\",\"name\":\"Progress Bar & Pie Chart | Horomechanika\",\"isPartOf\":{\"@id\":\"https:\/\/www.horomechanika.lt\/#website\"},\"datePublished\":\"2016-12-12T05:57:13+00:00\",\"dateModified\":\"2016-12-12T05:57:13+00:00\",\"breadcrumb\":{\"@id\":\"https:\/\/www.horomechanika.lt\/ru\/progress-bar-pie-chart\/#breadcrumb\"},\"inLanguage\":\"ru-RU\",\"potentialAction\":[{\"@type\":\"ReadAction\",\"target\":[\"https:\/\/www.horomechanika.lt\/ru\/progress-bar-pie-chart\/\"]}]},{\"@type\":\"BreadcrumbList\",\"@id\":\"https:\/\/www.horomechanika.lt\/ru\/progress-bar-pie-chart\/#breadcrumb\",\"itemListElement\":[{\"@type\":\"ListItem\",\"position\":1,\"name\":\"Home\",\"item\":\"https:\/\/www.horomechanika.lt\/\"},{\"@type\":\"ListItem\",\"position\":2,\"name\":\"Progress Bar &#038; Pie Chart\"}]},{\"@type\":\"WebSite\",\"@id\":\"https:\/\/www.horomechanika.lt\/#website\",\"url\":\"https:\/\/www.horomechanika.lt\/\",\"name\":\"Horomechanika\",\"description\":\"\u017dem\u0117s \u016akio Technika\",\"publisher\":{\"@id\":\"https:\/\/www.horomechanika.lt\/#organization\"},\"potentialAction\":[{\"@type\":\"SearchAction\",\"target\":{\"@type\":\"EntryPoint\",\"urlTemplate\":\"https:\/\/www.horomechanika.lt\/?s={search_term_string}\"},\"query-input\":\"required name=search_term_string\"}],\"inLanguage\":\"ru-RU\"},{\"@type\":\"Organization\",\"@id\":\"https:\/\/www.horomechanika.lt\/#organization\",\"name\":\"UAB \\\"Horo mechanika\\\"\",\"url\":\"https:\/\/www.horomechanika.lt\/\",\"logo\":{\"@type\":\"ImageObject\",\"inLanguage\":\"ru-RU\",\"@id\":\"https:\/\/www.horomechanika.lt\/#\/schema\/logo\/image\/\",\"url\":\"https:\/\/www.horomechanika.lt\/wp-content\/uploads\/2020\/05\/horomechanika-logo.png\",\"contentUrl\":\"https:\/\/www.horomechanika.lt\/wp-content\/uploads\/2020\/05\/horomechanika-logo.png\",\"width\":137,\"height\":56,\"caption\":\"UAB \\\"Horo mechanika\\\"\"},\"image\":{\"@id\":\"https:\/\/www.horomechanika.lt\/#\/schema\/logo\/image\/\"},\"sameAs\":[\"https:\/\/www.facebook.com\/UAB-Horo-mechanika-177091812471952\"]}]}<\/script>\n<!-- \/ Yoast SEO plugin. -->","yoast_head_json":{"title":"Progress Bar & Pie Chart | Horomechanika","robots":{"index":"index","follow":"follow","max-snippet":"max-snippet:-1","max-image-preview":"max-image-preview:large","max-video-preview":"max-video-preview:-1"},"canonical":"https:\/\/www.horomechanika.lt\/ru\/progress-bar-pie-chart\/","og_locale":"ru_RU","og_type":"article","og_title":"Progress Bar & Pie Chart | Horomechanika","og_url":"https:\/\/www.horomechanika.lt\/ru\/progress-bar-pie-chart\/","og_site_name":"Horomechanika","article_publisher":"https:\/\/www.facebook.com\/UAB-Horo-mechanika-177091812471952","twitter_card":"summary_large_image","twitter_misc":{"\u041f\u0440\u0438\u043c\u0435\u0440\u043d\u043e\u0435 \u0432\u0440\u0435\u043c\u044f \u0434\u043b\u044f \u0447\u0442\u0435\u043d\u0438\u044f":"3 \u043c\u0438\u043d\u0443\u0442\u044b"},"schema":{"@context":"https:\/\/schema.org","@graph":[{"@type":"WebPage","@id":"https:\/\/www.horomechanika.lt\/ru\/progress-bar-pie-chart\/","url":"https:\/\/www.horomechanika.lt\/ru\/progress-bar-pie-chart\/","name":"Progress Bar & Pie Chart | Horomechanika","isPartOf":{"@id":"https:\/\/www.horomechanika.lt\/#website"},"datePublished":"2016-12-12T05:57:13+00:00","dateModified":"2016-12-12T05:57:13+00:00","breadcrumb":{"@id":"https:\/\/www.horomechanika.lt\/ru\/progress-bar-pie-chart\/#breadcrumb"},"inLanguage":"ru-RU","potentialAction":[{"@type":"ReadAction","target":["https:\/\/www.horomechanika.lt\/ru\/progress-bar-pie-chart\/"]}]},{"@type":"BreadcrumbList","@id":"https:\/\/www.horomechanika.lt\/ru\/progress-bar-pie-chart\/#breadcrumb","itemListElement":[{"@type":"ListItem","position":1,"name":"Home","item":"https:\/\/www.horomechanika.lt\/"},{"@type":"ListItem","position":2,"name":"Progress Bar &#038; Pie Chart"}]},{"@type":"WebSite","@id":"https:\/\/www.horomechanika.lt\/#website","url":"https:\/\/www.horomechanika.lt\/","name":"Horomechanika","description":"\u017dem\u0117s \u016akio Technika","publisher":{"@id":"https:\/\/www.horomechanika.lt\/#organization"},"potentialAction":[{"@type":"SearchAction","target":{"@type":"EntryPoint","urlTemplate":"https:\/\/www.horomechanika.lt\/?s={search_term_string}"},"query-input":"required name=search_term_string"}],"inLanguage":"ru-RU"},{"@type":"Organization","@id":"https:\/\/www.horomechanika.lt\/#organization","name":"UAB \"Horo mechanika\"","url":"https:\/\/www.horomechanika.lt\/","logo":{"@type":"ImageObject","inLanguage":"ru-RU","@id":"https:\/\/www.horomechanika.lt\/#\/schema\/logo\/image\/","url":"https:\/\/www.horomechanika.lt\/wp-content\/uploads\/2020\/05\/horomechanika-logo.png","contentUrl":"https:\/\/www.horomechanika.lt\/wp-content\/uploads\/2020\/05\/horomechanika-logo.png","width":137,"height":56,"caption":"UAB \"Horo mechanika\""},"image":{"@id":"https:\/\/www.horomechanika.lt\/#\/schema\/logo\/image\/"},"sameAs":["https:\/\/www.facebook.com\/UAB-Horo-mechanika-177091812471952"]}]}},"_links":{"self":[{"href":"https:\/\/www.horomechanika.lt\/ru\/wp-json\/wp\/v2\/pages\/5493","targetHints":{"allow":["GET"]}}],"collection":[{"href":"https:\/\/www.horomechanika.lt\/ru\/wp-json\/wp\/v2\/pages"}],"about":[{"href":"https:\/\/www.horomechanika.lt\/ru\/wp-json\/wp\/v2\/types\/page"}],"author":[{"embeddable":true,"href":"https:\/\/www.horomechanika.lt\/ru\/wp-json\/wp\/v2\/users\/2"}],"replies":[{"embeddable":true,"href":"https:\/\/www.horomechanika.lt\/ru\/wp-json\/wp\/v2\/comments?post=5493"}],"version-history":[{"count":0,"href":"https:\/\/www.horomechanika.lt\/ru\/wp-json\/wp\/v2\/pages\/5493\/revisions"}],"wp:attachment":[{"href":"https:\/\/www.horomechanika.lt\/ru\/wp-json\/wp\/v2\/media?parent=5493"}],"curies":[{"name":"wp","href":"https:\/\/api.w.org\/{rel}","templated":true}]}}