{"id":5503,"date":"2016-12-12T08:25:31","date_gmt":"2016-12-12T08:25:31","guid":{"rendered":"http:\/\/192.168.0.101\/user13\/wordpress\/Bigshopper_fullwidth\/?page_id=5503"},"modified":"2016-12-12T08:25:31","modified_gmt":"2016-12-12T08:25:31","slug":"message-boxes","status":"publish","type":"page","link":"https:\/\/www.horomechanika.lt\/ru\/message-boxes\/","title":{"rendered":"Message Boxes"},"content":{"rendered":"<div class=\"vc_row wpb_row vc_row-fluid vc_custom_1487831900615\"><div class=\"wpb_column vc_column_container vc_col-sm-12\"><div class=\"vc_column-inner\"><div class=\"wpb_wrapper\"><div class=\"shortcode-title left\"><h1 class=\"normal-title\">Information Box<\/h1><\/div><div class=\"vc_message_box vc_message_box-standard vc_message_box-rounded vc_color-info vc_custom_1483958546088\" ><div class=\"vc_message_box-icon\"><i class=\"fas fa-info-circle\"><\/i><\/div><p>I am message box. Click edit button to change this text.<\/p>\n<\/div><div class=\"vc_message_box vc_message_box-3d vc_message_box-square vc_color-info vc_custom_1483959050078\" ><div class=\"vc_message_box-icon\"><i class=\"fas fa-info-circle\"><\/i><\/div><p>I am message box. Click edit button to change this text.<\/p>\n<\/div><div class=\"vc_message_box vc_message_box-standard vc_message_box-round vc_color-info vc_custom_1483959176877\" ><div class=\"vc_message_box-icon\"><i class=\"fas fa-info-circle\"><\/i><\/div><p>I am message box. Click edit button to change this text.<\/p>\n<\/div><\/div><\/div><\/div><\/div><div class=\"vc_row wpb_row vc_row-fluid vc_custom_1487831906247\"><div class=\"wpb_column vc_column_container vc_col-sm-12\"><div class=\"vc_column-inner\"><div class=\"wpb_wrapper\"><div class=\"shortcode-title left\"><h1 class=\"normal-title\">Warning Box<\/h1><\/div><div class=\"vc_message_box vc_message_box-solid vc_message_box-rounded vc_color-warning vc_custom_1483959108511\" ><div class=\"vc_message_box-icon\"><i class=\"fa fa-exclamation-triangle\"><\/i><\/div><p>I am message box. Click edit button to change this text.<\/p>\n<\/div><div class=\"vc_message_box vc_message_box-standard vc_message_box-square vc_color-warning vc_custom_1483958912073\" ><div class=\"vc_message_box-icon\"><i class=\"fa fa-exclamation-triangle\"><\/i><\/div><p>I am message box. Click edit button to change this text.<\/p>\n<\/div><div class=\"vc_message_box vc_message_box-solid-icon vc_message_box-round vc_color-warning vc_custom_1483959204759\" ><div class=\"vc_message_box-icon\"><i class=\"fa fa-exclamation-triangle\"><\/i><\/div><p>I am message box. Click edit button to change this text.<\/p>\n<\/div><\/div><\/div><\/div><\/div><div class=\"vc_row wpb_row vc_row-fluid vc_custom_1487831924794\"><div class=\"wpb_column vc_column_container vc_col-sm-12\"><div class=\"vc_column-inner\"><div class=\"wpb_wrapper\"><div class=\"shortcode-title left\"><h1 class=\"normal-title\">Success Box<\/h1><\/div><div class=\"vc_message_box vc_message_box-solid-icon vc_message_box-rounded vc_color-success vc_custom_1483959135742\" ><div class=\"vc_message_box-icon\"><i class=\"fa fa-check-square-o\"><\/i><\/div><p>I am message box. Click edit button to change this text.<\/p>\n<\/div><div class=\"vc_message_box vc_message_box-standard vc_message_box-square vc_color-success vc_custom_1483958929012\" ><div class=\"vc_message_box-icon\"><i class=\"fa fa-check-square-o\"><\/i><\/div><p>I am message box. Click edit button to change this text.<\/p>\n<\/div><div class=\"vc_message_box vc_message_box-standard vc_message_box-round vc_color-success vc_custom_1483958936714\" ><div class=\"vc_message_box-icon\"><i class=\"fa fa-check-square-o\"><\/i><\/div><p>I am message box. Click edit button to change this text.<\/p>\n<\/div><\/div><\/div><\/div><\/div><div class=\"vc_row wpb_row vc_row-fluid vc_custom_1487831918334\"><div class=\"wpb_column vc_column_container vc_col-sm-12\"><div class=\"vc_column-inner\"><div class=\"wpb_wrapper\"><div class=\"shortcode-title left\"><h1 class=\"normal-title\">Error Box<\/h1><\/div><div class=\"vc_message_box vc_message_box-outline vc_message_box-rounded vc_color-danger vc_custom_1483959147170\" ><div class=\"vc_message_box-icon\"><i class=\"fa fa-exclamation-circle\"><\/i><\/div><p>I am message box. Click edit button to change this text.<\/p>\n<\/div><div class=\"vc_message_box vc_message_box-standard vc_message_box-square vc_color-danger vc_custom_1483958948016\" ><div class=\"vc_message_box-icon\"><i class=\"fa fa-exclamation-circle\"><\/i><\/div><p>I am message box. Click edit button to change this text.<\/p>\n<\/div><div class=\"vc_message_box vc_message_box-3d vc_message_box-round vc_color-danger vc_custom_1483959220485\" ><div class=\"vc_message_box-icon\"><i class=\"fa fa-exclamation-circle\"><\/i><\/div><p>I am message box. Click edit button to change this text.<\/p>\n<\/div><\/div><\/div><\/div><\/div>","protected":false},"excerpt":{"rendered":"Information BoxI am message box. Click edit button to change this text. I am message box. Click edit button to change this text. I am message box. Click edit button to change this text. Warning BoxI am message box. Click edit button to change this text. I am message box. Click edit button to change [...]","protected":false},"author":2,"featured_media":0,"parent":0,"menu_order":0,"comment_status":"closed","ping_status":"closed","template":"","meta":{"footnotes":""},"class_list":["post-5503","page","type-page","status-publish","hentry"],"yoast_head":"<!-- This site is optimized with the Yoast SEO plugin v20.1 - https:\/\/yoast.com\/wordpress\/plugins\/seo\/ -->\n<title>Message Boxes | Horomechanika<\/title>\n<meta name=\"robots\" content=\"index, follow, max-snippet:-1, max-image-preview:large, max-video-preview:-1\" \/>\n<link rel=\"canonical\" href=\"https:\/\/www.horomechanika.lt\/ru\/message-boxes\/\" \/>\n<meta property=\"og:locale\" content=\"ru_RU\" \/>\n<meta property=\"og:type\" content=\"article\" \/>\n<meta property=\"og:title\" content=\"Message Boxes | Horomechanika\" \/>\n<meta property=\"og:url\" content=\"https:\/\/www.horomechanika.lt\/ru\/message-boxes\/\" \/>\n<meta property=\"og:site_name\" content=\"Horomechanika\" \/>\n<meta property=\"article:publisher\" content=\"https:\/\/www.facebook.com\/UAB-Horo-mechanika-177091812471952\" \/>\n<meta name=\"twitter:card\" content=\"summary_large_image\" \/>\n<meta name=\"twitter:label1\" content=\"\u041f\u0440\u0438\u043c\u0435\u0440\u043d\u043e\u0435 \u0432\u0440\u0435\u043c\u044f \u0434\u043b\u044f \u0447\u0442\u0435\u043d\u0438\u044f\" \/>\n\t<meta name=\"twitter:data1\" content=\"2 \u043c\u0438\u043d\u0443\u0442\u044b\" \/>\n<script type=\"application\/ld+json\" class=\"yoast-schema-graph\">{\"@context\":\"https:\/\/schema.org\",\"@graph\":[{\"@type\":\"WebPage\",\"@id\":\"https:\/\/www.horomechanika.lt\/ru\/message-boxes\/\",\"url\":\"https:\/\/www.horomechanika.lt\/ru\/message-boxes\/\",\"name\":\"Message Boxes | Horomechanika\",\"isPartOf\":{\"@id\":\"https:\/\/www.horomechanika.lt\/#website\"},\"datePublished\":\"2016-12-12T08:25:31+00:00\",\"dateModified\":\"2016-12-12T08:25:31+00:00\",\"breadcrumb\":{\"@id\":\"https:\/\/www.horomechanika.lt\/ru\/message-boxes\/#breadcrumb\"},\"inLanguage\":\"ru-RU\",\"potentialAction\":[{\"@type\":\"ReadAction\",\"target\":[\"https:\/\/www.horomechanika.lt\/ru\/message-boxes\/\"]}]},{\"@type\":\"BreadcrumbList\",\"@id\":\"https:\/\/www.horomechanika.lt\/ru\/message-boxes\/#breadcrumb\",\"itemListElement\":[{\"@type\":\"ListItem\",\"position\":1,\"name\":\"Home\",\"item\":\"https:\/\/www.horomechanika.lt\/\"},{\"@type\":\"ListItem\",\"position\":2,\"name\":\"Message Boxes\"}]},{\"@type\":\"WebSite\",\"@id\":\"https:\/\/www.horomechanika.lt\/#website\",\"url\":\"https:\/\/www.horomechanika.lt\/\",\"name\":\"Horomechanika\",\"description\":\"\u017dem\u0117s \u016akio Technika\",\"publisher\":{\"@id\":\"https:\/\/www.horomechanika.lt\/#organization\"},\"potentialAction\":[{\"@type\":\"SearchAction\",\"target\":{\"@type\":\"EntryPoint\",\"urlTemplate\":\"https:\/\/www.horomechanika.lt\/?s={search_term_string}\"},\"query-input\":\"required name=search_term_string\"}],\"inLanguage\":\"ru-RU\"},{\"@type\":\"Organization\",\"@id\":\"https:\/\/www.horomechanika.lt\/#organization\",\"name\":\"UAB \\\"Horo mechanika\\\"\",\"url\":\"https:\/\/www.horomechanika.lt\/\",\"logo\":{\"@type\":\"ImageObject\",\"inLanguage\":\"ru-RU\",\"@id\":\"https:\/\/www.horomechanika.lt\/#\/schema\/logo\/image\/\",\"url\":\"https:\/\/www.horomechanika.lt\/wp-content\/uploads\/2020\/05\/horomechanika-logo.png\",\"contentUrl\":\"https:\/\/www.horomechanika.lt\/wp-content\/uploads\/2020\/05\/horomechanika-logo.png\",\"width\":137,\"height\":56,\"caption\":\"UAB \\\"Horo mechanika\\\"\"},\"image\":{\"@id\":\"https:\/\/www.horomechanika.lt\/#\/schema\/logo\/image\/\"},\"sameAs\":[\"https:\/\/www.facebook.com\/UAB-Horo-mechanika-177091812471952\"]}]}<\/script>\n<!-- \/ Yoast SEO plugin. -->","yoast_head_json":{"title":"Message Boxes | Horomechanika","robots":{"index":"index","follow":"follow","max-snippet":"max-snippet:-1","max-image-preview":"max-image-preview:large","max-video-preview":"max-video-preview:-1"},"canonical":"https:\/\/www.horomechanika.lt\/ru\/message-boxes\/","og_locale":"ru_RU","og_type":"article","og_title":"Message Boxes | Horomechanika","og_url":"https:\/\/www.horomechanika.lt\/ru\/message-boxes\/","og_site_name":"Horomechanika","article_publisher":"https:\/\/www.facebook.com\/UAB-Horo-mechanika-177091812471952","twitter_card":"summary_large_image","twitter_misc":{"\u041f\u0440\u0438\u043c\u0435\u0440\u043d\u043e\u0435 \u0432\u0440\u0435\u043c\u044f \u0434\u043b\u044f \u0447\u0442\u0435\u043d\u0438\u044f":"2 \u043c\u0438\u043d\u0443\u0442\u044b"},"schema":{"@context":"https:\/\/schema.org","@graph":[{"@type":"WebPage","@id":"https:\/\/www.horomechanika.lt\/ru\/message-boxes\/","url":"https:\/\/www.horomechanika.lt\/ru\/message-boxes\/","name":"Message Boxes | Horomechanika","isPartOf":{"@id":"https:\/\/www.horomechanika.lt\/#website"},"datePublished":"2016-12-12T08:25:31+00:00","dateModified":"2016-12-12T08:25:31+00:00","breadcrumb":{"@id":"https:\/\/www.horomechanika.lt\/ru\/message-boxes\/#breadcrumb"},"inLanguage":"ru-RU","potentialAction":[{"@type":"ReadAction","target":["https:\/\/www.horomechanika.lt\/ru\/message-boxes\/"]}]},{"@type":"BreadcrumbList","@id":"https:\/\/www.horomechanika.lt\/ru\/message-boxes\/#breadcrumb","itemListElement":[{"@type":"ListItem","position":1,"name":"Home","item":"https:\/\/www.horomechanika.lt\/"},{"@type":"ListItem","position":2,"name":"Message Boxes"}]},{"@type":"WebSite","@id":"https:\/\/www.horomechanika.lt\/#website","url":"https:\/\/www.horomechanika.lt\/","name":"Horomechanika","description":"\u017dem\u0117s \u016akio Technika","publisher":{"@id":"https:\/\/www.horomechanika.lt\/#organization"},"potentialAction":[{"@type":"SearchAction","target":{"@type":"EntryPoint","urlTemplate":"https:\/\/www.horomechanika.lt\/?s={search_term_string}"},"query-input":"required name=search_term_string"}],"inLanguage":"ru-RU"},{"@type":"Organization","@id":"https:\/\/www.horomechanika.lt\/#organization","name":"UAB \"Horo mechanika\"","url":"https:\/\/www.horomechanika.lt\/","logo":{"@type":"ImageObject","inLanguage":"ru-RU","@id":"https:\/\/www.horomechanika.lt\/#\/schema\/logo\/image\/","url":"https:\/\/www.horomechanika.lt\/wp-content\/uploads\/2020\/05\/horomechanika-logo.png","contentUrl":"https:\/\/www.horomechanika.lt\/wp-content\/uploads\/2020\/05\/horomechanika-logo.png","width":137,"height":56,"caption":"UAB \"Horo mechanika\""},"image":{"@id":"https:\/\/www.horomechanika.lt\/#\/schema\/logo\/image\/"},"sameAs":["https:\/\/www.facebook.com\/UAB-Horo-mechanika-177091812471952"]}]}},"_links":{"self":[{"href":"https:\/\/www.horomechanika.lt\/ru\/wp-json\/wp\/v2\/pages\/5503","targetHints":{"allow":["GET"]}}],"collection":[{"href":"https:\/\/www.horomechanika.lt\/ru\/wp-json\/wp\/v2\/pages"}],"about":[{"href":"https:\/\/www.horomechanika.lt\/ru\/wp-json\/wp\/v2\/types\/page"}],"author":[{"embeddable":true,"href":"https:\/\/www.horomechanika.lt\/ru\/wp-json\/wp\/v2\/users\/2"}],"replies":[{"embeddable":true,"href":"https:\/\/www.horomechanika.lt\/ru\/wp-json\/wp\/v2\/comments?post=5503"}],"version-history":[{"count":0,"href":"https:\/\/www.horomechanika.lt\/ru\/wp-json\/wp\/v2\/pages\/5503\/revisions"}],"wp:attachment":[{"href":"https:\/\/www.horomechanika.lt\/ru\/wp-json\/wp\/v2\/media?parent=5503"}],"curies":[{"name":"wp","href":"https:\/\/api.w.org\/{rel}","templated":true}]}}