{"id":722,"date":"2013-08-19T10:24:24","date_gmt":"2013-08-19T10:24:24","guid":{"rendered":"http:\/\/192.168.0.101\/user24\/mahesh\/?page_id=722"},"modified":"2013-08-19T10:24:24","modified_gmt":"2013-08-19T10:24:24","slug":"faqs","status":"publish","type":"page","link":"https:\/\/www.horomechanika.lt\/ru\/faqs\/","title":{"rendered":"FAQs"},"content":{"rendered":"<div class=\"vc_row wpb_row vc_row-fluid vc_custom_1527834519365 vc_row-has-fill\"><div class=\"wpb_column vc_column_container vc_col-sm-12\"><div class=\"vc_column-inner\"><div class=\"wpb_wrapper\"><div class=\"shortcode-title center faq-title-border\"><h1 class=\"big-title\" style=\"color:#000000;\">How can we help?<\/h1><h3 class=\"sub-title\">Ask a question or describe the problem you are facing.<\/h3><\/div><\/div><\/div><\/div><\/div><div class=\"vc_row wpb_row vc_row-fluid vc_custom_1487329367651\"><div class=\"wpb_column vc_column_container vc_col-sm-12\"><div class=\"vc_column-inner\"><div class=\"wpb_wrapper\"><div class=\"shortcode-title left\"><h1 class=\"normal-title\">Help Guides<\/h1><\/div><div class=\"vc_row wpb_row vc_inner vc_row-fluid vc_custom_1547036555119\"><div class=\"wpb_column vc_column_container vc_col-sm-3\"><div class=\"vc_column-inner\"><div class=\"wpb_wrapper\"><div class=\"shortcode-title left\"><h1 class=\"small-title\">CRM &amp; Help Desk<\/h1><\/div><ul class=\"list\"><li><a href=\"\" target=\"_self\"><i style=\"color:000000\" class=\"fa fa-caret-right\"><\/i>Eleifend tellus<\/a><\/li><li><a href=\"\" target=\"_self\"><i style=\"color:000000\" class=\"fa fa-caret-right\"><\/i>Consequat vitae<\/a><\/li><li><a href=\"\" target=\"_self\"><i style=\"color:000000\" class=\"fa fa-caret-right\"><\/i>Cras dapibus<\/a><\/li><li><a href=\"\" target=\"_self\"><i style=\"color:000000\" class=\"fa fa-caret-right\"><\/i>Vamus elementum<\/a><\/li><li><a href=\"\" target=\"_self\"><i style=\"color:000000\" class=\"fa fa-caret-right\"><\/i>Dictum felis eu<\/a><\/li><\/ul><\/div><\/div><\/div><div class=\"wpb_column vc_column_container vc_col-sm-3\"><div class=\"vc_column-inner\"><div class=\"wpb_wrapper\"><div class=\"shortcode-title left\"><h1 class=\"small-title\">CMS Integration<\/h1><\/div><ul class=\"list\"><li><a href=\"\" target=\"_self\"><i style=\"color:000000\" class=\"fa fa-caret-right\"><\/i>Shopping Cart<\/a><\/li><li><a href=\"\" target=\"_self\"><i style=\"color:000000\" class=\"fa fa-caret-right\"><\/i>3D Cart<\/a><\/li><li><a href=\"\" target=\"_self\"><i style=\"color:000000\" class=\"fa fa-caret-right\"><\/i>Prestashop<\/a><\/li><li><a href=\"\" target=\"_self\"><i style=\"color:000000\" class=\"fa fa-caret-right\"><\/i>Bigcommerce<\/a><\/li><li><a href=\"\" target=\"_self\"><i style=\"color:000000\" class=\"fa fa-caret-right\"><\/i>Magento<\/a><\/li><\/ul><\/div><\/div><\/div><div class=\"wpb_column vc_column_container vc_col-sm-3\"><div class=\"vc_column-inner\"><div class=\"wpb_wrapper\"><div class=\"shortcode-title left\"><h1 class=\"small-title\">Shopping Carts<\/h1><\/div><ul class=\"list\"><li><a href=\"\" target=\"_self\"><i style=\"color:000000\" class=\"fa fa-caret-right\"><\/i>Blogger<\/a><\/li><li><a href=\"\" target=\"_self\"><i style=\"color:000000\" class=\"fa fa-caret-right\"><\/i>Drupal<\/a><\/li><li><a href=\"\" target=\"_self\"><i style=\"color:000000\" class=\"fa fa-caret-right\"><\/i>Google Sites<\/a><\/li><li><a href=\"\" target=\"_self\"><i style=\"color:000000\" class=\"fa fa-caret-right\"><\/i>Help Scout<\/a><\/li><li><a href=\"\" target=\"_self\"><i style=\"color:000000\" class=\"fa fa-caret-right\"><\/i>Joomla<\/a><\/li><\/ul><\/div><\/div><\/div><div class=\"wpb_column vc_column_container vc_col-sm-3\"><div class=\"vc_column-inner\"><div class=\"wpb_wrapper\"><div class=\"shortcode-title left\"><h1 class=\"small-title\">CMS Block<\/h1><\/div><ul class=\"list\"><li><a href=\"\" target=\"_self\"><i style=\"color:000000\" class=\"fa fa-caret-right\"><\/i>Curabitur ullamcorper<\/a><\/li><li><a href=\"\" target=\"_self\"><i style=\"color:000000\" class=\"fa fa-caret-right\"><\/i>Aenean vulputate eleifend<\/a><\/li><li><a href=\"\" target=\"_self\"><i style=\"color:000000\" class=\"fa fa-caret-right\"><\/i>Sed fringilla mauris<\/a><\/li><li><a href=\"\" target=\"_self\"><i style=\"color:000000\" class=\"fa fa-caret-right\"><\/i>Cum sociis natoque<\/a><\/li><li><a href=\"\" target=\"_self\"><i style=\"color:000000\" class=\"fa fa-caret-right\"><\/i>Nam eget dui<\/a><\/li><\/ul><\/div><\/div><\/div><\/div><\/div><\/div><\/div><\/div><div class=\"vc_row wpb_row vc_row-fluid vc_custom_1531552403914\"><div class=\"wpb_column vc_column_container vc_col-sm-12\"><div class=\"vc_column-inner\"><div class=\"wpb_wrapper\"><div class=\"shortcode-title left\"><h1 class=\"normal-title\">Popular Questions<\/h1><\/div><div class=\"vc_row wpb_row vc_inner vc_row-fluid vc_custom_1484283113542\"><div class=\"wpb_column vc_column_container vc_col-sm-6\"><div class=\"vc_column-inner vc_custom_1481350789628\"><div class=\"wpb_wrapper\"><div class=\"faqs-container\"><div class=\"faqs-content style-2\"><div class=\"faqs-category-container\"><\/div><\/div><\/div><\/div><\/div><\/div><div class=\"faq-questions wpb_column vc_column_container vc_col-sm-6\"><div class=\"vc_column-inner vc_custom_1576221669958\"><div class=\"wpb_wrapper\"><div class=\"faqs-container\"><div class=\"faqs-content style-1\"><div class=\"faqs-category-container\"><\/div><\/div><\/div><div class=\"faqs-container\"><div class=\"faqs-content style-1\"><div class=\"faqs-category-container\"><\/div><\/div><\/div><\/div><\/div><\/div><\/div><\/div><\/div><\/div><\/div><div class=\"vc_row wpb_row vc_row-fluid vc_custom_1487329400098\"><div class=\"wpb_column vc_column_container vc_col-sm-12\"><div class=\"vc_column-inner\"><div class=\"wpb_wrapper\"><div class=\"vc_row wpb_row vc_inner vc_row-fluid\"><div class=\"wpb_column vc_column_container vc_col-sm-4\"><div class=\"vc_column-inner vc_custom_1481351240650\"><div class=\"wpb_wrapper\"><div class=\"service hb-animate-element bottom-to-top style-2\"><div class=\"service-content style-2\"><div class=\"icon\"><i class=\"service-icon fa fa-comment-o no-background\" style=\"\"><\/i><\/div><div class=\"title service-text\"><a href=\"\" target=\"_self\">Live Chat<\/a><\/div><div class=\"service-desc\"><div class=\"description other-font\">Chat directly with a Megnor Guru for immediate answers to your questions.<\/div><\/div><\/div><\/div><\/div><\/div><\/div><div class=\"wpb_column vc_column_container vc_col-sm-4\"><div class=\"vc_column-inner vc_custom_1481351248381\"><div class=\"wpb_wrapper\"><div class=\"service hb-animate-element bottom-to-top style-2\"><div class=\"service-content style-2\"><div class=\"icon\"><i class=\"service-icon fa fa-envelope-o no-background\" style=\"\"><\/i><\/div><div class=\"title service-text\"><a href=\"\" target=\"_self\">Email Us<\/a><\/div><div class=\"service-desc\"><div class=\"description other-font\">Reach us by email any time! We\u2019ll do our best to respond as quickly as possible.<\/div><\/div><\/div><\/div><\/div><\/div><\/div><div class=\"wpb_column vc_column_container vc_col-sm-4\"><div class=\"vc_column-inner vc_custom_1576221696128\"><div class=\"wpb_wrapper\"><div class=\"service hb-animate-element bottom-to-top style-2\"><div class=\"service-content style-2\"><div class=\"icon\"><i class=\"service-icon fa fa-phone no-background\" style=\"\"><\/i><\/div><div class=\"title service-text\"><a href=\"\" target=\"_self\">Call us 24X7<\/a><\/div><div class=\"service-desc\"><div class=\"description other-font\">Talk to us directly for additional help immediate answers to your questions.<\/div><\/div><\/div><\/div><\/div><\/div><\/div><\/div><\/div><\/div><\/div><\/div>","protected":false},"excerpt":{"rendered":"How can we help?Ask a question or describe the problem you are facing.Help GuidesCRM &amp; Help DeskEleifend tellusConsequat vitaeCras dapibusVamus elementumDictum felis euCMS IntegrationShopping Cart3D CartPrestashopBigcommerceMagentoShopping CartsBloggerDrupalGoogle SitesHelp ScoutJoomlaCMS BlockCurabitur ullamcorperAenean vulputate eleifendSed fringilla maurisCum sociis natoqueNam eget duiPopular QuestionsLive ChatChat directly with a Megnor Guru for immediate answers to your questions.Email UsReach us by [...]","protected":false},"author":2,"featured_media":0,"parent":0,"menu_order":0,"comment_status":"closed","ping_status":"closed","template":"","meta":{"footnotes":""},"class_list":["post-722","page","type-page","status-publish","hentry"],"yoast_head":"<!-- This site is optimized with the Yoast SEO plugin v20.1 - https:\/\/yoast.com\/wordpress\/plugins\/seo\/ -->\n<title>FAQs | Horomechanika<\/title>\n<meta name=\"robots\" content=\"index, follow, max-snippet:-1, max-image-preview:large, max-video-preview:-1\" \/>\n<link rel=\"canonical\" href=\"https:\/\/www.horomechanika.lt\/ru\/faqs\/\" \/>\n<meta property=\"og:locale\" content=\"ru_RU\" \/>\n<meta property=\"og:type\" content=\"article\" \/>\n<meta property=\"og:title\" content=\"FAQs | Horomechanika\" \/>\n<meta property=\"og:url\" content=\"https:\/\/www.horomechanika.lt\/ru\/faqs\/\" \/>\n<meta property=\"og:site_name\" content=\"Horomechanika\" \/>\n<meta property=\"article:publisher\" content=\"https:\/\/www.facebook.com\/UAB-Horo-mechanika-177091812471952\" \/>\n<meta name=\"twitter:card\" content=\"summary_large_image\" \/>\n<meta name=\"twitter:label1\" content=\"\u041f\u0440\u0438\u043c\u0435\u0440\u043d\u043e\u0435 \u0432\u0440\u0435\u043c\u044f \u0434\u043b\u044f \u0447\u0442\u0435\u043d\u0438\u044f\" \/>\n\t<meta name=\"twitter:data1\" content=\"3 \u043c\u0438\u043d\u0443\u0442\u044b\" \/>\n<script type=\"application\/ld+json\" class=\"yoast-schema-graph\">{\"@context\":\"https:\/\/schema.org\",\"@graph\":[{\"@type\":\"WebPage\",\"@id\":\"https:\/\/www.horomechanika.lt\/faqs\/\",\"url\":\"https:\/\/www.horomechanika.lt\/faqs\/\",\"name\":\"FAQs | Horomechanika\",\"isPartOf\":{\"@id\":\"https:\/\/www.horomechanika.lt\/#website\"},\"datePublished\":\"2013-08-19T10:24:24+00:00\",\"dateModified\":\"2013-08-19T10:24:24+00:00\",\"breadcrumb\":{\"@id\":\"https:\/\/www.horomechanika.lt\/faqs\/#breadcrumb\"},\"inLanguage\":\"ru-RU\",\"potentialAction\":[{\"@type\":\"ReadAction\",\"target\":[\"https:\/\/www.horomechanika.lt\/faqs\/\"]}]},{\"@type\":\"BreadcrumbList\",\"@id\":\"https:\/\/www.horomechanika.lt\/faqs\/#breadcrumb\",\"itemListElement\":[{\"@type\":\"ListItem\",\"position\":1,\"name\":\"Home\",\"item\":\"https:\/\/www.horomechanika.lt\/\"},{\"@type\":\"ListItem\",\"position\":2,\"name\":\"FAQs\"}]},{\"@type\":\"WebSite\",\"@id\":\"https:\/\/www.horomechanika.lt\/#website\",\"url\":\"https:\/\/www.horomechanika.lt\/\",\"name\":\"Horomechanika\",\"description\":\"\u017dem\u0117s \u016akio Technika\",\"publisher\":{\"@id\":\"https:\/\/www.horomechanika.lt\/#organization\"},\"potentialAction\":[{\"@type\":\"SearchAction\",\"target\":{\"@type\":\"EntryPoint\",\"urlTemplate\":\"https:\/\/www.horomechanika.lt\/?s={search_term_string}\"},\"query-input\":\"required name=search_term_string\"}],\"inLanguage\":\"ru-RU\"},{\"@type\":\"Organization\",\"@id\":\"https:\/\/www.horomechanika.lt\/#organization\",\"name\":\"UAB \\\"Horo mechanika\\\"\",\"url\":\"https:\/\/www.horomechanika.lt\/\",\"logo\":{\"@type\":\"ImageObject\",\"inLanguage\":\"ru-RU\",\"@id\":\"https:\/\/www.horomechanika.lt\/#\/schema\/logo\/image\/\",\"url\":\"https:\/\/www.horomechanika.lt\/wp-content\/uploads\/2020\/05\/horomechanika-logo.png\",\"contentUrl\":\"https:\/\/www.horomechanika.lt\/wp-content\/uploads\/2020\/05\/horomechanika-logo.png\",\"width\":137,\"height\":56,\"caption\":\"UAB \\\"Horo mechanika\\\"\"},\"image\":{\"@id\":\"https:\/\/www.horomechanika.lt\/#\/schema\/logo\/image\/\"},\"sameAs\":[\"https:\/\/www.facebook.com\/UAB-Horo-mechanika-177091812471952\"]}]}<\/script>\n<!-- \/ Yoast SEO plugin. -->","yoast_head_json":{"title":"FAQs | Horomechanika","robots":{"index":"index","follow":"follow","max-snippet":"max-snippet:-1","max-image-preview":"max-image-preview:large","max-video-preview":"max-video-preview:-1"},"canonical":"https:\/\/www.horomechanika.lt\/ru\/faqs\/","og_locale":"ru_RU","og_type":"article","og_title":"FAQs | Horomechanika","og_url":"https:\/\/www.horomechanika.lt\/ru\/faqs\/","og_site_name":"Horomechanika","article_publisher":"https:\/\/www.facebook.com\/UAB-Horo-mechanika-177091812471952","twitter_card":"summary_large_image","twitter_misc":{"\u041f\u0440\u0438\u043c\u0435\u0440\u043d\u043e\u0435 \u0432\u0440\u0435\u043c\u044f \u0434\u043b\u044f \u0447\u0442\u0435\u043d\u0438\u044f":"3 \u043c\u0438\u043d\u0443\u0442\u044b"},"schema":{"@context":"https:\/\/schema.org","@graph":[{"@type":"WebPage","@id":"https:\/\/www.horomechanika.lt\/faqs\/","url":"https:\/\/www.horomechanika.lt\/faqs\/","name":"FAQs | Horomechanika","isPartOf":{"@id":"https:\/\/www.horomechanika.lt\/#website"},"datePublished":"2013-08-19T10:24:24+00:00","dateModified":"2013-08-19T10:24:24+00:00","breadcrumb":{"@id":"https:\/\/www.horomechanika.lt\/faqs\/#breadcrumb"},"inLanguage":"ru-RU","potentialAction":[{"@type":"ReadAction","target":["https:\/\/www.horomechanika.lt\/faqs\/"]}]},{"@type":"BreadcrumbList","@id":"https:\/\/www.horomechanika.lt\/faqs\/#breadcrumb","itemListElement":[{"@type":"ListItem","position":1,"name":"Home","item":"https:\/\/www.horomechanika.lt\/"},{"@type":"ListItem","position":2,"name":"FAQs"}]},{"@type":"WebSite","@id":"https:\/\/www.horomechanika.lt\/#website","url":"https:\/\/www.horomechanika.lt\/","name":"Horomechanika","description":"\u017dem\u0117s \u016akio Technika","publisher":{"@id":"https:\/\/www.horomechanika.lt\/#organization"},"potentialAction":[{"@type":"SearchAction","target":{"@type":"EntryPoint","urlTemplate":"https:\/\/www.horomechanika.lt\/?s={search_term_string}"},"query-input":"required name=search_term_string"}],"inLanguage":"ru-RU"},{"@type":"Organization","@id":"https:\/\/www.horomechanika.lt\/#organization","name":"UAB \"Horo mechanika\"","url":"https:\/\/www.horomechanika.lt\/","logo":{"@type":"ImageObject","inLanguage":"ru-RU","@id":"https:\/\/www.horomechanika.lt\/#\/schema\/logo\/image\/","url":"https:\/\/www.horomechanika.lt\/wp-content\/uploads\/2020\/05\/horomechanika-logo.png","contentUrl":"https:\/\/www.horomechanika.lt\/wp-content\/uploads\/2020\/05\/horomechanika-logo.png","width":137,"height":56,"caption":"UAB \"Horo mechanika\""},"image":{"@id":"https:\/\/www.horomechanika.lt\/#\/schema\/logo\/image\/"},"sameAs":["https:\/\/www.facebook.com\/UAB-Horo-mechanika-177091812471952"]}]}},"_links":{"self":[{"href":"https:\/\/www.horomechanika.lt\/ru\/wp-json\/wp\/v2\/pages\/722","targetHints":{"allow":["GET"]}}],"collection":[{"href":"https:\/\/www.horomechanika.lt\/ru\/wp-json\/wp\/v2\/pages"}],"about":[{"href":"https:\/\/www.horomechanika.lt\/ru\/wp-json\/wp\/v2\/types\/page"}],"author":[{"embeddable":true,"href":"https:\/\/www.horomechanika.lt\/ru\/wp-json\/wp\/v2\/users\/2"}],"replies":[{"embeddable":true,"href":"https:\/\/www.horomechanika.lt\/ru\/wp-json\/wp\/v2\/comments?post=722"}],"version-history":[{"count":0,"href":"https:\/\/www.horomechanika.lt\/ru\/wp-json\/wp\/v2\/pages\/722\/revisions"}],"wp:attachment":[{"href":"https:\/\/www.horomechanika.lt\/ru\/wp-json\/wp\/v2\/media?parent=722"}],"curies":[{"name":"wp","href":"https:\/\/api.w.org\/{rel}","templated":true}]}}