{"id":9940,"date":"2019-05-15T05:43:27","date_gmt":"2019-05-15T05:43:27","guid":{"rendered":"http:\/\/wordpress.templatemela.com\/woo\/WCM05\/WCM050111\/?page_id=3"},"modified":"2020-06-04T10:31:06","modified_gmt":"2020-06-04T07:31:06","slug":"privatumo-politika","status":"publish","type":"page","link":"https:\/\/www.horomechanika.lt\/ru\/privatumo-politika\/","title":{"rendered":"Privatumo politika"},"content":{"rendered":"<p><p><span style=\"font-weight: 400;\">Mes, UAB \u201eHoro mechanika\u201c, juridinio asmens kodas 3005454502, buvein\u0117s adresas J.Basanavi\u010diaus 101a, LT-76136 \u0160iauliai, Lietuva (Toliau \u2014\u012emon\u0117), gerbiame ir saugome kiekvieno duomen\u0173 subjekto privatum\u0105 bei \u012fsipareigojame s\u0105\u017einingai bei teis\u0117tai tvarkyti ir pri\u017ei\u016br\u0117ti asmens duomenis.<\/span><\/p>\n<p><span style=\"font-weight: 400;\">Esame \u012fsipareigoj\u0119 saugoti asmens duomenis, surinktus apie svetain\u0117s lankytojus ir atliek\u0173 tur\u0117tojus, taip, kaip nurodyta \u0161ioje \u012emon\u0117s privatumo ir asmens duomen\u0173 tvarkymo politikoje (toliau \u2013 Privatumo politika). \u0160ioje Privatumo politikoje paai\u0161kinama m\u016bs\u0173 politika d\u0117l renkamos informacijos (\u012fskaitant asmens duomenis), informacijos rinkimo prie\u017eastys ir naudojimas.<\/span><\/p>\n<p><span style=\"font-weight: 400;\">Mes galime periodi\u0161kai keisti Privatumo politik\u0105. Bet kuriuo atveju pakeit\u0119 Privatumo politik\u0105 mes Jums prane\u0161ime apie \u0161iuos pakeitimus, pakeist\u0105 Privatumo politik\u0105 paskalbdami \u012emon\u0117s interneto svetain\u0117je (\u201eSvetain\u0117\u201c). Tod\u0117l patariame jums periodi\u0161kai apsilankyti m\u016bs\u0173 Svetain\u0117je ir per\u017ei\u016br\u0117ti Privatumo politik\u0105.<\/span><\/p>\n<h2><b>Asmens duomen\u0173 kategorijos<\/b><\/h2>\n<p><span style=\"font-weight: 400;\">Pagrindin\u0117s asmens duomen\u0173, kuriuos renka \u012emon\u0117 kategorijos, \u012fskaitant, bet neapsiribojant, yra:<\/span><\/p>\n<p><span style=\"font-weight: 400;\">Asmens tapatyb\u0117s duomenys \u2013 pavyzd\u017eiui, vardas, pavard\u0117, asmens kodas, ir gimimo data.<\/span><\/p>\n<p><span style=\"font-weight: 400;\">Kontaktiniai duomenys \u2013 pavyzd\u017eiui, adresas, telefono numeris, el. pa\u0161to adresas.<\/span><\/p>\n<p><span style=\"font-weight: 400;\">Duomenys apie ry\u0161ius su juridiniais asmenimis \u2013 pavyzd\u017eiui, asmens, atstovaujan\u010dio klient\u0105 (juridin\u012f asmen\u012f) kontaktiniai duomenys.<\/span><\/p>\n<p><span style=\"font-weight: 400;\">Finansiniai duomenys \u2013 pavyzd\u017eiui, duomenys apie s\u0105skaitas, duomenys apie nepadengtus \u012fsiskolinimus.<\/span><\/p>\n<p><span style=\"font-weight: 400;\">Duomenys, gaunami ir (arba) sukuriami vykdant teis\u0117s akt\u0173 reikalavimus \u2013 pavyzd\u017eiui, duomenys, gauti pagal teis\u0117saugos institucij\u0173, notar\u0173, mokes\u010di\u0173 administratoriaus, teism\u0173 ir antstoli\u0173 paklausimus.<\/span><\/p>\n<p><span style=\"font-weight: 400;\">Vaizdo steb\u0117jimo duomenys \u2013 pavyzd\u017eiui, duomenys, surinkti vaizdo \u012fra\u0161ymo priemon\u0117mis.<\/span><\/p>\n<p><span style=\"font-weight: 400;\">&nbsp;Duomenys apie prioritetus ir pasitenkinim\u0105 paslaugomis, pavyzd\u017eiui, duomenys apie aktyvum\u0105 naudojantis paslaugomis, klientui teikiamas paslaugas, kliento atsiliepimus apie paslaugas, duomenys apie tai, ar klientas patenkintas paslaugomis, \u012fskaitant garso \u012fra\u0161ym\u0105.<\/span><\/p>\n<h2><b>\u012emon\u0117s tvarkomi Asmens duomenys ir j\u0173 gavimo \u0161altiniai<\/b><\/h2>\n<h3><b>Netiesiogiai arba ne i\u0161 duomen\u0173 subjekto gaunami duomenys.<\/b><\/h3>\n<ul>\n<li style=\"font-weight: 400;\"><span style=\"font-weight: 400;\">Mok\u0117tojo kodas;<\/span><\/li>\n<li style=\"font-weight: 400;\"><span style=\"font-weight: 400;\">Mok\u0117tojo vardas, pavard\u0117;<\/span><\/li>\n<li style=\"font-weight: 400;\"><span style=\"font-weight: 400;\">Asmens kodas;<\/span><\/li>\n<li style=\"font-weight: 400;\"><span style=\"font-weight: 400;\">PVM kodas;<\/span><\/li>\n<li style=\"font-weight: 400;\"><span style=\"font-weight: 400;\">Korespondencijos adresas;<\/span><\/li>\n<li style=\"font-weight: 400;\"><span style=\"font-weight: 400;\">Mok\u0117jimo prane\u0161imai i\u0161si\u0173sti gyvenamosios vietos deklaruotu arba kitu korespondencijos adresu;<\/span><\/li>\n<li style=\"font-weight: 400;\"><span style=\"font-weight: 400;\">Skolininko b\u016bsenos;<\/span><\/li>\n<li style=\"font-weight: 400;\"><span style=\"font-weight: 400;\">Skolininko procesai;<\/span><\/li>\n<li style=\"font-weight: 400;\"><span style=\"font-weight: 400;\">E-s\u0105skaita;<\/span><\/li>\n<\/ul>\n<p><span style=\"font-weight: 400;\">&nbsp;<\/span><\/p>\n<h3><b>I\u0161 duomen\u0173 subjekto (\u0161altinis) gaunami duomenys.<\/b><\/h3>\n<ul>\n<li style=\"font-weight: 400;\"><span style=\"font-weight: 400;\">Mok\u0117tojo telefono numeris;<\/span><\/li>\n<li style=\"font-weight: 400;\"><span style=\"font-weight: 400;\">Mok\u0117tojo El. pa\u0161tas;<\/span><\/li>\n<li style=\"font-weight: 400;\"><span style=\"font-weight: 400;\">Mok\u0117tojo korespondencijos adresas, jei j\u012f pateikia pats duomen\u0173 subjektas.<\/span><\/li>\n<\/ul>\n<p><span style=\"font-weight: 400;\">&nbsp;<\/span><\/p>\n<h3><b>Be jau \u012fvardint\u0173 duomen\u0173, \u012fmon\u0117 renka:<\/b><\/h3>\n<ul>\n<li style=\"font-weight: 400;\"><span style=\"font-weight: 400;\">\u012emon\u0117s darbuotoj\u0173 (\u0161altinis) duomenis;<\/span><\/li>\n<li style=\"font-weight: 400;\"><span style=\"font-weight: 400;\">Kandidat\u0173 (\u0161altinis), siekian\u010di\u0173 \u012fsidarbinti \u012emon\u0117je duomenis, tokius, kaip vardas, pavard\u0117, kontaktiniai duomenys, kandidato kompetencij\u0105 patvirtinantys duomenys ir kiti duomenys, kuriuos pateikia pats kandidatas;<\/span><\/li>\n<li style=\"font-weight: 400;\"><span style=\"font-weight: 400;\">\u012emon\u0117s kontrahent\u0173 (\u0161altinis) duomenis.<\/span><\/li>\n<\/ul>\n<p><span style=\"font-weight: 400;\">&nbsp;<\/span><\/p>\n<h3><b>Asmens duomen\u0173 tvarkymo tikslai<\/b><\/h3>\n<p><span style=\"font-weight: 400;\">Pagrindiniai tikslai, kuri\u0173 siekia \u012emon\u0117 tvarkydama asmens duomenis:<\/span><\/p>\n<ul>\n<li style=\"font-weight: 400;\"><span style=\"font-weight: 400;\">vidaus administravimas (strukt\u016bros tvarkymas, ra\u0161tvedybos tvarkymas, finans\u0173 ir buhalterin\u0117s apskaitos tvarkymas, kandidat\u0173, siekian\u010di\u0173 \u012fsidarbinti \u012emon\u0117je atranka): d\u0117l \u012emon\u0117s teis\u0117to intereso, taip pat vykdydami teis\u0117s akt\u0173 reikalavimus ir siekdami vidaus administravimo tiksl\u0173, tvarkome asmens duomenis;<\/span><\/li>\n<li style=\"font-weight: 400;\"><span style=\"font-weight: 400;\">\u012fsiskolinimo valdymas: su tuo susijusius asmens duomenis tvarkome, siekiant valdyti kliento \u012fsiskolinim\u0105, kai tai yra b\u016btina vykdant sutart\u012f ar siekiant \u012emon\u0117s teis\u0117to intereso u\u017etikrinti skol\u0173 valdym\u0105;<\/span><\/li>\n<li style=\"font-weight: 400;\"><span style=\"font-weight: 400;\">teisini\u0173 reikalavim\u0173 pateikimas, \u012fvykdymas ir gynimas: asmens duomenis tvarkome teisini\u0173 reikalavim\u0173 pateikimo, vykdymo, perleidimo ir gynimo tikslais, kai tai yra b\u016btina vykdant teisin\u0119 pareig\u0105, arba siekiant \u012emon\u0117s teis\u0117to intereso, susijusio su teisini\u0173 reikalavim\u0173 vykdymu;<\/span><\/li>\n<li style=\"font-weight: 400;\"><span style=\"font-weight: 400;\">tiesiogin\u0117 rinkodara, kliento nuomon\u0117s teiravimasis, \u012emon\u0117, gavusi kliento sutikim\u0105, tvarko asmens duomenis tiesiogin\u0117s rinkodaros tikslu;<\/span><\/li>\n<li style=\"font-weight: 400;\"><span style=\"font-weight: 400;\">u\u017eklaus\u0173 valdymas: kad atsakytum\u0117me \u012f J\u016bs\u0173 u\u017eklausas \u012emon\u0117s teis\u0117tu interesu tvarkome J\u016bs\u0173 asmens duomenis.<\/span><\/li>\n<\/ul>\n<h3><b>Vaizdo steb\u0117jimas<\/b><\/h3>\n<p><span style=\"font-weight: 400;\">\u012emon\u0117 vykdo vaizdo duomen\u0173 steb\u0117jim\u0105 \u012emon\u0117s patalpose ir j\u0173 prieigose. \u012emon\u0117s vykdomas vaizdo steb\u0117jimas, nes d\u0117l darbo specifikos b\u016btina u\u017etikrinti turto ir asmen\u0173 saugum\u0105, o kiti b\u016bdai ar priemon\u0117s yra nepakankamos ir (arba) netinkamos siekiant \u0161io tikslo (teisinis duomen\u0173 tvarkymo pagrindas \u2013\u012emon\u0117s teis\u0117tas interesas tinkamai suteikti paslaug\u0105 ir apsaugoti savo ir klient\u0173 turt\u0105). Vaizdo steb\u0117jimo priemon\u0117mis vykdo atliek\u0173 surinkimo viet\u0173 ir j\u0173 prieig\u0173 steb\u0117jim\u0105 Vilniaus miesto savivaldyb\u0117s atliek\u0173 tvarkymo &nbsp;taisykli\u0173 laikymosi kontrol\u0117s tikslais.<\/span><\/p>\n<h3><b>Duomen\u0173 saugojimo laikotarpis<\/b><\/h3>\n<p><span style=\"font-weight: 400;\">\u012emon\u0117 tvarko duomenis ne ilgiau nei reikia duomen\u0173 rinkimo tikslui pasiekti. Asmens duomen\u0173 saugojimo laikotarpis apibr\u0117\u017eiamas atsi\u017evelgiant \u012f \u012emon\u0117s teis\u0117t\u0105 interes\u0105 arba teis\u0117s akt\u0173 reikalavimus (pvz., reglamentuojan\u010dius apskaitos, archyvavimo reikalavimus, ie\u0161kinio senaties termin\u0105 ir kt.).&nbsp;<\/span><\/p>\n<h3><b>Duomen\u0173 gav\u0117j\u0173 kategorijos<\/b><\/h3>\n<p><span style=\"font-weight: 400;\">Auk\u0161\u010diau nurodytais tikslais surinkti asmens duomenys gali b\u016bti perduodami gav\u0117jams, tokiems kaip: valstyb\u0117s \u012fstaigos ir institucijos, teis\u0117saugos institucijos, teismai ir kitos gin\u010dus nagrin\u0117jan\u010dios institucijos, kiti asmenys, vykdantys \u012fstatym\u0173 jiems pavestas funkcijas (pavyzd\u017eiui, \u017ealos vertinimo \u012fmon\u0117s, antstoliai, notarai, skol\u0173 i\u0161ie\u0161kojimo \u012fmon\u0117s, bankroto administratoriai, prie\u017ei\u016bros institucijos).<\/span><\/p>\n<p><span style=\"font-weight: 400;\">Asmens duomen\u0173 tvarkymui \u012emon\u0117 gali pasitelkti duomen\u0173 tvarkytojus (pavyzd\u017eiui, finansus administruojan\u010dias bendroves -\u012fskaitant, bet neapsiribojant: , Lietuvoje ir u\u017esienyje veikiantys komerciniai bankai, skol\u0173 i\u0161ie\u0161kojimo bendrov\u0117s, advokat\u0173 kontoros,&nbsp; AB \u201eLietuvos pa\u0161tas\u201c, UAB \u201eMok\u0117jimo paslaugos\u201c, UAB \u201ePerlo\u201c paslaugos, UAB \u201eViena s\u0105skaita\u201c), tiesiogin\u0117s rinkodaros paslaug\u0173 teik\u0117jus, rinkos tyrim\u0173 ar verslo analitikos paslaug\u0173 teik\u0117jus, duomen\u0173 bazi\u0173 programin\u0117s \u012frangos tiek\u0117jus, duomen\u0173 bazi\u0173 administravimo paslaug\u0173 teik\u0117jus, duomen\u0173 centr\u0173, ir debesijos paslaug\u0173 teik\u0117jus). Tokiais atvejais \u012emon\u0117 imasi reikiam\u0173 priemoni\u0173 siekiant u\u017etikrinti, kad tokie duomen\u0173 tvarkytojai asmens duomenis tvarkyt\u0173, laikydamiesi \u012emon\u0117s nurodym\u0173 ir galiojan\u010di\u0173 teis\u0117s akt\u0173, bei reikalauja \u012fgyvendinti tinkamas asmens duomen\u0173 saugumo priemones.<\/span><\/p>\n<h3><b>J\u016bs\u0173 turimos teis\u0117s<\/b><\/h3>\n<p><span style=\"font-weight: 400;\">Pateikdami pra\u0161ym\u0105 \u012emonei, J\u016bs turite teis\u0119 pra\u0161yti:<\/span><\/p>\n<ul>\n<li style=\"font-weight: 400;\"><span style=\"font-weight: 400;\">susipa\u017einti su jos tvarkomais J\u016bs\u0173 asmens duomenimis (BDAR 15 str.);<\/span><\/li>\n<li style=\"font-weight: 400;\"><span style=\"font-weight: 400;\">i\u0161taisyti neteisingus, nei\u0161samius, netikslius savo asmens duomenis (BDAR 16 str.);<\/span><\/li>\n<li style=\"font-weight: 400;\"><span style=\"font-weight: 400;\">i\u0161trinti savo duomenis-\u201eteis\u0117 b\u016bti pamir\u0161tam\u201c (BDAR 17 str.);<\/span><\/li>\n<li style=\"font-weight: 400;\"><span style=\"font-weight: 400;\">apriboti savo duomen\u0173 tvarkymo veiksmus (BDAR 18 str.);<\/span><\/li>\n<li style=\"font-weight: 400;\"><span style=\"font-weight: 400;\">perkelti savo asmens duomenis- teis\u0117 \u012f duomen\u0173 perkeliamum\u0105 (BDAR 20 str.).<\/span><\/li>\n<\/ul>\n<p><span style=\"font-weight: 400;\">&nbsp;<\/span><\/p>\n<p><span style=\"font-weight: 400;\">Savo teises galite \u012fgyvendinti susisiekdami su mumis vienu i\u0161 \u0161i\u0173 b\u016bd\u0173:<\/span><\/p>\n<p><span style=\"font-weight: 400;\">2) pateikdami ra\u0161ytin\u012f pra\u0161ym\u0105 \u012emonei adresu J.Basanavi\u010diaus 101a, LT-76136 \u0160iauliai, Lietuva. Pateikiant pra\u0161ym\u0105 pa\u0161tu ar per pasiuntin\u012f, kartu reikia pateikti asmens tapatyb\u0119 patvirtinan\u010dio dokumento kopij\u0105, patvirtint\u0105 notaro, ar seni\u016bno (jei pra\u0161ym\u0105 teikia ne duomen\u0173 subjektas, b\u016btina prid\u0117ti notaro ar seni\u016bno patvirtint\u0105 duomen\u0173 subjekto \u012fgaliojim\u0105 arba sutikim\u0105).<\/span><\/p>\n<p><span style=\"font-weight: 400;\">\u012emon\u0117 \u012fsipareigoja atsakyti \u012f J\u016bs\u0173 pra\u0161ym\u0105 per 30 kalendorini\u0173 dien\u0173. Atsakymo laikotarpis gali b\u016bti prat\u0119stas dar dviem m\u0117nesiais, atsi\u017evelgiant \u012f pra\u0161ymo sud\u0117tingum\u0105 ir nagrin\u0117jam\u0173 pra\u0161ym\u0173 skai\u010di\u0173, ta\u010diau per 30 kalendorini\u0173 dien\u0173 nuo pra\u0161ymo gavimo dienos duomen\u0173 subjektas privalo b\u016bti informuotas apie jo pra\u0161ymo nagrin\u0117jimo termino prat\u0119sim\u0105 ir pateikti termino prat\u0119simo prie\u017eastis.<\/span><\/p>\n<p><span style=\"font-weight: 400;\">J\u016bs turite teis\u0119 pateikti skund\u0105 prie\u017ei\u016bros institucijai, jeigu manote, kad \u012emon\u0117 netinkamai tvarko J\u016bs\u0173 asmens duomenis. &nbsp;<\/span><\/p>\n<p><span style=\"font-weight: 400;\">Prie\u017ei\u016bros institucija \u2013 valstyb\u0117s nar\u0117s pagal BDAR 51 straipsn\u012f \u012fsteigta nepriklausoma vald\u017eios institucija. \u012emon\u0117s at\u017evilgiu tai Valstybin\u0117 duomen\u0173 apsaugos inspekcija (Juridinio asmens kodas 188607912, L. Sapiegos g. 17, 10312 Vilnius, el. pa\u0161tas&nbsp;<\/span><a href=\"mailto:ada@ada.lt\"><span style=\"font-weight: 400;\">ada@ada.lt<\/span><\/a><span style=\"font-weight: 400;\">);<\/span><\/p>\n<p><span style=\"font-weight: 400;\">Savo sutikim\u0105 gauti naujienlai\u0161kius ir \u012emonei rinkti ir tvarkyti J\u016bs\u0173 pateiktus asmens duomenis tiesiogin\u0117s rinkodaros tikslais galite duoti ir bet kada at\u0161aukti, i\u0161si\u0173sdami lai\u0161k\u0105 elektroninio pa\u0161to adresu&nbsp;info@horomechanika.lt.<\/span><\/p>\n<h3><b>Duomen\u0173 saugumas<\/b><\/h3>\n<p><span style=\"font-weight: 400;\">Mums svarbu apsaugoti J\u016bs\u0173 asmens duomenis. Mes suprantame saugumo svarb\u0105 ir metodus, kuri\u0173 reikia informacijai apsaugoti. Imam\u0117s reikiam\u0173 priemoni\u0173 apsaugoti nuo informacijos, kuri\u0105 surinkome i\u0161 J\u016bs\u0173, praradimo, piktnaud\u017eiavimo ja ar jos pakeitimo.<\/span><\/p>\n<p><span style=\"font-weight: 400;\">\u012emon\u0117, kaip duomen\u0173 valdytojas, taip pat reikalauja ir i\u0161 savo duomen\u0173 tvarkytoj\u0173, grie\u017etai laikytis Lietuvos Respublikoje galiojan\u010di\u0173 teis\u0117s akt\u0173, reglamentuojan\u010di\u0173 asmens duomen\u0173 apsaug\u0105, bei imtis vis\u0173 organizacini\u0173 ir technini\u0173 priemoni\u0173, skirt\u0173 apsaugoti J\u016bs\u0173 asmens duomenis nuo atsitiktinio ar neteis\u0117to j\u0173 sunaikinimo, pakeitimo, atskleidimo, taip pat nuo bet kokio kito neteis\u0117to tvarkymo.<\/span><\/p>\n<h3><b>M\u016bs\u0173 atsakomyb\u0117s ribojimas<\/b><\/h3>\n<p><span style=\"font-weight: 400;\">\u012emon\u0117 n\u0117ra atsakinga u\u017e \u012fvykius, kuri\u0173 negali tiesiogiai kontroliuoti. Mes negalime garantuoti, kad nebus veikimo klaid\u0173 apsaugant J\u016bs\u0173 asmens duomenis. Be to, mes taip pat neatsakome u\u017e jokius tiesioginius ar netiesioginius \u012fvykius ar \u017eal\u0105 naudojant ir (arba) pateikiant J\u016bs\u0173 asmens duomenis, \u012fskaitant, be viso kito, rizik\u0105 asmens duomenims d\u0117l klaid\u0173, neteis\u0117tos tre\u010di\u0173j\u0173 \u0161ali\u0173 prieigos ir bet kuri\u0173 kit\u0173 veiksni\u0173, kuri\u0173 negalime tiesiogiai kontroliuoti.<\/span><\/p>\n<h3><b>Kontaktin\u0117 informacija<\/b><\/h3>\n<p><span style=\"font-weight: 400;\">Visais klausimais d\u0117l Privatumo politikos galite kreiptis:<\/span><\/p>\n<p><span style=\"font-weight: 400;\">J.Basanavi\u010diaus 101a, LT-76136 \u0160iauliai, Lietuva El. pa\u0161tas:&nbsp;<\/span><a href=\"mailto:info@horomechanika.lt\"><span style=\"font-weight: 400;\">info@horomechanika.lt<\/span><\/a><span style=\"font-weight: 400;\">&nbsp;<\/span><\/p>\n<p><span style=\"font-weight: 400;\">Telefonas: +370 61037634.<\/span><\/p>\n<p>&nbsp;<\/p><\/p>","protected":false},"excerpt":{"rendered":"<p>Mes, UAB \u201eHoro mechanika\u201c, juridinio asmens kodas 3005454502, buvein\u0117s adresas J.Basanavi\u010diaus 101a, LT-76136 \u0160iauliai, Lietuva (Toliau \u2014\u012emon\u0117), gerbiame ir saugome kiekvieno duomen\u0173 subjekto privatum\u0105 bei \u012fsipareigojame s\u0105\u017einingai bei teis\u0117tai tvarkyti ir pri\u017ei\u016br\u0117ti asmens duomenis. Esame \u012fsipareigoj\u0119 saugoti asmens duomenis, surinktus apie svetain\u0117s lankytojus ir atliek\u0173 tur\u0117tojus, taip, kaip nurodyta \u0161ioje \u012emon\u0117s privatumo ir asmens duomen\u0173 [&hellip;]<\/p>","protected":false},"author":2,"featured_media":0,"parent":0,"menu_order":0,"comment_status":"closed","ping_status":"open","template":"","meta":{"footnotes":""},"class_list":["post-9940","page","type-page","status-publish","hentry"],"yoast_head":"<!-- This site is optimized with the Yoast SEO plugin v20.1 - https:\/\/yoast.com\/wordpress\/plugins\/seo\/ -->\n<title>Privatumo politika | Horomechanika<\/title>\n<meta name=\"robots\" content=\"index, follow, max-snippet:-1, max-image-preview:large, max-video-preview:-1\" \/>\n<link rel=\"canonical\" href=\"https:\/\/www.horomechanika.lt\/ru\/privatumo-politika\/\" \/>\n<meta property=\"og:locale\" content=\"ru_RU\" \/>\n<meta property=\"og:type\" content=\"article\" \/>\n<meta property=\"og:title\" content=\"Privatumo politika | Horomechanika\" \/>\n<meta property=\"og:description\" content=\"Mes, UAB \u201eHoro mechanika\u201c, juridinio asmens kodas 3005454502, buvein\u0117s adresas J.Basanavi\u010diaus 101a, LT-76136 \u0160iauliai, Lietuva (Toliau \u2014\u012emon\u0117), gerbiame ir saugome kiekvieno duomen\u0173 subjekto privatum\u0105 bei \u012fsipareigojame s\u0105\u017einingai bei teis\u0117tai tvarkyti ir pri\u017ei\u016br\u0117ti asmens duomenis. Esame \u012fsipareigoj\u0119 saugoti asmens duomenis, surinktus apie svetain\u0117s lankytojus ir atliek\u0173 tur\u0117tojus, taip, kaip nurodyta \u0161ioje \u012emon\u0117s privatumo ir asmens duomen\u0173 [&hellip;]\" \/>\n<meta property=\"og:url\" content=\"https:\/\/www.horomechanika.lt\/ru\/privatumo-politika\/\" \/>\n<meta property=\"og:site_name\" content=\"Horomechanika\" \/>\n<meta property=\"article:publisher\" content=\"https:\/\/www.facebook.com\/UAB-Horo-mechanika-177091812471952\" \/>\n<meta property=\"article:modified_time\" content=\"2020-06-04T07:31:06+00:00\" \/>\n<meta name=\"twitter:card\" content=\"summary_large_image\" \/>\n<meta name=\"twitter:label1\" content=\"\u041f\u0440\u0438\u043c\u0435\u0440\u043d\u043e\u0435 \u0432\u0440\u0435\u043c\u044f \u0434\u043b\u044f \u0447\u0442\u0435\u043d\u0438\u044f\" \/>\n\t<meta name=\"twitter:data1\" content=\"7 \u043c\u0438\u043d\u0443\u0442\" \/>\n<script type=\"application\/ld+json\" class=\"yoast-schema-graph\">{\"@context\":\"https:\/\/schema.org\",\"@graph\":[{\"@type\":\"WebPage\",\"@id\":\"https:\/\/www.horomechanika.lt\/privatumo-politika\/\",\"url\":\"https:\/\/www.horomechanika.lt\/privatumo-politika\/\",\"name\":\"Privatumo politika | Horomechanika\",\"isPartOf\":{\"@id\":\"https:\/\/www.horomechanika.lt\/#website\"},\"datePublished\":\"2019-05-15T05:43:27+00:00\",\"dateModified\":\"2020-06-04T07:31:06+00:00\",\"breadcrumb\":{\"@id\":\"https:\/\/www.horomechanika.lt\/privatumo-politika\/#breadcrumb\"},\"inLanguage\":\"ru-RU\",\"potentialAction\":[{\"@type\":\"ReadAction\",\"target\":[\"https:\/\/www.horomechanika.lt\/privatumo-politika\/\"]}]},{\"@type\":\"BreadcrumbList\",\"@id\":\"https:\/\/www.horomechanika.lt\/privatumo-politika\/#breadcrumb\",\"itemListElement\":[{\"@type\":\"ListItem\",\"position\":1,\"name\":\"Home\",\"item\":\"https:\/\/www.horomechanika.lt\/\"},{\"@type\":\"ListItem\",\"position\":2,\"name\":\"Privatumo politika\"}]},{\"@type\":\"WebSite\",\"@id\":\"https:\/\/www.horomechanika.lt\/#website\",\"url\":\"https:\/\/www.horomechanika.lt\/\",\"name\":\"Horomechanika\",\"description\":\"\u017dem\u0117s \u016akio Technika\",\"publisher\":{\"@id\":\"https:\/\/www.horomechanika.lt\/#organization\"},\"potentialAction\":[{\"@type\":\"SearchAction\",\"target\":{\"@type\":\"EntryPoint\",\"urlTemplate\":\"https:\/\/www.horomechanika.lt\/?s={search_term_string}\"},\"query-input\":\"required name=search_term_string\"}],\"inLanguage\":\"ru-RU\"},{\"@type\":\"Organization\",\"@id\":\"https:\/\/www.horomechanika.lt\/#organization\",\"name\":\"UAB \\\"Horo mechanika\\\"\",\"url\":\"https:\/\/www.horomechanika.lt\/\",\"logo\":{\"@type\":\"ImageObject\",\"inLanguage\":\"ru-RU\",\"@id\":\"https:\/\/www.horomechanika.lt\/#\/schema\/logo\/image\/\",\"url\":\"https:\/\/www.horomechanika.lt\/wp-content\/uploads\/2020\/05\/horomechanika-logo.png\",\"contentUrl\":\"https:\/\/www.horomechanika.lt\/wp-content\/uploads\/2020\/05\/horomechanika-logo.png\",\"width\":137,\"height\":56,\"caption\":\"UAB \\\"Horo mechanika\\\"\"},\"image\":{\"@id\":\"https:\/\/www.horomechanika.lt\/#\/schema\/logo\/image\/\"},\"sameAs\":[\"https:\/\/www.facebook.com\/UAB-Horo-mechanika-177091812471952\"]}]}<\/script>\n<!-- \/ Yoast SEO plugin. -->","yoast_head_json":{"title":"Privatumo politika | Horomechanika","robots":{"index":"index","follow":"follow","max-snippet":"max-snippet:-1","max-image-preview":"max-image-preview:large","max-video-preview":"max-video-preview:-1"},"canonical":"https:\/\/www.horomechanika.lt\/ru\/privatumo-politika\/","og_locale":"ru_RU","og_type":"article","og_title":"Privatumo politika | Horomechanika","og_description":"Mes, UAB \u201eHoro mechanika\u201c, juridinio asmens kodas 3005454502, buvein\u0117s adresas J.Basanavi\u010diaus 101a, LT-76136 \u0160iauliai, Lietuva (Toliau \u2014\u012emon\u0117), gerbiame ir saugome kiekvieno duomen\u0173 subjekto privatum\u0105 bei \u012fsipareigojame s\u0105\u017einingai bei teis\u0117tai tvarkyti ir pri\u017ei\u016br\u0117ti asmens duomenis. Esame \u012fsipareigoj\u0119 saugoti asmens duomenis, surinktus apie svetain\u0117s lankytojus ir atliek\u0173 tur\u0117tojus, taip, kaip nurodyta \u0161ioje \u012emon\u0117s privatumo ir asmens duomen\u0173 [&hellip;]","og_url":"https:\/\/www.horomechanika.lt\/ru\/privatumo-politika\/","og_site_name":"Horomechanika","article_publisher":"https:\/\/www.facebook.com\/UAB-Horo-mechanika-177091812471952","article_modified_time":"2020-06-04T07:31:06+00:00","twitter_card":"summary_large_image","twitter_misc":{"\u041f\u0440\u0438\u043c\u0435\u0440\u043d\u043e\u0435 \u0432\u0440\u0435\u043c\u044f \u0434\u043b\u044f \u0447\u0442\u0435\u043d\u0438\u044f":"7 \u043c\u0438\u043d\u0443\u0442"},"schema":{"@context":"https:\/\/schema.org","@graph":[{"@type":"WebPage","@id":"https:\/\/www.horomechanika.lt\/privatumo-politika\/","url":"https:\/\/www.horomechanika.lt\/privatumo-politika\/","name":"Privatumo politika | Horomechanika","isPartOf":{"@id":"https:\/\/www.horomechanika.lt\/#website"},"datePublished":"2019-05-15T05:43:27+00:00","dateModified":"2020-06-04T07:31:06+00:00","breadcrumb":{"@id":"https:\/\/www.horomechanika.lt\/privatumo-politika\/#breadcrumb"},"inLanguage":"ru-RU","potentialAction":[{"@type":"ReadAction","target":["https:\/\/www.horomechanika.lt\/privatumo-politika\/"]}]},{"@type":"BreadcrumbList","@id":"https:\/\/www.horomechanika.lt\/privatumo-politika\/#breadcrumb","itemListElement":[{"@type":"ListItem","position":1,"name":"Home","item":"https:\/\/www.horomechanika.lt\/"},{"@type":"ListItem","position":2,"name":"Privatumo politika"}]},{"@type":"WebSite","@id":"https:\/\/www.horomechanika.lt\/#website","url":"https:\/\/www.horomechanika.lt\/","name":"Horomechanika","description":"\u017dem\u0117s \u016akio Technika","publisher":{"@id":"https:\/\/www.horomechanika.lt\/#organization"},"potentialAction":[{"@type":"SearchAction","target":{"@type":"EntryPoint","urlTemplate":"https:\/\/www.horomechanika.lt\/?s={search_term_string}"},"query-input":"required name=search_term_string"}],"inLanguage":"ru-RU"},{"@type":"Organization","@id":"https:\/\/www.horomechanika.lt\/#organization","name":"UAB \"Horo mechanika\"","url":"https:\/\/www.horomechanika.lt\/","logo":{"@type":"ImageObject","inLanguage":"ru-RU","@id":"https:\/\/www.horomechanika.lt\/#\/schema\/logo\/image\/","url":"https:\/\/www.horomechanika.lt\/wp-content\/uploads\/2020\/05\/horomechanika-logo.png","contentUrl":"https:\/\/www.horomechanika.lt\/wp-content\/uploads\/2020\/05\/horomechanika-logo.png","width":137,"height":56,"caption":"UAB \"Horo mechanika\""},"image":{"@id":"https:\/\/www.horomechanika.lt\/#\/schema\/logo\/image\/"},"sameAs":["https:\/\/www.facebook.com\/UAB-Horo-mechanika-177091812471952"]}]}},"_links":{"self":[{"href":"https:\/\/www.horomechanika.lt\/ru\/wp-json\/wp\/v2\/pages\/9940","targetHints":{"allow":["GET"]}}],"collection":[{"href":"https:\/\/www.horomechanika.lt\/ru\/wp-json\/wp\/v2\/pages"}],"about":[{"href":"https:\/\/www.horomechanika.lt\/ru\/wp-json\/wp\/v2\/types\/page"}],"author":[{"embeddable":true,"href":"https:\/\/www.horomechanika.lt\/ru\/wp-json\/wp\/v2\/users\/2"}],"replies":[{"embeddable":true,"href":"https:\/\/www.horomechanika.lt\/ru\/wp-json\/wp\/v2\/comments?post=9940"}],"version-history":[{"count":4,"href":"https:\/\/www.horomechanika.lt\/ru\/wp-json\/wp\/v2\/pages\/9940\/revisions"}],"predecessor-version":[{"id":9997,"href":"https:\/\/www.horomechanika.lt\/ru\/wp-json\/wp\/v2\/pages\/9940\/revisions\/9997"}],"wp:attachment":[{"href":"https:\/\/www.horomechanika.lt\/ru\/wp-json\/wp\/v2\/media?parent=9940"}],"curies":[{"name":"wp","href":"https:\/\/api.w.org\/{rel}","templated":true}]}}