{"id":10328,"date":"2020-07-13T13:17:05","date_gmt":"2020-07-13T10:17:05","guid":{"rendered":"http:\/\/horomechanika.lt\/?post_type=product&#038;p=10328"},"modified":"2022-05-11T09:08:15","modified_gmt":"2022-05-11T06:08:15","slug":"palms-307","status":"publish","type":"product","link":"https:\/\/www.horomechanika.lt\/ru\/product\/palms-307\/","title":{"rendered":"PALMS TRAILER 307"},"content":{"rendered":"<p>Gr\u016bd\u0173 perve\u017eimo priekaba yra speciali darbo priemon\u0117. Pagrindinis skirtumas nuo \u012fprastos tos pa\u010dios keliamosios galios savivart\u0117s priekabos yra priekabos\u00a0 konstrukcija, kuri suprojektuota taip, kad ji gali b\u016bti naudojama kaip platformin\u0117 arba kaip dviej\u0173 skirting\u0173 \u0161on\u0173 auk\u0161\u010dio priekaba.<\/p>\n<p>Nuimam\u0173 bort\u0173 gamyboje panaudotas plonesnis lak\u0161tinis plienas, kad bortus pakeisti b\u016bt\u0173 kuo lengviau, bet bort\u0173 profilis yra pakankamai standus biriems kroviniams ve\u017eti.<\/p>\n<p>D\u0117l nuimam\u0173 ir lengvos konstrukcijos bort\u0173 biriems kroviniams ve\u017eti skirta priekaba netinka akmenims ir \u017evyrui ve\u017eti.<\/p>","protected":false},"excerpt":{"rendered":"<p>PT307<br \/>\nIlgis (mm) 5220<br \/>\nAuk\u0161tis (mm) 2350<br \/>\nPlotis (mm) 2490<br \/>\nVidiniai platformos i\u0161matavimai (mm) 3600\/2300\/1310<br \/>\nTalpa (m3) 10.80<br \/>\nBendras svoris (kg) 9250<br \/>\nBaz\u0117s svoris (kg) 2250<br \/>\nMax krovinio svoris (kg) 7000<br \/>\nMax kablio apkrova (kg) 1700<br \/>\nLeid\u017eiama a\u0161ies apkrova (kg) 3775<br \/>\nA\u0161i\u0173 skai\u010dius 2<br \/>\nStabd\u017ei\u0173 tipas 300&#215;90; 0\/2\/4<br \/>\nHidraulini\u0173 stabd\u017ei\u0173 darbinis sl\u0117gis (bar) 160<br \/>\nKonteinerio dugno lak\u0161to storis (mm) 4<br \/>\nU\u017esik\u0117limo cilindras BI5<br \/>\nU\u017esik\u0117limo kampas \u00b0 52 &amp; 40<br \/>\nDarbinis hidraulinis sl\u0117gis (bar) 180-200<br \/>\nLeistinas greitis (km\/h) 40<br \/>\nA\u0161is 70&#215;70\/6<br \/>\nRatai 400\/60-15,5<\/p>","protected":false},"featured_media":12085,"comment_status":"open","ping_status":"closed","template":"","meta":[],"product_cat":[113],"product_tag":[],"class_list":["post-10328","product","type-product","status-publish","has-post-thumbnail","hentry","product_cat-tripusio-vertimo"],"yoast_head":"<!-- This site is optimized with the Yoast SEO plugin v20.1 - https:\/\/yoast.com\/wordpress\/plugins\/seo\/ -->\n<title>PALMS TRAILER 307 | Horomechanika<\/title>\n<meta name=\"robots\" content=\"index, follow, max-snippet:-1, max-image-preview:large, max-video-preview:-1\" \/>\n<link rel=\"canonical\" href=\"https:\/\/www.horomechanika.lt\/ru\/product\/palms-307\/\" \/>\n<meta property=\"og:locale\" content=\"ru_RU\" \/>\n<meta property=\"og:type\" content=\"article\" \/>\n<meta property=\"og:title\" content=\"PALMS TRAILER 307 | Horomechanika\" \/>\n<meta property=\"og:description\" content=\"PT307 Ilgis (mm) 5220 Auk\u0161tis (mm) 2350 Plotis (mm) 2490 Vidiniai platformos i\u0161matavimai (mm) 3600\/2300\/1310 Talpa (m3) 10.80 Bendras svoris (kg) 9250 Baz\u0117s svoris (kg) 2250 Max krovinio svoris (kg) 7000 Max kablio apkrova (kg) 1700 Leid\u017eiama a\u0161ies apkrova (kg) 3775 A\u0161i\u0173 skai\u010dius 2 Stabd\u017ei\u0173 tipas 300x90; 0\/2\/4 Hidraulini\u0173 stabd\u017ei\u0173 darbinis sl\u0117gis (bar) 160 Konteinerio dugno lak\u0161to storis (mm) 4 U\u017esik\u0117limo cilindras BI5 U\u017esik\u0117limo kampas \u00b0 52 &amp; 40 Darbinis hidraulinis sl\u0117gis (bar) 180-200 Leistinas greitis (km\/h) 40 A\u0161is 70x70\/6 Ratai 400\/60-15,5\" \/>\n<meta property=\"og:url\" content=\"https:\/\/www.horomechanika.lt\/ru\/product\/palms-307\/\" \/>\n<meta property=\"og:site_name\" content=\"Horomechanika\" \/>\n<meta property=\"article:publisher\" content=\"https:\/\/www.facebook.com\/UAB-Horo-mechanika-177091812471952\" \/>\n<meta property=\"article:modified_time\" content=\"2022-05-11T06:08:15+00:00\" \/>\n<meta property=\"og:image\" content=\"https:\/\/www.horomechanika.lt\/wp-content\/uploads\/2020\/11\/PT150_1_300.jpg\" \/>\n\t<meta property=\"og:image:width\" content=\"902\" \/>\n\t<meta property=\"og:image:height\" content=\"776\" \/>\n\t<meta property=\"og:image:type\" content=\"image\/jpeg\" \/>\n<meta name=\"twitter:card\" content=\"summary_large_image\" \/>\n<script type=\"application\/ld+json\" class=\"yoast-schema-graph\">{\"@context\":\"https:\/\/schema.org\",\"@graph\":[{\"@type\":\"WebPage\",\"@id\":\"https:\/\/www.horomechanika.lt\/ru\/product\/palms-307\/\",\"url\":\"https:\/\/www.horomechanika.lt\/ru\/product\/palms-307\/\",\"name\":\"PALMS TRAILER 307 | Horomechanika\",\"isPartOf\":{\"@id\":\"https:\/\/www.horomechanika.lt\/#website\"},\"datePublished\":\"2020-07-13T10:17:05+00:00\",\"dateModified\":\"2022-05-11T06:08:15+00:00\",\"breadcrumb\":{\"@id\":\"https:\/\/www.horomechanika.lt\/ru\/product\/palms-307\/#breadcrumb\"},\"inLanguage\":\"ru-RU\",\"potentialAction\":[{\"@type\":\"ReadAction\",\"target\":[\"https:\/\/www.horomechanika.lt\/ru\/product\/palms-307\/\"]}]},{\"@type\":\"BreadcrumbList\",\"@id\":\"https:\/\/www.horomechanika.lt\/ru\/product\/palms-307\/#breadcrumb\",\"itemListElement\":[{\"@type\":\"ListItem\",\"position\":1,\"name\":\"Home\",\"item\":\"https:\/\/www.horomechanika.lt\/\"},{\"@type\":\"ListItem\",\"position\":2,\"name\":\"Shop\",\"item\":\"https:\/\/www.horomechanika.lt\/ru\/shop-2\/\"},{\"@type\":\"ListItem\",\"position\":3,\"name\":\"PALMS TRAILER 307\"}]},{\"@type\":\"WebSite\",\"@id\":\"https:\/\/www.horomechanika.lt\/#website\",\"url\":\"https:\/\/www.horomechanika.lt\/\",\"name\":\"Horomechanika\",\"description\":\"\u017dem\u0117s \u016akio Technika\",\"publisher\":{\"@id\":\"https:\/\/www.horomechanika.lt\/#organization\"},\"potentialAction\":[{\"@type\":\"SearchAction\",\"target\":{\"@type\":\"EntryPoint\",\"urlTemplate\":\"https:\/\/www.horomechanika.lt\/?s={search_term_string}\"},\"query-input\":\"required name=search_term_string\"}],\"inLanguage\":\"ru-RU\"},{\"@type\":\"Organization\",\"@id\":\"https:\/\/www.horomechanika.lt\/#organization\",\"name\":\"UAB \\\"Horo mechanika\\\"\",\"url\":\"https:\/\/www.horomechanika.lt\/\",\"logo\":{\"@type\":\"ImageObject\",\"inLanguage\":\"ru-RU\",\"@id\":\"https:\/\/www.horomechanika.lt\/#\/schema\/logo\/image\/\",\"url\":\"https:\/\/www.horomechanika.lt\/wp-content\/uploads\/2020\/05\/horomechanika-logo.png\",\"contentUrl\":\"https:\/\/www.horomechanika.lt\/wp-content\/uploads\/2020\/05\/horomechanika-logo.png\",\"width\":137,\"height\":56,\"caption\":\"UAB \\\"Horo mechanika\\\"\"},\"image\":{\"@id\":\"https:\/\/www.horomechanika.lt\/#\/schema\/logo\/image\/\"},\"sameAs\":[\"https:\/\/www.facebook.com\/UAB-Horo-mechanika-177091812471952\"]}]}<\/script>\n<!-- \/ Yoast SEO plugin. -->","yoast_head_json":{"title":"PALMS TRAILER 307 | Horomechanika","robots":{"index":"index","follow":"follow","max-snippet":"max-snippet:-1","max-image-preview":"max-image-preview:large","max-video-preview":"max-video-preview:-1"},"canonical":"https:\/\/www.horomechanika.lt\/ru\/product\/palms-307\/","og_locale":"ru_RU","og_type":"article","og_title":"PALMS TRAILER 307 | Horomechanika","og_description":"PT307 Ilgis (mm) 5220 Auk\u0161tis (mm) 2350 Plotis (mm) 2490 Vidiniai platformos i\u0161matavimai (mm) 3600\/2300\/1310 Talpa (m3) 10.80 Bendras svoris (kg) 9250 Baz\u0117s svoris (kg) 2250 Max krovinio svoris (kg) 7000 Max kablio apkrova (kg) 1700 Leid\u017eiama a\u0161ies apkrova (kg) 3775 A\u0161i\u0173 skai\u010dius 2 Stabd\u017ei\u0173 tipas 300x90; 0\/2\/4 Hidraulini\u0173 stabd\u017ei\u0173 darbinis sl\u0117gis (bar) 160 Konteinerio dugno lak\u0161to storis (mm) 4 U\u017esik\u0117limo cilindras BI5 U\u017esik\u0117limo kampas \u00b0 52 &amp; 40 Darbinis hidraulinis sl\u0117gis (bar) 180-200 Leistinas greitis (km\/h) 40 A\u0161is 70x70\/6 Ratai 400\/60-15,5","og_url":"https:\/\/www.horomechanika.lt\/ru\/product\/palms-307\/","og_site_name":"Horomechanika","article_publisher":"https:\/\/www.facebook.com\/UAB-Horo-mechanika-177091812471952","article_modified_time":"2022-05-11T06:08:15+00:00","og_image":[{"width":902,"height":776,"url":"https:\/\/www.horomechanika.lt\/wp-content\/uploads\/2020\/11\/PT150_1_300.jpg","type":"image\/jpeg"}],"twitter_card":"summary_large_image","schema":{"@context":"https:\/\/schema.org","@graph":[{"@type":"WebPage","@id":"https:\/\/www.horomechanika.lt\/ru\/product\/palms-307\/","url":"https:\/\/www.horomechanika.lt\/ru\/product\/palms-307\/","name":"PALMS TRAILER 307 | Horomechanika","isPartOf":{"@id":"https:\/\/www.horomechanika.lt\/#website"},"datePublished":"2020-07-13T10:17:05+00:00","dateModified":"2022-05-11T06:08:15+00:00","breadcrumb":{"@id":"https:\/\/www.horomechanika.lt\/ru\/product\/palms-307\/#breadcrumb"},"inLanguage":"ru-RU","potentialAction":[{"@type":"ReadAction","target":["https:\/\/www.horomechanika.lt\/ru\/product\/palms-307\/"]}]},{"@type":"BreadcrumbList","@id":"https:\/\/www.horomechanika.lt\/ru\/product\/palms-307\/#breadcrumb","itemListElement":[{"@type":"ListItem","position":1,"name":"Home","item":"https:\/\/www.horomechanika.lt\/"},{"@type":"ListItem","position":2,"name":"Shop","item":"https:\/\/www.horomechanika.lt\/ru\/shop-2\/"},{"@type":"ListItem","position":3,"name":"PALMS TRAILER 307"}]},{"@type":"WebSite","@id":"https:\/\/www.horomechanika.lt\/#website","url":"https:\/\/www.horomechanika.lt\/","name":"Horomechanika","description":"\u017dem\u0117s \u016akio Technika","publisher":{"@id":"https:\/\/www.horomechanika.lt\/#organization"},"potentialAction":[{"@type":"SearchAction","target":{"@type":"EntryPoint","urlTemplate":"https:\/\/www.horomechanika.lt\/?s={search_term_string}"},"query-input":"required name=search_term_string"}],"inLanguage":"ru-RU"},{"@type":"Organization","@id":"https:\/\/www.horomechanika.lt\/#organization","name":"UAB \"Horo mechanika\"","url":"https:\/\/www.horomechanika.lt\/","logo":{"@type":"ImageObject","inLanguage":"ru-RU","@id":"https:\/\/www.horomechanika.lt\/#\/schema\/logo\/image\/","url":"https:\/\/www.horomechanika.lt\/wp-content\/uploads\/2020\/05\/horomechanika-logo.png","contentUrl":"https:\/\/www.horomechanika.lt\/wp-content\/uploads\/2020\/05\/horomechanika-logo.png","width":137,"height":56,"caption":"UAB \"Horo mechanika\""},"image":{"@id":"https:\/\/www.horomechanika.lt\/#\/schema\/logo\/image\/"},"sameAs":["https:\/\/www.facebook.com\/UAB-Horo-mechanika-177091812471952"]}]}},"_links":{"self":[{"href":"https:\/\/www.horomechanika.lt\/ru\/wp-json\/wp\/v2\/product\/10328","targetHints":{"allow":["GET"]}}],"collection":[{"href":"https:\/\/www.horomechanika.lt\/ru\/wp-json\/wp\/v2\/product"}],"about":[{"href":"https:\/\/www.horomechanika.lt\/ru\/wp-json\/wp\/v2\/types\/product"}],"replies":[{"embeddable":true,"href":"https:\/\/www.horomechanika.lt\/ru\/wp-json\/wp\/v2\/comments?post=10328"}],"wp:featuredmedia":[{"embeddable":true,"href":"https:\/\/www.horomechanika.lt\/ru\/wp-json\/wp\/v2\/media\/12085"}],"wp:attachment":[{"href":"https:\/\/www.horomechanika.lt\/ru\/wp-json\/wp\/v2\/media?parent=10328"}],"wp:term":[{"taxonomy":"product_cat","embeddable":true,"href":"https:\/\/www.horomechanika.lt\/ru\/wp-json\/wp\/v2\/product_cat?post=10328"},{"taxonomy":"product_tag","embeddable":true,"href":"https:\/\/www.horomechanika.lt\/ru\/wp-json\/wp\/v2\/product_tag?post=10328"}],"curies":[{"name":"wp","href":"https:\/\/api.w.org\/{rel}","templated":true}]}}