{"id":10441,"date":"2020-07-14T12:15:24","date_gmt":"2020-07-14T09:15:24","guid":{"rendered":"http:\/\/horomechanika.lt\/?post_type=product&#038;p=10441"},"modified":"2020-07-14T16:55:08","modified_gmt":"2020-07-14T13:55:08","slug":"palms-trailer-pt1000e-1a","status":"publish","type":"product","link":"https:\/\/www.horomechanika.lt\/ru\/product\/palms-trailer-pt1000e-1a\/","title":{"rendered":"PALMS TRAILER PT1000E-1A"},"content":{"rendered":"<p>PTPT1000E-1A<br \/>\nIlgis (mm) 5685<br \/>\nAuk\u0161tis (mm) 1900<br \/>\nPlotis (mm) 2550<br \/>\nVidiniai platformos i\u0161matavimai (mm) 3970x2380x750<br \/>\nTalpa (m3) 7,1<br \/>\nPagrindas 3520+1000<br \/>\nBendras svoris (kg) 12550<br \/>\nBaz\u0117s svoris (kg) 2550<br \/>\nMax krovinio svoris (kg) 10000<br \/>\nMax kablio apkrova (kg) 1800<br \/>\nLeid\u017eiama a\u0161ies apkrova (kg) 5375<br \/>\nA\u0161i\u0173 skai\u010dius 2<br \/>\nStabd\u017ei\u0173 tipas 300&#215;90; 0; 2, 4<br \/>\nHidraulini\u0173 stabd\u017ei\u0173 darbinis sl\u0117gis (bar) 160<br \/>\nKonteinerio dugno lak\u0161to storis (mm) 5<br \/>\nU\u017esik\u0117limo cilindras NAS 4<br \/>\nU\u017esik\u0117limo kampas \u00b0 52<br \/>\nDarbinis hidraulinis sl\u0117gis (bar) 180-200<br \/>\nLeistinas greitis (km\/h) 40<br \/>\nA\u0161is 70&#215;70; 6 bolts<br \/>\nRatai 400\/60-15,5; 500\/50-17<\/p>","protected":false},"excerpt":{"rendered":"<p>Savivart\u0117s priekabos yra did\u017eiausia \u201ePalmse Trailer\u201c produkt\u0173 grup\u0117 d\u0117l savo tikslingumo ir funkcionalumo. Tai galioja ir pasirinkimo bei traktoriaus savivart\u0117s priekabos modeli\u0173 gausos, ir gamybos apimties at\u017evilgiu.<\/p>\n<p>Savivart\u0117s priekabos prana\u0161umas prie\u0161 kit\u0173 r\u016b\u0161i\u0173 priekabas yra universalumas. \u012evairi\u0173 \u00a0liuk\u0173 ir \u012frengiam\u0173 paauk\u0161tinim\u0173 d\u0117ka produkto pritaikymo sritis yra neribota, t. y. ja galima atlikti \u012fvairius didel\u0117s apimties ve\u017eimo darbus, pradedant nuo dirvo\u017eemio, m\u0117\u0161lo, \u017evyro, gr\u016bd\u0173 ir kt. Pakreipiamos priekabos \u201ePalmse Trailer\u201c su keltuvu idealiai tinka ir \u016bkininkams, ir \u012fmon\u0117ms, vykdant \u017eeldinimo, mi\u0161kininkyst\u0117s, derliaus nu\u0117mimo ir daugel\u012f kit\u0173 darb\u0173, kuriuose\u00a0 numatomas pakrovimas ir i\u0161krovimas.<\/p>\n<p>PILNAS PALMS TRAILER KATALOGAS<\/p>\n<p><a href=\"https:\/\/www.palmsetrailer.eu\/sites\/default\/files\/catalog\/palmse_kat_2019_297x210_b5_LT_low.pdf\">https:\/\/www.palmsetrailer.eu\/sites\/default\/files\/catalog\/palmse_kat_2019_297x210_b5_LT_low.pdf<\/a><\/p>","protected":false},"featured_media":10432,"comment_status":"open","ping_status":"closed","template":"","meta":[],"product_cat":[115,116],"product_tag":[174,178,180,181,182],"class_list":["post-10441","product","type-product","status-publish","has-post-thumbnail","hentry","product_cat-puspriekabes-kietasones","product_cat-puspriekabes-gruntui","product_tag-puspriekabe","product_tag-zvyras","product_tag-priekaba","product_tag-smelis","product_tag-zemes"],"yoast_head":"<!-- This site is optimized with the Yoast SEO plugin v20.1 - https:\/\/yoast.com\/wordpress\/plugins\/seo\/ -->\n<title>PALMS TRAILER PT1000E-1A | Horomechanika<\/title>\n<meta name=\"robots\" content=\"index, follow, max-snippet:-1, max-image-preview:large, max-video-preview:-1\" \/>\n<link rel=\"canonical\" href=\"https:\/\/www.horomechanika.lt\/ru\/product\/palms-trailer-pt1000e-1a\/\" \/>\n<meta property=\"og:locale\" content=\"ru_RU\" \/>\n<meta property=\"og:type\" content=\"article\" \/>\n<meta property=\"og:title\" content=\"PALMS TRAILER PT1000E-1A | Horomechanika\" \/>\n<meta property=\"og:description\" content=\"Savivart\u0117s priekabos yra did\u017eiausia \u201ePalmse Trailer\u201c produkt\u0173 grup\u0117 d\u0117l savo tikslingumo ir funkcionalumo. Tai galioja ir pasirinkimo bei traktoriaus savivart\u0117s priekabos modeli\u0173 gausos, ir gamybos apimties at\u017evilgiu.  Savivart\u0117s priekabos prana\u0161umas prie\u0161 kit\u0173 r\u016b\u0161i\u0173 priekabas yra universalumas. \u012evairi\u0173 \u00a0liuk\u0173 ir \u012frengiam\u0173 paauk\u0161tinim\u0173 d\u0117ka produkto pritaikymo sritis yra neribota, t. y. ja galima atlikti \u012fvairius didel\u0117s apimties ve\u017eimo darbus, pradedant nuo dirvo\u017eemio, m\u0117\u0161lo, \u017evyro, gr\u016bd\u0173 ir kt. Pakreipiamos priekabos \u201ePalmse Trailer\u201c su keltuvu idealiai tinka ir \u016bkininkams, ir \u012fmon\u0117ms, vykdant \u017eeldinimo, mi\u0161kininkyst\u0117s, derliaus nu\u0117mimo ir daugel\u012f kit\u0173 darb\u0173, kuriuose\u00a0 numatomas pakrovimas ir i\u0161krovimas.  PILNAS PALMS TRAILER KATALOGAS  https:\/\/www.palmsetrailer.eu\/sites\/default\/files\/catalog\/palmse_kat_2019_297x210_b5_LT_low.pdf\" \/>\n<meta property=\"og:url\" content=\"https:\/\/www.horomechanika.lt\/ru\/product\/palms-trailer-pt1000e-1a\/\" \/>\n<meta property=\"og:site_name\" content=\"Horomechanika\" \/>\n<meta property=\"article:publisher\" content=\"https:\/\/www.facebook.com\/UAB-Horo-mechanika-177091812471952\" \/>\n<meta property=\"article:modified_time\" content=\"2020-07-14T13:55:08+00:00\" \/>\n<meta property=\"og:image\" content=\"https:\/\/www.horomechanika.lt\/wp-content\/uploads\/2020\/07\/DSC_0600-scaled.jpg\" \/>\n\t<meta property=\"og:image:width\" content=\"2560\" \/>\n\t<meta property=\"og:image:height\" content=\"1709\" \/>\n\t<meta property=\"og:image:type\" content=\"image\/jpeg\" \/>\n<meta name=\"twitter:card\" content=\"summary_large_image\" \/>\n<script type=\"application\/ld+json\" class=\"yoast-schema-graph\">{\"@context\":\"https:\/\/schema.org\",\"@graph\":[{\"@type\":\"WebPage\",\"@id\":\"https:\/\/www.horomechanika.lt\/ru\/product\/palms-trailer-pt1000e-1a\/\",\"url\":\"https:\/\/www.horomechanika.lt\/ru\/product\/palms-trailer-pt1000e-1a\/\",\"name\":\"PALMS TRAILER PT1000E-1A | Horomechanika\",\"isPartOf\":{\"@id\":\"https:\/\/www.horomechanika.lt\/#website\"},\"datePublished\":\"2020-07-14T09:15:24+00:00\",\"dateModified\":\"2020-07-14T13:55:08+00:00\",\"breadcrumb\":{\"@id\":\"https:\/\/www.horomechanika.lt\/ru\/product\/palms-trailer-pt1000e-1a\/#breadcrumb\"},\"inLanguage\":\"ru-RU\",\"potentialAction\":[{\"@type\":\"ReadAction\",\"target\":[\"https:\/\/www.horomechanika.lt\/ru\/product\/palms-trailer-pt1000e-1a\/\"]}]},{\"@type\":\"BreadcrumbList\",\"@id\":\"https:\/\/www.horomechanika.lt\/ru\/product\/palms-trailer-pt1000e-1a\/#breadcrumb\",\"itemListElement\":[{\"@type\":\"ListItem\",\"position\":1,\"name\":\"Home\",\"item\":\"https:\/\/www.horomechanika.lt\/\"},{\"@type\":\"ListItem\",\"position\":2,\"name\":\"Shop\",\"item\":\"https:\/\/www.horomechanika.lt\/ru\/shop-2\/\"},{\"@type\":\"ListItem\",\"position\":3,\"name\":\"PALMS TRAILER PT1000E-1A\"}]},{\"@type\":\"WebSite\",\"@id\":\"https:\/\/www.horomechanika.lt\/#website\",\"url\":\"https:\/\/www.horomechanika.lt\/\",\"name\":\"Horomechanika\",\"description\":\"\u017dem\u0117s \u016akio Technika\",\"publisher\":{\"@id\":\"https:\/\/www.horomechanika.lt\/#organization\"},\"potentialAction\":[{\"@type\":\"SearchAction\",\"target\":{\"@type\":\"EntryPoint\",\"urlTemplate\":\"https:\/\/www.horomechanika.lt\/?s={search_term_string}\"},\"query-input\":\"required name=search_term_string\"}],\"inLanguage\":\"ru-RU\"},{\"@type\":\"Organization\",\"@id\":\"https:\/\/www.horomechanika.lt\/#organization\",\"name\":\"UAB \\\"Horo mechanika\\\"\",\"url\":\"https:\/\/www.horomechanika.lt\/\",\"logo\":{\"@type\":\"ImageObject\",\"inLanguage\":\"ru-RU\",\"@id\":\"https:\/\/www.horomechanika.lt\/#\/schema\/logo\/image\/\",\"url\":\"https:\/\/www.horomechanika.lt\/wp-content\/uploads\/2020\/05\/horomechanika-logo.png\",\"contentUrl\":\"https:\/\/www.horomechanika.lt\/wp-content\/uploads\/2020\/05\/horomechanika-logo.png\",\"width\":137,\"height\":56,\"caption\":\"UAB \\\"Horo mechanika\\\"\"},\"image\":{\"@id\":\"https:\/\/www.horomechanika.lt\/#\/schema\/logo\/image\/\"},\"sameAs\":[\"https:\/\/www.facebook.com\/UAB-Horo-mechanika-177091812471952\"]}]}<\/script>\n<!-- \/ Yoast SEO plugin. -->","yoast_head_json":{"title":"PALMS TRAILER PT1000E-1A | Horomechanika","robots":{"index":"index","follow":"follow","max-snippet":"max-snippet:-1","max-image-preview":"max-image-preview:large","max-video-preview":"max-video-preview:-1"},"canonical":"https:\/\/www.horomechanika.lt\/ru\/product\/palms-trailer-pt1000e-1a\/","og_locale":"ru_RU","og_type":"article","og_title":"PALMS TRAILER PT1000E-1A | Horomechanika","og_description":"Savivart\u0117s priekabos yra did\u017eiausia \u201ePalmse Trailer\u201c produkt\u0173 grup\u0117 d\u0117l savo tikslingumo ir funkcionalumo. Tai galioja ir pasirinkimo bei traktoriaus savivart\u0117s priekabos modeli\u0173 gausos, ir gamybos apimties at\u017evilgiu.  Savivart\u0117s priekabos prana\u0161umas prie\u0161 kit\u0173 r\u016b\u0161i\u0173 priekabas yra universalumas. \u012evairi\u0173 \u00a0liuk\u0173 ir \u012frengiam\u0173 paauk\u0161tinim\u0173 d\u0117ka produkto pritaikymo sritis yra neribota, t. y. ja galima atlikti \u012fvairius didel\u0117s apimties ve\u017eimo darbus, pradedant nuo dirvo\u017eemio, m\u0117\u0161lo, \u017evyro, gr\u016bd\u0173 ir kt. Pakreipiamos priekabos \u201ePalmse Trailer\u201c su keltuvu idealiai tinka ir \u016bkininkams, ir \u012fmon\u0117ms, vykdant \u017eeldinimo, mi\u0161kininkyst\u0117s, derliaus nu\u0117mimo ir daugel\u012f kit\u0173 darb\u0173, kuriuose\u00a0 numatomas pakrovimas ir i\u0161krovimas.  PILNAS PALMS TRAILER KATALOGAS  https:\/\/www.palmsetrailer.eu\/sites\/default\/files\/catalog\/palmse_kat_2019_297x210_b5_LT_low.pdf","og_url":"https:\/\/www.horomechanika.lt\/ru\/product\/palms-trailer-pt1000e-1a\/","og_site_name":"Horomechanika","article_publisher":"https:\/\/www.facebook.com\/UAB-Horo-mechanika-177091812471952","article_modified_time":"2020-07-14T13:55:08+00:00","og_image":[{"width":2560,"height":1709,"url":"https:\/\/www.horomechanika.lt\/wp-content\/uploads\/2020\/07\/DSC_0600-scaled.jpg","type":"image\/jpeg"}],"twitter_card":"summary_large_image","schema":{"@context":"https:\/\/schema.org","@graph":[{"@type":"WebPage","@id":"https:\/\/www.horomechanika.lt\/ru\/product\/palms-trailer-pt1000e-1a\/","url":"https:\/\/www.horomechanika.lt\/ru\/product\/palms-trailer-pt1000e-1a\/","name":"PALMS TRAILER PT1000E-1A | Horomechanika","isPartOf":{"@id":"https:\/\/www.horomechanika.lt\/#website"},"datePublished":"2020-07-14T09:15:24+00:00","dateModified":"2020-07-14T13:55:08+00:00","breadcrumb":{"@id":"https:\/\/www.horomechanika.lt\/ru\/product\/palms-trailer-pt1000e-1a\/#breadcrumb"},"inLanguage":"ru-RU","potentialAction":[{"@type":"ReadAction","target":["https:\/\/www.horomechanika.lt\/ru\/product\/palms-trailer-pt1000e-1a\/"]}]},{"@type":"BreadcrumbList","@id":"https:\/\/www.horomechanika.lt\/ru\/product\/palms-trailer-pt1000e-1a\/#breadcrumb","itemListElement":[{"@type":"ListItem","position":1,"name":"Home","item":"https:\/\/www.horomechanika.lt\/"},{"@type":"ListItem","position":2,"name":"Shop","item":"https:\/\/www.horomechanika.lt\/ru\/shop-2\/"},{"@type":"ListItem","position":3,"name":"PALMS TRAILER PT1000E-1A"}]},{"@type":"WebSite","@id":"https:\/\/www.horomechanika.lt\/#website","url":"https:\/\/www.horomechanika.lt\/","name":"Horomechanika","description":"\u017dem\u0117s \u016akio Technika","publisher":{"@id":"https:\/\/www.horomechanika.lt\/#organization"},"potentialAction":[{"@type":"SearchAction","target":{"@type":"EntryPoint","urlTemplate":"https:\/\/www.horomechanika.lt\/?s={search_term_string}"},"query-input":"required name=search_term_string"}],"inLanguage":"ru-RU"},{"@type":"Organization","@id":"https:\/\/www.horomechanika.lt\/#organization","name":"UAB \"Horo mechanika\"","url":"https:\/\/www.horomechanika.lt\/","logo":{"@type":"ImageObject","inLanguage":"ru-RU","@id":"https:\/\/www.horomechanika.lt\/#\/schema\/logo\/image\/","url":"https:\/\/www.horomechanika.lt\/wp-content\/uploads\/2020\/05\/horomechanika-logo.png","contentUrl":"https:\/\/www.horomechanika.lt\/wp-content\/uploads\/2020\/05\/horomechanika-logo.png","width":137,"height":56,"caption":"UAB \"Horo mechanika\""},"image":{"@id":"https:\/\/www.horomechanika.lt\/#\/schema\/logo\/image\/"},"sameAs":["https:\/\/www.facebook.com\/UAB-Horo-mechanika-177091812471952"]}]}},"_links":{"self":[{"href":"https:\/\/www.horomechanika.lt\/ru\/wp-json\/wp\/v2\/product\/10441","targetHints":{"allow":["GET"]}}],"collection":[{"href":"https:\/\/www.horomechanika.lt\/ru\/wp-json\/wp\/v2\/product"}],"about":[{"href":"https:\/\/www.horomechanika.lt\/ru\/wp-json\/wp\/v2\/types\/product"}],"replies":[{"embeddable":true,"href":"https:\/\/www.horomechanika.lt\/ru\/wp-json\/wp\/v2\/comments?post=10441"}],"wp:featuredmedia":[{"embeddable":true,"href":"https:\/\/www.horomechanika.lt\/ru\/wp-json\/wp\/v2\/media\/10432"}],"wp:attachment":[{"href":"https:\/\/www.horomechanika.lt\/ru\/wp-json\/wp\/v2\/media?parent=10441"}],"wp:term":[{"taxonomy":"product_cat","embeddable":true,"href":"https:\/\/www.horomechanika.lt\/ru\/wp-json\/wp\/v2\/product_cat?post=10441"},{"taxonomy":"product_tag","embeddable":true,"href":"https:\/\/www.horomechanika.lt\/ru\/wp-json\/wp\/v2\/product_tag?post=10441"}],"curies":[{"name":"wp","href":"https:\/\/api.w.org\/{rel}","templated":true}]}}