{"id":10541,"date":"2020-07-14T14:08:02","date_gmt":"2020-07-14T11:08:02","guid":{"rendered":"http:\/\/horomechanika.lt\/?post_type=product&#038;p=10541"},"modified":"2022-05-11T09:09:50","modified_gmt":"2022-05-11T06:09:50","slug":"palms-trailer-pt1920sb","status":"publish","type":"product","link":"https:\/\/www.horomechanika.lt\/ru\/product\/palms-trailer-pt1920sb\/","title":{"rendered":"PALMS TRAILER PT1920SB"},"content":{"rendered":"<p>PT1920SB<br \/>\nIlgis (mm)\t7439<br \/>\nAuk\u0161tis (mm)\t3185<br \/>\nPlotis (mm)\t2550<br \/>\nVidiniai platformos i\u0161matavimai (mm)\t5530\/2310\/1600<br \/>\nTalpa (m3)\t20,4<br \/>\nTalpa su paauk\u0161tinimais (m3)\t32<br \/>\nPagrindas\t4575+1480<br \/>\nBendras svoris (kg)\t24750<br \/>\nBaz\u0117s svoris (kg)\t5750<br \/>\nMax krovinio svoris (kg)\t19000<br \/>\nMax kablio apkrova (kg)\t3500<br \/>\nLeid\u017eiama a\u0161ies apkrova (kg)\t10625<br \/>\nA\u0161i\u0173 skai\u010dius\t2<br \/>\nStabd\u017ei\u0173 tipas\t406&#215;120(412S)\/4<br \/>\nHidraulini\u0173 stabd\u017ei\u0173 darbinis sl\u0117gis (bar)\t160<br \/>\nKonteinerio dugno lak\u0161to storis (mm)\t6<br \/>\nU\u017esik\u0117limo cilindras\t2NAS6<br \/>\nU\u017esik\u0117limo kampas \u00b0\t52<br \/>\nDarbinis hidraulinis sl\u0117gis (bar)\t180-200<br \/>\nLeistinas greitis (km\/h)\t40<br \/>\nA\u0161is\t100&#215;100\/10<br \/>\nRatai\t600\/50R-22,5 (560\/60-R22,5)<\/p>","protected":false},"excerpt":{"rendered":"<p>Savivart\u0117s priekabos yra did\u017eiausia \u201ePalmse Trailer\u201c produkt\u0173 grup\u0117 d\u0117l savo tikslingumo ir funkcionalumo. Tai galioja ir pasirinkimo bei traktoriaus savivart\u0117s priekabos modeli\u0173 gausos, ir gamybos apimties at\u017evilgiu.<\/p>\n<p>Savivart\u0117s priekabos prana\u0161umas prie\u0161 kit\u0173 r\u016b\u0161i\u0173 priekabas yra universalumas. \u012evairi\u0173 \u00a0liuk\u0173 ir \u012frengiam\u0173 paauk\u0161tinim\u0173 d\u0117ka produkto pritaikymo sritis yra neribota, t. y. ja galima atlikti \u012fvairius didel\u0117s apimties ve\u017eimo darbus, pradedant nuo dirvo\u017eemio, m\u0117\u0161lo, \u017evyro, gr\u016bd\u0173 ir kt. Pakreipiamos priekabos \u201ePalmse Trailer\u201c su keltuvu idealiai tinka ir \u016bkininkams, ir \u012fmon\u0117ms, vykdant \u017eeldinimo, mi\u0161kininkyst\u0117s, derliaus nu\u0117mimo ir daugel\u012f kit\u0173 darb\u0173, kuriuose\u00a0 numatomas pakrovimas ir i\u0161krovimas.<\/p>\n<p>PILNAS PALMS TRAILER KATALOGAS<\/p>\n<p><a href=\"https:\/\/www.palmsetrailer.eu\/sites\/default\/files\/catalog\/palmse_kat_2019_297x210_b5_LT_low.pdf\">https:\/\/www.palmsetrailer.eu\/sites\/default\/files\/catalog\/palmse_kat_2019_297x210_b5_LT_low.pdf<\/a><\/p>","protected":false},"featured_media":10547,"comment_status":"open","ping_status":"closed","template":"","meta":[],"product_cat":[115],"product_tag":[174,178,180,181,182],"class_list":["post-10541","product","type-product","status-publish","has-post-thumbnail","hentry","product_cat-puspriekabes-kietasones","product_tag-puspriekabe","product_tag-zvyras","product_tag-priekaba","product_tag-smelis","product_tag-zemes"],"yoast_head":"<!-- This site is optimized with the Yoast SEO plugin v20.1 - https:\/\/yoast.com\/wordpress\/plugins\/seo\/ -->\n<title>PALMS TRAILER PT1920SB | Horomechanika<\/title>\n<meta name=\"robots\" content=\"index, follow, max-snippet:-1, max-image-preview:large, max-video-preview:-1\" \/>\n<link rel=\"canonical\" href=\"https:\/\/www.horomechanika.lt\/ru\/product\/palms-trailer-pt1920sb\/\" \/>\n<meta property=\"og:locale\" content=\"ru_RU\" \/>\n<meta property=\"og:type\" content=\"article\" \/>\n<meta property=\"og:title\" content=\"PALMS TRAILER PT1920SB | Horomechanika\" \/>\n<meta property=\"og:description\" content=\"Savivart\u0117s priekabos yra did\u017eiausia \u201ePalmse Trailer\u201c produkt\u0173 grup\u0117 d\u0117l savo tikslingumo ir funkcionalumo. Tai galioja ir pasirinkimo bei traktoriaus savivart\u0117s priekabos modeli\u0173 gausos, ir gamybos apimties at\u017evilgiu.  Savivart\u0117s priekabos prana\u0161umas prie\u0161 kit\u0173 r\u016b\u0161i\u0173 priekabas yra universalumas. \u012evairi\u0173 \u00a0liuk\u0173 ir \u012frengiam\u0173 paauk\u0161tinim\u0173 d\u0117ka produkto pritaikymo sritis yra neribota, t. y. ja galima atlikti \u012fvairius didel\u0117s apimties ve\u017eimo darbus, pradedant nuo dirvo\u017eemio, m\u0117\u0161lo, \u017evyro, gr\u016bd\u0173 ir kt. Pakreipiamos priekabos \u201ePalmse Trailer\u201c su keltuvu idealiai tinka ir \u016bkininkams, ir \u012fmon\u0117ms, vykdant \u017eeldinimo, mi\u0161kininkyst\u0117s, derliaus nu\u0117mimo ir daugel\u012f kit\u0173 darb\u0173, kuriuose\u00a0 numatomas pakrovimas ir i\u0161krovimas.  PILNAS PALMS TRAILER KATALOGAS  https:\/\/www.palmsetrailer.eu\/sites\/default\/files\/catalog\/palmse_kat_2019_297x210_b5_LT_low.pdf\" \/>\n<meta property=\"og:url\" content=\"https:\/\/www.horomechanika.lt\/ru\/product\/palms-trailer-pt1920sb\/\" \/>\n<meta property=\"og:site_name\" content=\"Horomechanika\" \/>\n<meta property=\"article:publisher\" content=\"https:\/\/www.facebook.com\/UAB-Horo-mechanika-177091812471952\" \/>\n<meta property=\"article:modified_time\" content=\"2022-05-11T06:09:50+00:00\" \/>\n<meta property=\"og:image\" content=\"https:\/\/www.horomechanika.lt\/wp-content\/uploads\/2020\/07\/DSC_8209-scaled.jpg\" \/>\n\t<meta property=\"og:image:width\" content=\"2560\" \/>\n\t<meta property=\"og:image:height\" content=\"1709\" \/>\n\t<meta property=\"og:image:type\" content=\"image\/jpeg\" \/>\n<meta name=\"twitter:card\" content=\"summary_large_image\" \/>\n<script type=\"application\/ld+json\" class=\"yoast-schema-graph\">{\"@context\":\"https:\/\/schema.org\",\"@graph\":[{\"@type\":\"WebPage\",\"@id\":\"https:\/\/www.horomechanika.lt\/ru\/product\/palms-trailer-pt1920sb\/\",\"url\":\"https:\/\/www.horomechanika.lt\/ru\/product\/palms-trailer-pt1920sb\/\",\"name\":\"PALMS TRAILER PT1920SB | Horomechanika\",\"isPartOf\":{\"@id\":\"https:\/\/www.horomechanika.lt\/#website\"},\"datePublished\":\"2020-07-14T11:08:02+00:00\",\"dateModified\":\"2022-05-11T06:09:50+00:00\",\"breadcrumb\":{\"@id\":\"https:\/\/www.horomechanika.lt\/ru\/product\/palms-trailer-pt1920sb\/#breadcrumb\"},\"inLanguage\":\"ru-RU\",\"potentialAction\":[{\"@type\":\"ReadAction\",\"target\":[\"https:\/\/www.horomechanika.lt\/ru\/product\/palms-trailer-pt1920sb\/\"]}]},{\"@type\":\"BreadcrumbList\",\"@id\":\"https:\/\/www.horomechanika.lt\/ru\/product\/palms-trailer-pt1920sb\/#breadcrumb\",\"itemListElement\":[{\"@type\":\"ListItem\",\"position\":1,\"name\":\"Home\",\"item\":\"https:\/\/www.horomechanika.lt\/\"},{\"@type\":\"ListItem\",\"position\":2,\"name\":\"Shop\",\"item\":\"https:\/\/www.horomechanika.lt\/ru\/shop-2\/\"},{\"@type\":\"ListItem\",\"position\":3,\"name\":\"PALMS TRAILER PT1920SB\"}]},{\"@type\":\"WebSite\",\"@id\":\"https:\/\/www.horomechanika.lt\/#website\",\"url\":\"https:\/\/www.horomechanika.lt\/\",\"name\":\"Horomechanika\",\"description\":\"\u017dem\u0117s \u016akio Technika\",\"publisher\":{\"@id\":\"https:\/\/www.horomechanika.lt\/#organization\"},\"potentialAction\":[{\"@type\":\"SearchAction\",\"target\":{\"@type\":\"EntryPoint\",\"urlTemplate\":\"https:\/\/www.horomechanika.lt\/?s={search_term_string}\"},\"query-input\":\"required name=search_term_string\"}],\"inLanguage\":\"ru-RU\"},{\"@type\":\"Organization\",\"@id\":\"https:\/\/www.horomechanika.lt\/#organization\",\"name\":\"UAB \\\"Horo mechanika\\\"\",\"url\":\"https:\/\/www.horomechanika.lt\/\",\"logo\":{\"@type\":\"ImageObject\",\"inLanguage\":\"ru-RU\",\"@id\":\"https:\/\/www.horomechanika.lt\/#\/schema\/logo\/image\/\",\"url\":\"https:\/\/www.horomechanika.lt\/wp-content\/uploads\/2020\/05\/horomechanika-logo.png\",\"contentUrl\":\"https:\/\/www.horomechanika.lt\/wp-content\/uploads\/2020\/05\/horomechanika-logo.png\",\"width\":137,\"height\":56,\"caption\":\"UAB \\\"Horo mechanika\\\"\"},\"image\":{\"@id\":\"https:\/\/www.horomechanika.lt\/#\/schema\/logo\/image\/\"},\"sameAs\":[\"https:\/\/www.facebook.com\/UAB-Horo-mechanika-177091812471952\"]}]}<\/script>\n<!-- \/ Yoast SEO plugin. -->","yoast_head_json":{"title":"PALMS TRAILER PT1920SB | Horomechanika","robots":{"index":"index","follow":"follow","max-snippet":"max-snippet:-1","max-image-preview":"max-image-preview:large","max-video-preview":"max-video-preview:-1"},"canonical":"https:\/\/www.horomechanika.lt\/ru\/product\/palms-trailer-pt1920sb\/","og_locale":"ru_RU","og_type":"article","og_title":"PALMS TRAILER PT1920SB | Horomechanika","og_description":"Savivart\u0117s priekabos yra did\u017eiausia \u201ePalmse Trailer\u201c produkt\u0173 grup\u0117 d\u0117l savo tikslingumo ir funkcionalumo. Tai galioja ir pasirinkimo bei traktoriaus savivart\u0117s priekabos modeli\u0173 gausos, ir gamybos apimties at\u017evilgiu.  Savivart\u0117s priekabos prana\u0161umas prie\u0161 kit\u0173 r\u016b\u0161i\u0173 priekabas yra universalumas. \u012evairi\u0173 \u00a0liuk\u0173 ir \u012frengiam\u0173 paauk\u0161tinim\u0173 d\u0117ka produkto pritaikymo sritis yra neribota, t. y. ja galima atlikti \u012fvairius didel\u0117s apimties ve\u017eimo darbus, pradedant nuo dirvo\u017eemio, m\u0117\u0161lo, \u017evyro, gr\u016bd\u0173 ir kt. Pakreipiamos priekabos \u201ePalmse Trailer\u201c su keltuvu idealiai tinka ir \u016bkininkams, ir \u012fmon\u0117ms, vykdant \u017eeldinimo, mi\u0161kininkyst\u0117s, derliaus nu\u0117mimo ir daugel\u012f kit\u0173 darb\u0173, kuriuose\u00a0 numatomas pakrovimas ir i\u0161krovimas.  PILNAS PALMS TRAILER KATALOGAS  https:\/\/www.palmsetrailer.eu\/sites\/default\/files\/catalog\/palmse_kat_2019_297x210_b5_LT_low.pdf","og_url":"https:\/\/www.horomechanika.lt\/ru\/product\/palms-trailer-pt1920sb\/","og_site_name":"Horomechanika","article_publisher":"https:\/\/www.facebook.com\/UAB-Horo-mechanika-177091812471952","article_modified_time":"2022-05-11T06:09:50+00:00","og_image":[{"width":2560,"height":1709,"url":"https:\/\/www.horomechanika.lt\/wp-content\/uploads\/2020\/07\/DSC_8209-scaled.jpg","type":"image\/jpeg"}],"twitter_card":"summary_large_image","schema":{"@context":"https:\/\/schema.org","@graph":[{"@type":"WebPage","@id":"https:\/\/www.horomechanika.lt\/ru\/product\/palms-trailer-pt1920sb\/","url":"https:\/\/www.horomechanika.lt\/ru\/product\/palms-trailer-pt1920sb\/","name":"PALMS TRAILER PT1920SB | Horomechanika","isPartOf":{"@id":"https:\/\/www.horomechanika.lt\/#website"},"datePublished":"2020-07-14T11:08:02+00:00","dateModified":"2022-05-11T06:09:50+00:00","breadcrumb":{"@id":"https:\/\/www.horomechanika.lt\/ru\/product\/palms-trailer-pt1920sb\/#breadcrumb"},"inLanguage":"ru-RU","potentialAction":[{"@type":"ReadAction","target":["https:\/\/www.horomechanika.lt\/ru\/product\/palms-trailer-pt1920sb\/"]}]},{"@type":"BreadcrumbList","@id":"https:\/\/www.horomechanika.lt\/ru\/product\/palms-trailer-pt1920sb\/#breadcrumb","itemListElement":[{"@type":"ListItem","position":1,"name":"Home","item":"https:\/\/www.horomechanika.lt\/"},{"@type":"ListItem","position":2,"name":"Shop","item":"https:\/\/www.horomechanika.lt\/ru\/shop-2\/"},{"@type":"ListItem","position":3,"name":"PALMS TRAILER PT1920SB"}]},{"@type":"WebSite","@id":"https:\/\/www.horomechanika.lt\/#website","url":"https:\/\/www.horomechanika.lt\/","name":"Horomechanika","description":"\u017dem\u0117s \u016akio Technika","publisher":{"@id":"https:\/\/www.horomechanika.lt\/#organization"},"potentialAction":[{"@type":"SearchAction","target":{"@type":"EntryPoint","urlTemplate":"https:\/\/www.horomechanika.lt\/?s={search_term_string}"},"query-input":"required name=search_term_string"}],"inLanguage":"ru-RU"},{"@type":"Organization","@id":"https:\/\/www.horomechanika.lt\/#organization","name":"UAB \"Horo mechanika\"","url":"https:\/\/www.horomechanika.lt\/","logo":{"@type":"ImageObject","inLanguage":"ru-RU","@id":"https:\/\/www.horomechanika.lt\/#\/schema\/logo\/image\/","url":"https:\/\/www.horomechanika.lt\/wp-content\/uploads\/2020\/05\/horomechanika-logo.png","contentUrl":"https:\/\/www.horomechanika.lt\/wp-content\/uploads\/2020\/05\/horomechanika-logo.png","width":137,"height":56,"caption":"UAB \"Horo mechanika\""},"image":{"@id":"https:\/\/www.horomechanika.lt\/#\/schema\/logo\/image\/"},"sameAs":["https:\/\/www.facebook.com\/UAB-Horo-mechanika-177091812471952"]}]}},"_links":{"self":[{"href":"https:\/\/www.horomechanika.lt\/ru\/wp-json\/wp\/v2\/product\/10541","targetHints":{"allow":["GET"]}}],"collection":[{"href":"https:\/\/www.horomechanika.lt\/ru\/wp-json\/wp\/v2\/product"}],"about":[{"href":"https:\/\/www.horomechanika.lt\/ru\/wp-json\/wp\/v2\/types\/product"}],"replies":[{"embeddable":true,"href":"https:\/\/www.horomechanika.lt\/ru\/wp-json\/wp\/v2\/comments?post=10541"}],"wp:featuredmedia":[{"embeddable":true,"href":"https:\/\/www.horomechanika.lt\/ru\/wp-json\/wp\/v2\/media\/10547"}],"wp:attachment":[{"href":"https:\/\/www.horomechanika.lt\/ru\/wp-json\/wp\/v2\/media?parent=10541"}],"wp:term":[{"taxonomy":"product_cat","embeddable":true,"href":"https:\/\/www.horomechanika.lt\/ru\/wp-json\/wp\/v2\/product_cat?post=10541"},{"taxonomy":"product_tag","embeddable":true,"href":"https:\/\/www.horomechanika.lt\/ru\/wp-json\/wp\/v2\/product_tag?post=10541"}],"curies":[{"name":"wp","href":"https:\/\/api.w.org\/{rel}","templated":true}]}}