{"id":10658,"date":"2020-07-14T16:31:32","date_gmt":"2020-07-14T13:31:32","guid":{"rendered":"http:\/\/horomechanika.lt\/?post_type=product&#038;p=10658"},"modified":"2020-07-14T16:31:33","modified_gmt":"2020-07-14T13:31:33","slug":"palms-trailer-5350","status":"publish","type":"product","link":"https:\/\/www.horomechanika.lt\/ru\/product\/palms-trailer-5350\/","title":{"rendered":"PALMS TRAILER 5350"},"content":{"rendered":"<p>PT5350<br \/>\nIlgis (mm) 6750<br \/>\nAuk\u0161tis (mm) 1112<br \/>\nPlotis (mm) 2320<br \/>\nVidiniai platformos i\u0161matavimai (mm) 3460&#215;2300+800&#215;1200<br \/>\nPagrindas 5653<br \/>\nBendras svoris (kg) 10500<br \/>\nBaz\u0117s svoris (kg) 1600<br \/>\nMax krovinio svoris (kg) 8900<br \/>\nLeid\u017eiama a\u0161ies apkrova (kg) 7330<br \/>\nA\u0161i\u0173 skai\u010dius 1<br \/>\nStabd\u017ei\u0173 tipas 300&#215;90<br \/>\nHidraulini\u0173 stabd\u017ei\u0173 darbinis sl\u0117gis (bar) 160<br \/>\nLeistinas greitis (km\/h) 40<br \/>\nA\u0161is 90&#215;90, 8 bolts<br \/>\nRatai 500\/50-17<\/p>","protected":false},"excerpt":{"rendered":"<p>Dabar \u201ePalmse Trailer\u201c asortimente rasite sunkiosios technikos perve\u017eimui skirtas traktori\u0173 priekabas. \u0160iuo metu si\u016blome dviej\u0173 r\u016b\u0161i\u0173 priekabas \u2013 dvia\u0161\u0119, 16 ton\u0173 keliamosios galios ir trij\u0173 a\u0161i\u0173, 23 ton\u0173 keliamosios galios. Abi priekabos pasi\u017eymi standartin\u0117s \u012frangos \u012fvairove \u2013 \u012frangoje yra hidraulin\u0117s galin\u0117s rampos, o visuose tiltuose yra sumontuotos padangos ir stebul\u0117s, kurios leid\u017eia pasiekti iki 60 km\/ val. greit\u012f. Abiej\u0173 platformos auk\u0161tis nuo \u017eem\u0117s pavir\u0161iaus yra ma\u017eiau nei 1 metras; kadangi diduma mi\u0161k\u0173 \u016bkio ma\u0161in\u0173 ir ekskavatori\u0173 yra \u017eemesni nei 3 metrai, vie\u0161aisiais keliais jomis galima jud\u0117ti be papildom\u0173 apribojim\u0173.<\/p>\n<p>PILNAS PALMS TRAILER KATALOGAS<\/p>\n<p><a href=\"https:\/\/www.palmsetrailer.eu\/sites\/default\/files\/catalog\/palmse_kat_2019_297x210_b5_LT_low.pdf\">https:\/\/www.palmsetrailer.eu\/sites\/default\/files\/catalog\/palmse_kat_2019_297x210_b5_LT_low.pdf<\/a><\/p>","protected":false},"featured_media":10662,"comment_status":"open","ping_status":"closed","template":"","meta":[],"product_cat":[121],"product_tag":[],"class_list":["post-10658","product","type-product","status-publish","has-post-thumbnail","hentry","product_cat-technikos-transportavimo-priekabos"],"yoast_head":"<!-- This site is optimized with the Yoast SEO plugin v20.1 - https:\/\/yoast.com\/wordpress\/plugins\/seo\/ -->\n<title>PALMS TRAILER 5350 | Horomechanika<\/title>\n<meta name=\"robots\" content=\"index, follow, max-snippet:-1, max-image-preview:large, max-video-preview:-1\" \/>\n<link rel=\"canonical\" href=\"https:\/\/www.horomechanika.lt\/ru\/product\/palms-trailer-5350\/\" \/>\n<meta property=\"og:locale\" content=\"ru_RU\" \/>\n<meta property=\"og:type\" content=\"article\" \/>\n<meta property=\"og:title\" content=\"PALMS TRAILER 5350 | Horomechanika\" \/>\n<meta property=\"og:description\" content=\"Dabar \u201ePalmse Trailer\u201c asortimente rasite sunkiosios technikos perve\u017eimui skirtas traktori\u0173 priekabas. \u0160iuo metu si\u016blome dviej\u0173 r\u016b\u0161i\u0173 priekabas \u2013 dvia\u0161\u0119, 16 ton\u0173 keliamosios galios ir trij\u0173 a\u0161i\u0173, 23 ton\u0173 keliamosios galios. Abi priekabos pasi\u017eymi standartin\u0117s \u012frangos \u012fvairove \u2013 \u012frangoje yra hidraulin\u0117s galin\u0117s rampos, o visuose tiltuose yra sumontuotos padangos ir stebul\u0117s, kurios leid\u017eia pasiekti iki 60 km\/ val. greit\u012f. Abiej\u0173 platformos auk\u0161tis nuo \u017eem\u0117s pavir\u0161iaus yra ma\u017eiau nei 1 metras; kadangi diduma mi\u0161k\u0173 \u016bkio ma\u0161in\u0173 ir ekskavatori\u0173 yra \u017eemesni nei 3 metrai, vie\u0161aisiais keliais jomis galima jud\u0117ti be papildom\u0173 apribojim\u0173.  PILNAS PALMS TRAILER KATALOGAS  https:\/\/www.palmsetrailer.eu\/sites\/default\/files\/catalog\/palmse_kat_2019_297x210_b5_LT_low.pdf\" \/>\n<meta property=\"og:url\" content=\"https:\/\/www.horomechanika.lt\/ru\/product\/palms-trailer-5350\/\" \/>\n<meta property=\"og:site_name\" content=\"Horomechanika\" \/>\n<meta property=\"article:publisher\" content=\"https:\/\/www.facebook.com\/UAB-Horo-mechanika-177091812471952\" \/>\n<meta property=\"article:modified_time\" content=\"2020-07-14T13:31:33+00:00\" \/>\n<meta property=\"og:image\" content=\"https:\/\/www.horomechanika.lt\/wp-content\/uploads\/2020\/07\/PT5350_4.jpg\" \/>\n\t<meta property=\"og:image:width\" content=\"1024\" \/>\n\t<meta property=\"og:image:height\" content=\"684\" \/>\n\t<meta property=\"og:image:type\" content=\"image\/jpeg\" \/>\n<meta name=\"twitter:card\" content=\"summary_large_image\" \/>\n<script type=\"application\/ld+json\" class=\"yoast-schema-graph\">{\"@context\":\"https:\/\/schema.org\",\"@graph\":[{\"@type\":\"WebPage\",\"@id\":\"https:\/\/www.horomechanika.lt\/product\/palms-trailer-5350\/\",\"url\":\"https:\/\/www.horomechanika.lt\/product\/palms-trailer-5350\/\",\"name\":\"PALMS TRAILER 5350 | Horomechanika\",\"isPartOf\":{\"@id\":\"https:\/\/www.horomechanika.lt\/#website\"},\"datePublished\":\"2020-07-14T13:31:32+00:00\",\"dateModified\":\"2020-07-14T13:31:33+00:00\",\"breadcrumb\":{\"@id\":\"https:\/\/www.horomechanika.lt\/product\/palms-trailer-5350\/#breadcrumb\"},\"inLanguage\":\"ru-RU\",\"potentialAction\":[{\"@type\":\"ReadAction\",\"target\":[\"https:\/\/www.horomechanika.lt\/product\/palms-trailer-5350\/\"]}]},{\"@type\":\"BreadcrumbList\",\"@id\":\"https:\/\/www.horomechanika.lt\/product\/palms-trailer-5350\/#breadcrumb\",\"itemListElement\":[{\"@type\":\"ListItem\",\"position\":1,\"name\":\"Home\",\"item\":\"https:\/\/www.horomechanika.lt\/\"},{\"@type\":\"ListItem\",\"position\":2,\"name\":\"Shop\",\"item\":\"https:\/\/www.horomechanika.lt\/ru\/shop-2\/\"},{\"@type\":\"ListItem\",\"position\":3,\"name\":\"PALMS TRAILER 5350\"}]},{\"@type\":\"WebSite\",\"@id\":\"https:\/\/www.horomechanika.lt\/#website\",\"url\":\"https:\/\/www.horomechanika.lt\/\",\"name\":\"Horomechanika\",\"description\":\"\u017dem\u0117s \u016akio Technika\",\"publisher\":{\"@id\":\"https:\/\/www.horomechanika.lt\/#organization\"},\"potentialAction\":[{\"@type\":\"SearchAction\",\"target\":{\"@type\":\"EntryPoint\",\"urlTemplate\":\"https:\/\/www.horomechanika.lt\/?s={search_term_string}\"},\"query-input\":\"required name=search_term_string\"}],\"inLanguage\":\"ru-RU\"},{\"@type\":\"Organization\",\"@id\":\"https:\/\/www.horomechanika.lt\/#organization\",\"name\":\"UAB \\\"Horo mechanika\\\"\",\"url\":\"https:\/\/www.horomechanika.lt\/\",\"logo\":{\"@type\":\"ImageObject\",\"inLanguage\":\"ru-RU\",\"@id\":\"https:\/\/www.horomechanika.lt\/#\/schema\/logo\/image\/\",\"url\":\"https:\/\/www.horomechanika.lt\/wp-content\/uploads\/2020\/05\/horomechanika-logo.png\",\"contentUrl\":\"https:\/\/www.horomechanika.lt\/wp-content\/uploads\/2020\/05\/horomechanika-logo.png\",\"width\":137,\"height\":56,\"caption\":\"UAB \\\"Horo mechanika\\\"\"},\"image\":{\"@id\":\"https:\/\/www.horomechanika.lt\/#\/schema\/logo\/image\/\"},\"sameAs\":[\"https:\/\/www.facebook.com\/UAB-Horo-mechanika-177091812471952\"]}]}<\/script>\n<!-- \/ Yoast SEO plugin. -->","yoast_head_json":{"title":"PALMS TRAILER 5350 | Horomechanika","robots":{"index":"index","follow":"follow","max-snippet":"max-snippet:-1","max-image-preview":"max-image-preview:large","max-video-preview":"max-video-preview:-1"},"canonical":"https:\/\/www.horomechanika.lt\/ru\/product\/palms-trailer-5350\/","og_locale":"ru_RU","og_type":"article","og_title":"PALMS TRAILER 5350 | Horomechanika","og_description":"Dabar \u201ePalmse Trailer\u201c asortimente rasite sunkiosios technikos perve\u017eimui skirtas traktori\u0173 priekabas. \u0160iuo metu si\u016blome dviej\u0173 r\u016b\u0161i\u0173 priekabas \u2013 dvia\u0161\u0119, 16 ton\u0173 keliamosios galios ir trij\u0173 a\u0161i\u0173, 23 ton\u0173 keliamosios galios. Abi priekabos pasi\u017eymi standartin\u0117s \u012frangos \u012fvairove \u2013 \u012frangoje yra hidraulin\u0117s galin\u0117s rampos, o visuose tiltuose yra sumontuotos padangos ir stebul\u0117s, kurios leid\u017eia pasiekti iki 60 km\/ val. greit\u012f. Abiej\u0173 platformos auk\u0161tis nuo \u017eem\u0117s pavir\u0161iaus yra ma\u017eiau nei 1 metras; kadangi diduma mi\u0161k\u0173 \u016bkio ma\u0161in\u0173 ir ekskavatori\u0173 yra \u017eemesni nei 3 metrai, vie\u0161aisiais keliais jomis galima jud\u0117ti be papildom\u0173 apribojim\u0173.  PILNAS PALMS TRAILER KATALOGAS  https:\/\/www.palmsetrailer.eu\/sites\/default\/files\/catalog\/palmse_kat_2019_297x210_b5_LT_low.pdf","og_url":"https:\/\/www.horomechanika.lt\/ru\/product\/palms-trailer-5350\/","og_site_name":"Horomechanika","article_publisher":"https:\/\/www.facebook.com\/UAB-Horo-mechanika-177091812471952","article_modified_time":"2020-07-14T13:31:33+00:00","og_image":[{"width":1024,"height":684,"url":"https:\/\/www.horomechanika.lt\/wp-content\/uploads\/2020\/07\/PT5350_4.jpg","type":"image\/jpeg"}],"twitter_card":"summary_large_image","schema":{"@context":"https:\/\/schema.org","@graph":[{"@type":"WebPage","@id":"https:\/\/www.horomechanika.lt\/product\/palms-trailer-5350\/","url":"https:\/\/www.horomechanika.lt\/product\/palms-trailer-5350\/","name":"PALMS TRAILER 5350 | Horomechanika","isPartOf":{"@id":"https:\/\/www.horomechanika.lt\/#website"},"datePublished":"2020-07-14T13:31:32+00:00","dateModified":"2020-07-14T13:31:33+00:00","breadcrumb":{"@id":"https:\/\/www.horomechanika.lt\/product\/palms-trailer-5350\/#breadcrumb"},"inLanguage":"ru-RU","potentialAction":[{"@type":"ReadAction","target":["https:\/\/www.horomechanika.lt\/product\/palms-trailer-5350\/"]}]},{"@type":"BreadcrumbList","@id":"https:\/\/www.horomechanika.lt\/product\/palms-trailer-5350\/#breadcrumb","itemListElement":[{"@type":"ListItem","position":1,"name":"Home","item":"https:\/\/www.horomechanika.lt\/"},{"@type":"ListItem","position":2,"name":"Shop","item":"https:\/\/www.horomechanika.lt\/ru\/shop-2\/"},{"@type":"ListItem","position":3,"name":"PALMS TRAILER 5350"}]},{"@type":"WebSite","@id":"https:\/\/www.horomechanika.lt\/#website","url":"https:\/\/www.horomechanika.lt\/","name":"Horomechanika","description":"\u017dem\u0117s \u016akio Technika","publisher":{"@id":"https:\/\/www.horomechanika.lt\/#organization"},"potentialAction":[{"@type":"SearchAction","target":{"@type":"EntryPoint","urlTemplate":"https:\/\/www.horomechanika.lt\/?s={search_term_string}"},"query-input":"required name=search_term_string"}],"inLanguage":"ru-RU"},{"@type":"Organization","@id":"https:\/\/www.horomechanika.lt\/#organization","name":"UAB \"Horo mechanika\"","url":"https:\/\/www.horomechanika.lt\/","logo":{"@type":"ImageObject","inLanguage":"ru-RU","@id":"https:\/\/www.horomechanika.lt\/#\/schema\/logo\/image\/","url":"https:\/\/www.horomechanika.lt\/wp-content\/uploads\/2020\/05\/horomechanika-logo.png","contentUrl":"https:\/\/www.horomechanika.lt\/wp-content\/uploads\/2020\/05\/horomechanika-logo.png","width":137,"height":56,"caption":"UAB \"Horo mechanika\""},"image":{"@id":"https:\/\/www.horomechanika.lt\/#\/schema\/logo\/image\/"},"sameAs":["https:\/\/www.facebook.com\/UAB-Horo-mechanika-177091812471952"]}]}},"_links":{"self":[{"href":"https:\/\/www.horomechanika.lt\/ru\/wp-json\/wp\/v2\/product\/10658","targetHints":{"allow":["GET"]}}],"collection":[{"href":"https:\/\/www.horomechanika.lt\/ru\/wp-json\/wp\/v2\/product"}],"about":[{"href":"https:\/\/www.horomechanika.lt\/ru\/wp-json\/wp\/v2\/types\/product"}],"replies":[{"embeddable":true,"href":"https:\/\/www.horomechanika.lt\/ru\/wp-json\/wp\/v2\/comments?post=10658"}],"wp:featuredmedia":[{"embeddable":true,"href":"https:\/\/www.horomechanika.lt\/ru\/wp-json\/wp\/v2\/media\/10662"}],"wp:attachment":[{"href":"https:\/\/www.horomechanika.lt\/ru\/wp-json\/wp\/v2\/media?parent=10658"}],"wp:term":[{"taxonomy":"product_cat","embeddable":true,"href":"https:\/\/www.horomechanika.lt\/ru\/wp-json\/wp\/v2\/product_cat?post=10658"},{"taxonomy":"product_tag","embeddable":true,"href":"https:\/\/www.horomechanika.lt\/ru\/wp-json\/wp\/v2\/product_tag?post=10658"}],"curies":[{"name":"wp","href":"https:\/\/api.w.org\/{rel}","templated":true}]}}