{"id":10695,"date":"2020-07-15T09:47:06","date_gmt":"2020-07-15T06:47:06","guid":{"rendered":"http:\/\/horomechanika.lt\/?post_type=product&#038;p=10695"},"modified":"2022-05-11T08:48:59","modified_gmt":"2022-05-11T05:48:59","slug":"palms-trailer-3750","status":"publish","type":"product","link":"https:\/\/www.horomechanika.lt\/ru\/product\/palms-trailer-3750\/","title":{"rendered":"PALMS TRAILER 3750"},"content":{"rendered":"<p>PT3750<br \/>\nIlgis (mm)\t9285<br \/>\nAuk\u0161tis (mm)\t1180 \/ 2186* \/ 2980**<br \/>\nPlotis (mm)\t2460 \/ 2580**<br \/>\nVidiniai platformos i\u0161matavimai (mm)\t7520 x 2460 x 1005* \/ 1800**<br \/>\nBendras svoris (kg)\t17200<br \/>\nBaz\u0117s svoris (kg)\t3200* \/ 4100**<br \/>\nMax krovinio svoris (kg)\t14000* \/ 13100** \/ 10000***<br \/>\nMax kablio apkrova (kg)\t3000<br \/>\nLeid\u017eiama a\u0161ies apkrova (kg)\t7100<br \/>\nA\u0161i\u0173 skai\u010dius\t2<br \/>\nStabd\u017ei\u0173 tipas\t300&#215;90 (309E); 4<br \/>\nLeistinas greitis (km\/h)\t40<br \/>\nA\u0161is\t90&#215;90\/8<br \/>\nRatai\t550\/45-22,5<br \/>\nPakaba\tTandem parabolic ling\u0117<\/p>","protected":false},"excerpt":{"rendered":"<p>\u201ePalmse Metall O\u00dc\u201c gaminamas platformines priekabas apib\u016bdina paprastumas ir patogumas, kuriuos u\u017etikrina tvirta konstrukcija, 3 pozicij\u0173 atsparos ir didelis priekabos plotas. Gaminame dviej\u0173 dyd\u017ei\u0173 &#8211; 6,5 ir 8 metr\u0173 &#8211; platformines priekabas.<\/p>\n<p>Siekiant suma\u017einti platformini\u0173 priekab\u0173 slidum\u0105 platformos pagamintos i\u0161 dantytojo metalo, ta\u010diau n\u0117ra naudojami auk\u0161ti kra\u0161tai, kad b\u016bt\u0173 \u012fmanoma prekes, pavyzd\u017eiui, ant euro pad\u0117kl\u0173 sukrauti ant priekabos.<\/p>\n<p>Tilt\u0173 statyba leid\u017eia ant priekab\u0173 sumontuoti 500 mm plo\u010dio ratus, kad va\u017eiavimas laukais b\u016bt\u0173 kuo geresnis.<\/p>\n<p>Priekaba turi lingin\u0119 va\u017eiuokl\u0119 ir yra tokios strukt\u016bros, kai dalis apkrovos lieka priekabos sukabintuvui, kuris, savo ruo\u017etu, u\u017etikrina geresn\u012f traktoriaus prava\u017eiuojamum\u0105.<\/p>\n<p>PILNAS PALMS TRAILER KATALOGAS<\/p>\n<p><strong>https:\/\/www.palmsetrailer.eu\/sites\/default\/files\/catalog\/palmse_kat_2019_297x210_b5_LT_low.pdf<\/strong><\/p>","protected":false},"featured_media":10705,"comment_status":"open","ping_status":"closed","template":"","meta":[],"product_cat":[117],"product_tag":[185,186],"class_list":["post-10695","product","type-product","status-publish","has-post-thumbnail","hentry","product_cat-rulonu-platformos","product_tag-rulonai","product_tag-platforma"],"yoast_head":"<!-- This site is optimized with the Yoast SEO plugin v20.1 - https:\/\/yoast.com\/wordpress\/plugins\/seo\/ -->\n<title>PALMS TRAILER 3750 | Horomechanika<\/title>\n<meta name=\"robots\" content=\"index, follow, max-snippet:-1, max-image-preview:large, max-video-preview:-1\" \/>\n<link rel=\"canonical\" href=\"https:\/\/www.horomechanika.lt\/ru\/product\/palms-trailer-3750\/\" \/>\n<meta property=\"og:locale\" content=\"ru_RU\" \/>\n<meta property=\"og:type\" content=\"article\" \/>\n<meta property=\"og:title\" content=\"PALMS TRAILER 3750 | Horomechanika\" \/>\n<meta property=\"og:description\" content=\"\u201ePalmse Metall O\u00dc\u201c gaminamas platformines priekabas apib\u016bdina paprastumas ir patogumas, kuriuos u\u017etikrina tvirta konstrukcija, 3 pozicij\u0173 atsparos ir didelis priekabos plotas. Gaminame dviej\u0173 dyd\u017ei\u0173 - 6,5 ir 8 metr\u0173 - platformines priekabas.  Siekiant suma\u017einti platformini\u0173 priekab\u0173 slidum\u0105 platformos pagamintos i\u0161 dantytojo metalo, ta\u010diau n\u0117ra naudojami auk\u0161ti kra\u0161tai, kad b\u016bt\u0173 \u012fmanoma prekes, pavyzd\u017eiui, ant euro pad\u0117kl\u0173 sukrauti ant priekabos.  Tilt\u0173 statyba leid\u017eia ant priekab\u0173 sumontuoti 500 mm plo\u010dio ratus, kad va\u017eiavimas laukais b\u016bt\u0173 kuo geresnis.  Priekaba turi lingin\u0119 va\u017eiuokl\u0119 ir yra tokios strukt\u016bros, kai dalis apkrovos lieka priekabos sukabintuvui, kuris, savo ruo\u017etu, u\u017etikrina geresn\u012f traktoriaus prava\u017eiuojamum\u0105.  PILNAS PALMS TRAILER KATALOGAS  https:\/\/www.palmsetrailer.eu\/sites\/default\/files\/catalog\/palmse_kat_2019_297x210_b5_LT_low.pdf\" \/>\n<meta property=\"og:url\" content=\"https:\/\/www.horomechanika.lt\/ru\/product\/palms-trailer-3750\/\" \/>\n<meta property=\"og:site_name\" content=\"Horomechanika\" \/>\n<meta property=\"article:publisher\" content=\"https:\/\/www.facebook.com\/UAB-Horo-mechanika-177091812471952\" \/>\n<meta property=\"article:modified_time\" content=\"2022-05-11T05:48:59+00:00\" \/>\n<meta property=\"og:image\" content=\"https:\/\/www.horomechanika.lt\/wp-content\/uploads\/2020\/07\/DSC_0041-scaled.jpg\" \/>\n\t<meta property=\"og:image:width\" content=\"2560\" \/>\n\t<meta property=\"og:image:height\" content=\"1709\" \/>\n\t<meta property=\"og:image:type\" content=\"image\/jpeg\" \/>\n<meta name=\"twitter:card\" content=\"summary_large_image\" \/>\n<script type=\"application\/ld+json\" class=\"yoast-schema-graph\">{\"@context\":\"https:\/\/schema.org\",\"@graph\":[{\"@type\":\"WebPage\",\"@id\":\"https:\/\/www.horomechanika.lt\/ru\/product\/palms-trailer-3750\/\",\"url\":\"https:\/\/www.horomechanika.lt\/ru\/product\/palms-trailer-3750\/\",\"name\":\"PALMS TRAILER 3750 | Horomechanika\",\"isPartOf\":{\"@id\":\"https:\/\/www.horomechanika.lt\/#website\"},\"datePublished\":\"2020-07-15T06:47:06+00:00\",\"dateModified\":\"2022-05-11T05:48:59+00:00\",\"breadcrumb\":{\"@id\":\"https:\/\/www.horomechanika.lt\/ru\/product\/palms-trailer-3750\/#breadcrumb\"},\"inLanguage\":\"ru-RU\",\"potentialAction\":[{\"@type\":\"ReadAction\",\"target\":[\"https:\/\/www.horomechanika.lt\/ru\/product\/palms-trailer-3750\/\"]}]},{\"@type\":\"BreadcrumbList\",\"@id\":\"https:\/\/www.horomechanika.lt\/ru\/product\/palms-trailer-3750\/#breadcrumb\",\"itemListElement\":[{\"@type\":\"ListItem\",\"position\":1,\"name\":\"Home\",\"item\":\"https:\/\/www.horomechanika.lt\/\"},{\"@type\":\"ListItem\",\"position\":2,\"name\":\"Shop\",\"item\":\"https:\/\/www.horomechanika.lt\/ru\/shop-2\/\"},{\"@type\":\"ListItem\",\"position\":3,\"name\":\"PALMS TRAILER 3750\"}]},{\"@type\":\"WebSite\",\"@id\":\"https:\/\/www.horomechanika.lt\/#website\",\"url\":\"https:\/\/www.horomechanika.lt\/\",\"name\":\"Horomechanika\",\"description\":\"\u017dem\u0117s \u016akio Technika\",\"publisher\":{\"@id\":\"https:\/\/www.horomechanika.lt\/#organization\"},\"potentialAction\":[{\"@type\":\"SearchAction\",\"target\":{\"@type\":\"EntryPoint\",\"urlTemplate\":\"https:\/\/www.horomechanika.lt\/?s={search_term_string}\"},\"query-input\":\"required name=search_term_string\"}],\"inLanguage\":\"ru-RU\"},{\"@type\":\"Organization\",\"@id\":\"https:\/\/www.horomechanika.lt\/#organization\",\"name\":\"UAB \\\"Horo mechanika\\\"\",\"url\":\"https:\/\/www.horomechanika.lt\/\",\"logo\":{\"@type\":\"ImageObject\",\"inLanguage\":\"ru-RU\",\"@id\":\"https:\/\/www.horomechanika.lt\/#\/schema\/logo\/image\/\",\"url\":\"https:\/\/www.horomechanika.lt\/wp-content\/uploads\/2020\/05\/horomechanika-logo.png\",\"contentUrl\":\"https:\/\/www.horomechanika.lt\/wp-content\/uploads\/2020\/05\/horomechanika-logo.png\",\"width\":137,\"height\":56,\"caption\":\"UAB \\\"Horo mechanika\\\"\"},\"image\":{\"@id\":\"https:\/\/www.horomechanika.lt\/#\/schema\/logo\/image\/\"},\"sameAs\":[\"https:\/\/www.facebook.com\/UAB-Horo-mechanika-177091812471952\"]}]}<\/script>\n<!-- \/ Yoast SEO plugin. -->","yoast_head_json":{"title":"PALMS TRAILER 3750 | Horomechanika","robots":{"index":"index","follow":"follow","max-snippet":"max-snippet:-1","max-image-preview":"max-image-preview:large","max-video-preview":"max-video-preview:-1"},"canonical":"https:\/\/www.horomechanika.lt\/ru\/product\/palms-trailer-3750\/","og_locale":"ru_RU","og_type":"article","og_title":"PALMS TRAILER 3750 | Horomechanika","og_description":"\u201ePalmse Metall O\u00dc\u201c gaminamas platformines priekabas apib\u016bdina paprastumas ir patogumas, kuriuos u\u017etikrina tvirta konstrukcija, 3 pozicij\u0173 atsparos ir didelis priekabos plotas. Gaminame dviej\u0173 dyd\u017ei\u0173 - 6,5 ir 8 metr\u0173 - platformines priekabas.  Siekiant suma\u017einti platformini\u0173 priekab\u0173 slidum\u0105 platformos pagamintos i\u0161 dantytojo metalo, ta\u010diau n\u0117ra naudojami auk\u0161ti kra\u0161tai, kad b\u016bt\u0173 \u012fmanoma prekes, pavyzd\u017eiui, ant euro pad\u0117kl\u0173 sukrauti ant priekabos.  Tilt\u0173 statyba leid\u017eia ant priekab\u0173 sumontuoti 500 mm plo\u010dio ratus, kad va\u017eiavimas laukais b\u016bt\u0173 kuo geresnis.  Priekaba turi lingin\u0119 va\u017eiuokl\u0119 ir yra tokios strukt\u016bros, kai dalis apkrovos lieka priekabos sukabintuvui, kuris, savo ruo\u017etu, u\u017etikrina geresn\u012f traktoriaus prava\u017eiuojamum\u0105.  PILNAS PALMS TRAILER KATALOGAS  https:\/\/www.palmsetrailer.eu\/sites\/default\/files\/catalog\/palmse_kat_2019_297x210_b5_LT_low.pdf","og_url":"https:\/\/www.horomechanika.lt\/ru\/product\/palms-trailer-3750\/","og_site_name":"Horomechanika","article_publisher":"https:\/\/www.facebook.com\/UAB-Horo-mechanika-177091812471952","article_modified_time":"2022-05-11T05:48:59+00:00","og_image":[{"width":2560,"height":1709,"url":"https:\/\/www.horomechanika.lt\/wp-content\/uploads\/2020\/07\/DSC_0041-scaled.jpg","type":"image\/jpeg"}],"twitter_card":"summary_large_image","schema":{"@context":"https:\/\/schema.org","@graph":[{"@type":"WebPage","@id":"https:\/\/www.horomechanika.lt\/ru\/product\/palms-trailer-3750\/","url":"https:\/\/www.horomechanika.lt\/ru\/product\/palms-trailer-3750\/","name":"PALMS TRAILER 3750 | Horomechanika","isPartOf":{"@id":"https:\/\/www.horomechanika.lt\/#website"},"datePublished":"2020-07-15T06:47:06+00:00","dateModified":"2022-05-11T05:48:59+00:00","breadcrumb":{"@id":"https:\/\/www.horomechanika.lt\/ru\/product\/palms-trailer-3750\/#breadcrumb"},"inLanguage":"ru-RU","potentialAction":[{"@type":"ReadAction","target":["https:\/\/www.horomechanika.lt\/ru\/product\/palms-trailer-3750\/"]}]},{"@type":"BreadcrumbList","@id":"https:\/\/www.horomechanika.lt\/ru\/product\/palms-trailer-3750\/#breadcrumb","itemListElement":[{"@type":"ListItem","position":1,"name":"Home","item":"https:\/\/www.horomechanika.lt\/"},{"@type":"ListItem","position":2,"name":"Shop","item":"https:\/\/www.horomechanika.lt\/ru\/shop-2\/"},{"@type":"ListItem","position":3,"name":"PALMS TRAILER 3750"}]},{"@type":"WebSite","@id":"https:\/\/www.horomechanika.lt\/#website","url":"https:\/\/www.horomechanika.lt\/","name":"Horomechanika","description":"\u017dem\u0117s \u016akio Technika","publisher":{"@id":"https:\/\/www.horomechanika.lt\/#organization"},"potentialAction":[{"@type":"SearchAction","target":{"@type":"EntryPoint","urlTemplate":"https:\/\/www.horomechanika.lt\/?s={search_term_string}"},"query-input":"required name=search_term_string"}],"inLanguage":"ru-RU"},{"@type":"Organization","@id":"https:\/\/www.horomechanika.lt\/#organization","name":"UAB \"Horo mechanika\"","url":"https:\/\/www.horomechanika.lt\/","logo":{"@type":"ImageObject","inLanguage":"ru-RU","@id":"https:\/\/www.horomechanika.lt\/#\/schema\/logo\/image\/","url":"https:\/\/www.horomechanika.lt\/wp-content\/uploads\/2020\/05\/horomechanika-logo.png","contentUrl":"https:\/\/www.horomechanika.lt\/wp-content\/uploads\/2020\/05\/horomechanika-logo.png","width":137,"height":56,"caption":"UAB \"Horo mechanika\""},"image":{"@id":"https:\/\/www.horomechanika.lt\/#\/schema\/logo\/image\/"},"sameAs":["https:\/\/www.facebook.com\/UAB-Horo-mechanika-177091812471952"]}]}},"_links":{"self":[{"href":"https:\/\/www.horomechanika.lt\/ru\/wp-json\/wp\/v2\/product\/10695","targetHints":{"allow":["GET"]}}],"collection":[{"href":"https:\/\/www.horomechanika.lt\/ru\/wp-json\/wp\/v2\/product"}],"about":[{"href":"https:\/\/www.horomechanika.lt\/ru\/wp-json\/wp\/v2\/types\/product"}],"replies":[{"embeddable":true,"href":"https:\/\/www.horomechanika.lt\/ru\/wp-json\/wp\/v2\/comments?post=10695"}],"wp:featuredmedia":[{"embeddable":true,"href":"https:\/\/www.horomechanika.lt\/ru\/wp-json\/wp\/v2\/media\/10705"}],"wp:attachment":[{"href":"https:\/\/www.horomechanika.lt\/ru\/wp-json\/wp\/v2\/media?parent=10695"}],"wp:term":[{"taxonomy":"product_cat","embeddable":true,"href":"https:\/\/www.horomechanika.lt\/ru\/wp-json\/wp\/v2\/product_cat?post=10695"},{"taxonomy":"product_tag","embeddable":true,"href":"https:\/\/www.horomechanika.lt\/ru\/wp-json\/wp\/v2\/product_tag?post=10695"}],"curies":[{"name":"wp","href":"https:\/\/api.w.org\/{rel}","templated":true}]}}