{"id":10750,"date":"2020-07-15T11:12:07","date_gmt":"2020-07-15T08:12:07","guid":{"rendered":"http:\/\/horomechanika.lt\/?post_type=product&#038;p=10750"},"modified":"2020-07-15T11:42:28","modified_gmt":"2020-07-15T08:42:28","slug":"palms-trailer-3980f","status":"publish","type":"product","link":"https:\/\/www.horomechanika.lt\/ru\/product\/palms-trailer-3980f\/","title":{"rendered":"PALMS TRAILER 3980F"},"content":{"rendered":"<p>PT3980F<br \/>\nIlgis (mm)\t10250\/12120<br \/>\nAuk\u0161tis (mm)\t1185\/2190\/3000<br \/>\nPlotis (mm)\t2460\/2580<br \/>\nVidiniai platformos i\u0161matavimai (mm)\t9800x2460x1005\/1800<br \/>\nPagrindas\t5787+1200<br \/>\nBendras svoris (kg)\t23980<br \/>\nBaz\u0117s svoris (kg)\t3980(4855)<br \/>\nMax krovinio svoris (kg)\t20000<br \/>\nLeid\u017eiama a\u0161ies apkrova (kg)\t8000<br \/>\nA\u0161i\u0173 skai\u010dius\t1+2<br \/>\nStabd\u017ei\u0173 tipas\t300&#215;90; 6<br \/>\nHidraulini\u0173 stabd\u017ei\u0173 darbinis sl\u0117gis (bar)\t160<br \/>\nKonteinerio dugno lak\u0161to storis (mm)\t4<br \/>\nDarbinis hidraulinis sl\u0117gis (bar)\t200<br \/>\nLeistinas greitis (km\/h)\t40<br \/>\nA\u0161is\t90&#215;90, 8 polti<br \/>\nRatai\t500\/50-17<\/p>","protected":false},"excerpt":{"rendered":"<p>\u201ePalmse Metall O\u00dc\u201c gaminamas platformines priekabas apib\u016bdina paprastumas ir patogumas, kuriuos u\u017etikrina tvirta konstrukcija, 3 pozicij\u0173 atsparos ir didelis priekabos plotas. Gaminame dviej\u0173 dyd\u017ei\u0173 &#8211; 6,5 ir 8 metr\u0173 &#8211; platformines priekabas.<\/p>\n<p>Siekiant suma\u017einti platformini\u0173 priekab\u0173 slidum\u0105 platformos pagamintos i\u0161 dantytojo metalo, ta\u010diau n\u0117ra naudojami auk\u0161ti kra\u0161tai, kad b\u016bt\u0173 \u012fmanoma prekes, pavyzd\u017eiui, ant euro pad\u0117kl\u0173 sukrauti ant priekabos.<\/p>\n<p>Tilt\u0173 statyba leid\u017eia ant priekab\u0173 sumontuoti 500 mm plo\u010dio ratus, kad va\u017eiavimas laukais b\u016bt\u0173 kuo geresnis.<\/p>\n<p>Priekaba turi lingin\u0119 va\u017eiuokl\u0119 ir yra tokios strukt\u016bros, kai dalis apkrovos lieka priekabos sukabintuvui, kuris, savo ruo\u017etu, u\u017etikrina geresn\u012f traktoriaus prava\u017eiuojamum\u0105.<\/p>\n<p>PILNAS PALMS TRAILER KATALOGAS<\/p>\n<p><strong>https:\/\/www.palmsetrailer.eu\/sites\/default\/files\/catalog\/palmse_kat_2019_297x210_b5_LT_low.pdf<\/strong><\/p>","protected":false},"featured_media":10754,"comment_status":"open","ping_status":"closed","template":"","meta":[],"product_cat":[117],"product_tag":[185,186],"class_list":["post-10750","product","type-product","status-publish","has-post-thumbnail","hentry","product_cat-rulonu-platformos","product_tag-rulonai","product_tag-platforma"],"yoast_head":"<!-- This site is optimized with the Yoast SEO plugin v20.1 - https:\/\/yoast.com\/wordpress\/plugins\/seo\/ -->\n<title>PALMS TRAILER 3980F | Horomechanika<\/title>\n<meta name=\"robots\" content=\"index, follow, max-snippet:-1, max-image-preview:large, max-video-preview:-1\" \/>\n<link rel=\"canonical\" href=\"https:\/\/www.horomechanika.lt\/ru\/product\/palms-trailer-3980f\/\" \/>\n<meta property=\"og:locale\" content=\"ru_RU\" \/>\n<meta property=\"og:type\" content=\"article\" \/>\n<meta property=\"og:title\" content=\"PALMS TRAILER 3980F | Horomechanika\" \/>\n<meta property=\"og:description\" content=\"\u201ePalmse Metall O\u00dc\u201c gaminamas platformines priekabas apib\u016bdina paprastumas ir patogumas, kuriuos u\u017etikrina tvirta konstrukcija, 3 pozicij\u0173 atsparos ir didelis priekabos plotas. Gaminame dviej\u0173 dyd\u017ei\u0173 - 6,5 ir 8 metr\u0173 - platformines priekabas.  Siekiant suma\u017einti platformini\u0173 priekab\u0173 slidum\u0105 platformos pagamintos i\u0161 dantytojo metalo, ta\u010diau n\u0117ra naudojami auk\u0161ti kra\u0161tai, kad b\u016bt\u0173 \u012fmanoma prekes, pavyzd\u017eiui, ant euro pad\u0117kl\u0173 sukrauti ant priekabos.  Tilt\u0173 statyba leid\u017eia ant priekab\u0173 sumontuoti 500 mm plo\u010dio ratus, kad va\u017eiavimas laukais b\u016bt\u0173 kuo geresnis.  Priekaba turi lingin\u0119 va\u017eiuokl\u0119 ir yra tokios strukt\u016bros, kai dalis apkrovos lieka priekabos sukabintuvui, kuris, savo ruo\u017etu, u\u017etikrina geresn\u012f traktoriaus prava\u017eiuojamum\u0105.  PILNAS PALMS TRAILER KATALOGAS  https:\/\/www.palmsetrailer.eu\/sites\/default\/files\/catalog\/palmse_kat_2019_297x210_b5_LT_low.pdf\" \/>\n<meta property=\"og:url\" content=\"https:\/\/www.horomechanika.lt\/ru\/product\/palms-trailer-3980f\/\" \/>\n<meta property=\"og:site_name\" content=\"Horomechanika\" \/>\n<meta property=\"article:publisher\" content=\"https:\/\/www.facebook.com\/UAB-Horo-mechanika-177091812471952\" \/>\n<meta property=\"article:modified_time\" content=\"2020-07-15T08:42:28+00:00\" \/>\n<meta property=\"og:image\" content=\"https:\/\/www.horomechanika.lt\/wp-content\/uploads\/2020\/07\/DSC_8925-scaled.jpg\" \/>\n\t<meta property=\"og:image:width\" content=\"2560\" \/>\n\t<meta property=\"og:image:height\" content=\"1709\" \/>\n\t<meta property=\"og:image:type\" content=\"image\/jpeg\" \/>\n<meta name=\"twitter:card\" content=\"summary_large_image\" \/>\n<script type=\"application\/ld+json\" class=\"yoast-schema-graph\">{\"@context\":\"https:\/\/schema.org\",\"@graph\":[{\"@type\":\"WebPage\",\"@id\":\"https:\/\/www.horomechanika.lt\/ru\/product\/palms-trailer-3980f\/\",\"url\":\"https:\/\/www.horomechanika.lt\/ru\/product\/palms-trailer-3980f\/\",\"name\":\"PALMS TRAILER 3980F | Horomechanika\",\"isPartOf\":{\"@id\":\"https:\/\/www.horomechanika.lt\/#website\"},\"datePublished\":\"2020-07-15T08:12:07+00:00\",\"dateModified\":\"2020-07-15T08:42:28+00:00\",\"breadcrumb\":{\"@id\":\"https:\/\/www.horomechanika.lt\/ru\/product\/palms-trailer-3980f\/#breadcrumb\"},\"inLanguage\":\"ru-RU\",\"potentialAction\":[{\"@type\":\"ReadAction\",\"target\":[\"https:\/\/www.horomechanika.lt\/ru\/product\/palms-trailer-3980f\/\"]}]},{\"@type\":\"BreadcrumbList\",\"@id\":\"https:\/\/www.horomechanika.lt\/ru\/product\/palms-trailer-3980f\/#breadcrumb\",\"itemListElement\":[{\"@type\":\"ListItem\",\"position\":1,\"name\":\"Home\",\"item\":\"https:\/\/www.horomechanika.lt\/\"},{\"@type\":\"ListItem\",\"position\":2,\"name\":\"Shop\",\"item\":\"https:\/\/www.horomechanika.lt\/ru\/shop-2\/\"},{\"@type\":\"ListItem\",\"position\":3,\"name\":\"PALMS TRAILER 3980F\"}]},{\"@type\":\"WebSite\",\"@id\":\"https:\/\/www.horomechanika.lt\/#website\",\"url\":\"https:\/\/www.horomechanika.lt\/\",\"name\":\"Horomechanika\",\"description\":\"\u017dem\u0117s \u016akio Technika\",\"publisher\":{\"@id\":\"https:\/\/www.horomechanika.lt\/#organization\"},\"potentialAction\":[{\"@type\":\"SearchAction\",\"target\":{\"@type\":\"EntryPoint\",\"urlTemplate\":\"https:\/\/www.horomechanika.lt\/?s={search_term_string}\"},\"query-input\":\"required name=search_term_string\"}],\"inLanguage\":\"ru-RU\"},{\"@type\":\"Organization\",\"@id\":\"https:\/\/www.horomechanika.lt\/#organization\",\"name\":\"UAB \\\"Horo mechanika\\\"\",\"url\":\"https:\/\/www.horomechanika.lt\/\",\"logo\":{\"@type\":\"ImageObject\",\"inLanguage\":\"ru-RU\",\"@id\":\"https:\/\/www.horomechanika.lt\/#\/schema\/logo\/image\/\",\"url\":\"https:\/\/www.horomechanika.lt\/wp-content\/uploads\/2020\/05\/horomechanika-logo.png\",\"contentUrl\":\"https:\/\/www.horomechanika.lt\/wp-content\/uploads\/2020\/05\/horomechanika-logo.png\",\"width\":137,\"height\":56,\"caption\":\"UAB \\\"Horo mechanika\\\"\"},\"image\":{\"@id\":\"https:\/\/www.horomechanika.lt\/#\/schema\/logo\/image\/\"},\"sameAs\":[\"https:\/\/www.facebook.com\/UAB-Horo-mechanika-177091812471952\"]}]}<\/script>\n<!-- \/ Yoast SEO plugin. -->","yoast_head_json":{"title":"PALMS TRAILER 3980F | Horomechanika","robots":{"index":"index","follow":"follow","max-snippet":"max-snippet:-1","max-image-preview":"max-image-preview:large","max-video-preview":"max-video-preview:-1"},"canonical":"https:\/\/www.horomechanika.lt\/ru\/product\/palms-trailer-3980f\/","og_locale":"ru_RU","og_type":"article","og_title":"PALMS TRAILER 3980F | Horomechanika","og_description":"\u201ePalmse Metall O\u00dc\u201c gaminamas platformines priekabas apib\u016bdina paprastumas ir patogumas, kuriuos u\u017etikrina tvirta konstrukcija, 3 pozicij\u0173 atsparos ir didelis priekabos plotas. Gaminame dviej\u0173 dyd\u017ei\u0173 - 6,5 ir 8 metr\u0173 - platformines priekabas.  Siekiant suma\u017einti platformini\u0173 priekab\u0173 slidum\u0105 platformos pagamintos i\u0161 dantytojo metalo, ta\u010diau n\u0117ra naudojami auk\u0161ti kra\u0161tai, kad b\u016bt\u0173 \u012fmanoma prekes, pavyzd\u017eiui, ant euro pad\u0117kl\u0173 sukrauti ant priekabos.  Tilt\u0173 statyba leid\u017eia ant priekab\u0173 sumontuoti 500 mm plo\u010dio ratus, kad va\u017eiavimas laukais b\u016bt\u0173 kuo geresnis.  Priekaba turi lingin\u0119 va\u017eiuokl\u0119 ir yra tokios strukt\u016bros, kai dalis apkrovos lieka priekabos sukabintuvui, kuris, savo ruo\u017etu, u\u017etikrina geresn\u012f traktoriaus prava\u017eiuojamum\u0105.  PILNAS PALMS TRAILER KATALOGAS  https:\/\/www.palmsetrailer.eu\/sites\/default\/files\/catalog\/palmse_kat_2019_297x210_b5_LT_low.pdf","og_url":"https:\/\/www.horomechanika.lt\/ru\/product\/palms-trailer-3980f\/","og_site_name":"Horomechanika","article_publisher":"https:\/\/www.facebook.com\/UAB-Horo-mechanika-177091812471952","article_modified_time":"2020-07-15T08:42:28+00:00","og_image":[{"width":2560,"height":1709,"url":"https:\/\/www.horomechanika.lt\/wp-content\/uploads\/2020\/07\/DSC_8925-scaled.jpg","type":"image\/jpeg"}],"twitter_card":"summary_large_image","schema":{"@context":"https:\/\/schema.org","@graph":[{"@type":"WebPage","@id":"https:\/\/www.horomechanika.lt\/ru\/product\/palms-trailer-3980f\/","url":"https:\/\/www.horomechanika.lt\/ru\/product\/palms-trailer-3980f\/","name":"PALMS TRAILER 3980F | Horomechanika","isPartOf":{"@id":"https:\/\/www.horomechanika.lt\/#website"},"datePublished":"2020-07-15T08:12:07+00:00","dateModified":"2020-07-15T08:42:28+00:00","breadcrumb":{"@id":"https:\/\/www.horomechanika.lt\/ru\/product\/palms-trailer-3980f\/#breadcrumb"},"inLanguage":"ru-RU","potentialAction":[{"@type":"ReadAction","target":["https:\/\/www.horomechanika.lt\/ru\/product\/palms-trailer-3980f\/"]}]},{"@type":"BreadcrumbList","@id":"https:\/\/www.horomechanika.lt\/ru\/product\/palms-trailer-3980f\/#breadcrumb","itemListElement":[{"@type":"ListItem","position":1,"name":"Home","item":"https:\/\/www.horomechanika.lt\/"},{"@type":"ListItem","position":2,"name":"Shop","item":"https:\/\/www.horomechanika.lt\/ru\/shop-2\/"},{"@type":"ListItem","position":3,"name":"PALMS TRAILER 3980F"}]},{"@type":"WebSite","@id":"https:\/\/www.horomechanika.lt\/#website","url":"https:\/\/www.horomechanika.lt\/","name":"Horomechanika","description":"\u017dem\u0117s \u016akio Technika","publisher":{"@id":"https:\/\/www.horomechanika.lt\/#organization"},"potentialAction":[{"@type":"SearchAction","target":{"@type":"EntryPoint","urlTemplate":"https:\/\/www.horomechanika.lt\/?s={search_term_string}"},"query-input":"required name=search_term_string"}],"inLanguage":"ru-RU"},{"@type":"Organization","@id":"https:\/\/www.horomechanika.lt\/#organization","name":"UAB \"Horo mechanika\"","url":"https:\/\/www.horomechanika.lt\/","logo":{"@type":"ImageObject","inLanguage":"ru-RU","@id":"https:\/\/www.horomechanika.lt\/#\/schema\/logo\/image\/","url":"https:\/\/www.horomechanika.lt\/wp-content\/uploads\/2020\/05\/horomechanika-logo.png","contentUrl":"https:\/\/www.horomechanika.lt\/wp-content\/uploads\/2020\/05\/horomechanika-logo.png","width":137,"height":56,"caption":"UAB \"Horo mechanika\""},"image":{"@id":"https:\/\/www.horomechanika.lt\/#\/schema\/logo\/image\/"},"sameAs":["https:\/\/www.facebook.com\/UAB-Horo-mechanika-177091812471952"]}]}},"_links":{"self":[{"href":"https:\/\/www.horomechanika.lt\/ru\/wp-json\/wp\/v2\/product\/10750","targetHints":{"allow":["GET"]}}],"collection":[{"href":"https:\/\/www.horomechanika.lt\/ru\/wp-json\/wp\/v2\/product"}],"about":[{"href":"https:\/\/www.horomechanika.lt\/ru\/wp-json\/wp\/v2\/types\/product"}],"replies":[{"embeddable":true,"href":"https:\/\/www.horomechanika.lt\/ru\/wp-json\/wp\/v2\/comments?post=10750"}],"wp:featuredmedia":[{"embeddable":true,"href":"https:\/\/www.horomechanika.lt\/ru\/wp-json\/wp\/v2\/media\/10754"}],"wp:attachment":[{"href":"https:\/\/www.horomechanika.lt\/ru\/wp-json\/wp\/v2\/media?parent=10750"}],"wp:term":[{"taxonomy":"product_cat","embeddable":true,"href":"https:\/\/www.horomechanika.lt\/ru\/wp-json\/wp\/v2\/product_cat?post=10750"},{"taxonomy":"product_tag","embeddable":true,"href":"https:\/\/www.horomechanika.lt\/ru\/wp-json\/wp\/v2\/product_tag?post=10750"}],"curies":[{"name":"wp","href":"https:\/\/api.w.org\/{rel}","templated":true}]}}