{"id":10761,"date":"2020-07-15T13:55:41","date_gmt":"2020-07-15T10:55:41","guid":{"rendered":"http:\/\/horomechanika.lt\/?post_type=product&#038;p=10761"},"modified":"2022-05-11T09:06:39","modified_gmt":"2022-05-11T06:06:39","slug":"palms-trailer-4430","status":"publish","type":"product","link":"https:\/\/www.horomechanika.lt\/ru\/product\/palms-trailer-4430\/","title":{"rendered":"PALMS TRAILER 4430"},"content":{"rendered":"<p>PT4430<br \/>\nIlgis (mm)\t6465<br \/>\nAuk\u0161tis (mm)\t2680<br \/>\nPlotis (mm)\t2520<br \/>\nVidiniai platformos i\u0161matavimai (mm)\t4240\/2260\/2000<br \/>\nTalpa (m3)\t19.00<br \/>\nBendras svoris (kg)\t4300<br \/>\nBaz\u0117s svoris (kg)\t1800<br \/>\nMax krovinio svoris (kg)\t2500<br \/>\nMax kablio apkrova (kg)\t1000<br \/>\nLeid\u017eiama a\u0161ies apkrova (kg)\t3900<br \/>\nA\u0161i\u0173 skai\u010dius\t1<br \/>\nStabd\u017ei\u0173 tipas\t300&#215;90; 0\/2<br \/>\nHidraulini\u0173 stabd\u017ei\u0173 darbinis sl\u0117gis (bar)\t160<br \/>\nKonteinerio dugno lak\u0161to storis (mm)\t4<br \/>\nLeistinas greitis (km\/h)\t40<br \/>\nA\u0161is\t70&#215;70\/6<br \/>\nRatai\t11,5\/80-15,3<\/p>","protected":false},"excerpt":{"rendered":"<p>Atkreiptinas d\u0117mesys \u012f \u201ePalmse Trailer\u201c priekab\u0173 u\u017epakalines dureles: priekabos pagrindas \u017eemas, o konstrukcija \u2013 masyvi ir nuleista, taigi durel\u0117s gali b\u016bti naudojamos kaip trapas suvarant ir i\u0161varant gyv\u016bnus, tod\u0117l nereikia atskir\u0173 tak\u0173. Kad masyvias duris b\u016bt\u0173 lengviau atidaryti ir u\u017edaryti, suk\u016br\u0117me speciali\u0105 spyruokl\u0119, kuri veikia kaip stabd\u017ei\u0173 sistema atidarant duris ir kaip variklis \u2013 jas u\u017edarant. Kaip ir gr\u016bd\u0173 ve\u017eimo priekaboje, galima nuimti \u0161oninius bortus, tod\u0117l gyv\u016bn\u0173 ve\u017eimo priekab\u0105 galima naudoti kitiems darbams, pvz., kaip rulon\u0173 priekab\u0105.<\/p>\n<p>PILNAS PALMS TRAILER KATALOGAS<\/p>\n<p><a href=\"https:\/\/www.palmsetrailer.eu\/sites\/default\/files\/catalog\/palmse_kat_2019_297x210_b5_LT_low.pdf\">https:\/\/www.palmsetrailer.eu\/sites\/default\/files\/catalog\/palmse_kat_2019_297x210_b5_LT_low.pdf<\/a><\/p>","protected":false},"featured_media":10764,"comment_status":"open","ping_status":"closed","template":"","meta":[],"product_cat":[119],"product_tag":[186,187],"class_list":["post-10761","product","type-product","status-publish","has-post-thumbnail","hentry","product_cat-gyvuliu-gabenimo","product_tag-platforma","product_tag-gyvuliai"],"yoast_head":"<!-- This site is optimized with the Yoast SEO plugin v20.1 - https:\/\/yoast.com\/wordpress\/plugins\/seo\/ -->\n<title>PALMS TRAILER 4430 | Horomechanika<\/title>\n<meta name=\"robots\" content=\"index, follow, max-snippet:-1, max-image-preview:large, max-video-preview:-1\" \/>\n<link rel=\"canonical\" href=\"https:\/\/www.horomechanika.lt\/ru\/product\/palms-trailer-4430\/\" \/>\n<meta property=\"og:locale\" content=\"ru_RU\" \/>\n<meta property=\"og:type\" content=\"article\" \/>\n<meta property=\"og:title\" content=\"PALMS TRAILER 4430 | Horomechanika\" \/>\n<meta property=\"og:description\" content=\"Atkreiptinas d\u0117mesys \u012f \u201ePalmse Trailer\u201c priekab\u0173 u\u017epakalines dureles: priekabos pagrindas \u017eemas, o konstrukcija \u2013 masyvi ir nuleista, taigi durel\u0117s gali b\u016bti naudojamos kaip trapas suvarant ir i\u0161varant gyv\u016bnus, tod\u0117l nereikia atskir\u0173 tak\u0173. Kad masyvias duris b\u016bt\u0173 lengviau atidaryti ir u\u017edaryti, suk\u016br\u0117me speciali\u0105 spyruokl\u0119, kuri veikia kaip stabd\u017ei\u0173 sistema atidarant duris ir kaip variklis \u2013 jas u\u017edarant. Kaip ir gr\u016bd\u0173 ve\u017eimo priekaboje, galima nuimti \u0161oninius bortus, tod\u0117l gyv\u016bn\u0173 ve\u017eimo priekab\u0105 galima naudoti kitiems darbams, pvz., kaip rulon\u0173 priekab\u0105.  PILNAS PALMS TRAILER KATALOGAS  https:\/\/www.palmsetrailer.eu\/sites\/default\/files\/catalog\/palmse_kat_2019_297x210_b5_LT_low.pdf\" \/>\n<meta property=\"og:url\" content=\"https:\/\/www.horomechanika.lt\/ru\/product\/palms-trailer-4430\/\" \/>\n<meta property=\"og:site_name\" content=\"Horomechanika\" \/>\n<meta property=\"article:publisher\" content=\"https:\/\/www.facebook.com\/UAB-Horo-mechanika-177091812471952\" \/>\n<meta property=\"article:modified_time\" content=\"2022-05-11T06:06:39+00:00\" \/>\n<meta property=\"og:image\" content=\"https:\/\/www.horomechanika.lt\/wp-content\/uploads\/2020\/07\/DSC_0069-scaled.jpg\" \/>\n\t<meta property=\"og:image:width\" content=\"2560\" \/>\n\t<meta property=\"og:image:height\" content=\"1709\" \/>\n\t<meta property=\"og:image:type\" content=\"image\/jpeg\" \/>\n<meta name=\"twitter:card\" content=\"summary_large_image\" \/>\n<script type=\"application\/ld+json\" class=\"yoast-schema-graph\">{\"@context\":\"https:\/\/schema.org\",\"@graph\":[{\"@type\":\"WebPage\",\"@id\":\"https:\/\/www.horomechanika.lt\/ru\/product\/palms-trailer-4430\/\",\"url\":\"https:\/\/www.horomechanika.lt\/ru\/product\/palms-trailer-4430\/\",\"name\":\"PALMS TRAILER 4430 | Horomechanika\",\"isPartOf\":{\"@id\":\"https:\/\/www.horomechanika.lt\/#website\"},\"datePublished\":\"2020-07-15T10:55:41+00:00\",\"dateModified\":\"2022-05-11T06:06:39+00:00\",\"breadcrumb\":{\"@id\":\"https:\/\/www.horomechanika.lt\/ru\/product\/palms-trailer-4430\/#breadcrumb\"},\"inLanguage\":\"ru-RU\",\"potentialAction\":[{\"@type\":\"ReadAction\",\"target\":[\"https:\/\/www.horomechanika.lt\/ru\/product\/palms-trailer-4430\/\"]}]},{\"@type\":\"BreadcrumbList\",\"@id\":\"https:\/\/www.horomechanika.lt\/ru\/product\/palms-trailer-4430\/#breadcrumb\",\"itemListElement\":[{\"@type\":\"ListItem\",\"position\":1,\"name\":\"Home\",\"item\":\"https:\/\/www.horomechanika.lt\/\"},{\"@type\":\"ListItem\",\"position\":2,\"name\":\"Shop\",\"item\":\"https:\/\/www.horomechanika.lt\/ru\/shop-2\/\"},{\"@type\":\"ListItem\",\"position\":3,\"name\":\"PALMS TRAILER 4430\"}]},{\"@type\":\"WebSite\",\"@id\":\"https:\/\/www.horomechanika.lt\/#website\",\"url\":\"https:\/\/www.horomechanika.lt\/\",\"name\":\"Horomechanika\",\"description\":\"\u017dem\u0117s \u016akio Technika\",\"publisher\":{\"@id\":\"https:\/\/www.horomechanika.lt\/#organization\"},\"potentialAction\":[{\"@type\":\"SearchAction\",\"target\":{\"@type\":\"EntryPoint\",\"urlTemplate\":\"https:\/\/www.horomechanika.lt\/?s={search_term_string}\"},\"query-input\":\"required name=search_term_string\"}],\"inLanguage\":\"ru-RU\"},{\"@type\":\"Organization\",\"@id\":\"https:\/\/www.horomechanika.lt\/#organization\",\"name\":\"UAB \\\"Horo mechanika\\\"\",\"url\":\"https:\/\/www.horomechanika.lt\/\",\"logo\":{\"@type\":\"ImageObject\",\"inLanguage\":\"ru-RU\",\"@id\":\"https:\/\/www.horomechanika.lt\/#\/schema\/logo\/image\/\",\"url\":\"https:\/\/www.horomechanika.lt\/wp-content\/uploads\/2020\/05\/horomechanika-logo.png\",\"contentUrl\":\"https:\/\/www.horomechanika.lt\/wp-content\/uploads\/2020\/05\/horomechanika-logo.png\",\"width\":137,\"height\":56,\"caption\":\"UAB \\\"Horo mechanika\\\"\"},\"image\":{\"@id\":\"https:\/\/www.horomechanika.lt\/#\/schema\/logo\/image\/\"},\"sameAs\":[\"https:\/\/www.facebook.com\/UAB-Horo-mechanika-177091812471952\"]}]}<\/script>\n<!-- \/ Yoast SEO plugin. -->","yoast_head_json":{"title":"PALMS TRAILER 4430 | Horomechanika","robots":{"index":"index","follow":"follow","max-snippet":"max-snippet:-1","max-image-preview":"max-image-preview:large","max-video-preview":"max-video-preview:-1"},"canonical":"https:\/\/www.horomechanika.lt\/ru\/product\/palms-trailer-4430\/","og_locale":"ru_RU","og_type":"article","og_title":"PALMS TRAILER 4430 | Horomechanika","og_description":"Atkreiptinas d\u0117mesys \u012f \u201ePalmse Trailer\u201c priekab\u0173 u\u017epakalines dureles: priekabos pagrindas \u017eemas, o konstrukcija \u2013 masyvi ir nuleista, taigi durel\u0117s gali b\u016bti naudojamos kaip trapas suvarant ir i\u0161varant gyv\u016bnus, tod\u0117l nereikia atskir\u0173 tak\u0173. Kad masyvias duris b\u016bt\u0173 lengviau atidaryti ir u\u017edaryti, suk\u016br\u0117me speciali\u0105 spyruokl\u0119, kuri veikia kaip stabd\u017ei\u0173 sistema atidarant duris ir kaip variklis \u2013 jas u\u017edarant. Kaip ir gr\u016bd\u0173 ve\u017eimo priekaboje, galima nuimti \u0161oninius bortus, tod\u0117l gyv\u016bn\u0173 ve\u017eimo priekab\u0105 galima naudoti kitiems darbams, pvz., kaip rulon\u0173 priekab\u0105.  PILNAS PALMS TRAILER KATALOGAS  https:\/\/www.palmsetrailer.eu\/sites\/default\/files\/catalog\/palmse_kat_2019_297x210_b5_LT_low.pdf","og_url":"https:\/\/www.horomechanika.lt\/ru\/product\/palms-trailer-4430\/","og_site_name":"Horomechanika","article_publisher":"https:\/\/www.facebook.com\/UAB-Horo-mechanika-177091812471952","article_modified_time":"2022-05-11T06:06:39+00:00","og_image":[{"width":2560,"height":1709,"url":"https:\/\/www.horomechanika.lt\/wp-content\/uploads\/2020\/07\/DSC_0069-scaled.jpg","type":"image\/jpeg"}],"twitter_card":"summary_large_image","schema":{"@context":"https:\/\/schema.org","@graph":[{"@type":"WebPage","@id":"https:\/\/www.horomechanika.lt\/ru\/product\/palms-trailer-4430\/","url":"https:\/\/www.horomechanika.lt\/ru\/product\/palms-trailer-4430\/","name":"PALMS TRAILER 4430 | Horomechanika","isPartOf":{"@id":"https:\/\/www.horomechanika.lt\/#website"},"datePublished":"2020-07-15T10:55:41+00:00","dateModified":"2022-05-11T06:06:39+00:00","breadcrumb":{"@id":"https:\/\/www.horomechanika.lt\/ru\/product\/palms-trailer-4430\/#breadcrumb"},"inLanguage":"ru-RU","potentialAction":[{"@type":"ReadAction","target":["https:\/\/www.horomechanika.lt\/ru\/product\/palms-trailer-4430\/"]}]},{"@type":"BreadcrumbList","@id":"https:\/\/www.horomechanika.lt\/ru\/product\/palms-trailer-4430\/#breadcrumb","itemListElement":[{"@type":"ListItem","position":1,"name":"Home","item":"https:\/\/www.horomechanika.lt\/"},{"@type":"ListItem","position":2,"name":"Shop","item":"https:\/\/www.horomechanika.lt\/ru\/shop-2\/"},{"@type":"ListItem","position":3,"name":"PALMS TRAILER 4430"}]},{"@type":"WebSite","@id":"https:\/\/www.horomechanika.lt\/#website","url":"https:\/\/www.horomechanika.lt\/","name":"Horomechanika","description":"\u017dem\u0117s \u016akio Technika","publisher":{"@id":"https:\/\/www.horomechanika.lt\/#organization"},"potentialAction":[{"@type":"SearchAction","target":{"@type":"EntryPoint","urlTemplate":"https:\/\/www.horomechanika.lt\/?s={search_term_string}"},"query-input":"required name=search_term_string"}],"inLanguage":"ru-RU"},{"@type":"Organization","@id":"https:\/\/www.horomechanika.lt\/#organization","name":"UAB \"Horo mechanika\"","url":"https:\/\/www.horomechanika.lt\/","logo":{"@type":"ImageObject","inLanguage":"ru-RU","@id":"https:\/\/www.horomechanika.lt\/#\/schema\/logo\/image\/","url":"https:\/\/www.horomechanika.lt\/wp-content\/uploads\/2020\/05\/horomechanika-logo.png","contentUrl":"https:\/\/www.horomechanika.lt\/wp-content\/uploads\/2020\/05\/horomechanika-logo.png","width":137,"height":56,"caption":"UAB \"Horo mechanika\""},"image":{"@id":"https:\/\/www.horomechanika.lt\/#\/schema\/logo\/image\/"},"sameAs":["https:\/\/www.facebook.com\/UAB-Horo-mechanika-177091812471952"]}]}},"_links":{"self":[{"href":"https:\/\/www.horomechanika.lt\/ru\/wp-json\/wp\/v2\/product\/10761","targetHints":{"allow":["GET"]}}],"collection":[{"href":"https:\/\/www.horomechanika.lt\/ru\/wp-json\/wp\/v2\/product"}],"about":[{"href":"https:\/\/www.horomechanika.lt\/ru\/wp-json\/wp\/v2\/types\/product"}],"replies":[{"embeddable":true,"href":"https:\/\/www.horomechanika.lt\/ru\/wp-json\/wp\/v2\/comments?post=10761"}],"wp:featuredmedia":[{"embeddable":true,"href":"https:\/\/www.horomechanika.lt\/ru\/wp-json\/wp\/v2\/media\/10764"}],"wp:attachment":[{"href":"https:\/\/www.horomechanika.lt\/ru\/wp-json\/wp\/v2\/media?parent=10761"}],"wp:term":[{"taxonomy":"product_cat","embeddable":true,"href":"https:\/\/www.horomechanika.lt\/ru\/wp-json\/wp\/v2\/product_cat?post=10761"},{"taxonomy":"product_tag","embeddable":true,"href":"https:\/\/www.horomechanika.lt\/ru\/wp-json\/wp\/v2\/product_tag?post=10761"}],"curies":[{"name":"wp","href":"https:\/\/api.w.org\/{rel}","templated":true}]}}