{"id":10828,"date":"2020-07-15T15:45:50","date_gmt":"2020-07-15T12:45:50","guid":{"rendered":"http:\/\/horomechanika.lt\/?post_type=product&#038;p=10828"},"modified":"2022-05-11T09:08:15","modified_gmt":"2022-05-11T06:08:15","slug":"palms-trailer-ml414","status":"publish","type":"product","link":"https:\/\/www.horomechanika.lt\/ru\/product\/palms-trailer-ml414\/","title":{"rendered":"PALMS TRAILER ML414"},"content":{"rendered":"<p>ML414<br \/>\nR\u0117mo ilgis (mm)\t5624<br \/>\nR\u0117mo au\u0161tis (mm)\t2700<br \/>\nPlotis (mm)\t2450-2550<br \/>\nML konteinerio ilgis (mm)\t4000-4500<br \/>\nPagrindas\t3650+1200<br \/>\nMax svoris (kg)\t17000<br \/>\nMax u\u017esikrovimo svoris (\u012fskaitant konteiner\u012f) (kg)\t14000<br \/>\nMax vertimo svoris (\u012fskaitant konteiner\u012f) (kg)\t14000<br \/>\nMax kablio apkrova (kg)\t3000<br \/>\nMax apkrova ant r\u0117mo (kg)\t14000<br \/>\nLeid\u017eiama a\u0161ies apkrova (kg)\t7000<br \/>\nA\u0161i\u0173 skai\u010dius\t2<br \/>\nStabd\u017ei\u0173 tipas\t350&#215;90; 4<br \/>\nHidraulini\u0173 stabd\u017ei\u0173 darbinis sl\u0117gis (bar)\t160<br \/>\nU\u017esik\u0117limo kampas \u00b0\t48<br \/>\nR\u0117mo svoris (kg)\t3000<br \/>\nDarbinis hidraulinis sl\u0117gis (bar)\t200<br \/>\nLeistinas greitis (km\/h)\t40<br \/>\nA\u0161is\t90&#215;90\/8<br \/>\nRatai\t500\/50-17; 520\/50-17; 550\/45-22,5<br \/>\nSijos blokavimas\tOptional<br \/>\nGalin\u0117s pakabos blokavimas\t+<br \/>\nPakaba\tMechanical bogie<\/p>","protected":false},"excerpt":{"rendered":"<p>\u201eMultilift\u201c konteineri\u0173 gabenimo priekabos sistema labiausiai paranki atliekant tuos darbus, kai ta pa\u010dia platforma ve\u017eami  \u012fvair\u016bs kroviniai arba kai reikalingas \u017eemas pakrovimo auk\u0161tis. \u201eMultilift\u201c sistemos da\u017enai naudojamos, pavyzd\u017eiui, malk\u0173 gamyboje (malk\u0173 skaldymo linijos darbas nesustoja, kai pilnas krovinys transportuojamas, bet t\u0119siasi toliau naujame konteineryje) ar transportuojant  technik\u0105 (\u012f 1,5 m auk\u0161\u010dio priekab\u0105 mini ekskavatoriaus \u012fk\u0117limas be estakados yra labai sud\u0117tingas).<\/p>\n<p>Naudojimo sritys yra neribotos \u2013 statybos darbai, \u017eem\u0117s \u016bkis, mi\u0161ko darbai, ap\u017eeldinimas ir t.t. Klientai gali u\u017esisakyti priekab\u0105 su jiems tinkama stabd\u017ei\u0173 sistema \u2013 pneumatiniais arba hidrauliniais stabd\u017eiais. Si\u016blomos \u012fvairi\u0173 talp\u0173 \u201eMultilift\u201c r\u0117mams tinkamos d\u0117\u017e\u0117s ir platform\u0173 pagrindai (galima perve\u017eti \u012fvairius krovinius, taip pat ir traktorius).<\/p>\n<p>Si\u016blomuose pagrindo r\u0117muose telpa 14\u201315 ton\u0173; galimas sunkve\u017eimio k\u0117bulo ilgis \u2013 nuo 4 iki 6,3 m. \u201eMultilift\u201c priekab\u0173 galiniame tilte yra \u012ftaisyta u\u017efiksuojanti tilt\u0105 hidraulin\u0117 u\u017erakinimo sistema, tod\u0117l d\u0117\u017ei\u0173 pakrovimas ir nuk\u0117limas yra stabilesnis.<\/p>\n<p>\u201eMultilift\u201c priekabose sukonstravome kintamo kampo konteineri\u0173 tvirtinimo kabl\u012f, kuris leid\u017eia konteinerius pakelti skland\u017eiai ir ma\u017eesniu pakreipimo kampu. Taip i\u0161vengiama krovinio i\u0161kritimo konteinerio pakrovimo metu.<\/p>\n<p>D\u0117\u017e\u0117ms su hidrauliniu galiniu bortu galima u\u017esisakyti \u201eMultilift\u201c priekabos kablio hidraulin\u012f \u010diaup\u0105.<\/p>\n<p><a href=\"https:\/\/www.palmsetrailer.eu\/sites\/default\/files\/catalog\/palmse_kat_2019_297x210_b5_LT_low.pdf\">https:\/\/www.palmsetrailer.eu\/sites\/default\/files\/catalog\/palmse_kat_2019_297x210_b5_LT_low.pdf<\/a><\/p>","protected":false},"featured_media":10830,"comment_status":"open","ping_status":"closed","template":"","meta":[],"product_cat":[120],"product_tag":[],"class_list":["post-10828","product","type-product","status-publish","has-post-thumbnail","hentry","product_cat-multilift-sistemos-puspriekabes"],"yoast_head":"<!-- This site is optimized with the Yoast SEO plugin v20.1 - https:\/\/yoast.com\/wordpress\/plugins\/seo\/ -->\n<title>PALMS TRAILER ML414 | Horomechanika<\/title>\n<meta name=\"robots\" content=\"index, follow, max-snippet:-1, max-image-preview:large, max-video-preview:-1\" \/>\n<link rel=\"canonical\" href=\"https:\/\/www.horomechanika.lt\/ru\/product\/palms-trailer-ml414\/\" \/>\n<meta property=\"og:locale\" content=\"ru_RU\" \/>\n<meta property=\"og:type\" content=\"article\" \/>\n<meta property=\"og:title\" content=\"PALMS TRAILER ML414 | Horomechanika\" \/>\n<meta property=\"og:description\" content=\"\u201eMultilift\u201c konteineri\u0173 gabenimo priekabos sistema labiausiai paranki atliekant tuos darbus, kai ta pa\u010dia platforma ve\u017eami \u012fvair\u016bs kroviniai arba kai reikalingas \u017eemas pakrovimo auk\u0161tis. \u201eMultilift\u201c sistemos da\u017enai naudojamos, pavyzd\u017eiui, malk\u0173 gamyboje (malk\u0173 skaldymo linijos darbas nesustoja, kai pilnas krovinys transportuojamas, bet t\u0119siasi toliau naujame konteineryje) ar transportuojant technik\u0105 (\u012f 1,5 m auk\u0161\u010dio priekab\u0105 mini ekskavatoriaus \u012fk\u0117limas be estakados yra labai sud\u0117tingas).  Naudojimo sritys yra neribotos \u2013 statybos darbai, \u017eem\u0117s \u016bkis, mi\u0161ko darbai, ap\u017eeldinimas ir t.t. Klientai gali u\u017esisakyti priekab\u0105 su jiems tinkama stabd\u017ei\u0173 sistema \u2013 pneumatiniais arba hidrauliniais stabd\u017eiais. Si\u016blomos \u012fvairi\u0173 talp\u0173 \u201eMultilift\u201c r\u0117mams tinkamos d\u0117\u017e\u0117s ir platform\u0173 pagrindai (galima perve\u017eti \u012fvairius krovinius, taip pat ir traktorius).  Si\u016blomuose pagrindo r\u0117muose telpa 14\u201315 ton\u0173; galimas sunkve\u017eimio k\u0117bulo ilgis \u2013 nuo 4 iki 6,3 m. \u201eMultilift\u201c priekab\u0173 galiniame tilte yra \u012ftaisyta u\u017efiksuojanti tilt\u0105 hidraulin\u0117 u\u017erakinimo sistema, tod\u0117l d\u0117\u017ei\u0173 pakrovimas ir nuk\u0117limas yra stabilesnis.  \u201eMultilift\u201c priekabose sukonstravome kintamo kampo konteineri\u0173 tvirtinimo kabl\u012f, kuris leid\u017eia konteinerius pakelti skland\u017eiai ir ma\u017eesniu pakreipimo kampu. Taip i\u0161vengiama krovinio i\u0161kritimo konteinerio pakrovimo metu.  D\u0117\u017e\u0117ms su hidrauliniu galiniu bortu galima u\u017esisakyti \u201eMultilift\u201c priekabos kablio hidraulin\u012f \u010diaup\u0105.  https:\/\/www.palmsetrailer.eu\/sites\/default\/files\/catalog\/palmse_kat_2019_297x210_b5_LT_low.pdf\" \/>\n<meta property=\"og:url\" content=\"https:\/\/www.horomechanika.lt\/ru\/product\/palms-trailer-ml414\/\" \/>\n<meta property=\"og:site_name\" content=\"Horomechanika\" \/>\n<meta property=\"article:publisher\" content=\"https:\/\/www.facebook.com\/UAB-Horo-mechanika-177091812471952\" \/>\n<meta property=\"article:modified_time\" content=\"2022-05-11T06:08:15+00:00\" \/>\n<meta property=\"og:image\" content=\"https:\/\/www.horomechanika.lt\/wp-content\/uploads\/2020\/07\/DSC_7775-scaled.jpg\" \/>\n\t<meta property=\"og:image:width\" content=\"2560\" \/>\n\t<meta property=\"og:image:height\" content=\"1709\" \/>\n\t<meta property=\"og:image:type\" content=\"image\/jpeg\" \/>\n<meta name=\"twitter:card\" content=\"summary_large_image\" \/>\n<meta name=\"twitter:label1\" content=\"\u041f\u0440\u0438\u043c\u0435\u0440\u043d\u043e\u0435 \u0432\u0440\u0435\u043c\u044f \u0434\u043b\u044f \u0447\u0442\u0435\u043d\u0438\u044f\" \/>\n\t<meta name=\"twitter:data1\" content=\"1 \u043c\u0438\u043d\u0443\u0442\u0430\" \/>\n<script type=\"application\/ld+json\" class=\"yoast-schema-graph\">{\"@context\":\"https:\/\/schema.org\",\"@graph\":[{\"@type\":\"WebPage\",\"@id\":\"https:\/\/www.horomechanika.lt\/ru\/product\/palms-trailer-ml414\/\",\"url\":\"https:\/\/www.horomechanika.lt\/ru\/product\/palms-trailer-ml414\/\",\"name\":\"PALMS TRAILER ML414 | Horomechanika\",\"isPartOf\":{\"@id\":\"https:\/\/www.horomechanika.lt\/#website\"},\"datePublished\":\"2020-07-15T12:45:50+00:00\",\"dateModified\":\"2022-05-11T06:08:15+00:00\",\"breadcrumb\":{\"@id\":\"https:\/\/www.horomechanika.lt\/ru\/product\/palms-trailer-ml414\/#breadcrumb\"},\"inLanguage\":\"ru-RU\",\"potentialAction\":[{\"@type\":\"ReadAction\",\"target\":[\"https:\/\/www.horomechanika.lt\/ru\/product\/palms-trailer-ml414\/\"]}]},{\"@type\":\"BreadcrumbList\",\"@id\":\"https:\/\/www.horomechanika.lt\/ru\/product\/palms-trailer-ml414\/#breadcrumb\",\"itemListElement\":[{\"@type\":\"ListItem\",\"position\":1,\"name\":\"Home\",\"item\":\"https:\/\/www.horomechanika.lt\/\"},{\"@type\":\"ListItem\",\"position\":2,\"name\":\"Shop\",\"item\":\"https:\/\/www.horomechanika.lt\/ru\/shop-2\/\"},{\"@type\":\"ListItem\",\"position\":3,\"name\":\"PALMS TRAILER ML414\"}]},{\"@type\":\"WebSite\",\"@id\":\"https:\/\/www.horomechanika.lt\/#website\",\"url\":\"https:\/\/www.horomechanika.lt\/\",\"name\":\"Horomechanika\",\"description\":\"\u017dem\u0117s \u016akio Technika\",\"publisher\":{\"@id\":\"https:\/\/www.horomechanika.lt\/#organization\"},\"potentialAction\":[{\"@type\":\"SearchAction\",\"target\":{\"@type\":\"EntryPoint\",\"urlTemplate\":\"https:\/\/www.horomechanika.lt\/?s={search_term_string}\"},\"query-input\":\"required name=search_term_string\"}],\"inLanguage\":\"ru-RU\"},{\"@type\":\"Organization\",\"@id\":\"https:\/\/www.horomechanika.lt\/#organization\",\"name\":\"UAB \\\"Horo mechanika\\\"\",\"url\":\"https:\/\/www.horomechanika.lt\/\",\"logo\":{\"@type\":\"ImageObject\",\"inLanguage\":\"ru-RU\",\"@id\":\"https:\/\/www.horomechanika.lt\/#\/schema\/logo\/image\/\",\"url\":\"https:\/\/www.horomechanika.lt\/wp-content\/uploads\/2020\/05\/horomechanika-logo.png\",\"contentUrl\":\"https:\/\/www.horomechanika.lt\/wp-content\/uploads\/2020\/05\/horomechanika-logo.png\",\"width\":137,\"height\":56,\"caption\":\"UAB \\\"Horo mechanika\\\"\"},\"image\":{\"@id\":\"https:\/\/www.horomechanika.lt\/#\/schema\/logo\/image\/\"},\"sameAs\":[\"https:\/\/www.facebook.com\/UAB-Horo-mechanika-177091812471952\"]}]}<\/script>\n<!-- \/ Yoast SEO plugin. -->","yoast_head_json":{"title":"PALMS TRAILER ML414 | Horomechanika","robots":{"index":"index","follow":"follow","max-snippet":"max-snippet:-1","max-image-preview":"max-image-preview:large","max-video-preview":"max-video-preview:-1"},"canonical":"https:\/\/www.horomechanika.lt\/ru\/product\/palms-trailer-ml414\/","og_locale":"ru_RU","og_type":"article","og_title":"PALMS TRAILER ML414 | Horomechanika","og_description":"\u201eMultilift\u201c konteineri\u0173 gabenimo priekabos sistema labiausiai paranki atliekant tuos darbus, kai ta pa\u010dia platforma ve\u017eami \u012fvair\u016bs kroviniai arba kai reikalingas \u017eemas pakrovimo auk\u0161tis. \u201eMultilift\u201c sistemos da\u017enai naudojamos, pavyzd\u017eiui, malk\u0173 gamyboje (malk\u0173 skaldymo linijos darbas nesustoja, kai pilnas krovinys transportuojamas, bet t\u0119siasi toliau naujame konteineryje) ar transportuojant technik\u0105 (\u012f 1,5 m auk\u0161\u010dio priekab\u0105 mini ekskavatoriaus \u012fk\u0117limas be estakados yra labai sud\u0117tingas).  Naudojimo sritys yra neribotos \u2013 statybos darbai, \u017eem\u0117s \u016bkis, mi\u0161ko darbai, ap\u017eeldinimas ir t.t. Klientai gali u\u017esisakyti priekab\u0105 su jiems tinkama stabd\u017ei\u0173 sistema \u2013 pneumatiniais arba hidrauliniais stabd\u017eiais. Si\u016blomos \u012fvairi\u0173 talp\u0173 \u201eMultilift\u201c r\u0117mams tinkamos d\u0117\u017e\u0117s ir platform\u0173 pagrindai (galima perve\u017eti \u012fvairius krovinius, taip pat ir traktorius).  Si\u016blomuose pagrindo r\u0117muose telpa 14\u201315 ton\u0173; galimas sunkve\u017eimio k\u0117bulo ilgis \u2013 nuo 4 iki 6,3 m. \u201eMultilift\u201c priekab\u0173 galiniame tilte yra \u012ftaisyta u\u017efiksuojanti tilt\u0105 hidraulin\u0117 u\u017erakinimo sistema, tod\u0117l d\u0117\u017ei\u0173 pakrovimas ir nuk\u0117limas yra stabilesnis.  \u201eMultilift\u201c priekabose sukonstravome kintamo kampo konteineri\u0173 tvirtinimo kabl\u012f, kuris leid\u017eia konteinerius pakelti skland\u017eiai ir ma\u017eesniu pakreipimo kampu. Taip i\u0161vengiama krovinio i\u0161kritimo konteinerio pakrovimo metu.  D\u0117\u017e\u0117ms su hidrauliniu galiniu bortu galima u\u017esisakyti \u201eMultilift\u201c priekabos kablio hidraulin\u012f \u010diaup\u0105.  https:\/\/www.palmsetrailer.eu\/sites\/default\/files\/catalog\/palmse_kat_2019_297x210_b5_LT_low.pdf","og_url":"https:\/\/www.horomechanika.lt\/ru\/product\/palms-trailer-ml414\/","og_site_name":"Horomechanika","article_publisher":"https:\/\/www.facebook.com\/UAB-Horo-mechanika-177091812471952","article_modified_time":"2022-05-11T06:08:15+00:00","og_image":[{"width":2560,"height":1709,"url":"https:\/\/www.horomechanika.lt\/wp-content\/uploads\/2020\/07\/DSC_7775-scaled.jpg","type":"image\/jpeg"}],"twitter_card":"summary_large_image","twitter_misc":{"\u041f\u0440\u0438\u043c\u0435\u0440\u043d\u043e\u0435 \u0432\u0440\u0435\u043c\u044f \u0434\u043b\u044f \u0447\u0442\u0435\u043d\u0438\u044f":"1 \u043c\u0438\u043d\u0443\u0442\u0430"},"schema":{"@context":"https:\/\/schema.org","@graph":[{"@type":"WebPage","@id":"https:\/\/www.horomechanika.lt\/ru\/product\/palms-trailer-ml414\/","url":"https:\/\/www.horomechanika.lt\/ru\/product\/palms-trailer-ml414\/","name":"PALMS TRAILER ML414 | Horomechanika","isPartOf":{"@id":"https:\/\/www.horomechanika.lt\/#website"},"datePublished":"2020-07-15T12:45:50+00:00","dateModified":"2022-05-11T06:08:15+00:00","breadcrumb":{"@id":"https:\/\/www.horomechanika.lt\/ru\/product\/palms-trailer-ml414\/#breadcrumb"},"inLanguage":"ru-RU","potentialAction":[{"@type":"ReadAction","target":["https:\/\/www.horomechanika.lt\/ru\/product\/palms-trailer-ml414\/"]}]},{"@type":"BreadcrumbList","@id":"https:\/\/www.horomechanika.lt\/ru\/product\/palms-trailer-ml414\/#breadcrumb","itemListElement":[{"@type":"ListItem","position":1,"name":"Home","item":"https:\/\/www.horomechanika.lt\/"},{"@type":"ListItem","position":2,"name":"Shop","item":"https:\/\/www.horomechanika.lt\/ru\/shop-2\/"},{"@type":"ListItem","position":3,"name":"PALMS TRAILER ML414"}]},{"@type":"WebSite","@id":"https:\/\/www.horomechanika.lt\/#website","url":"https:\/\/www.horomechanika.lt\/","name":"Horomechanika","description":"\u017dem\u0117s \u016akio Technika","publisher":{"@id":"https:\/\/www.horomechanika.lt\/#organization"},"potentialAction":[{"@type":"SearchAction","target":{"@type":"EntryPoint","urlTemplate":"https:\/\/www.horomechanika.lt\/?s={search_term_string}"},"query-input":"required name=search_term_string"}],"inLanguage":"ru-RU"},{"@type":"Organization","@id":"https:\/\/www.horomechanika.lt\/#organization","name":"UAB \"Horo mechanika\"","url":"https:\/\/www.horomechanika.lt\/","logo":{"@type":"ImageObject","inLanguage":"ru-RU","@id":"https:\/\/www.horomechanika.lt\/#\/schema\/logo\/image\/","url":"https:\/\/www.horomechanika.lt\/wp-content\/uploads\/2020\/05\/horomechanika-logo.png","contentUrl":"https:\/\/www.horomechanika.lt\/wp-content\/uploads\/2020\/05\/horomechanika-logo.png","width":137,"height":56,"caption":"UAB \"Horo mechanika\""},"image":{"@id":"https:\/\/www.horomechanika.lt\/#\/schema\/logo\/image\/"},"sameAs":["https:\/\/www.facebook.com\/UAB-Horo-mechanika-177091812471952"]}]}},"_links":{"self":[{"href":"https:\/\/www.horomechanika.lt\/ru\/wp-json\/wp\/v2\/product\/10828","targetHints":{"allow":["GET"]}}],"collection":[{"href":"https:\/\/www.horomechanika.lt\/ru\/wp-json\/wp\/v2\/product"}],"about":[{"href":"https:\/\/www.horomechanika.lt\/ru\/wp-json\/wp\/v2\/types\/product"}],"replies":[{"embeddable":true,"href":"https:\/\/www.horomechanika.lt\/ru\/wp-json\/wp\/v2\/comments?post=10828"}],"wp:featuredmedia":[{"embeddable":true,"href":"https:\/\/www.horomechanika.lt\/ru\/wp-json\/wp\/v2\/media\/10830"}],"wp:attachment":[{"href":"https:\/\/www.horomechanika.lt\/ru\/wp-json\/wp\/v2\/media?parent=10828"}],"wp:term":[{"taxonomy":"product_cat","embeddable":true,"href":"https:\/\/www.horomechanika.lt\/ru\/wp-json\/wp\/v2\/product_cat?post=10828"},{"taxonomy":"product_tag","embeddable":true,"href":"https:\/\/www.horomechanika.lt\/ru\/wp-json\/wp\/v2\/product_tag?post=10828"}],"curies":[{"name":"wp","href":"https:\/\/api.w.org\/{rel}","templated":true}]}}