{"id":10846,"date":"2020-07-16T10:15:59","date_gmt":"2020-07-16T07:15:59","guid":{"rendered":"http:\/\/horomechanika.lt\/?post_type=product&#038;p=10846"},"modified":"2021-01-21T12:18:16","modified_gmt":"2021-01-21T09:18:16","slug":"ls-mtron-mt1","status":"publish","type":"product","link":"https:\/\/www.horomechanika.lt\/ru\/product\/ls-mtron-mt1\/","title":{"rendered":"LS MTRON MT1"},"content":{"rendered":"<p class=\"video\" style=\"text-align: left;\">\n<p>\u0160ie traktoriai pagaminti Piet\u0173 Kor\u0117joje, tai ypa\u010d patikimi bei pripa\u017einti net Amerikoje.\u00a0 LS Mtron gamykla veikia jau\u00a0 50 met\u0173, o produkcija patikrinta, i\u0161bandyta laiko ir atitinka auk\u0161\u010diausios kokyb\u0117s reikalavimus.\u00a0 \u0160iems traktoriams suteikiama net 5 met\u0173 garantija. Gamykla priklauso LG korporacijai kuri gamina ne tik pa\u017eangiausius elektronikos prietaisus bet ir pl\u0117toja energetikos veiklos sritis.\u00a0 LS traktoriai Lietuvos rinkoje yra vis dar naujiena, ta\u010diau jau \u012fsigij\u0119 \u016bkininkai\u00a0 gr\u012f\u017eta tik su teigiamais atsiliepimais. Vartotoj\u0173 pasisakymuose dominuoja\u00a0 temos apie padid\u0117jus\u012f darbo produktyvum\u0105, komfort\u0105 bei ekonomi\u0161kum\u0105.\u00a0 UAB \u201eHoro mechanika\u201c yra oficialus LS tractor atstovas Baltijos ir Skandinavijos \u0161alyse tai\u00a0 aptarnavimas, detal\u0117s bei kaina patenkina net ir i\u0161rankiausi\u0105 klient\u0105.<\/p>\n<p style=\"text-align: left;\">\nPuiki\u0173 savyb\u0173, manevringasir\u00a0 kartu\u00a0 galingas traktorius SUB Compact serijoje.<\/p>\n<p style=\"text-align: left;\">Keliamoji galia 440 kg leid\u017eia valdyti \u012fvairius padargus.<\/p>\n<p style=\"text-align: left;\">Pilnas plok\u0161\u010dias dugnas suteikia daug vietos kojoms ir daug lengviau \u012flipti ir i\u0161lipti i\u0161 traktoriaus.<\/p>\n<p style=\"text-align: left;\">HST dviej\u0173 pedal\u0173 sistema padidina naudojimo patogum\u0105 kei\u010diant krypt\u012f ir greit\u012f.<\/p>\n<p>&nbsp;<\/p>\n<p><iframe loading=\"lazy\" title=\"LS Tractor MT 1.25\" width=\"895\" height=\"503\" src=\"https:\/\/www.youtube.com\/embed\/zw2ya-aXY6o?feature=oembed\" frameborder=\"0\" allow=\"accelerometer; autoplay; encrypted-media; gyroscope; picture-in-picture\" allowfullscreen><\/iframe><\/p>","protected":false},"excerpt":{"rendered":"<p>PILNAS LS MTRON KATALOGAS<br \/>\n<a href=\"http:\/\/horomechanika.lt\/wp-content\/uploads\/2020\/07\/GlobalcatalogWeb-2.pdf\">Global+catalog+(Web) (2)<\/a><\/p>\n<table class=\"table_05\">\n<tbody>\n<tr>\n<td colspan=\"2\">Category<\/td>\n<td>MT1.22<\/td>\n<td>MT1.25<\/td>\n<\/tr>\n<tr>\n<th rowspan=\"5\">Matmenys &amp; Svoris<\/th>\n<td>Bendras ilgis, nuo bamperio iki pakabos (mm)<\/td>\n<td colspan=\"2\">2470<\/td>\n<\/tr>\n<tr>\n<td>Bendras plotis iki padang\u0173 (mm)<\/td>\n<td colspan=\"2\">1190<\/td>\n<\/tr>\n<tr>\n<td>Rat\u0173 baz\u0117 (mm)<\/td>\n<td colspan=\"2\">1425<\/td>\n<\/tr>\n<tr>\n<td>Bendras ilgis iki lanko ROPS\/Cab (mm)<\/td>\n<td colspan=\"2\">2218<\/td>\n<\/tr>\n<tr>\n<td>Svoris be balasto (kg)<\/td>\n<td>650<\/td>\n<td>655<\/td>\n<\/tr>\n<tr>\n<th rowspan=\"2\">Ratai<\/th>\n<td>Priekin\u0117s<\/td>\n<td colspan=\"2\">18&#215;8.5-10<\/td>\n<\/tr>\n<tr>\n<td>Galin\u0117s<\/td>\n<td colspan=\"2\">26&#215;12.00-12<\/td>\n<\/tr>\n<tr>\n<th rowspan=\"3\">GTV<\/th>\n<td>Tipas<\/td>\n<td colspan=\"2\">Independent<\/td>\n<\/tr>\n<tr>\n<td>vidurinis (rpm) *u\u017esakomas<\/td>\n<td colspan=\"2\">2500<\/td>\n<\/tr>\n<tr>\n<td>Galinis(rpm)<\/td>\n<td colspan=\"2\">540<\/td>\n<\/tr>\n<tr>\n<th rowspan=\"4\">Hidraulika<\/th>\n<td>Valdymas (options)<\/td>\n<td colspan=\"2\">Svirtimis<\/td>\n<\/tr>\n<tr>\n<td>hidraulinis siurblys (lpm)<\/td>\n<td colspan=\"2\">17.4<\/td>\n<\/tr>\n<tr>\n<td>Trij\u0173 ta\u0161k\u0173 rikabinimo kategorija<\/td>\n<td colspan=\"2\">CAT \u2160<\/td>\n<\/tr>\n<tr>\n<td>Hitch lift capacity (kgf)<\/td>\n<td colspan=\"2\">440<\/td>\n<\/tr>\n<tr>\n<th rowspan=\"8\">Variklis<\/th>\n<td>Tipas<\/td>\n<td colspan=\"2\">Variklis Tipas 3-Cylindru, tiesioginio ipur\u0161kimo, Vandeniu au\u0161inamas<\/td>\n<\/tr>\n<tr>\n<td>Modelis<\/td>\n<td>Yanmar 3TNV76F<\/td>\n<td>Yanmar 3TNV80F<\/td>\n<\/tr>\n<tr>\n<td>Emisija<\/td>\n<td colspan=\"2\">Tier4<\/td>\n<\/tr>\n<tr>\n<td>variklio galia AG (kW)<\/td>\n<td>21.5 (16)<\/td>\n<td>24.7 (18.4)<\/td>\n<\/tr>\n<tr>\n<td>GTV Hp<\/td>\n<td>15<\/td>\n<td>17.2<\/td>\n<\/tr>\n<tr>\n<td>Nominalios apsukos (rpm)<\/td>\n<td colspan=\"2\">3000<\/td>\n<\/tr>\n<tr>\n<td>Variklio t\u016bris (cc)<\/td>\n<td>1114<\/td>\n<td>1267<\/td>\n<\/tr>\n<tr>\n<td>Kuro bako talpa\u00a0 (L)<\/td>\n<td colspan=\"2\">25<\/td>\n<\/tr>\n<tr>\n<th rowspan=\"3\">Jud\u0117jimo sistema<\/th>\n<td>Pavar\u0173 d\u0117\u017e\u0117s tipas (options)<\/td>\n<td colspan=\"2\">HST<\/td>\n<\/tr>\n<tr>\n<td>Pavaros<\/td>\n<td colspan=\"2\">2 grei\u010diai<\/td>\n<\/tr>\n<tr>\n<td>Va\u017eiavimo greitis (Km\/h)<\/td>\n<td colspan=\"2\">0 ~ 14.6<\/td>\n<\/tr>\n<\/tbody>\n<\/table>","protected":false},"featured_media":10849,"comment_status":"open","ping_status":"closed","template":"","meta":[],"product_cat":[104],"product_tag":[],"class_list":["post-10846","product","type-product","status-publish","has-post-thumbnail","hentry","product_cat-mt1-19-30-ag"],"yoast_head":"<!-- This site is optimized with the Yoast SEO plugin v20.1 - https:\/\/yoast.com\/wordpress\/plugins\/seo\/ -->\n<title>LS MTRON MT1 | Horomechanika<\/title>\n<meta name=\"robots\" content=\"index, follow, max-snippet:-1, max-image-preview:large, max-video-preview:-1\" \/>\n<link rel=\"canonical\" href=\"https:\/\/www.horomechanika.lt\/ru\/product\/ls-mtron-mt1\/\" \/>\n<meta property=\"og:locale\" content=\"ru_RU\" \/>\n<meta property=\"og:type\" content=\"article\" \/>\n<meta property=\"og:title\" content=\"LS MTRON MT1 | Horomechanika\" \/>\n<meta property=\"og:description\" content=\"PILNAS LS MTRON KATALOGAS Global+catalog+(Web) (2)    Category MT1.22 MT1.25   Matmenys &amp; Svoris Bendras ilgis, nuo bamperio iki pakabos (mm) 2470   Bendras plotis iki padang\u0173 (mm) 1190   Rat\u0173 baz\u0117 (mm) 1425   Bendras ilgis iki lanko ROPS\/Cab (mm) 2218   Svoris be balasto (kg) 650 655   Ratai Priekin\u0117s 18x8.5-10   Galin\u0117s 26x12.00-12   GTV Tipas Independent   vidurinis (rpm) *u\u017esakomas 2500   Galinis(rpm) 540   Hidraulika Valdymas (options) Svirtimis   hidraulinis siurblys (lpm) 17.4   Trij\u0173 ta\u0161k\u0173 rikabinimo kategorija CAT \u2160   Hitch lift capacity (kgf) 440   Variklis Tipas Variklis Tipas 3-Cylindru, tiesioginio ipur\u0161kimo, Vandeniu au\u0161inamas   Modelis Yanmar 3TNV76F Yanmar 3TNV80F   Emisija Tier4   variklio galia AG (kW) 21.5 (16) 24.7 (18.4)   GTV Hp 15 17.2   Nominalios apsukos (rpm) 3000   Variklio t\u016bris (cc) 1114 1267   Kuro bako talpa\u00a0 (L) 25   Jud\u0117jimo sistema Pavar\u0173 d\u0117\u017e\u0117s tipas (options) HST   Pavaros 2 grei\u010diai   Va\u017eiavimo greitis (Km\/h) 0 ~ 14.6\" \/>\n<meta property=\"og:url\" content=\"https:\/\/www.horomechanika.lt\/ru\/product\/ls-mtron-mt1\/\" \/>\n<meta property=\"og:site_name\" content=\"Horomechanika\" \/>\n<meta property=\"article:publisher\" content=\"https:\/\/www.facebook.com\/UAB-Horo-mechanika-177091812471952\" \/>\n<meta property=\"article:modified_time\" content=\"2021-01-21T09:18:16+00:00\" \/>\n<meta property=\"og:image\" content=\"https:\/\/www.horomechanika.lt\/wp-content\/uploads\/2020\/07\/MT1-\u0118\u0144_\u00f3-1024x895.jpg\" \/>\n\t<meta property=\"og:image:width\" content=\"1024\" \/>\n\t<meta property=\"og:image:height\" content=\"895\" \/>\n\t<meta property=\"og:image:type\" content=\"image\/jpeg\" \/>\n<meta name=\"twitter:card\" content=\"summary_large_image\" \/>\n<meta name=\"twitter:label1\" content=\"\u041f\u0440\u0438\u043c\u0435\u0440\u043d\u043e\u0435 \u0432\u0440\u0435\u043c\u044f \u0434\u043b\u044f \u0447\u0442\u0435\u043d\u0438\u044f\" \/>\n\t<meta name=\"twitter:data1\" content=\"1 \u043c\u0438\u043d\u0443\u0442\u0430\" \/>\n<script type=\"application\/ld+json\" class=\"yoast-schema-graph\">{\"@context\":\"https:\/\/schema.org\",\"@graph\":[{\"@type\":\"WebPage\",\"@id\":\"https:\/\/www.horomechanika.lt\/product\/ls-mtron-mt1\/\",\"url\":\"https:\/\/www.horomechanika.lt\/product\/ls-mtron-mt1\/\",\"name\":\"LS MTRON MT1 | Horomechanika\",\"isPartOf\":{\"@id\":\"https:\/\/www.horomechanika.lt\/#website\"},\"datePublished\":\"2020-07-16T07:15:59+00:00\",\"dateModified\":\"2021-01-21T09:18:16+00:00\",\"breadcrumb\":{\"@id\":\"https:\/\/www.horomechanika.lt\/product\/ls-mtron-mt1\/#breadcrumb\"},\"inLanguage\":\"ru-RU\",\"potentialAction\":[{\"@type\":\"ReadAction\",\"target\":[\"https:\/\/www.horomechanika.lt\/product\/ls-mtron-mt1\/\"]}]},{\"@type\":\"BreadcrumbList\",\"@id\":\"https:\/\/www.horomechanika.lt\/product\/ls-mtron-mt1\/#breadcrumb\",\"itemListElement\":[{\"@type\":\"ListItem\",\"position\":1,\"name\":\"Home\",\"item\":\"https:\/\/www.horomechanika.lt\/\"},{\"@type\":\"ListItem\",\"position\":2,\"name\":\"Shop\",\"item\":\"https:\/\/www.horomechanika.lt\/ru\/shop-2\/\"},{\"@type\":\"ListItem\",\"position\":3,\"name\":\"LS MTRON MT1\"}]},{\"@type\":\"WebSite\",\"@id\":\"https:\/\/www.horomechanika.lt\/#website\",\"url\":\"https:\/\/www.horomechanika.lt\/\",\"name\":\"Horomechanika\",\"description\":\"\u017dem\u0117s \u016akio Technika\",\"publisher\":{\"@id\":\"https:\/\/www.horomechanika.lt\/#organization\"},\"potentialAction\":[{\"@type\":\"SearchAction\",\"target\":{\"@type\":\"EntryPoint\",\"urlTemplate\":\"https:\/\/www.horomechanika.lt\/?s={search_term_string}\"},\"query-input\":\"required name=search_term_string\"}],\"inLanguage\":\"ru-RU\"},{\"@type\":\"Organization\",\"@id\":\"https:\/\/www.horomechanika.lt\/#organization\",\"name\":\"UAB \\\"Horo mechanika\\\"\",\"url\":\"https:\/\/www.horomechanika.lt\/\",\"logo\":{\"@type\":\"ImageObject\",\"inLanguage\":\"ru-RU\",\"@id\":\"https:\/\/www.horomechanika.lt\/#\/schema\/logo\/image\/\",\"url\":\"https:\/\/www.horomechanika.lt\/wp-content\/uploads\/2020\/05\/horomechanika-logo.png\",\"contentUrl\":\"https:\/\/www.horomechanika.lt\/wp-content\/uploads\/2020\/05\/horomechanika-logo.png\",\"width\":137,\"height\":56,\"caption\":\"UAB \\\"Horo mechanika\\\"\"},\"image\":{\"@id\":\"https:\/\/www.horomechanika.lt\/#\/schema\/logo\/image\/\"},\"sameAs\":[\"https:\/\/www.facebook.com\/UAB-Horo-mechanika-177091812471952\"]}]}<\/script>\n<!-- \/ Yoast SEO plugin. -->","yoast_head_json":{"title":"LS MTRON MT1 | Horomechanika","robots":{"index":"index","follow":"follow","max-snippet":"max-snippet:-1","max-image-preview":"max-image-preview:large","max-video-preview":"max-video-preview:-1"},"canonical":"https:\/\/www.horomechanika.lt\/ru\/product\/ls-mtron-mt1\/","og_locale":"ru_RU","og_type":"article","og_title":"LS MTRON MT1 | Horomechanika","og_description":"PILNAS LS MTRON KATALOGAS Global+catalog+(Web) (2)    Category MT1.22 MT1.25   Matmenys &amp; Svoris Bendras ilgis, nuo bamperio iki pakabos (mm) 2470   Bendras plotis iki padang\u0173 (mm) 1190   Rat\u0173 baz\u0117 (mm) 1425   Bendras ilgis iki lanko ROPS\/Cab (mm) 2218   Svoris be balasto (kg) 650 655   Ratai Priekin\u0117s 18x8.5-10   Galin\u0117s 26x12.00-12   GTV Tipas Independent   vidurinis (rpm) *u\u017esakomas 2500   Galinis(rpm) 540   Hidraulika Valdymas (options) Svirtimis   hidraulinis siurblys (lpm) 17.4   Trij\u0173 ta\u0161k\u0173 rikabinimo kategorija CAT \u2160   Hitch lift capacity (kgf) 440   Variklis Tipas Variklis Tipas 3-Cylindru, tiesioginio ipur\u0161kimo, Vandeniu au\u0161inamas   Modelis Yanmar 3TNV76F Yanmar 3TNV80F   Emisija Tier4   variklio galia AG (kW) 21.5 (16) 24.7 (18.4)   GTV Hp 15 17.2   Nominalios apsukos (rpm) 3000   Variklio t\u016bris (cc) 1114 1267   Kuro bako talpa\u00a0 (L) 25   Jud\u0117jimo sistema Pavar\u0173 d\u0117\u017e\u0117s tipas (options) HST   Pavaros 2 grei\u010diai   Va\u017eiavimo greitis (Km\/h) 0 ~ 14.6","og_url":"https:\/\/www.horomechanika.lt\/ru\/product\/ls-mtron-mt1\/","og_site_name":"Horomechanika","article_publisher":"https:\/\/www.facebook.com\/UAB-Horo-mechanika-177091812471952","article_modified_time":"2021-01-21T09:18:16+00:00","og_image":[{"width":1024,"height":895,"url":"https:\/\/www.horomechanika.lt\/wp-content\/uploads\/2020\/07\/MT1-\u0118\u0144_\u00f3-1024x895.jpg","type":"image\/jpeg"}],"twitter_card":"summary_large_image","twitter_misc":{"\u041f\u0440\u0438\u043c\u0435\u0440\u043d\u043e\u0435 \u0432\u0440\u0435\u043c\u044f \u0434\u043b\u044f \u0447\u0442\u0435\u043d\u0438\u044f":"1 \u043c\u0438\u043d\u0443\u0442\u0430"},"schema":{"@context":"https:\/\/schema.org","@graph":[{"@type":"WebPage","@id":"https:\/\/www.horomechanika.lt\/product\/ls-mtron-mt1\/","url":"https:\/\/www.horomechanika.lt\/product\/ls-mtron-mt1\/","name":"LS MTRON MT1 | Horomechanika","isPartOf":{"@id":"https:\/\/www.horomechanika.lt\/#website"},"datePublished":"2020-07-16T07:15:59+00:00","dateModified":"2021-01-21T09:18:16+00:00","breadcrumb":{"@id":"https:\/\/www.horomechanika.lt\/product\/ls-mtron-mt1\/#breadcrumb"},"inLanguage":"ru-RU","potentialAction":[{"@type":"ReadAction","target":["https:\/\/www.horomechanika.lt\/product\/ls-mtron-mt1\/"]}]},{"@type":"BreadcrumbList","@id":"https:\/\/www.horomechanika.lt\/product\/ls-mtron-mt1\/#breadcrumb","itemListElement":[{"@type":"ListItem","position":1,"name":"Home","item":"https:\/\/www.horomechanika.lt\/"},{"@type":"ListItem","position":2,"name":"Shop","item":"https:\/\/www.horomechanika.lt\/ru\/shop-2\/"},{"@type":"ListItem","position":3,"name":"LS MTRON MT1"}]},{"@type":"WebSite","@id":"https:\/\/www.horomechanika.lt\/#website","url":"https:\/\/www.horomechanika.lt\/","name":"Horomechanika","description":"\u017dem\u0117s \u016akio Technika","publisher":{"@id":"https:\/\/www.horomechanika.lt\/#organization"},"potentialAction":[{"@type":"SearchAction","target":{"@type":"EntryPoint","urlTemplate":"https:\/\/www.horomechanika.lt\/?s={search_term_string}"},"query-input":"required name=search_term_string"}],"inLanguage":"ru-RU"},{"@type":"Organization","@id":"https:\/\/www.horomechanika.lt\/#organization","name":"UAB \"Horo mechanika\"","url":"https:\/\/www.horomechanika.lt\/","logo":{"@type":"ImageObject","inLanguage":"ru-RU","@id":"https:\/\/www.horomechanika.lt\/#\/schema\/logo\/image\/","url":"https:\/\/www.horomechanika.lt\/wp-content\/uploads\/2020\/05\/horomechanika-logo.png","contentUrl":"https:\/\/www.horomechanika.lt\/wp-content\/uploads\/2020\/05\/horomechanika-logo.png","width":137,"height":56,"caption":"UAB \"Horo mechanika\""},"image":{"@id":"https:\/\/www.horomechanika.lt\/#\/schema\/logo\/image\/"},"sameAs":["https:\/\/www.facebook.com\/UAB-Horo-mechanika-177091812471952"]}]}},"_links":{"self":[{"href":"https:\/\/www.horomechanika.lt\/ru\/wp-json\/wp\/v2\/product\/10846","targetHints":{"allow":["GET"]}}],"collection":[{"href":"https:\/\/www.horomechanika.lt\/ru\/wp-json\/wp\/v2\/product"}],"about":[{"href":"https:\/\/www.horomechanika.lt\/ru\/wp-json\/wp\/v2\/types\/product"}],"replies":[{"embeddable":true,"href":"https:\/\/www.horomechanika.lt\/ru\/wp-json\/wp\/v2\/comments?post=10846"}],"wp:featuredmedia":[{"embeddable":true,"href":"https:\/\/www.horomechanika.lt\/ru\/wp-json\/wp\/v2\/media\/10849"}],"wp:attachment":[{"href":"https:\/\/www.horomechanika.lt\/ru\/wp-json\/wp\/v2\/media?parent=10846"}],"wp:term":[{"taxonomy":"product_cat","embeddable":true,"href":"https:\/\/www.horomechanika.lt\/ru\/wp-json\/wp\/v2\/product_cat?post=10846"},{"taxonomy":"product_tag","embeddable":true,"href":"https:\/\/www.horomechanika.lt\/ru\/wp-json\/wp\/v2\/product_tag?post=10846"}],"curies":[{"name":"wp","href":"https:\/\/api.w.org\/{rel}","templated":true}]}}