{"id":11157,"date":"2020-07-21T16:07:09","date_gmt":"2020-07-21T13:07:09","guid":{"rendered":"http:\/\/horomechanika.lt\/?post_type=product&#038;p=11157"},"modified":"2022-05-23T16:15:10","modified_gmt":"2022-05-23T13:15:10","slug":"traktorius-ls-mtron-plus-90","status":"publish","type":"product","link":"https:\/\/www.horomechanika.lt\/ru\/product\/traktorius-ls-mtron-plus-90\/","title":{"rendered":"Traktorius LS Mtron PLUS 90"},"content":{"rendered":"<p>Traktorius LS Mtron PLUS 90 \u0161ie traktoriai pagaminti Piet\u0173 Kor\u0117joje, tai ypa\u010d patikimi bei pripa\u017einti net Amerikoje.\u00a0 LS Mtron gamykla veikia jau\u00a0 50 met\u0173, o produkcija patikrinta, i\u0161bandyta laiko ir atitinka auk\u0161\u010diausios kokyb\u0117s reikalavimus.\u00a0 \u0160iems traktoriams suteikiama net 5 met\u0173 garantija. Gamykla priklauso LG korporacijai kuri gamina ne tik pa\u017eangiausius elektronikos prietaisus bet ir pl\u0117toja energetikos veiklos sritis.\u00a0 LS traktoriai Lietuvos rinkoje yra vis dar naujiena, ta\u010diau jau \u012fsigij\u0119 \u016bkininkai\u00a0 gr\u012f\u017eta tik su teigiamais atsiliepimais. Traktorius LS Mtron PLUS 90 vartotoj\u0173 pasisakymuose dominuoja\u00a0 temos apie padid\u0117jus\u012f darbo produktyvum\u0105, komfort\u0105 bei ekonomi\u0161kum\u0105.\u00a0 UAB \u201eHoro mechanika\u201c yra oficialus LS tractor atstovas Baltijos ir Skandinavijos \u0161alyse tai\u00a0 aptarnavimas, detal\u0117s bei kaina patenkina net ir i\u0161rankiausi\u0105 klient\u0105.<\/p>\n<p><iframe loading=\"lazy\" title=\"LS Mtron PLUS 100 traktorius\" width=\"895\" height=\"503\" src=\"https:\/\/www.youtube.com\/embed\/1ix267v09Tg?feature=oembed\" frameborder=\"0\" allow=\"accelerometer; autoplay; clipboard-write; encrypted-media; gyroscope; picture-in-picture\" allowfullscreen><\/iframe><\/p>","protected":false},"excerpt":{"rendered":"<p>PILNAS LS MTRON KATALOGAS<br \/>\n<a href=\"http:\/\/horomechanika.lt\/wp-content\/uploads\/2020\/07\/GlobalcatalogWeb-2.pdf\">Global+catalog+(Web) (2)<\/a><\/p>\n<table>\n<tbody>\n<tr>\n<td colspan=\"2\">Modeliai<\/td>\n<td>PLUS90 KABINA<\/td>\n<td>PLUS90 BE KABINOS<\/td>\n<td>PLUS100 KABINA<\/td>\n<td>PLUS100 BE KABINOS<\/td>\n<\/tr>\n<tr>\n<td rowspan=\"5\">Matmenys &amp; Svoris<\/td>\n<td>Bendras ilgis, nuo bamperio iki pakabos (mm)<\/td>\n<td colspan=\"4\">4085<\/td>\n<\/tr>\n<tr>\n<td>Bendras plotis iki padang\u0173 (mm)<\/td>\n<td>2009<\/td>\n<td>2009<\/td>\n<td>2019<\/td>\n<td>2009<\/td>\n<\/tr>\n<tr>\n<td>Rat\u0173 baz\u0117 (mm)<\/td>\n<td>2200<\/td>\n<td>2200<\/td>\n<td>2290<\/td>\n<td>2200<\/td>\n<\/tr>\n<tr>\n<td>Bendras auk\u0161tis iki kabinos (mm)<\/td>\n<td>2650<\/td>\n<td>2677<\/td>\n<td>2650<\/td>\n<td>2677<\/td>\n<\/tr>\n<tr>\n<td>Svoris be balasto (kg)<\/td>\n<td>3182<\/td>\n<td>3034<\/td>\n<td>3402<\/td>\n<td>3034<\/td>\n<\/tr>\n<tr>\n<td rowspan=\"2\"><strong>Padangos<\/strong><\/td>\n<td>Priekin\u0117s<\/td>\n<td>12.4-24<\/td>\n<td>12.4-24<\/td>\n<td>12.4-24<\/td>\n<td>12.4-24<\/td>\n<\/tr>\n<tr>\n<td>Galin\u0117s<\/td>\n<td>18.4-30<\/td>\n<td>18.4-30<\/td>\n<td>16.9-34<\/td>\n<td>18.4-30<\/td>\n<\/tr>\n<tr>\n<td rowspan=\"2\"><strong>GTV<\/strong><\/td>\n<td>Tipas<\/td>\n<td colspan=\"2\">Neprikalusomas \u00a0\/ GSP<\/td>\n<td colspan=\"2\">Neprikalusomas \u00a0\/ GSP<\/td>\n<\/tr>\n<tr>\n<td>Galinis \u00a0(apm)<\/td>\n<td colspan=\"2\">540\/750\/1000<\/td>\n<td colspan=\"2\">540\/750\/1000<\/td>\n<\/tr>\n<tr>\n<td rowspan=\"5\"><strong>Hydraulika<\/strong><\/td>\n<td>Valdymas<\/td>\n<td colspan=\"2\">Svirtimis<\/td>\n<td colspan=\"2\">Svirtimis<\/td>\n<\/tr>\n<tr>\n<td>Hidraulinis siurblys (lpm)<\/td>\n<td colspan=\"2\">59.4<\/td>\n<td colspan=\"2\">59.4<\/td>\n<\/tr>\n<tr>\n<td>Trita\u0161k\u0117 pakabinimo sistema<\/td>\n<td colspan=\"2\">CAT \u2161<\/td>\n<td colspan=\"2\">CAT \u2161<\/td>\n<\/tr>\n<tr>\n<td>Pakabos keliamoji galia (kg)<\/td>\n<td colspan=\"2\">3800 (Sub Lift Cylinder 2EA)<\/td>\n<td colspan=\"2\">3800 (Sub Lift Cylinder 2EA)<\/td>\n<\/tr>\n<tr>\n<td>Hidrauliniai i\u0161vadai<\/td>\n<td colspan=\"2\">4 \/ 6 (priekis),4\/ 6 (galas)<\/td>\n<td>4 \/ 6 (priekis),4\/ 6 (galas)<\/td>\n<td>4 \/ 6 (priekis), 6 (galas)<\/td>\n<\/tr>\n<tr>\n<td rowspan=\"6\"><strong>Variklis<\/strong><\/td>\n<td>Variklio AG (kW)<\/td>\n<td colspan=\"2\">87(65)<\/td>\n<td colspan=\"2\">97(71)<\/td>\n<\/tr>\n<tr>\n<td>Tipas<\/td>\n<td colspan=\"2\">4-Cylinder, CRDI, Skys\u010diu au\u0161inamas<\/td>\n<td colspan=\"2\">4-Cylinder, CRDI, Skys\u010diu au\u0161inamas<\/td>\n<\/tr>\n<tr>\n<td>Modelis<\/td>\n<td colspan=\"2\">FPT F5G IVECO<\/td>\n<td colspan=\"2\">FPT F5G IVECO<\/td>\n<\/tr>\n<tr>\n<td>Variklio t\u016bris (cc)<\/td>\n<td colspan=\"2\">4500<\/td>\n<td colspan=\"2\">4500<\/td>\n<\/tr>\n<tr>\n<td>Kuro bako talpa (L)<\/td>\n<td colspan=\"2\">105<\/td>\n<td colspan=\"2\">105<\/td>\n<\/tr>\n<tr>\n<td>Nominalios apsukos (apm)<\/td>\n<td colspan=\"2\">2300<\/td>\n<td colspan=\"2\">2300<\/td>\n<\/tr>\n<tr>\n<td rowspan=\"3\">Jud\u0117jimo sistema<\/td>\n<td>Pavar\u0173 d\u0117\u017e\u0117s tipas<\/td>\n<td>Synchro shuttle \/ Power shuttle<\/td>\n<td>Synchro shuttle<\/td>\n<td>Synchro shuttle \/ Power shuttle<\/td>\n<td>Synchro shuttle<\/td>\n<\/tr>\n<tr>\n<td>Pavaros<\/td>\n<td>20Fx20R<br \/>\n(Synchro shuttle)<br \/>\n\/ 40Fx40R<br \/>\n(Power shuttle with creeper)<\/td>\n<td>20Fx20R With creeper<\/td>\n<td>20Fx20R<br \/>\n(Synchro shuttle)<br \/>\n\/ 40Fx40R<br \/>\n(Power shuttle with creeper)<\/td>\n<td>20Fx20R<\/td>\n<\/tr>\n<tr>\n<td>Greitis (Km\/h)<\/td>\n<td>0.19 ~ 40.4<br \/>\n\/ 0.40.9<\/td>\n<td>0.19~40.4<\/td>\n<td>0.2 ~ 39.7<br \/>\n\/ 0.17 ~ 40.1<\/td>\n<td>1.8~40,1<\/td>\n<\/tr>\n<\/tbody>\n<\/table>","protected":false},"featured_media":11156,"comment_status":"open","ping_status":"closed","template":"","meta":[],"product_cat":[90,173,107],"product_tag":[188,189,190],"class_list":["post-11157","product","type-product","status-publish","has-post-thumbnail","hentry","product_cat-traktoriai","product_cat-traktoriai-main","product_cat-mt5-70-100-ag","product_tag-traktorius","product_tag-iveco","product_tag-variklis"],"yoast_head":"<!-- This site is optimized with the Yoast SEO plugin v20.1 - https:\/\/yoast.com\/wordpress\/plugins\/seo\/ -->\n<title>Traktorius LS Mtron PLUS 90 | Horomechanika<\/title>\n<meta name=\"description\" content=\"Traktorius LS Mtron PLUS 90, Traktorius LS Mtron PLUS 90, UAB Horo mechanika, LS Mtron LTD | Horomechanika\" \/>\n<meta name=\"robots\" content=\"index, follow, max-snippet:-1, max-image-preview:large, max-video-preview:-1\" \/>\n<link rel=\"canonical\" href=\"https:\/\/www.horomechanika.lt\/ru\/product\/traktorius-ls-mtron-plus-90\/\" \/>\n<meta property=\"og:locale\" content=\"ru_RU\" \/>\n<meta property=\"og:type\" content=\"article\" \/>\n<meta property=\"og:title\" content=\"Traktorius LS Mtron PLUS 90 | Horomechanika\" \/>\n<meta property=\"og:description\" content=\"Traktorius LS Mtron PLUS 90, Traktorius LS Mtron PLUS 90, UAB Horo mechanika, LS Mtron LTD | Horomechanika\" \/>\n<meta property=\"og:url\" content=\"https:\/\/www.horomechanika.lt\/ru\/product\/traktorius-ls-mtron-plus-90\/\" \/>\n<meta property=\"og:site_name\" content=\"Horomechanika\" \/>\n<meta property=\"article:publisher\" content=\"https:\/\/www.facebook.com\/UAB-Horo-mechanika-177091812471952\" \/>\n<meta property=\"article:modified_time\" content=\"2022-05-23T13:15:10+00:00\" \/>\n<meta property=\"og:image\" content=\"https:\/\/www.horomechanika.lt\/wp-content\/uploads\/2020\/07\/20181012RTN41UDVCG.jpg\" \/>\n\t<meta property=\"og:image:width\" content=\"526\" \/>\n\t<meta property=\"og:image:height\" content=\"409\" \/>\n\t<meta property=\"og:image:type\" content=\"image\/jpeg\" \/>\n<meta name=\"twitter:card\" content=\"summary_large_image\" \/>\n<meta name=\"twitter:label1\" content=\"\u041f\u0440\u0438\u043c\u0435\u0440\u043d\u043e\u0435 \u0432\u0440\u0435\u043c\u044f \u0434\u043b\u044f \u0447\u0442\u0435\u043d\u0438\u044f\" \/>\n\t<meta name=\"twitter:data1\" content=\"1 \u043c\u0438\u043d\u0443\u0442\u0430\" \/>\n<script type=\"application\/ld+json\" class=\"yoast-schema-graph\">{\"@context\":\"https:\/\/schema.org\",\"@graph\":[{\"@type\":\"WebPage\",\"@id\":\"https:\/\/www.horomechanika.lt\/product\/traktorius-ls-mtron-plus-90\/\",\"url\":\"https:\/\/www.horomechanika.lt\/product\/traktorius-ls-mtron-plus-90\/\",\"name\":\"Traktorius LS Mtron PLUS 90 | Horomechanika\",\"isPartOf\":{\"@id\":\"https:\/\/www.horomechanika.lt\/#website\"},\"datePublished\":\"2020-07-21T13:07:09+00:00\",\"dateModified\":\"2022-05-23T13:15:10+00:00\",\"description\":\"Traktorius LS Mtron PLUS 90, Traktorius LS Mtron PLUS 90, UAB Horo mechanika, LS Mtron LTD | Horomechanika\",\"breadcrumb\":{\"@id\":\"https:\/\/www.horomechanika.lt\/product\/traktorius-ls-mtron-plus-90\/#breadcrumb\"},\"inLanguage\":\"ru-RU\",\"potentialAction\":[{\"@type\":\"ReadAction\",\"target\":[\"https:\/\/www.horomechanika.lt\/product\/traktorius-ls-mtron-plus-90\/\"]}]},{\"@type\":\"BreadcrumbList\",\"@id\":\"https:\/\/www.horomechanika.lt\/product\/traktorius-ls-mtron-plus-90\/#breadcrumb\",\"itemListElement\":[{\"@type\":\"ListItem\",\"position\":1,\"name\":\"Home\",\"item\":\"https:\/\/www.horomechanika.lt\/\"},{\"@type\":\"ListItem\",\"position\":2,\"name\":\"Shop\",\"item\":\"https:\/\/www.horomechanika.lt\/ru\/shop-2\/\"},{\"@type\":\"ListItem\",\"position\":3,\"name\":\"Traktorius LS Mtron PLUS 90\"}]},{\"@type\":\"WebSite\",\"@id\":\"https:\/\/www.horomechanika.lt\/#website\",\"url\":\"https:\/\/www.horomechanika.lt\/\",\"name\":\"Horomechanika\",\"description\":\"\u017dem\u0117s \u016akio Technika\",\"publisher\":{\"@id\":\"https:\/\/www.horomechanika.lt\/#organization\"},\"potentialAction\":[{\"@type\":\"SearchAction\",\"target\":{\"@type\":\"EntryPoint\",\"urlTemplate\":\"https:\/\/www.horomechanika.lt\/?s={search_term_string}\"},\"query-input\":\"required name=search_term_string\"}],\"inLanguage\":\"ru-RU\"},{\"@type\":\"Organization\",\"@id\":\"https:\/\/www.horomechanika.lt\/#organization\",\"name\":\"UAB \\\"Horo mechanika\\\"\",\"url\":\"https:\/\/www.horomechanika.lt\/\",\"logo\":{\"@type\":\"ImageObject\",\"inLanguage\":\"ru-RU\",\"@id\":\"https:\/\/www.horomechanika.lt\/#\/schema\/logo\/image\/\",\"url\":\"https:\/\/www.horomechanika.lt\/wp-content\/uploads\/2020\/05\/horomechanika-logo.png\",\"contentUrl\":\"https:\/\/www.horomechanika.lt\/wp-content\/uploads\/2020\/05\/horomechanika-logo.png\",\"width\":137,\"height\":56,\"caption\":\"UAB \\\"Horo mechanika\\\"\"},\"image\":{\"@id\":\"https:\/\/www.horomechanika.lt\/#\/schema\/logo\/image\/\"},\"sameAs\":[\"https:\/\/www.facebook.com\/UAB-Horo-mechanika-177091812471952\"]}]}<\/script>\n<!-- \/ Yoast SEO plugin. -->","yoast_head_json":{"title":"Traktorius LS Mtron PLUS 90 | Horomechanika","description":"Traktorius LS Mtron PLUS 90, Traktorius LS Mtron PLUS 90, UAB Horo mechanika, LS Mtron LTD | Horomechanika","robots":{"index":"index","follow":"follow","max-snippet":"max-snippet:-1","max-image-preview":"max-image-preview:large","max-video-preview":"max-video-preview:-1"},"canonical":"https:\/\/www.horomechanika.lt\/ru\/product\/traktorius-ls-mtron-plus-90\/","og_locale":"ru_RU","og_type":"article","og_title":"Traktorius LS Mtron PLUS 90 | Horomechanika","og_description":"Traktorius LS Mtron PLUS 90, Traktorius LS Mtron PLUS 90, UAB Horo mechanika, LS Mtron LTD | Horomechanika","og_url":"https:\/\/www.horomechanika.lt\/ru\/product\/traktorius-ls-mtron-plus-90\/","og_site_name":"Horomechanika","article_publisher":"https:\/\/www.facebook.com\/UAB-Horo-mechanika-177091812471952","article_modified_time":"2022-05-23T13:15:10+00:00","og_image":[{"width":526,"height":409,"url":"https:\/\/www.horomechanika.lt\/wp-content\/uploads\/2020\/07\/20181012RTN41UDVCG.jpg","type":"image\/jpeg"}],"twitter_card":"summary_large_image","twitter_misc":{"\u041f\u0440\u0438\u043c\u0435\u0440\u043d\u043e\u0435 \u0432\u0440\u0435\u043c\u044f \u0434\u043b\u044f \u0447\u0442\u0435\u043d\u0438\u044f":"1 \u043c\u0438\u043d\u0443\u0442\u0430"},"schema":{"@context":"https:\/\/schema.org","@graph":[{"@type":"WebPage","@id":"https:\/\/www.horomechanika.lt\/product\/traktorius-ls-mtron-plus-90\/","url":"https:\/\/www.horomechanika.lt\/product\/traktorius-ls-mtron-plus-90\/","name":"Traktorius LS Mtron PLUS 90 | Horomechanika","isPartOf":{"@id":"https:\/\/www.horomechanika.lt\/#website"},"datePublished":"2020-07-21T13:07:09+00:00","dateModified":"2022-05-23T13:15:10+00:00","description":"Traktorius LS Mtron PLUS 90, Traktorius LS Mtron PLUS 90, UAB Horo mechanika, LS Mtron LTD | Horomechanika","breadcrumb":{"@id":"https:\/\/www.horomechanika.lt\/product\/traktorius-ls-mtron-plus-90\/#breadcrumb"},"inLanguage":"ru-RU","potentialAction":[{"@type":"ReadAction","target":["https:\/\/www.horomechanika.lt\/product\/traktorius-ls-mtron-plus-90\/"]}]},{"@type":"BreadcrumbList","@id":"https:\/\/www.horomechanika.lt\/product\/traktorius-ls-mtron-plus-90\/#breadcrumb","itemListElement":[{"@type":"ListItem","position":1,"name":"Home","item":"https:\/\/www.horomechanika.lt\/"},{"@type":"ListItem","position":2,"name":"Shop","item":"https:\/\/www.horomechanika.lt\/ru\/shop-2\/"},{"@type":"ListItem","position":3,"name":"Traktorius LS Mtron PLUS 90"}]},{"@type":"WebSite","@id":"https:\/\/www.horomechanika.lt\/#website","url":"https:\/\/www.horomechanika.lt\/","name":"Horomechanika","description":"\u017dem\u0117s \u016akio Technika","publisher":{"@id":"https:\/\/www.horomechanika.lt\/#organization"},"potentialAction":[{"@type":"SearchAction","target":{"@type":"EntryPoint","urlTemplate":"https:\/\/www.horomechanika.lt\/?s={search_term_string}"},"query-input":"required name=search_term_string"}],"inLanguage":"ru-RU"},{"@type":"Organization","@id":"https:\/\/www.horomechanika.lt\/#organization","name":"UAB \"Horo mechanika\"","url":"https:\/\/www.horomechanika.lt\/","logo":{"@type":"ImageObject","inLanguage":"ru-RU","@id":"https:\/\/www.horomechanika.lt\/#\/schema\/logo\/image\/","url":"https:\/\/www.horomechanika.lt\/wp-content\/uploads\/2020\/05\/horomechanika-logo.png","contentUrl":"https:\/\/www.horomechanika.lt\/wp-content\/uploads\/2020\/05\/horomechanika-logo.png","width":137,"height":56,"caption":"UAB \"Horo mechanika\""},"image":{"@id":"https:\/\/www.horomechanika.lt\/#\/schema\/logo\/image\/"},"sameAs":["https:\/\/www.facebook.com\/UAB-Horo-mechanika-177091812471952"]}]}},"_links":{"self":[{"href":"https:\/\/www.horomechanika.lt\/ru\/wp-json\/wp\/v2\/product\/11157","targetHints":{"allow":["GET"]}}],"collection":[{"href":"https:\/\/www.horomechanika.lt\/ru\/wp-json\/wp\/v2\/product"}],"about":[{"href":"https:\/\/www.horomechanika.lt\/ru\/wp-json\/wp\/v2\/types\/product"}],"replies":[{"embeddable":true,"href":"https:\/\/www.horomechanika.lt\/ru\/wp-json\/wp\/v2\/comments?post=11157"}],"wp:featuredmedia":[{"embeddable":true,"href":"https:\/\/www.horomechanika.lt\/ru\/wp-json\/wp\/v2\/media\/11156"}],"wp:attachment":[{"href":"https:\/\/www.horomechanika.lt\/ru\/wp-json\/wp\/v2\/media?parent=11157"}],"wp:term":[{"taxonomy":"product_cat","embeddable":true,"href":"https:\/\/www.horomechanika.lt\/ru\/wp-json\/wp\/v2\/product_cat?post=11157"},{"taxonomy":"product_tag","embeddable":true,"href":"https:\/\/www.horomechanika.lt\/ru\/wp-json\/wp\/v2\/product_tag?post=11157"}],"curies":[{"name":"wp","href":"https:\/\/api.w.org\/{rel}","templated":true}]}}