{"id":11212,"date":"2020-07-28T14:10:54","date_gmt":"2020-07-28T11:10:54","guid":{"rendered":"http:\/\/horomechanika.lt\/?post_type=product&#038;p=11212"},"modified":"2022-06-07T16:38:00","modified_gmt":"2022-06-07T13:38:00","slug":"diskine-sejamoji-kurt-tarim-300-400","status":"publish","type":"product","link":"https:\/\/www.horomechanika.lt\/ru\/product\/diskine-sejamoji-kurt-tarim-300-400\/","title":{"rendered":"Diskin\u0117 S\u0117jamoji KURT TARIM 300\/400"},"content":{"rendered":"<p>Diskin\u0117 S\u0117jamoji KURT TARIM 300\/400 \u00a0tapo dar patrauklesn\u0117 savo universalumu. Nuo \u0161iol KURT s\u0117jam\u0105ja galima \u012fterpti tr\u0105\u0161as, o dirbant be tr\u0105\u0161\u0173, atidarius vidines sklendes, bunker\u012f naudoti s\u0117kloms, taip padidinat s\u0117klad\u0117\u017e\u0117s nauding\u0105 talp\u0105. Nuo 2016 m. naujos laidos \u201cKurt\u201d s\u0117jam\u0173j\u0173 disk\u0173 pavad\u0117liai gaminami i\u0161 storasienio plienino profilio. Modeliams su tr\u0105\u0161\u0173 \u012fterpimu gaminamas reguliuojamo tipo sukabinimas, kuris leid\u017eia agregatuoti s\u0117jam\u0105sias su II arba III kategorijos 3-j\u0173 ta\u0161k\u0173 sukabinimo sistema . Agregatuojant su ma\u017eiau nei 90 AJ traktoriumi, galima naudoti sukabinimo ve\u017eim\u0117l\u012f kaip prikabinamo tipo. Dvigubo disko norag\u0117liuose naudojami japoni\u0161ki NACHI guoliai, kurie pasi\u017eymi ilgaam\u017ei\u0161kumu.<\/p>\n<p>R\u0117min\u0117 s\u0117jamosios konstrukcija yra sustiprinta, kas u\u017etikrina s\u0117jamosios stabilum\u0105 esant skirtingoms apkrovoms darbo metu bei naudojant papildomus s\u0117klad\u0117\u017e\u0117s antbor\u010dius. S\u0117jimo rit\u0117s yra universalios, jos gali b\u016bti tiksliai pritaikytos prie s\u0117klos dyd\u017eio ir s\u0117jimo normos. S\u0117klavamzd\u017eiai pagaminti i\u0161 lygaus 3-sluoksnio teleskopinio armuoto plastiko ir pasi\u017eymi atsparumu trin\u010diai.\u00a0Diskin\u0117 S\u0117jamoji KURT TARIM 300\/400 traktoriaus padang\u0173 v\u0117\u017ees panaikina keturi lanks\u010di\u0173 virb\u0173 \u012ftaisai ( spyruokliniai nagai) \u012frengti priekin\u0117je s\u0117jamosios dalyje. Spyruoklini\u0173 ak\u0117t\u0117li\u0173 sistema s\u0117jamosios gale u\u017etikrina, kad dirvos pavir\u0161ius b\u016bt\u0173 i\u0161lygintas, o pas\u0117tos s\u0117klos u\u017e\u017eertos \u017eeme.<\/p>\n<p>Naujo tipo prispaudimo ratukai prie kiekvieno norag\u0117lio u\u017etikrina dar geresn\u012f dirvos sutankinim\u0105 ir u\u017etikrina dr\u0117gm\u0117s sulaikym\u0105 bei s\u0117jimo gylio vienodum\u0105. Hidraulin\u0119 ar automatin\u0119 technologiniu v\u0117\u017ei\u0173 \u012frang\u0105 operatorius gali lengvai valdyti rankiniu b\u016bdu. Technologiniu v\u0117\u017ei\u0173 \u012frang\u0105 turi \u201etiesiogin\u012f pavaros sustabdymo mechanizm\u0105\u201d \u2013 \u0161is mechanizmas sustabdo s\u0117jimo operacij\u0105 \u017eenklinimo metu, blokuodamas s\u0117jamosios pavaros eig\u0105. \u0160ie mechanizmai gaminami i\u0161 specialaus gr\u016bdinto atsparaus trin\u010diai plastiko, pasi\u017eymin\u010dio dideliu atsparumu nusitrynimui, korozijai ir pa\u017eeidimams.D\u0117l specialios belaipsn\u0117s pavar\u0173 d\u0117\u017e\u0117s\u201d s\u0117jamosios rit\u0117s gali suktis labai l\u0117tai, kad ypa\u010d smulkios s\u0117klos b\u016bt\u0173 pas\u0117tos vienodai ir tolygiai. S\u0117jamoji sistema \u201e4 pad\u0117\u010di\u0173\u201d ri\u010di\u0173 pagalba gali lengvai pas\u0117ti i\u0161vardintas s\u0117klas:<\/p>\n<p>1. Javus: kvie\u010di\u0173, mie\u017ei\u0173, avi\u017e\u0173, s\u0117jam\u0173j\u0173 viki\u0173;<\/p>\n<p>2. Smulkias s\u0117klas: raps\u0173, sezamo, svog\u016bn\u0173, s\u0117men\u0173, mork\u0173, \u017eoli\u0173 mi\u0161inio;<\/p>\n<p>3. Vidutinio dyd\u017eio s\u0117klas: dobil\u0173, garsty\u010di\u0173;<\/p>\n<p>4. Stambesnes s\u0117klas: moli\u016bg\u0173, pup\u0173, kukur\u016bz\u0173, avin\u017eirni\u0173, l\u0119\u0161i\u0173.<\/p>","protected":false},"excerpt":{"rendered":"<table>\n<tbody>\n<tr>\n<td>Darbinis plotis, mm<\/td>\n<td>6000<\/td>\n<td>4000<\/td>\n<td>3000<\/td>\n<\/tr>\n<tr>\n<td>Eili\u0173 skai\u010dius, vnt<\/td>\n<td>45<\/td>\n<td>31<\/td>\n<td>23<\/td>\n<\/tr>\n<tr>\n<td>Ilgis, mm<\/td>\n<td>6700<\/td>\n<td>4630<\/td>\n<td>3560<\/td>\n<\/tr>\n<tr>\n<td>Dvigubi diskai<\/td>\n<td>YRA<\/td>\n<td>YRA<\/td>\n<td>YRA<\/td>\n<\/tr>\n<tr>\n<td>Bunkerio talpa, ltr<\/td>\n<td>S\u0117kl\u0173 talpa-1450<\/td>\n<td>S\u0117kl\u0173 talpa-960<\/td>\n<td>S\u0117kl\u0173 talpa-710<\/td>\n<\/tr>\n<tr>\n<td>Hidrauliniai \u017eenklintuvai<\/td>\n<td>YRA<\/td>\n<td>YRA<\/td>\n<td>YRA<\/td>\n<\/tr>\n<tr>\n<td>Hidraulin\u0117s technologin\u0117s v\u0117\u017eios<\/td>\n<td>YRA<\/td>\n<td>YRA<\/td>\n<td>YRA<\/td>\n<\/tr>\n<tr>\n<td>Spyruokliniai u\u017e\u017eertuvai<\/td>\n<td>YRA<\/td>\n<td>YRA<\/td>\n<td>YRA<\/td>\n<\/tr>\n<tr>\n<td>Sustiprinta r\u0117min\u0117 konstrukcija<\/td>\n<td>TAIP<\/td>\n<td>TAIP<\/td>\n<td>TAIP<\/td>\n<\/tr>\n<tr>\n<td>Rat\u0173 grandikliai<\/td>\n<td>YRA<\/td>\n<td>YRA<\/td>\n<td>YRA<\/td>\n<\/tr>\n<tr>\n<td>Purentuvai traktoriaus v\u0117\u017ei\u0173<\/td>\n<td>YRA<\/td>\n<td>YRA<\/td>\n<td>YRA<\/td>\n<\/tr>\n<tr>\n<td>Gylio reguliavimas<\/td>\n<td>YRA<\/td>\n<td>YRA<\/td>\n<td>YRA<\/td>\n<\/tr>\n<tr>\n<td>S\u0117kl\u0173 mai\u0161ytuvas<\/td>\n<td>YRA<\/td>\n<td>YRA<\/td>\n<td>YRA<\/td>\n<\/tr>\n<tr>\n<td>Svoris, kg<\/td>\n<td>2520<\/td>\n<td>1550<\/td>\n<td>1252<\/td>\n<\/tr>\n<tr>\n<td>Reikalinga galia, AG<\/td>\n<td>160+<\/td>\n<td>120+<\/td>\n<td>85+<\/td>\n<\/tr>\n<tr>\n<td>Auk\u0161tis, mm<\/td>\n<td>2115<\/td>\n<td>1800<\/td>\n<td>2020<\/td>\n<\/tr>\n<tr>\n<td>Padang\u0173 dydis<\/td>\n<td>10,75-15,3\/10<\/td>\n<td>10,75-15,3\/10<\/td>\n<td>10,75-15,3\/10<\/td>\n<\/tr>\n<tr>\n<td>Plotis tarp eili\u0173, mm<\/td>\n<td>130<\/td>\n<td>130<\/td>\n<td>130<\/td>\n<\/tr>\n<tr>\n<td>Darbinis greitis, km\/h<\/td>\n<td>6-8<\/td>\n<td>6-8<\/td>\n<td>8-12<\/td>\n<\/tr>\n<tr>\n<td>GARANTIJA, metai<\/td>\n<td>3<\/td>\n<td>3<\/td>\n<td>3<\/td>\n<\/tr>\n<tr>\n<td style=\"text-align: center;\">Naujos s\u0117jimo rit\u0117s<\/td>\n<td colspan=\"3\"><a href=\"http:\/\/horomechanika.lt\/wp-content\/uploads\/2020\/07\/sejimo-rite.jpg\"><img loading=\"lazy\" decoding=\"async\" class=\"size-medium wp-image-11279 aligncenter\" src=\"http:\/\/horomechanika.lt\/wp-content\/uploads\/2020\/07\/sejimo-rite-261x300.jpg\" alt=\"\" width=\"261\" height=\"300\" srcset=\"https:\/\/www.horomechanika.lt\/wp-content\/uploads\/2020\/07\/sejimo-rite-261x300.jpg 261w, https:\/\/www.horomechanika.lt\/wp-content\/uploads\/2020\/07\/sejimo-rite-600x689.jpg 600w, https:\/\/www.horomechanika.lt\/wp-content\/uploads\/2020\/07\/sejimo-rite-892x1024.jpg 892w, https:\/\/www.horomechanika.lt\/wp-content\/uploads\/2020\/07\/sejimo-rite-768x882.jpg 768w, https:\/\/www.horomechanika.lt\/wp-content\/uploads\/2020\/07\/sejimo-rite-1338x1536.jpg 1338w, https:\/\/www.horomechanika.lt\/wp-content\/uploads\/2020\/07\/sejimo-rite-1784x2048.jpg 1784w, https:\/\/www.horomechanika.lt\/wp-content\/uploads\/2020\/07\/sejimo-rite.jpg 1836w\" sizes=\"auto, (max-width: 261px) 100vw, 261px\" \/><\/a><\/td>\n<\/tr>\n<tr>\n<td colspan=\"4\"><\/td>\n<\/tr>\n<tr>\n<td style=\"text-align: center;\">Atraminiai prispaudimo ratukai<\/td>\n<td colspan=\"3\"><a href=\"http:\/\/horomechanika.lt\/wp-content\/uploads\/2020\/07\/2.jpg\"><img loading=\"lazy\" decoding=\"async\" class=\"size-medium wp-image-11281 aligncenter\" src=\"http:\/\/horomechanika.lt\/wp-content\/uploads\/2020\/07\/2-300x225.jpg\" alt=\"\" width=\"300\" height=\"225\" srcset=\"https:\/\/www.horomechanika.lt\/wp-content\/uploads\/2020\/07\/2-300x225.jpg 300w, https:\/\/www.horomechanika.lt\/wp-content\/uploads\/2020\/07\/2-600x450.jpg 600w, https:\/\/www.horomechanika.lt\/wp-content\/uploads\/2020\/07\/2-768x576.jpg 768w, https:\/\/www.horomechanika.lt\/wp-content\/uploads\/2020\/07\/2.jpg 800w\" sizes=\"auto, (max-width: 300px) 100vw, 300px\" \/><\/a><\/td>\n<\/tr>\n<tr>\n<td style=\"text-align: center;\">Automatin\u0117s technologin\u0117s v\u0117\u017eios<\/td>\n<td colspan=\"3\"><a href=\"http:\/\/horomechanika.lt\/wp-content\/uploads\/2020\/07\/kompas.jpg\"><img loading=\"lazy\" decoding=\"async\" class=\"size-medium wp-image-11275 aligncenter\" src=\"http:\/\/horomechanika.lt\/wp-content\/uploads\/2020\/07\/kompas-300x206.jpg\" alt=\"\" width=\"300\" height=\"206\" srcset=\"https:\/\/www.horomechanika.lt\/wp-content\/uploads\/2020\/07\/kompas-300x206.jpg 300w, https:\/\/www.horomechanika.lt\/wp-content\/uploads\/2020\/07\/kompas-600x413.jpg 600w, https:\/\/www.horomechanika.lt\/wp-content\/uploads\/2020\/07\/kompas.jpg 750w\" sizes=\"auto, (max-width: 300px) 100vw, 300px\" \/><\/a><\/td>\n<\/tr>\n<tr>\n<td style=\"text-align: center;\">Diskiniai technologini\u0173 v\u0117\u017ei\u0173 \u017eymekliai<\/td>\n<td colspan=\"3\"><a href=\"http:\/\/horomechanika.lt\/wp-content\/uploads\/2020\/07\/technologiniai-zymekliai.jpg\"><img loading=\"lazy\" decoding=\"async\" class=\"size-medium wp-image-11280 aligncenter\" src=\"http:\/\/horomechanika.lt\/wp-content\/uploads\/2020\/07\/technologiniai-zymekliai-300x200.jpg\" alt=\"\" width=\"300\" height=\"200\" srcset=\"https:\/\/www.horomechanika.lt\/wp-content\/uploads\/2020\/07\/technologiniai-zymekliai-300x200.jpg 300w, https:\/\/www.horomechanika.lt\/wp-content\/uploads\/2020\/07\/technologiniai-zymekliai.jpg 576w\" sizes=\"auto, (max-width: 300px) 100vw, 300px\" \/><\/a><\/td>\n<\/tr>\n<tr>\n<td style=\"text-align: center;\">Hektar\u0173 skai\u010diuotuvas<\/td>\n<td colspan=\"3\"><a href=\"http:\/\/horomechanika.lt\/wp-content\/uploads\/2020\/07\/hektaru-skaiciotuvas-scaled.jpg\"><img loading=\"lazy\" decoding=\"async\" class=\"size-medium wp-image-11274 aligncenter\" src=\"http:\/\/horomechanika.lt\/wp-content\/uploads\/2020\/07\/hektaru-skaiciotuvas-300x205.jpg\" alt=\"\" width=\"300\" height=\"205\" srcset=\"https:\/\/www.horomechanika.lt\/wp-content\/uploads\/2020\/07\/hektaru-skaiciotuvas-300x205.jpg 300w, https:\/\/www.horomechanika.lt\/wp-content\/uploads\/2020\/07\/hektaru-skaiciotuvas-scaled-600x410.jpg 600w, https:\/\/www.horomechanika.lt\/wp-content\/uploads\/2020\/07\/hektaru-skaiciotuvas-1024x700.jpg 1024w, https:\/\/www.horomechanika.lt\/wp-content\/uploads\/2020\/07\/hektaru-skaiciotuvas-768x525.jpg 768w, https:\/\/www.horomechanika.lt\/wp-content\/uploads\/2020\/07\/hektaru-skaiciotuvas-1536x1050.jpg 1536w, https:\/\/www.horomechanika.lt\/wp-content\/uploads\/2020\/07\/hektaru-skaiciotuvas-2048x1399.jpg 2048w\" sizes=\"auto, (max-width: 300px) 100vw, 300px\" \/><\/a><\/td>\n<\/tr>\n<tr>\n<td style=\"text-align: center;\">Padidintas s\u0117kl\u0173 bunkeris + 300 ltr<\/td>\n<td colspan=\"3\"><a href=\"http:\/\/horomechanika.lt\/wp-content\/uploads\/2020\/07\/Big-hopper.jpg\"><img loading=\"lazy\" decoding=\"async\" class=\"size-medium wp-image-11273 aligncenter\" src=\"http:\/\/horomechanika.lt\/wp-content\/uploads\/2020\/07\/Big-hopper-178x300.jpg\" alt=\"\" width=\"178\" height=\"300\" srcset=\"https:\/\/www.horomechanika.lt\/wp-content\/uploads\/2020\/07\/Big-hopper-178x300.jpg 178w, https:\/\/www.horomechanika.lt\/wp-content\/uploads\/2020\/07\/Big-hopper.jpg 426w\" sizes=\"auto, (max-width: 178px) 100vw, 178px\" \/><\/a><\/td>\n<\/tr>\n<tr>\n<td style=\"text-align: center;\">Paauk\u0161tintas S\u0117kl\u0173 bunkeris + 600 ltr<\/td>\n<td colspan=\"3\"><a href=\"http:\/\/horomechanika.lt\/wp-content\/uploads\/2020\/07\/Antbortia.jpg\"><img loading=\"lazy\" decoding=\"async\" class=\"size-medium wp-image-11272 aligncenter\" src=\"http:\/\/horomechanika.lt\/wp-content\/uploads\/2020\/07\/Antbortia-194x300.jpg\" alt=\"\" width=\"194\" height=\"300\" srcset=\"https:\/\/www.horomechanika.lt\/wp-content\/uploads\/2020\/07\/Antbortia-194x300.jpg 194w, https:\/\/www.horomechanika.lt\/wp-content\/uploads\/2020\/07\/Antbortia-600x930.jpg 600w, https:\/\/www.horomechanika.lt\/wp-content\/uploads\/2020\/07\/Antbortia-661x1024.jpg 661w, https:\/\/www.horomechanika.lt\/wp-content\/uploads\/2020\/07\/Antbortia.jpg 764w\" sizes=\"auto, (max-width: 194px) 100vw, 194px\" \/><\/a><\/td>\n<\/tr>\n<tr>\n<td style=\"text-align: center;\">Mikro granuli\u0173 tr\u0105\u0161\u0173 \u012fterpimas\u00a0 150 ltr<\/td>\n<td colspan=\"3\"><a href=\"http:\/\/horomechanika.lt\/wp-content\/uploads\/2020\/07\/mikro.jpg\"><img loading=\"lazy\" decoding=\"async\" class=\"size-medium wp-image-11277 aligncenter\" src=\"http:\/\/horomechanika.lt\/wp-content\/uploads\/2020\/07\/mikro-300x148.jpg\" alt=\"\" width=\"300\" height=\"148\" srcset=\"https:\/\/www.horomechanika.lt\/wp-content\/uploads\/2020\/07\/mikro-300x148.jpg 300w, https:\/\/www.horomechanika.lt\/wp-content\/uploads\/2020\/07\/mikro-600x296.jpg 600w, https:\/\/www.horomechanika.lt\/wp-content\/uploads\/2020\/07\/mikro.jpg 677w\" sizes=\"auto, (max-width: 300px) 100vw, 300px\" \/><\/a><\/td>\n<\/tr>\n<tr>\n<td style=\"text-align: center;\">Transportavimo sistema<\/td>\n<td colspan=\"3\"><a href=\"http:\/\/horomechanika.lt\/wp-content\/uploads\/2020\/07\/nakliye-atacmani.jpg\"><img loading=\"lazy\" decoding=\"async\" class=\"size-medium wp-image-11278 aligncenter\" src=\"http:\/\/horomechanika.lt\/wp-content\/uploads\/2020\/07\/nakliye-atacmani-300x206.jpg\" alt=\"\" width=\"300\" height=\"206\" srcset=\"https:\/\/www.horomechanika.lt\/wp-content\/uploads\/2020\/07\/nakliye-atacmani-300x206.jpg 300w, https:\/\/www.horomechanika.lt\/wp-content\/uploads\/2020\/07\/nakliye-atacmani-600x413.jpg 600w, https:\/\/www.horomechanika.lt\/wp-content\/uploads\/2020\/07\/nakliye-atacmani.jpg 750w\" sizes=\"auto, (max-width: 300px) 100vw, 300px\" \/><\/a><\/td>\n<\/tr>\n<tr>\n<td style=\"text-align: center;\">Transportavimo platforma<\/td>\n<td colspan=\"3\"><a href=\"http:\/\/horomechanika.lt\/wp-content\/uploads\/2020\/07\/mibzer-tasima-platformu.jpg\"><img loading=\"lazy\" decoding=\"async\" class=\"size-medium wp-image-11276 aligncenter\" src=\"http:\/\/horomechanika.lt\/wp-content\/uploads\/2020\/07\/mibzer-tasima-platformu-300x206.jpg\" alt=\"\" width=\"300\" height=\"206\" srcset=\"https:\/\/www.horomechanika.lt\/wp-content\/uploads\/2020\/07\/mibzer-tasima-platformu-300x206.jpg 300w, https:\/\/www.horomechanika.lt\/wp-content\/uploads\/2020\/07\/mibzer-tasima-platformu-600x413.jpg 600w, https:\/\/www.horomechanika.lt\/wp-content\/uploads\/2020\/07\/mibzer-tasima-platformu.jpg 750w\" sizes=\"auto, (max-width: 300px) 100vw, 300px\" \/><\/a><\/td>\n<\/tr>\n<\/tbody>\n<\/table>","protected":false},"featured_media":11271,"comment_status":"open","ping_status":"closed","template":"","meta":[],"product_cat":[138],"product_tag":[],"class_list":["post-11212","product","type-product","status-publish","has-post-thumbnail","hentry","product_cat-diskines-sejamosios"],"yoast_head":"<!-- This site is optimized with the Yoast SEO plugin v20.1 - https:\/\/yoast.com\/wordpress\/plugins\/seo\/ -->\n<title>Diskin\u0117 S\u0117jamoji KURT TARIM 300\/400 | Horomechanika<\/title>\n<meta name=\"description\" content=\"Diskin\u0117 S\u0117jamoji KURT TARIM 300\/400 Diskin\u0117 S\u0117jamoji KURT TARIM 300\/400 Horomechanika | Diskin\u0117 S\u0117jamoji KURT TARIM 300\/400\" \/>\n<meta name=\"robots\" content=\"index, follow, max-snippet:-1, max-image-preview:large, max-video-preview:-1\" \/>\n<link rel=\"canonical\" href=\"https:\/\/www.horomechanika.lt\/ru\/product\/diskine-sejamoji-kurt-tarim-300-400\/\" \/>\n<meta property=\"og:locale\" content=\"ru_RU\" \/>\n<meta property=\"og:type\" content=\"article\" \/>\n<meta property=\"og:title\" content=\"Diskin\u0117 S\u0117jamoji KURT TARIM 300\/400 | Horomechanika\" \/>\n<meta property=\"og:description\" content=\"Diskin\u0117 S\u0117jamoji KURT TARIM 300\/400 Diskin\u0117 S\u0117jamoji KURT TARIM 300\/400 Horomechanika | Diskin\u0117 S\u0117jamoji KURT TARIM 300\/400\" \/>\n<meta property=\"og:url\" content=\"https:\/\/www.horomechanika.lt\/ru\/product\/diskine-sejamoji-kurt-tarim-300-400\/\" \/>\n<meta property=\"og:site_name\" content=\"Horomechanika\" \/>\n<meta property=\"article:publisher\" content=\"https:\/\/www.facebook.com\/UAB-Horo-mechanika-177091812471952\" \/>\n<meta property=\"article:modified_time\" content=\"2022-06-07T13:38:00+00:00\" \/>\n<meta property=\"og:image\" content=\"https:\/\/www.horomechanika.lt\/wp-content\/uploads\/2020\/07\/d-31-sirali-gubresiz-buyuk-sandik-mikro-gubre-iz-b-1-1.jpg\" \/>\n\t<meta property=\"og:image:width\" content=\"1636\" \/>\n\t<meta property=\"og:image:height\" content=\"1274\" \/>\n\t<meta property=\"og:image:type\" content=\"image\/jpeg\" \/>\n<meta name=\"twitter:card\" content=\"summary_large_image\" \/>\n<meta name=\"twitter:label1\" content=\"\u041f\u0440\u0438\u043c\u0435\u0440\u043d\u043e\u0435 \u0432\u0440\u0435\u043c\u044f \u0434\u043b\u044f \u0447\u0442\u0435\u043d\u0438\u044f\" \/>\n\t<meta name=\"twitter:data1\" content=\"2 \u043c\u0438\u043d\u0443\u0442\u044b\" \/>\n<script type=\"application\/ld+json\" class=\"yoast-schema-graph\">{\"@context\":\"https:\/\/schema.org\",\"@graph\":[{\"@type\":\"WebPage\",\"@id\":\"https:\/\/www.horomechanika.lt\/product\/diskine-sejamoji-kurt-tarim-300-400\/\",\"url\":\"https:\/\/www.horomechanika.lt\/product\/diskine-sejamoji-kurt-tarim-300-400\/\",\"name\":\"Diskin\u0117 S\u0117jamoji KURT TARIM 300\/400 | Horomechanika\",\"isPartOf\":{\"@id\":\"https:\/\/www.horomechanika.lt\/#website\"},\"datePublished\":\"2020-07-28T11:10:54+00:00\",\"dateModified\":\"2022-06-07T13:38:00+00:00\",\"description\":\"Diskin\u0117 S\u0117jamoji KURT TARIM 300\/400 Diskin\u0117 S\u0117jamoji KURT TARIM 300\/400 Horomechanika | Diskin\u0117 S\u0117jamoji KURT TARIM 300\/400\",\"breadcrumb\":{\"@id\":\"https:\/\/www.horomechanika.lt\/product\/diskine-sejamoji-kurt-tarim-300-400\/#breadcrumb\"},\"inLanguage\":\"ru-RU\",\"potentialAction\":[{\"@type\":\"ReadAction\",\"target\":[\"https:\/\/www.horomechanika.lt\/product\/diskine-sejamoji-kurt-tarim-300-400\/\"]}]},{\"@type\":\"BreadcrumbList\",\"@id\":\"https:\/\/www.horomechanika.lt\/product\/diskine-sejamoji-kurt-tarim-300-400\/#breadcrumb\",\"itemListElement\":[{\"@type\":\"ListItem\",\"position\":1,\"name\":\"Home\",\"item\":\"https:\/\/www.horomechanika.lt\/\"},{\"@type\":\"ListItem\",\"position\":2,\"name\":\"Shop\",\"item\":\"https:\/\/www.horomechanika.lt\/ru\/shop-2\/\"},{\"@type\":\"ListItem\",\"position\":3,\"name\":\"Diskin\u0117 S\u0117jamoji KURT TARIM 300\/400\"}]},{\"@type\":\"WebSite\",\"@id\":\"https:\/\/www.horomechanika.lt\/#website\",\"url\":\"https:\/\/www.horomechanika.lt\/\",\"name\":\"Horomechanika\",\"description\":\"\u017dem\u0117s \u016akio Technika\",\"publisher\":{\"@id\":\"https:\/\/www.horomechanika.lt\/#organization\"},\"potentialAction\":[{\"@type\":\"SearchAction\",\"target\":{\"@type\":\"EntryPoint\",\"urlTemplate\":\"https:\/\/www.horomechanika.lt\/?s={search_term_string}\"},\"query-input\":\"required name=search_term_string\"}],\"inLanguage\":\"ru-RU\"},{\"@type\":\"Organization\",\"@id\":\"https:\/\/www.horomechanika.lt\/#organization\",\"name\":\"UAB \\\"Horo mechanika\\\"\",\"url\":\"https:\/\/www.horomechanika.lt\/\",\"logo\":{\"@type\":\"ImageObject\",\"inLanguage\":\"ru-RU\",\"@id\":\"https:\/\/www.horomechanika.lt\/#\/schema\/logo\/image\/\",\"url\":\"https:\/\/www.horomechanika.lt\/wp-content\/uploads\/2020\/05\/horomechanika-logo.png\",\"contentUrl\":\"https:\/\/www.horomechanika.lt\/wp-content\/uploads\/2020\/05\/horomechanika-logo.png\",\"width\":137,\"height\":56,\"caption\":\"UAB \\\"Horo mechanika\\\"\"},\"image\":{\"@id\":\"https:\/\/www.horomechanika.lt\/#\/schema\/logo\/image\/\"},\"sameAs\":[\"https:\/\/www.facebook.com\/UAB-Horo-mechanika-177091812471952\"]}]}<\/script>\n<!-- \/ Yoast SEO plugin. -->","yoast_head_json":{"title":"Diskin\u0117 S\u0117jamoji KURT TARIM 300\/400 | Horomechanika","description":"Diskin\u0117 S\u0117jamoji KURT TARIM 300\/400 Diskin\u0117 S\u0117jamoji KURT TARIM 300\/400 Horomechanika | Diskin\u0117 S\u0117jamoji KURT TARIM 300\/400","robots":{"index":"index","follow":"follow","max-snippet":"max-snippet:-1","max-image-preview":"max-image-preview:large","max-video-preview":"max-video-preview:-1"},"canonical":"https:\/\/www.horomechanika.lt\/ru\/product\/diskine-sejamoji-kurt-tarim-300-400\/","og_locale":"ru_RU","og_type":"article","og_title":"Diskin\u0117 S\u0117jamoji KURT TARIM 300\/400 | Horomechanika","og_description":"Diskin\u0117 S\u0117jamoji KURT TARIM 300\/400 Diskin\u0117 S\u0117jamoji KURT TARIM 300\/400 Horomechanika | Diskin\u0117 S\u0117jamoji KURT TARIM 300\/400","og_url":"https:\/\/www.horomechanika.lt\/ru\/product\/diskine-sejamoji-kurt-tarim-300-400\/","og_site_name":"Horomechanika","article_publisher":"https:\/\/www.facebook.com\/UAB-Horo-mechanika-177091812471952","article_modified_time":"2022-06-07T13:38:00+00:00","og_image":[{"width":1636,"height":1274,"url":"https:\/\/www.horomechanika.lt\/wp-content\/uploads\/2020\/07\/d-31-sirali-gubresiz-buyuk-sandik-mikro-gubre-iz-b-1-1.jpg","type":"image\/jpeg"}],"twitter_card":"summary_large_image","twitter_misc":{"\u041f\u0440\u0438\u043c\u0435\u0440\u043d\u043e\u0435 \u0432\u0440\u0435\u043c\u044f \u0434\u043b\u044f \u0447\u0442\u0435\u043d\u0438\u044f":"2 \u043c\u0438\u043d\u0443\u0442\u044b"},"schema":{"@context":"https:\/\/schema.org","@graph":[{"@type":"WebPage","@id":"https:\/\/www.horomechanika.lt\/product\/diskine-sejamoji-kurt-tarim-300-400\/","url":"https:\/\/www.horomechanika.lt\/product\/diskine-sejamoji-kurt-tarim-300-400\/","name":"Diskin\u0117 S\u0117jamoji KURT TARIM 300\/400 | Horomechanika","isPartOf":{"@id":"https:\/\/www.horomechanika.lt\/#website"},"datePublished":"2020-07-28T11:10:54+00:00","dateModified":"2022-06-07T13:38:00+00:00","description":"Diskin\u0117 S\u0117jamoji KURT TARIM 300\/400 Diskin\u0117 S\u0117jamoji KURT TARIM 300\/400 Horomechanika | Diskin\u0117 S\u0117jamoji KURT TARIM 300\/400","breadcrumb":{"@id":"https:\/\/www.horomechanika.lt\/product\/diskine-sejamoji-kurt-tarim-300-400\/#breadcrumb"},"inLanguage":"ru-RU","potentialAction":[{"@type":"ReadAction","target":["https:\/\/www.horomechanika.lt\/product\/diskine-sejamoji-kurt-tarim-300-400\/"]}]},{"@type":"BreadcrumbList","@id":"https:\/\/www.horomechanika.lt\/product\/diskine-sejamoji-kurt-tarim-300-400\/#breadcrumb","itemListElement":[{"@type":"ListItem","position":1,"name":"Home","item":"https:\/\/www.horomechanika.lt\/"},{"@type":"ListItem","position":2,"name":"Shop","item":"https:\/\/www.horomechanika.lt\/ru\/shop-2\/"},{"@type":"ListItem","position":3,"name":"Diskin\u0117 S\u0117jamoji KURT TARIM 300\/400"}]},{"@type":"WebSite","@id":"https:\/\/www.horomechanika.lt\/#website","url":"https:\/\/www.horomechanika.lt\/","name":"Horomechanika","description":"\u017dem\u0117s \u016akio Technika","publisher":{"@id":"https:\/\/www.horomechanika.lt\/#organization"},"potentialAction":[{"@type":"SearchAction","target":{"@type":"EntryPoint","urlTemplate":"https:\/\/www.horomechanika.lt\/?s={search_term_string}"},"query-input":"required name=search_term_string"}],"inLanguage":"ru-RU"},{"@type":"Organization","@id":"https:\/\/www.horomechanika.lt\/#organization","name":"UAB \"Horo mechanika\"","url":"https:\/\/www.horomechanika.lt\/","logo":{"@type":"ImageObject","inLanguage":"ru-RU","@id":"https:\/\/www.horomechanika.lt\/#\/schema\/logo\/image\/","url":"https:\/\/www.horomechanika.lt\/wp-content\/uploads\/2020\/05\/horomechanika-logo.png","contentUrl":"https:\/\/www.horomechanika.lt\/wp-content\/uploads\/2020\/05\/horomechanika-logo.png","width":137,"height":56,"caption":"UAB \"Horo mechanika\""},"image":{"@id":"https:\/\/www.horomechanika.lt\/#\/schema\/logo\/image\/"},"sameAs":["https:\/\/www.facebook.com\/UAB-Horo-mechanika-177091812471952"]}]}},"_links":{"self":[{"href":"https:\/\/www.horomechanika.lt\/ru\/wp-json\/wp\/v2\/product\/11212","targetHints":{"allow":["GET"]}}],"collection":[{"href":"https:\/\/www.horomechanika.lt\/ru\/wp-json\/wp\/v2\/product"}],"about":[{"href":"https:\/\/www.horomechanika.lt\/ru\/wp-json\/wp\/v2\/types\/product"}],"replies":[{"embeddable":true,"href":"https:\/\/www.horomechanika.lt\/ru\/wp-json\/wp\/v2\/comments?post=11212"}],"wp:featuredmedia":[{"embeddable":true,"href":"https:\/\/www.horomechanika.lt\/ru\/wp-json\/wp\/v2\/media\/11271"}],"wp:attachment":[{"href":"https:\/\/www.horomechanika.lt\/ru\/wp-json\/wp\/v2\/media?parent=11212"}],"wp:term":[{"taxonomy":"product_cat","embeddable":true,"href":"https:\/\/www.horomechanika.lt\/ru\/wp-json\/wp\/v2\/product_cat?post=11212"},{"taxonomy":"product_tag","embeddable":true,"href":"https:\/\/www.horomechanika.lt\/ru\/wp-json\/wp\/v2\/product_tag?post=11212"}],"curies":[{"name":"wp","href":"https:\/\/api.w.org\/{rel}","templated":true}]}}