{"id":11282,"date":"2020-08-12T12:13:51","date_gmt":"2020-08-12T09:13:51","guid":{"rendered":"http:\/\/horomechanika.lt\/?post_type=product&#038;p=11282"},"modified":"2022-06-07T16:12:39","modified_gmt":"2022-06-07T13:12:39","slug":"diskine-sejamoji-kurt-300-400-su-trasomis","status":"publish","type":"product","link":"https:\/\/www.horomechanika.lt\/ru\/product\/diskine-sejamoji-kurt-300-400-su-trasomis\/","title":{"rendered":"Diskin\u0117 S\u0117jamoji KURT 300\/400 su tr\u0105\u0161omis"},"content":{"rendered":"<p>Diskin\u0117 S\u0117jamoji <a href=\"https:\/\/www.horomechanika.lt\/ru\/product-category\/sejimo-technika\/\">KURT<\/a> 300\/400 su tr\u0105\u0161omis tapo dar patrauklesn\u0117 savo universalumu. Nuo \u0161iol KURT s\u0117jam\u0105ja galima \u012fterpti tr\u0105\u0161as, o dirbant be tr\u0105\u0161\u0173, atidarius vidines sklendes, bunker\u012f naudoti s\u0117kloms, taip padidinat s\u0117klad\u0117\u017e\u0117s nauding\u0105 talp\u0105. Nuo 2016 m. naujos laidos \u201cKurt\u201d s\u0117jam\u0173j\u0173 disk\u0173 pavad\u0117liai gaminami i\u0161 storasienio plienino profilio. Modeliams su tr\u0105\u0161\u0173 \u012fterpimu gaminamas reguliuojamo tipo sukabinimas, kuris leid\u017eia agregatuoti s\u0117jam\u0105sias su II arba III kategorijos 3-j\u0173 ta\u0161k\u0173 sukabinimo sistema . Agregatuojant su ma\u017eiau nei 90 AJ traktoriumi, galima naudoti sukabinimo ve\u017eim\u0117l\u012f kaip prikabinamo tipo. Dvigubo disko norag\u0117liuose naudojami japoni\u0161ki NACHI guoliai, kurie pasi\u017eymi ilgaam\u017ei\u0161kumu. R\u0117min\u0117 s\u0117jamosios konstrukcija yra sustiprinta, kas u\u017etikrina s\u0117jamosios stabilum\u0105 esant skirtingoms apkrovoms darbo metu bei naudojant papildomus s\u0117klad\u0117\u017e\u0117s antbor\u010dius.<\/p>\n<p>S\u0117jimo rit\u0117s yra universalios, jos gali b\u016bti tiksliai pritaikytos prie s\u0117klos dyd\u017eio ir s\u0117jimo normos. S\u0117klavamzd\u017eiai pagaminti i\u0161 lygaus 3-sluoksnio teleskopinio armuoto plastiko ir pasi\u017eymi atsparumu trin\u010diai. Traktoriaus padang\u0173 v\u0117\u017ees panaikina keturi lanks\u010di\u0173 virb\u0173 \u012ftaisai ( spyruokliniai nagai) \u012frengti priekin\u0117je s\u0117jamosios dalyje. Spyruoklini\u0173 ak\u0117t\u0117li\u0173 sistema s\u0117jamosios gale u\u017etikrina, kad dirvos pavir\u0161ius b\u016bt\u0173 i\u0161lygintas, o pas\u0117tos s\u0117klos u\u017e\u017eertos \u017eeme. Naujo tipo prispaudimo ratukai prie kiekvieno norag\u0117lio u\u017etikrina dar geresn\u012f dirvos sutankinim\u0105 ir u\u017etikrina dr\u0117gm\u0117s sulaikym\u0105 bei s\u0117jimo gylio vienodum\u0105. Hidraulin\u0119 ar automatin\u0119 technologiniu v\u0117\u017ei\u0173 \u012frang\u0105 operatorius gali lengvai valdyti rankiniu b\u016bdu.<\/p>\n<p>Technologiniu v\u0117\u017ei\u0173 \u012frang\u0105 turi \u201etiesiogin\u012f pavaros sustabdymo mechanizm\u0105\u201d \u2013 \u0161is mechanizmas sustabdo s\u0117jimo operacij\u0105 \u017eenklinimo metu, blokuodamas s\u0117jamosios pavaros eig\u0105. \u0160ie mechanizmai gaminami i\u0161 specialaus gr\u016bdinto atsparaus trin\u010diai plastiko, pasi\u017eymin\u010dio dideliu atsparumu nusitrynimui, korozijai ir pa\u017eeidimams. D\u0117l specialios belaipsn\u0117s pavar\u0173 d\u0117\u017e\u0117s\u201d s\u0117jamosios rit\u0117s gali suktis labai l\u0117tai, kad ypa\u010d smulkios s\u0117klos b\u016bt\u0173 pas\u0117tos vienodai ir tolygiai. S\u0117jamoji sistema \u201e4 pad\u0117\u010di\u0173\u201d ri\u010di\u0173 pagalba gali lengvai pas\u0117ti i\u0161vardintas s\u0117klas:<\/p>\n<p>1. Javus: kvie\u010di\u0173, mie\u017ei\u0173, avi\u017e\u0173, s\u0117jam\u0173j\u0173 viki\u0173;<\/p>\n<p>2. Smulkias s\u0117klas: raps\u0173, sezamo, svog\u016bn\u0173, s\u0117men\u0173, mork\u0173, \u017eoli\u0173 mi\u0161inio;<\/p>\n<p>3. Vidutinio dyd\u017eio s\u0117klas: dobil\u0173, garsty\u010di\u0173;<\/p>\n<p>4. Stambesnes s\u0117klas: moli\u016bg\u0173, pup\u0173, kukur\u016bz\u0173, avin\u017eirni\u0173, l\u0119\u0161i\u0173.<\/p>","protected":false},"excerpt":{"rendered":"<table>\n<tbody>\n<tr>\n<td>Darbinis plotis, mm<\/td>\n<td>4000<\/td>\n<td>3000<\/td>\n<\/tr>\n<tr>\n<td>Eili\u0173 skai\u010dius, vnt<\/td>\n<td>31<\/td>\n<td>23<\/td>\n<\/tr>\n<tr>\n<td>Ilgis, mm<\/td>\n<td>4630<\/td>\n<td>3560<\/td>\n<\/tr>\n<tr>\n<td>Dvigubi diskai<\/td>\n<td>YRA<\/td>\n<td>YRA<\/td>\n<\/tr>\n<tr>\n<td>Tr\u0105\u0161\u0173 bunkerio talpa, ltr<\/td>\n<td>500<\/td>\n<td>370<\/td>\n<\/tr>\n<tr>\n<td>S\u0117kl\u0173 bunkerio talpa, ltr<\/td>\n<td>530<\/td>\n<td>400<\/td>\n<\/tr>\n<tr>\n<td>Hidrauliniai \u017eenklintuvai<\/td>\n<td>YRA<\/td>\n<td>YRA<\/td>\n<\/tr>\n<tr>\n<td>Hidraulin\u0117s technologin\u0117s v\u0117\u017eios<\/td>\n<td>YRA<\/td>\n<td>YRA<\/td>\n<\/tr>\n<tr>\n<td>Spyruokliniai u\u017e\u017eertuvai<\/td>\n<td>YRA<\/td>\n<td>YRA<\/td>\n<\/tr>\n<tr>\n<td>Sustiprinta r\u0117min\u0117 konstrukcija<\/td>\n<td>TAIP<\/td>\n<td>TAIP<\/td>\n<\/tr>\n<tr>\n<td>Rat\u0173 grandikliai<\/td>\n<td>YRA<\/td>\n<td>YRA<\/td>\n<\/tr>\n<tr>\n<td>Purentuvai traktoriaus v\u0117\u017ei\u0173<\/td>\n<td>YRA<\/td>\n<td>YRA<\/td>\n<\/tr>\n<tr>\n<td>Gylio reguliavimas<\/td>\n<td>YRA<\/td>\n<td>YRA<\/td>\n<\/tr>\n<tr>\n<td>S\u0117kl\u0173 mai\u0161ytuvas<\/td>\n<td>YRA<\/td>\n<td>YRA<\/td>\n<\/tr>\n<tr>\n<td>Svoris, kg<\/td>\n<td>1695<\/td>\n<td>1334<\/td>\n<\/tr>\n<tr>\n<td>Reikalinga galia, AG<\/td>\n<td>100+<\/td>\n<td>75+<\/td>\n<\/tr>\n<tr>\n<td>Auk\u0161tis, mm<\/td>\n<td>1950<\/td>\n<td>1950<\/td>\n<\/tr>\n<tr>\n<td>Padang\u0173 dydis<\/td>\n<td>10,75-15,3\/10<\/td>\n<td>10,75-15,3\/10<\/td>\n<\/tr>\n<tr>\n<td>Plotis tarp eili\u0173, mm<\/td>\n<td>130<\/td>\n<td>130<\/td>\n<\/tr>\n<tr>\n<td>Darbinis greitis, km\/h<\/td>\n<td>6-8<\/td>\n<td>8-12<\/td>\n<\/tr>\n<tr>\n<td>GARANTIJA, metai<\/td>\n<td>3<\/td>\n<td>3<\/td>\n<\/tr>\n<tr>\n<td>Naujos s\u0117jimo rit\u0117s<\/td>\n<td colspan=\"3\"><a href=\"http:\/\/horomechanika.lt\/wp-content\/uploads\/2020\/07\/sejimo-rite.jpg\"><img loading=\"lazy\" decoding=\"async\" class=\"alignnone size-medium wp-image-11279\" src=\"http:\/\/horomechanika.lt\/wp-content\/uploads\/2020\/07\/sejimo-rite-261x300.jpg\" alt=\"\" width=\"261\" height=\"300\" srcset=\"https:\/\/www.horomechanika.lt\/wp-content\/uploads\/2020\/07\/sejimo-rite-261x300.jpg 261w, https:\/\/www.horomechanika.lt\/wp-content\/uploads\/2020\/07\/sejimo-rite-600x689.jpg 600w, https:\/\/www.horomechanika.lt\/wp-content\/uploads\/2020\/07\/sejimo-rite-892x1024.jpg 892w, https:\/\/www.horomechanika.lt\/wp-content\/uploads\/2020\/07\/sejimo-rite-768x882.jpg 768w, https:\/\/www.horomechanika.lt\/wp-content\/uploads\/2020\/07\/sejimo-rite-1338x1536.jpg 1338w, https:\/\/www.horomechanika.lt\/wp-content\/uploads\/2020\/07\/sejimo-rite-1784x2048.jpg 1784w, https:\/\/www.horomechanika.lt\/wp-content\/uploads\/2020\/07\/sejimo-rite.jpg 1836w\" sizes=\"auto, (max-width: 261px) 100vw, 261px\" \/><\/a><\/td>\n<\/tr>\n<tr>\n<td>Atraminiai prispaudimo ratukai<\/td>\n<td colspan=\"3\"><a href=\"http:\/\/horomechanika.lt\/wp-content\/uploads\/2020\/07\/2.jpg\"><img loading=\"lazy\" decoding=\"async\" class=\"alignnone size-medium wp-image-11281\" src=\"http:\/\/horomechanika.lt\/wp-content\/uploads\/2020\/07\/2-300x225.jpg\" alt=\"\" width=\"300\" height=\"225\" srcset=\"https:\/\/www.horomechanika.lt\/wp-content\/uploads\/2020\/07\/2-300x225.jpg 300w, https:\/\/www.horomechanika.lt\/wp-content\/uploads\/2020\/07\/2-600x450.jpg 600w, https:\/\/www.horomechanika.lt\/wp-content\/uploads\/2020\/07\/2-768x576.jpg 768w, https:\/\/www.horomechanika.lt\/wp-content\/uploads\/2020\/07\/2.jpg 800w\" sizes=\"auto, (max-width: 300px) 100vw, 300px\" \/><\/a><\/td>\n<\/tr>\n<tr>\n<td>Automatin\u0117s technologin\u0117s v\u0117\u017eios<\/td>\n<td colspan=\"3\"><a href=\"http:\/\/horomechanika.lt\/wp-content\/uploads\/2020\/07\/kompas.jpg\"><img loading=\"lazy\" decoding=\"async\" class=\"alignnone size-medium wp-image-11275\" src=\"http:\/\/horomechanika.lt\/wp-content\/uploads\/2020\/07\/kompas-300x206.jpg\" alt=\"\" width=\"300\" height=\"206\" srcset=\"https:\/\/www.horomechanika.lt\/wp-content\/uploads\/2020\/07\/kompas-300x206.jpg 300w, https:\/\/www.horomechanika.lt\/wp-content\/uploads\/2020\/07\/kompas-600x413.jpg 600w, https:\/\/www.horomechanika.lt\/wp-content\/uploads\/2020\/07\/kompas.jpg 750w\" sizes=\"auto, (max-width: 300px) 100vw, 300px\" \/><\/a><\/td>\n<\/tr>\n<tr>\n<td>Technologini\u0173 v\u0117\u017ei\u0173 \u017eymekliai<\/td>\n<td colspan=\"3\"><a href=\"http:\/\/horomechanika.lt\/wp-content\/uploads\/2020\/07\/technologiniai-zymekliai.jpg\"><img loading=\"lazy\" decoding=\"async\" class=\"alignnone size-medium wp-image-11280\" src=\"http:\/\/horomechanika.lt\/wp-content\/uploads\/2020\/07\/technologiniai-zymekliai-300x200.jpg\" alt=\"\" width=\"300\" height=\"200\" srcset=\"https:\/\/www.horomechanika.lt\/wp-content\/uploads\/2020\/07\/technologiniai-zymekliai-300x200.jpg 300w, https:\/\/www.horomechanika.lt\/wp-content\/uploads\/2020\/07\/technologiniai-zymekliai.jpg 576w\" sizes=\"auto, (max-width: 300px) 100vw, 300px\" \/><\/a><\/td>\n<\/tr>\n<tr>\n<td>Hektar\u0173 skai\u010diuotuvas<\/td>\n<td colspan=\"3\"><a href=\"http:\/\/horomechanika.lt\/wp-content\/uploads\/2020\/07\/hektaru-skaiciotuvas-scaled.jpg\"><img loading=\"lazy\" decoding=\"async\" class=\"alignnone size-medium wp-image-11274\" src=\"http:\/\/horomechanika.lt\/wp-content\/uploads\/2020\/07\/hektaru-skaiciotuvas-300x205.jpg\" alt=\"\" width=\"300\" height=\"205\" srcset=\"https:\/\/www.horomechanika.lt\/wp-content\/uploads\/2020\/07\/hektaru-skaiciotuvas-300x205.jpg 300w, https:\/\/www.horomechanika.lt\/wp-content\/uploads\/2020\/07\/hektaru-skaiciotuvas-scaled-600x410.jpg 600w, https:\/\/www.horomechanika.lt\/wp-content\/uploads\/2020\/07\/hektaru-skaiciotuvas-1024x700.jpg 1024w, https:\/\/www.horomechanika.lt\/wp-content\/uploads\/2020\/07\/hektaru-skaiciotuvas-768x525.jpg 768w, https:\/\/www.horomechanika.lt\/wp-content\/uploads\/2020\/07\/hektaru-skaiciotuvas-1536x1050.jpg 1536w, https:\/\/www.horomechanika.lt\/wp-content\/uploads\/2020\/07\/hektaru-skaiciotuvas-2048x1399.jpg 2048w\" sizes=\"auto, (max-width: 300px) 100vw, 300px\" \/><\/a><\/td>\n<\/tr>\n<tr>\n<td>Padidintas s\u0117kl\u0173 bunkeris + 300 ltr<\/td>\n<td colspan=\"3\"><a href=\"http:\/\/horomechanika.lt\/wp-content\/uploads\/2020\/07\/Big-hopper.jpg\"><img loading=\"lazy\" decoding=\"async\" class=\"wp-image-11273 aligncenter\" src=\"http:\/\/horomechanika.lt\/wp-content\/uploads\/2020\/07\/Big-hopper-178x300.jpg\" alt=\"\" width=\"171\" height=\"287\" srcset=\"https:\/\/www.horomechanika.lt\/wp-content\/uploads\/2020\/07\/Big-hopper-178x300.jpg 178w, https:\/\/www.horomechanika.lt\/wp-content\/uploads\/2020\/07\/Big-hopper.jpg 426w\" sizes=\"auto, (max-width: 171px) 100vw, 171px\" \/><\/a><\/td>\n<\/tr>\n<tr>\n<td>Paauk\u0161tintas S\u0117kl\u0173 bunkeris + 600 ltr<\/td>\n<td colspan=\"3\"><a href=\"http:\/\/horomechanika.lt\/wp-content\/uploads\/2020\/07\/Antbortia.jpg\"><img loading=\"lazy\" decoding=\"async\" class=\"size-medium wp-image-11272 aligncenter\" src=\"http:\/\/horomechanika.lt\/wp-content\/uploads\/2020\/07\/Antbortia-194x300.jpg\" alt=\"\" width=\"194\" height=\"300\" srcset=\"https:\/\/www.horomechanika.lt\/wp-content\/uploads\/2020\/07\/Antbortia-194x300.jpg 194w, https:\/\/www.horomechanika.lt\/wp-content\/uploads\/2020\/07\/Antbortia-600x930.jpg 600w, https:\/\/www.horomechanika.lt\/wp-content\/uploads\/2020\/07\/Antbortia-661x1024.jpg 661w, https:\/\/www.horomechanika.lt\/wp-content\/uploads\/2020\/07\/Antbortia.jpg 764w\" sizes=\"auto, (max-width: 194px) 100vw, 194px\" \/><\/a><\/td>\n<\/tr>\n<tr>\n<td>Mikro granuli\u0173 tr\u0105\u0161\u0173 \u012fterpimas\u00a0 150 ltr<\/td>\n<td colspan=\"3\"><a href=\"http:\/\/horomechanika.lt\/wp-content\/uploads\/2020\/07\/mikro.jpg\"><img loading=\"lazy\" decoding=\"async\" class=\"alignnone size-medium wp-image-11277\" src=\"http:\/\/horomechanika.lt\/wp-content\/uploads\/2020\/07\/mikro-300x148.jpg\" alt=\"\" width=\"300\" height=\"148\" srcset=\"https:\/\/www.horomechanika.lt\/wp-content\/uploads\/2020\/07\/mikro-300x148.jpg 300w, https:\/\/www.horomechanika.lt\/wp-content\/uploads\/2020\/07\/mikro-600x296.jpg 600w, https:\/\/www.horomechanika.lt\/wp-content\/uploads\/2020\/07\/mikro.jpg 677w\" sizes=\"auto, (max-width: 300px) 100vw, 300px\" \/><\/a><\/td>\n<\/tr>\n<tr>\n<td>Transportavimo sistema<\/td>\n<td colspan=\"3\"><a href=\"http:\/\/horomechanika.lt\/wp-content\/uploads\/2020\/07\/nakliye-atacmani.jpg\"><img loading=\"lazy\" decoding=\"async\" class=\"alignnone size-medium wp-image-11278\" src=\"http:\/\/horomechanika.lt\/wp-content\/uploads\/2020\/07\/nakliye-atacmani-300x206.jpg\" alt=\"\" width=\"300\" height=\"206\" srcset=\"https:\/\/www.horomechanika.lt\/wp-content\/uploads\/2020\/07\/nakliye-atacmani-300x206.jpg 300w, https:\/\/www.horomechanika.lt\/wp-content\/uploads\/2020\/07\/nakliye-atacmani-600x413.jpg 600w, https:\/\/www.horomechanika.lt\/wp-content\/uploads\/2020\/07\/nakliye-atacmani.jpg 750w\" sizes=\"auto, (max-width: 300px) 100vw, 300px\" \/><\/a><\/td>\n<\/tr>\n<tr>\n<td>Transportavimo platforma<\/td>\n<td colspan=\"3\"><a href=\"http:\/\/horomechanika.lt\/wp-content\/uploads\/2020\/07\/mibzer-tasima-platformu.jpg\"><img loading=\"lazy\" decoding=\"async\" class=\"alignnone size-medium wp-image-11276\" src=\"http:\/\/horomechanika.lt\/wp-content\/uploads\/2020\/07\/mibzer-tasima-platformu-300x206.jpg\" alt=\"\" width=\"300\" height=\"206\" srcset=\"https:\/\/www.horomechanika.lt\/wp-content\/uploads\/2020\/07\/mibzer-tasima-platformu-300x206.jpg 300w, https:\/\/www.horomechanika.lt\/wp-content\/uploads\/2020\/07\/mibzer-tasima-platformu-600x413.jpg 600w, https:\/\/www.horomechanika.lt\/wp-content\/uploads\/2020\/07\/mibzer-tasima-platformu.jpg 750w\" sizes=\"auto, (max-width: 300px) 100vw, 300px\" \/><\/a><\/td>\n<\/tr>\n<\/tbody>\n<\/table>","protected":false},"featured_media":11293,"comment_status":"open","ping_status":"closed","template":"","meta":[],"product_cat":[138],"product_tag":[],"class_list":["post-11282","product","type-product","status-publish","has-post-thumbnail","hentry","product_cat-diskines-sejamosios"],"yoast_head":"<!-- This site is optimized with the Yoast SEO plugin v20.1 - https:\/\/yoast.com\/wordpress\/plugins\/seo\/ -->\n<title>Diskin\u0117 S\u0117jamoji KURT 300\/400 su tr\u0105\u0161omis | Horomechanika<\/title>\n<meta name=\"description\" content=\"Diskin\u0117 S\u0117jamoji KURT 300\/400 su tr\u0105\u0161omis | Diskin\u0117 S\u0117jamoji KURT 300\/400 su tr\u0105\u0161omis Horomechanika |Turkija\" \/>\n<meta name=\"robots\" content=\"index, follow, max-snippet:-1, max-image-preview:large, max-video-preview:-1\" \/>\n<link rel=\"canonical\" href=\"https:\/\/www.horomechanika.lt\/ru\/product\/diskine-sejamoji-kurt-300-400-su-trasomis\/\" \/>\n<meta property=\"og:locale\" content=\"ru_RU\" \/>\n<meta property=\"og:type\" content=\"article\" \/>\n<meta property=\"og:title\" content=\"Diskin\u0117 S\u0117jamoji KURT 300\/400 su tr\u0105\u0161omis | Horomechanika\" \/>\n<meta property=\"og:description\" content=\"Diskin\u0117 S\u0117jamoji KURT 300\/400 su tr\u0105\u0161omis | Diskin\u0117 S\u0117jamoji KURT 300\/400 su tr\u0105\u0161omis Horomechanika |Turkija\" \/>\n<meta property=\"og:url\" content=\"https:\/\/www.horomechanika.lt\/ru\/product\/diskine-sejamoji-kurt-300-400-su-trasomis\/\" \/>\n<meta property=\"og:site_name\" content=\"Horomechanika\" \/>\n<meta property=\"article:publisher\" content=\"https:\/\/www.facebook.com\/UAB-Horo-mechanika-177091812471952\" \/>\n<meta property=\"article:modified_time\" content=\"2022-06-07T13:12:39+00:00\" \/>\n<meta property=\"og:image\" content=\"https:\/\/www.horomechanika.lt\/wp-content\/uploads\/2020\/08\/trea.jpg\" \/>\n\t<meta property=\"og:image:width\" content=\"1238\" \/>\n\t<meta property=\"og:image:height\" content=\"784\" \/>\n\t<meta property=\"og:image:type\" content=\"image\/jpeg\" \/>\n<meta name=\"twitter:card\" content=\"summary_large_image\" \/>\n<meta name=\"twitter:label1\" content=\"\u041f\u0440\u0438\u043c\u0435\u0440\u043d\u043e\u0435 \u0432\u0440\u0435\u043c\u044f \u0434\u043b\u044f \u0447\u0442\u0435\u043d\u0438\u044f\" \/>\n\t<meta name=\"twitter:data1\" content=\"2 \u043c\u0438\u043d\u0443\u0442\u044b\" \/>\n<script type=\"application\/ld+json\" class=\"yoast-schema-graph\">{\"@context\":\"https:\/\/schema.org\",\"@graph\":[{\"@type\":\"WebPage\",\"@id\":\"https:\/\/www.horomechanika.lt\/product\/diskine-sejamoji-kurt-300-400-su-trasomis\/\",\"url\":\"https:\/\/www.horomechanika.lt\/product\/diskine-sejamoji-kurt-300-400-su-trasomis\/\",\"name\":\"Diskin\u0117 S\u0117jamoji KURT 300\/400 su tr\u0105\u0161omis | Horomechanika\",\"isPartOf\":{\"@id\":\"https:\/\/www.horomechanika.lt\/#website\"},\"datePublished\":\"2020-08-12T09:13:51+00:00\",\"dateModified\":\"2022-06-07T13:12:39+00:00\",\"description\":\"Diskin\u0117 S\u0117jamoji KURT 300\/400 su tr\u0105\u0161omis | Diskin\u0117 S\u0117jamoji KURT 300\/400 su tr\u0105\u0161omis Horomechanika |Turkija\",\"breadcrumb\":{\"@id\":\"https:\/\/www.horomechanika.lt\/product\/diskine-sejamoji-kurt-300-400-su-trasomis\/#breadcrumb\"},\"inLanguage\":\"ru-RU\",\"potentialAction\":[{\"@type\":\"ReadAction\",\"target\":[\"https:\/\/www.horomechanika.lt\/product\/diskine-sejamoji-kurt-300-400-su-trasomis\/\"]}]},{\"@type\":\"BreadcrumbList\",\"@id\":\"https:\/\/www.horomechanika.lt\/product\/diskine-sejamoji-kurt-300-400-su-trasomis\/#breadcrumb\",\"itemListElement\":[{\"@type\":\"ListItem\",\"position\":1,\"name\":\"Home\",\"item\":\"https:\/\/www.horomechanika.lt\/\"},{\"@type\":\"ListItem\",\"position\":2,\"name\":\"Shop\",\"item\":\"https:\/\/www.horomechanika.lt\/ru\/shop-2\/\"},{\"@type\":\"ListItem\",\"position\":3,\"name\":\"Diskin\u0117 S\u0117jamoji KURT 300\/400 su tr\u0105\u0161omis\"}]},{\"@type\":\"WebSite\",\"@id\":\"https:\/\/www.horomechanika.lt\/#website\",\"url\":\"https:\/\/www.horomechanika.lt\/\",\"name\":\"Horomechanika\",\"description\":\"\u017dem\u0117s \u016akio Technika\",\"publisher\":{\"@id\":\"https:\/\/www.horomechanika.lt\/#organization\"},\"potentialAction\":[{\"@type\":\"SearchAction\",\"target\":{\"@type\":\"EntryPoint\",\"urlTemplate\":\"https:\/\/www.horomechanika.lt\/?s={search_term_string}\"},\"query-input\":\"required name=search_term_string\"}],\"inLanguage\":\"ru-RU\"},{\"@type\":\"Organization\",\"@id\":\"https:\/\/www.horomechanika.lt\/#organization\",\"name\":\"UAB \\\"Horo mechanika\\\"\",\"url\":\"https:\/\/www.horomechanika.lt\/\",\"logo\":{\"@type\":\"ImageObject\",\"inLanguage\":\"ru-RU\",\"@id\":\"https:\/\/www.horomechanika.lt\/#\/schema\/logo\/image\/\",\"url\":\"https:\/\/www.horomechanika.lt\/wp-content\/uploads\/2020\/05\/horomechanika-logo.png\",\"contentUrl\":\"https:\/\/www.horomechanika.lt\/wp-content\/uploads\/2020\/05\/horomechanika-logo.png\",\"width\":137,\"height\":56,\"caption\":\"UAB \\\"Horo mechanika\\\"\"},\"image\":{\"@id\":\"https:\/\/www.horomechanika.lt\/#\/schema\/logo\/image\/\"},\"sameAs\":[\"https:\/\/www.facebook.com\/UAB-Horo-mechanika-177091812471952\"]}]}<\/script>\n<!-- \/ Yoast SEO plugin. -->","yoast_head_json":{"title":"Diskin\u0117 S\u0117jamoji KURT 300\/400 su tr\u0105\u0161omis | Horomechanika","description":"Diskin\u0117 S\u0117jamoji KURT 300\/400 su tr\u0105\u0161omis | Diskin\u0117 S\u0117jamoji KURT 300\/400 su tr\u0105\u0161omis Horomechanika |Turkija","robots":{"index":"index","follow":"follow","max-snippet":"max-snippet:-1","max-image-preview":"max-image-preview:large","max-video-preview":"max-video-preview:-1"},"canonical":"https:\/\/www.horomechanika.lt\/ru\/product\/diskine-sejamoji-kurt-300-400-su-trasomis\/","og_locale":"ru_RU","og_type":"article","og_title":"Diskin\u0117 S\u0117jamoji KURT 300\/400 su tr\u0105\u0161omis | Horomechanika","og_description":"Diskin\u0117 S\u0117jamoji KURT 300\/400 su tr\u0105\u0161omis | Diskin\u0117 S\u0117jamoji KURT 300\/400 su tr\u0105\u0161omis Horomechanika |Turkija","og_url":"https:\/\/www.horomechanika.lt\/ru\/product\/diskine-sejamoji-kurt-300-400-su-trasomis\/","og_site_name":"Horomechanika","article_publisher":"https:\/\/www.facebook.com\/UAB-Horo-mechanika-177091812471952","article_modified_time":"2022-06-07T13:12:39+00:00","og_image":[{"width":1238,"height":784,"url":"https:\/\/www.horomechanika.lt\/wp-content\/uploads\/2020\/08\/trea.jpg","type":"image\/jpeg"}],"twitter_card":"summary_large_image","twitter_misc":{"\u041f\u0440\u0438\u043c\u0435\u0440\u043d\u043e\u0435 \u0432\u0440\u0435\u043c\u044f \u0434\u043b\u044f \u0447\u0442\u0435\u043d\u0438\u044f":"2 \u043c\u0438\u043d\u0443\u0442\u044b"},"schema":{"@context":"https:\/\/schema.org","@graph":[{"@type":"WebPage","@id":"https:\/\/www.horomechanika.lt\/product\/diskine-sejamoji-kurt-300-400-su-trasomis\/","url":"https:\/\/www.horomechanika.lt\/product\/diskine-sejamoji-kurt-300-400-su-trasomis\/","name":"Diskin\u0117 S\u0117jamoji KURT 300\/400 su tr\u0105\u0161omis | Horomechanika","isPartOf":{"@id":"https:\/\/www.horomechanika.lt\/#website"},"datePublished":"2020-08-12T09:13:51+00:00","dateModified":"2022-06-07T13:12:39+00:00","description":"Diskin\u0117 S\u0117jamoji KURT 300\/400 su tr\u0105\u0161omis | Diskin\u0117 S\u0117jamoji KURT 300\/400 su tr\u0105\u0161omis Horomechanika |Turkija","breadcrumb":{"@id":"https:\/\/www.horomechanika.lt\/product\/diskine-sejamoji-kurt-300-400-su-trasomis\/#breadcrumb"},"inLanguage":"ru-RU","potentialAction":[{"@type":"ReadAction","target":["https:\/\/www.horomechanika.lt\/product\/diskine-sejamoji-kurt-300-400-su-trasomis\/"]}]},{"@type":"BreadcrumbList","@id":"https:\/\/www.horomechanika.lt\/product\/diskine-sejamoji-kurt-300-400-su-trasomis\/#breadcrumb","itemListElement":[{"@type":"ListItem","position":1,"name":"Home","item":"https:\/\/www.horomechanika.lt\/"},{"@type":"ListItem","position":2,"name":"Shop","item":"https:\/\/www.horomechanika.lt\/ru\/shop-2\/"},{"@type":"ListItem","position":3,"name":"Diskin\u0117 S\u0117jamoji KURT 300\/400 su tr\u0105\u0161omis"}]},{"@type":"WebSite","@id":"https:\/\/www.horomechanika.lt\/#website","url":"https:\/\/www.horomechanika.lt\/","name":"Horomechanika","description":"\u017dem\u0117s \u016akio Technika","publisher":{"@id":"https:\/\/www.horomechanika.lt\/#organization"},"potentialAction":[{"@type":"SearchAction","target":{"@type":"EntryPoint","urlTemplate":"https:\/\/www.horomechanika.lt\/?s={search_term_string}"},"query-input":"required name=search_term_string"}],"inLanguage":"ru-RU"},{"@type":"Organization","@id":"https:\/\/www.horomechanika.lt\/#organization","name":"UAB \"Horo mechanika\"","url":"https:\/\/www.horomechanika.lt\/","logo":{"@type":"ImageObject","inLanguage":"ru-RU","@id":"https:\/\/www.horomechanika.lt\/#\/schema\/logo\/image\/","url":"https:\/\/www.horomechanika.lt\/wp-content\/uploads\/2020\/05\/horomechanika-logo.png","contentUrl":"https:\/\/www.horomechanika.lt\/wp-content\/uploads\/2020\/05\/horomechanika-logo.png","width":137,"height":56,"caption":"UAB \"Horo mechanika\""},"image":{"@id":"https:\/\/www.horomechanika.lt\/#\/schema\/logo\/image\/"},"sameAs":["https:\/\/www.facebook.com\/UAB-Horo-mechanika-177091812471952"]}]}},"_links":{"self":[{"href":"https:\/\/www.horomechanika.lt\/ru\/wp-json\/wp\/v2\/product\/11282","targetHints":{"allow":["GET"]}}],"collection":[{"href":"https:\/\/www.horomechanika.lt\/ru\/wp-json\/wp\/v2\/product"}],"about":[{"href":"https:\/\/www.horomechanika.lt\/ru\/wp-json\/wp\/v2\/types\/product"}],"replies":[{"embeddable":true,"href":"https:\/\/www.horomechanika.lt\/ru\/wp-json\/wp\/v2\/comments?post=11282"}],"wp:featuredmedia":[{"embeddable":true,"href":"https:\/\/www.horomechanika.lt\/ru\/wp-json\/wp\/v2\/media\/11293"}],"wp:attachment":[{"href":"https:\/\/www.horomechanika.lt\/ru\/wp-json\/wp\/v2\/media?parent=11282"}],"wp:term":[{"taxonomy":"product_cat","embeddable":true,"href":"https:\/\/www.horomechanika.lt\/ru\/wp-json\/wp\/v2\/product_cat?post=11282"},{"taxonomy":"product_tag","embeddable":true,"href":"https:\/\/www.horomechanika.lt\/ru\/wp-json\/wp\/v2\/product_tag?post=11282"}],"curies":[{"name":"wp","href":"https:\/\/api.w.org\/{rel}","templated":true}]}}