{"id":11295,"date":"2020-08-19T14:04:27","date_gmt":"2020-08-19T11:04:27","guid":{"rendered":"http:\/\/horomechanika.lt\/?post_type=product&#038;p=11295"},"modified":"2021-01-21T12:29:19","modified_gmt":"2021-01-21T09:29:19","slug":"noragine-kurt-tarim-sejamoji","status":"publish","type":"product","link":"https:\/\/www.horomechanika.lt\/ru\/product\/noragine-kurt-tarim-sejamoji\/","title":{"rendered":"Noragin\u0117 KURT TARIM s\u0117jamoji"},"content":{"rendered":"<p>Noragin\u0117\u00a0 2016 atnaujinta \u00a0\u201e<b>KURT<\/b>\u201c s\u0117jamoji \u00a0tapo dar patrauklesn\u0117 savo universalumu. Nuo \u0161iol KURT s\u0117jam\u0105ja galima \u012fterpti tr\u0105\u0161as, o dirbant be tr\u0105\u0161\u0173, atidarius vidines sklendes, bunker\u012f naudoti s\u0117kloms taip padidinant s\u0117kld\u0117\u017e\u0117s nauding\u0105 talp\u0105. Nuo 2016 m naujos laidos \u201cKurt\u201d s\u0117jam\u0173j\u0173 disk\u0173 pavad\u0117liai gaminami i\u0161 storasienio plienino profilio. Modeliams su tr\u0105\u0161\u0173 \u012fterpimu gaminamas reguliuojamo tipo sukabinimas , kas leid\u017eia agregatuoti s\u0117jam\u0105sias su II arba III kategorijos 3-j\u0173 ta\u0161k\u0173 sukabinimo sistema . Agregatuojant su ma\u017eiau nei 80 AJ traktoriumi, galima naudoti sukabinimo ve\u017eim\u0117l\u012f kaip prikabinamo tipo.\u00a0 Dvigubo disko norag\u0117liuose naudojami japoni\u0161ki \u00a0NACHI guoliai, kurie pasi\u017eymi ilgaam\u017ei\u0161kumu.<\/p>\n<p>R\u0117min\u0117 s\u0117jamosios konstrukcija yra sustiprinta, kas u\u017etikrina s\u0117jamosios stabilum\u0105 esant skirtingoms apkrovoms darbo metu bei naudojant papildomus s\u0117klad\u0117\u017e\u0117s antbor\u010dius.<\/p>\n<p>S\u0117jimo rit\u0117s yra \u00a0universalios, jos gali b\u016bti tiksliai pritaikytos prie s\u0117klos dyd\u017eio ir s\u0117jimo normos. S\u0117klavamzd\u017eiai pagaminti i\u0161 lygaus 3-sluoksnio teleskopinio armuoto plastiko ir pasi\u017eymi atsparumu trin\u010diai.<\/p>\n<p>Traktoriaus padang\u0173 v\u0117\u017ees panaikina keturi lanks\u010di\u0173 virb\u0173 \u012ftaisai ( spyruokliniai nagai) \u012frengti priekin\u0117je s\u0117jamosios dalyje. Spyruoklini\u0173 ak\u0117t\u0117li\u0173 sistema s\u0117jamosios gale u\u017etikrina, kad dirvos pavir\u0161ius b\u016bt\u0173 i\u0161lygintas, o pas\u0117tos s\u0117klos u\u017e\u017eertos \u017eeme.<\/p>\n<p>Naujo tipo prispaudimo ratukai prie kiekvieno norag\u0117lio u\u017etikrina dar geresn\u012f dirvos sutankinim\u0105 ir u\u017etikrina dr\u0117gm\u0117s sulaikym\u0105 bei s\u0117jimo gylio vienodum\u0105.<\/p>\n<p>Hidraulin\u0119 ar automatin\u0119 technologiniu v\u0117\u017ei\u0173 \u012frang\u0105 operatorius gali lengvai valdyti rankiniu b\u016bdu. Technologiniu v\u0117\u017ei\u0173 \u012frang\u0105 turi \u201etiesiogin\u012f pavaros sustabdymo mechanizm\u0105\u201d \u2013 \u0161is mechanizmas sustabdo s\u0117jimo operacij\u0105 \u017eenklinimo metu, blokuodamas\u00a0 s\u0117jamosios pavaros eig\u0105. \u0160ie mechanizmai gaminami i\u0161 specialaus gr\u016bdinto atsparaus trin\u010diai \u00a0plastiko, pasi\u017eymin\u010dio dideliu atsparumu nusitrynimui, korozijai ir pa\u017eeidimams. D\u0117l specialios belaipsn\u0117s pavar\u0173 d\u0117\u017e\u0117s\u201d s\u0117jamosios rit\u0117s gali suktis labai l\u0117tai, kad ypa\u010d smulkios s\u0117klos b\u016bt\u0173 pas\u0117tos vienodai ir tolygiai. S\u0117jamoji sistema \u201e4 pad\u0117\u010di\u0173\u201d\u00a0ri\u010di\u0173 pagalba gali lengvai pas\u0117ti \u00a0i\u0161vardintas s\u0117klas:<\/p>\n<ol>\n<li><b><i>Javus: kvie\u010diai, mie\u017eiai, avi\u017eos, s\u0117jamieji vikiai;<\/i><\/b><\/li>\n<li><b><i>Smulkias s\u0117klas: raps\u0173, sezamo, svog\u016bn\u0173, s\u0117men\u0173, mork\u0173;<\/i><\/b><\/li>\n<li><b><i>Vidutinio dyd\u017eio s\u0117klas: dobil\u0173 s\u0117klos;<\/i><\/b><\/li>\n<li><b><i>Stambesnes s\u0117klas: moli\u016bg\u0173, pup\u0173, kukur\u016bz\u0173, avin\u017eirni\u0173, l\u0119\u0161i\u0173.<\/i><\/b><\/li>\n<\/ol>\n<p>2016 pavasario sezonui taikomos ypatingos atsiskaitymo s\u0105lygos: mok\u0117jimo atid\u0117jimas iki rudens arba i\u0161simok\u0117tinai su 5 proc. pradiniu \u012fna\u0161u visai UAB \u201eHoro mechanika\u201c parduodamai technikai.<\/p>\n<p>Visi KURT s\u0117jamosios mechanizmai ir r\u0117mas gaminami naudojant auk\u0161\u010diausias suvirinimo, da\u017eymo ir surinkimo\u00a0 technologijas (robotus), naudojami SKF guoliai, spyruoklinis plienas.\u00a0Tik KURT s\u0117jamosioms suteikiama 3 met\u0173 garantija.<\/p>","protected":false},"excerpt":{"rendered":"<table>\n<tbody>\n<tr>\n<td>Eili\u0173 skai\u010dius, vnt<\/td>\n<td>29<\/td>\n<td>23<\/td>\n<\/tr>\n<tr>\n<td>Darbinis plotis, mm<\/td>\n<td>4000<\/td>\n<td>3000<\/td>\n<\/tr>\n<tr>\n<td>Ilgis, mm<\/td>\n<td>2500<\/td>\n<td>2087<\/td>\n<\/tr>\n<tr>\n<td>Kietmetalio noragas<\/td>\n<td>YRA<\/td>\n<td>YRA<\/td>\n<\/tr>\n<tr>\n<td>Bunkerio talpa, l<\/td>\n<td>S\u0117kl\u0173 talpa-1000<\/td>\n<td>S\u0117kl\u0173 talpa-730<\/td>\n<\/tr>\n<tr>\n<td>Hidrauliniai \u017eenklintuvai<\/td>\n<td>YRA<\/td>\n<td>YRA<\/td>\n<\/tr>\n<tr>\n<td>Hidraulin\u0117s technologin\u0117s v\u0117\u017eios<\/td>\n<td>YRA<\/td>\n<td>YRA<\/td>\n<\/tr>\n<tr>\n<td>Spyruokliniai u\u017e\u017eertuvai<\/td>\n<td>YRA<\/td>\n<td>YRA<\/td>\n<\/tr>\n<tr>\n<td>Sustiprinta r\u0117min\u0117 konstrukcija<\/td>\n<td>TAIP<\/td>\n<td>TAIP<\/td>\n<\/tr>\n<tr>\n<td>Rat\u0173 grandikliai<\/td>\n<td>YRA<\/td>\n<td>YRA<\/td>\n<\/tr>\n<tr>\n<td>Purentuvai traktoriaus v\u0117\u017ei\u0173<\/td>\n<td>YRA<\/td>\n<td>YRA<\/td>\n<\/tr>\n<tr>\n<td>Gylio reguliavimas<\/td>\n<td>YRA<\/td>\n<td>YRA<\/td>\n<\/tr>\n<tr>\n<td>S\u0117kl\u0173 mai\u0161ytuvas<\/td>\n<td>YRA<\/td>\n<td>YRA<\/td>\n<\/tr>\n<tr>\n<td>Svoris, kg<\/td>\n<td>1150<\/td>\n<td>868<\/td>\n<\/tr>\n<tr>\n<td>Reikalinga galia, AG<\/td>\n<td>120+<\/td>\n<td>85+<\/td>\n<\/tr>\n<tr>\n<td>Auk\u0161tis, mm<\/td>\n<td>1800<\/td>\n<td>1900<\/td>\n<\/tr>\n<tr>\n<td>Padang\u0173 dydis<\/td>\n<td>6,00-16<\/td>\n<td>500-15<\/td>\n<\/tr>\n<tr>\n<td>Plotis tarp eili\u0173, mm<\/td>\n<td>130<\/td>\n<td>130<\/td>\n<\/tr>\n<tr>\n<td>Darbinis greitis, km\/h<\/td>\n<td>7-9<\/td>\n<td>7-9<\/td>\n<\/tr>\n<tr>\n<td>GARANTIJA, metai<\/td>\n<td>3<\/td>\n<td>3<\/td>\n<\/tr>\n<tr>\n<td colspan=\"4\"><strong>PAPILDOMAI U\u017dSAKOMA<\/strong><\/td>\n<\/tr>\n<tr>\n<td>Atraminiai prispaudimo ratukai<\/td>\n<td colspan=\"3\"><a href=\"http:\/\/horomechanika.lt\/wp-content\/uploads\/2020\/07\/2.jpg\"><img loading=\"lazy\" decoding=\"async\" class=\"alignnone size-medium wp-image-11281\" src=\"http:\/\/horomechanika.lt\/wp-content\/uploads\/2020\/07\/2-300x225.jpg\" alt=\"\" width=\"300\" height=\"225\" srcset=\"https:\/\/www.horomechanika.lt\/wp-content\/uploads\/2020\/07\/2-300x225.jpg 300w, https:\/\/www.horomechanika.lt\/wp-content\/uploads\/2020\/07\/2-600x450.jpg 600w, https:\/\/www.horomechanika.lt\/wp-content\/uploads\/2020\/07\/2-768x576.jpg 768w, https:\/\/www.horomechanika.lt\/wp-content\/uploads\/2020\/07\/2.jpg 800w\" sizes=\"auto, (max-width: 300px) 100vw, 300px\" \/><\/a><\/td>\n<\/tr>\n<tr>\n<td>Automatin\u0117s technologin\u0117s v\u0117\u017eios<\/td>\n<td colspan=\"3\"><a href=\"http:\/\/horomechanika.lt\/wp-content\/uploads\/2020\/07\/kompas.jpg\"><img loading=\"lazy\" decoding=\"async\" class=\"alignnone size-medium wp-image-11275\" src=\"http:\/\/horomechanika.lt\/wp-content\/uploads\/2020\/07\/kompas-300x206.jpg\" alt=\"\" width=\"300\" height=\"206\" srcset=\"https:\/\/www.horomechanika.lt\/wp-content\/uploads\/2020\/07\/kompas-300x206.jpg 300w, https:\/\/www.horomechanika.lt\/wp-content\/uploads\/2020\/07\/kompas-600x413.jpg 600w, https:\/\/www.horomechanika.lt\/wp-content\/uploads\/2020\/07\/kompas.jpg 750w\" sizes=\"auto, (max-width: 300px) 100vw, 300px\" \/><\/a><\/td>\n<\/tr>\n<tr>\n<td>Technologini\u0173 v\u0117\u017ei\u0173 \u017eymekliai<\/td>\n<td colspan=\"3\"><a href=\"http:\/\/horomechanika.lt\/wp-content\/uploads\/2020\/07\/technologiniai-zymekliai.jpg\"><img loading=\"lazy\" decoding=\"async\" class=\"alignnone size-medium wp-image-11280\" src=\"http:\/\/horomechanika.lt\/wp-content\/uploads\/2020\/07\/technologiniai-zymekliai-300x200.jpg\" alt=\"\" width=\"300\" height=\"200\" srcset=\"https:\/\/www.horomechanika.lt\/wp-content\/uploads\/2020\/07\/technologiniai-zymekliai-300x200.jpg 300w, https:\/\/www.horomechanika.lt\/wp-content\/uploads\/2020\/07\/technologiniai-zymekliai.jpg 576w\" sizes=\"auto, (max-width: 300px) 100vw, 300px\" \/><\/a><\/td>\n<\/tr>\n<tr>\n<td>Hektar\u0173 skai\u010diuotuvas<\/td>\n<td colspan=\"3\"><a href=\"http:\/\/horomechanika.lt\/wp-content\/uploads\/2020\/07\/hektaru-skaiciotuvas-scaled.jpg\"><img loading=\"lazy\" decoding=\"async\" class=\"alignnone size-medium wp-image-11274\" src=\"http:\/\/horomechanika.lt\/wp-content\/uploads\/2020\/07\/hektaru-skaiciotuvas-300x205.jpg\" alt=\"\" width=\"300\" height=\"205\" srcset=\"https:\/\/www.horomechanika.lt\/wp-content\/uploads\/2020\/07\/hektaru-skaiciotuvas-300x205.jpg 300w, https:\/\/www.horomechanika.lt\/wp-content\/uploads\/2020\/07\/hektaru-skaiciotuvas-scaled-600x410.jpg 600w, https:\/\/www.horomechanika.lt\/wp-content\/uploads\/2020\/07\/hektaru-skaiciotuvas-1024x700.jpg 1024w, https:\/\/www.horomechanika.lt\/wp-content\/uploads\/2020\/07\/hektaru-skaiciotuvas-768x525.jpg 768w, https:\/\/www.horomechanika.lt\/wp-content\/uploads\/2020\/07\/hektaru-skaiciotuvas-1536x1050.jpg 1536w, https:\/\/www.horomechanika.lt\/wp-content\/uploads\/2020\/07\/hektaru-skaiciotuvas-2048x1399.jpg 2048w\" sizes=\"auto, (max-width: 300px) 100vw, 300px\" \/><\/a><\/td>\n<\/tr>\n<tr>\n<td>Padidintas s\u0117kl\u0173 bunkeris + 300 ltr<\/td>\n<td colspan=\"3\"><a href=\"http:\/\/horomechanika.lt\/wp-content\/uploads\/2020\/07\/Big-hopper.jpg\"><img loading=\"lazy\" decoding=\"async\" class=\"size-medium wp-image-11273 aligncenter\" src=\"http:\/\/horomechanika.lt\/wp-content\/uploads\/2020\/07\/Big-hopper-178x300.jpg\" alt=\"\" width=\"178\" height=\"300\" srcset=\"https:\/\/www.horomechanika.lt\/wp-content\/uploads\/2020\/07\/Big-hopper-178x300.jpg 178w, https:\/\/www.horomechanika.lt\/wp-content\/uploads\/2020\/07\/Big-hopper.jpg 426w\" sizes=\"auto, (max-width: 178px) 100vw, 178px\" \/><\/a><\/td>\n<\/tr>\n<tr>\n<td>Paauk\u0161tintas S\u0117kl\u0173 bunkeris + 600 ltr<\/td>\n<td colspan=\"3\"><a href=\"http:\/\/horomechanika.lt\/wp-content\/uploads\/2020\/07\/Antbortia.jpg\"><img loading=\"lazy\" decoding=\"async\" class=\"size-medium wp-image-11272 aligncenter\" src=\"http:\/\/horomechanika.lt\/wp-content\/uploads\/2020\/07\/Antbortia-194x300.jpg\" alt=\"\" width=\"194\" height=\"300\" srcset=\"https:\/\/www.horomechanika.lt\/wp-content\/uploads\/2020\/07\/Antbortia-194x300.jpg 194w, https:\/\/www.horomechanika.lt\/wp-content\/uploads\/2020\/07\/Antbortia-600x930.jpg 600w, https:\/\/www.horomechanika.lt\/wp-content\/uploads\/2020\/07\/Antbortia-661x1024.jpg 661w, https:\/\/www.horomechanika.lt\/wp-content\/uploads\/2020\/07\/Antbortia.jpg 764w\" sizes=\"auto, (max-width: 194px) 100vw, 194px\" \/><\/a><\/td>\n<\/tr>\n<tr>\n<td>Mikro granuli\u0173 tr\u0105\u0161\u0173 \u012fterpimas\u00a0 150 ltr<\/td>\n<td colspan=\"3\"><a href=\"http:\/\/horomechanika.lt\/wp-content\/uploads\/2020\/07\/mikro.jpg\"><img loading=\"lazy\" decoding=\"async\" class=\"alignnone size-medium wp-image-11277\" src=\"http:\/\/horomechanika.lt\/wp-content\/uploads\/2020\/07\/mikro-300x148.jpg\" alt=\"\" width=\"300\" height=\"148\" srcset=\"https:\/\/www.horomechanika.lt\/wp-content\/uploads\/2020\/07\/mikro-300x148.jpg 300w, https:\/\/www.horomechanika.lt\/wp-content\/uploads\/2020\/07\/mikro-600x296.jpg 600w, https:\/\/www.horomechanika.lt\/wp-content\/uploads\/2020\/07\/mikro.jpg 677w\" sizes=\"auto, (max-width: 300px) 100vw, 300px\" \/><\/a><\/td>\n<\/tr>\n<tr>\n<td>Transportavimo sistema<\/td>\n<td colspan=\"3\"><a href=\"http:\/\/horomechanika.lt\/wp-content\/uploads\/2020\/07\/nakliye-atacmani.jpg\"><img loading=\"lazy\" decoding=\"async\" class=\"alignnone size-medium wp-image-11278\" src=\"http:\/\/horomechanika.lt\/wp-content\/uploads\/2020\/07\/nakliye-atacmani-300x206.jpg\" alt=\"\" width=\"300\" height=\"206\" srcset=\"https:\/\/www.horomechanika.lt\/wp-content\/uploads\/2020\/07\/nakliye-atacmani-300x206.jpg 300w, https:\/\/www.horomechanika.lt\/wp-content\/uploads\/2020\/07\/nakliye-atacmani-600x413.jpg 600w, https:\/\/www.horomechanika.lt\/wp-content\/uploads\/2020\/07\/nakliye-atacmani.jpg 750w\" sizes=\"auto, (max-width: 300px) 100vw, 300px\" \/><\/a><\/td>\n<\/tr>\n<tr>\n<td>Transportavimo platforma<\/td>\n<td colspan=\"3\"><a href=\"http:\/\/horomechanika.lt\/wp-content\/uploads\/2020\/07\/mibzer-tasima-platformu.jpg\"><img loading=\"lazy\" decoding=\"async\" class=\"alignnone size-medium wp-image-11276\" src=\"http:\/\/horomechanika.lt\/wp-content\/uploads\/2020\/07\/mibzer-tasima-platformu-300x206.jpg\" alt=\"\" width=\"300\" height=\"206\" srcset=\"https:\/\/www.horomechanika.lt\/wp-content\/uploads\/2020\/07\/mibzer-tasima-platformu-300x206.jpg 300w, https:\/\/www.horomechanika.lt\/wp-content\/uploads\/2020\/07\/mibzer-tasima-platformu-600x413.jpg 600w, https:\/\/www.horomechanika.lt\/wp-content\/uploads\/2020\/07\/mibzer-tasima-platformu.jpg 750w\" sizes=\"auto, (max-width: 300px) 100vw, 300px\" \/><\/a><\/td>\n<\/tr>\n<\/tbody>\n<\/table>","protected":false},"featured_media":11306,"comment_status":"open","ping_status":"closed","template":"","meta":[],"product_cat":[191],"product_tag":[],"class_list":["post-11295","product","type-product","status-publish","has-post-thumbnail","hentry","product_cat-noragines-sejamosios"],"yoast_head":"<!-- This site is optimized with the Yoast SEO plugin v20.1 - https:\/\/yoast.com\/wordpress\/plugins\/seo\/ -->\n<title>Noragin\u0117 KURT TARIM s\u0117jamoji | Horomechanika<\/title>\n<meta name=\"robots\" content=\"index, follow, max-snippet:-1, max-image-preview:large, max-video-preview:-1\" \/>\n<link rel=\"canonical\" href=\"https:\/\/www.horomechanika.lt\/ru\/product\/noragine-kurt-tarim-sejamoji\/\" \/>\n<meta property=\"og:locale\" content=\"ru_RU\" \/>\n<meta property=\"og:type\" content=\"article\" \/>\n<meta property=\"og:title\" content=\"Noragin\u0117 KURT TARIM s\u0117jamoji | Horomechanika\" \/>\n<meta property=\"og:description\" content=\"Eili\u0173 skai\u010dius, vnt 29 23   Darbinis plotis, mm 4000 3000   Ilgis, mm 2500 2087   Kietmetalio noragas YRA YRA   Bunkerio talpa, l S\u0117kl\u0173 talpa-1000 S\u0117kl\u0173 talpa-730   Hidrauliniai \u017eenklintuvai YRA YRA   Hidraulin\u0117s technologin\u0117s v\u0117\u017eios YRA YRA   Spyruokliniai u\u017e\u017eertuvai YRA YRA   Sustiprinta r\u0117min\u0117 konstrukcija TAIP TAIP   Rat\u0173 grandikliai YRA YRA   Purentuvai traktoriaus v\u0117\u017ei\u0173 YRA YRA   Gylio reguliavimas YRA YRA   S\u0117kl\u0173 mai\u0161ytuvas YRA YRA   Svoris, kg 1150 868   Reikalinga galia, AG 120+ 85+   Auk\u0161tis, mm 1800 1900   Padang\u0173 dydis 6,00-16 500-15   Plotis tarp eili\u0173, mm 130 130   Darbinis greitis, km\/h 7-9 7-9   GARANTIJA, metai 3 3   PAPILDOMAI U\u017dSAKOMA   Atraminiai prispaudimo ratukai    Automatin\u0117s technologin\u0117s v\u0117\u017eios    Technologini\u0173 v\u0117\u017ei\u0173 \u017eymekliai    Hektar\u0173 skai\u010diuotuvas    Padidintas s\u0117kl\u0173 bunkeris + 300 ltr    Paauk\u0161tintas S\u0117kl\u0173 bunkeris + 600 ltr    Mikro granuli\u0173 tr\u0105\u0161\u0173 \u012fterpimas\u00a0 150 ltr    Transportavimo sistema    Transportavimo platforma\" \/>\n<meta property=\"og:url\" content=\"https:\/\/www.horomechanika.lt\/ru\/product\/noragine-kurt-tarim-sejamoji\/\" \/>\n<meta property=\"og:site_name\" content=\"Horomechanika\" \/>\n<meta property=\"article:publisher\" content=\"https:\/\/www.facebook.com\/UAB-Horo-mechanika-177091812471952\" \/>\n<meta property=\"article:modified_time\" content=\"2021-01-21T09:29:19+00:00\" \/>\n<meta property=\"og:image\" content=\"https:\/\/www.horomechanika.lt\/wp-content\/uploads\/2020\/08\/Be-pavadin-\u2013-kopija-1.jpg\" \/>\n\t<meta property=\"og:image:width\" content=\"1290\" \/>\n\t<meta property=\"og:image:height\" content=\"940\" \/>\n\t<meta property=\"og:image:type\" content=\"image\/jpeg\" \/>\n<meta name=\"twitter:card\" content=\"summary_large_image\" \/>\n<meta name=\"twitter:label1\" content=\"\u041f\u0440\u0438\u043c\u0435\u0440\u043d\u043e\u0435 \u0432\u0440\u0435\u043c\u044f \u0434\u043b\u044f \u0447\u0442\u0435\u043d\u0438\u044f\" \/>\n\t<meta name=\"twitter:data1\" content=\"2 \u043c\u0438\u043d\u0443\u0442\u044b\" \/>\n<script type=\"application\/ld+json\" class=\"yoast-schema-graph\">{\"@context\":\"https:\/\/schema.org\",\"@graph\":[{\"@type\":\"WebPage\",\"@id\":\"https:\/\/www.horomechanika.lt\/ru\/product\/noragine-kurt-tarim-sejamoji\/\",\"url\":\"https:\/\/www.horomechanika.lt\/ru\/product\/noragine-kurt-tarim-sejamoji\/\",\"name\":\"Noragin\u0117 KURT TARIM s\u0117jamoji | Horomechanika\",\"isPartOf\":{\"@id\":\"https:\/\/www.horomechanika.lt\/#website\"},\"datePublished\":\"2020-08-19T11:04:27+00:00\",\"dateModified\":\"2021-01-21T09:29:19+00:00\",\"breadcrumb\":{\"@id\":\"https:\/\/www.horomechanika.lt\/ru\/product\/noragine-kurt-tarim-sejamoji\/#breadcrumb\"},\"inLanguage\":\"ru-RU\",\"potentialAction\":[{\"@type\":\"ReadAction\",\"target\":[\"https:\/\/www.horomechanika.lt\/ru\/product\/noragine-kurt-tarim-sejamoji\/\"]}]},{\"@type\":\"BreadcrumbList\",\"@id\":\"https:\/\/www.horomechanika.lt\/ru\/product\/noragine-kurt-tarim-sejamoji\/#breadcrumb\",\"itemListElement\":[{\"@type\":\"ListItem\",\"position\":1,\"name\":\"Home\",\"item\":\"https:\/\/www.horomechanika.lt\/\"},{\"@type\":\"ListItem\",\"position\":2,\"name\":\"Shop\",\"item\":\"https:\/\/www.horomechanika.lt\/ru\/shop-2\/\"},{\"@type\":\"ListItem\",\"position\":3,\"name\":\"Noragin\u0117 KURT TARIM s\u0117jamoji\"}]},{\"@type\":\"WebSite\",\"@id\":\"https:\/\/www.horomechanika.lt\/#website\",\"url\":\"https:\/\/www.horomechanika.lt\/\",\"name\":\"Horomechanika\",\"description\":\"\u017dem\u0117s \u016akio Technika\",\"publisher\":{\"@id\":\"https:\/\/www.horomechanika.lt\/#organization\"},\"potentialAction\":[{\"@type\":\"SearchAction\",\"target\":{\"@type\":\"EntryPoint\",\"urlTemplate\":\"https:\/\/www.horomechanika.lt\/?s={search_term_string}\"},\"query-input\":\"required name=search_term_string\"}],\"inLanguage\":\"ru-RU\"},{\"@type\":\"Organization\",\"@id\":\"https:\/\/www.horomechanika.lt\/#organization\",\"name\":\"UAB \\\"Horo mechanika\\\"\",\"url\":\"https:\/\/www.horomechanika.lt\/\",\"logo\":{\"@type\":\"ImageObject\",\"inLanguage\":\"ru-RU\",\"@id\":\"https:\/\/www.horomechanika.lt\/#\/schema\/logo\/image\/\",\"url\":\"https:\/\/www.horomechanika.lt\/wp-content\/uploads\/2020\/05\/horomechanika-logo.png\",\"contentUrl\":\"https:\/\/www.horomechanika.lt\/wp-content\/uploads\/2020\/05\/horomechanika-logo.png\",\"width\":137,\"height\":56,\"caption\":\"UAB \\\"Horo mechanika\\\"\"},\"image\":{\"@id\":\"https:\/\/www.horomechanika.lt\/#\/schema\/logo\/image\/\"},\"sameAs\":[\"https:\/\/www.facebook.com\/UAB-Horo-mechanika-177091812471952\"]}]}<\/script>\n<!-- \/ Yoast SEO plugin. -->","yoast_head_json":{"title":"Noragin\u0117 KURT TARIM s\u0117jamoji | Horomechanika","robots":{"index":"index","follow":"follow","max-snippet":"max-snippet:-1","max-image-preview":"max-image-preview:large","max-video-preview":"max-video-preview:-1"},"canonical":"https:\/\/www.horomechanika.lt\/ru\/product\/noragine-kurt-tarim-sejamoji\/","og_locale":"ru_RU","og_type":"article","og_title":"Noragin\u0117 KURT TARIM s\u0117jamoji | Horomechanika","og_description":"Eili\u0173 skai\u010dius, vnt 29 23   Darbinis plotis, mm 4000 3000   Ilgis, mm 2500 2087   Kietmetalio noragas YRA YRA   Bunkerio talpa, l S\u0117kl\u0173 talpa-1000 S\u0117kl\u0173 talpa-730   Hidrauliniai \u017eenklintuvai YRA YRA   Hidraulin\u0117s technologin\u0117s v\u0117\u017eios YRA YRA   Spyruokliniai u\u017e\u017eertuvai YRA YRA   Sustiprinta r\u0117min\u0117 konstrukcija TAIP TAIP   Rat\u0173 grandikliai YRA YRA   Purentuvai traktoriaus v\u0117\u017ei\u0173 YRA YRA   Gylio reguliavimas YRA YRA   S\u0117kl\u0173 mai\u0161ytuvas YRA YRA   Svoris, kg 1150 868   Reikalinga galia, AG 120+ 85+   Auk\u0161tis, mm 1800 1900   Padang\u0173 dydis 6,00-16 500-15   Plotis tarp eili\u0173, mm 130 130   Darbinis greitis, km\/h 7-9 7-9   GARANTIJA, metai 3 3   PAPILDOMAI U\u017dSAKOMA   Atraminiai prispaudimo ratukai    Automatin\u0117s technologin\u0117s v\u0117\u017eios    Technologini\u0173 v\u0117\u017ei\u0173 \u017eymekliai    Hektar\u0173 skai\u010diuotuvas    Padidintas s\u0117kl\u0173 bunkeris + 300 ltr    Paauk\u0161tintas S\u0117kl\u0173 bunkeris + 600 ltr    Mikro granuli\u0173 tr\u0105\u0161\u0173 \u012fterpimas\u00a0 150 ltr    Transportavimo sistema    Transportavimo platforma","og_url":"https:\/\/www.horomechanika.lt\/ru\/product\/noragine-kurt-tarim-sejamoji\/","og_site_name":"Horomechanika","article_publisher":"https:\/\/www.facebook.com\/UAB-Horo-mechanika-177091812471952","article_modified_time":"2021-01-21T09:29:19+00:00","og_image":[{"width":1290,"height":940,"url":"https:\/\/www.horomechanika.lt\/wp-content\/uploads\/2020\/08\/Be-pavadin-\u2013-kopija-1.jpg","type":"image\/jpeg"}],"twitter_card":"summary_large_image","twitter_misc":{"\u041f\u0440\u0438\u043c\u0435\u0440\u043d\u043e\u0435 \u0432\u0440\u0435\u043c\u044f \u0434\u043b\u044f \u0447\u0442\u0435\u043d\u0438\u044f":"2 \u043c\u0438\u043d\u0443\u0442\u044b"},"schema":{"@context":"https:\/\/schema.org","@graph":[{"@type":"WebPage","@id":"https:\/\/www.horomechanika.lt\/ru\/product\/noragine-kurt-tarim-sejamoji\/","url":"https:\/\/www.horomechanika.lt\/ru\/product\/noragine-kurt-tarim-sejamoji\/","name":"Noragin\u0117 KURT TARIM s\u0117jamoji | Horomechanika","isPartOf":{"@id":"https:\/\/www.horomechanika.lt\/#website"},"datePublished":"2020-08-19T11:04:27+00:00","dateModified":"2021-01-21T09:29:19+00:00","breadcrumb":{"@id":"https:\/\/www.horomechanika.lt\/ru\/product\/noragine-kurt-tarim-sejamoji\/#breadcrumb"},"inLanguage":"ru-RU","potentialAction":[{"@type":"ReadAction","target":["https:\/\/www.horomechanika.lt\/ru\/product\/noragine-kurt-tarim-sejamoji\/"]}]},{"@type":"BreadcrumbList","@id":"https:\/\/www.horomechanika.lt\/ru\/product\/noragine-kurt-tarim-sejamoji\/#breadcrumb","itemListElement":[{"@type":"ListItem","position":1,"name":"Home","item":"https:\/\/www.horomechanika.lt\/"},{"@type":"ListItem","position":2,"name":"Shop","item":"https:\/\/www.horomechanika.lt\/ru\/shop-2\/"},{"@type":"ListItem","position":3,"name":"Noragin\u0117 KURT TARIM s\u0117jamoji"}]},{"@type":"WebSite","@id":"https:\/\/www.horomechanika.lt\/#website","url":"https:\/\/www.horomechanika.lt\/","name":"Horomechanika","description":"\u017dem\u0117s \u016akio Technika","publisher":{"@id":"https:\/\/www.horomechanika.lt\/#organization"},"potentialAction":[{"@type":"SearchAction","target":{"@type":"EntryPoint","urlTemplate":"https:\/\/www.horomechanika.lt\/?s={search_term_string}"},"query-input":"required name=search_term_string"}],"inLanguage":"ru-RU"},{"@type":"Organization","@id":"https:\/\/www.horomechanika.lt\/#organization","name":"UAB \"Horo mechanika\"","url":"https:\/\/www.horomechanika.lt\/","logo":{"@type":"ImageObject","inLanguage":"ru-RU","@id":"https:\/\/www.horomechanika.lt\/#\/schema\/logo\/image\/","url":"https:\/\/www.horomechanika.lt\/wp-content\/uploads\/2020\/05\/horomechanika-logo.png","contentUrl":"https:\/\/www.horomechanika.lt\/wp-content\/uploads\/2020\/05\/horomechanika-logo.png","width":137,"height":56,"caption":"UAB \"Horo mechanika\""},"image":{"@id":"https:\/\/www.horomechanika.lt\/#\/schema\/logo\/image\/"},"sameAs":["https:\/\/www.facebook.com\/UAB-Horo-mechanika-177091812471952"]}]}},"_links":{"self":[{"href":"https:\/\/www.horomechanika.lt\/ru\/wp-json\/wp\/v2\/product\/11295","targetHints":{"allow":["GET"]}}],"collection":[{"href":"https:\/\/www.horomechanika.lt\/ru\/wp-json\/wp\/v2\/product"}],"about":[{"href":"https:\/\/www.horomechanika.lt\/ru\/wp-json\/wp\/v2\/types\/product"}],"replies":[{"embeddable":true,"href":"https:\/\/www.horomechanika.lt\/ru\/wp-json\/wp\/v2\/comments?post=11295"}],"wp:featuredmedia":[{"embeddable":true,"href":"https:\/\/www.horomechanika.lt\/ru\/wp-json\/wp\/v2\/media\/11306"}],"wp:attachment":[{"href":"https:\/\/www.horomechanika.lt\/ru\/wp-json\/wp\/v2\/media?parent=11295"}],"wp:term":[{"taxonomy":"product_cat","embeddable":true,"href":"https:\/\/www.horomechanika.lt\/ru\/wp-json\/wp\/v2\/product_cat?post=11295"},{"taxonomy":"product_tag","embeddable":true,"href":"https:\/\/www.horomechanika.lt\/ru\/wp-json\/wp\/v2\/product_tag?post=11295"}],"curies":[{"name":"wp","href":"https:\/\/api.w.org\/{rel}","templated":true}]}}