{"id":11322,"date":"2020-09-11T12:21:17","date_gmt":"2020-09-11T09:21:17","guid":{"rendered":"http:\/\/horomechanika.lt\/?post_type=product&#038;p=11322"},"modified":"2022-06-07T16:45:00","modified_gmt":"2022-06-07T13:45:00","slug":"tikslaus-sejimo-dvigubo-disko-kurt-sejamosios","status":"publish","type":"product","link":"https:\/\/www.horomechanika.lt\/ru\/product\/tikslaus-sejimo-dvigubo-disko-kurt-sejamosios\/","title":{"rendered":"Tikslaus s\u0117jimo dvigubo disko KURT s\u0117jamosios"},"content":{"rendered":"<p>Tikslaus s\u0117jimo dvigubo disko KURT s\u0117jamosios<\/p>\n<table>\n<tbody>\n<tr>\n<td width=\"301\">Valdymo blokas<\/td>\n<td width=\"301\"><a href=\"http:\/\/horomechanika.lt\/wp-content\/uploads\/2020\/09\/tohum-kontrol-unitesi.jpg\"><img loading=\"lazy\" decoding=\"async\" class=\"alignnone size-medium wp-image-11354\" src=\"http:\/\/horomechanika.lt\/wp-content\/uploads\/2020\/09\/tohum-kontrol-unitesi-300x206.jpg\" alt=\"\" width=\"300\" height=\"206\" srcset=\"https:\/\/www.horomechanika.lt\/wp-content\/uploads\/2020\/09\/tohum-kontrol-unitesi-300x206.jpg 300w, https:\/\/www.horomechanika.lt\/wp-content\/uploads\/2020\/09\/tohum-kontrol-unitesi-600x413.jpg 600w, https:\/\/www.horomechanika.lt\/wp-content\/uploads\/2020\/09\/tohum-kontrol-unitesi.jpg 750w\" sizes=\"auto, (max-width: 300px) 100vw, 300px\" \/><\/a><\/td>\n<\/tr>\n<tr>\n<td width=\"301\">I\u0161s\u0117jimo mechanizmas<\/td>\n<td width=\"301\"><a href=\"http:\/\/horomechanika.lt\/wp-content\/uploads\/2020\/09\/cift-selektor-sistemi.jpg\"><img loading=\"lazy\" decoding=\"async\" class=\"alignnone size-medium wp-image-11353\" src=\"http:\/\/horomechanika.lt\/wp-content\/uploads\/2020\/09\/cift-selektor-sistemi-300x206.jpg\" alt=\"\" width=\"300\" height=\"206\" srcset=\"https:\/\/www.horomechanika.lt\/wp-content\/uploads\/2020\/09\/cift-selektor-sistemi-300x206.jpg 300w, https:\/\/www.horomechanika.lt\/wp-content\/uploads\/2020\/09\/cift-selektor-sistemi-600x413.jpg 600w, https:\/\/www.horomechanika.lt\/wp-content\/uploads\/2020\/09\/cift-selektor-sistemi.jpg 750w\" sizes=\"auto, (max-width: 300px) 100vw, 300px\" \/><\/a><\/td>\n<\/tr>\n<tr>\n<td width=\"301\">Transportavimo platforma<\/td>\n<td width=\"301\"><a href=\"http:\/\/horomechanika.lt\/wp-content\/uploads\/2020\/09\/mibzer-tasima-platformu.jpg\"><img loading=\"lazy\" decoding=\"async\" class=\"alignnone size-medium wp-image-11351\" src=\"http:\/\/horomechanika.lt\/wp-content\/uploads\/2020\/09\/mibzer-tasima-platformu-300x206.jpg\" alt=\"\" width=\"300\" height=\"206\" srcset=\"https:\/\/www.horomechanika.lt\/wp-content\/uploads\/2020\/09\/mibzer-tasima-platformu-300x206.jpg 300w, https:\/\/www.horomechanika.lt\/wp-content\/uploads\/2020\/09\/mibzer-tasima-platformu-600x413.jpg 600w, https:\/\/www.horomechanika.lt\/wp-content\/uploads\/2020\/09\/mibzer-tasima-platformu.jpg 750w\" sizes=\"auto, (max-width: 300px) 100vw, 300px\" \/><\/a><\/td>\n<\/tr>\n<\/tbody>\n<\/table>\n<table>\n<tbody>\n<tr>\n<td width=\"301\">Diskin\u0117 s\u0117jimo sistema<\/td>\n<td width=\"301\"><a href=\"http:\/\/horomechanika.lt\/wp-content\/uploads\/2020\/09\/0cb6f75d-1eca-4120-8166-d02814812950.jpg\"><img loading=\"lazy\" decoding=\"async\" class=\"alignnone size-medium wp-image-11323\" src=\"http:\/\/horomechanika.lt\/wp-content\/uploads\/2020\/09\/0cb6f75d-1eca-4120-8166-d02814812950-300x225.jpg\" alt=\"\" width=\"300\" height=\"225\" srcset=\"https:\/\/www.horomechanika.lt\/wp-content\/uploads\/2020\/09\/0cb6f75d-1eca-4120-8166-d02814812950-300x225.jpg 300w, https:\/\/www.horomechanika.lt\/wp-content\/uploads\/2020\/09\/0cb6f75d-1eca-4120-8166-d02814812950-600x450.jpg 600w, https:\/\/www.horomechanika.lt\/wp-content\/uploads\/2020\/09\/0cb6f75d-1eca-4120-8166-d02814812950-768x576.jpg 768w, https:\/\/www.horomechanika.lt\/wp-content\/uploads\/2020\/09\/0cb6f75d-1eca-4120-8166-d02814812950.jpg 1024w\" sizes=\"auto, (max-width: 300px) 100vw, 300px\" \/><\/a><\/td>\n<\/tr>\n<tr>\n<td width=\"301\">Diskin\u0117 tra\u0161\u0173 \u012fterpimo sistema<\/td>\n<td width=\"301\"><a href=\"http:\/\/horomechanika.lt\/wp-content\/uploads\/2020\/09\/8c648b09-0799-4042-b029-8eae1a794819.jpg\"><img loading=\"lazy\" decoding=\"async\" class=\"alignnone size-medium wp-image-11326\" src=\"http:\/\/horomechanika.lt\/wp-content\/uploads\/2020\/09\/8c648b09-0799-4042-b029-8eae1a794819-300x225.jpg\" alt=\"\" width=\"300\" height=\"225\" srcset=\"https:\/\/www.horomechanika.lt\/wp-content\/uploads\/2020\/09\/8c648b09-0799-4042-b029-8eae1a794819-300x225.jpg 300w, https:\/\/www.horomechanika.lt\/wp-content\/uploads\/2020\/09\/8c648b09-0799-4042-b029-8eae1a794819-600x450.jpg 600w, https:\/\/www.horomechanika.lt\/wp-content\/uploads\/2020\/09\/8c648b09-0799-4042-b029-8eae1a794819-768x576.jpg 768w, https:\/\/www.horomechanika.lt\/wp-content\/uploads\/2020\/09\/8c648b09-0799-4042-b029-8eae1a794819.jpg 1024w\" sizes=\"auto, (max-width: 300px) 100vw, 300px\" \/><\/a><\/td>\n<\/tr>\n<tr>\n<td width=\"301\">Papdintas INOX tra\u0161\u0173 bunkeris<\/td>\n<td width=\"301\"><a href=\"http:\/\/horomechanika.lt\/wp-content\/uploads\/2020\/09\/inox-bunkeris-padidintas.jpg\"><img loading=\"lazy\" decoding=\"async\" class=\"alignnone size-medium wp-image-11345\" src=\"http:\/\/horomechanika.lt\/wp-content\/uploads\/2020\/09\/inox-bunkeris-padidintas-226x300.jpg\" alt=\"\" width=\"226\" height=\"300\" srcset=\"https:\/\/www.horomechanika.lt\/wp-content\/uploads\/2020\/09\/inox-bunkeris-padidintas-226x300.jpg 226w, https:\/\/www.horomechanika.lt\/wp-content\/uploads\/2020\/09\/inox-bunkeris-padidintas.jpg 354w\" sizes=\"auto, (max-width: 226px) 100vw, 226px\" \/><\/a><\/td>\n<\/tr>\n<tr>\n<td width=\"301\">INOX tra\u0161\u0173 bunkeris<\/td>\n<td width=\"301\"><a href=\"http:\/\/horomechanika.lt\/wp-content\/uploads\/2020\/09\/inox-bunkeris-standartas.jpg\"><img loading=\"lazy\" decoding=\"async\" class=\"alignnone size-medium wp-image-11346\" src=\"http:\/\/horomechanika.lt\/wp-content\/uploads\/2020\/09\/inox-bunkeris-standartas-300x242.jpg\" alt=\"\" width=\"300\" height=\"242\" srcset=\"https:\/\/www.horomechanika.lt\/wp-content\/uploads\/2020\/09\/inox-bunkeris-standartas-300x242.jpg 300w, https:\/\/www.horomechanika.lt\/wp-content\/uploads\/2020\/09\/inox-bunkeris-standartas.jpg 377w\" sizes=\"auto, (max-width: 300px) 100vw, 300px\" \/><\/a><\/td>\n<\/tr>\n<tr>\n<td width=\"301\">Mikro granul\u0117ms skirtas bunkeris<\/td>\n<td width=\"301\"><a href=\"http:\/\/horomechanika.lt\/wp-content\/uploads\/2020\/09\/mikro-granule-padidintas-bunkeris.jpg\"><img loading=\"lazy\" decoding=\"async\" class=\"alignnone size-medium wp-image-11347\" src=\"http:\/\/horomechanika.lt\/wp-content\/uploads\/2020\/09\/mikro-granule-padidintas-bunkeris-300x136.jpg\" alt=\"\" width=\"300\" height=\"136\" srcset=\"https:\/\/www.horomechanika.lt\/wp-content\/uploads\/2020\/09\/mikro-granule-padidintas-bunkeris-300x136.jpg 300w, https:\/\/www.horomechanika.lt\/wp-content\/uploads\/2020\/09\/mikro-granule-padidintas-bunkeris.jpg 555w\" sizes=\"auto, (max-width: 300px) 100vw, 300px\" \/><\/a><\/td>\n<\/tr>\n<tr>\n<td width=\"301\">Mikro granul\u0117ms skirtas bunkeris<\/td>\n<td width=\"301\"><a href=\"http:\/\/horomechanika.lt\/wp-content\/uploads\/2020\/09\/mikro-granule.jpg\"><img loading=\"lazy\" decoding=\"async\" class=\"alignnone size-medium wp-image-11348\" src=\"http:\/\/horomechanika.lt\/wp-content\/uploads\/2020\/09\/mikro-granule-255x300.jpg\" alt=\"\" width=\"255\" height=\"300\" srcset=\"https:\/\/www.horomechanika.lt\/wp-content\/uploads\/2020\/09\/mikro-granule-255x300.jpg 255w, https:\/\/www.horomechanika.lt\/wp-content\/uploads\/2020\/09\/mikro-granule.jpg 273w\" sizes=\"auto, (max-width: 255px) 100vw, 255px\" \/><\/a><\/td>\n<\/tr>\n<tr>\n<td width=\"301\">Padidintas tra\u0161\u0173 bunkeris<\/td>\n<td width=\"301\"><a href=\"http:\/\/horomechanika.lt\/wp-content\/uploads\/2020\/09\/trasu-padidintas-bunkeris.jpg\"><img loading=\"lazy\" decoding=\"async\" class=\"alignnone size-medium wp-image-11349\" src=\"http:\/\/horomechanika.lt\/wp-content\/uploads\/2020\/09\/trasu-padidintas-bunkeris-300x258.jpg\" alt=\"\" width=\"300\" height=\"258\" srcset=\"https:\/\/www.horomechanika.lt\/wp-content\/uploads\/2020\/09\/trasu-padidintas-bunkeris-300x258.jpg 300w, https:\/\/www.horomechanika.lt\/wp-content\/uploads\/2020\/09\/trasu-padidintas-bunkeris.jpg 446w\" sizes=\"auto, (max-width: 300px) 100vw, 300px\" \/><\/a><\/td>\n<\/tr>\n<tr>\n<td width=\"301\">&nbsp;<\/p>\n<p>Hectar\u0173 skai\u010diuotuvas<\/td>\n<td width=\"301\"><a href=\"http:\/\/horomechanika.lt\/wp-content\/uploads\/2020\/09\/dekarmetre-scaled.jpg\"><img loading=\"lazy\" decoding=\"async\" class=\"alignnone size-medium wp-image-11352\" src=\"http:\/\/horomechanika.lt\/wp-content\/uploads\/2020\/09\/dekarmetre-300x206.jpg\" alt=\"\" width=\"300\" height=\"206\" srcset=\"https:\/\/www.horomechanika.lt\/wp-content\/uploads\/2020\/09\/dekarmetre-300x206.jpg 300w, https:\/\/www.horomechanika.lt\/wp-content\/uploads\/2020\/09\/dekarmetre-scaled-600x413.jpg 600w, https:\/\/www.horomechanika.lt\/wp-content\/uploads\/2020\/09\/dekarmetre-1024x704.jpg 1024w, https:\/\/www.horomechanika.lt\/wp-content\/uploads\/2020\/09\/dekarmetre-768x528.jpg 768w, https:\/\/www.horomechanika.lt\/wp-content\/uploads\/2020\/09\/dekarmetre-1536x1056.jpg 1536w, https:\/\/www.horomechanika.lt\/wp-content\/uploads\/2020\/09\/dekarmetre-2048x1408.jpg 2048w\" sizes=\"auto, (max-width: 300px) 100vw, 300px\" \/><\/a><\/td>\n<\/tr>\n<\/tbody>\n<\/table>\n<p>&nbsp;<\/p>\n<p>Tikslaus s\u0117jimo dvigubo disko KURT s\u0117jamosios<\/p>\n<p><iframe loading=\"lazy\" title=\"Pneumatin\u0117 runkeli\u0173 ir kukur\u016bz\u0173 s\u0117jamoji KURT\" width=\"895\" height=\"503\" src=\"https:\/\/www.youtube.com\/embed\/lkzjPqjoLuY?feature=oembed\" frameborder=\"0\" allow=\"accelerometer; autoplay; clipboard-write; encrypted-media; gyroscope; picture-in-picture\" allowfullscreen><\/iframe><\/p>","protected":false},"excerpt":{"rendered":"<table>\n<tbody>\n<tr>\n<td colspan=\"7\" width=\"601\"><strong>Dvigubo disko sistemos tikslaus s\u0117jimo s\u0117jamosios<\/strong><\/td>\n<\/tr>\n<tr>\n<td width=\"124\"><strong>\u00a0<\/strong><\/td>\n<td colspan=\"3\" width=\"246\">Su tr\u0105\u0161\u0173 \u012fterpimu<\/td>\n<td colspan=\"3\" width=\"231\">Be tr\u0105\u0161\u0173 \u012fterpimo<\/td>\n<\/tr>\n<tr>\n<td width=\"124\"><strong>Eili\u0173 skai\u010dius<\/strong><\/td>\n<td width=\"82\">4<\/td>\n<td width=\"83\">6<\/td>\n<td width=\"81\">9<\/td>\n<td width=\"76\">4<\/td>\n<td width=\"78\">6<\/td>\n<td width=\"76\">9<\/td>\n<\/tr>\n<tr>\n<td width=\"124\"><strong>Plotis <\/strong><\/td>\n<td width=\"82\">3000 mm<\/td>\n<td width=\"83\">4000 mm<\/td>\n<td width=\"81\">5300 mm<\/td>\n<td width=\"76\">3000 mm<\/td>\n<td width=\"78\">4000 mm<\/td>\n<td width=\"76\">5300 mm<\/td>\n<\/tr>\n<tr>\n<td width=\"124\"><strong>Darbinis plotis<\/strong><\/td>\n<td width=\"82\">2800 mm<\/td>\n<td width=\"83\">4200 mm<\/td>\n<td width=\"81\">5600 mm<\/td>\n<td width=\"76\">2800 mm<\/td>\n<td width=\"78\">4200 mm<\/td>\n<td width=\"76\">5600 mm<\/td>\n<\/tr>\n<tr>\n<td width=\"124\"><strong>Auk\u0161tis <\/strong><\/td>\n<td width=\"82\">1500 mm<\/td>\n<td width=\"83\">2.250 mm<\/td>\n<td width=\"81\">2300 mm<\/td>\n<td width=\"76\">1500 mm<\/td>\n<td width=\"78\">2.250 mm<\/td>\n<td width=\"76\">2300 mm<\/td>\n<\/tr>\n<tr>\n<td width=\"124\"><strong>Ilgis \u00a0<\/strong><\/td>\n<td width=\"82\">1800 mm<\/td>\n<td width=\"83\">1.800 mm<\/td>\n<td width=\"81\">1800 mm<\/td>\n<td width=\"76\">1800 mm<\/td>\n<td width=\"78\">1.800 mm<\/td>\n<td width=\"76\">1800 mm<\/td>\n<\/tr>\n<tr>\n<td width=\"124\"><strong>S\u0117kl\u0173 bunkerio talpa <\/strong><\/td>\n<td width=\"82\">4 x 35 ltr<\/td>\n<td width=\"83\">6 x 35 ltr<\/td>\n<td width=\"81\">9 x 35 ltr<\/td>\n<td width=\"76\">4 x 35 ltr<\/td>\n<td width=\"78\">6 x 35 ltr<\/td>\n<td width=\"76\">9 x 35 ltr<\/td>\n<\/tr>\n<tr>\n<td width=\"124\"><strong>Tr\u0105\u0161\u0173 bunkerio talpa <\/strong><\/td>\n<td width=\"82\">2 x 200 ltr<\/td>\n<td width=\"83\">2 x 300 lt<\/td>\n<td width=\"81\">2 x 450 ltr<\/td>\n<td width=\"76\">x<\/td>\n<td width=\"78\">x<\/td>\n<td width=\"76\">x<\/td>\n<\/tr>\n<tr>\n<td width=\"124\"><strong>Padang\u0173 i\u0161matavimai <\/strong><\/td>\n<td width=\"82\">5.00 \u2013 15<\/td>\n<td width=\"83\">5.00 \u2013 15<\/td>\n<td width=\"81\">6.00 \u2013 16<\/td>\n<td width=\"76\">5.00 \u2013 15<\/td>\n<td width=\"78\">5.00 \u2013 15<\/td>\n<td width=\"76\">6.00 \u2013 16<\/td>\n<\/tr>\n<tr>\n<td width=\"124\"><strong>S\u0117jimo disko skyl\u0117s dydis <\/strong><\/td>\n<td width=\"82\">1 \u2013 7 mm<\/td>\n<td width=\"83\">1 \u2013 7 mm<\/td>\n<td width=\"81\">1 \u2013 7 mm<\/td>\n<td width=\"76\">1 \u2013 7 mm<\/td>\n<td width=\"78\">1 \u2013 7 mm<\/td>\n<td width=\"76\">1 \u2013 7 mm<\/td>\n<\/tr>\n<tr>\n<td width=\"124\"><strong>S\u0117jimo greitis<\/strong><\/td>\n<td width=\"82\">5 \u2013 7 km\/h<\/td>\n<td width=\"83\">5 \u2013 7 km\/h<\/td>\n<td width=\"81\">5 \u2013 7 km\/h<\/td>\n<td width=\"76\">5 \u2013 7 km\/h<\/td>\n<td width=\"78\">5 \u2013 7 km\/h<\/td>\n<td width=\"76\">5 \u2013 7 km\/h<\/td>\n<\/tr>\n<tr>\n<td width=\"124\"><strong>S\u0117jimo plotis <\/strong><\/td>\n<td width=\"82\">70 cm<\/td>\n<td width=\"83\">70 cm<\/td>\n<td width=\"81\">70 cm<\/td>\n<td width=\"76\">70 cm<\/td>\n<td width=\"78\">70 cm<\/td>\n<td width=\"76\">70 cm<\/td>\n<\/tr>\n<tr>\n<td width=\"124\"><strong>Nuosavas svoris<\/strong><\/td>\n<td width=\"82\">1180 kg<\/td>\n<td width=\"83\">1.536 kg<\/td>\n<td width=\"81\">2630 kg<\/td>\n<td width=\"76\">996 kg<\/td>\n<td width=\"78\">1345 kg<\/td>\n<td width=\"76\">1750 kg<\/td>\n<\/tr>\n<tr>\n<td width=\"124\"><strong>Reikiama galia <\/strong><\/td>\n<td width=\"82\">80 + AG<\/td>\n<td width=\"83\">110+ AG<\/td>\n<td width=\"81\">130 + AG<\/td>\n<td width=\"76\">70 AG<\/td>\n<td width=\"78\">90 AG<\/td>\n<td width=\"76\">110 AG<\/td>\n<\/tr>\n<\/tbody>\n<\/table>\n<p>&nbsp;<\/p>\n<p>Pneumatin\u0117 tikslaus s\u0117jimo s\u0117jamoji su dvigubu disku; tai s\u0117jamosios, kurios pas\u0117ja s\u0117klas norimais tarpueiliais ir tarpeliais. S\u0117jamosios gaminamos su tr\u0105\u0161\u0173 \u012fterpimu arba be j\u0173. Lengvai sujungiamos su traktoriais naudojant 3 ta\u0161k\u0173 pakabos sistem\u0105. Pneumatin\u0117 s\u0117jamoji su dvigubu disku gali tiksliai pas\u0117ti s\u0117klas, kurios reikia pas\u0117ti pagal vien\u0105 tiksli\u0105 norm\u0105, pavyzd\u017eiui kaip, saul\u0117gr\u0105\u017eas, kukur\u016bzus, avin\u017eirnius, \u017ealiuosius \u017eirnius, melionus, arb\u016bzus, \u017eem\u0117s rie\u0161utus ir kt.<br \/>\nPapildomai; Pagal kliento norus galima pasirinktinai montuoti s\u0117kl\u0173 presavimo aliumininius ratus, elektronin\u0119 valdymo sistem\u0105, mikrogranuli\u0173 tr\u0119\u0161imo sistem\u0105 ir tr\u0105\u0161\u0173 \u012fterpimo diskus. Tr\u0105\u0161\u0173 d\u0117\u017e\u0117s gali b\u016bti gaminamos i\u0161 ner\u016bdijan\u010dio plieno \u201eInox\u201c plieno.<\/p>\n<p>Privalumai<\/p>\n<p>________________________________________<\/p>\n<ul>\n<li>Naujos kartos \u201eMicro Granule\u201c tr\u0105\u0161\u0173 sistema gali b\u016bti pasirinktinai montuojama, prie taip pat \u012fprastai naudojam\u0173 standartini\u0173 tr\u0105\u0161\u0173.<\/li>\n<li>S\u0117jam\u0105sias daugiausia varo kardaninis velenas, ta\u010diau, jei pageidaujama, \u201ehidraulin\u0119 pavar\u0105\u201c taip pat galima sumontuoti.<\/li>\n<li>Sodinimo gyl\u012f galima lengvai reguliuoti su kampini\u0173 reguliuojam\u0173 ratuk\u0173, esan\u010di\u0173 u\u017e sodinimo disk\u0173.<\/li>\n<li>Sodinti galima \u0161alia pastat\u0173, nes \u017eymekliai yra visi\u0161kai sulankstomi.<\/li>\n<li>N\u0117ra s\u0117kl\u0173 patiriam\u0173 nuostoli\u0173, nes sodina tiksliai s\u0117kla po s\u0117klos.<\/li>\n<li>Lengva naudoti ir ilgai tarnaujanti s\u0117jamoji.<\/li>\n<\/ul>","protected":false},"featured_media":11320,"comment_status":"open","ping_status":"closed","template":"","meta":[],"product_cat":[139],"product_tag":[],"class_list":["post-11322","product","type-product","status-publish","has-post-thumbnail","hentry","product_cat-tikslaus-sejimo-sejamosios"],"yoast_head":"<!-- This site is optimized with the Yoast SEO plugin v20.1 - https:\/\/yoast.com\/wordpress\/plugins\/seo\/ -->\n<title>Tikslaus s\u0117jimo dvigubo disko KURT s\u0117jamosios | Horomechanika<\/title>\n<meta name=\"description\" content=\"Tikslaus s\u0117jimo dvigubo disko KURT s\u0117jamosios Horomechanika Tikslaus s\u0117jimo dvigubo disko KURT s\u0117jamosios |\" \/>\n<meta name=\"robots\" content=\"index, follow, max-snippet:-1, max-image-preview:large, max-video-preview:-1\" \/>\n<link rel=\"canonical\" href=\"https:\/\/www.horomechanika.lt\/ru\/product\/tikslaus-sejimo-dvigubo-disko-kurt-sejamosios\/\" \/>\n<meta property=\"og:locale\" content=\"ru_RU\" \/>\n<meta property=\"og:type\" content=\"article\" \/>\n<meta property=\"og:title\" content=\"Tikslaus s\u0117jimo dvigubo disko KURT s\u0117jamosios | Horomechanika\" \/>\n<meta property=\"og:description\" content=\"Tikslaus s\u0117jimo dvigubo disko KURT s\u0117jamosios Horomechanika Tikslaus s\u0117jimo dvigubo disko KURT s\u0117jamosios |\" \/>\n<meta property=\"og:url\" content=\"https:\/\/www.horomechanika.lt\/ru\/product\/tikslaus-sejimo-dvigubo-disko-kurt-sejamosios\/\" \/>\n<meta property=\"og:site_name\" content=\"Horomechanika\" \/>\n<meta property=\"article:publisher\" content=\"https:\/\/www.facebook.com\/UAB-Horo-mechanika-177091812471952\" \/>\n<meta property=\"article:modified_time\" content=\"2022-06-07T13:45:00+00:00\" \/>\n<meta property=\"og:image\" content=\"https:\/\/www.horomechanika.lt\/wp-content\/uploads\/2020\/08\/tikslaus-444.jpg\" \/>\n\t<meta property=\"og:image:width\" content=\"1572\" \/>\n\t<meta property=\"og:image:height\" content=\"1158\" \/>\n\t<meta property=\"og:image:type\" content=\"image\/jpeg\" \/>\n<meta name=\"twitter:card\" content=\"summary_large_image\" \/>\n<script type=\"application\/ld+json\" class=\"yoast-schema-graph\">{\"@context\":\"https:\/\/schema.org\",\"@graph\":[{\"@type\":\"WebPage\",\"@id\":\"https:\/\/www.horomechanika.lt\/product\/tikslaus-sejimo-dvigubo-disko-kurt-sejamosios\/\",\"url\":\"https:\/\/www.horomechanika.lt\/product\/tikslaus-sejimo-dvigubo-disko-kurt-sejamosios\/\",\"name\":\"Tikslaus s\u0117jimo dvigubo disko KURT s\u0117jamosios | Horomechanika\",\"isPartOf\":{\"@id\":\"https:\/\/www.horomechanika.lt\/#website\"},\"datePublished\":\"2020-09-11T09:21:17+00:00\",\"dateModified\":\"2022-06-07T13:45:00+00:00\",\"description\":\"Tikslaus s\u0117jimo dvigubo disko KURT s\u0117jamosios Horomechanika Tikslaus s\u0117jimo dvigubo disko KURT s\u0117jamosios |\",\"breadcrumb\":{\"@id\":\"https:\/\/www.horomechanika.lt\/product\/tikslaus-sejimo-dvigubo-disko-kurt-sejamosios\/#breadcrumb\"},\"inLanguage\":\"ru-RU\",\"potentialAction\":[{\"@type\":\"ReadAction\",\"target\":[\"https:\/\/www.horomechanika.lt\/product\/tikslaus-sejimo-dvigubo-disko-kurt-sejamosios\/\"]}]},{\"@type\":\"BreadcrumbList\",\"@id\":\"https:\/\/www.horomechanika.lt\/product\/tikslaus-sejimo-dvigubo-disko-kurt-sejamosios\/#breadcrumb\",\"itemListElement\":[{\"@type\":\"ListItem\",\"position\":1,\"name\":\"Home\",\"item\":\"https:\/\/www.horomechanika.lt\/\"},{\"@type\":\"ListItem\",\"position\":2,\"name\":\"Shop\",\"item\":\"https:\/\/www.horomechanika.lt\/ru\/shop-2\/\"},{\"@type\":\"ListItem\",\"position\":3,\"name\":\"Tikslaus s\u0117jimo dvigubo disko KURT s\u0117jamosios\"}]},{\"@type\":\"WebSite\",\"@id\":\"https:\/\/www.horomechanika.lt\/#website\",\"url\":\"https:\/\/www.horomechanika.lt\/\",\"name\":\"Horomechanika\",\"description\":\"\u017dem\u0117s \u016akio Technika\",\"publisher\":{\"@id\":\"https:\/\/www.horomechanika.lt\/#organization\"},\"potentialAction\":[{\"@type\":\"SearchAction\",\"target\":{\"@type\":\"EntryPoint\",\"urlTemplate\":\"https:\/\/www.horomechanika.lt\/?s={search_term_string}\"},\"query-input\":\"required name=search_term_string\"}],\"inLanguage\":\"ru-RU\"},{\"@type\":\"Organization\",\"@id\":\"https:\/\/www.horomechanika.lt\/#organization\",\"name\":\"UAB \\\"Horo mechanika\\\"\",\"url\":\"https:\/\/www.horomechanika.lt\/\",\"logo\":{\"@type\":\"ImageObject\",\"inLanguage\":\"ru-RU\",\"@id\":\"https:\/\/www.horomechanika.lt\/#\/schema\/logo\/image\/\",\"url\":\"https:\/\/www.horomechanika.lt\/wp-content\/uploads\/2020\/05\/horomechanika-logo.png\",\"contentUrl\":\"https:\/\/www.horomechanika.lt\/wp-content\/uploads\/2020\/05\/horomechanika-logo.png\",\"width\":137,\"height\":56,\"caption\":\"UAB \\\"Horo mechanika\\\"\"},\"image\":{\"@id\":\"https:\/\/www.horomechanika.lt\/#\/schema\/logo\/image\/\"},\"sameAs\":[\"https:\/\/www.facebook.com\/UAB-Horo-mechanika-177091812471952\"]}]}<\/script>\n<!-- \/ Yoast SEO plugin. -->","yoast_head_json":{"title":"Tikslaus s\u0117jimo dvigubo disko KURT s\u0117jamosios | Horomechanika","description":"Tikslaus s\u0117jimo dvigubo disko KURT s\u0117jamosios Horomechanika Tikslaus s\u0117jimo dvigubo disko KURT s\u0117jamosios |","robots":{"index":"index","follow":"follow","max-snippet":"max-snippet:-1","max-image-preview":"max-image-preview:large","max-video-preview":"max-video-preview:-1"},"canonical":"https:\/\/www.horomechanika.lt\/ru\/product\/tikslaus-sejimo-dvigubo-disko-kurt-sejamosios\/","og_locale":"ru_RU","og_type":"article","og_title":"Tikslaus s\u0117jimo dvigubo disko KURT s\u0117jamosios | Horomechanika","og_description":"Tikslaus s\u0117jimo dvigubo disko KURT s\u0117jamosios Horomechanika Tikslaus s\u0117jimo dvigubo disko KURT s\u0117jamosios |","og_url":"https:\/\/www.horomechanika.lt\/ru\/product\/tikslaus-sejimo-dvigubo-disko-kurt-sejamosios\/","og_site_name":"Horomechanika","article_publisher":"https:\/\/www.facebook.com\/UAB-Horo-mechanika-177091812471952","article_modified_time":"2022-06-07T13:45:00+00:00","og_image":[{"width":1572,"height":1158,"url":"https:\/\/www.horomechanika.lt\/wp-content\/uploads\/2020\/08\/tikslaus-444.jpg","type":"image\/jpeg"}],"twitter_card":"summary_large_image","schema":{"@context":"https:\/\/schema.org","@graph":[{"@type":"WebPage","@id":"https:\/\/www.horomechanika.lt\/product\/tikslaus-sejimo-dvigubo-disko-kurt-sejamosios\/","url":"https:\/\/www.horomechanika.lt\/product\/tikslaus-sejimo-dvigubo-disko-kurt-sejamosios\/","name":"Tikslaus s\u0117jimo dvigubo disko KURT s\u0117jamosios | Horomechanika","isPartOf":{"@id":"https:\/\/www.horomechanika.lt\/#website"},"datePublished":"2020-09-11T09:21:17+00:00","dateModified":"2022-06-07T13:45:00+00:00","description":"Tikslaus s\u0117jimo dvigubo disko KURT s\u0117jamosios Horomechanika Tikslaus s\u0117jimo dvigubo disko KURT s\u0117jamosios |","breadcrumb":{"@id":"https:\/\/www.horomechanika.lt\/product\/tikslaus-sejimo-dvigubo-disko-kurt-sejamosios\/#breadcrumb"},"inLanguage":"ru-RU","potentialAction":[{"@type":"ReadAction","target":["https:\/\/www.horomechanika.lt\/product\/tikslaus-sejimo-dvigubo-disko-kurt-sejamosios\/"]}]},{"@type":"BreadcrumbList","@id":"https:\/\/www.horomechanika.lt\/product\/tikslaus-sejimo-dvigubo-disko-kurt-sejamosios\/#breadcrumb","itemListElement":[{"@type":"ListItem","position":1,"name":"Home","item":"https:\/\/www.horomechanika.lt\/"},{"@type":"ListItem","position":2,"name":"Shop","item":"https:\/\/www.horomechanika.lt\/ru\/shop-2\/"},{"@type":"ListItem","position":3,"name":"Tikslaus s\u0117jimo dvigubo disko KURT s\u0117jamosios"}]},{"@type":"WebSite","@id":"https:\/\/www.horomechanika.lt\/#website","url":"https:\/\/www.horomechanika.lt\/","name":"Horomechanika","description":"\u017dem\u0117s \u016akio Technika","publisher":{"@id":"https:\/\/www.horomechanika.lt\/#organization"},"potentialAction":[{"@type":"SearchAction","target":{"@type":"EntryPoint","urlTemplate":"https:\/\/www.horomechanika.lt\/?s={search_term_string}"},"query-input":"required name=search_term_string"}],"inLanguage":"ru-RU"},{"@type":"Organization","@id":"https:\/\/www.horomechanika.lt\/#organization","name":"UAB \"Horo mechanika\"","url":"https:\/\/www.horomechanika.lt\/","logo":{"@type":"ImageObject","inLanguage":"ru-RU","@id":"https:\/\/www.horomechanika.lt\/#\/schema\/logo\/image\/","url":"https:\/\/www.horomechanika.lt\/wp-content\/uploads\/2020\/05\/horomechanika-logo.png","contentUrl":"https:\/\/www.horomechanika.lt\/wp-content\/uploads\/2020\/05\/horomechanika-logo.png","width":137,"height":56,"caption":"UAB \"Horo mechanika\""},"image":{"@id":"https:\/\/www.horomechanika.lt\/#\/schema\/logo\/image\/"},"sameAs":["https:\/\/www.facebook.com\/UAB-Horo-mechanika-177091812471952"]}]}},"_links":{"self":[{"href":"https:\/\/www.horomechanika.lt\/ru\/wp-json\/wp\/v2\/product\/11322","targetHints":{"allow":["GET"]}}],"collection":[{"href":"https:\/\/www.horomechanika.lt\/ru\/wp-json\/wp\/v2\/product"}],"about":[{"href":"https:\/\/www.horomechanika.lt\/ru\/wp-json\/wp\/v2\/types\/product"}],"replies":[{"embeddable":true,"href":"https:\/\/www.horomechanika.lt\/ru\/wp-json\/wp\/v2\/comments?post=11322"}],"wp:featuredmedia":[{"embeddable":true,"href":"https:\/\/www.horomechanika.lt\/ru\/wp-json\/wp\/v2\/media\/11320"}],"wp:attachment":[{"href":"https:\/\/www.horomechanika.lt\/ru\/wp-json\/wp\/v2\/media?parent=11322"}],"wp:term":[{"taxonomy":"product_cat","embeddable":true,"href":"https:\/\/www.horomechanika.lt\/ru\/wp-json\/wp\/v2\/product_cat?post=11322"},{"taxonomy":"product_tag","embeddable":true,"href":"https:\/\/www.horomechanika.lt\/ru\/wp-json\/wp\/v2\/product_tag?post=11322"}],"curies":[{"name":"wp","href":"https:\/\/api.w.org\/{rel}","templated":true}]}}