{"id":11358,"date":"2020-09-15T08:59:20","date_gmt":"2020-09-15T05:59:20","guid":{"rendered":"http:\/\/horomechanika.lt\/?post_type=product&#038;p=11358"},"modified":"2022-04-11T09:41:49","modified_gmt":"2022-04-11T06:41:49","slug":"tarpueiliu-kultivatorius-kurt","status":"publish","type":"product","link":"https:\/\/www.horomechanika.lt\/ru\/product\/tarpueiliu-kultivatorius-kurt\/","title":{"rendered":"Tarpueili\u0173 kultivatorius KURT"},"content":{"rendered":"<p>&nbsp;<\/p>\n<p>Tarpueili\u0173 kultivatorius skirtas tarpueli\u0173 prie\u017ei\u016brai toms kult\u016broms, kurios yra auginamos eil\u0117mis. Taip pat galima tuo pa\u010diu kultivavimo \u00a0metu \u012fterpti\u00a0 tr\u0105\u0161as, siekiant paspartinti augalo vystym\u0105si. Tarpueilio plotis reguoliuojamas norog\u0173 kiekio ir plo\u010dio pagalba. Dirvos grumstai susmulkinami ir i\u0161lyginami trupinimo \u00a0vol\u0173 pagalba, arba galima vietoj j\u0173 montuoti kaupikus kaupiamosioms kult\u016broms. \u00a0Kiekviena sekcija turi stand\u017ei\u0105 arba plaukiojan\u010di\u0105 funkcij\u0105.<\/p>\n<p>&nbsp;<\/p>","protected":false},"excerpt":{"rendered":"<table>\n<tbody>\n<tr>\n<td colspan=\"9\" width=\"612\"><strong>Tarpueili\u0173 kultivatoriai<\/strong><\/td>\n<\/tr>\n<tr>\n<td width=\"134\"><strong>\u00a0<\/strong><\/td>\n<td colspan=\"4\" width=\"245\">Su tr\u0105\u0161\u0173 \u012fterpimu<\/td>\n<td colspan=\"4\" width=\"234\">Be tr\u0105\u0161\u0173 \u012fterpimo<\/td>\n<\/tr>\n<tr>\n<td width=\"134\"><strong>Eili\u0173 skai\u010dius<\/strong><\/td>\n<td width=\"58\">5<\/td>\n<td width=\"58\">7<\/td>\n<td width=\"69\">9<\/td>\n<td width=\"58\">13<\/td>\n<td width=\"58\">5<\/td>\n<td width=\"58\">7<\/td>\n<td width=\"58\">9<\/td>\n<td width=\"58\">13<\/td>\n<\/tr>\n<tr>\n<td width=\"134\"><strong>Plotis <\/strong><\/td>\n<td width=\"58\">\u00a03000 mm<\/td>\n<td width=\"58\">4500 mm<\/td>\n<td width=\"69\">6000 mm<\/td>\n<td width=\"58\">8900 mm<\/td>\n<td width=\"58\">3000 mm<\/td>\n<td width=\"58\">mm<\/td>\n<td width=\"58\">mm<\/td>\n<td width=\"58\">mm<\/td>\n<\/tr>\n<tr>\n<td width=\"134\"><strong>Darbinis plotis<\/strong><\/td>\n<td width=\"58\">\u00a03500 mm<\/td>\n<td width=\"58\">4900 mm<\/td>\n<td width=\"69\">8300 mm<\/td>\n<td width=\"58\">9100 mm<\/td>\n<td width=\"58\">3500 mm<\/td>\n<td width=\"58\">mm<\/td>\n<td width=\"58\">mm<\/td>\n<td width=\"58\">mm<\/td>\n<\/tr>\n<tr>\n<td width=\"134\"><strong>Auk\u0161tis <\/strong><\/td>\n<td width=\"58\">1450 mm<\/td>\n<td width=\"58\">1450 mm<\/td>\n<td width=\"69\">1450 windows mm<\/td>\n<td width=\"58\">1595 mm<\/td>\n<td width=\"58\">1060 mm<\/td>\n<td width=\"58\">mm<\/td>\n<td width=\"58\">mm<\/td>\n<td width=\"58\">mm<\/td>\n<\/tr>\n<tr>\n<td width=\"134\"><strong>Ilgis \u00a0<\/strong><\/td>\n<td width=\"58\">2310 mm<\/td>\n<td width=\"58\">2310 mm<\/td>\n<td width=\"69\">2310 mm<\/td>\n<td width=\"58\">2520 mm<\/td>\n<td width=\"58\">2220 mm<\/td>\n<td width=\"58\">mm<\/td>\n<td width=\"58\">mm<\/td>\n<td width=\"58\">mm<\/td>\n<\/tr>\n<tr>\n<td width=\"134\"><strong>Tr\u0105\u0161\u0173 bunkerio talpa <\/strong><\/td>\n<td width=\"58\">2 x 200 ltr<\/td>\n<td width=\"58\">2 x 300 lt<\/td>\n<td width=\"69\">2 x 450 ltr<\/td>\n<td width=\"58\">4 x 300 lt<\/td>\n<td width=\"58\">n\u0117ra<\/td>\n<td width=\"58\">n\u0117ra<\/td>\n<td width=\"58\">n\u0117ra<\/td>\n<td width=\"58\">n\u0117ra<\/td>\n<\/tr>\n<tr>\n<td width=\"134\"><strong>Padang\u0173 i\u0161matavimai <\/strong><\/td>\n<td width=\"58\">5.00 \u2013 15<\/td>\n<td width=\"58\">5.00 \u2013 15<\/td>\n<td width=\"69\">6.00 \u2013 16<\/td>\n<td width=\"58\">7.50 \u2013 16<\/td>\n<td width=\"58\">n\u0117ra<\/td>\n<td width=\"58\">n\u0117ra<\/td>\n<td width=\"58\">n\u0117ra<\/td>\n<td width=\"58\">n\u0117ra<\/td>\n<\/tr>\n<tr>\n<td width=\"134\"><strong>Darbinis gylis<\/strong><\/td>\n<td width=\"58\">150 max<\/td>\n<td width=\"58\">150 max<\/td>\n<td width=\"69\">150 max<\/td>\n<td width=\"58\">150 max<\/td>\n<td width=\"58\">150 max<\/td>\n<td width=\"58\">150 max<\/td>\n<td width=\"58\">150 max<\/td>\n<td width=\"58\">150 max<\/td>\n<\/tr>\n<tr>\n<td width=\"134\"><strong>Darbinis greitis<\/strong><\/td>\n<td width=\"58\">5-8 km\/h<\/td>\n<td width=\"58\">5-8 km\/h<\/td>\n<td width=\"69\">5-8 km\/h<\/td>\n<td width=\"58\">5-8 km\/h<\/td>\n<td width=\"58\">5-8 km\/h<\/td>\n<td width=\"58\">5-8 km\/h<\/td>\n<td width=\"58\">5-8 km\/h<\/td>\n<td width=\"58\">5-8 km\/h<\/td>\n<\/tr>\n<tr>\n<td width=\"134\"><strong>Darbiniai tarpueiliai<\/strong><\/td>\n<td width=\"58\">60-75<\/td>\n<td width=\"58\">60-75<\/td>\n<td width=\"69\">60-75<\/td>\n<td width=\"58\">60-75<\/td>\n<td width=\"58\">60-75<\/td>\n<td width=\"58\">60-75<\/td>\n<td width=\"58\">60-75<\/td>\n<td width=\"58\">60-75<\/td>\n<\/tr>\n<tr>\n<td width=\"134\"><strong>Nuosavas svoris<\/strong><\/td>\n<td width=\"58\">820 kg<\/td>\n<td width=\"58\">1140 kg<\/td>\n<td width=\"69\">1584 kg<\/td>\n<td width=\"58\">2800 kg<\/td>\n<td width=\"58\">577\u00a0 kg<\/td>\n<td width=\"58\">802 kg<\/td>\n<td width=\"58\">1295 kg<\/td>\n<td width=\"58\">1600 kg<\/td>\n<\/tr>\n<tr>\n<td width=\"134\"><strong>Nuosavas svoris<\/strong><\/td>\n<td width=\"58\">\u00a0kg<\/td>\n<td width=\"58\">\u00a0kg<\/td>\n<td width=\"69\">\u00a0kg<\/td>\n<td width=\"58\">1750 kg<\/td>\n<td width=\"58\">996 kg<\/td>\n<td width=\"58\">1345 kg<\/td>\n<td width=\"58\">1750 kg<\/td>\n<td width=\"58\">1750 kg<\/td>\n<\/tr>\n<tr>\n<td width=\"134\"><strong>Reikiama galia <\/strong><\/td>\n<td width=\"58\">70 AG<\/td>\n<td width=\"58\">85 AG<\/td>\n<td width=\"69\">100 AG<\/td>\n<td width=\"58\">140 AG<\/td>\n<td width=\"58\">70 AG<\/td>\n<td width=\"58\">90 AG<\/td>\n<td width=\"58\">110 AG<\/td>\n<td width=\"58\">140 AG<\/td>\n<\/tr>\n<\/tbody>\n<\/table>\n<p>&nbsp;<\/p>","protected":false},"featured_media":11370,"comment_status":"open","ping_status":"closed","template":"","meta":[],"product_cat":[132],"product_tag":[],"class_list":["post-11358","product","type-product","status-publish","has-post-thumbnail","hentry","product_cat-kultivatoriai"],"yoast_head":"<!-- This site is optimized with the Yoast SEO plugin v20.1 - https:\/\/yoast.com\/wordpress\/plugins\/seo\/ -->\n<title>Tarpueili\u0173 kultivatorius KURT | Horomechanika<\/title>\n<meta name=\"robots\" content=\"index, follow, max-snippet:-1, max-image-preview:large, max-video-preview:-1\" \/>\n<link rel=\"canonical\" href=\"https:\/\/www.horomechanika.lt\/ru\/product\/tarpueiliu-kultivatorius-kurt\/\" \/>\n<meta property=\"og:locale\" content=\"ru_RU\" \/>\n<meta property=\"og:type\" content=\"article\" \/>\n<meta property=\"og:title\" content=\"Tarpueili\u0173 kultivatorius KURT | Horomechanika\" \/>\n<meta property=\"og:description\" content=\"Tarpueili\u0173 kultivatoriai   \u00a0 Su tr\u0105\u0161\u0173 \u012fterpimu Be tr\u0105\u0161\u0173 \u012fterpimo   Eili\u0173 skai\u010dius 5 7 9 13 5 7 9 13   Plotis  \u00a03000 mm 4500 mm 6000 mm 8900 mm 3000 mm mm mm mm   Darbinis plotis \u00a03500 mm 4900 mm 8300 mm 9100 mm 3500 mm mm mm mm   Auk\u0161tis  1450 mm 1450 mm 1450 windows mm 1595 mm 1060 mm mm mm mm   Ilgis \u00a0 2310 mm 2310 mm 2310 mm 2520 mm 2220 mm mm mm mm   Tr\u0105\u0161\u0173 bunkerio talpa  2 x 200 ltr 2 x 300 lt 2 x 450 ltr 4 x 300 lt n\u0117ra n\u0117ra n\u0117ra n\u0117ra   Padang\u0173 i\u0161matavimai  5.00 \u2013 15 5.00 \u2013 15 6.00 \u2013 16 7.50 \u2013 16 n\u0117ra n\u0117ra n\u0117ra n\u0117ra   Darbinis gylis 150 max 150 max 150 max 150 max 150 max 150 max 150 max 150 max   Darbinis greitis 5-8 km\/h 5-8 km\/h 5-8 km\/h 5-8 km\/h 5-8 km\/h 5-8 km\/h 5-8 km\/h 5-8 km\/h   Darbiniai tarpueiliai 60-75 60-75 60-75 60-75 60-75 60-75 60-75 60-75   Nuosavas svoris 820 kg 1140 kg 1584 kg 2800 kg 577\u00a0 kg 802 kg 1295 kg 1600 kg   Nuosavas svoris \u00a0kg \u00a0kg \u00a0kg 1750 kg 996 kg 1345 kg 1750 kg 1750 kg   Reikiama galia  70 AG 85 AG 100 AG 140 AG 70 AG 90 AG 110 AG 140 AG    &nbsp;\" \/>\n<meta property=\"og:url\" content=\"https:\/\/www.horomechanika.lt\/ru\/product\/tarpueiliu-kultivatorius-kurt\/\" \/>\n<meta property=\"og:site_name\" content=\"Horomechanika\" \/>\n<meta property=\"article:publisher\" content=\"https:\/\/www.facebook.com\/UAB-Horo-mechanika-177091812471952\" \/>\n<meta property=\"article:modified_time\" content=\"2022-04-11T06:41:49+00:00\" \/>\n<meta property=\"og:image\" content=\"https:\/\/www.horomechanika.lt\/wp-content\/uploads\/2020\/09\/kult22223454.jpg\" \/>\n\t<meta property=\"og:image:width\" content=\"1606\" \/>\n\t<meta property=\"og:image:height\" content=\"1252\" \/>\n\t<meta property=\"og:image:type\" content=\"image\/jpeg\" \/>\n<meta name=\"twitter:card\" content=\"summary_large_image\" \/>\n<script type=\"application\/ld+json\" class=\"yoast-schema-graph\">{\"@context\":\"https:\/\/schema.org\",\"@graph\":[{\"@type\":\"WebPage\",\"@id\":\"https:\/\/www.horomechanika.lt\/ru\/product\/tarpueiliu-kultivatorius-kurt\/\",\"url\":\"https:\/\/www.horomechanika.lt\/ru\/product\/tarpueiliu-kultivatorius-kurt\/\",\"name\":\"Tarpueili\u0173 kultivatorius KURT | Horomechanika\",\"isPartOf\":{\"@id\":\"https:\/\/www.horomechanika.lt\/#website\"},\"datePublished\":\"2020-09-15T05:59:20+00:00\",\"dateModified\":\"2022-04-11T06:41:49+00:00\",\"breadcrumb\":{\"@id\":\"https:\/\/www.horomechanika.lt\/ru\/product\/tarpueiliu-kultivatorius-kurt\/#breadcrumb\"},\"inLanguage\":\"ru-RU\",\"potentialAction\":[{\"@type\":\"ReadAction\",\"target\":[\"https:\/\/www.horomechanika.lt\/ru\/product\/tarpueiliu-kultivatorius-kurt\/\"]}]},{\"@type\":\"BreadcrumbList\",\"@id\":\"https:\/\/www.horomechanika.lt\/ru\/product\/tarpueiliu-kultivatorius-kurt\/#breadcrumb\",\"itemListElement\":[{\"@type\":\"ListItem\",\"position\":1,\"name\":\"Home\",\"item\":\"https:\/\/www.horomechanika.lt\/\"},{\"@type\":\"ListItem\",\"position\":2,\"name\":\"Shop\",\"item\":\"https:\/\/www.horomechanika.lt\/ru\/shop-2\/\"},{\"@type\":\"ListItem\",\"position\":3,\"name\":\"Tarpueili\u0173 kultivatorius KURT\"}]},{\"@type\":\"WebSite\",\"@id\":\"https:\/\/www.horomechanika.lt\/#website\",\"url\":\"https:\/\/www.horomechanika.lt\/\",\"name\":\"Horomechanika\",\"description\":\"\u017dem\u0117s \u016akio Technika\",\"publisher\":{\"@id\":\"https:\/\/www.horomechanika.lt\/#organization\"},\"potentialAction\":[{\"@type\":\"SearchAction\",\"target\":{\"@type\":\"EntryPoint\",\"urlTemplate\":\"https:\/\/www.horomechanika.lt\/?s={search_term_string}\"},\"query-input\":\"required name=search_term_string\"}],\"inLanguage\":\"ru-RU\"},{\"@type\":\"Organization\",\"@id\":\"https:\/\/www.horomechanika.lt\/#organization\",\"name\":\"UAB \\\"Horo mechanika\\\"\",\"url\":\"https:\/\/www.horomechanika.lt\/\",\"logo\":{\"@type\":\"ImageObject\",\"inLanguage\":\"ru-RU\",\"@id\":\"https:\/\/www.horomechanika.lt\/#\/schema\/logo\/image\/\",\"url\":\"https:\/\/www.horomechanika.lt\/wp-content\/uploads\/2020\/05\/horomechanika-logo.png\",\"contentUrl\":\"https:\/\/www.horomechanika.lt\/wp-content\/uploads\/2020\/05\/horomechanika-logo.png\",\"width\":137,\"height\":56,\"caption\":\"UAB \\\"Horo mechanika\\\"\"},\"image\":{\"@id\":\"https:\/\/www.horomechanika.lt\/#\/schema\/logo\/image\/\"},\"sameAs\":[\"https:\/\/www.facebook.com\/UAB-Horo-mechanika-177091812471952\"]}]}<\/script>\n<!-- \/ Yoast SEO plugin. -->","yoast_head_json":{"title":"Tarpueili\u0173 kultivatorius KURT | Horomechanika","robots":{"index":"index","follow":"follow","max-snippet":"max-snippet:-1","max-image-preview":"max-image-preview:large","max-video-preview":"max-video-preview:-1"},"canonical":"https:\/\/www.horomechanika.lt\/ru\/product\/tarpueiliu-kultivatorius-kurt\/","og_locale":"ru_RU","og_type":"article","og_title":"Tarpueili\u0173 kultivatorius KURT | Horomechanika","og_description":"Tarpueili\u0173 kultivatoriai   \u00a0 Su tr\u0105\u0161\u0173 \u012fterpimu Be tr\u0105\u0161\u0173 \u012fterpimo   Eili\u0173 skai\u010dius 5 7 9 13 5 7 9 13   Plotis  \u00a03000 mm 4500 mm 6000 mm 8900 mm 3000 mm mm mm mm   Darbinis plotis \u00a03500 mm 4900 mm 8300 mm 9100 mm 3500 mm mm mm mm   Auk\u0161tis  1450 mm 1450 mm 1450 windows mm 1595 mm 1060 mm mm mm mm   Ilgis \u00a0 2310 mm 2310 mm 2310 mm 2520 mm 2220 mm mm mm mm   Tr\u0105\u0161\u0173 bunkerio talpa  2 x 200 ltr 2 x 300 lt 2 x 450 ltr 4 x 300 lt n\u0117ra n\u0117ra n\u0117ra n\u0117ra   Padang\u0173 i\u0161matavimai  5.00 \u2013 15 5.00 \u2013 15 6.00 \u2013 16 7.50 \u2013 16 n\u0117ra n\u0117ra n\u0117ra n\u0117ra   Darbinis gylis 150 max 150 max 150 max 150 max 150 max 150 max 150 max 150 max   Darbinis greitis 5-8 km\/h 5-8 km\/h 5-8 km\/h 5-8 km\/h 5-8 km\/h 5-8 km\/h 5-8 km\/h 5-8 km\/h   Darbiniai tarpueiliai 60-75 60-75 60-75 60-75 60-75 60-75 60-75 60-75   Nuosavas svoris 820 kg 1140 kg 1584 kg 2800 kg 577\u00a0 kg 802 kg 1295 kg 1600 kg   Nuosavas svoris \u00a0kg \u00a0kg \u00a0kg 1750 kg 996 kg 1345 kg 1750 kg 1750 kg   Reikiama galia  70 AG 85 AG 100 AG 140 AG 70 AG 90 AG 110 AG 140 AG    &nbsp;","og_url":"https:\/\/www.horomechanika.lt\/ru\/product\/tarpueiliu-kultivatorius-kurt\/","og_site_name":"Horomechanika","article_publisher":"https:\/\/www.facebook.com\/UAB-Horo-mechanika-177091812471952","article_modified_time":"2022-04-11T06:41:49+00:00","og_image":[{"width":1606,"height":1252,"url":"https:\/\/www.horomechanika.lt\/wp-content\/uploads\/2020\/09\/kult22223454.jpg","type":"image\/jpeg"}],"twitter_card":"summary_large_image","schema":{"@context":"https:\/\/schema.org","@graph":[{"@type":"WebPage","@id":"https:\/\/www.horomechanika.lt\/ru\/product\/tarpueiliu-kultivatorius-kurt\/","url":"https:\/\/www.horomechanika.lt\/ru\/product\/tarpueiliu-kultivatorius-kurt\/","name":"Tarpueili\u0173 kultivatorius KURT | Horomechanika","isPartOf":{"@id":"https:\/\/www.horomechanika.lt\/#website"},"datePublished":"2020-09-15T05:59:20+00:00","dateModified":"2022-04-11T06:41:49+00:00","breadcrumb":{"@id":"https:\/\/www.horomechanika.lt\/ru\/product\/tarpueiliu-kultivatorius-kurt\/#breadcrumb"},"inLanguage":"ru-RU","potentialAction":[{"@type":"ReadAction","target":["https:\/\/www.horomechanika.lt\/ru\/product\/tarpueiliu-kultivatorius-kurt\/"]}]},{"@type":"BreadcrumbList","@id":"https:\/\/www.horomechanika.lt\/ru\/product\/tarpueiliu-kultivatorius-kurt\/#breadcrumb","itemListElement":[{"@type":"ListItem","position":1,"name":"Home","item":"https:\/\/www.horomechanika.lt\/"},{"@type":"ListItem","position":2,"name":"Shop","item":"https:\/\/www.horomechanika.lt\/ru\/shop-2\/"},{"@type":"ListItem","position":3,"name":"Tarpueili\u0173 kultivatorius KURT"}]},{"@type":"WebSite","@id":"https:\/\/www.horomechanika.lt\/#website","url":"https:\/\/www.horomechanika.lt\/","name":"Horomechanika","description":"\u017dem\u0117s \u016akio Technika","publisher":{"@id":"https:\/\/www.horomechanika.lt\/#organization"},"potentialAction":[{"@type":"SearchAction","target":{"@type":"EntryPoint","urlTemplate":"https:\/\/www.horomechanika.lt\/?s={search_term_string}"},"query-input":"required name=search_term_string"}],"inLanguage":"ru-RU"},{"@type":"Organization","@id":"https:\/\/www.horomechanika.lt\/#organization","name":"UAB \"Horo mechanika\"","url":"https:\/\/www.horomechanika.lt\/","logo":{"@type":"ImageObject","inLanguage":"ru-RU","@id":"https:\/\/www.horomechanika.lt\/#\/schema\/logo\/image\/","url":"https:\/\/www.horomechanika.lt\/wp-content\/uploads\/2020\/05\/horomechanika-logo.png","contentUrl":"https:\/\/www.horomechanika.lt\/wp-content\/uploads\/2020\/05\/horomechanika-logo.png","width":137,"height":56,"caption":"UAB \"Horo mechanika\""},"image":{"@id":"https:\/\/www.horomechanika.lt\/#\/schema\/logo\/image\/"},"sameAs":["https:\/\/www.facebook.com\/UAB-Horo-mechanika-177091812471952"]}]}},"_links":{"self":[{"href":"https:\/\/www.horomechanika.lt\/ru\/wp-json\/wp\/v2\/product\/11358","targetHints":{"allow":["GET"]}}],"collection":[{"href":"https:\/\/www.horomechanika.lt\/ru\/wp-json\/wp\/v2\/product"}],"about":[{"href":"https:\/\/www.horomechanika.lt\/ru\/wp-json\/wp\/v2\/types\/product"}],"replies":[{"embeddable":true,"href":"https:\/\/www.horomechanika.lt\/ru\/wp-json\/wp\/v2\/comments?post=11358"}],"wp:featuredmedia":[{"embeddable":true,"href":"https:\/\/www.horomechanika.lt\/ru\/wp-json\/wp\/v2\/media\/11370"}],"wp:attachment":[{"href":"https:\/\/www.horomechanika.lt\/ru\/wp-json\/wp\/v2\/media?parent=11358"}],"wp:term":[{"taxonomy":"product_cat","embeddable":true,"href":"https:\/\/www.horomechanika.lt\/ru\/wp-json\/wp\/v2\/product_cat?post=11358"},{"taxonomy":"product_tag","embeddable":true,"href":"https:\/\/www.horomechanika.lt\/ru\/wp-json\/wp\/v2\/product_tag?post=11358"}],"curies":[{"name":"wp","href":"https:\/\/api.w.org\/{rel}","templated":true}]}}