{"id":11423,"date":"2020-09-15T16:13:35","date_gmt":"2020-09-15T13:13:35","guid":{"rendered":"http:\/\/horomechanika.lt\/?post_type=product&#038;p=11423"},"modified":"2021-02-12T16:14:34","modified_gmt":"2021-02-12T13:14:34","slug":"frontalinis-krautuvas-sonarol-snr-500-nuo-120-200-ag","status":"publish","type":"product","link":"https:\/\/www.horomechanika.lt\/ru\/product\/frontalinis-krautuvas-sonarol-snr-500-nuo-120-200-ag\/","title":{"rendered":"FRONTALINIS KRAUTUVAS SONAROL SNR 500 NUO 120 \u2013 200 AG"},"content":{"rendered":"<h3>Frontalinis krautuvas skirtas \u017eem\u0117s \u016bkio produkt\u0173, m\u0117\u0161lo, biri\u0173 med\u017eiag\u0173, \u0161ienainiui, palet\u0117ms pakrauti ir i\u0161krauti bei transportavimo darbams \u016bkyje.<\/h3>\n<ul>\n<li>Str\u0117l\u0117s pagamintos naudojant dvigubo \u201eC\u201c metod\u0105, su storomis sienel\u0117mis ir papildomomis sustiprinimo detal\u0117mis, kas u\u017etikrina papildom\u0105 \u201estandum\u0105\u201c.<\/li>\n<li>Tinkamai suprojektuota atramin\u0117 konstrukcija u\u017etikrina optimali\u0105 frontalinio krautuvo svorio centro pad\u0117t\u012f, kas padidina darbo patogum\u0105 ir suma\u017eina traktoriaus priekin\u0117s a\u0161ies apkrov\u0105.<\/li>\n<li>Optimalus surinkimo ir i\u0161pylimo kampas, tikslus lyginimas, lengvas ir greitas hidraulini\u0173 \u017earn\u0173 ir savaime u\u017erakinam\u0173 \u012franki\u0173 tvirtinimo r\u0117mas u\u017etikrina darbo greit\u012f ir efektyvum\u0105.<\/li>\n<li>Elektriniu b\u016bdu \u012fjungiamas (su mygtuku, esan\u010diu manipuliatoriuje) amortizatorius suma\u017eina vibracij\u0105, kas padidina komfort\u0105 ir pailgina krautuvo tarnavimo laik\u0105.<\/li>\n<li>Krautuvas valdomas su elektrohidrauliniu valdymo bloku (hidraulinis skirstytuvas &#8211; manipuliatorius), naudojant \u201eBowden\u201c kabelius &#8211; suteikia didesn\u012f darbo komfort\u0105 ir leid\u017eia valdyti tris hidraulines sekcijas (pasirinktinai keturias sekcijas). Netaikoma \u0141C SNR 100L modeliui.<\/li>\n<\/ul>","protected":false},"excerpt":{"rendered":"<table border=\"1\" cellspacing=\"0\" cellpadding=\"0\">\n<tbody>\n<tr>\n<td valign=\"top\" width=\"283\">\n<p align=\"center\">Keliamoji galia<\/p>\n<\/td>\n<td valign=\"top\" width=\"211\">\n<p align=\"center\">kg<\/p>\n<\/td>\n<td valign=\"top\" width=\"186\">\n<p align=\"center\">1800<\/p>\n<\/td>\n<\/tr>\n<tr>\n<td valign=\"top\" width=\"283\">\n<p align=\"center\">Darbiniu cilindru eiga<\/p>\n<\/td>\n<td valign=\"top\" width=\"211\">\n<p align=\"center\">mm<\/p>\n<\/td>\n<td valign=\"top\" width=\"186\">\n<p align=\"center\">80\/80<\/p>\n<\/td>\n<\/tr>\n<tr>\n<td valign=\"top\" width=\"283\">\n<p align=\"center\">K\u0117limo auk\u0161tis (A)<\/p>\n<\/td>\n<td valign=\"top\" width=\"211\">\n<p align=\"center\">mm<\/p>\n<\/td>\n<td valign=\"top\" width=\"186\">\n<p align=\"center\">3700<\/p>\n<\/td>\n<\/tr>\n<tr>\n<td valign=\"top\" width=\"283\">\n<p align=\"center\">K\u0117limo auk\u0161tis (B)<\/p>\n<\/td>\n<td valign=\"top\" width=\"211\">\n<p align=\"center\">mm<\/p>\n<\/td>\n<td valign=\"top\" width=\"186\">\n<p align=\"center\">3400<\/p>\n<\/td>\n<\/tr>\n<tr>\n<td valign=\"top\" width=\"283\">\n<p align=\"center\">Kasimo gylis (C)<\/p>\n<\/td>\n<td valign=\"top\" width=\"211\">\n<p align=\"center\">mm<\/p>\n<\/td>\n<td valign=\"top\" width=\"186\">\n<p align=\"center\">200<\/p>\n<\/td>\n<\/tr>\n<tr>\n<td valign=\"top\" width=\"283\">\n<p align=\"center\">Kau\u0161o u\u017evertimo \u2013 nuleidimo kampas (D)<\/p>\n<\/td>\n<td valign=\"top\" width=\"211\">\n<p align=\"center\">\u00b0<\/p>\n<\/td>\n<td valign=\"top\" width=\"186\">\n<p align=\"center\">45<\/p>\n<\/td>\n<\/tr>\n<tr>\n<td valign=\"top\" width=\"283\">\n<p align=\"center\">Kau\u0161o u\u017evertimo \u2013 nuleidimo kampas (E)<\/p>\n<\/td>\n<td valign=\"top\" width=\"211\">\n<p align=\"center\">\u00b0<\/p>\n<\/td>\n<td valign=\"top\" width=\"186\">\n<p align=\"center\">57<\/p>\n<\/td>\n<\/tr>\n<tr>\n<td valign=\"top\" width=\"283\">\n<p align=\"center\">Kau\u0161o u\u017evertimo \u2013 nuleidimo kampas (F)<\/p>\n<\/td>\n<td valign=\"top\" width=\"211\">\n<p align=\"center\">\u00b0<\/p>\n<\/td>\n<td valign=\"top\" width=\"186\">\n<p align=\"center\">65<\/p>\n<\/td>\n<\/tr>\n<tr>\n<td valign=\"top\" width=\"283\">\n<p align=\"center\">Kau\u0161o u\u017evertimo \u2013 nuleidimo kampas (G)<\/p>\n<\/td>\n<td valign=\"top\" width=\"211\">\n<p align=\"center\">\u00b0<\/p>\n<\/td>\n<td valign=\"top\" width=\"186\">\n<p align=\"center\">95<\/p>\n<\/td>\n<\/tr>\n<tr>\n<td valign=\"top\" width=\"283\">\n<p align=\"center\">Krautuvo nuosava svoris<\/p>\n<\/td>\n<td valign=\"top\" width=\"211\">\n<p align=\"center\">kg<\/p>\n<\/td>\n<td valign=\"top\" width=\"186\">\n<p align=\"center\">560<\/p>\n<\/td>\n<\/tr>\n<tr>\n<td valign=\"top\" width=\"283\">\n<p align=\"center\">Valdymo svirtis<\/p>\n<\/td>\n<td valign=\"top\" width=\"211\">\n<p align=\"center\">&#8211;<\/p>\n<\/td>\n<td valign=\"top\" width=\"186\">\n<p align=\"center\">Standarte<\/p>\n<\/td>\n<\/tr>\n<tr>\n<td valign=\"top\" width=\"283\">\n<p align=\"center\">Euro padargu prikabinimas<\/p>\n<\/td>\n<td valign=\"top\" width=\"211\">\n<p align=\"center\">&#8211;<\/p>\n<\/td>\n<td valign=\"top\" width=\"186\">\n<p align=\"center\">Standarte<\/p>\n<\/td>\n<\/tr>\n<tr>\n<td valign=\"top\" width=\"283\">\n<p align=\"center\">Hidraulin\u0117 amortizacija<\/p>\n<\/td>\n<td valign=\"top\" width=\"211\">\n<p align=\"center\">&#8211;<\/p>\n<\/td>\n<td valign=\"top\" width=\"186\">\n<p align=\"center\">Standarte<\/p>\n<\/td>\n<\/tr>\n<\/tbody>\n<\/table>","protected":false},"featured_media":12569,"comment_status":"open","ping_status":"closed","template":"","meta":[],"product_cat":[108],"product_tag":[],"class_list":["post-11423","product","type-product","status-publish","has-post-thumbnail","hentry","product_cat-frontaliniai-krautuvai"],"yoast_head":"<!-- This site is optimized with the Yoast SEO plugin v20.1 - https:\/\/yoast.com\/wordpress\/plugins\/seo\/ -->\n<title>FRONTALINIS KRAUTUVAS SONAROL SNR 500 NUO 120 \u2013 200 AG | Horomechanika<\/title>\n<meta name=\"robots\" content=\"index, follow, max-snippet:-1, max-image-preview:large, max-video-preview:-1\" \/>\n<link rel=\"canonical\" href=\"https:\/\/www.horomechanika.lt\/ru\/product\/frontalinis-krautuvas-sonarol-snr-500-nuo-120-200-ag\/\" \/>\n<meta property=\"og:locale\" content=\"ru_RU\" \/>\n<meta property=\"og:type\" content=\"article\" \/>\n<meta property=\"og:title\" content=\"FRONTALINIS KRAUTUVAS SONAROL SNR 500 NUO 120 \u2013 200 AG | Horomechanika\" \/>\n<meta property=\"og:description\" content=\"Keliamoji galia   kg   1800     Darbiniu cilindru eiga   mm   80\/80     K\u0117limo auk\u0161tis (A)   mm   3700     K\u0117limo auk\u0161tis (B)   mm   3400     Kasimo gylis (C)   mm   200     Kau\u0161o u\u017evertimo \u2013 nuleidimo kampas (D)   \u00b0   45     Kau\u0161o u\u017evertimo \u2013 nuleidimo kampas (E)   \u00b0   57     Kau\u0161o u\u017evertimo \u2013 nuleidimo kampas (F)   \u00b0   65     Kau\u0161o u\u017evertimo \u2013 nuleidimo kampas (G)   \u00b0   95     Krautuvo nuosava svoris   kg   560     Valdymo svirtis   -   Standarte     Euro padargu prikabinimas   -   Standarte     Hidraulin\u0117 amortizacija   -   Standarte\" \/>\n<meta property=\"og:url\" content=\"https:\/\/www.horomechanika.lt\/ru\/product\/frontalinis-krautuvas-sonarol-snr-500-nuo-120-200-ag\/\" \/>\n<meta property=\"og:site_name\" content=\"Horomechanika\" \/>\n<meta property=\"article:publisher\" content=\"https:\/\/www.facebook.com\/UAB-Horo-mechanika-177091812471952\" \/>\n<meta property=\"article:modified_time\" content=\"2021-02-12T13:14:34+00:00\" \/>\n<meta property=\"og:image\" content=\"https:\/\/www.horomechanika.lt\/wp-content\/uploads\/2020\/09\/imageedit_4_4911413154.png\" \/>\n\t<meta property=\"og:image:width\" content=\"600\" \/>\n\t<meta property=\"og:image:height\" content=\"620\" \/>\n\t<meta property=\"og:image:type\" content=\"image\/png\" \/>\n<meta name=\"twitter:card\" content=\"summary_large_image\" \/>\n<meta name=\"twitter:label1\" content=\"\u041f\u0440\u0438\u043c\u0435\u0440\u043d\u043e\u0435 \u0432\u0440\u0435\u043c\u044f \u0434\u043b\u044f \u0447\u0442\u0435\u043d\u0438\u044f\" \/>\n\t<meta name=\"twitter:data1\" content=\"1 \u043c\u0438\u043d\u0443\u0442\u0430\" \/>\n<script type=\"application\/ld+json\" class=\"yoast-schema-graph\">{\"@context\":\"https:\/\/schema.org\",\"@graph\":[{\"@type\":\"WebPage\",\"@id\":\"https:\/\/www.horomechanika.lt\/product\/frontalinis-krautuvas-sonarol-snr-500-nuo-120-200-ag\/\",\"url\":\"https:\/\/www.horomechanika.lt\/product\/frontalinis-krautuvas-sonarol-snr-500-nuo-120-200-ag\/\",\"name\":\"FRONTALINIS KRAUTUVAS SONAROL SNR 500 NUO 120 \u2013 200 AG | Horomechanika\",\"isPartOf\":{\"@id\":\"https:\/\/www.horomechanika.lt\/#website\"},\"datePublished\":\"2020-09-15T13:13:35+00:00\",\"dateModified\":\"2021-02-12T13:14:34+00:00\",\"breadcrumb\":{\"@id\":\"https:\/\/www.horomechanika.lt\/product\/frontalinis-krautuvas-sonarol-snr-500-nuo-120-200-ag\/#breadcrumb\"},\"inLanguage\":\"ru-RU\",\"potentialAction\":[{\"@type\":\"ReadAction\",\"target\":[\"https:\/\/www.horomechanika.lt\/product\/frontalinis-krautuvas-sonarol-snr-500-nuo-120-200-ag\/\"]}]},{\"@type\":\"BreadcrumbList\",\"@id\":\"https:\/\/www.horomechanika.lt\/product\/frontalinis-krautuvas-sonarol-snr-500-nuo-120-200-ag\/#breadcrumb\",\"itemListElement\":[{\"@type\":\"ListItem\",\"position\":1,\"name\":\"Home\",\"item\":\"https:\/\/www.horomechanika.lt\/\"},{\"@type\":\"ListItem\",\"position\":2,\"name\":\"Shop\",\"item\":\"https:\/\/www.horomechanika.lt\/ru\/shop-2\/\"},{\"@type\":\"ListItem\",\"position\":3,\"name\":\"FRONTALINIS KRAUTUVAS SONAROL SNR 500 NUO 120 \u2013 200 AG\"}]},{\"@type\":\"WebSite\",\"@id\":\"https:\/\/www.horomechanika.lt\/#website\",\"url\":\"https:\/\/www.horomechanika.lt\/\",\"name\":\"Horomechanika\",\"description\":\"\u017dem\u0117s \u016akio Technika\",\"publisher\":{\"@id\":\"https:\/\/www.horomechanika.lt\/#organization\"},\"potentialAction\":[{\"@type\":\"SearchAction\",\"target\":{\"@type\":\"EntryPoint\",\"urlTemplate\":\"https:\/\/www.horomechanika.lt\/?s={search_term_string}\"},\"query-input\":\"required name=search_term_string\"}],\"inLanguage\":\"ru-RU\"},{\"@type\":\"Organization\",\"@id\":\"https:\/\/www.horomechanika.lt\/#organization\",\"name\":\"UAB \\\"Horo mechanika\\\"\",\"url\":\"https:\/\/www.horomechanika.lt\/\",\"logo\":{\"@type\":\"ImageObject\",\"inLanguage\":\"ru-RU\",\"@id\":\"https:\/\/www.horomechanika.lt\/#\/schema\/logo\/image\/\",\"url\":\"https:\/\/www.horomechanika.lt\/wp-content\/uploads\/2020\/05\/horomechanika-logo.png\",\"contentUrl\":\"https:\/\/www.horomechanika.lt\/wp-content\/uploads\/2020\/05\/horomechanika-logo.png\",\"width\":137,\"height\":56,\"caption\":\"UAB \\\"Horo mechanika\\\"\"},\"image\":{\"@id\":\"https:\/\/www.horomechanika.lt\/#\/schema\/logo\/image\/\"},\"sameAs\":[\"https:\/\/www.facebook.com\/UAB-Horo-mechanika-177091812471952\"]}]}<\/script>\n<!-- \/ Yoast SEO plugin. -->","yoast_head_json":{"title":"FRONTALINIS KRAUTUVAS SONAROL SNR 500 NUO 120 \u2013 200 AG | Horomechanika","robots":{"index":"index","follow":"follow","max-snippet":"max-snippet:-1","max-image-preview":"max-image-preview:large","max-video-preview":"max-video-preview:-1"},"canonical":"https:\/\/www.horomechanika.lt\/ru\/product\/frontalinis-krautuvas-sonarol-snr-500-nuo-120-200-ag\/","og_locale":"ru_RU","og_type":"article","og_title":"FRONTALINIS KRAUTUVAS SONAROL SNR 500 NUO 120 \u2013 200 AG | Horomechanika","og_description":"Keliamoji galia   kg   1800     Darbiniu cilindru eiga   mm   80\/80     K\u0117limo auk\u0161tis (A)   mm   3700     K\u0117limo auk\u0161tis (B)   mm   3400     Kasimo gylis (C)   mm   200     Kau\u0161o u\u017evertimo \u2013 nuleidimo kampas (D)   \u00b0   45     Kau\u0161o u\u017evertimo \u2013 nuleidimo kampas (E)   \u00b0   57     Kau\u0161o u\u017evertimo \u2013 nuleidimo kampas (F)   \u00b0   65     Kau\u0161o u\u017evertimo \u2013 nuleidimo kampas (G)   \u00b0   95     Krautuvo nuosava svoris   kg   560     Valdymo svirtis   -   Standarte     Euro padargu prikabinimas   -   Standarte     Hidraulin\u0117 amortizacija   -   Standarte","og_url":"https:\/\/www.horomechanika.lt\/ru\/product\/frontalinis-krautuvas-sonarol-snr-500-nuo-120-200-ag\/","og_site_name":"Horomechanika","article_publisher":"https:\/\/www.facebook.com\/UAB-Horo-mechanika-177091812471952","article_modified_time":"2021-02-12T13:14:34+00:00","og_image":[{"width":600,"height":620,"url":"https:\/\/www.horomechanika.lt\/wp-content\/uploads\/2020\/09\/imageedit_4_4911413154.png","type":"image\/png"}],"twitter_card":"summary_large_image","twitter_misc":{"\u041f\u0440\u0438\u043c\u0435\u0440\u043d\u043e\u0435 \u0432\u0440\u0435\u043c\u044f \u0434\u043b\u044f \u0447\u0442\u0435\u043d\u0438\u044f":"1 \u043c\u0438\u043d\u0443\u0442\u0430"},"schema":{"@context":"https:\/\/schema.org","@graph":[{"@type":"WebPage","@id":"https:\/\/www.horomechanika.lt\/product\/frontalinis-krautuvas-sonarol-snr-500-nuo-120-200-ag\/","url":"https:\/\/www.horomechanika.lt\/product\/frontalinis-krautuvas-sonarol-snr-500-nuo-120-200-ag\/","name":"FRONTALINIS KRAUTUVAS SONAROL SNR 500 NUO 120 \u2013 200 AG | Horomechanika","isPartOf":{"@id":"https:\/\/www.horomechanika.lt\/#website"},"datePublished":"2020-09-15T13:13:35+00:00","dateModified":"2021-02-12T13:14:34+00:00","breadcrumb":{"@id":"https:\/\/www.horomechanika.lt\/product\/frontalinis-krautuvas-sonarol-snr-500-nuo-120-200-ag\/#breadcrumb"},"inLanguage":"ru-RU","potentialAction":[{"@type":"ReadAction","target":["https:\/\/www.horomechanika.lt\/product\/frontalinis-krautuvas-sonarol-snr-500-nuo-120-200-ag\/"]}]},{"@type":"BreadcrumbList","@id":"https:\/\/www.horomechanika.lt\/product\/frontalinis-krautuvas-sonarol-snr-500-nuo-120-200-ag\/#breadcrumb","itemListElement":[{"@type":"ListItem","position":1,"name":"Home","item":"https:\/\/www.horomechanika.lt\/"},{"@type":"ListItem","position":2,"name":"Shop","item":"https:\/\/www.horomechanika.lt\/ru\/shop-2\/"},{"@type":"ListItem","position":3,"name":"FRONTALINIS KRAUTUVAS SONAROL SNR 500 NUO 120 \u2013 200 AG"}]},{"@type":"WebSite","@id":"https:\/\/www.horomechanika.lt\/#website","url":"https:\/\/www.horomechanika.lt\/","name":"Horomechanika","description":"\u017dem\u0117s \u016akio Technika","publisher":{"@id":"https:\/\/www.horomechanika.lt\/#organization"},"potentialAction":[{"@type":"SearchAction","target":{"@type":"EntryPoint","urlTemplate":"https:\/\/www.horomechanika.lt\/?s={search_term_string}"},"query-input":"required name=search_term_string"}],"inLanguage":"ru-RU"},{"@type":"Organization","@id":"https:\/\/www.horomechanika.lt\/#organization","name":"UAB \"Horo mechanika\"","url":"https:\/\/www.horomechanika.lt\/","logo":{"@type":"ImageObject","inLanguage":"ru-RU","@id":"https:\/\/www.horomechanika.lt\/#\/schema\/logo\/image\/","url":"https:\/\/www.horomechanika.lt\/wp-content\/uploads\/2020\/05\/horomechanika-logo.png","contentUrl":"https:\/\/www.horomechanika.lt\/wp-content\/uploads\/2020\/05\/horomechanika-logo.png","width":137,"height":56,"caption":"UAB \"Horo mechanika\""},"image":{"@id":"https:\/\/www.horomechanika.lt\/#\/schema\/logo\/image\/"},"sameAs":["https:\/\/www.facebook.com\/UAB-Horo-mechanika-177091812471952"]}]}},"_links":{"self":[{"href":"https:\/\/www.horomechanika.lt\/ru\/wp-json\/wp\/v2\/product\/11423","targetHints":{"allow":["GET"]}}],"collection":[{"href":"https:\/\/www.horomechanika.lt\/ru\/wp-json\/wp\/v2\/product"}],"about":[{"href":"https:\/\/www.horomechanika.lt\/ru\/wp-json\/wp\/v2\/types\/product"}],"replies":[{"embeddable":true,"href":"https:\/\/www.horomechanika.lt\/ru\/wp-json\/wp\/v2\/comments?post=11423"}],"wp:featuredmedia":[{"embeddable":true,"href":"https:\/\/www.horomechanika.lt\/ru\/wp-json\/wp\/v2\/media\/12569"}],"wp:attachment":[{"href":"https:\/\/www.horomechanika.lt\/ru\/wp-json\/wp\/v2\/media?parent=11423"}],"wp:term":[{"taxonomy":"product_cat","embeddable":true,"href":"https:\/\/www.horomechanika.lt\/ru\/wp-json\/wp\/v2\/product_cat?post=11423"},{"taxonomy":"product_tag","embeddable":true,"href":"https:\/\/www.horomechanika.lt\/ru\/wp-json\/wp\/v2\/product_tag?post=11423"}],"curies":[{"name":"wp","href":"https:\/\/api.w.org\/{rel}","templated":true}]}}