{"id":11455,"date":"2020-09-16T16:20:44","date_gmt":"2020-09-16T13:20:44","guid":{"rendered":"http:\/\/horomechanika.lt\/?post_type=product&#038;p=11455"},"modified":"2022-05-11T09:08:15","modified_gmt":"2022-05-11T06:08:15","slug":"rulonu-griebtuvas-cbe","status":"publish","type":"product","link":"https:\/\/www.horomechanika.lt\/ru\/product\/rulonu-griebtuvas-cbe\/","title":{"rendered":"Rulon\u0173 griebtuvas CBE 1500"},"content":{"rendered":"<h3>Ekonomi\u0161kas rulon\u0173 griebtuvas CBE SNR 1500\/1 pritaikytas darbui su frontaliniais krautuvais.<\/h3>\n<ul>\n<li>Jame yra vienas efektyvus cilindro mechanizmas.<\/li>\n<li>Str\u0117li\u0173 u\u017edarymo ir atidarymo procesas vyksta skirtingu grei\u010diu, leid\u017eian\u010diu griebtuvui i\u0161va\u017eiuoti i\u0161 rulon\u0173 kr\u016bvos, nepa\u017eeid\u017eiant prie jo esan\u010di\u0173 rulon\u0173.<\/li>\n<li>Griebtuvas tinka vis\u0173 tip\u0173 nuo 0,90 m iki 1,55 m skersmens ir iki 700 kg svorio rulonams.<\/li>\n<li>Visa konstrukcija yra pagaminta i\u0161 didelio stiprumo plieno, apdorota \u0161ratasrau\u010diu ir apsaugota milteliniu b\u016bdu da\u017eomu sluoksniu, kuris u\u017etikrina didesn\u012f atsparum\u0105 atmosferos veiksniams.<\/li>\n<li>Str\u0117l\u0117s, i\u0161lenktos i\u0161 vamzd\u017eio, kurio skersmuo didesnis kaip 60 mm, o sienel\u0117s storis didesnis nei 2,9 mm, u\u017etikrina naudojimo ilgaam\u017ei\u0161kum\u0105 ir patikim\u0105 rulono suspaudim\u0105.<\/li>\n<li>I\u0161 C45 konstrukcinio plieno pagaminti galvanizuoti kai\u0161\u010diai ir \u012fvor\u0117s yra atspar\u016bs trin\u010diai.<\/li>\n<li>\u201eSonarol\u201c \u012fmon\u0117je geriausi\u0173 specialist\u0173 naudojamos i\u0161 Europos gamintoj\u0173 komponent\u0173 gaminamos hidraulin\u0117s \u017earnos u\u017etikrina auk\u0161t\u0105 kokyb\u0119 ir patikimum\u0105 ir gali b\u016bti pritaikytos individualiems poreikiams. Be to, laidai gali b\u016bti pritaikyti individualiems kliento poreikiams.<\/li>\n<li>Visi griebtuvo str\u0117l\u0117s pavir\u0161iai yra lyg\u016bs ir garantuoja saug\u0173 transportavim\u0105 nepa\u017eeid\u017eiant rulon\u0173 pl\u0117vel\u0117s.<\/li>\n<\/ul>\n<p><strong>Standartinis tvirtinimas:<\/strong><\/p>\n<ul>\n<li>EURO ir SMS<\/li>\n<\/ul>\n<p>&nbsp;<\/p>\n<p><!--more--><\/p>","protected":false},"excerpt":{"rendered":"<table>\n<tbody>\n<tr>\n<td colspan=\"3\" width=\"451\">\n<p style=\"text-align: center;\">Rulon\u0173 griebtuvas CBE SNR 1500<\/p>\n<\/td>\n<\/tr>\n<tr>\n<td width=\"150\"><\/td>\n<td width=\"150\">\n<p style=\"text-align: center;\">Mato vnt.<\/p>\n<\/td>\n<td style=\"text-align: center;\" width=\"150\">Reik\u0161m\u0117<\/td>\n<\/tr>\n<tr>\n<td width=\"150\">\n<p style=\"text-align: center;\">Plotis<\/p>\n<\/td>\n<td style=\"text-align: center;\" width=\"150\">Mm<\/td>\n<td width=\"150\">\n<p style=\"text-align: center;\">1550<\/p>\n<\/td>\n<\/tr>\n<tr>\n<td width=\"150\">\n<p style=\"text-align: center;\">Apkrova<\/p>\n<\/td>\n<td style=\"text-align: center;\" width=\"150\">Kg<\/td>\n<td width=\"150\">\n<p style=\"text-align: center;\">700<\/p>\n<\/td>\n<\/tr>\n<tr>\n<td style=\"text-align: center;\" width=\"150\">Svoris<\/td>\n<td style=\"text-align: center;\" width=\"150\">\n<p style=\"text-align: center;\">kg<\/p>\n<\/td>\n<td width=\"150\">\n<p style=\"text-align: center;\">171<\/p>\n<\/td>\n<\/tr>\n<\/tbody>\n<\/table>","protected":false},"featured_media":11465,"comment_status":"open","ping_status":"closed","template":"","meta":[],"product_cat":[109],"product_tag":[],"class_list":["post-11455","product","type-product","status-publish","has-post-thumbnail","hentry","product_cat-priedai-frontaliniam-krautuvui"],"yoast_head":"<!-- This site is optimized with the Yoast SEO plugin v20.1 - https:\/\/yoast.com\/wordpress\/plugins\/seo\/ -->\n<title>Rulon\u0173 griebtuvas CBE 1500 | Horomechanika<\/title>\n<meta name=\"robots\" content=\"index, follow, max-snippet:-1, max-image-preview:large, max-video-preview:-1\" \/>\n<link rel=\"canonical\" href=\"https:\/\/www.horomechanika.lt\/ru\/product\/rulonu-griebtuvas-cbe\/\" \/>\n<meta property=\"og:locale\" content=\"ru_RU\" \/>\n<meta property=\"og:type\" content=\"article\" \/>\n<meta property=\"og:title\" content=\"Rulon\u0173 griebtuvas CBE 1500 | Horomechanika\" \/>\n<meta property=\"og:description\" content=\"Rulon\u0173 griebtuvas CBE SNR 1500      Mato vnt.  Reik\u0161m\u0117    Plotis  Mm  1550     Apkrova  Kg  700    Svoris  kg   171\" \/>\n<meta property=\"og:url\" content=\"https:\/\/www.horomechanika.lt\/ru\/product\/rulonu-griebtuvas-cbe\/\" \/>\n<meta property=\"og:site_name\" content=\"Horomechanika\" \/>\n<meta property=\"article:publisher\" content=\"https:\/\/www.facebook.com\/UAB-Horo-mechanika-177091812471952\" \/>\n<meta property=\"article:modified_time\" content=\"2022-05-11T06:08:15+00:00\" \/>\n<meta property=\"og:image\" content=\"https:\/\/www.horomechanika.lt\/wp-content\/uploads\/2020\/09\/rulonai-cb-1.jpg\" \/>\n\t<meta property=\"og:image:width\" content=\"737\" \/>\n\t<meta property=\"og:image:height\" content=\"575\" \/>\n\t<meta property=\"og:image:type\" content=\"image\/jpeg\" \/>\n<meta name=\"twitter:card\" content=\"summary_large_image\" \/>\n<meta name=\"twitter:label1\" content=\"\u041f\u0440\u0438\u043c\u0435\u0440\u043d\u043e\u0435 \u0432\u0440\u0435\u043c\u044f \u0434\u043b\u044f \u0447\u0442\u0435\u043d\u0438\u044f\" \/>\n\t<meta name=\"twitter:data1\" content=\"1 \u043c\u0438\u043d\u0443\u0442\u0430\" \/>\n<script type=\"application\/ld+json\" class=\"yoast-schema-graph\">{\"@context\":\"https:\/\/schema.org\",\"@graph\":[{\"@type\":\"WebPage\",\"@id\":\"https:\/\/www.horomechanika.lt\/product\/rulonu-griebtuvas-cbe\/\",\"url\":\"https:\/\/www.horomechanika.lt\/product\/rulonu-griebtuvas-cbe\/\",\"name\":\"Rulon\u0173 griebtuvas CBE 1500 | Horomechanika\",\"isPartOf\":{\"@id\":\"https:\/\/www.horomechanika.lt\/#website\"},\"datePublished\":\"2020-09-16T13:20:44+00:00\",\"dateModified\":\"2022-05-11T06:08:15+00:00\",\"breadcrumb\":{\"@id\":\"https:\/\/www.horomechanika.lt\/product\/rulonu-griebtuvas-cbe\/#breadcrumb\"},\"inLanguage\":\"ru-RU\",\"potentialAction\":[{\"@type\":\"ReadAction\",\"target\":[\"https:\/\/www.horomechanika.lt\/product\/rulonu-griebtuvas-cbe\/\"]}]},{\"@type\":\"BreadcrumbList\",\"@id\":\"https:\/\/www.horomechanika.lt\/product\/rulonu-griebtuvas-cbe\/#breadcrumb\",\"itemListElement\":[{\"@type\":\"ListItem\",\"position\":1,\"name\":\"Home\",\"item\":\"https:\/\/www.horomechanika.lt\/\"},{\"@type\":\"ListItem\",\"position\":2,\"name\":\"Shop\",\"item\":\"https:\/\/www.horomechanika.lt\/ru\/shop-2\/\"},{\"@type\":\"ListItem\",\"position\":3,\"name\":\"Rulon\u0173 griebtuvas CBE 1500\"}]},{\"@type\":\"WebSite\",\"@id\":\"https:\/\/www.horomechanika.lt\/#website\",\"url\":\"https:\/\/www.horomechanika.lt\/\",\"name\":\"Horomechanika\",\"description\":\"\u017dem\u0117s \u016akio Technika\",\"publisher\":{\"@id\":\"https:\/\/www.horomechanika.lt\/#organization\"},\"potentialAction\":[{\"@type\":\"SearchAction\",\"target\":{\"@type\":\"EntryPoint\",\"urlTemplate\":\"https:\/\/www.horomechanika.lt\/?s={search_term_string}\"},\"query-input\":\"required name=search_term_string\"}],\"inLanguage\":\"ru-RU\"},{\"@type\":\"Organization\",\"@id\":\"https:\/\/www.horomechanika.lt\/#organization\",\"name\":\"UAB \\\"Horo mechanika\\\"\",\"url\":\"https:\/\/www.horomechanika.lt\/\",\"logo\":{\"@type\":\"ImageObject\",\"inLanguage\":\"ru-RU\",\"@id\":\"https:\/\/www.horomechanika.lt\/#\/schema\/logo\/image\/\",\"url\":\"https:\/\/www.horomechanika.lt\/wp-content\/uploads\/2020\/05\/horomechanika-logo.png\",\"contentUrl\":\"https:\/\/www.horomechanika.lt\/wp-content\/uploads\/2020\/05\/horomechanika-logo.png\",\"width\":137,\"height\":56,\"caption\":\"UAB \\\"Horo mechanika\\\"\"},\"image\":{\"@id\":\"https:\/\/www.horomechanika.lt\/#\/schema\/logo\/image\/\"},\"sameAs\":[\"https:\/\/www.facebook.com\/UAB-Horo-mechanika-177091812471952\"]}]}<\/script>\n<!-- \/ Yoast SEO plugin. -->","yoast_head_json":{"title":"Rulon\u0173 griebtuvas CBE 1500 | Horomechanika","robots":{"index":"index","follow":"follow","max-snippet":"max-snippet:-1","max-image-preview":"max-image-preview:large","max-video-preview":"max-video-preview:-1"},"canonical":"https:\/\/www.horomechanika.lt\/ru\/product\/rulonu-griebtuvas-cbe\/","og_locale":"ru_RU","og_type":"article","og_title":"Rulon\u0173 griebtuvas CBE 1500 | Horomechanika","og_description":"Rulon\u0173 griebtuvas CBE SNR 1500      Mato vnt.  Reik\u0161m\u0117    Plotis  Mm  1550     Apkrova  Kg  700    Svoris  kg   171","og_url":"https:\/\/www.horomechanika.lt\/ru\/product\/rulonu-griebtuvas-cbe\/","og_site_name":"Horomechanika","article_publisher":"https:\/\/www.facebook.com\/UAB-Horo-mechanika-177091812471952","article_modified_time":"2022-05-11T06:08:15+00:00","og_image":[{"width":737,"height":575,"url":"https:\/\/www.horomechanika.lt\/wp-content\/uploads\/2020\/09\/rulonai-cb-1.jpg","type":"image\/jpeg"}],"twitter_card":"summary_large_image","twitter_misc":{"\u041f\u0440\u0438\u043c\u0435\u0440\u043d\u043e\u0435 \u0432\u0440\u0435\u043c\u044f \u0434\u043b\u044f \u0447\u0442\u0435\u043d\u0438\u044f":"1 \u043c\u0438\u043d\u0443\u0442\u0430"},"schema":{"@context":"https:\/\/schema.org","@graph":[{"@type":"WebPage","@id":"https:\/\/www.horomechanika.lt\/product\/rulonu-griebtuvas-cbe\/","url":"https:\/\/www.horomechanika.lt\/product\/rulonu-griebtuvas-cbe\/","name":"Rulon\u0173 griebtuvas CBE 1500 | Horomechanika","isPartOf":{"@id":"https:\/\/www.horomechanika.lt\/#website"},"datePublished":"2020-09-16T13:20:44+00:00","dateModified":"2022-05-11T06:08:15+00:00","breadcrumb":{"@id":"https:\/\/www.horomechanika.lt\/product\/rulonu-griebtuvas-cbe\/#breadcrumb"},"inLanguage":"ru-RU","potentialAction":[{"@type":"ReadAction","target":["https:\/\/www.horomechanika.lt\/product\/rulonu-griebtuvas-cbe\/"]}]},{"@type":"BreadcrumbList","@id":"https:\/\/www.horomechanika.lt\/product\/rulonu-griebtuvas-cbe\/#breadcrumb","itemListElement":[{"@type":"ListItem","position":1,"name":"Home","item":"https:\/\/www.horomechanika.lt\/"},{"@type":"ListItem","position":2,"name":"Shop","item":"https:\/\/www.horomechanika.lt\/ru\/shop-2\/"},{"@type":"ListItem","position":3,"name":"Rulon\u0173 griebtuvas CBE 1500"}]},{"@type":"WebSite","@id":"https:\/\/www.horomechanika.lt\/#website","url":"https:\/\/www.horomechanika.lt\/","name":"Horomechanika","description":"\u017dem\u0117s \u016akio Technika","publisher":{"@id":"https:\/\/www.horomechanika.lt\/#organization"},"potentialAction":[{"@type":"SearchAction","target":{"@type":"EntryPoint","urlTemplate":"https:\/\/www.horomechanika.lt\/?s={search_term_string}"},"query-input":"required name=search_term_string"}],"inLanguage":"ru-RU"},{"@type":"Organization","@id":"https:\/\/www.horomechanika.lt\/#organization","name":"UAB \"Horo mechanika\"","url":"https:\/\/www.horomechanika.lt\/","logo":{"@type":"ImageObject","inLanguage":"ru-RU","@id":"https:\/\/www.horomechanika.lt\/#\/schema\/logo\/image\/","url":"https:\/\/www.horomechanika.lt\/wp-content\/uploads\/2020\/05\/horomechanika-logo.png","contentUrl":"https:\/\/www.horomechanika.lt\/wp-content\/uploads\/2020\/05\/horomechanika-logo.png","width":137,"height":56,"caption":"UAB \"Horo mechanika\""},"image":{"@id":"https:\/\/www.horomechanika.lt\/#\/schema\/logo\/image\/"},"sameAs":["https:\/\/www.facebook.com\/UAB-Horo-mechanika-177091812471952"]}]}},"_links":{"self":[{"href":"https:\/\/www.horomechanika.lt\/ru\/wp-json\/wp\/v2\/product\/11455","targetHints":{"allow":["GET"]}}],"collection":[{"href":"https:\/\/www.horomechanika.lt\/ru\/wp-json\/wp\/v2\/product"}],"about":[{"href":"https:\/\/www.horomechanika.lt\/ru\/wp-json\/wp\/v2\/types\/product"}],"replies":[{"embeddable":true,"href":"https:\/\/www.horomechanika.lt\/ru\/wp-json\/wp\/v2\/comments?post=11455"}],"wp:featuredmedia":[{"embeddable":true,"href":"https:\/\/www.horomechanika.lt\/ru\/wp-json\/wp\/v2\/media\/11465"}],"wp:attachment":[{"href":"https:\/\/www.horomechanika.lt\/ru\/wp-json\/wp\/v2\/media?parent=11455"}],"wp:term":[{"taxonomy":"product_cat","embeddable":true,"href":"https:\/\/www.horomechanika.lt\/ru\/wp-json\/wp\/v2\/product_cat?post=11455"},{"taxonomy":"product_tag","embeddable":true,"href":"https:\/\/www.horomechanika.lt\/ru\/wp-json\/wp\/v2\/product_tag?post=11455"}],"curies":[{"name":"wp","href":"https:\/\/api.w.org\/{rel}","templated":true}]}}