{"id":11460,"date":"2020-09-16T16:24:58","date_gmt":"2020-09-16T13:24:58","guid":{"rendered":"http:\/\/horomechanika.lt\/?post_type=product&#038;p=11460"},"modified":"2022-05-11T09:09:49","modified_gmt":"2022-05-11T06:09:49","slug":"rulonu-griebtuvas-cb","status":"publish","type":"product","link":"https:\/\/www.horomechanika.lt\/ru\/product\/rulonu-griebtuvas-cb\/","title":{"rendered":"Rulon\u0173 griebtuvas CB 1700"},"content":{"rendered":"<h3>Rulonu griebtuvas CB SNR 1700\/1 pritaikytas darbui su krautuvais arba teleskopais.<\/h3>\n<ul>\n<li>Jame yra vienas efektyvus cilindro mechanizmas.<\/li>\n<li>Str\u0117li\u0173 u\u017edarymo ir atidarymo procesas vyksta skirtingu grei\u010diu, leid\u017eian\u010diu griebtuvui i\u0161va\u017eiuoti i\u0161 rulon\u0173 kr\u016bvos, nepa\u017eeid\u017eiant prie jo esan\u010di\u0173 rulon\u0173.<\/li>\n<li>Griebtuvas tinka vis\u0173 tip\u0173 nuo 0,90 m iki 1,70 m skersmens ir iki 900 kg svorio rulonams.<\/li>\n<li>Visa konstrukcija yra pagaminta i\u0161 didelio stiprumo plieno, apdorota \u0161ratasrau\u010diu ir apsaugota milteliniu b\u016bdu da\u017eomu sluoksniu, kuris u\u017etikrina didesn\u012f atsparum\u0105 atmosferos veiksniams.<\/li>\n<li>Str\u0117l\u0117s, i\u0161lenktos i\u0161 vamzd\u017eio, kurio skersmuo didesnis kaip 48\u00a0mm, o sienel\u0117s storis didesnis nei 4,5 mm, u\u017etikrina naudojimo ilgaam\u017ei\u0161kum\u0105 ir patikim\u0105 rulono suspaudim\u0105.<\/li>\n<li>I\u0161 C45 konstrukcinio plieno pagaminti galvanizuoti kai\u0161\u010diai ir \u012fvor\u0117s yra atspar\u016bs trin\u010diai.<\/li>\n<li>\u201eSonarol\u201c \u012fmon\u0117je geriausi\u0173 specialist\u0173 naudojamos\u00a0 i\u0161 Europos tiek\u0117j\u0173 pristatom\u0173 komponent\u0173 gaminamos hidraulin\u0117s \u017earnos u\u017etikrina auk\u0161t\u0105 kokyb\u0119 ir patikimum\u0105. Be to, laidai gali b\u016bti pritaikyti individualiems kliento poreikiams.<\/li>\n<li>Visi griebtuvo str\u0117l\u0117s pavir\u0161iai yra lyg\u016bs ir garantuoja saug\u0173 transportavim\u0105 nepa\u017eeid\u017eiant rulon\u0173 pl\u0117vel\u0117s.<\/li>\n<\/ul>\n<p><strong>Standartinis tvirtinimas:<\/strong><\/p>\n<ul>\n<li>EURO ir SMS\n<p>https:\/\/sketchfab.com\/3d-models\/chwytak-do-bel-436e2c8eabbf4810bc418deb9ad13fd5<\/li>\n<\/ul>","protected":false},"excerpt":{"rendered":"<table>\n<tbody>\n<tr>\n<td colspan=\"3\" width=\"451\">Rulon\u0173 griebtuvas CB SNR 1700<\/td>\n<\/tr>\n<tr>\n<td width=\"150\"><\/td>\n<td width=\"150\">Mato vnt.<\/td>\n<td width=\"150\">Reik\u0161m\u0117<\/td>\n<\/tr>\n<tr>\n<td width=\"150\">Plotis<\/td>\n<td width=\"150\">Mm<\/td>\n<td width=\"150\">1700<\/td>\n<\/tr>\n<tr>\n<td width=\"150\">Apkrova<\/td>\n<td width=\"150\">Kg<\/td>\n<td width=\"150\">900<\/td>\n<\/tr>\n<tr>\n<td width=\"150\">Svoris<\/td>\n<td width=\"150\">kg<\/td>\n<td width=\"150\">215<\/td>\n<\/tr>\n<\/tbody>\n<\/table>","protected":false},"featured_media":11465,"comment_status":"open","ping_status":"closed","template":"","meta":[],"product_cat":[109],"product_tag":[],"class_list":["post-11460","product","type-product","status-publish","has-post-thumbnail","hentry","product_cat-priedai-frontaliniam-krautuvui"],"yoast_head":"<!-- This site is optimized with the Yoast SEO plugin v20.1 - https:\/\/yoast.com\/wordpress\/plugins\/seo\/ -->\n<title>Rulon\u0173 griebtuvas CB 1700 | Horomechanika<\/title>\n<meta name=\"robots\" content=\"index, follow, max-snippet:-1, max-image-preview:large, max-video-preview:-1\" \/>\n<link rel=\"canonical\" href=\"https:\/\/www.horomechanika.lt\/ru\/product\/rulonu-griebtuvas-cb\/\" \/>\n<meta property=\"og:locale\" content=\"ru_RU\" \/>\n<meta property=\"og:type\" content=\"article\" \/>\n<meta property=\"og:title\" content=\"Rulon\u0173 griebtuvas CB 1700 | Horomechanika\" \/>\n<meta property=\"og:description\" content=\"Rulon\u0173 griebtuvas CB SNR 1700    Mato vnt. Reik\u0161m\u0117   Plotis Mm 1700   Apkrova Kg 900   Svoris kg 215\" \/>\n<meta property=\"og:url\" content=\"https:\/\/www.horomechanika.lt\/ru\/product\/rulonu-griebtuvas-cb\/\" \/>\n<meta property=\"og:site_name\" content=\"Horomechanika\" \/>\n<meta property=\"article:publisher\" content=\"https:\/\/www.facebook.com\/UAB-Horo-mechanika-177091812471952\" \/>\n<meta property=\"article:modified_time\" content=\"2022-05-11T06:09:49+00:00\" \/>\n<meta property=\"og:image\" content=\"https:\/\/www.horomechanika.lt\/wp-content\/uploads\/2020\/09\/rulonai-cb-1.jpg\" \/>\n\t<meta property=\"og:image:width\" content=\"737\" \/>\n\t<meta property=\"og:image:height\" content=\"575\" \/>\n\t<meta property=\"og:image:type\" content=\"image\/jpeg\" \/>\n<meta name=\"twitter:card\" content=\"summary_large_image\" \/>\n<meta name=\"twitter:label1\" content=\"\u041f\u0440\u0438\u043c\u0435\u0440\u043d\u043e\u0435 \u0432\u0440\u0435\u043c\u044f \u0434\u043b\u044f \u0447\u0442\u0435\u043d\u0438\u044f\" \/>\n\t<meta name=\"twitter:data1\" content=\"1 \u043c\u0438\u043d\u0443\u0442\u0430\" \/>\n<script type=\"application\/ld+json\" class=\"yoast-schema-graph\">{\"@context\":\"https:\/\/schema.org\",\"@graph\":[{\"@type\":\"WebPage\",\"@id\":\"https:\/\/www.horomechanika.lt\/product\/rulonu-griebtuvas-cb\/\",\"url\":\"https:\/\/www.horomechanika.lt\/product\/rulonu-griebtuvas-cb\/\",\"name\":\"Rulon\u0173 griebtuvas CB 1700 | Horomechanika\",\"isPartOf\":{\"@id\":\"https:\/\/www.horomechanika.lt\/#website\"},\"datePublished\":\"2020-09-16T13:24:58+00:00\",\"dateModified\":\"2022-05-11T06:09:49+00:00\",\"breadcrumb\":{\"@id\":\"https:\/\/www.horomechanika.lt\/product\/rulonu-griebtuvas-cb\/#breadcrumb\"},\"inLanguage\":\"ru-RU\",\"potentialAction\":[{\"@type\":\"ReadAction\",\"target\":[\"https:\/\/www.horomechanika.lt\/product\/rulonu-griebtuvas-cb\/\"]}]},{\"@type\":\"BreadcrumbList\",\"@id\":\"https:\/\/www.horomechanika.lt\/product\/rulonu-griebtuvas-cb\/#breadcrumb\",\"itemListElement\":[{\"@type\":\"ListItem\",\"position\":1,\"name\":\"Home\",\"item\":\"https:\/\/www.horomechanika.lt\/\"},{\"@type\":\"ListItem\",\"position\":2,\"name\":\"Shop\",\"item\":\"https:\/\/www.horomechanika.lt\/ru\/shop-2\/\"},{\"@type\":\"ListItem\",\"position\":3,\"name\":\"Rulon\u0173 griebtuvas CB 1700\"}]},{\"@type\":\"WebSite\",\"@id\":\"https:\/\/www.horomechanika.lt\/#website\",\"url\":\"https:\/\/www.horomechanika.lt\/\",\"name\":\"Horomechanika\",\"description\":\"\u017dem\u0117s \u016akio Technika\",\"publisher\":{\"@id\":\"https:\/\/www.horomechanika.lt\/#organization\"},\"potentialAction\":[{\"@type\":\"SearchAction\",\"target\":{\"@type\":\"EntryPoint\",\"urlTemplate\":\"https:\/\/www.horomechanika.lt\/?s={search_term_string}\"},\"query-input\":\"required name=search_term_string\"}],\"inLanguage\":\"ru-RU\"},{\"@type\":\"Organization\",\"@id\":\"https:\/\/www.horomechanika.lt\/#organization\",\"name\":\"UAB \\\"Horo mechanika\\\"\",\"url\":\"https:\/\/www.horomechanika.lt\/\",\"logo\":{\"@type\":\"ImageObject\",\"inLanguage\":\"ru-RU\",\"@id\":\"https:\/\/www.horomechanika.lt\/#\/schema\/logo\/image\/\",\"url\":\"https:\/\/www.horomechanika.lt\/wp-content\/uploads\/2020\/05\/horomechanika-logo.png\",\"contentUrl\":\"https:\/\/www.horomechanika.lt\/wp-content\/uploads\/2020\/05\/horomechanika-logo.png\",\"width\":137,\"height\":56,\"caption\":\"UAB \\\"Horo mechanika\\\"\"},\"image\":{\"@id\":\"https:\/\/www.horomechanika.lt\/#\/schema\/logo\/image\/\"},\"sameAs\":[\"https:\/\/www.facebook.com\/UAB-Horo-mechanika-177091812471952\"]}]}<\/script>\n<!-- \/ Yoast SEO plugin. -->","yoast_head_json":{"title":"Rulon\u0173 griebtuvas CB 1700 | Horomechanika","robots":{"index":"index","follow":"follow","max-snippet":"max-snippet:-1","max-image-preview":"max-image-preview:large","max-video-preview":"max-video-preview:-1"},"canonical":"https:\/\/www.horomechanika.lt\/ru\/product\/rulonu-griebtuvas-cb\/","og_locale":"ru_RU","og_type":"article","og_title":"Rulon\u0173 griebtuvas CB 1700 | Horomechanika","og_description":"Rulon\u0173 griebtuvas CB SNR 1700    Mato vnt. Reik\u0161m\u0117   Plotis Mm 1700   Apkrova Kg 900   Svoris kg 215","og_url":"https:\/\/www.horomechanika.lt\/ru\/product\/rulonu-griebtuvas-cb\/","og_site_name":"Horomechanika","article_publisher":"https:\/\/www.facebook.com\/UAB-Horo-mechanika-177091812471952","article_modified_time":"2022-05-11T06:09:49+00:00","og_image":[{"width":737,"height":575,"url":"https:\/\/www.horomechanika.lt\/wp-content\/uploads\/2020\/09\/rulonai-cb-1.jpg","type":"image\/jpeg"}],"twitter_card":"summary_large_image","twitter_misc":{"\u041f\u0440\u0438\u043c\u0435\u0440\u043d\u043e\u0435 \u0432\u0440\u0435\u043c\u044f \u0434\u043b\u044f \u0447\u0442\u0435\u043d\u0438\u044f":"1 \u043c\u0438\u043d\u0443\u0442\u0430"},"schema":{"@context":"https:\/\/schema.org","@graph":[{"@type":"WebPage","@id":"https:\/\/www.horomechanika.lt\/product\/rulonu-griebtuvas-cb\/","url":"https:\/\/www.horomechanika.lt\/product\/rulonu-griebtuvas-cb\/","name":"Rulon\u0173 griebtuvas CB 1700 | Horomechanika","isPartOf":{"@id":"https:\/\/www.horomechanika.lt\/#website"},"datePublished":"2020-09-16T13:24:58+00:00","dateModified":"2022-05-11T06:09:49+00:00","breadcrumb":{"@id":"https:\/\/www.horomechanika.lt\/product\/rulonu-griebtuvas-cb\/#breadcrumb"},"inLanguage":"ru-RU","potentialAction":[{"@type":"ReadAction","target":["https:\/\/www.horomechanika.lt\/product\/rulonu-griebtuvas-cb\/"]}]},{"@type":"BreadcrumbList","@id":"https:\/\/www.horomechanika.lt\/product\/rulonu-griebtuvas-cb\/#breadcrumb","itemListElement":[{"@type":"ListItem","position":1,"name":"Home","item":"https:\/\/www.horomechanika.lt\/"},{"@type":"ListItem","position":2,"name":"Shop","item":"https:\/\/www.horomechanika.lt\/ru\/shop-2\/"},{"@type":"ListItem","position":3,"name":"Rulon\u0173 griebtuvas CB 1700"}]},{"@type":"WebSite","@id":"https:\/\/www.horomechanika.lt\/#website","url":"https:\/\/www.horomechanika.lt\/","name":"Horomechanika","description":"\u017dem\u0117s \u016akio Technika","publisher":{"@id":"https:\/\/www.horomechanika.lt\/#organization"},"potentialAction":[{"@type":"SearchAction","target":{"@type":"EntryPoint","urlTemplate":"https:\/\/www.horomechanika.lt\/?s={search_term_string}"},"query-input":"required name=search_term_string"}],"inLanguage":"ru-RU"},{"@type":"Organization","@id":"https:\/\/www.horomechanika.lt\/#organization","name":"UAB \"Horo mechanika\"","url":"https:\/\/www.horomechanika.lt\/","logo":{"@type":"ImageObject","inLanguage":"ru-RU","@id":"https:\/\/www.horomechanika.lt\/#\/schema\/logo\/image\/","url":"https:\/\/www.horomechanika.lt\/wp-content\/uploads\/2020\/05\/horomechanika-logo.png","contentUrl":"https:\/\/www.horomechanika.lt\/wp-content\/uploads\/2020\/05\/horomechanika-logo.png","width":137,"height":56,"caption":"UAB \"Horo mechanika\""},"image":{"@id":"https:\/\/www.horomechanika.lt\/#\/schema\/logo\/image\/"},"sameAs":["https:\/\/www.facebook.com\/UAB-Horo-mechanika-177091812471952"]}]}},"_links":{"self":[{"href":"https:\/\/www.horomechanika.lt\/ru\/wp-json\/wp\/v2\/product\/11460","targetHints":{"allow":["GET"]}}],"collection":[{"href":"https:\/\/www.horomechanika.lt\/ru\/wp-json\/wp\/v2\/product"}],"about":[{"href":"https:\/\/www.horomechanika.lt\/ru\/wp-json\/wp\/v2\/types\/product"}],"replies":[{"embeddable":true,"href":"https:\/\/www.horomechanika.lt\/ru\/wp-json\/wp\/v2\/comments?post=11460"}],"wp:featuredmedia":[{"embeddable":true,"href":"https:\/\/www.horomechanika.lt\/ru\/wp-json\/wp\/v2\/media\/11465"}],"wp:attachment":[{"href":"https:\/\/www.horomechanika.lt\/ru\/wp-json\/wp\/v2\/media?parent=11460"}],"wp:term":[{"taxonomy":"product_cat","embeddable":true,"href":"https:\/\/www.horomechanika.lt\/ru\/wp-json\/wp\/v2\/product_cat?post=11460"},{"taxonomy":"product_tag","embeddable":true,"href":"https:\/\/www.horomechanika.lt\/ru\/wp-json\/wp\/v2\/product_tag?post=11460"}],"curies":[{"name":"wp","href":"https:\/\/api.w.org\/{rel}","templated":true}]}}