{"id":11466,"date":"2020-09-16T16:30:33","date_gmt":"2020-09-16T13:30:33","guid":{"rendered":"http:\/\/horomechanika.lt\/?post_type=product&#038;p=11466"},"modified":"2021-01-21T12:36:53","modified_gmt":"2021-01-21T09:36:53","slug":"rulonu-griebtuvas-cbp-snr-2000","status":"publish","type":"product","link":"https:\/\/www.horomechanika.lt\/ru\/product\/rulonu-griebtuvas-cbp-snr-2000\/","title":{"rendered":"Sta\u010diakampi\u0173 kitku griebtuvas CBP SNR 2000"},"content":{"rendered":"<h3>Sta\u010diakampi\u0173 kitku griebtuvas CBP SNR 2000<\/h3>\n<ul>\n<li>Jame yra vienas efektyvus cilindro mechanizmas.<\/li>\n<li>Maksimali keliamoji j\u0117ga tai 900kg.<\/li>\n<li>Str\u0117li\u0173 u\u017edarymo ir atidarymo procesas vyksta skirtingu grei\u010diu, leid\u017eian\u010diu griebtuvui i\u0161va\u017eiuoti i\u0161 rulon\u0173 kr\u016bvos, nepa\u017eeid\u017eiant prie jo esan\u010di\u0173 rulon\u0173.<\/li>\n<li>Visa konstrukcija yra pagaminta i\u0161 didelio stiprumo plieno ir apsaugota lako danga, kuri da\u017eoma milteliniu metodu.<\/li>\n<li>Str\u0117l\u0117s, i\u0161lenktos i\u0161 didelio skersmens storasienio vamzd\u017eio, kas u\u017etikrina patikim\u0105 rulono\u00a0 suspaudim\u0105.<\/li>\n<li>I\u0161 C45 konstrukcinio plieno pagaminti galvanizuoti kai\u0161\u010diai ir \u012fvor\u0117s yra atspar\u016bs trin\u010diai.<\/li>\n<li>Hidraulin\u0117s \u017earnos u\u017etikrina auk\u0161t\u0105 kokyb\u0119 ir patikimum\u0105 ir gali b\u016bti pritaikytos individualiems poreikiams.<\/li>\n<\/ul>\n<p><strong>Standartinis tvirtinimas:<\/strong> EURO arba SMS<\/p>","protected":false},"excerpt":{"rendered":"<table>\n<tbody>\n<tr>\n<td colspan=\"3\" width=\"451\">Rulon\u0173 griebtuvas CBP SNR 2000<\/td>\n<\/tr>\n<tr>\n<td width=\"150\"><\/td>\n<td width=\"150\">Mato vnt.<\/td>\n<td width=\"150\">Reik\u0161m\u0117<\/td>\n<\/tr>\n<tr>\n<td width=\"150\">Plotis<\/td>\n<td width=\"150\">Mm<\/td>\n<td width=\"150\">2300<\/td>\n<\/tr>\n<tr>\n<td width=\"150\">Apkrova<\/td>\n<td width=\"150\">Kg<\/td>\n<td width=\"150\">900<\/td>\n<\/tr>\n<tr>\n<td width=\"150\">Svoris<\/td>\n<td width=\"150\">kg<\/td>\n<td width=\"150\">270<\/td>\n<\/tr>\n<\/tbody>\n<\/table>","protected":false},"featured_media":11470,"comment_status":"open","ping_status":"closed","template":"","meta":[],"product_cat":[109],"product_tag":[],"class_list":["post-11466","product","type-product","status-publish","has-post-thumbnail","hentry","product_cat-priedai-frontaliniam-krautuvui"],"yoast_head":"<!-- This site is optimized with the Yoast SEO plugin v20.1 - https:\/\/yoast.com\/wordpress\/plugins\/seo\/ -->\n<title>Sta\u010diakampi\u0173 kitku griebtuvas CBP SNR 2000 | Horomechanika<\/title>\n<meta name=\"robots\" content=\"index, follow, max-snippet:-1, max-image-preview:large, max-video-preview:-1\" \/>\n<link rel=\"canonical\" href=\"https:\/\/www.horomechanika.lt\/ru\/product\/rulonu-griebtuvas-cbp-snr-2000\/\" \/>\n<meta property=\"og:locale\" content=\"ru_RU\" \/>\n<meta property=\"og:type\" content=\"article\" \/>\n<meta property=\"og:title\" content=\"Sta\u010diakampi\u0173 kitku griebtuvas CBP SNR 2000 | Horomechanika\" \/>\n<meta property=\"og:description\" content=\"Rulon\u0173 griebtuvas CBP SNR 2000    Mato vnt. Reik\u0161m\u0117   Plotis Mm 2300   Apkrova Kg 900   Svoris kg 270\" \/>\n<meta property=\"og:url\" content=\"https:\/\/www.horomechanika.lt\/ru\/product\/rulonu-griebtuvas-cbp-snr-2000\/\" \/>\n<meta property=\"og:site_name\" content=\"Horomechanika\" \/>\n<meta property=\"article:publisher\" content=\"https:\/\/www.facebook.com\/UAB-Horo-mechanika-177091812471952\" \/>\n<meta property=\"article:modified_time\" content=\"2021-01-21T09:36:53+00:00\" \/>\n<meta property=\"og:image\" content=\"https:\/\/www.horomechanika.lt\/wp-content\/uploads\/2020\/09\/cbp-fot3_big_1-1.png\" \/>\n\t<meta property=\"og:image:width\" content=\"907\" \/>\n\t<meta property=\"og:image:height\" content=\"694\" \/>\n\t<meta property=\"og:image:type\" content=\"image\/png\" \/>\n<meta name=\"twitter:card\" content=\"summary_large_image\" \/>\n<meta name=\"twitter:label1\" content=\"\u041f\u0440\u0438\u043c\u0435\u0440\u043d\u043e\u0435 \u0432\u0440\u0435\u043c\u044f \u0434\u043b\u044f \u0447\u0442\u0435\u043d\u0438\u044f\" \/>\n\t<meta name=\"twitter:data1\" content=\"1 \u043c\u0438\u043d\u0443\u0442\u0430\" \/>\n<script type=\"application\/ld+json\" class=\"yoast-schema-graph\">{\"@context\":\"https:\/\/schema.org\",\"@graph\":[{\"@type\":\"WebPage\",\"@id\":\"https:\/\/www.horomechanika.lt\/product\/rulonu-griebtuvas-cbp-snr-2000\/\",\"url\":\"https:\/\/www.horomechanika.lt\/product\/rulonu-griebtuvas-cbp-snr-2000\/\",\"name\":\"Sta\u010diakampi\u0173 kitku griebtuvas CBP SNR 2000 | Horomechanika\",\"isPartOf\":{\"@id\":\"https:\/\/www.horomechanika.lt\/#website\"},\"datePublished\":\"2020-09-16T13:30:33+00:00\",\"dateModified\":\"2021-01-21T09:36:53+00:00\",\"breadcrumb\":{\"@id\":\"https:\/\/www.horomechanika.lt\/product\/rulonu-griebtuvas-cbp-snr-2000\/#breadcrumb\"},\"inLanguage\":\"ru-RU\",\"potentialAction\":[{\"@type\":\"ReadAction\",\"target\":[\"https:\/\/www.horomechanika.lt\/product\/rulonu-griebtuvas-cbp-snr-2000\/\"]}]},{\"@type\":\"BreadcrumbList\",\"@id\":\"https:\/\/www.horomechanika.lt\/product\/rulonu-griebtuvas-cbp-snr-2000\/#breadcrumb\",\"itemListElement\":[{\"@type\":\"ListItem\",\"position\":1,\"name\":\"Home\",\"item\":\"https:\/\/www.horomechanika.lt\/\"},{\"@type\":\"ListItem\",\"position\":2,\"name\":\"Shop\",\"item\":\"https:\/\/www.horomechanika.lt\/ru\/shop-2\/\"},{\"@type\":\"ListItem\",\"position\":3,\"name\":\"Sta\u010diakampi\u0173 kitku griebtuvas CBP SNR 2000\"}]},{\"@type\":\"WebSite\",\"@id\":\"https:\/\/www.horomechanika.lt\/#website\",\"url\":\"https:\/\/www.horomechanika.lt\/\",\"name\":\"Horomechanika\",\"description\":\"\u017dem\u0117s \u016akio Technika\",\"publisher\":{\"@id\":\"https:\/\/www.horomechanika.lt\/#organization\"},\"potentialAction\":[{\"@type\":\"SearchAction\",\"target\":{\"@type\":\"EntryPoint\",\"urlTemplate\":\"https:\/\/www.horomechanika.lt\/?s={search_term_string}\"},\"query-input\":\"required name=search_term_string\"}],\"inLanguage\":\"ru-RU\"},{\"@type\":\"Organization\",\"@id\":\"https:\/\/www.horomechanika.lt\/#organization\",\"name\":\"UAB \\\"Horo mechanika\\\"\",\"url\":\"https:\/\/www.horomechanika.lt\/\",\"logo\":{\"@type\":\"ImageObject\",\"inLanguage\":\"ru-RU\",\"@id\":\"https:\/\/www.horomechanika.lt\/#\/schema\/logo\/image\/\",\"url\":\"https:\/\/www.horomechanika.lt\/wp-content\/uploads\/2020\/05\/horomechanika-logo.png\",\"contentUrl\":\"https:\/\/www.horomechanika.lt\/wp-content\/uploads\/2020\/05\/horomechanika-logo.png\",\"width\":137,\"height\":56,\"caption\":\"UAB \\\"Horo mechanika\\\"\"},\"image\":{\"@id\":\"https:\/\/www.horomechanika.lt\/#\/schema\/logo\/image\/\"},\"sameAs\":[\"https:\/\/www.facebook.com\/UAB-Horo-mechanika-177091812471952\"]}]}<\/script>\n<!-- \/ Yoast SEO plugin. -->","yoast_head_json":{"title":"Sta\u010diakampi\u0173 kitku griebtuvas CBP SNR 2000 | Horomechanika","robots":{"index":"index","follow":"follow","max-snippet":"max-snippet:-1","max-image-preview":"max-image-preview:large","max-video-preview":"max-video-preview:-1"},"canonical":"https:\/\/www.horomechanika.lt\/ru\/product\/rulonu-griebtuvas-cbp-snr-2000\/","og_locale":"ru_RU","og_type":"article","og_title":"Sta\u010diakampi\u0173 kitku griebtuvas CBP SNR 2000 | Horomechanika","og_description":"Rulon\u0173 griebtuvas CBP SNR 2000    Mato vnt. Reik\u0161m\u0117   Plotis Mm 2300   Apkrova Kg 900   Svoris kg 270","og_url":"https:\/\/www.horomechanika.lt\/ru\/product\/rulonu-griebtuvas-cbp-snr-2000\/","og_site_name":"Horomechanika","article_publisher":"https:\/\/www.facebook.com\/UAB-Horo-mechanika-177091812471952","article_modified_time":"2021-01-21T09:36:53+00:00","og_image":[{"width":907,"height":694,"url":"https:\/\/www.horomechanika.lt\/wp-content\/uploads\/2020\/09\/cbp-fot3_big_1-1.png","type":"image\/png"}],"twitter_card":"summary_large_image","twitter_misc":{"\u041f\u0440\u0438\u043c\u0435\u0440\u043d\u043e\u0435 \u0432\u0440\u0435\u043c\u044f \u0434\u043b\u044f \u0447\u0442\u0435\u043d\u0438\u044f":"1 \u043c\u0438\u043d\u0443\u0442\u0430"},"schema":{"@context":"https:\/\/schema.org","@graph":[{"@type":"WebPage","@id":"https:\/\/www.horomechanika.lt\/product\/rulonu-griebtuvas-cbp-snr-2000\/","url":"https:\/\/www.horomechanika.lt\/product\/rulonu-griebtuvas-cbp-snr-2000\/","name":"Sta\u010diakampi\u0173 kitku griebtuvas CBP SNR 2000 | Horomechanika","isPartOf":{"@id":"https:\/\/www.horomechanika.lt\/#website"},"datePublished":"2020-09-16T13:30:33+00:00","dateModified":"2021-01-21T09:36:53+00:00","breadcrumb":{"@id":"https:\/\/www.horomechanika.lt\/product\/rulonu-griebtuvas-cbp-snr-2000\/#breadcrumb"},"inLanguage":"ru-RU","potentialAction":[{"@type":"ReadAction","target":["https:\/\/www.horomechanika.lt\/product\/rulonu-griebtuvas-cbp-snr-2000\/"]}]},{"@type":"BreadcrumbList","@id":"https:\/\/www.horomechanika.lt\/product\/rulonu-griebtuvas-cbp-snr-2000\/#breadcrumb","itemListElement":[{"@type":"ListItem","position":1,"name":"Home","item":"https:\/\/www.horomechanika.lt\/"},{"@type":"ListItem","position":2,"name":"Shop","item":"https:\/\/www.horomechanika.lt\/ru\/shop-2\/"},{"@type":"ListItem","position":3,"name":"Sta\u010diakampi\u0173 kitku griebtuvas CBP SNR 2000"}]},{"@type":"WebSite","@id":"https:\/\/www.horomechanika.lt\/#website","url":"https:\/\/www.horomechanika.lt\/","name":"Horomechanika","description":"\u017dem\u0117s \u016akio Technika","publisher":{"@id":"https:\/\/www.horomechanika.lt\/#organization"},"potentialAction":[{"@type":"SearchAction","target":{"@type":"EntryPoint","urlTemplate":"https:\/\/www.horomechanika.lt\/?s={search_term_string}"},"query-input":"required name=search_term_string"}],"inLanguage":"ru-RU"},{"@type":"Organization","@id":"https:\/\/www.horomechanika.lt\/#organization","name":"UAB \"Horo mechanika\"","url":"https:\/\/www.horomechanika.lt\/","logo":{"@type":"ImageObject","inLanguage":"ru-RU","@id":"https:\/\/www.horomechanika.lt\/#\/schema\/logo\/image\/","url":"https:\/\/www.horomechanika.lt\/wp-content\/uploads\/2020\/05\/horomechanika-logo.png","contentUrl":"https:\/\/www.horomechanika.lt\/wp-content\/uploads\/2020\/05\/horomechanika-logo.png","width":137,"height":56,"caption":"UAB \"Horo mechanika\""},"image":{"@id":"https:\/\/www.horomechanika.lt\/#\/schema\/logo\/image\/"},"sameAs":["https:\/\/www.facebook.com\/UAB-Horo-mechanika-177091812471952"]}]}},"_links":{"self":[{"href":"https:\/\/www.horomechanika.lt\/ru\/wp-json\/wp\/v2\/product\/11466","targetHints":{"allow":["GET"]}}],"collection":[{"href":"https:\/\/www.horomechanika.lt\/ru\/wp-json\/wp\/v2\/product"}],"about":[{"href":"https:\/\/www.horomechanika.lt\/ru\/wp-json\/wp\/v2\/types\/product"}],"replies":[{"embeddable":true,"href":"https:\/\/www.horomechanika.lt\/ru\/wp-json\/wp\/v2\/comments?post=11466"}],"wp:featuredmedia":[{"embeddable":true,"href":"https:\/\/www.horomechanika.lt\/ru\/wp-json\/wp\/v2\/media\/11470"}],"wp:attachment":[{"href":"https:\/\/www.horomechanika.lt\/ru\/wp-json\/wp\/v2\/media?parent=11466"}],"wp:term":[{"taxonomy":"product_cat","embeddable":true,"href":"https:\/\/www.horomechanika.lt\/ru\/wp-json\/wp\/v2\/product_cat?post=11466"},{"taxonomy":"product_tag","embeddable":true,"href":"https:\/\/www.horomechanika.lt\/ru\/wp-json\/wp\/v2\/product_tag?post=11466"}],"curies":[{"name":"wp","href":"https:\/\/api.w.org\/{rel}","templated":true}]}}