{"id":11469,"date":"2020-09-16T16:38:44","date_gmt":"2020-09-16T13:38:44","guid":{"rendered":"http:\/\/horomechanika.lt\/?post_type=product&#038;p=11469"},"modified":"2021-01-21T12:37:25","modified_gmt":"2021-01-21T09:37:25","slug":"griebtuvas-medienai-cd-snr-1200","status":"publish","type":"product","link":"https:\/\/www.horomechanika.lt\/ru\/product\/griebtuvas-medienai-cd-snr-1200\/","title":{"rendered":"Griebtuvas medienai CD SNR 1200"},"content":{"rendered":"<h1><span class=\"\">MEDIENOS GRIEBTUVAS<\/span><\/h1>\n<h3>Griebtuvas medienai CD SNR 1200 pritaikytas darbui su krautuvais arba krovikliais.<\/h3>\n<ul>\n<li>D\u0117ka panaudot\u0173 auk\u0161tos kokyb\u0117s med\u017eiag\u0173, griebtuvas gerai veikia sunkiomis darbo s\u0105lygomis.<\/li>\n<li>Visa konstrukcija yra pagaminta i\u0161 padidinto patvarumo plieno S355 ir apsaugota patvariu milteliniu b\u016bdu da\u017eom\u0173 da\u017e\u0173 sluoksniu.<\/li>\n<li>Griebtuvas turi du optimizuotus Lenkijos gamintojo hidraulinius cilindrus, kurie u\u017etikrina saug\u0173 darb\u0105 ir medienos gabenim\u0105.<\/li>\n<li>Platus vir\u0161utin\u0117s str\u0117l\u0117s atidarymo kampas leid\u017eia valdyti r\u0105stus, kuri\u0173 skersmuo didesnis kaip 80 cm, o svoris &#8211; iki 1300 kg.<\/li>\n<\/ul>\n<p><strong>Standartinis tvirtinimas:\u00a0<\/strong>EURO ir SMS<br \/>\n<strong>Priemoka:\u00a0<\/strong>hidraulin\u0117s jungtys EURO<\/p>","protected":false},"excerpt":{"rendered":"<table>\n<tbody>\n<tr>\n<td colspan=\"3\" width=\"451\">Medienos griebtuvas CD SNR 1200<\/td>\n<\/tr>\n<tr>\n<td width=\"150\">&nbsp;<\/td>\n<td width=\"150\">Mato vnt.<\/td>\n<td width=\"150\">Reik\u0161m\u0117<\/td>\n<\/tr>\n<tr>\n<td width=\"150\">Plotis<\/td>\n<td width=\"150\">Mm<\/td>\n<td width=\"150\">1200<\/td>\n<\/tr>\n<tr>\n<td width=\"150\">Apkrova<\/td>\n<td width=\"150\">Kg<\/td>\n<td width=\"150\">1300<\/td>\n<\/tr>\n<tr>\n<td width=\"150\">Svoris<\/td>\n<td width=\"150\">kg<\/td>\n<td width=\"150\">300<\/td>\n<\/tr>\n<tr>\n<td width=\"150\">Atsidarymas<\/td>\n<td width=\"150\">mm<\/td>\n<td width=\"150\">870<\/td>\n<\/tr>\n<\/tbody>\n<\/table>","protected":false},"featured_media":11472,"comment_status":"open","ping_status":"closed","template":"","meta":[],"product_cat":[109],"product_tag":[],"class_list":["post-11469","product","type-product","status-publish","has-post-thumbnail","hentry","product_cat-priedai-frontaliniam-krautuvui"],"yoast_head":"<!-- This site is optimized with the Yoast SEO plugin v20.1 - https:\/\/yoast.com\/wordpress\/plugins\/seo\/ -->\n<title>Griebtuvas medienai CD SNR 1200 | Horomechanika<\/title>\n<meta name=\"robots\" content=\"index, follow, max-snippet:-1, max-image-preview:large, max-video-preview:-1\" \/>\n<link rel=\"canonical\" href=\"https:\/\/www.horomechanika.lt\/ru\/product\/griebtuvas-medienai-cd-snr-1200\/\" \/>\n<meta property=\"og:locale\" content=\"ru_RU\" \/>\n<meta property=\"og:type\" content=\"article\" \/>\n<meta property=\"og:title\" content=\"Griebtuvas medienai CD SNR 1200 | Horomechanika\" \/>\n<meta property=\"og:description\" content=\"Medienos griebtuvas CD SNR 1200   &nbsp; Mato vnt. Reik\u0161m\u0117   Plotis Mm 1200   Apkrova Kg 1300   Svoris kg 300   Atsidarymas mm 870\" \/>\n<meta property=\"og:url\" content=\"https:\/\/www.horomechanika.lt\/ru\/product\/griebtuvas-medienai-cd-snr-1200\/\" \/>\n<meta property=\"og:site_name\" content=\"Horomechanika\" \/>\n<meta property=\"article:publisher\" content=\"https:\/\/www.facebook.com\/UAB-Horo-mechanika-177091812471952\" \/>\n<meta property=\"article:modified_time\" content=\"2021-01-21T09:37:25+00:00\" \/>\n<meta property=\"og:image\" content=\"https:\/\/www.horomechanika.lt\/wp-content\/uploads\/2020\/09\/cd-snr1200_big_1.png\" \/>\n\t<meta property=\"og:image:width\" content=\"900\" \/>\n\t<meta property=\"og:image:height\" content=\"759\" \/>\n\t<meta property=\"og:image:type\" content=\"image\/png\" \/>\n<meta name=\"twitter:card\" content=\"summary_large_image\" \/>\n<script type=\"application\/ld+json\" class=\"yoast-schema-graph\">{\"@context\":\"https:\/\/schema.org\",\"@graph\":[{\"@type\":\"WebPage\",\"@id\":\"https:\/\/www.horomechanika.lt\/product\/griebtuvas-medienai-cd-snr-1200\/\",\"url\":\"https:\/\/www.horomechanika.lt\/product\/griebtuvas-medienai-cd-snr-1200\/\",\"name\":\"Griebtuvas medienai CD SNR 1200 | Horomechanika\",\"isPartOf\":{\"@id\":\"https:\/\/www.horomechanika.lt\/#website\"},\"datePublished\":\"2020-09-16T13:38:44+00:00\",\"dateModified\":\"2021-01-21T09:37:25+00:00\",\"breadcrumb\":{\"@id\":\"https:\/\/www.horomechanika.lt\/product\/griebtuvas-medienai-cd-snr-1200\/#breadcrumb\"},\"inLanguage\":\"ru-RU\",\"potentialAction\":[{\"@type\":\"ReadAction\",\"target\":[\"https:\/\/www.horomechanika.lt\/product\/griebtuvas-medienai-cd-snr-1200\/\"]}]},{\"@type\":\"BreadcrumbList\",\"@id\":\"https:\/\/www.horomechanika.lt\/product\/griebtuvas-medienai-cd-snr-1200\/#breadcrumb\",\"itemListElement\":[{\"@type\":\"ListItem\",\"position\":1,\"name\":\"Home\",\"item\":\"https:\/\/www.horomechanika.lt\/\"},{\"@type\":\"ListItem\",\"position\":2,\"name\":\"Shop\",\"item\":\"https:\/\/www.horomechanika.lt\/ru\/shop-2\/\"},{\"@type\":\"ListItem\",\"position\":3,\"name\":\"Griebtuvas medienai CD SNR 1200\"}]},{\"@type\":\"WebSite\",\"@id\":\"https:\/\/www.horomechanika.lt\/#website\",\"url\":\"https:\/\/www.horomechanika.lt\/\",\"name\":\"Horomechanika\",\"description\":\"\u017dem\u0117s \u016akio Technika\",\"publisher\":{\"@id\":\"https:\/\/www.horomechanika.lt\/#organization\"},\"potentialAction\":[{\"@type\":\"SearchAction\",\"target\":{\"@type\":\"EntryPoint\",\"urlTemplate\":\"https:\/\/www.horomechanika.lt\/?s={search_term_string}\"},\"query-input\":\"required name=search_term_string\"}],\"inLanguage\":\"ru-RU\"},{\"@type\":\"Organization\",\"@id\":\"https:\/\/www.horomechanika.lt\/#organization\",\"name\":\"UAB \\\"Horo mechanika\\\"\",\"url\":\"https:\/\/www.horomechanika.lt\/\",\"logo\":{\"@type\":\"ImageObject\",\"inLanguage\":\"ru-RU\",\"@id\":\"https:\/\/www.horomechanika.lt\/#\/schema\/logo\/image\/\",\"url\":\"https:\/\/www.horomechanika.lt\/wp-content\/uploads\/2020\/05\/horomechanika-logo.png\",\"contentUrl\":\"https:\/\/www.horomechanika.lt\/wp-content\/uploads\/2020\/05\/horomechanika-logo.png\",\"width\":137,\"height\":56,\"caption\":\"UAB \\\"Horo mechanika\\\"\"},\"image\":{\"@id\":\"https:\/\/www.horomechanika.lt\/#\/schema\/logo\/image\/\"},\"sameAs\":[\"https:\/\/www.facebook.com\/UAB-Horo-mechanika-177091812471952\"]}]}<\/script>\n<!-- \/ Yoast SEO plugin. -->","yoast_head_json":{"title":"Griebtuvas medienai CD SNR 1200 | Horomechanika","robots":{"index":"index","follow":"follow","max-snippet":"max-snippet:-1","max-image-preview":"max-image-preview:large","max-video-preview":"max-video-preview:-1"},"canonical":"https:\/\/www.horomechanika.lt\/ru\/product\/griebtuvas-medienai-cd-snr-1200\/","og_locale":"ru_RU","og_type":"article","og_title":"Griebtuvas medienai CD SNR 1200 | Horomechanika","og_description":"Medienos griebtuvas CD SNR 1200   &nbsp; Mato vnt. Reik\u0161m\u0117   Plotis Mm 1200   Apkrova Kg 1300   Svoris kg 300   Atsidarymas mm 870","og_url":"https:\/\/www.horomechanika.lt\/ru\/product\/griebtuvas-medienai-cd-snr-1200\/","og_site_name":"Horomechanika","article_publisher":"https:\/\/www.facebook.com\/UAB-Horo-mechanika-177091812471952","article_modified_time":"2021-01-21T09:37:25+00:00","og_image":[{"width":900,"height":759,"url":"https:\/\/www.horomechanika.lt\/wp-content\/uploads\/2020\/09\/cd-snr1200_big_1.png","type":"image\/png"}],"twitter_card":"summary_large_image","schema":{"@context":"https:\/\/schema.org","@graph":[{"@type":"WebPage","@id":"https:\/\/www.horomechanika.lt\/product\/griebtuvas-medienai-cd-snr-1200\/","url":"https:\/\/www.horomechanika.lt\/product\/griebtuvas-medienai-cd-snr-1200\/","name":"Griebtuvas medienai CD SNR 1200 | Horomechanika","isPartOf":{"@id":"https:\/\/www.horomechanika.lt\/#website"},"datePublished":"2020-09-16T13:38:44+00:00","dateModified":"2021-01-21T09:37:25+00:00","breadcrumb":{"@id":"https:\/\/www.horomechanika.lt\/product\/griebtuvas-medienai-cd-snr-1200\/#breadcrumb"},"inLanguage":"ru-RU","potentialAction":[{"@type":"ReadAction","target":["https:\/\/www.horomechanika.lt\/product\/griebtuvas-medienai-cd-snr-1200\/"]}]},{"@type":"BreadcrumbList","@id":"https:\/\/www.horomechanika.lt\/product\/griebtuvas-medienai-cd-snr-1200\/#breadcrumb","itemListElement":[{"@type":"ListItem","position":1,"name":"Home","item":"https:\/\/www.horomechanika.lt\/"},{"@type":"ListItem","position":2,"name":"Shop","item":"https:\/\/www.horomechanika.lt\/ru\/shop-2\/"},{"@type":"ListItem","position":3,"name":"Griebtuvas medienai CD SNR 1200"}]},{"@type":"WebSite","@id":"https:\/\/www.horomechanika.lt\/#website","url":"https:\/\/www.horomechanika.lt\/","name":"Horomechanika","description":"\u017dem\u0117s \u016akio Technika","publisher":{"@id":"https:\/\/www.horomechanika.lt\/#organization"},"potentialAction":[{"@type":"SearchAction","target":{"@type":"EntryPoint","urlTemplate":"https:\/\/www.horomechanika.lt\/?s={search_term_string}"},"query-input":"required name=search_term_string"}],"inLanguage":"ru-RU"},{"@type":"Organization","@id":"https:\/\/www.horomechanika.lt\/#organization","name":"UAB \"Horo mechanika\"","url":"https:\/\/www.horomechanika.lt\/","logo":{"@type":"ImageObject","inLanguage":"ru-RU","@id":"https:\/\/www.horomechanika.lt\/#\/schema\/logo\/image\/","url":"https:\/\/www.horomechanika.lt\/wp-content\/uploads\/2020\/05\/horomechanika-logo.png","contentUrl":"https:\/\/www.horomechanika.lt\/wp-content\/uploads\/2020\/05\/horomechanika-logo.png","width":137,"height":56,"caption":"UAB \"Horo mechanika\""},"image":{"@id":"https:\/\/www.horomechanika.lt\/#\/schema\/logo\/image\/"},"sameAs":["https:\/\/www.facebook.com\/UAB-Horo-mechanika-177091812471952"]}]}},"_links":{"self":[{"href":"https:\/\/www.horomechanika.lt\/ru\/wp-json\/wp\/v2\/product\/11469","targetHints":{"allow":["GET"]}}],"collection":[{"href":"https:\/\/www.horomechanika.lt\/ru\/wp-json\/wp\/v2\/product"}],"about":[{"href":"https:\/\/www.horomechanika.lt\/ru\/wp-json\/wp\/v2\/types\/product"}],"replies":[{"embeddable":true,"href":"https:\/\/www.horomechanika.lt\/ru\/wp-json\/wp\/v2\/comments?post=11469"}],"wp:featuredmedia":[{"embeddable":true,"href":"https:\/\/www.horomechanika.lt\/ru\/wp-json\/wp\/v2\/media\/11472"}],"wp:attachment":[{"href":"https:\/\/www.horomechanika.lt\/ru\/wp-json\/wp\/v2\/media?parent=11469"}],"wp:term":[{"taxonomy":"product_cat","embeddable":true,"href":"https:\/\/www.horomechanika.lt\/ru\/wp-json\/wp\/v2\/product_cat?post=11469"},{"taxonomy":"product_tag","embeddable":true,"href":"https:\/\/www.horomechanika.lt\/ru\/wp-json\/wp\/v2\/product_tag?post=11469"}],"curies":[{"name":"wp","href":"https:\/\/api.w.org\/{rel}","templated":true}]}}