{"id":11473,"date":"2020-09-16T16:44:38","date_gmt":"2020-09-16T13:44:38","guid":{"rendered":"http:\/\/horomechanika.lt\/?post_type=product&#038;p=11473"},"modified":"2021-01-21T12:37:06","modified_gmt":"2021-01-21T09:37:06","slug":"multifunkcinis-sienainio-griebtuvas-cwb-snr","status":"publish","type":"product","link":"https:\/\/www.horomechanika.lt\/ru\/product\/multifunkcinis-sienainio-griebtuvas-cwb-snr\/","title":{"rendered":"Multifunkcinis \u0161ienainio griebtuvas CWB SNR"},"content":{"rendered":"<table>\n<tbody>\n<tr>\n<td colspan=\"3\" width=\"451\">Rulon\u0173 griebtuvas CWb SNR<\/td>\n<\/tr>\n<tr>\n<td width=\"150\"><\/td>\n<td width=\"150\">Mato vnt.<\/td>\n<td width=\"150\">Reik\u0161m\u0117<\/td>\n<\/tr>\n<tr>\n<td width=\"150\">Plotis<\/td>\n<td width=\"150\">Mm<\/td>\n<td width=\"150\">1500<\/td>\n<\/tr>\n<tr>\n<td width=\"150\">Apkrova<\/td>\n<td width=\"150\">Kg<\/td>\n<td width=\"150\">1200<\/td>\n<\/tr>\n<tr>\n<td width=\"150\">Svoris<\/td>\n<td width=\"150\">kg<\/td>\n<td width=\"150\">280<\/td>\n<\/tr>\n<\/tbody>\n<\/table>\n<p>&nbsp;<\/p>","protected":false},"excerpt":{"rendered":"<h3>Multifunkcinis \u0161ienainio griebtuvas CWB SNR<\/h3>\n<ul>\n<li>Jame yra vienas efektyvus cilindro mechanizmas.<\/li>\n<li>Maksimali keliamoji j\u0117ga tai 900kg.<\/li>\n<li>Str\u0117li\u0173 u\u017edarymo ir atidarymo procesas vyksta skirtingu grei\u010diu, leid\u017eian\u010diu griebtuvui i\u0161va\u017eiuoti i\u0161 rulon\u0173 kr\u016bvos, nepa\u017eeid\u017eiant prie jo esan\u010di\u0173 rulon\u0173.<\/li>\n<li>Visa konstrukcija yra pagaminta i\u0161 didelio stiprumo plieno ir apsaugota lako danga, kuri da\u017eoma milteliniu metodu.<\/li>\n<li>Str\u0117l\u0117s, i\u0161lenktos i\u0161 didelio skersmens storasienio vamzd\u017eio, kas u\u017etikrina patikim\u0105 rulono\u00a0 suspaudim\u0105.<\/li>\n<li>I\u0161 C45 konstrukcinio plieno pagaminti galvanizuoti kai\u0161\u010diai ir \u012fvor\u0117s yra atspar\u016bs trin\u010diai.<\/li>\n<li>Hidraulin\u0117s \u017earnos u\u017etikrina auk\u0161t\u0105 kokyb\u0119 ir patikimum\u0105 ir gali b\u016bti pritaikytos individualiems poreikiams.<\/li>\n<\/ul>\n<p><strong>Standartinis tvirtinimas:<\/strong> EURO arba SMS<\/p>","protected":false},"featured_media":11475,"comment_status":"open","ping_status":"closed","template":"","meta":[],"product_cat":[109],"product_tag":[],"class_list":["post-11473","product","type-product","status-publish","has-post-thumbnail","hentry","product_cat-priedai-frontaliniam-krautuvui"],"yoast_head":"<!-- This site is optimized with the Yoast SEO plugin v20.1 - https:\/\/yoast.com\/wordpress\/plugins\/seo\/ -->\n<title>Multifunkcinis \u0161ienainio griebtuvas CWB SNR | Horomechanika<\/title>\n<meta name=\"robots\" content=\"index, follow, max-snippet:-1, max-image-preview:large, max-video-preview:-1\" \/>\n<link rel=\"canonical\" href=\"https:\/\/www.horomechanika.lt\/ru\/product\/multifunkcinis-sienainio-griebtuvas-cwb-snr\/\" \/>\n<meta property=\"og:locale\" content=\"ru_RU\" \/>\n<meta property=\"og:type\" content=\"article\" \/>\n<meta property=\"og:title\" content=\"Multifunkcinis \u0161ienainio griebtuvas CWB SNR | Horomechanika\" \/>\n<meta property=\"og:description\" content=\"Multifunkcinis \u0161ienainio griebtuvas CWB SNR   Jame yra vienas efektyvus cilindro mechanizmas.  Maksimali keliamoji j\u0117ga tai 900kg.  Str\u0117li\u0173 u\u017edarymo ir atidarymo procesas vyksta skirtingu grei\u010diu, leid\u017eian\u010diu griebtuvui i\u0161va\u017eiuoti i\u0161 rulon\u0173 kr\u016bvos, nepa\u017eeid\u017eiant prie jo esan\u010di\u0173 rulon\u0173.  Visa konstrukcija yra pagaminta i\u0161 didelio stiprumo plieno ir apsaugota lako danga, kuri da\u017eoma milteliniu metodu.  Str\u0117l\u0117s, i\u0161lenktos i\u0161 didelio skersmens storasienio vamzd\u017eio, kas u\u017etikrina patikim\u0105 rulono\u00a0 suspaudim\u0105.  I\u0161 C45 konstrukcinio plieno pagaminti galvanizuoti kai\u0161\u010diai ir \u012fvor\u0117s yra atspar\u016bs trin\u010diai.  Hidraulin\u0117s \u017earnos u\u017etikrina auk\u0161t\u0105 kokyb\u0119 ir patikimum\u0105 ir gali b\u016bti pritaikytos individualiems poreikiams.  Standartinis tvirtinimas: EURO arba SMS\" \/>\n<meta property=\"og:url\" content=\"https:\/\/www.horomechanika.lt\/ru\/product\/multifunkcinis-sienainio-griebtuvas-cwb-snr\/\" \/>\n<meta property=\"og:site_name\" content=\"Horomechanika\" \/>\n<meta property=\"article:publisher\" content=\"https:\/\/www.facebook.com\/UAB-Horo-mechanika-177091812471952\" \/>\n<meta property=\"article:modified_time\" content=\"2021-01-21T09:37:06+00:00\" \/>\n<meta property=\"og:image\" content=\"https:\/\/www.horomechanika.lt\/wp-content\/uploads\/2020\/09\/chwytak-wielofunkcyjny-render-2_big-1.png\" \/>\n\t<meta property=\"og:image:width\" content=\"626\" \/>\n\t<meta property=\"og:image:height\" content=\"768\" \/>\n\t<meta property=\"og:image:type\" content=\"image\/png\" \/>\n<meta name=\"twitter:card\" content=\"summary_large_image\" \/>\n<script type=\"application\/ld+json\" class=\"yoast-schema-graph\">{\"@context\":\"https:\/\/schema.org\",\"@graph\":[{\"@type\":\"WebPage\",\"@id\":\"https:\/\/www.horomechanika.lt\/product\/multifunkcinis-sienainio-griebtuvas-cwb-snr\/\",\"url\":\"https:\/\/www.horomechanika.lt\/product\/multifunkcinis-sienainio-griebtuvas-cwb-snr\/\",\"name\":\"Multifunkcinis \u0161ienainio griebtuvas CWB SNR | Horomechanika\",\"isPartOf\":{\"@id\":\"https:\/\/www.horomechanika.lt\/#website\"},\"datePublished\":\"2020-09-16T13:44:38+00:00\",\"dateModified\":\"2021-01-21T09:37:06+00:00\",\"breadcrumb\":{\"@id\":\"https:\/\/www.horomechanika.lt\/product\/multifunkcinis-sienainio-griebtuvas-cwb-snr\/#breadcrumb\"},\"inLanguage\":\"ru-RU\",\"potentialAction\":[{\"@type\":\"ReadAction\",\"target\":[\"https:\/\/www.horomechanika.lt\/product\/multifunkcinis-sienainio-griebtuvas-cwb-snr\/\"]}]},{\"@type\":\"BreadcrumbList\",\"@id\":\"https:\/\/www.horomechanika.lt\/product\/multifunkcinis-sienainio-griebtuvas-cwb-snr\/#breadcrumb\",\"itemListElement\":[{\"@type\":\"ListItem\",\"position\":1,\"name\":\"Home\",\"item\":\"https:\/\/www.horomechanika.lt\/\"},{\"@type\":\"ListItem\",\"position\":2,\"name\":\"Shop\",\"item\":\"https:\/\/www.horomechanika.lt\/ru\/shop-2\/\"},{\"@type\":\"ListItem\",\"position\":3,\"name\":\"Multifunkcinis \u0161ienainio griebtuvas CWB SNR\"}]},{\"@type\":\"WebSite\",\"@id\":\"https:\/\/www.horomechanika.lt\/#website\",\"url\":\"https:\/\/www.horomechanika.lt\/\",\"name\":\"Horomechanika\",\"description\":\"\u017dem\u0117s \u016akio Technika\",\"publisher\":{\"@id\":\"https:\/\/www.horomechanika.lt\/#organization\"},\"potentialAction\":[{\"@type\":\"SearchAction\",\"target\":{\"@type\":\"EntryPoint\",\"urlTemplate\":\"https:\/\/www.horomechanika.lt\/?s={search_term_string}\"},\"query-input\":\"required name=search_term_string\"}],\"inLanguage\":\"ru-RU\"},{\"@type\":\"Organization\",\"@id\":\"https:\/\/www.horomechanika.lt\/#organization\",\"name\":\"UAB \\\"Horo mechanika\\\"\",\"url\":\"https:\/\/www.horomechanika.lt\/\",\"logo\":{\"@type\":\"ImageObject\",\"inLanguage\":\"ru-RU\",\"@id\":\"https:\/\/www.horomechanika.lt\/#\/schema\/logo\/image\/\",\"url\":\"https:\/\/www.horomechanika.lt\/wp-content\/uploads\/2020\/05\/horomechanika-logo.png\",\"contentUrl\":\"https:\/\/www.horomechanika.lt\/wp-content\/uploads\/2020\/05\/horomechanika-logo.png\",\"width\":137,\"height\":56,\"caption\":\"UAB \\\"Horo mechanika\\\"\"},\"image\":{\"@id\":\"https:\/\/www.horomechanika.lt\/#\/schema\/logo\/image\/\"},\"sameAs\":[\"https:\/\/www.facebook.com\/UAB-Horo-mechanika-177091812471952\"]}]}<\/script>\n<!-- \/ Yoast SEO plugin. -->","yoast_head_json":{"title":"Multifunkcinis \u0161ienainio griebtuvas CWB SNR | Horomechanika","robots":{"index":"index","follow":"follow","max-snippet":"max-snippet:-1","max-image-preview":"max-image-preview:large","max-video-preview":"max-video-preview:-1"},"canonical":"https:\/\/www.horomechanika.lt\/ru\/product\/multifunkcinis-sienainio-griebtuvas-cwb-snr\/","og_locale":"ru_RU","og_type":"article","og_title":"Multifunkcinis \u0161ienainio griebtuvas CWB SNR | Horomechanika","og_description":"Multifunkcinis \u0161ienainio griebtuvas CWB SNR   Jame yra vienas efektyvus cilindro mechanizmas.  Maksimali keliamoji j\u0117ga tai 900kg.  Str\u0117li\u0173 u\u017edarymo ir atidarymo procesas vyksta skirtingu grei\u010diu, leid\u017eian\u010diu griebtuvui i\u0161va\u017eiuoti i\u0161 rulon\u0173 kr\u016bvos, nepa\u017eeid\u017eiant prie jo esan\u010di\u0173 rulon\u0173.  Visa konstrukcija yra pagaminta i\u0161 didelio stiprumo plieno ir apsaugota lako danga, kuri da\u017eoma milteliniu metodu.  Str\u0117l\u0117s, i\u0161lenktos i\u0161 didelio skersmens storasienio vamzd\u017eio, kas u\u017etikrina patikim\u0105 rulono\u00a0 suspaudim\u0105.  I\u0161 C45 konstrukcinio plieno pagaminti galvanizuoti kai\u0161\u010diai ir \u012fvor\u0117s yra atspar\u016bs trin\u010diai.  Hidraulin\u0117s \u017earnos u\u017etikrina auk\u0161t\u0105 kokyb\u0119 ir patikimum\u0105 ir gali b\u016bti pritaikytos individualiems poreikiams.  Standartinis tvirtinimas: EURO arba SMS","og_url":"https:\/\/www.horomechanika.lt\/ru\/product\/multifunkcinis-sienainio-griebtuvas-cwb-snr\/","og_site_name":"Horomechanika","article_publisher":"https:\/\/www.facebook.com\/UAB-Horo-mechanika-177091812471952","article_modified_time":"2021-01-21T09:37:06+00:00","og_image":[{"width":626,"height":768,"url":"https:\/\/www.horomechanika.lt\/wp-content\/uploads\/2020\/09\/chwytak-wielofunkcyjny-render-2_big-1.png","type":"image\/png"}],"twitter_card":"summary_large_image","schema":{"@context":"https:\/\/schema.org","@graph":[{"@type":"WebPage","@id":"https:\/\/www.horomechanika.lt\/product\/multifunkcinis-sienainio-griebtuvas-cwb-snr\/","url":"https:\/\/www.horomechanika.lt\/product\/multifunkcinis-sienainio-griebtuvas-cwb-snr\/","name":"Multifunkcinis \u0161ienainio griebtuvas CWB SNR | Horomechanika","isPartOf":{"@id":"https:\/\/www.horomechanika.lt\/#website"},"datePublished":"2020-09-16T13:44:38+00:00","dateModified":"2021-01-21T09:37:06+00:00","breadcrumb":{"@id":"https:\/\/www.horomechanika.lt\/product\/multifunkcinis-sienainio-griebtuvas-cwb-snr\/#breadcrumb"},"inLanguage":"ru-RU","potentialAction":[{"@type":"ReadAction","target":["https:\/\/www.horomechanika.lt\/product\/multifunkcinis-sienainio-griebtuvas-cwb-snr\/"]}]},{"@type":"BreadcrumbList","@id":"https:\/\/www.horomechanika.lt\/product\/multifunkcinis-sienainio-griebtuvas-cwb-snr\/#breadcrumb","itemListElement":[{"@type":"ListItem","position":1,"name":"Home","item":"https:\/\/www.horomechanika.lt\/"},{"@type":"ListItem","position":2,"name":"Shop","item":"https:\/\/www.horomechanika.lt\/ru\/shop-2\/"},{"@type":"ListItem","position":3,"name":"Multifunkcinis \u0161ienainio griebtuvas CWB SNR"}]},{"@type":"WebSite","@id":"https:\/\/www.horomechanika.lt\/#website","url":"https:\/\/www.horomechanika.lt\/","name":"Horomechanika","description":"\u017dem\u0117s \u016akio Technika","publisher":{"@id":"https:\/\/www.horomechanika.lt\/#organization"},"potentialAction":[{"@type":"SearchAction","target":{"@type":"EntryPoint","urlTemplate":"https:\/\/www.horomechanika.lt\/?s={search_term_string}"},"query-input":"required name=search_term_string"}],"inLanguage":"ru-RU"},{"@type":"Organization","@id":"https:\/\/www.horomechanika.lt\/#organization","name":"UAB \"Horo mechanika\"","url":"https:\/\/www.horomechanika.lt\/","logo":{"@type":"ImageObject","inLanguage":"ru-RU","@id":"https:\/\/www.horomechanika.lt\/#\/schema\/logo\/image\/","url":"https:\/\/www.horomechanika.lt\/wp-content\/uploads\/2020\/05\/horomechanika-logo.png","contentUrl":"https:\/\/www.horomechanika.lt\/wp-content\/uploads\/2020\/05\/horomechanika-logo.png","width":137,"height":56,"caption":"UAB \"Horo mechanika\""},"image":{"@id":"https:\/\/www.horomechanika.lt\/#\/schema\/logo\/image\/"},"sameAs":["https:\/\/www.facebook.com\/UAB-Horo-mechanika-177091812471952"]}]}},"_links":{"self":[{"href":"https:\/\/www.horomechanika.lt\/ru\/wp-json\/wp\/v2\/product\/11473","targetHints":{"allow":["GET"]}}],"collection":[{"href":"https:\/\/www.horomechanika.lt\/ru\/wp-json\/wp\/v2\/product"}],"about":[{"href":"https:\/\/www.horomechanika.lt\/ru\/wp-json\/wp\/v2\/types\/product"}],"replies":[{"embeddable":true,"href":"https:\/\/www.horomechanika.lt\/ru\/wp-json\/wp\/v2\/comments?post=11473"}],"wp:featuredmedia":[{"embeddable":true,"href":"https:\/\/www.horomechanika.lt\/ru\/wp-json\/wp\/v2\/media\/11475"}],"wp:attachment":[{"href":"https:\/\/www.horomechanika.lt\/ru\/wp-json\/wp\/v2\/media?parent=11473"}],"wp:term":[{"taxonomy":"product_cat","embeddable":true,"href":"https:\/\/www.horomechanika.lt\/ru\/wp-json\/wp\/v2\/product_cat?post=11473"},{"taxonomy":"product_tag","embeddable":true,"href":"https:\/\/www.horomechanika.lt\/ru\/wp-json\/wp\/v2\/product_tag?post=11473"}],"curies":[{"name":"wp","href":"https:\/\/api.w.org\/{rel}","templated":true}]}}