{"id":11483,"date":"2020-09-29T16:28:29","date_gmt":"2020-09-29T13:28:29","guid":{"rendered":"http:\/\/horomechanika.lt\/?post_type=product&#038;p=11483"},"modified":"2021-01-21T12:35:25","modified_gmt":"2021-01-21T09:35:25","slug":"pjoviklis-combi-w-snr-1600-2","status":"publish","type":"product","link":"https:\/\/www.horomechanika.lt\/ru\/product\/pjoviklis-combi-w-snr-1600-2\/","title":{"rendered":"Pjoviklis WK SNR 1400"},"content":{"rendered":"<h1><span class=\"\">\u0160IENAINIO PJOVIKLIS<\/span><\/h1>\n<ul>\n<li>Turi du cilindrus, kurie u\u017etikrina pakankamai auk\u0161t\u0105 med\u017eiag\u0173 pjovimo sl\u0117g\u012f.<\/li>\n<li>Sustiprinto plieno vir\u0161utiniame laikiklyje yra pritvirtinti gr\u016bdinto plieno \u0161oniniai ir priekiniai (kei\u010diami) dantys, d\u0117l ko palieka pavir\u0161iuje lygius \u012fpjovimus.<\/li>\n<li>Konstrukcija ir veikimas buvo suprojektuoti taip, kad nesuma\u017eint\u0173 prizm\u0117s strukt\u016bros pjovimo metu, d\u0117l to ne\u012fvyksta pagreitinti puvimo procesai.<\/li>\n<li>Lako danga da\u017eoma milteliniu metodu.<\/li>\n<\/ul>\n<p><strong>Standartinis tvirtinimas:\u00a0<\/strong>EURO arba SMS<br \/>\n<strong>Priemoka:<\/strong>\u00a0hidraulin\u0117s jungtys EURO<\/p>","protected":false},"excerpt":{"rendered":"<table>\n<tbody>\n<tr>\n<td colspan=\"5\" width=\"571\">Pjoviklis WK SNR<\/td>\n<\/tr>\n<tr>\n<td width=\"150\"><\/td>\n<td width=\"150\">Mato vnt.<\/td>\n<td width=\"97\">WK1400<\/td>\n<td width=\"86\">WK1600<\/td>\n<td width=\"86\">WK2000<\/td>\n<\/tr>\n<tr>\n<td width=\"150\">Plotis<\/td>\n<td width=\"150\">Mm<\/td>\n<td width=\"97\">1400<\/td>\n<td width=\"86\">1600<\/td>\n<td width=\"86\">2000<\/td>\n<\/tr>\n<tr>\n<td width=\"150\">Auk\u0161tis<\/td>\n<td width=\"150\">Mm<\/td>\n<td width=\"97\">850<\/td>\n<td width=\"86\">850<\/td>\n<td width=\"86\">850<\/td>\n<\/tr>\n<tr>\n<td width=\"150\">Auk\u0161tis atidarius<\/td>\n<td width=\"150\">Mm<\/td>\n<td width=\"97\">950<\/td>\n<td width=\"86\">950<\/td>\n<td width=\"86\">950<\/td>\n<\/tr>\n<tr>\n<td width=\"150\">Talpa<\/td>\n<td width=\"150\">M<sup>3<\/sup><\/td>\n<td width=\"97\">0,88<\/td>\n<td width=\"86\">1<\/td>\n<td width=\"86\">1,26<\/td>\n<\/tr>\n<tr>\n<td width=\"150\">Svoris<\/td>\n<td width=\"150\">kg<\/td>\n<td width=\"97\">470<\/td>\n<td width=\"86\">520<\/td>\n<td width=\"86\">660<\/td>\n<\/tr>\n<tr>\n<td width=\"150\">Dant\u0173 kiekis<\/td>\n<td width=\"150\">Vnt<\/td>\n<td width=\"97\">8+2<\/td>\n<td width=\"86\">10+2<\/td>\n<td width=\"86\">12+4<\/td>\n<\/tr>\n<tr>\n<td width=\"150\">Suspaudimo cilindrai<\/td>\n<td width=\"150\">vnt<\/td>\n<td width=\"97\">2<\/td>\n<td width=\"86\">2<\/td>\n<td width=\"86\">2<\/td>\n<\/tr>\n<\/tbody>\n<\/table>","protected":false},"featured_media":11489,"comment_status":"open","ping_status":"closed","template":"","meta":[],"product_cat":[109],"product_tag":[],"class_list":["post-11483","product","type-product","status-publish","has-post-thumbnail","hentry","product_cat-priedai-frontaliniam-krautuvui"],"yoast_head":"<!-- This site is optimized with the Yoast SEO plugin v20.1 - https:\/\/yoast.com\/wordpress\/plugins\/seo\/ -->\n<title>Pjoviklis WK SNR 1400 | Horomechanika<\/title>\n<meta name=\"robots\" content=\"index, follow, max-snippet:-1, max-image-preview:large, max-video-preview:-1\" \/>\n<link rel=\"canonical\" href=\"https:\/\/www.horomechanika.lt\/ru\/product\/pjoviklis-combi-w-snr-1600-2\/\" \/>\n<meta property=\"og:locale\" content=\"ru_RU\" \/>\n<meta property=\"og:type\" content=\"article\" \/>\n<meta property=\"og:title\" content=\"Pjoviklis WK SNR 1400 | Horomechanika\" \/>\n<meta property=\"og:description\" content=\"Pjoviklis WK SNR    Mato vnt. WK1400 WK1600 WK2000   Plotis Mm 1400 1600 2000   Auk\u0161tis Mm 850 850 850   Auk\u0161tis atidarius Mm 950 950 950   Talpa M3 0,88 1 1,26   Svoris kg 470 520 660   Dant\u0173 kiekis Vnt 8+2 10+2 12+4   Suspaudimo cilindrai vnt 2 2 2\" \/>\n<meta property=\"og:url\" content=\"https:\/\/www.horomechanika.lt\/ru\/product\/pjoviklis-combi-w-snr-1600-2\/\" \/>\n<meta property=\"og:site_name\" content=\"Horomechanika\" \/>\n<meta property=\"article:publisher\" content=\"https:\/\/www.facebook.com\/UAB-Horo-mechanika-177091812471952\" \/>\n<meta property=\"article:modified_time\" content=\"2021-01-21T09:35:25+00:00\" \/>\n<meta property=\"og:image\" content=\"https:\/\/www.horomechanika.lt\/wp-content\/uploads\/2020\/09\/wk1600-wycinak-kiszonki_big_1.png\" \/>\n\t<meta property=\"og:image:width\" content=\"760\" \/>\n\t<meta property=\"og:image:height\" content=\"612\" \/>\n\t<meta property=\"og:image:type\" content=\"image\/png\" \/>\n<meta name=\"twitter:card\" content=\"summary_large_image\" \/>\n<script type=\"application\/ld+json\" class=\"yoast-schema-graph\">{\"@context\":\"https:\/\/schema.org\",\"@graph\":[{\"@type\":\"WebPage\",\"@id\":\"https:\/\/www.horomechanika.lt\/product\/pjoviklis-combi-w-snr-1600-2\/\",\"url\":\"https:\/\/www.horomechanika.lt\/product\/pjoviklis-combi-w-snr-1600-2\/\",\"name\":\"Pjoviklis WK SNR 1400 | Horomechanika\",\"isPartOf\":{\"@id\":\"https:\/\/www.horomechanika.lt\/#website\"},\"datePublished\":\"2020-09-29T13:28:29+00:00\",\"dateModified\":\"2021-01-21T09:35:25+00:00\",\"breadcrumb\":{\"@id\":\"https:\/\/www.horomechanika.lt\/product\/pjoviklis-combi-w-snr-1600-2\/#breadcrumb\"},\"inLanguage\":\"ru-RU\",\"potentialAction\":[{\"@type\":\"ReadAction\",\"target\":[\"https:\/\/www.horomechanika.lt\/product\/pjoviklis-combi-w-snr-1600-2\/\"]}]},{\"@type\":\"BreadcrumbList\",\"@id\":\"https:\/\/www.horomechanika.lt\/product\/pjoviklis-combi-w-snr-1600-2\/#breadcrumb\",\"itemListElement\":[{\"@type\":\"ListItem\",\"position\":1,\"name\":\"Home\",\"item\":\"https:\/\/www.horomechanika.lt\/\"},{\"@type\":\"ListItem\",\"position\":2,\"name\":\"Shop\",\"item\":\"https:\/\/www.horomechanika.lt\/ru\/shop-2\/\"},{\"@type\":\"ListItem\",\"position\":3,\"name\":\"Pjoviklis WK SNR 1400\"}]},{\"@type\":\"WebSite\",\"@id\":\"https:\/\/www.horomechanika.lt\/#website\",\"url\":\"https:\/\/www.horomechanika.lt\/\",\"name\":\"Horomechanika\",\"description\":\"\u017dem\u0117s \u016akio Technika\",\"publisher\":{\"@id\":\"https:\/\/www.horomechanika.lt\/#organization\"},\"potentialAction\":[{\"@type\":\"SearchAction\",\"target\":{\"@type\":\"EntryPoint\",\"urlTemplate\":\"https:\/\/www.horomechanika.lt\/?s={search_term_string}\"},\"query-input\":\"required name=search_term_string\"}],\"inLanguage\":\"ru-RU\"},{\"@type\":\"Organization\",\"@id\":\"https:\/\/www.horomechanika.lt\/#organization\",\"name\":\"UAB \\\"Horo mechanika\\\"\",\"url\":\"https:\/\/www.horomechanika.lt\/\",\"logo\":{\"@type\":\"ImageObject\",\"inLanguage\":\"ru-RU\",\"@id\":\"https:\/\/www.horomechanika.lt\/#\/schema\/logo\/image\/\",\"url\":\"https:\/\/www.horomechanika.lt\/wp-content\/uploads\/2020\/05\/horomechanika-logo.png\",\"contentUrl\":\"https:\/\/www.horomechanika.lt\/wp-content\/uploads\/2020\/05\/horomechanika-logo.png\",\"width\":137,\"height\":56,\"caption\":\"UAB \\\"Horo mechanika\\\"\"},\"image\":{\"@id\":\"https:\/\/www.horomechanika.lt\/#\/schema\/logo\/image\/\"},\"sameAs\":[\"https:\/\/www.facebook.com\/UAB-Horo-mechanika-177091812471952\"]}]}<\/script>\n<!-- \/ Yoast SEO plugin. -->","yoast_head_json":{"title":"Pjoviklis WK SNR 1400 | Horomechanika","robots":{"index":"index","follow":"follow","max-snippet":"max-snippet:-1","max-image-preview":"max-image-preview:large","max-video-preview":"max-video-preview:-1"},"canonical":"https:\/\/www.horomechanika.lt\/ru\/product\/pjoviklis-combi-w-snr-1600-2\/","og_locale":"ru_RU","og_type":"article","og_title":"Pjoviklis WK SNR 1400 | Horomechanika","og_description":"Pjoviklis WK SNR    Mato vnt. WK1400 WK1600 WK2000   Plotis Mm 1400 1600 2000   Auk\u0161tis Mm 850 850 850   Auk\u0161tis atidarius Mm 950 950 950   Talpa M3 0,88 1 1,26   Svoris kg 470 520 660   Dant\u0173 kiekis Vnt 8+2 10+2 12+4   Suspaudimo cilindrai vnt 2 2 2","og_url":"https:\/\/www.horomechanika.lt\/ru\/product\/pjoviklis-combi-w-snr-1600-2\/","og_site_name":"Horomechanika","article_publisher":"https:\/\/www.facebook.com\/UAB-Horo-mechanika-177091812471952","article_modified_time":"2021-01-21T09:35:25+00:00","og_image":[{"width":760,"height":612,"url":"https:\/\/www.horomechanika.lt\/wp-content\/uploads\/2020\/09\/wk1600-wycinak-kiszonki_big_1.png","type":"image\/png"}],"twitter_card":"summary_large_image","schema":{"@context":"https:\/\/schema.org","@graph":[{"@type":"WebPage","@id":"https:\/\/www.horomechanika.lt\/product\/pjoviklis-combi-w-snr-1600-2\/","url":"https:\/\/www.horomechanika.lt\/product\/pjoviklis-combi-w-snr-1600-2\/","name":"Pjoviklis WK SNR 1400 | Horomechanika","isPartOf":{"@id":"https:\/\/www.horomechanika.lt\/#website"},"datePublished":"2020-09-29T13:28:29+00:00","dateModified":"2021-01-21T09:35:25+00:00","breadcrumb":{"@id":"https:\/\/www.horomechanika.lt\/product\/pjoviklis-combi-w-snr-1600-2\/#breadcrumb"},"inLanguage":"ru-RU","potentialAction":[{"@type":"ReadAction","target":["https:\/\/www.horomechanika.lt\/product\/pjoviklis-combi-w-snr-1600-2\/"]}]},{"@type":"BreadcrumbList","@id":"https:\/\/www.horomechanika.lt\/product\/pjoviklis-combi-w-snr-1600-2\/#breadcrumb","itemListElement":[{"@type":"ListItem","position":1,"name":"Home","item":"https:\/\/www.horomechanika.lt\/"},{"@type":"ListItem","position":2,"name":"Shop","item":"https:\/\/www.horomechanika.lt\/ru\/shop-2\/"},{"@type":"ListItem","position":3,"name":"Pjoviklis WK SNR 1400"}]},{"@type":"WebSite","@id":"https:\/\/www.horomechanika.lt\/#website","url":"https:\/\/www.horomechanika.lt\/","name":"Horomechanika","description":"\u017dem\u0117s \u016akio Technika","publisher":{"@id":"https:\/\/www.horomechanika.lt\/#organization"},"potentialAction":[{"@type":"SearchAction","target":{"@type":"EntryPoint","urlTemplate":"https:\/\/www.horomechanika.lt\/?s={search_term_string}"},"query-input":"required name=search_term_string"}],"inLanguage":"ru-RU"},{"@type":"Organization","@id":"https:\/\/www.horomechanika.lt\/#organization","name":"UAB \"Horo mechanika\"","url":"https:\/\/www.horomechanika.lt\/","logo":{"@type":"ImageObject","inLanguage":"ru-RU","@id":"https:\/\/www.horomechanika.lt\/#\/schema\/logo\/image\/","url":"https:\/\/www.horomechanika.lt\/wp-content\/uploads\/2020\/05\/horomechanika-logo.png","contentUrl":"https:\/\/www.horomechanika.lt\/wp-content\/uploads\/2020\/05\/horomechanika-logo.png","width":137,"height":56,"caption":"UAB \"Horo mechanika\""},"image":{"@id":"https:\/\/www.horomechanika.lt\/#\/schema\/logo\/image\/"},"sameAs":["https:\/\/www.facebook.com\/UAB-Horo-mechanika-177091812471952"]}]}},"_links":{"self":[{"href":"https:\/\/www.horomechanika.lt\/ru\/wp-json\/wp\/v2\/product\/11483","targetHints":{"allow":["GET"]}}],"collection":[{"href":"https:\/\/www.horomechanika.lt\/ru\/wp-json\/wp\/v2\/product"}],"about":[{"href":"https:\/\/www.horomechanika.lt\/ru\/wp-json\/wp\/v2\/types\/product"}],"replies":[{"embeddable":true,"href":"https:\/\/www.horomechanika.lt\/ru\/wp-json\/wp\/v2\/comments?post=11483"}],"wp:featuredmedia":[{"embeddable":true,"href":"https:\/\/www.horomechanika.lt\/ru\/wp-json\/wp\/v2\/media\/11489"}],"wp:attachment":[{"href":"https:\/\/www.horomechanika.lt\/ru\/wp-json\/wp\/v2\/media?parent=11483"}],"wp:term":[{"taxonomy":"product_cat","embeddable":true,"href":"https:\/\/www.horomechanika.lt\/ru\/wp-json\/wp\/v2\/product_cat?post=11483"},{"taxonomy":"product_tag","embeddable":true,"href":"https:\/\/www.horomechanika.lt\/ru\/wp-json\/wp\/v2\/product_tag?post=11483"}],"curies":[{"name":"wp","href":"https:\/\/api.w.org\/{rel}","templated":true}]}}