{"id":11492,"date":"2020-09-30T14:12:05","date_gmt":"2020-09-30T11:12:05","guid":{"rendered":"http:\/\/horomechanika.lt\/?post_type=product&#038;p=11492"},"modified":"2022-05-11T09:08:14","modified_gmt":"2022-05-11T06:08:14","slug":"universalus-kausai","status":"publish","type":"product","link":"https:\/\/www.horomechanika.lt\/ru\/product\/universalus-kausai\/","title":{"rendered":"UNIVERSALUS KAU\u0160AI"},"content":{"rendered":"<ul>\n<li>Kau\u0161o elementai (\u0161onai, kreiptuvai, armat\u016bra ir peilis), kurie labiausiai veikiami apkrovos ir nusid\u0117v\u0117jimo, buvo pagaminti i\u0161 didelio stiprumo plieno.<\/li>\n<li>Lako danga da\u017eoma milteliniu metodu.<\/li>\n<li>Prieinami plo\u010diai mm: 1200, 1500, 1800, 2000, 2200 bei 2400.<\/li>\n<li>Euro tvirtinimas standarte, galimyb\u0117 atlikti SMS ar kit\u0105 tvirtinim\u0105 pagal kliento poreikius.<\/li>\n<li>Pagal u\u017esakym\u0105, galima atlikti kau\u0161\u0105 su HARDOX 500 plieno peiliu.<\/li>\n<\/ul>\n<p><strong>Standartin\u0117 \u012franga:<\/strong><\/p>\n<ul>\n<li>tvirtinimas EURO arba SMS<\/li>\n<li>nudilimui atsparus peilis 250HB<\/li>\n<\/ul>\n<p><strong>Priemoka:<\/strong><\/p>\n<ul>\n<li>kito tipo tvirtinimas<\/li>\n<li>HARDOX 500 plieno peilis<\/li>\n<\/ul>","protected":false},"excerpt":{"rendered":"<table width=\"0\">\n<tbody>\n<tr>\n<td width=\"90\"><\/td>\n<td width=\"44\"><\/td>\n<td width=\"79\">LU1000<\/td>\n<td width=\"79\">LU1200<\/td>\n<td width=\"79\">LU1500<\/td>\n<td width=\"79\">LU1800<\/td>\n<td width=\"79\">LU2000<\/td>\n<td width=\"79\">LU2200<\/td>\n<td width=\"79\">LU2400<\/td>\n<\/tr>\n<tr>\n<td width=\"90\">Plotis<\/td>\n<td width=\"44\">mm<\/td>\n<td width=\"79\">1000<\/td>\n<td width=\"79\">1250<\/td>\n<td width=\"79\">1500<\/td>\n<td width=\"79\">1800<\/td>\n<td width=\"79\">2000<\/td>\n<td width=\"79\">2200<\/td>\n<td width=\"79\">2400<\/td>\n<\/tr>\n<tr>\n<td width=\"90\">Auk\u0161tis<\/td>\n<td width=\"44\">mm<\/td>\n<td width=\"79\">650<\/td>\n<td width=\"79\">650<\/td>\n<td width=\"79\">650<\/td>\n<td width=\"79\">650<\/td>\n<td width=\"79\">650<\/td>\n<td width=\"79\">650<\/td>\n<td width=\"79\">650<\/td>\n<\/tr>\n<tr>\n<td width=\"90\">Gylis<\/td>\n<td width=\"44\">mm<\/td>\n<td width=\"79\">750<\/td>\n<td width=\"79\">750<\/td>\n<td width=\"79\">750<\/td>\n<td width=\"79\">750<\/td>\n<td width=\"79\">750<\/td>\n<td width=\"79\">750<\/td>\n<td width=\"79\">750<\/td>\n<\/tr>\n<tr>\n<td width=\"90\">Talpa<\/td>\n<td width=\"44\">M<sup>3<\/sup><\/td>\n<td width=\"79\">0,33<\/td>\n<td width=\"79\">0,40<\/td>\n<td width=\"79\">0,50<\/td>\n<td width=\"79\">0,58<\/td>\n<td width=\"79\">0,64<\/td>\n<td width=\"79\">0,70<\/td>\n<td width=\"79\">0,76<\/td>\n<\/tr>\n<tr>\n<td width=\"90\">Mas\u0117<\/td>\n<td width=\"44\">kg<\/td>\n<td width=\"79\">105<\/td>\n<td width=\"79\">120<\/td>\n<td width=\"79\">155<\/td>\n<td width=\"79\">182<\/td>\n<td width=\"79\">195<\/td>\n<td width=\"79\">225<\/td>\n<td width=\"79\">245<\/td>\n<\/tr>\n<tr>\n<td width=\"90\">Keliamoji galia<\/td>\n<td width=\"44\">kg<\/td>\n<td width=\"79\">528<\/td>\n<td width=\"79\">660<\/td>\n<td width=\"79\">825<\/td>\n<td width=\"79\">960<\/td>\n<td width=\"79\">1060<\/td>\n<td width=\"79\">1160<\/td>\n<td width=\"79\">1260<\/td>\n<\/tr>\n<\/tbody>\n<\/table>\n<p>&nbsp;<\/p>\n<table width=\"0\">\n<tbody>\n<tr>\n<td colspan=\"8\" width=\"534\">MINI TECHNIKAI UNIVERSAL\u016aS KAU\u0160AI<\/td>\n<\/tr>\n<tr>\n<td width=\"89\">&nbsp;<\/td>\n<td width=\"43\">&nbsp;<\/td>\n<td width=\"73\">LUM 900<\/td>\n<td width=\"66\">LUM 1000<\/td>\n<td width=\"66\">LUM 1100<\/td>\n<td width=\"66\">LUM 1200<\/td>\n<td width=\"66\">LUM 1300<\/td>\n<td width=\"66\">LUM 1400<\/td>\n<\/tr>\n<tr>\n<td width=\"89\">Plotis<\/td>\n<td width=\"43\">mm<\/td>\n<td width=\"73\">900<\/td>\n<td width=\"66\">1000<\/td>\n<td width=\"66\">1100<\/td>\n<td width=\"66\">1200<\/td>\n<td width=\"66\">1300<\/td>\n<td width=\"66\">1400<\/td>\n<\/tr>\n<tr>\n<td width=\"89\">Auk\u0161tis<\/td>\n<td width=\"43\">mm<\/td>\n<td width=\"73\">525<\/td>\n<td width=\"66\">525<\/td>\n<td width=\"66\">525<\/td>\n<td width=\"66\">525<\/td>\n<td width=\"66\">525<\/td>\n<td width=\"66\">525<\/td>\n<\/tr>\n<tr>\n<td width=\"89\">Gylis<\/td>\n<td width=\"43\">mm<\/td>\n<td width=\"73\">620<\/td>\n<td width=\"66\">620<\/td>\n<td width=\"66\">620<\/td>\n<td width=\"66\">620<\/td>\n<td width=\"66\">620<\/td>\n<td width=\"66\">620<\/td>\n<\/tr>\n<tr>\n<td width=\"89\">Talpa<\/td>\n<td width=\"43\">M<sup>3<\/sup><\/td>\n<td width=\"73\">0,161<\/td>\n<td width=\"66\">0,180<\/td>\n<td width=\"66\">0,198<\/td>\n<td width=\"66\">0,217<\/td>\n<td width=\"66\">0,235<\/td>\n<td width=\"66\">0,254<\/td>\n<\/tr>\n<tr>\n<td width=\"89\">Mas\u0117<\/td>\n<td width=\"43\">kg<\/td>\n<td width=\"73\">64<\/td>\n<td width=\"66\">69<\/td>\n<td width=\"66\">74<\/td>\n<td width=\"66\">78<\/td>\n<td width=\"66\">83<\/td>\n<td width=\"66\">88<\/td>\n<\/tr>\n<\/tbody>\n<\/table>","protected":false},"featured_media":11498,"comment_status":"open","ping_status":"closed","template":"","meta":[],"product_cat":[109],"product_tag":[],"class_list":["post-11492","product","type-product","status-publish","has-post-thumbnail","hentry","product_cat-priedai-frontaliniam-krautuvui"],"yoast_head":"<!-- This site is optimized with the Yoast SEO plugin v20.1 - https:\/\/yoast.com\/wordpress\/plugins\/seo\/ -->\n<title>UNIVERSALUS KAU\u0160AI | Horomechanika<\/title>\n<meta name=\"robots\" content=\"index, follow, max-snippet:-1, max-image-preview:large, max-video-preview:-1\" \/>\n<link rel=\"canonical\" href=\"https:\/\/www.horomechanika.lt\/ru\/product\/universalus-kausai\/\" \/>\n<meta property=\"og:locale\" content=\"ru_RU\" \/>\n<meta property=\"og:type\" content=\"article\" \/>\n<meta property=\"og:title\" content=\"UNIVERSALUS KAU\u0160AI | Horomechanika\" \/>\n<meta property=\"og:description\" content=\"LU1000 LU1200 LU1500 LU1800 LU2000 LU2200 LU2400   Plotis mm 1000 1250 1500 1800 2000 2200 2400   Auk\u0161tis mm 650 650 650 650 650 650 650   Gylis mm 750 750 750 750 750 750 750   Talpa M3 0,33 0,40 0,50 0,58 0,64 0,70 0,76   Mas\u0117 kg 105 120 155 182 195 225 245   Keliamoji galia kg 528 660 825 960 1060 1160 1260    &nbsp;    MINI TECHNIKAI UNIVERSAL\u016aS KAU\u0160AI   &nbsp; &nbsp; LUM 900 LUM 1000 LUM 1100 LUM 1200 LUM 1300 LUM 1400   Plotis mm 900 1000 1100 1200 1300 1400   Auk\u0161tis mm 525 525 525 525 525 525   Gylis mm 620 620 620 620 620 620   Talpa M3 0,161 0,180 0,198 0,217 0,235 0,254   Mas\u0117 kg 64 69 74 78 83 88\" \/>\n<meta property=\"og:url\" content=\"https:\/\/www.horomechanika.lt\/ru\/product\/universalus-kausai\/\" \/>\n<meta property=\"og:site_name\" content=\"Horomechanika\" \/>\n<meta property=\"article:publisher\" content=\"https:\/\/www.facebook.com\/UAB-Horo-mechanika-177091812471952\" \/>\n<meta property=\"article:modified_time\" content=\"2022-05-11T06:08:14+00:00\" \/>\n<meta property=\"og:image\" content=\"https:\/\/www.horomechanika.lt\/wp-content\/uploads\/2020\/09\/u-snr2000_big-2.png\" \/>\n\t<meta property=\"og:image:width\" content=\"747\" \/>\n\t<meta property=\"og:image:height\" content=\"588\" \/>\n\t<meta property=\"og:image:type\" content=\"image\/png\" \/>\n<meta name=\"twitter:card\" content=\"summary_large_image\" \/>\n<script type=\"application\/ld+json\" class=\"yoast-schema-graph\">{\"@context\":\"https:\/\/schema.org\",\"@graph\":[{\"@type\":\"WebPage\",\"@id\":\"https:\/\/www.horomechanika.lt\/product\/universalus-kausai\/\",\"url\":\"https:\/\/www.horomechanika.lt\/product\/universalus-kausai\/\",\"name\":\"UNIVERSALUS KAU\u0160AI | Horomechanika\",\"isPartOf\":{\"@id\":\"https:\/\/www.horomechanika.lt\/#website\"},\"datePublished\":\"2020-09-30T11:12:05+00:00\",\"dateModified\":\"2022-05-11T06:08:14+00:00\",\"breadcrumb\":{\"@id\":\"https:\/\/www.horomechanika.lt\/product\/universalus-kausai\/#breadcrumb\"},\"inLanguage\":\"ru-RU\",\"potentialAction\":[{\"@type\":\"ReadAction\",\"target\":[\"https:\/\/www.horomechanika.lt\/product\/universalus-kausai\/\"]}]},{\"@type\":\"BreadcrumbList\",\"@id\":\"https:\/\/www.horomechanika.lt\/product\/universalus-kausai\/#breadcrumb\",\"itemListElement\":[{\"@type\":\"ListItem\",\"position\":1,\"name\":\"Home\",\"item\":\"https:\/\/www.horomechanika.lt\/\"},{\"@type\":\"ListItem\",\"position\":2,\"name\":\"Shop\",\"item\":\"https:\/\/www.horomechanika.lt\/ru\/shop-2\/\"},{\"@type\":\"ListItem\",\"position\":3,\"name\":\"UNIVERSALUS KAU\u0160AI\"}]},{\"@type\":\"WebSite\",\"@id\":\"https:\/\/www.horomechanika.lt\/#website\",\"url\":\"https:\/\/www.horomechanika.lt\/\",\"name\":\"Horomechanika\",\"description\":\"\u017dem\u0117s \u016akio Technika\",\"publisher\":{\"@id\":\"https:\/\/www.horomechanika.lt\/#organization\"},\"potentialAction\":[{\"@type\":\"SearchAction\",\"target\":{\"@type\":\"EntryPoint\",\"urlTemplate\":\"https:\/\/www.horomechanika.lt\/?s={search_term_string}\"},\"query-input\":\"required name=search_term_string\"}],\"inLanguage\":\"ru-RU\"},{\"@type\":\"Organization\",\"@id\":\"https:\/\/www.horomechanika.lt\/#organization\",\"name\":\"UAB \\\"Horo mechanika\\\"\",\"url\":\"https:\/\/www.horomechanika.lt\/\",\"logo\":{\"@type\":\"ImageObject\",\"inLanguage\":\"ru-RU\",\"@id\":\"https:\/\/www.horomechanika.lt\/#\/schema\/logo\/image\/\",\"url\":\"https:\/\/www.horomechanika.lt\/wp-content\/uploads\/2020\/05\/horomechanika-logo.png\",\"contentUrl\":\"https:\/\/www.horomechanika.lt\/wp-content\/uploads\/2020\/05\/horomechanika-logo.png\",\"width\":137,\"height\":56,\"caption\":\"UAB \\\"Horo mechanika\\\"\"},\"image\":{\"@id\":\"https:\/\/www.horomechanika.lt\/#\/schema\/logo\/image\/\"},\"sameAs\":[\"https:\/\/www.facebook.com\/UAB-Horo-mechanika-177091812471952\"]}]}<\/script>\n<!-- \/ Yoast SEO plugin. -->","yoast_head_json":{"title":"UNIVERSALUS KAU\u0160AI | Horomechanika","robots":{"index":"index","follow":"follow","max-snippet":"max-snippet:-1","max-image-preview":"max-image-preview:large","max-video-preview":"max-video-preview:-1"},"canonical":"https:\/\/www.horomechanika.lt\/ru\/product\/universalus-kausai\/","og_locale":"ru_RU","og_type":"article","og_title":"UNIVERSALUS KAU\u0160AI | Horomechanika","og_description":"LU1000 LU1200 LU1500 LU1800 LU2000 LU2200 LU2400   Plotis mm 1000 1250 1500 1800 2000 2200 2400   Auk\u0161tis mm 650 650 650 650 650 650 650   Gylis mm 750 750 750 750 750 750 750   Talpa M3 0,33 0,40 0,50 0,58 0,64 0,70 0,76   Mas\u0117 kg 105 120 155 182 195 225 245   Keliamoji galia kg 528 660 825 960 1060 1160 1260    &nbsp;    MINI TECHNIKAI UNIVERSAL\u016aS KAU\u0160AI   &nbsp; &nbsp; LUM 900 LUM 1000 LUM 1100 LUM 1200 LUM 1300 LUM 1400   Plotis mm 900 1000 1100 1200 1300 1400   Auk\u0161tis mm 525 525 525 525 525 525   Gylis mm 620 620 620 620 620 620   Talpa M3 0,161 0,180 0,198 0,217 0,235 0,254   Mas\u0117 kg 64 69 74 78 83 88","og_url":"https:\/\/www.horomechanika.lt\/ru\/product\/universalus-kausai\/","og_site_name":"Horomechanika","article_publisher":"https:\/\/www.facebook.com\/UAB-Horo-mechanika-177091812471952","article_modified_time":"2022-05-11T06:08:14+00:00","og_image":[{"width":747,"height":588,"url":"https:\/\/www.horomechanika.lt\/wp-content\/uploads\/2020\/09\/u-snr2000_big-2.png","type":"image\/png"}],"twitter_card":"summary_large_image","schema":{"@context":"https:\/\/schema.org","@graph":[{"@type":"WebPage","@id":"https:\/\/www.horomechanika.lt\/product\/universalus-kausai\/","url":"https:\/\/www.horomechanika.lt\/product\/universalus-kausai\/","name":"UNIVERSALUS KAU\u0160AI | Horomechanika","isPartOf":{"@id":"https:\/\/www.horomechanika.lt\/#website"},"datePublished":"2020-09-30T11:12:05+00:00","dateModified":"2022-05-11T06:08:14+00:00","breadcrumb":{"@id":"https:\/\/www.horomechanika.lt\/product\/universalus-kausai\/#breadcrumb"},"inLanguage":"ru-RU","potentialAction":[{"@type":"ReadAction","target":["https:\/\/www.horomechanika.lt\/product\/universalus-kausai\/"]}]},{"@type":"BreadcrumbList","@id":"https:\/\/www.horomechanika.lt\/product\/universalus-kausai\/#breadcrumb","itemListElement":[{"@type":"ListItem","position":1,"name":"Home","item":"https:\/\/www.horomechanika.lt\/"},{"@type":"ListItem","position":2,"name":"Shop","item":"https:\/\/www.horomechanika.lt\/ru\/shop-2\/"},{"@type":"ListItem","position":3,"name":"UNIVERSALUS KAU\u0160AI"}]},{"@type":"WebSite","@id":"https:\/\/www.horomechanika.lt\/#website","url":"https:\/\/www.horomechanika.lt\/","name":"Horomechanika","description":"\u017dem\u0117s \u016akio Technika","publisher":{"@id":"https:\/\/www.horomechanika.lt\/#organization"},"potentialAction":[{"@type":"SearchAction","target":{"@type":"EntryPoint","urlTemplate":"https:\/\/www.horomechanika.lt\/?s={search_term_string}"},"query-input":"required name=search_term_string"}],"inLanguage":"ru-RU"},{"@type":"Organization","@id":"https:\/\/www.horomechanika.lt\/#organization","name":"UAB \"Horo mechanika\"","url":"https:\/\/www.horomechanika.lt\/","logo":{"@type":"ImageObject","inLanguage":"ru-RU","@id":"https:\/\/www.horomechanika.lt\/#\/schema\/logo\/image\/","url":"https:\/\/www.horomechanika.lt\/wp-content\/uploads\/2020\/05\/horomechanika-logo.png","contentUrl":"https:\/\/www.horomechanika.lt\/wp-content\/uploads\/2020\/05\/horomechanika-logo.png","width":137,"height":56,"caption":"UAB \"Horo mechanika\""},"image":{"@id":"https:\/\/www.horomechanika.lt\/#\/schema\/logo\/image\/"},"sameAs":["https:\/\/www.facebook.com\/UAB-Horo-mechanika-177091812471952"]}]}},"_links":{"self":[{"href":"https:\/\/www.horomechanika.lt\/ru\/wp-json\/wp\/v2\/product\/11492","targetHints":{"allow":["GET"]}}],"collection":[{"href":"https:\/\/www.horomechanika.lt\/ru\/wp-json\/wp\/v2\/product"}],"about":[{"href":"https:\/\/www.horomechanika.lt\/ru\/wp-json\/wp\/v2\/types\/product"}],"replies":[{"embeddable":true,"href":"https:\/\/www.horomechanika.lt\/ru\/wp-json\/wp\/v2\/comments?post=11492"}],"wp:featuredmedia":[{"embeddable":true,"href":"https:\/\/www.horomechanika.lt\/ru\/wp-json\/wp\/v2\/media\/11498"}],"wp:attachment":[{"href":"https:\/\/www.horomechanika.lt\/ru\/wp-json\/wp\/v2\/media?parent=11492"}],"wp:term":[{"taxonomy":"product_cat","embeddable":true,"href":"https:\/\/www.horomechanika.lt\/ru\/wp-json\/wp\/v2\/product_cat?post=11492"},{"taxonomy":"product_tag","embeddable":true,"href":"https:\/\/www.horomechanika.lt\/ru\/wp-json\/wp\/v2\/product_tag?post=11492"}],"curies":[{"name":"wp","href":"https:\/\/api.w.org\/{rel}","templated":true}]}}