{"id":11499,"date":"2020-09-30T15:36:16","date_gmt":"2020-09-30T12:36:16","guid":{"rendered":"http:\/\/horomechanika.lt\/?post_type=product&#038;p=11499"},"modified":"2021-01-21T12:38:55","modified_gmt":"2021-01-21T09:38:55","slug":"universalus-kausai-su-hardox-peiliu","status":"publish","type":"product","link":"https:\/\/www.horomechanika.lt\/ru\/product\/universalus-kausai-su-hardox-peiliu\/","title":{"rendered":"UNIVERSALUS KAU\u0160AI SU HARDOX PEILIU"},"content":{"rendered":"<ul>\n<li>\n<ul>\n<li>Kau\u0161o elementai (\u0161onai, kreiptuvai, armat\u016bra ir peilis), kurie labiausiai veikiami apkrovos ir nusid\u0117v\u0117jimo, buvo pagaminti i\u0161 padidinto patvarumo HARDOX plieno.<\/li>\n<li>Lako danga da\u017eoma milteliniu metodu.<\/li>\n<li>Prieinami plo\u010diai mm: 1200, 1500, 1800, 2000, 2200 bei 2400.<\/li>\n<li>Euro tvirtinimas standarte, galimyb\u0117 atlikti SMS ar kit\u0105 tvirtinim\u0105 pagal kliento poreikius.<\/li>\n<\/ul>\n<p><strong>Standartin\u0117 \u012franga:<\/strong><\/p>\n<ul>\n<li>EURO arba SMS tvirtinimas \u012ftrauktas \u012f kain\u0105<\/li>\n<li>HARDOX 500 plieno peilis<\/li>\n<\/ul>\n<p><strong>Priemoka:<\/strong><\/p>\n<ul>\n<li>kito tipo tvirtinimas<\/li>\n<\/ul>\n<\/li>\n<\/ul>","protected":false},"excerpt":{"rendered":"<table width=\"0\">\n<tbody>\n<tr>\n<td width=\"90\"><\/td>\n<td width=\"44\"><\/td>\n<td width=\"79\">LUH1000<\/td>\n<td width=\"79\">LUH1200<\/td>\n<td width=\"79\">LUH1500<\/td>\n<td width=\"79\">LUH1800<\/td>\n<td width=\"79\">LUH2000<\/td>\n<td width=\"79\">LUH2200<\/td>\n<td width=\"79\">LUH2400<\/td>\n<\/tr>\n<tr>\n<td width=\"90\">Plotis<\/td>\n<td width=\"44\">mm<\/td>\n<td width=\"79\">1000<\/td>\n<td width=\"79\">1250<\/td>\n<td width=\"79\">1500<\/td>\n<td width=\"79\">1800<\/td>\n<td width=\"79\">2000<\/td>\n<td width=\"79\">2200<\/td>\n<td width=\"79\">2400<\/td>\n<\/tr>\n<tr>\n<td width=\"90\">Auk\u0161tis<\/td>\n<td width=\"44\">mm<\/td>\n<td width=\"79\">650<\/td>\n<td width=\"79\">650<\/td>\n<td width=\"79\">650<\/td>\n<td width=\"79\">650<\/td>\n<td width=\"79\">650<\/td>\n<td width=\"79\">650<\/td>\n<td width=\"79\">650<\/td>\n<\/tr>\n<tr>\n<td width=\"90\">Gylis<\/td>\n<td width=\"44\">mm<\/td>\n<td width=\"79\">750<\/td>\n<td width=\"79\">750<\/td>\n<td width=\"79\">750<\/td>\n<td width=\"79\">750<\/td>\n<td width=\"79\">750<\/td>\n<td width=\"79\">750<\/td>\n<td width=\"79\">750<\/td>\n<\/tr>\n<tr>\n<td width=\"90\">Talpa<\/td>\n<td width=\"44\">M<sup>3<\/sup><\/td>\n<td width=\"79\">0,33<\/td>\n<td width=\"79\">0,40<\/td>\n<td width=\"79\">0,50<\/td>\n<td width=\"79\">0,58<\/td>\n<td width=\"79\">0,64<\/td>\n<td width=\"79\">0,70<\/td>\n<td width=\"79\">0,76<\/td>\n<\/tr>\n<tr>\n<td width=\"90\">Mas\u0117<\/td>\n<td width=\"44\">kg<\/td>\n<td width=\"79\">105<\/td>\n<td width=\"79\">120<\/td>\n<td width=\"79\">155<\/td>\n<td width=\"79\">182<\/td>\n<td width=\"79\">195<\/td>\n<td width=\"79\">225<\/td>\n<td width=\"79\">245<\/td>\n<\/tr>\n<tr>\n<td width=\"90\">Keliamoji galia<\/td>\n<td width=\"44\">kg<\/td>\n<td width=\"79\">550<\/td>\n<td width=\"79\">660<\/td>\n<td width=\"79\">825<\/td>\n<td width=\"79\">960<\/td>\n<td width=\"79\">1060<\/td>\n<td width=\"79\">1160<\/td>\n<td width=\"79\">1260<\/td>\n<\/tr>\n<\/tbody>\n<\/table>\n<p>&nbsp;<\/p>","protected":false},"featured_media":11498,"comment_status":"open","ping_status":"closed","template":"","meta":[],"product_cat":[109],"product_tag":[],"class_list":["post-11499","product","type-product","status-publish","has-post-thumbnail","hentry","product_cat-priedai-frontaliniam-krautuvui"],"yoast_head":"<!-- This site is optimized with the Yoast SEO plugin v20.1 - https:\/\/yoast.com\/wordpress\/plugins\/seo\/ -->\n<title>UNIVERSALUS KAU\u0160AI SU HARDOX PEILIU | Horomechanika<\/title>\n<meta name=\"robots\" content=\"index, follow, max-snippet:-1, max-image-preview:large, max-video-preview:-1\" \/>\n<link rel=\"canonical\" href=\"https:\/\/www.horomechanika.lt\/ru\/product\/universalus-kausai-su-hardox-peiliu\/\" \/>\n<meta property=\"og:locale\" content=\"ru_RU\" \/>\n<meta property=\"og:type\" content=\"article\" \/>\n<meta property=\"og:title\" content=\"UNIVERSALUS KAU\u0160AI SU HARDOX PEILIU | Horomechanika\" \/>\n<meta property=\"og:description\" content=\"LUH1000 LUH1200 LUH1500 LUH1800 LUH2000 LUH2200 LUH2400   Plotis mm 1000 1250 1500 1800 2000 2200 2400   Auk\u0161tis mm 650 650 650 650 650 650 650   Gylis mm 750 750 750 750 750 750 750   Talpa M3 0,33 0,40 0,50 0,58 0,64 0,70 0,76   Mas\u0117 kg 105 120 155 182 195 225 245   Keliamoji galia kg 550 660 825 960 1060 1160 1260    &nbsp;\" \/>\n<meta property=\"og:url\" content=\"https:\/\/www.horomechanika.lt\/ru\/product\/universalus-kausai-su-hardox-peiliu\/\" \/>\n<meta property=\"og:site_name\" content=\"Horomechanika\" \/>\n<meta property=\"article:publisher\" content=\"https:\/\/www.facebook.com\/UAB-Horo-mechanika-177091812471952\" \/>\n<meta property=\"article:modified_time\" content=\"2021-01-21T09:38:55+00:00\" \/>\n<meta property=\"og:image\" content=\"https:\/\/www.horomechanika.lt\/wp-content\/uploads\/2020\/09\/u-snr2000_big-2.png\" \/>\n\t<meta property=\"og:image:width\" content=\"747\" \/>\n\t<meta property=\"og:image:height\" content=\"588\" \/>\n\t<meta property=\"og:image:type\" content=\"image\/png\" \/>\n<meta name=\"twitter:card\" content=\"summary_large_image\" \/>\n<script type=\"application\/ld+json\" class=\"yoast-schema-graph\">{\"@context\":\"https:\/\/schema.org\",\"@graph\":[{\"@type\":\"WebPage\",\"@id\":\"https:\/\/www.horomechanika.lt\/product\/universalus-kausai-su-hardox-peiliu\/\",\"url\":\"https:\/\/www.horomechanika.lt\/product\/universalus-kausai-su-hardox-peiliu\/\",\"name\":\"UNIVERSALUS KAU\u0160AI SU HARDOX PEILIU | Horomechanika\",\"isPartOf\":{\"@id\":\"https:\/\/www.horomechanika.lt\/#website\"},\"datePublished\":\"2020-09-30T12:36:16+00:00\",\"dateModified\":\"2021-01-21T09:38:55+00:00\",\"breadcrumb\":{\"@id\":\"https:\/\/www.horomechanika.lt\/product\/universalus-kausai-su-hardox-peiliu\/#breadcrumb\"},\"inLanguage\":\"ru-RU\",\"potentialAction\":[{\"@type\":\"ReadAction\",\"target\":[\"https:\/\/www.horomechanika.lt\/product\/universalus-kausai-su-hardox-peiliu\/\"]}]},{\"@type\":\"BreadcrumbList\",\"@id\":\"https:\/\/www.horomechanika.lt\/product\/universalus-kausai-su-hardox-peiliu\/#breadcrumb\",\"itemListElement\":[{\"@type\":\"ListItem\",\"position\":1,\"name\":\"Home\",\"item\":\"https:\/\/www.horomechanika.lt\/\"},{\"@type\":\"ListItem\",\"position\":2,\"name\":\"Shop\",\"item\":\"https:\/\/www.horomechanika.lt\/ru\/shop-2\/\"},{\"@type\":\"ListItem\",\"position\":3,\"name\":\"UNIVERSALUS KAU\u0160AI SU HARDOX PEILIU\"}]},{\"@type\":\"WebSite\",\"@id\":\"https:\/\/www.horomechanika.lt\/#website\",\"url\":\"https:\/\/www.horomechanika.lt\/\",\"name\":\"Horomechanika\",\"description\":\"\u017dem\u0117s \u016akio Technika\",\"publisher\":{\"@id\":\"https:\/\/www.horomechanika.lt\/#organization\"},\"potentialAction\":[{\"@type\":\"SearchAction\",\"target\":{\"@type\":\"EntryPoint\",\"urlTemplate\":\"https:\/\/www.horomechanika.lt\/?s={search_term_string}\"},\"query-input\":\"required name=search_term_string\"}],\"inLanguage\":\"ru-RU\"},{\"@type\":\"Organization\",\"@id\":\"https:\/\/www.horomechanika.lt\/#organization\",\"name\":\"UAB \\\"Horo mechanika\\\"\",\"url\":\"https:\/\/www.horomechanika.lt\/\",\"logo\":{\"@type\":\"ImageObject\",\"inLanguage\":\"ru-RU\",\"@id\":\"https:\/\/www.horomechanika.lt\/#\/schema\/logo\/image\/\",\"url\":\"https:\/\/www.horomechanika.lt\/wp-content\/uploads\/2020\/05\/horomechanika-logo.png\",\"contentUrl\":\"https:\/\/www.horomechanika.lt\/wp-content\/uploads\/2020\/05\/horomechanika-logo.png\",\"width\":137,\"height\":56,\"caption\":\"UAB \\\"Horo mechanika\\\"\"},\"image\":{\"@id\":\"https:\/\/www.horomechanika.lt\/#\/schema\/logo\/image\/\"},\"sameAs\":[\"https:\/\/www.facebook.com\/UAB-Horo-mechanika-177091812471952\"]}]}<\/script>\n<!-- \/ Yoast SEO plugin. -->","yoast_head_json":{"title":"UNIVERSALUS KAU\u0160AI SU HARDOX PEILIU | Horomechanika","robots":{"index":"index","follow":"follow","max-snippet":"max-snippet:-1","max-image-preview":"max-image-preview:large","max-video-preview":"max-video-preview:-1"},"canonical":"https:\/\/www.horomechanika.lt\/ru\/product\/universalus-kausai-su-hardox-peiliu\/","og_locale":"ru_RU","og_type":"article","og_title":"UNIVERSALUS KAU\u0160AI SU HARDOX PEILIU | Horomechanika","og_description":"LUH1000 LUH1200 LUH1500 LUH1800 LUH2000 LUH2200 LUH2400   Plotis mm 1000 1250 1500 1800 2000 2200 2400   Auk\u0161tis mm 650 650 650 650 650 650 650   Gylis mm 750 750 750 750 750 750 750   Talpa M3 0,33 0,40 0,50 0,58 0,64 0,70 0,76   Mas\u0117 kg 105 120 155 182 195 225 245   Keliamoji galia kg 550 660 825 960 1060 1160 1260    &nbsp;","og_url":"https:\/\/www.horomechanika.lt\/ru\/product\/universalus-kausai-su-hardox-peiliu\/","og_site_name":"Horomechanika","article_publisher":"https:\/\/www.facebook.com\/UAB-Horo-mechanika-177091812471952","article_modified_time":"2021-01-21T09:38:55+00:00","og_image":[{"width":747,"height":588,"url":"https:\/\/www.horomechanika.lt\/wp-content\/uploads\/2020\/09\/u-snr2000_big-2.png","type":"image\/png"}],"twitter_card":"summary_large_image","schema":{"@context":"https:\/\/schema.org","@graph":[{"@type":"WebPage","@id":"https:\/\/www.horomechanika.lt\/product\/universalus-kausai-su-hardox-peiliu\/","url":"https:\/\/www.horomechanika.lt\/product\/universalus-kausai-su-hardox-peiliu\/","name":"UNIVERSALUS KAU\u0160AI SU HARDOX PEILIU | Horomechanika","isPartOf":{"@id":"https:\/\/www.horomechanika.lt\/#website"},"datePublished":"2020-09-30T12:36:16+00:00","dateModified":"2021-01-21T09:38:55+00:00","breadcrumb":{"@id":"https:\/\/www.horomechanika.lt\/product\/universalus-kausai-su-hardox-peiliu\/#breadcrumb"},"inLanguage":"ru-RU","potentialAction":[{"@type":"ReadAction","target":["https:\/\/www.horomechanika.lt\/product\/universalus-kausai-su-hardox-peiliu\/"]}]},{"@type":"BreadcrumbList","@id":"https:\/\/www.horomechanika.lt\/product\/universalus-kausai-su-hardox-peiliu\/#breadcrumb","itemListElement":[{"@type":"ListItem","position":1,"name":"Home","item":"https:\/\/www.horomechanika.lt\/"},{"@type":"ListItem","position":2,"name":"Shop","item":"https:\/\/www.horomechanika.lt\/ru\/shop-2\/"},{"@type":"ListItem","position":3,"name":"UNIVERSALUS KAU\u0160AI SU HARDOX PEILIU"}]},{"@type":"WebSite","@id":"https:\/\/www.horomechanika.lt\/#website","url":"https:\/\/www.horomechanika.lt\/","name":"Horomechanika","description":"\u017dem\u0117s \u016akio Technika","publisher":{"@id":"https:\/\/www.horomechanika.lt\/#organization"},"potentialAction":[{"@type":"SearchAction","target":{"@type":"EntryPoint","urlTemplate":"https:\/\/www.horomechanika.lt\/?s={search_term_string}"},"query-input":"required name=search_term_string"}],"inLanguage":"ru-RU"},{"@type":"Organization","@id":"https:\/\/www.horomechanika.lt\/#organization","name":"UAB \"Horo mechanika\"","url":"https:\/\/www.horomechanika.lt\/","logo":{"@type":"ImageObject","inLanguage":"ru-RU","@id":"https:\/\/www.horomechanika.lt\/#\/schema\/logo\/image\/","url":"https:\/\/www.horomechanika.lt\/wp-content\/uploads\/2020\/05\/horomechanika-logo.png","contentUrl":"https:\/\/www.horomechanika.lt\/wp-content\/uploads\/2020\/05\/horomechanika-logo.png","width":137,"height":56,"caption":"UAB \"Horo mechanika\""},"image":{"@id":"https:\/\/www.horomechanika.lt\/#\/schema\/logo\/image\/"},"sameAs":["https:\/\/www.facebook.com\/UAB-Horo-mechanika-177091812471952"]}]}},"_links":{"self":[{"href":"https:\/\/www.horomechanika.lt\/ru\/wp-json\/wp\/v2\/product\/11499","targetHints":{"allow":["GET"]}}],"collection":[{"href":"https:\/\/www.horomechanika.lt\/ru\/wp-json\/wp\/v2\/product"}],"about":[{"href":"https:\/\/www.horomechanika.lt\/ru\/wp-json\/wp\/v2\/types\/product"}],"replies":[{"embeddable":true,"href":"https:\/\/www.horomechanika.lt\/ru\/wp-json\/wp\/v2\/comments?post=11499"}],"wp:featuredmedia":[{"embeddable":true,"href":"https:\/\/www.horomechanika.lt\/ru\/wp-json\/wp\/v2\/media\/11498"}],"wp:attachment":[{"href":"https:\/\/www.horomechanika.lt\/ru\/wp-json\/wp\/v2\/media?parent=11499"}],"wp:term":[{"taxonomy":"product_cat","embeddable":true,"href":"https:\/\/www.horomechanika.lt\/ru\/wp-json\/wp\/v2\/product_cat?post=11499"},{"taxonomy":"product_tag","embeddable":true,"href":"https:\/\/www.horomechanika.lt\/ru\/wp-json\/wp\/v2\/product_tag?post=11499"}],"curies":[{"name":"wp","href":"https:\/\/api.w.org\/{rel}","templated":true}]}}