{"id":11506,"date":"2020-09-30T16:14:08","date_gmt":"2020-09-30T13:14:08","guid":{"rendered":"http:\/\/horomechanika.lt\/?post_type=product&#038;p=11506"},"modified":"2022-05-11T09:10:03","modified_gmt":"2022-05-11T06:10:03","slug":"akmenu-kausas","status":"publish","type":"product","link":"https:\/\/www.horomechanika.lt\/ru\/product\/akmenu-kausas\/","title":{"rendered":"AKMEN\u0172 KAU\u0160AS"},"content":{"rendered":"<ul>\n<li style=\"list-style-type: none;\">\n<ul>\n<li style=\"list-style-type: none;\">\n<ul>\n<li style=\"list-style-type: none;\">\n<ul>\n<li>Kau\u0161o elementai (\u0161onai, kreiptuvai, armat\u016bra ir peilis), kurie labiausiai veikiami apkrovos ir nusid\u0117v\u0117jimo, buvo pagaminti i\u0161 padidinto patvarumo HARDOX plieno.<\/li>\n<li>Lako danga da\u017eoma milteliniu metodu.<\/li>\n<li>Prieinami plo\u010diai mm:\u00a0 1800, 2000, 2200 bei 2400.<\/li>\n<li>Euro tvirtinimas standarte, galimyb\u0117 atlikti SMS ar kit\u0105 tvirtinim\u0105 pagal kliento poreikius.<\/li>\n<\/ul>\n<p><strong>Standartin\u0117 \u012franga:<\/strong><\/p>\n<ul>\n<li>EURO arba SMS tvirtinimas \u012ftrauktas \u012f kain\u0105<\/li>\n<li>HARDOX 500 plieno peilis<\/li>\n<\/ul>\n<p><strong>Priemoka:<\/strong><\/p>\n<ul>\n<li>kito tipo tvirtinimas<\/li>\n<\/ul>\n<\/li>\n<\/ul>\n<\/li>\n<\/ul>\n<\/li>\n<\/ul>","protected":false},"excerpt":{"rendered":"<table width=\"0\">\n<tbody>\n<tr>\n<td width=\"77\">&nbsp;<\/td>\n<td width=\"44\">&nbsp;<\/td>\n<td width=\"54\">LA 1800<\/td>\n<td width=\"54\">LA 2000<\/td>\n<td width=\"54\">LA 2200<\/td>\n<td width=\"54\">LA 2400<\/td>\n<\/tr>\n<tr>\n<td width=\"77\">Plotis<\/td>\n<td width=\"44\">mm<\/td>\n<td width=\"54\">1800<\/td>\n<td width=\"54\">2000<\/td>\n<td width=\"54\">2200<\/td>\n<td width=\"54\">2400<\/td>\n<\/tr>\n<tr>\n<td width=\"77\">Auk\u0161tis<\/td>\n<td width=\"44\">mm<\/td>\n<td width=\"54\">795<\/td>\n<td width=\"54\">795<\/td>\n<td width=\"54\">795<\/td>\n<td width=\"54\">795<\/td>\n<\/tr>\n<tr>\n<td width=\"77\">Gylis<\/td>\n<td width=\"44\">mm<\/td>\n<td width=\"54\">1080<\/td>\n<td width=\"54\">1080<\/td>\n<td width=\"54\">1080<\/td>\n<td width=\"54\">1080<\/td>\n<\/tr>\n<tr>\n<td width=\"77\">Talpa<\/td>\n<td width=\"44\">M<sup>3<\/sup><\/td>\n<td width=\"54\">1,10<\/td>\n<td width=\"54\">1,20<\/td>\n<td width=\"54\">1,35<\/td>\n<td width=\"54\">1,45<\/td>\n<\/tr>\n<tr>\n<td width=\"77\">Mas\u0117<\/td>\n<td width=\"44\">kg<\/td>\n<td width=\"54\">285<\/td>\n<td width=\"54\">315<\/td>\n<td width=\"54\">345<\/td>\n<td width=\"54\">375<\/td>\n<\/tr>\n<\/tbody>\n<\/table>","protected":false},"featured_media":11507,"comment_status":"open","ping_status":"closed","template":"","meta":[],"product_cat":[109],"product_tag":[],"class_list":["post-11506","product","type-product","status-publish","has-post-thumbnail","hentry","product_cat-priedai-frontaliniam-krautuvui"],"yoast_head":"<!-- This site is optimized with the Yoast SEO plugin v20.1 - https:\/\/yoast.com\/wordpress\/plugins\/seo\/ -->\n<title>AKMEN\u0172 KAU\u0160AS | Horomechanika<\/title>\n<meta name=\"robots\" content=\"index, follow, max-snippet:-1, max-image-preview:large, max-video-preview:-1\" \/>\n<link rel=\"canonical\" href=\"https:\/\/www.horomechanika.lt\/ru\/product\/akmenu-kausas\/\" \/>\n<meta property=\"og:locale\" content=\"ru_RU\" \/>\n<meta property=\"og:type\" content=\"article\" \/>\n<meta property=\"og:title\" content=\"AKMEN\u0172 KAU\u0160AS | Horomechanika\" \/>\n<meta property=\"og:description\" content=\"&nbsp; &nbsp; LA 1800 LA 2000 LA 2200 LA 2400   Plotis mm 1800 2000 2200 2400   Auk\u0161tis mm 795 795 795 795   Gylis mm 1080 1080 1080 1080   Talpa M3 1,10 1,20 1,35 1,45   Mas\u0117 kg 285 315 345 375\" \/>\n<meta property=\"og:url\" content=\"https:\/\/www.horomechanika.lt\/ru\/product\/akmenu-kausas\/\" \/>\n<meta property=\"og:site_name\" content=\"Horomechanika\" \/>\n<meta property=\"article:publisher\" content=\"https:\/\/www.facebook.com\/UAB-Horo-mechanika-177091812471952\" \/>\n<meta property=\"article:modified_time\" content=\"2022-05-11T06:10:03+00:00\" \/>\n<meta property=\"og:image\" content=\"https:\/\/www.horomechanika.lt\/wp-content\/uploads\/2020\/09\/yzka-azurowa-2000-fot1_big.png\" \/>\n\t<meta property=\"og:image:width\" content=\"1618\" \/>\n\t<meta property=\"og:image:height\" content=\"1184\" \/>\n\t<meta property=\"og:image:type\" content=\"image\/png\" \/>\n<meta name=\"twitter:card\" content=\"summary_large_image\" \/>\n<script type=\"application\/ld+json\" class=\"yoast-schema-graph\">{\"@context\":\"https:\/\/schema.org\",\"@graph\":[{\"@type\":\"WebPage\",\"@id\":\"https:\/\/www.horomechanika.lt\/product\/akmenu-kausas\/\",\"url\":\"https:\/\/www.horomechanika.lt\/product\/akmenu-kausas\/\",\"name\":\"AKMEN\u0172 KAU\u0160AS | Horomechanika\",\"isPartOf\":{\"@id\":\"https:\/\/www.horomechanika.lt\/#website\"},\"datePublished\":\"2020-09-30T13:14:08+00:00\",\"dateModified\":\"2022-05-11T06:10:03+00:00\",\"breadcrumb\":{\"@id\":\"https:\/\/www.horomechanika.lt\/product\/akmenu-kausas\/#breadcrumb\"},\"inLanguage\":\"ru-RU\",\"potentialAction\":[{\"@type\":\"ReadAction\",\"target\":[\"https:\/\/www.horomechanika.lt\/product\/akmenu-kausas\/\"]}]},{\"@type\":\"BreadcrumbList\",\"@id\":\"https:\/\/www.horomechanika.lt\/product\/akmenu-kausas\/#breadcrumb\",\"itemListElement\":[{\"@type\":\"ListItem\",\"position\":1,\"name\":\"Home\",\"item\":\"https:\/\/www.horomechanika.lt\/\"},{\"@type\":\"ListItem\",\"position\":2,\"name\":\"Shop\",\"item\":\"https:\/\/www.horomechanika.lt\/ru\/shop-2\/\"},{\"@type\":\"ListItem\",\"position\":3,\"name\":\"AKMEN\u0172 KAU\u0160AS\"}]},{\"@type\":\"WebSite\",\"@id\":\"https:\/\/www.horomechanika.lt\/#website\",\"url\":\"https:\/\/www.horomechanika.lt\/\",\"name\":\"Horomechanika\",\"description\":\"\u017dem\u0117s \u016akio Technika\",\"publisher\":{\"@id\":\"https:\/\/www.horomechanika.lt\/#organization\"},\"potentialAction\":[{\"@type\":\"SearchAction\",\"target\":{\"@type\":\"EntryPoint\",\"urlTemplate\":\"https:\/\/www.horomechanika.lt\/?s={search_term_string}\"},\"query-input\":\"required name=search_term_string\"}],\"inLanguage\":\"ru-RU\"},{\"@type\":\"Organization\",\"@id\":\"https:\/\/www.horomechanika.lt\/#organization\",\"name\":\"UAB \\\"Horo mechanika\\\"\",\"url\":\"https:\/\/www.horomechanika.lt\/\",\"logo\":{\"@type\":\"ImageObject\",\"inLanguage\":\"ru-RU\",\"@id\":\"https:\/\/www.horomechanika.lt\/#\/schema\/logo\/image\/\",\"url\":\"https:\/\/www.horomechanika.lt\/wp-content\/uploads\/2020\/05\/horomechanika-logo.png\",\"contentUrl\":\"https:\/\/www.horomechanika.lt\/wp-content\/uploads\/2020\/05\/horomechanika-logo.png\",\"width\":137,\"height\":56,\"caption\":\"UAB \\\"Horo mechanika\\\"\"},\"image\":{\"@id\":\"https:\/\/www.horomechanika.lt\/#\/schema\/logo\/image\/\"},\"sameAs\":[\"https:\/\/www.facebook.com\/UAB-Horo-mechanika-177091812471952\"]}]}<\/script>\n<!-- \/ Yoast SEO plugin. -->","yoast_head_json":{"title":"AKMEN\u0172 KAU\u0160AS | Horomechanika","robots":{"index":"index","follow":"follow","max-snippet":"max-snippet:-1","max-image-preview":"max-image-preview:large","max-video-preview":"max-video-preview:-1"},"canonical":"https:\/\/www.horomechanika.lt\/ru\/product\/akmenu-kausas\/","og_locale":"ru_RU","og_type":"article","og_title":"AKMEN\u0172 KAU\u0160AS | Horomechanika","og_description":"&nbsp; &nbsp; LA 1800 LA 2000 LA 2200 LA 2400   Plotis mm 1800 2000 2200 2400   Auk\u0161tis mm 795 795 795 795   Gylis mm 1080 1080 1080 1080   Talpa M3 1,10 1,20 1,35 1,45   Mas\u0117 kg 285 315 345 375","og_url":"https:\/\/www.horomechanika.lt\/ru\/product\/akmenu-kausas\/","og_site_name":"Horomechanika","article_publisher":"https:\/\/www.facebook.com\/UAB-Horo-mechanika-177091812471952","article_modified_time":"2022-05-11T06:10:03+00:00","og_image":[{"width":1618,"height":1184,"url":"https:\/\/www.horomechanika.lt\/wp-content\/uploads\/2020\/09\/yzka-azurowa-2000-fot1_big.png","type":"image\/png"}],"twitter_card":"summary_large_image","schema":{"@context":"https:\/\/schema.org","@graph":[{"@type":"WebPage","@id":"https:\/\/www.horomechanika.lt\/product\/akmenu-kausas\/","url":"https:\/\/www.horomechanika.lt\/product\/akmenu-kausas\/","name":"AKMEN\u0172 KAU\u0160AS | Horomechanika","isPartOf":{"@id":"https:\/\/www.horomechanika.lt\/#website"},"datePublished":"2020-09-30T13:14:08+00:00","dateModified":"2022-05-11T06:10:03+00:00","breadcrumb":{"@id":"https:\/\/www.horomechanika.lt\/product\/akmenu-kausas\/#breadcrumb"},"inLanguage":"ru-RU","potentialAction":[{"@type":"ReadAction","target":["https:\/\/www.horomechanika.lt\/product\/akmenu-kausas\/"]}]},{"@type":"BreadcrumbList","@id":"https:\/\/www.horomechanika.lt\/product\/akmenu-kausas\/#breadcrumb","itemListElement":[{"@type":"ListItem","position":1,"name":"Home","item":"https:\/\/www.horomechanika.lt\/"},{"@type":"ListItem","position":2,"name":"Shop","item":"https:\/\/www.horomechanika.lt\/ru\/shop-2\/"},{"@type":"ListItem","position":3,"name":"AKMEN\u0172 KAU\u0160AS"}]},{"@type":"WebSite","@id":"https:\/\/www.horomechanika.lt\/#website","url":"https:\/\/www.horomechanika.lt\/","name":"Horomechanika","description":"\u017dem\u0117s \u016akio Technika","publisher":{"@id":"https:\/\/www.horomechanika.lt\/#organization"},"potentialAction":[{"@type":"SearchAction","target":{"@type":"EntryPoint","urlTemplate":"https:\/\/www.horomechanika.lt\/?s={search_term_string}"},"query-input":"required name=search_term_string"}],"inLanguage":"ru-RU"},{"@type":"Organization","@id":"https:\/\/www.horomechanika.lt\/#organization","name":"UAB \"Horo mechanika\"","url":"https:\/\/www.horomechanika.lt\/","logo":{"@type":"ImageObject","inLanguage":"ru-RU","@id":"https:\/\/www.horomechanika.lt\/#\/schema\/logo\/image\/","url":"https:\/\/www.horomechanika.lt\/wp-content\/uploads\/2020\/05\/horomechanika-logo.png","contentUrl":"https:\/\/www.horomechanika.lt\/wp-content\/uploads\/2020\/05\/horomechanika-logo.png","width":137,"height":56,"caption":"UAB \"Horo mechanika\""},"image":{"@id":"https:\/\/www.horomechanika.lt\/#\/schema\/logo\/image\/"},"sameAs":["https:\/\/www.facebook.com\/UAB-Horo-mechanika-177091812471952"]}]}},"_links":{"self":[{"href":"https:\/\/www.horomechanika.lt\/ru\/wp-json\/wp\/v2\/product\/11506","targetHints":{"allow":["GET"]}}],"collection":[{"href":"https:\/\/www.horomechanika.lt\/ru\/wp-json\/wp\/v2\/product"}],"about":[{"href":"https:\/\/www.horomechanika.lt\/ru\/wp-json\/wp\/v2\/types\/product"}],"replies":[{"embeddable":true,"href":"https:\/\/www.horomechanika.lt\/ru\/wp-json\/wp\/v2\/comments?post=11506"}],"wp:featuredmedia":[{"embeddable":true,"href":"https:\/\/www.horomechanika.lt\/ru\/wp-json\/wp\/v2\/media\/11507"}],"wp:attachment":[{"href":"https:\/\/www.horomechanika.lt\/ru\/wp-json\/wp\/v2\/media?parent=11506"}],"wp:term":[{"taxonomy":"product_cat","embeddable":true,"href":"https:\/\/www.horomechanika.lt\/ru\/wp-json\/wp\/v2\/product_cat?post=11506"},{"taxonomy":"product_tag","embeddable":true,"href":"https:\/\/www.horomechanika.lt\/ru\/wp-json\/wp\/v2\/product_tag?post=11506"}],"curies":[{"name":"wp","href":"https:\/\/api.w.org\/{rel}","templated":true}]}}