{"id":11509,"date":"2020-09-30T16:29:03","date_gmt":"2020-09-30T13:29:03","guid":{"rendered":"http:\/\/horomechanika.lt\/?post_type=product&#038;p=11509"},"modified":"2021-01-21T12:36:15","modified_gmt":"2021-01-21T09:36:15","slug":"daugiafunkcinis-kausas-keturi-viename","status":"publish","type":"product","link":"https:\/\/www.horomechanika.lt\/ru\/product\/daugiafunkcinis-kausas-keturi-viename\/","title":{"rendered":"DAUGIAFUNKCINIS KAU\u0160AS KETURI VIENAME"},"content":{"rendered":"<ul>\n<li style=\"list-style-type: none;\">\n<ul>\n<li style=\"list-style-type: none;\">\n<ul>\n<li style=\"list-style-type: none;\">\n<ul>\n<li>\n<h3>Daugiafunkcinis kau\u0161as pritaikytas darbui su priekiniu krautuvu.<\/h3>\n<ul>\n<li>Kau\u0161\u0173 konstrukcija atlikta i\u0161 S355 plieno, kai\u0161\u010diai ir \u012fvor\u0117s pagaminti i\u0161 C45 plieno.<\/li>\n<li>\u012erenginyje yra trys a\u0161tr\u016bs HARDOX peiliai: vienas trinkeles priekyje, kitas &#8211; trinkeles gale, o tre\u010dias &#8211; ant fiksuotos dalies.<\/li>\n<li>Stiprus kau\u0161o dantys leid\u017eia \u012fsiskverbti \u012f pagrind\u0105 &#8211; sm\u0117l\u012f, durpes, \u0161iuk\u0161les ir kt. \u0160onini\u0173 sien\u0173 dantytas kont\u016bras leid\u017eia u\u017etikrinti saug\u0173 griebtuvo griebim\u0105.<\/li>\n<li>Visa konstrukcija da\u017eoma milteliniu metodu.<\/li>\n<\/ul>\n<p><strong>DAUGIAFUNKCINIO KAU\u0160O FUNKCIJOS:<\/strong><\/p>\n<ul>\n<li>krovinio surinkimas ir perk\u0117limas &#8211; kaip universaliu kau\u0161u;<\/li>\n<li>i\u0161krovimas per dugn\u0105, u\u017etikrinantis didesn\u012f i\u0161tu\u0161tinimo auk\u0161t\u012f;<\/li>\n<li>rinkimas, lygimas peiliu, kai kau\u0161as yra atidarytas;<\/li>\n<li>griebimas;<\/li>\n<li>b\u0117rimas sm\u0117liu ir \u017evyru, naudojant i\u0161krovimo funkcij\u0105 per dugn\u0105.<\/li>\n<\/ul>\n<p><strong>Standartin\u0117 \u012franga:<\/strong><\/p>\n<ul>\n<li>tvirtinimas EURO arba SMS<\/li>\n<li>HARDOX 500 plieno peilis<\/li>\n<\/ul>\n<p><strong>Priemoka:<\/strong><\/p>\n<ul>\n<li>hidraulin\u0117 jungtis EURO<\/li>\n<li>kito tipo tvirtinimas<\/li>\n<\/ul>\n<\/li>\n<\/ul>\n<\/li>\n<\/ul>\n<\/li>\n<\/ul>\n<\/li>\n<\/ul>","protected":false},"excerpt":{"rendered":"<table width=\"0\">\n<tbody>\n<tr>\n<td width=\"73\">&nbsp;<\/td>\n<td width=\"32\">&nbsp;<\/td>\n<td width=\"44\">LWM 1150 4W1<\/td>\n<td width=\"44\">LWM 1250 4W1<\/td>\n<td width=\"44\">LWM 1350 4W1<\/td>\n<td width=\"44\">LWM 1450 4W1<\/td>\n<td rowspan=\"7\" width=\"26\">&nbsp;<\/td>\n<td width=\"40\">LW 1300 4W1<\/td>\n<td width=\"42\">LW 1450 4W1<\/td>\n<td width=\"42\">LW 1650 4W1<\/td>\n<td width=\"42\">LW 1850 4W1<\/td>\n<td width=\"42\">LW 2050 4W1<\/td>\n<td width=\"42\">LW 2250 4W1<\/td>\n<td width=\"43\">LW 2450 4W1<\/td>\n<\/tr>\n<tr>\n<td width=\"73\">Plotis<\/td>\n<td width=\"32\">mm<\/td>\n<td width=\"44\">1150<\/td>\n<td width=\"44\">1250<\/td>\n<td width=\"44\">1350<\/td>\n<td width=\"44\">1450<\/td>\n<td width=\"40\">1350<\/td>\n<td width=\"42\">1450<\/td>\n<td width=\"42\">1650<\/td>\n<td width=\"42\">1850<\/td>\n<td width=\"42\">2050<\/td>\n<td width=\"42\">2250<\/td>\n<td width=\"43\">2450<\/td>\n<\/tr>\n<tr>\n<td width=\"73\">Auk\u0161tis<\/td>\n<td width=\"32\">mm<\/td>\n<td width=\"44\">800<\/td>\n<td width=\"44\">800<\/td>\n<td width=\"44\">800<\/td>\n<td width=\"44\">800<\/td>\n<td width=\"40\">800<\/td>\n<td width=\"42\">800<\/td>\n<td width=\"42\">800<\/td>\n<td width=\"42\">800<\/td>\n<td width=\"42\">800<\/td>\n<td width=\"42\">800<\/td>\n<td width=\"43\">800<\/td>\n<\/tr>\n<tr>\n<td width=\"73\">Gylis<\/td>\n<td width=\"32\">mm<\/td>\n<td width=\"44\">740<\/td>\n<td width=\"44\">740<\/td>\n<td width=\"44\">740<\/td>\n<td width=\"44\">740<\/td>\n<td width=\"40\">740<\/td>\n<td width=\"42\">740<\/td>\n<td width=\"42\">740<\/td>\n<td width=\"42\">740<\/td>\n<td width=\"42\">740<\/td>\n<td width=\"42\">740<\/td>\n<td width=\"43\">740<\/td>\n<\/tr>\n<tr>\n<td width=\"73\">Talpa<\/td>\n<td width=\"32\">M<sup>3<\/sup><\/td>\n<td width=\"44\">0,23<\/td>\n<td width=\"44\">0,29<\/td>\n<td width=\"44\">0,35<\/td>\n<td width=\"44\">0,38<\/td>\n<td width=\"40\">0,35<\/td>\n<td width=\"42\">0,38<\/td>\n<td width=\"42\">0,44<\/td>\n<td width=\"42\">0,5<\/td>\n<td width=\"42\">0,56<\/td>\n<td width=\"42\">0,62<\/td>\n<td width=\"43\">0,68<\/td>\n<\/tr>\n<tr>\n<td width=\"73\">Mas\u0117<\/td>\n<td width=\"32\">kg<\/td>\n<td width=\"44\">249<\/td>\n<td width=\"44\">260<\/td>\n<td width=\"44\">271<\/td>\n<td width=\"44\">282<\/td>\n<td width=\"40\">271<\/td>\n<td width=\"42\">282<\/td>\n<td width=\"42\">302<\/td>\n<td width=\"42\">321<\/td>\n<td width=\"42\">341<\/td>\n<td width=\"42\">361<\/td>\n<td width=\"43\">381<\/td>\n<\/tr>\n<tr>\n<td width=\"73\">Keliamoji galia<\/td>\n<td width=\"32\">kg<\/td>\n<td width=\"44\">480<\/td>\n<td width=\"44\">530<\/td>\n<td width=\"44\">580<\/td>\n<td width=\"44\">630<\/td>\n<td width=\"40\">580<\/td>\n<td width=\"42\">630<\/td>\n<td width=\"42\">730<\/td>\n<td width=\"42\">830<\/td>\n<td width=\"42\">930<\/td>\n<td width=\"42\">1030<\/td>\n<td width=\"43\">1120<\/td>\n<\/tr>\n<\/tbody>\n<\/table>","protected":false},"featured_media":11510,"comment_status":"open","ping_status":"closed","template":"","meta":[],"product_cat":[109],"product_tag":[],"class_list":["post-11509","product","type-product","status-publish","has-post-thumbnail","hentry","product_cat-priedai-frontaliniam-krautuvui"],"yoast_head":"<!-- This site is optimized with the Yoast SEO plugin v20.1 - https:\/\/yoast.com\/wordpress\/plugins\/seo\/ -->\n<title>DAUGIAFUNKCINIS KAU\u0160AS KETURI VIENAME | Horomechanika<\/title>\n<meta name=\"robots\" content=\"index, follow, max-snippet:-1, max-image-preview:large, max-video-preview:-1\" \/>\n<link rel=\"canonical\" href=\"https:\/\/www.horomechanika.lt\/ru\/product\/daugiafunkcinis-kausas-keturi-viename\/\" \/>\n<meta property=\"og:locale\" content=\"ru_RU\" \/>\n<meta property=\"og:type\" content=\"article\" \/>\n<meta property=\"og:title\" content=\"DAUGIAFUNKCINIS KAU\u0160AS KETURI VIENAME | Horomechanika\" \/>\n<meta property=\"og:description\" content=\"&nbsp; &nbsp; LWM 1150 4W1 LWM 1250 4W1 LWM 1350 4W1 LWM 1450 4W1 &nbsp; LW 1300 4W1 LW 1450 4W1 LW 1650 4W1 LW 1850 4W1 LW 2050 4W1 LW 2250 4W1 LW 2450 4W1   Plotis mm 1150 1250 1350 1450 1350 1450 1650 1850 2050 2250 2450   Auk\u0161tis mm 800 800 800 800 800 800 800 800 800 800 800   Gylis mm 740 740 740 740 740 740 740 740 740 740 740   Talpa M3 0,23 0,29 0,35 0,38 0,35 0,38 0,44 0,5 0,56 0,62 0,68   Mas\u0117 kg 249 260 271 282 271 282 302 321 341 361 381   Keliamoji galia kg 480 530 580 630 580 630 730 830 930 1030 1120\" \/>\n<meta property=\"og:url\" content=\"https:\/\/www.horomechanika.lt\/ru\/product\/daugiafunkcinis-kausas-keturi-viename\/\" \/>\n<meta property=\"og:site_name\" content=\"Horomechanika\" \/>\n<meta property=\"article:publisher\" content=\"https:\/\/www.facebook.com\/UAB-Horo-mechanika-177091812471952\" \/>\n<meta property=\"article:modified_time\" content=\"2021-01-21T09:36:15+00:00\" \/>\n<meta property=\"og:image\" content=\"https:\/\/www.horomechanika.lt\/wp-content\/uploads\/2020\/09\/41-snr1800_big_1.png\" \/>\n\t<meta property=\"og:image:width\" content=\"771\" \/>\n\t<meta property=\"og:image:height\" content=\"642\" \/>\n\t<meta property=\"og:image:type\" content=\"image\/png\" \/>\n<meta name=\"twitter:card\" content=\"summary_large_image\" \/>\n<meta name=\"twitter:label1\" content=\"\u041f\u0440\u0438\u043c\u0435\u0440\u043d\u043e\u0435 \u0432\u0440\u0435\u043c\u044f \u0434\u043b\u044f \u0447\u0442\u0435\u043d\u0438\u044f\" \/>\n\t<meta name=\"twitter:data1\" content=\"1 \u043c\u0438\u043d\u0443\u0442\u0430\" \/>\n<script type=\"application\/ld+json\" class=\"yoast-schema-graph\">{\"@context\":\"https:\/\/schema.org\",\"@graph\":[{\"@type\":\"WebPage\",\"@id\":\"https:\/\/www.horomechanika.lt\/product\/daugiafunkcinis-kausas-keturi-viename\/\",\"url\":\"https:\/\/www.horomechanika.lt\/product\/daugiafunkcinis-kausas-keturi-viename\/\",\"name\":\"DAUGIAFUNKCINIS KAU\u0160AS KETURI VIENAME | Horomechanika\",\"isPartOf\":{\"@id\":\"https:\/\/www.horomechanika.lt\/#website\"},\"datePublished\":\"2020-09-30T13:29:03+00:00\",\"dateModified\":\"2021-01-21T09:36:15+00:00\",\"breadcrumb\":{\"@id\":\"https:\/\/www.horomechanika.lt\/product\/daugiafunkcinis-kausas-keturi-viename\/#breadcrumb\"},\"inLanguage\":\"ru-RU\",\"potentialAction\":[{\"@type\":\"ReadAction\",\"target\":[\"https:\/\/www.horomechanika.lt\/product\/daugiafunkcinis-kausas-keturi-viename\/\"]}]},{\"@type\":\"BreadcrumbList\",\"@id\":\"https:\/\/www.horomechanika.lt\/product\/daugiafunkcinis-kausas-keturi-viename\/#breadcrumb\",\"itemListElement\":[{\"@type\":\"ListItem\",\"position\":1,\"name\":\"Home\",\"item\":\"https:\/\/www.horomechanika.lt\/\"},{\"@type\":\"ListItem\",\"position\":2,\"name\":\"Shop\",\"item\":\"https:\/\/www.horomechanika.lt\/ru\/shop-2\/\"},{\"@type\":\"ListItem\",\"position\":3,\"name\":\"DAUGIAFUNKCINIS KAU\u0160AS KETURI VIENAME\"}]},{\"@type\":\"WebSite\",\"@id\":\"https:\/\/www.horomechanika.lt\/#website\",\"url\":\"https:\/\/www.horomechanika.lt\/\",\"name\":\"Horomechanika\",\"description\":\"\u017dem\u0117s \u016akio Technika\",\"publisher\":{\"@id\":\"https:\/\/www.horomechanika.lt\/#organization\"},\"potentialAction\":[{\"@type\":\"SearchAction\",\"target\":{\"@type\":\"EntryPoint\",\"urlTemplate\":\"https:\/\/www.horomechanika.lt\/?s={search_term_string}\"},\"query-input\":\"required name=search_term_string\"}],\"inLanguage\":\"ru-RU\"},{\"@type\":\"Organization\",\"@id\":\"https:\/\/www.horomechanika.lt\/#organization\",\"name\":\"UAB \\\"Horo mechanika\\\"\",\"url\":\"https:\/\/www.horomechanika.lt\/\",\"logo\":{\"@type\":\"ImageObject\",\"inLanguage\":\"ru-RU\",\"@id\":\"https:\/\/www.horomechanika.lt\/#\/schema\/logo\/image\/\",\"url\":\"https:\/\/www.horomechanika.lt\/wp-content\/uploads\/2020\/05\/horomechanika-logo.png\",\"contentUrl\":\"https:\/\/www.horomechanika.lt\/wp-content\/uploads\/2020\/05\/horomechanika-logo.png\",\"width\":137,\"height\":56,\"caption\":\"UAB \\\"Horo mechanika\\\"\"},\"image\":{\"@id\":\"https:\/\/www.horomechanika.lt\/#\/schema\/logo\/image\/\"},\"sameAs\":[\"https:\/\/www.facebook.com\/UAB-Horo-mechanika-177091812471952\"]}]}<\/script>\n<!-- \/ Yoast SEO plugin. -->","yoast_head_json":{"title":"DAUGIAFUNKCINIS KAU\u0160AS KETURI VIENAME | Horomechanika","robots":{"index":"index","follow":"follow","max-snippet":"max-snippet:-1","max-image-preview":"max-image-preview:large","max-video-preview":"max-video-preview:-1"},"canonical":"https:\/\/www.horomechanika.lt\/ru\/product\/daugiafunkcinis-kausas-keturi-viename\/","og_locale":"ru_RU","og_type":"article","og_title":"DAUGIAFUNKCINIS KAU\u0160AS KETURI VIENAME | Horomechanika","og_description":"&nbsp; &nbsp; LWM 1150 4W1 LWM 1250 4W1 LWM 1350 4W1 LWM 1450 4W1 &nbsp; LW 1300 4W1 LW 1450 4W1 LW 1650 4W1 LW 1850 4W1 LW 2050 4W1 LW 2250 4W1 LW 2450 4W1   Plotis mm 1150 1250 1350 1450 1350 1450 1650 1850 2050 2250 2450   Auk\u0161tis mm 800 800 800 800 800 800 800 800 800 800 800   Gylis mm 740 740 740 740 740 740 740 740 740 740 740   Talpa M3 0,23 0,29 0,35 0,38 0,35 0,38 0,44 0,5 0,56 0,62 0,68   Mas\u0117 kg 249 260 271 282 271 282 302 321 341 361 381   Keliamoji galia kg 480 530 580 630 580 630 730 830 930 1030 1120","og_url":"https:\/\/www.horomechanika.lt\/ru\/product\/daugiafunkcinis-kausas-keturi-viename\/","og_site_name":"Horomechanika","article_publisher":"https:\/\/www.facebook.com\/UAB-Horo-mechanika-177091812471952","article_modified_time":"2021-01-21T09:36:15+00:00","og_image":[{"width":771,"height":642,"url":"https:\/\/www.horomechanika.lt\/wp-content\/uploads\/2020\/09\/41-snr1800_big_1.png","type":"image\/png"}],"twitter_card":"summary_large_image","twitter_misc":{"\u041f\u0440\u0438\u043c\u0435\u0440\u043d\u043e\u0435 \u0432\u0440\u0435\u043c\u044f \u0434\u043b\u044f \u0447\u0442\u0435\u043d\u0438\u044f":"1 \u043c\u0438\u043d\u0443\u0442\u0430"},"schema":{"@context":"https:\/\/schema.org","@graph":[{"@type":"WebPage","@id":"https:\/\/www.horomechanika.lt\/product\/daugiafunkcinis-kausas-keturi-viename\/","url":"https:\/\/www.horomechanika.lt\/product\/daugiafunkcinis-kausas-keturi-viename\/","name":"DAUGIAFUNKCINIS KAU\u0160AS KETURI VIENAME | Horomechanika","isPartOf":{"@id":"https:\/\/www.horomechanika.lt\/#website"},"datePublished":"2020-09-30T13:29:03+00:00","dateModified":"2021-01-21T09:36:15+00:00","breadcrumb":{"@id":"https:\/\/www.horomechanika.lt\/product\/daugiafunkcinis-kausas-keturi-viename\/#breadcrumb"},"inLanguage":"ru-RU","potentialAction":[{"@type":"ReadAction","target":["https:\/\/www.horomechanika.lt\/product\/daugiafunkcinis-kausas-keturi-viename\/"]}]},{"@type":"BreadcrumbList","@id":"https:\/\/www.horomechanika.lt\/product\/daugiafunkcinis-kausas-keturi-viename\/#breadcrumb","itemListElement":[{"@type":"ListItem","position":1,"name":"Home","item":"https:\/\/www.horomechanika.lt\/"},{"@type":"ListItem","position":2,"name":"Shop","item":"https:\/\/www.horomechanika.lt\/ru\/shop-2\/"},{"@type":"ListItem","position":3,"name":"DAUGIAFUNKCINIS KAU\u0160AS KETURI VIENAME"}]},{"@type":"WebSite","@id":"https:\/\/www.horomechanika.lt\/#website","url":"https:\/\/www.horomechanika.lt\/","name":"Horomechanika","description":"\u017dem\u0117s \u016akio Technika","publisher":{"@id":"https:\/\/www.horomechanika.lt\/#organization"},"potentialAction":[{"@type":"SearchAction","target":{"@type":"EntryPoint","urlTemplate":"https:\/\/www.horomechanika.lt\/?s={search_term_string}"},"query-input":"required name=search_term_string"}],"inLanguage":"ru-RU"},{"@type":"Organization","@id":"https:\/\/www.horomechanika.lt\/#organization","name":"UAB \"Horo mechanika\"","url":"https:\/\/www.horomechanika.lt\/","logo":{"@type":"ImageObject","inLanguage":"ru-RU","@id":"https:\/\/www.horomechanika.lt\/#\/schema\/logo\/image\/","url":"https:\/\/www.horomechanika.lt\/wp-content\/uploads\/2020\/05\/horomechanika-logo.png","contentUrl":"https:\/\/www.horomechanika.lt\/wp-content\/uploads\/2020\/05\/horomechanika-logo.png","width":137,"height":56,"caption":"UAB \"Horo mechanika\""},"image":{"@id":"https:\/\/www.horomechanika.lt\/#\/schema\/logo\/image\/"},"sameAs":["https:\/\/www.facebook.com\/UAB-Horo-mechanika-177091812471952"]}]}},"_links":{"self":[{"href":"https:\/\/www.horomechanika.lt\/ru\/wp-json\/wp\/v2\/product\/11509","targetHints":{"allow":["GET"]}}],"collection":[{"href":"https:\/\/www.horomechanika.lt\/ru\/wp-json\/wp\/v2\/product"}],"about":[{"href":"https:\/\/www.horomechanika.lt\/ru\/wp-json\/wp\/v2\/types\/product"}],"replies":[{"embeddable":true,"href":"https:\/\/www.horomechanika.lt\/ru\/wp-json\/wp\/v2\/comments?post=11509"}],"wp:featuredmedia":[{"embeddable":true,"href":"https:\/\/www.horomechanika.lt\/ru\/wp-json\/wp\/v2\/media\/11510"}],"wp:attachment":[{"href":"https:\/\/www.horomechanika.lt\/ru\/wp-json\/wp\/v2\/media?parent=11509"}],"wp:term":[{"taxonomy":"product_cat","embeddable":true,"href":"https:\/\/www.horomechanika.lt\/ru\/wp-json\/wp\/v2\/product_cat?post=11509"},{"taxonomy":"product_tag","embeddable":true,"href":"https:\/\/www.horomechanika.lt\/ru\/wp-json\/wp\/v2\/product_tag?post=11509"}],"curies":[{"name":"wp","href":"https:\/\/api.w.org\/{rel}","templated":true}]}}