{"id":11512,"date":"2020-10-02T14:54:20","date_gmt":"2020-10-02T11:54:20","guid":{"rendered":"http:\/\/horomechanika.lt\/?post_type=product&#038;p=11512"},"modified":"2022-05-11T09:10:03","modified_gmt":"2022-05-11T06:10:03","slug":"auksto-isvertimo-kausas-lww-snr","status":"publish","type":"product","link":"https:\/\/www.horomechanika.lt\/ru\/product\/auksto-isvertimo-kausas-lww-snr\/","title":{"rendered":"AUK\u0160TO I\u0160VERTIMO KAU\u0160AS LWW SNR"},"content":{"rendered":"<ul>\n<li style=\"list-style-type: none;\">\n<ul>\n<li style=\"list-style-type: none;\">\n<ul>\n<li style=\"list-style-type: none;\">\n<ul>\n<li>\n<h3>AUK\u0160TO I\u0160VERTIMO KAU\u0160AS pritaikytas darbui su priekiniu krautuvu.<\/h3>\n<ul>\n<li>Kau\u0161\u0173 konstrukcija atlikta i\u0161 S355 plieno, kai\u0161\u010diai ir \u012fvor\u0117s pagaminti i\u0161 C45 plieno.<\/li>\n<li>\u012erenginyje yra trys a\u0161tr\u016bs HARDOX peiliai: vienas trinkeles priekyje, kitas &#8211; trinkeles gale, o tre\u010dias &#8211; ant fiksuotos dalies.<\/li>\n<li>Stiprus kau\u0161o dantys leid\u017eia \u012fsiskverbti \u012f pagrind\u0105 &#8211; sm\u0117l\u012f, durpes, \u0161iuk\u0161les ir kt. \u0160onini\u0173 sien\u0173 dantytas kont\u016bras leid\u017eia u\u017etikrinti saug\u0173 griebtuvo griebim\u0105.<\/li>\n<li>Visa konstrukcija da\u017eoma milteliniu metodu.<\/li>\n<\/ul>\n<p><strong>AUK\u0160TO I\u0160VERTIMO KAU\u0160AS FUNKCIJOS:<\/strong><\/p>\n<ul>\n<li>krovinio surinkimas ir perk\u0117limas &#8211; kaip universaliu kau\u0161u;<\/li>\n<li>u\u017etikrinantis didesn\u012f i\u0161tu\u0161tinimo auk\u0161t\u012f;<\/li>\n<\/ul>\n<p><strong>Standartin\u0117 \u012franga:<\/strong><\/p>\n<ul>\n<li>tvirtinimas EURO arba SMS<\/li>\n<li>HARDOX 500 plieno peilis<\/li>\n<\/ul>\n<p><strong>Priemoka:<\/strong><\/p>\n<ul>\n<li>hidraulin\u0117 jungtis EURO<\/li>\n<li>kito tipo tvirtinimas<\/li>\n<\/ul>\n<\/li>\n<\/ul>\n<\/li>\n<\/ul>\n<\/li>\n<\/ul>\n<\/li>\n<\/ul>","protected":false},"excerpt":{"rendered":"<table width=\"0\">\n<tbody>\n<tr>\n<td width=\"90\">&nbsp;<\/td>\n<td width=\"44\">&nbsp;<\/td>\n<td width=\"79\">LWW<\/p>\n<p>1400<\/td>\n<td width=\"79\">LWW 1600<\/td>\n<td width=\"79\">LWW 1800<\/td>\n<td width=\"79\">LWW 2000<\/td>\n<td width=\"79\">LWW 2200<\/td>\n<td width=\"79\">LWW 2400<\/td>\n<\/tr>\n<tr>\n<td width=\"90\">Plotis<\/td>\n<td width=\"44\">mm<\/td>\n<td width=\"79\">1400<\/td>\n<td width=\"79\">1600<\/td>\n<td width=\"79\">1800<\/td>\n<td width=\"79\">2000<\/td>\n<td width=\"79\">2200<\/td>\n<td width=\"79\">2400<\/td>\n<\/tr>\n<tr>\n<td width=\"90\">Talpa<\/td>\n<td width=\"44\">M<sup>3<\/sup><\/td>\n<td width=\"79\">0,54<\/td>\n<td width=\"79\">0,62<\/td>\n<td width=\"79\">0,70<\/td>\n<td width=\"79\">0,78<\/td>\n<td width=\"79\">0,86<\/td>\n<td width=\"79\">0,94<\/td>\n<\/tr>\n<tr>\n<td width=\"90\">Mas\u0117<\/td>\n<td width=\"44\">kg<\/td>\n<td width=\"79\">345<\/td>\n<td width=\"79\">370<\/td>\n<td width=\"79\">395<\/td>\n<td width=\"79\">420<\/td>\n<td width=\"79\">445<\/td>\n<td width=\"79\">470<\/td>\n<\/tr>\n<tr>\n<td width=\"90\">Keliamoji galia<\/td>\n<td width=\"44\">kg<\/td>\n<td width=\"79\">1000<\/td>\n<td width=\"79\">1000<\/td>\n<td width=\"79\">1000<\/td>\n<td width=\"79\">1000<\/td>\n<td width=\"79\">1000<\/td>\n<td width=\"79\">1000<\/td>\n<\/tr>\n<\/tbody>\n<\/table>","protected":false},"featured_media":11513,"comment_status":"open","ping_status":"closed","template":"","meta":[],"product_cat":[109],"product_tag":[],"class_list":["post-11512","product","type-product","status-publish","has-post-thumbnail","hentry","product_cat-priedai-frontaliniam-krautuvui"],"yoast_head":"<!-- This site is optimized with the Yoast SEO plugin v20.1 - https:\/\/yoast.com\/wordpress\/plugins\/seo\/ -->\n<title>AUK\u0160TO I\u0160VERTIMO KAU\u0160AS LWW SNR | Horomechanika<\/title>\n<meta name=\"robots\" content=\"index, follow, max-snippet:-1, max-image-preview:large, max-video-preview:-1\" \/>\n<link rel=\"canonical\" href=\"https:\/\/www.horomechanika.lt\/ru\/product\/auksto-isvertimo-kausas-lww-snr\/\" \/>\n<meta property=\"og:locale\" content=\"ru_RU\" \/>\n<meta property=\"og:type\" content=\"article\" \/>\n<meta property=\"og:title\" content=\"AUK\u0160TO I\u0160VERTIMO KAU\u0160AS LWW SNR | Horomechanika\" \/>\n<meta property=\"og:description\" content=\"&nbsp; &nbsp; LWW  1400 LWW 1600 LWW 1800 LWW 2000 LWW 2200 LWW 2400   Plotis mm 1400 1600 1800 2000 2200 2400   Talpa M3 0,54 0,62 0,70 0,78 0,86 0,94   Mas\u0117 kg 345 370 395 420 445 470   Keliamoji galia kg 1000 1000 1000 1000 1000 1000\" \/>\n<meta property=\"og:url\" content=\"https:\/\/www.horomechanika.lt\/ru\/product\/auksto-isvertimo-kausas-lww-snr\/\" \/>\n<meta property=\"og:site_name\" content=\"Horomechanika\" \/>\n<meta property=\"article:publisher\" content=\"https:\/\/www.facebook.com\/UAB-Horo-mechanika-177091812471952\" \/>\n<meta property=\"article:modified_time\" content=\"2022-05-11T06:10:03+00:00\" \/>\n<meta property=\"og:image\" content=\"https:\/\/www.horomechanika.lt\/wp-content\/uploads\/2020\/10\/yzka-wysokiego-wysypu-fot4_big.png\" \/>\n\t<meta property=\"og:image:width\" content=\"1816\" \/>\n\t<meta property=\"og:image:height\" content=\"1532\" \/>\n\t<meta property=\"og:image:type\" content=\"image\/png\" \/>\n<meta name=\"twitter:card\" content=\"summary_large_image\" \/>\n<meta name=\"twitter:label1\" content=\"\u041f\u0440\u0438\u043c\u0435\u0440\u043d\u043e\u0435 \u0432\u0440\u0435\u043c\u044f \u0434\u043b\u044f \u0447\u0442\u0435\u043d\u0438\u044f\" \/>\n\t<meta name=\"twitter:data1\" content=\"1 \u043c\u0438\u043d\u0443\u0442\u0430\" \/>\n<script type=\"application\/ld+json\" class=\"yoast-schema-graph\">{\"@context\":\"https:\/\/schema.org\",\"@graph\":[{\"@type\":\"WebPage\",\"@id\":\"https:\/\/www.horomechanika.lt\/product\/auksto-isvertimo-kausas-lww-snr\/\",\"url\":\"https:\/\/www.horomechanika.lt\/product\/auksto-isvertimo-kausas-lww-snr\/\",\"name\":\"AUK\u0160TO I\u0160VERTIMO KAU\u0160AS LWW SNR | Horomechanika\",\"isPartOf\":{\"@id\":\"https:\/\/www.horomechanika.lt\/#website\"},\"datePublished\":\"2020-10-02T11:54:20+00:00\",\"dateModified\":\"2022-05-11T06:10:03+00:00\",\"breadcrumb\":{\"@id\":\"https:\/\/www.horomechanika.lt\/product\/auksto-isvertimo-kausas-lww-snr\/#breadcrumb\"},\"inLanguage\":\"ru-RU\",\"potentialAction\":[{\"@type\":\"ReadAction\",\"target\":[\"https:\/\/www.horomechanika.lt\/product\/auksto-isvertimo-kausas-lww-snr\/\"]}]},{\"@type\":\"BreadcrumbList\",\"@id\":\"https:\/\/www.horomechanika.lt\/product\/auksto-isvertimo-kausas-lww-snr\/#breadcrumb\",\"itemListElement\":[{\"@type\":\"ListItem\",\"position\":1,\"name\":\"Home\",\"item\":\"https:\/\/www.horomechanika.lt\/\"},{\"@type\":\"ListItem\",\"position\":2,\"name\":\"Shop\",\"item\":\"https:\/\/www.horomechanika.lt\/ru\/shop-2\/\"},{\"@type\":\"ListItem\",\"position\":3,\"name\":\"AUK\u0160TO I\u0160VERTIMO KAU\u0160AS LWW SNR\"}]},{\"@type\":\"WebSite\",\"@id\":\"https:\/\/www.horomechanika.lt\/#website\",\"url\":\"https:\/\/www.horomechanika.lt\/\",\"name\":\"Horomechanika\",\"description\":\"\u017dem\u0117s \u016akio Technika\",\"publisher\":{\"@id\":\"https:\/\/www.horomechanika.lt\/#organization\"},\"potentialAction\":[{\"@type\":\"SearchAction\",\"target\":{\"@type\":\"EntryPoint\",\"urlTemplate\":\"https:\/\/www.horomechanika.lt\/?s={search_term_string}\"},\"query-input\":\"required name=search_term_string\"}],\"inLanguage\":\"ru-RU\"},{\"@type\":\"Organization\",\"@id\":\"https:\/\/www.horomechanika.lt\/#organization\",\"name\":\"UAB \\\"Horo mechanika\\\"\",\"url\":\"https:\/\/www.horomechanika.lt\/\",\"logo\":{\"@type\":\"ImageObject\",\"inLanguage\":\"ru-RU\",\"@id\":\"https:\/\/www.horomechanika.lt\/#\/schema\/logo\/image\/\",\"url\":\"https:\/\/www.horomechanika.lt\/wp-content\/uploads\/2020\/05\/horomechanika-logo.png\",\"contentUrl\":\"https:\/\/www.horomechanika.lt\/wp-content\/uploads\/2020\/05\/horomechanika-logo.png\",\"width\":137,\"height\":56,\"caption\":\"UAB \\\"Horo mechanika\\\"\"},\"image\":{\"@id\":\"https:\/\/www.horomechanika.lt\/#\/schema\/logo\/image\/\"},\"sameAs\":[\"https:\/\/www.facebook.com\/UAB-Horo-mechanika-177091812471952\"]}]}<\/script>\n<!-- \/ Yoast SEO plugin. -->","yoast_head_json":{"title":"AUK\u0160TO I\u0160VERTIMO KAU\u0160AS LWW SNR | Horomechanika","robots":{"index":"index","follow":"follow","max-snippet":"max-snippet:-1","max-image-preview":"max-image-preview:large","max-video-preview":"max-video-preview:-1"},"canonical":"https:\/\/www.horomechanika.lt\/ru\/product\/auksto-isvertimo-kausas-lww-snr\/","og_locale":"ru_RU","og_type":"article","og_title":"AUK\u0160TO I\u0160VERTIMO KAU\u0160AS LWW SNR | Horomechanika","og_description":"&nbsp; &nbsp; LWW  1400 LWW 1600 LWW 1800 LWW 2000 LWW 2200 LWW 2400   Plotis mm 1400 1600 1800 2000 2200 2400   Talpa M3 0,54 0,62 0,70 0,78 0,86 0,94   Mas\u0117 kg 345 370 395 420 445 470   Keliamoji galia kg 1000 1000 1000 1000 1000 1000","og_url":"https:\/\/www.horomechanika.lt\/ru\/product\/auksto-isvertimo-kausas-lww-snr\/","og_site_name":"Horomechanika","article_publisher":"https:\/\/www.facebook.com\/UAB-Horo-mechanika-177091812471952","article_modified_time":"2022-05-11T06:10:03+00:00","og_image":[{"width":1816,"height":1532,"url":"https:\/\/www.horomechanika.lt\/wp-content\/uploads\/2020\/10\/yzka-wysokiego-wysypu-fot4_big.png","type":"image\/png"}],"twitter_card":"summary_large_image","twitter_misc":{"\u041f\u0440\u0438\u043c\u0435\u0440\u043d\u043e\u0435 \u0432\u0440\u0435\u043c\u044f \u0434\u043b\u044f \u0447\u0442\u0435\u043d\u0438\u044f":"1 \u043c\u0438\u043d\u0443\u0442\u0430"},"schema":{"@context":"https:\/\/schema.org","@graph":[{"@type":"WebPage","@id":"https:\/\/www.horomechanika.lt\/product\/auksto-isvertimo-kausas-lww-snr\/","url":"https:\/\/www.horomechanika.lt\/product\/auksto-isvertimo-kausas-lww-snr\/","name":"AUK\u0160TO I\u0160VERTIMO KAU\u0160AS LWW SNR | Horomechanika","isPartOf":{"@id":"https:\/\/www.horomechanika.lt\/#website"},"datePublished":"2020-10-02T11:54:20+00:00","dateModified":"2022-05-11T06:10:03+00:00","breadcrumb":{"@id":"https:\/\/www.horomechanika.lt\/product\/auksto-isvertimo-kausas-lww-snr\/#breadcrumb"},"inLanguage":"ru-RU","potentialAction":[{"@type":"ReadAction","target":["https:\/\/www.horomechanika.lt\/product\/auksto-isvertimo-kausas-lww-snr\/"]}]},{"@type":"BreadcrumbList","@id":"https:\/\/www.horomechanika.lt\/product\/auksto-isvertimo-kausas-lww-snr\/#breadcrumb","itemListElement":[{"@type":"ListItem","position":1,"name":"Home","item":"https:\/\/www.horomechanika.lt\/"},{"@type":"ListItem","position":2,"name":"Shop","item":"https:\/\/www.horomechanika.lt\/ru\/shop-2\/"},{"@type":"ListItem","position":3,"name":"AUK\u0160TO I\u0160VERTIMO KAU\u0160AS LWW SNR"}]},{"@type":"WebSite","@id":"https:\/\/www.horomechanika.lt\/#website","url":"https:\/\/www.horomechanika.lt\/","name":"Horomechanika","description":"\u017dem\u0117s \u016akio Technika","publisher":{"@id":"https:\/\/www.horomechanika.lt\/#organization"},"potentialAction":[{"@type":"SearchAction","target":{"@type":"EntryPoint","urlTemplate":"https:\/\/www.horomechanika.lt\/?s={search_term_string}"},"query-input":"required name=search_term_string"}],"inLanguage":"ru-RU"},{"@type":"Organization","@id":"https:\/\/www.horomechanika.lt\/#organization","name":"UAB \"Horo mechanika\"","url":"https:\/\/www.horomechanika.lt\/","logo":{"@type":"ImageObject","inLanguage":"ru-RU","@id":"https:\/\/www.horomechanika.lt\/#\/schema\/logo\/image\/","url":"https:\/\/www.horomechanika.lt\/wp-content\/uploads\/2020\/05\/horomechanika-logo.png","contentUrl":"https:\/\/www.horomechanika.lt\/wp-content\/uploads\/2020\/05\/horomechanika-logo.png","width":137,"height":56,"caption":"UAB \"Horo mechanika\""},"image":{"@id":"https:\/\/www.horomechanika.lt\/#\/schema\/logo\/image\/"},"sameAs":["https:\/\/www.facebook.com\/UAB-Horo-mechanika-177091812471952"]}]}},"_links":{"self":[{"href":"https:\/\/www.horomechanika.lt\/ru\/wp-json\/wp\/v2\/product\/11512","targetHints":{"allow":["GET"]}}],"collection":[{"href":"https:\/\/www.horomechanika.lt\/ru\/wp-json\/wp\/v2\/product"}],"about":[{"href":"https:\/\/www.horomechanika.lt\/ru\/wp-json\/wp\/v2\/types\/product"}],"replies":[{"embeddable":true,"href":"https:\/\/www.horomechanika.lt\/ru\/wp-json\/wp\/v2\/comments?post=11512"}],"wp:featuredmedia":[{"embeddable":true,"href":"https:\/\/www.horomechanika.lt\/ru\/wp-json\/wp\/v2\/media\/11513"}],"wp:attachment":[{"href":"https:\/\/www.horomechanika.lt\/ru\/wp-json\/wp\/v2\/media?parent=11512"}],"wp:term":[{"taxonomy":"product_cat","embeddable":true,"href":"https:\/\/www.horomechanika.lt\/ru\/wp-json\/wp\/v2\/product_cat?post=11512"},{"taxonomy":"product_tag","embeddable":true,"href":"https:\/\/www.horomechanika.lt\/ru\/wp-json\/wp\/v2\/product_tag?post=11512"}],"curies":[{"name":"wp","href":"https:\/\/api.w.org\/{rel}","templated":true}]}}