{"id":11519,"date":"2020-10-02T15:30:29","date_gmt":"2020-10-02T12:30:29","guid":{"rendered":"http:\/\/horomechanika.lt\/?post_type=product&#038;p=11519"},"modified":"2021-01-21T12:36:33","modified_gmt":"2021-01-21T09:36:33","slug":"didelio-turio-kausai-lo","status":"publish","type":"product","link":"https:\/\/www.horomechanika.lt\/ru\/product\/didelio-turio-kausai-lo\/","title":{"rendered":"DIDELIO T\u016aRIO KAU\u0160AI LO"},"content":{"rendered":"<h1><span class=\"\">T\u016aRINIS KAU\u0160AS<\/span><\/h1>\n<h3>T\u016brinis kau\u0161as kil\u0119s i\u0161 universalaus kau\u0161o.<\/h3>\n<ul>\n<li>Kau\u0161o elementai (gaubtas, \u0161onai, armat\u016bra), kurie labiausiai veikiami apkrovos ir nusid\u0117v\u0117jimo, buvo pagaminti i\u0161 didelio stiprumo plieno.<\/li>\n<li>Peilis pagamintas i\u0161 atsparaus plieno, kurio kietumas yra 500 HB.<\/li>\n<li>Lako danga da\u017eoma milteliniu metodu.<\/li>\n<li>Prieinami t\u016briai: 1,6 m3, 1,75 m3, 1,9 m3, 2,05 m3, 2,2 m3, 2,35 m3.<\/li>\n<li>Tvirtinama pagal kliento poreikius.<\/li>\n<li>Pagal u\u017esakym\u0105, galima atlikti kau\u0161\u0105 su HARDOX 500 plieno peiliu.<\/li>\n<\/ul>\n<p><strong>Standartin\u0117 \u012franga:<\/strong><\/p>\n<ul>\n<li>tvirtinimas EURO arba SMS<\/li>\n<\/ul>\n<p><strong>Priemoka:<\/strong><\/p>\n<ul>\n<li>hidraulin\u0117 jungtis EURO<\/li>\n<li>HARDOX 500 plieno peilis<\/li>\n<\/ul>","protected":false},"excerpt":{"rendered":"<table width=\"0\">\n<tbody>\n<tr>\n<td width=\"75\">&nbsp;<\/td>\n<td width=\"44\">&nbsp;<\/td>\n<td width=\"92\">LO SNR2000<\/td>\n<td width=\"92\">LO SNR2200<\/td>\n<td width=\"92\">LO SNR2400<\/td>\n<td width=\"92\">LO SNR2600<\/td>\n<td width=\"92\">LO SNR2800<\/td>\n<td width=\"92\">LO SNR3000<\/td>\n<\/tr>\n<tr>\n<td width=\"75\">Plotis<\/td>\n<td width=\"44\">mm<\/td>\n<td width=\"92\">2000<\/td>\n<td width=\"92\">2200<\/td>\n<td width=\"92\">2400<\/td>\n<td width=\"92\">2600<\/td>\n<td width=\"92\">2800<\/td>\n<td width=\"92\">3000<\/td>\n<\/tr>\n<tr>\n<td width=\"75\">Auk\u0161tis<\/td>\n<td width=\"44\">mm<\/td>\n<td width=\"92\">1075<\/td>\n<td width=\"92\">1075<\/td>\n<td width=\"92\">1075<\/td>\n<td width=\"92\">1075<\/td>\n<td width=\"92\">1075<\/td>\n<td width=\"92\">1075<\/td>\n<\/tr>\n<tr>\n<td width=\"75\">Gylis<\/td>\n<td width=\"44\">mm<\/td>\n<td width=\"92\">1180<\/td>\n<td width=\"92\">1180<\/td>\n<td width=\"92\">1180<\/td>\n<td width=\"92\">1180<\/td>\n<td width=\"92\">1180<\/td>\n<td width=\"92\">1180<\/td>\n<\/tr>\n<tr>\n<td width=\"75\">Talpa<\/td>\n<td width=\"44\">M<sup>3<\/sup><\/td>\n<td width=\"92\">1,60<\/td>\n<td width=\"92\">1,75<\/td>\n<td width=\"92\">1,90<\/td>\n<td width=\"92\">2,05<\/td>\n<td width=\"92\">2,20<\/td>\n<td width=\"92\">2,35<\/td>\n<\/tr>\n<tr>\n<td width=\"75\">Mas\u0117<\/td>\n<td width=\"44\">kg<\/td>\n<td width=\"92\">617<\/td>\n<td width=\"92\">634<\/td>\n<td width=\"92\">658<\/td>\n<td width=\"92\">692<\/td>\n<td width=\"92\">756<\/td>\n<td width=\"92\">784<\/td>\n<\/tr>\n<\/tbody>\n<\/table>","protected":false},"featured_media":11520,"comment_status":"open","ping_status":"closed","template":"","meta":[],"product_cat":[109],"product_tag":[],"class_list":["post-11519","product","type-product","status-publish","has-post-thumbnail","hentry","product_cat-priedai-frontaliniam-krautuvui"],"yoast_head":"<!-- This site is optimized with the Yoast SEO plugin v20.1 - https:\/\/yoast.com\/wordpress\/plugins\/seo\/ -->\n<title>DIDELIO T\u016aRIO KAU\u0160AI LO | Horomechanika<\/title>\n<meta name=\"robots\" content=\"index, follow, max-snippet:-1, max-image-preview:large, max-video-preview:-1\" \/>\n<link rel=\"canonical\" href=\"https:\/\/www.horomechanika.lt\/ru\/product\/didelio-turio-kausai-lo\/\" \/>\n<meta property=\"og:locale\" content=\"ru_RU\" \/>\n<meta property=\"og:type\" content=\"article\" \/>\n<meta property=\"og:title\" content=\"DIDELIO T\u016aRIO KAU\u0160AI LO | Horomechanika\" \/>\n<meta property=\"og:description\" content=\"&nbsp; &nbsp; LO SNR2000 LO SNR2200 LO SNR2400 LO SNR2600 LO SNR2800 LO SNR3000   Plotis mm 2000 2200 2400 2600 2800 3000   Auk\u0161tis mm 1075 1075 1075 1075 1075 1075   Gylis mm 1180 1180 1180 1180 1180 1180   Talpa M3 1,60 1,75 1,90 2,05 2,20 2,35   Mas\u0117 kg 617 634 658 692 756 784\" \/>\n<meta property=\"og:url\" content=\"https:\/\/www.horomechanika.lt\/ru\/product\/didelio-turio-kausai-lo\/\" \/>\n<meta property=\"og:site_name\" content=\"Horomechanika\" \/>\n<meta property=\"article:publisher\" content=\"https:\/\/www.facebook.com\/UAB-Horo-mechanika-177091812471952\" \/>\n<meta property=\"article:modified_time\" content=\"2021-01-21T09:36:33+00:00\" \/>\n<meta property=\"og:image\" content=\"https:\/\/www.horomechanika.lt\/wp-content\/uploads\/2020\/10\/o-snr2400_big.png\" \/>\n\t<meta property=\"og:image:width\" content=\"750\" \/>\n\t<meta property=\"og:image:height\" content=\"667\" \/>\n\t<meta property=\"og:image:type\" content=\"image\/png\" \/>\n<meta name=\"twitter:card\" content=\"summary_large_image\" \/>\n<script type=\"application\/ld+json\" class=\"yoast-schema-graph\">{\"@context\":\"https:\/\/schema.org\",\"@graph\":[{\"@type\":\"WebPage\",\"@id\":\"https:\/\/www.horomechanika.lt\/product\/didelio-turio-kausai-lo\/\",\"url\":\"https:\/\/www.horomechanika.lt\/product\/didelio-turio-kausai-lo\/\",\"name\":\"DIDELIO T\u016aRIO KAU\u0160AI LO | Horomechanika\",\"isPartOf\":{\"@id\":\"https:\/\/www.horomechanika.lt\/#website\"},\"datePublished\":\"2020-10-02T12:30:29+00:00\",\"dateModified\":\"2021-01-21T09:36:33+00:00\",\"breadcrumb\":{\"@id\":\"https:\/\/www.horomechanika.lt\/product\/didelio-turio-kausai-lo\/#breadcrumb\"},\"inLanguage\":\"ru-RU\",\"potentialAction\":[{\"@type\":\"ReadAction\",\"target\":[\"https:\/\/www.horomechanika.lt\/product\/didelio-turio-kausai-lo\/\"]}]},{\"@type\":\"BreadcrumbList\",\"@id\":\"https:\/\/www.horomechanika.lt\/product\/didelio-turio-kausai-lo\/#breadcrumb\",\"itemListElement\":[{\"@type\":\"ListItem\",\"position\":1,\"name\":\"Home\",\"item\":\"https:\/\/www.horomechanika.lt\/\"},{\"@type\":\"ListItem\",\"position\":2,\"name\":\"Shop\",\"item\":\"https:\/\/www.horomechanika.lt\/ru\/shop-2\/\"},{\"@type\":\"ListItem\",\"position\":3,\"name\":\"DIDELIO T\u016aRIO KAU\u0160AI LO\"}]},{\"@type\":\"WebSite\",\"@id\":\"https:\/\/www.horomechanika.lt\/#website\",\"url\":\"https:\/\/www.horomechanika.lt\/\",\"name\":\"Horomechanika\",\"description\":\"\u017dem\u0117s \u016akio Technika\",\"publisher\":{\"@id\":\"https:\/\/www.horomechanika.lt\/#organization\"},\"potentialAction\":[{\"@type\":\"SearchAction\",\"target\":{\"@type\":\"EntryPoint\",\"urlTemplate\":\"https:\/\/www.horomechanika.lt\/?s={search_term_string}\"},\"query-input\":\"required name=search_term_string\"}],\"inLanguage\":\"ru-RU\"},{\"@type\":\"Organization\",\"@id\":\"https:\/\/www.horomechanika.lt\/#organization\",\"name\":\"UAB \\\"Horo mechanika\\\"\",\"url\":\"https:\/\/www.horomechanika.lt\/\",\"logo\":{\"@type\":\"ImageObject\",\"inLanguage\":\"ru-RU\",\"@id\":\"https:\/\/www.horomechanika.lt\/#\/schema\/logo\/image\/\",\"url\":\"https:\/\/www.horomechanika.lt\/wp-content\/uploads\/2020\/05\/horomechanika-logo.png\",\"contentUrl\":\"https:\/\/www.horomechanika.lt\/wp-content\/uploads\/2020\/05\/horomechanika-logo.png\",\"width\":137,\"height\":56,\"caption\":\"UAB \\\"Horo mechanika\\\"\"},\"image\":{\"@id\":\"https:\/\/www.horomechanika.lt\/#\/schema\/logo\/image\/\"},\"sameAs\":[\"https:\/\/www.facebook.com\/UAB-Horo-mechanika-177091812471952\"]}]}<\/script>\n<!-- \/ Yoast SEO plugin. -->","yoast_head_json":{"title":"DIDELIO T\u016aRIO KAU\u0160AI LO | Horomechanika","robots":{"index":"index","follow":"follow","max-snippet":"max-snippet:-1","max-image-preview":"max-image-preview:large","max-video-preview":"max-video-preview:-1"},"canonical":"https:\/\/www.horomechanika.lt\/ru\/product\/didelio-turio-kausai-lo\/","og_locale":"ru_RU","og_type":"article","og_title":"DIDELIO T\u016aRIO KAU\u0160AI LO | Horomechanika","og_description":"&nbsp; &nbsp; LO SNR2000 LO SNR2200 LO SNR2400 LO SNR2600 LO SNR2800 LO SNR3000   Plotis mm 2000 2200 2400 2600 2800 3000   Auk\u0161tis mm 1075 1075 1075 1075 1075 1075   Gylis mm 1180 1180 1180 1180 1180 1180   Talpa M3 1,60 1,75 1,90 2,05 2,20 2,35   Mas\u0117 kg 617 634 658 692 756 784","og_url":"https:\/\/www.horomechanika.lt\/ru\/product\/didelio-turio-kausai-lo\/","og_site_name":"Horomechanika","article_publisher":"https:\/\/www.facebook.com\/UAB-Horo-mechanika-177091812471952","article_modified_time":"2021-01-21T09:36:33+00:00","og_image":[{"width":750,"height":667,"url":"https:\/\/www.horomechanika.lt\/wp-content\/uploads\/2020\/10\/o-snr2400_big.png","type":"image\/png"}],"twitter_card":"summary_large_image","schema":{"@context":"https:\/\/schema.org","@graph":[{"@type":"WebPage","@id":"https:\/\/www.horomechanika.lt\/product\/didelio-turio-kausai-lo\/","url":"https:\/\/www.horomechanika.lt\/product\/didelio-turio-kausai-lo\/","name":"DIDELIO T\u016aRIO KAU\u0160AI LO | Horomechanika","isPartOf":{"@id":"https:\/\/www.horomechanika.lt\/#website"},"datePublished":"2020-10-02T12:30:29+00:00","dateModified":"2021-01-21T09:36:33+00:00","breadcrumb":{"@id":"https:\/\/www.horomechanika.lt\/product\/didelio-turio-kausai-lo\/#breadcrumb"},"inLanguage":"ru-RU","potentialAction":[{"@type":"ReadAction","target":["https:\/\/www.horomechanika.lt\/product\/didelio-turio-kausai-lo\/"]}]},{"@type":"BreadcrumbList","@id":"https:\/\/www.horomechanika.lt\/product\/didelio-turio-kausai-lo\/#breadcrumb","itemListElement":[{"@type":"ListItem","position":1,"name":"Home","item":"https:\/\/www.horomechanika.lt\/"},{"@type":"ListItem","position":2,"name":"Shop","item":"https:\/\/www.horomechanika.lt\/ru\/shop-2\/"},{"@type":"ListItem","position":3,"name":"DIDELIO T\u016aRIO KAU\u0160AI LO"}]},{"@type":"WebSite","@id":"https:\/\/www.horomechanika.lt\/#website","url":"https:\/\/www.horomechanika.lt\/","name":"Horomechanika","description":"\u017dem\u0117s \u016akio Technika","publisher":{"@id":"https:\/\/www.horomechanika.lt\/#organization"},"potentialAction":[{"@type":"SearchAction","target":{"@type":"EntryPoint","urlTemplate":"https:\/\/www.horomechanika.lt\/?s={search_term_string}"},"query-input":"required name=search_term_string"}],"inLanguage":"ru-RU"},{"@type":"Organization","@id":"https:\/\/www.horomechanika.lt\/#organization","name":"UAB \"Horo mechanika\"","url":"https:\/\/www.horomechanika.lt\/","logo":{"@type":"ImageObject","inLanguage":"ru-RU","@id":"https:\/\/www.horomechanika.lt\/#\/schema\/logo\/image\/","url":"https:\/\/www.horomechanika.lt\/wp-content\/uploads\/2020\/05\/horomechanika-logo.png","contentUrl":"https:\/\/www.horomechanika.lt\/wp-content\/uploads\/2020\/05\/horomechanika-logo.png","width":137,"height":56,"caption":"UAB \"Horo mechanika\""},"image":{"@id":"https:\/\/www.horomechanika.lt\/#\/schema\/logo\/image\/"},"sameAs":["https:\/\/www.facebook.com\/UAB-Horo-mechanika-177091812471952"]}]}},"_links":{"self":[{"href":"https:\/\/www.horomechanika.lt\/ru\/wp-json\/wp\/v2\/product\/11519","targetHints":{"allow":["GET"]}}],"collection":[{"href":"https:\/\/www.horomechanika.lt\/ru\/wp-json\/wp\/v2\/product"}],"about":[{"href":"https:\/\/www.horomechanika.lt\/ru\/wp-json\/wp\/v2\/types\/product"}],"replies":[{"embeddable":true,"href":"https:\/\/www.horomechanika.lt\/ru\/wp-json\/wp\/v2\/comments?post=11519"}],"wp:featuredmedia":[{"embeddable":true,"href":"https:\/\/www.horomechanika.lt\/ru\/wp-json\/wp\/v2\/media\/11520"}],"wp:attachment":[{"href":"https:\/\/www.horomechanika.lt\/ru\/wp-json\/wp\/v2\/media?parent=11519"}],"wp:term":[{"taxonomy":"product_cat","embeddable":true,"href":"https:\/\/www.horomechanika.lt\/ru\/wp-json\/wp\/v2\/product_cat?post=11519"},{"taxonomy":"product_tag","embeddable":true,"href":"https:\/\/www.horomechanika.lt\/ru\/wp-json\/wp\/v2\/product_tag?post=11519"}],"curies":[{"name":"wp","href":"https:\/\/api.w.org\/{rel}","templated":true}]}}