{"id":11525,"date":"2020-10-22T09:37:30","date_gmt":"2020-10-22T06:37:30","guid":{"rendered":"http:\/\/horomechanika.lt\/?post_type=product&#038;p=11525"},"modified":"2022-05-11T09:10:03","modified_gmt":"2022-05-11T06:10:03","slug":"kausas-su-prispaudimu-plieno-dantimis","status":"publish","type":"product","link":"https:\/\/www.horomechanika.lt\/ru\/product\/kausas-su-prispaudimu-plieno-dantimis\/","title":{"rendered":"KAU\u0160AS SU PRISPAUDIMU PLIENO DANTIMIS"},"content":{"rendered":"<h3>Griebtuvas kau\u0161as &#8211; krokodilas kaitintais dantimis pritaikytas darbui su frontaliniais arba krautuvais.<\/h3>\n<ul>\n<li>Solidi ir patvari konstrukcija pagaminta i\u0161 padidinto patvarumo plieno.<\/li>\n<li>Da\u017eoma milteliniu metodu.<\/li>\n<li>Hidrauliniai cilindrai su dideliu galingumu, leid\u017eiantys atlikti tinkam\u0105 ir patikim\u0105 med\u017eiagos suspaudim\u0105.<\/li>\n<li>Pilnas kau\u0161o dugnas leid\u017eia visi\u0161kai surinkti med\u017eiag\u0105 ir neleisti jam i\u0161byr\u0117ti transporto metu.<\/li>\n<li>Kau\u0161o peilis pagamintas i\u0161 padidinto patvarumo plieno ir yra atsparus dilimui.<\/li>\n<li>Specialiai kont\u016bruoti, i\u0161 padidinto patvarumo plieno pagaminti dantys leid\u017eia lengviau i\u0161traukti med\u017eiag\u0105, spausti ir stumti kau\u0161o viduje.<\/li>\n<li>Cinkuoti kai\u0161\u010diai ir slankiosios \u012fvor\u0117s, pagamintos i\u0161 atsparaus dilimui C45 plieno, u\u017etikrina patikim\u0105 veikim\u0105.<\/li>\n<li>Hidraulin\u0117s \u017earnos u\u017etikrina auk\u0161t\u0105 kokyb\u0119 ir patikimum\u0105 ir gali b\u016bti pritaikytos individualiems poreikiams.<\/li>\n<li>Prietaiso privalumas yra platus judan\u010dio r\u0117mo atidarymo kampas, kuris leid\u017eia laisvai pakrauti i\u0161 prizm\u0117s net tiesiogiai prie sienos.<\/li>\n<li>Prieinami plo\u010diai: 1,5 m, 1,8 m, 2,0 m, 2,2 m ir 2,4 m.<\/li>\n<\/ul>\n<p><strong>Standartinis tvirtinimas:<\/strong>\u00a0EURO ir SMS<br \/>\n<strong>Priemoka:<\/strong>\u00a0hidraulin\u0117s jungtys EURO, peilis Hardox<\/p>","protected":false},"excerpt":{"rendered":"<table width=\"0\">\n<tbody>\n<tr>\n<td width=\"113\"><\/td>\n<td width=\"67\"><\/td>\n<td width=\"82\">LKZP 1400<\/td>\n<td width=\"82\">LKZP 1500<\/td>\n<td width=\"82\">LKZP 1600<\/td>\n<td width=\"82\">LKZP 1800<\/td>\n<td width=\"82\">LKZP 2000<\/td>\n<td width=\"63\">LKZP 2200<\/td>\n<td width=\"63\">LKZP 2400<\/td>\n<\/tr>\n<tr>\n<td width=\"113\">Plotis<\/td>\n<td width=\"67\">mm<\/td>\n<td width=\"82\">1400<\/td>\n<td width=\"82\">1500<\/td>\n<td width=\"82\">1600<\/td>\n<td width=\"82\">1800<\/td>\n<td width=\"82\">2000<\/td>\n<td width=\"63\">2200<\/td>\n<td width=\"63\">2400<\/td>\n<\/tr>\n<tr>\n<td width=\"113\">Auk\u0161tis<\/td>\n<td width=\"67\">mm<\/td>\n<td width=\"82\">960<\/td>\n<td width=\"82\">960<\/td>\n<td width=\"82\">960<\/td>\n<td width=\"82\">960<\/td>\n<td width=\"82\">960<\/td>\n<td width=\"63\">960<\/td>\n<td width=\"63\">960<\/td>\n<\/tr>\n<tr>\n<td width=\"113\">Auk\u0161tis atidarius<\/td>\n<td width=\"67\">mm<\/td>\n<td width=\"82\">1500<\/td>\n<td width=\"82\">1500<\/td>\n<td width=\"82\">1500<\/td>\n<td width=\"82\">1500<\/td>\n<td width=\"82\">1500<\/td>\n<td width=\"63\">1500<\/td>\n<td width=\"63\">1500<\/td>\n<\/tr>\n<tr>\n<td width=\"113\">Talpa<\/td>\n<td width=\"67\">M<sup>3<\/sup><\/td>\n<td width=\"82\">0,7<\/td>\n<td width=\"82\">0,8<\/td>\n<td width=\"82\">0,9<\/td>\n<td width=\"82\">1,0<\/td>\n<td width=\"82\">1,1<\/td>\n<td width=\"63\">1,2<\/td>\n<td width=\"63\">1,3<\/td>\n<\/tr>\n<tr>\n<td width=\"113\">Mas\u0117<\/td>\n<td width=\"67\">kg<\/td>\n<td width=\"82\">462<\/td>\n<td width=\"82\">485<\/td>\n<td width=\"82\">510<\/td>\n<td width=\"82\">535<\/td>\n<td width=\"82\">560<\/td>\n<td width=\"63\">600<\/td>\n<td width=\"63\">625<\/td>\n<\/tr>\n<tr>\n<td width=\"113\">Keliamoji galia<\/td>\n<td width=\"67\">kg<\/td>\n<td width=\"82\">840<\/td>\n<td width=\"82\">960<\/td>\n<td width=\"82\">1080<\/td>\n<td width=\"82\">1200<\/td>\n<td width=\"82\">1320<\/td>\n<td width=\"63\">1440<\/td>\n<td width=\"63\">1560<\/td>\n<\/tr>\n<tr>\n<td width=\"113\">Cilindrai k\u0117limui<\/td>\n<td width=\"67\">Vnt<\/td>\n<td width=\"82\">2<\/td>\n<td width=\"82\">2<\/td>\n<td width=\"82\">2<\/td>\n<td width=\"82\">2<\/td>\n<td width=\"82\">2<\/td>\n<td width=\"63\">2<\/td>\n<td width=\"63\">2<\/td>\n<\/tr>\n<\/tbody>\n<\/table>\n<p>&nbsp;<\/p>\n<table width=\"0\">\n<tbody>\n<tr>\n<td colspan=\"6\" width=\"422\">TELESKOPAMS<\/td>\n<\/tr>\n<tr>\n<td width=\"100\">&nbsp;<\/td>\n<td width=\"55\">&nbsp;<\/td>\n<td width=\"78\">LKPL 1800<\/td>\n<td width=\"71\">LKPL 2000<\/td>\n<td width=\"58\">LKPL 2200<\/td>\n<td width=\"59\">LKPL 2400<\/td>\n<\/tr>\n<tr>\n<td width=\"100\">Plotis<\/td>\n<td width=\"55\">mm<\/td>\n<td width=\"78\">1800<\/td>\n<td width=\"71\">2000<\/td>\n<td width=\"58\">2200<\/td>\n<td width=\"59\">2400<\/td>\n<\/tr>\n<tr>\n<td width=\"100\">Auk\u0161tis<\/td>\n<td width=\"55\">mm<\/td>\n<td width=\"78\">960<\/td>\n<td width=\"71\">960<\/td>\n<td width=\"58\">960<\/td>\n<td width=\"59\">960<\/td>\n<\/tr>\n<tr>\n<td width=\"100\">Auk\u0161tis atidarius<\/td>\n<td width=\"55\">mm<\/td>\n<td width=\"78\">1500<\/td>\n<td width=\"71\">1500<\/td>\n<td width=\"58\">1500<\/td>\n<td width=\"59\">1500<\/td>\n<\/tr>\n<tr>\n<td width=\"100\">Talpa<\/td>\n<td width=\"55\">M<sup>3<\/sup><\/td>\n<td width=\"78\">1,0<\/td>\n<td width=\"71\">1,1<\/td>\n<td width=\"58\">1,2<\/td>\n<td width=\"59\">1,3<\/td>\n<\/tr>\n<tr>\n<td width=\"100\">Mas\u0117<\/td>\n<td width=\"55\">kg<\/td>\n<td width=\"78\">540<\/td>\n<td width=\"71\">5610<\/td>\n<td width=\"58\">650<\/td>\n<td width=\"59\">690<\/td>\n<\/tr>\n<tr>\n<td width=\"100\">Keliamoji galia<\/td>\n<td width=\"55\">kg<\/td>\n<td width=\"78\">1200<\/td>\n<td width=\"71\">1320<\/td>\n<td width=\"58\">1440<\/td>\n<td width=\"59\">1560<\/td>\n<\/tr>\n<tr>\n<td width=\"100\">Cilindrai k\u0117limui<\/td>\n<td width=\"55\">Vnt<\/td>\n<td width=\"78\">2<\/td>\n<td width=\"71\">2<\/td>\n<td width=\"58\">2<\/td>\n<td width=\"59\">2<\/td>\n<\/tr>\n<\/tbody>\n<\/table>","protected":false},"featured_media":11534,"comment_status":"open","ping_status":"closed","template":"","meta":[],"product_cat":[109],"product_tag":[],"class_list":["post-11525","product","type-product","status-publish","has-post-thumbnail","hentry","product_cat-priedai-frontaliniam-krautuvui"],"yoast_head":"<!-- This site is optimized with the Yoast SEO plugin v20.1 - https:\/\/yoast.com\/wordpress\/plugins\/seo\/ -->\n<title>KAU\u0160AS SU PRISPAUDIMU PLIENO DANTIMIS | Horomechanika<\/title>\n<meta name=\"robots\" content=\"index, follow, max-snippet:-1, max-image-preview:large, max-video-preview:-1\" \/>\n<link rel=\"canonical\" href=\"https:\/\/www.horomechanika.lt\/ru\/product\/kausas-su-prispaudimu-plieno-dantimis\/\" \/>\n<meta property=\"og:locale\" content=\"ru_RU\" \/>\n<meta property=\"og:type\" content=\"article\" \/>\n<meta property=\"og:title\" content=\"KAU\u0160AS SU PRISPAUDIMU PLIENO DANTIMIS | Horomechanika\" \/>\n<meta property=\"og:description\" content=\"LKZP 1400 LKZP 1500 LKZP 1600 LKZP 1800 LKZP 2000 LKZP 2200 LKZP 2400   Plotis mm 1400 1500 1600 1800 2000 2200 2400   Auk\u0161tis mm 960 960 960 960 960 960 960   Auk\u0161tis atidarius mm 1500 1500 1500 1500 1500 1500 1500   Talpa M3 0,7 0,8 0,9 1,0 1,1 1,2 1,3   Mas\u0117 kg 462 485 510 535 560 600 625   Keliamoji galia kg 840 960 1080 1200 1320 1440 1560   Cilindrai k\u0117limui Vnt 2 2 2 2 2 2 2    &nbsp;    TELESKOPAMS   &nbsp; &nbsp; LKPL 1800 LKPL 2000 LKPL 2200 LKPL 2400   Plotis mm 1800 2000 2200 2400   Auk\u0161tis mm 960 960 960 960   Auk\u0161tis atidarius mm 1500 1500 1500 1500   Talpa M3 1,0 1,1 1,2 1,3   Mas\u0117 kg 540 5610 650 690   Keliamoji galia kg 1200 1320 1440 1560   Cilindrai k\u0117limui Vnt 2 2 2 2\" \/>\n<meta property=\"og:url\" content=\"https:\/\/www.horomechanika.lt\/ru\/product\/kausas-su-prispaudimu-plieno-dantimis\/\" \/>\n<meta property=\"og:site_name\" content=\"Horomechanika\" \/>\n<meta property=\"article:publisher\" content=\"https:\/\/www.facebook.com\/UAB-Horo-mechanika-177091812471952\" \/>\n<meta property=\"article:modified_time\" content=\"2022-05-11T06:10:03+00:00\" \/>\n<meta property=\"og:image\" content=\"https:\/\/www.horomechanika.lt\/wp-content\/uploads\/2020\/10\/kp-snr1800_big_1.png\" \/>\n\t<meta property=\"og:image:width\" content=\"791\" \/>\n\t<meta property=\"og:image:height\" content=\"650\" \/>\n\t<meta property=\"og:image:type\" content=\"image\/png\" \/>\n<meta name=\"twitter:card\" content=\"summary_large_image\" \/>\n<meta name=\"twitter:label1\" content=\"\u041f\u0440\u0438\u043c\u0435\u0440\u043d\u043e\u0435 \u0432\u0440\u0435\u043c\u044f \u0434\u043b\u044f \u0447\u0442\u0435\u043d\u0438\u044f\" \/>\n\t<meta name=\"twitter:data1\" content=\"1 \u043c\u0438\u043d\u0443\u0442\u0430\" \/>\n<script type=\"application\/ld+json\" class=\"yoast-schema-graph\">{\"@context\":\"https:\/\/schema.org\",\"@graph\":[{\"@type\":\"WebPage\",\"@id\":\"https:\/\/www.horomechanika.lt\/product\/kausas-su-prispaudimu-plieno-dantimis\/\",\"url\":\"https:\/\/www.horomechanika.lt\/product\/kausas-su-prispaudimu-plieno-dantimis\/\",\"name\":\"KAU\u0160AS SU PRISPAUDIMU PLIENO DANTIMIS | Horomechanika\",\"isPartOf\":{\"@id\":\"https:\/\/www.horomechanika.lt\/#website\"},\"datePublished\":\"2020-10-22T06:37:30+00:00\",\"dateModified\":\"2022-05-11T06:10:03+00:00\",\"breadcrumb\":{\"@id\":\"https:\/\/www.horomechanika.lt\/product\/kausas-su-prispaudimu-plieno-dantimis\/#breadcrumb\"},\"inLanguage\":\"ru-RU\",\"potentialAction\":[{\"@type\":\"ReadAction\",\"target\":[\"https:\/\/www.horomechanika.lt\/product\/kausas-su-prispaudimu-plieno-dantimis\/\"]}]},{\"@type\":\"BreadcrumbList\",\"@id\":\"https:\/\/www.horomechanika.lt\/product\/kausas-su-prispaudimu-plieno-dantimis\/#breadcrumb\",\"itemListElement\":[{\"@type\":\"ListItem\",\"position\":1,\"name\":\"Home\",\"item\":\"https:\/\/www.horomechanika.lt\/\"},{\"@type\":\"ListItem\",\"position\":2,\"name\":\"Shop\",\"item\":\"https:\/\/www.horomechanika.lt\/ru\/shop-2\/\"},{\"@type\":\"ListItem\",\"position\":3,\"name\":\"KAU\u0160AS SU PRISPAUDIMU PLIENO DANTIMIS\"}]},{\"@type\":\"WebSite\",\"@id\":\"https:\/\/www.horomechanika.lt\/#website\",\"url\":\"https:\/\/www.horomechanika.lt\/\",\"name\":\"Horomechanika\",\"description\":\"\u017dem\u0117s \u016akio Technika\",\"publisher\":{\"@id\":\"https:\/\/www.horomechanika.lt\/#organization\"},\"potentialAction\":[{\"@type\":\"SearchAction\",\"target\":{\"@type\":\"EntryPoint\",\"urlTemplate\":\"https:\/\/www.horomechanika.lt\/?s={search_term_string}\"},\"query-input\":\"required name=search_term_string\"}],\"inLanguage\":\"ru-RU\"},{\"@type\":\"Organization\",\"@id\":\"https:\/\/www.horomechanika.lt\/#organization\",\"name\":\"UAB \\\"Horo mechanika\\\"\",\"url\":\"https:\/\/www.horomechanika.lt\/\",\"logo\":{\"@type\":\"ImageObject\",\"inLanguage\":\"ru-RU\",\"@id\":\"https:\/\/www.horomechanika.lt\/#\/schema\/logo\/image\/\",\"url\":\"https:\/\/www.horomechanika.lt\/wp-content\/uploads\/2020\/05\/horomechanika-logo.png\",\"contentUrl\":\"https:\/\/www.horomechanika.lt\/wp-content\/uploads\/2020\/05\/horomechanika-logo.png\",\"width\":137,\"height\":56,\"caption\":\"UAB \\\"Horo mechanika\\\"\"},\"image\":{\"@id\":\"https:\/\/www.horomechanika.lt\/#\/schema\/logo\/image\/\"},\"sameAs\":[\"https:\/\/www.facebook.com\/UAB-Horo-mechanika-177091812471952\"]}]}<\/script>\n<!-- \/ Yoast SEO plugin. -->","yoast_head_json":{"title":"KAU\u0160AS SU PRISPAUDIMU PLIENO DANTIMIS | Horomechanika","robots":{"index":"index","follow":"follow","max-snippet":"max-snippet:-1","max-image-preview":"max-image-preview:large","max-video-preview":"max-video-preview:-1"},"canonical":"https:\/\/www.horomechanika.lt\/ru\/product\/kausas-su-prispaudimu-plieno-dantimis\/","og_locale":"ru_RU","og_type":"article","og_title":"KAU\u0160AS SU PRISPAUDIMU PLIENO DANTIMIS | Horomechanika","og_description":"LKZP 1400 LKZP 1500 LKZP 1600 LKZP 1800 LKZP 2000 LKZP 2200 LKZP 2400   Plotis mm 1400 1500 1600 1800 2000 2200 2400   Auk\u0161tis mm 960 960 960 960 960 960 960   Auk\u0161tis atidarius mm 1500 1500 1500 1500 1500 1500 1500   Talpa M3 0,7 0,8 0,9 1,0 1,1 1,2 1,3   Mas\u0117 kg 462 485 510 535 560 600 625   Keliamoji galia kg 840 960 1080 1200 1320 1440 1560   Cilindrai k\u0117limui Vnt 2 2 2 2 2 2 2    &nbsp;    TELESKOPAMS   &nbsp; &nbsp; LKPL 1800 LKPL 2000 LKPL 2200 LKPL 2400   Plotis mm 1800 2000 2200 2400   Auk\u0161tis mm 960 960 960 960   Auk\u0161tis atidarius mm 1500 1500 1500 1500   Talpa M3 1,0 1,1 1,2 1,3   Mas\u0117 kg 540 5610 650 690   Keliamoji galia kg 1200 1320 1440 1560   Cilindrai k\u0117limui Vnt 2 2 2 2","og_url":"https:\/\/www.horomechanika.lt\/ru\/product\/kausas-su-prispaudimu-plieno-dantimis\/","og_site_name":"Horomechanika","article_publisher":"https:\/\/www.facebook.com\/UAB-Horo-mechanika-177091812471952","article_modified_time":"2022-05-11T06:10:03+00:00","og_image":[{"width":791,"height":650,"url":"https:\/\/www.horomechanika.lt\/wp-content\/uploads\/2020\/10\/kp-snr1800_big_1.png","type":"image\/png"}],"twitter_card":"summary_large_image","twitter_misc":{"\u041f\u0440\u0438\u043c\u0435\u0440\u043d\u043e\u0435 \u0432\u0440\u0435\u043c\u044f \u0434\u043b\u044f \u0447\u0442\u0435\u043d\u0438\u044f":"1 \u043c\u0438\u043d\u0443\u0442\u0430"},"schema":{"@context":"https:\/\/schema.org","@graph":[{"@type":"WebPage","@id":"https:\/\/www.horomechanika.lt\/product\/kausas-su-prispaudimu-plieno-dantimis\/","url":"https:\/\/www.horomechanika.lt\/product\/kausas-su-prispaudimu-plieno-dantimis\/","name":"KAU\u0160AS SU PRISPAUDIMU PLIENO DANTIMIS | Horomechanika","isPartOf":{"@id":"https:\/\/www.horomechanika.lt\/#website"},"datePublished":"2020-10-22T06:37:30+00:00","dateModified":"2022-05-11T06:10:03+00:00","breadcrumb":{"@id":"https:\/\/www.horomechanika.lt\/product\/kausas-su-prispaudimu-plieno-dantimis\/#breadcrumb"},"inLanguage":"ru-RU","potentialAction":[{"@type":"ReadAction","target":["https:\/\/www.horomechanika.lt\/product\/kausas-su-prispaudimu-plieno-dantimis\/"]}]},{"@type":"BreadcrumbList","@id":"https:\/\/www.horomechanika.lt\/product\/kausas-su-prispaudimu-plieno-dantimis\/#breadcrumb","itemListElement":[{"@type":"ListItem","position":1,"name":"Home","item":"https:\/\/www.horomechanika.lt\/"},{"@type":"ListItem","position":2,"name":"Shop","item":"https:\/\/www.horomechanika.lt\/ru\/shop-2\/"},{"@type":"ListItem","position":3,"name":"KAU\u0160AS SU PRISPAUDIMU PLIENO DANTIMIS"}]},{"@type":"WebSite","@id":"https:\/\/www.horomechanika.lt\/#website","url":"https:\/\/www.horomechanika.lt\/","name":"Horomechanika","description":"\u017dem\u0117s \u016akio Technika","publisher":{"@id":"https:\/\/www.horomechanika.lt\/#organization"},"potentialAction":[{"@type":"SearchAction","target":{"@type":"EntryPoint","urlTemplate":"https:\/\/www.horomechanika.lt\/?s={search_term_string}"},"query-input":"required name=search_term_string"}],"inLanguage":"ru-RU"},{"@type":"Organization","@id":"https:\/\/www.horomechanika.lt\/#organization","name":"UAB \"Horo mechanika\"","url":"https:\/\/www.horomechanika.lt\/","logo":{"@type":"ImageObject","inLanguage":"ru-RU","@id":"https:\/\/www.horomechanika.lt\/#\/schema\/logo\/image\/","url":"https:\/\/www.horomechanika.lt\/wp-content\/uploads\/2020\/05\/horomechanika-logo.png","contentUrl":"https:\/\/www.horomechanika.lt\/wp-content\/uploads\/2020\/05\/horomechanika-logo.png","width":137,"height":56,"caption":"UAB \"Horo mechanika\""},"image":{"@id":"https:\/\/www.horomechanika.lt\/#\/schema\/logo\/image\/"},"sameAs":["https:\/\/www.facebook.com\/UAB-Horo-mechanika-177091812471952"]}]}},"_links":{"self":[{"href":"https:\/\/www.horomechanika.lt\/ru\/wp-json\/wp\/v2\/product\/11525","targetHints":{"allow":["GET"]}}],"collection":[{"href":"https:\/\/www.horomechanika.lt\/ru\/wp-json\/wp\/v2\/product"}],"about":[{"href":"https:\/\/www.horomechanika.lt\/ru\/wp-json\/wp\/v2\/types\/product"}],"replies":[{"embeddable":true,"href":"https:\/\/www.horomechanika.lt\/ru\/wp-json\/wp\/v2\/comments?post=11525"}],"wp:featuredmedia":[{"embeddable":true,"href":"https:\/\/www.horomechanika.lt\/ru\/wp-json\/wp\/v2\/media\/11534"}],"wp:attachment":[{"href":"https:\/\/www.horomechanika.lt\/ru\/wp-json\/wp\/v2\/media?parent=11525"}],"wp:term":[{"taxonomy":"product_cat","embeddable":true,"href":"https:\/\/www.horomechanika.lt\/ru\/wp-json\/wp\/v2\/product_cat?post=11525"},{"taxonomy":"product_tag","embeddable":true,"href":"https:\/\/www.horomechanika.lt\/ru\/wp-json\/wp\/v2\/product_tag?post=11525"}],"curies":[{"name":"wp","href":"https:\/\/api.w.org\/{rel}","templated":true}]}}