{"id":11533,"date":"2020-10-22T10:19:39","date_gmt":"2020-10-22T07:19:39","guid":{"rendered":"http:\/\/horomechanika.lt\/?post_type=product&#038;p=11533"},"modified":"2022-05-11T09:10:04","modified_gmt":"2022-05-11T06:10:04","slug":"griebtuvas-kausas-krokodilas","status":"publish","type":"product","link":"https:\/\/www.horomechanika.lt\/ru\/product\/griebtuvas-kausas-krokodilas\/","title":{"rendered":"GRIEBTUVAS KAU\u0160AS-KROKODILAS"},"content":{"rendered":"<h3>Griebtuvas kau\u0161as &#8211; krokodilas pritaikytas darbui su frontaliniais krautuvais.<\/h3>\n<ul>\n<li>Solidi ir patvari konstrukcija pagaminta i\u0161 padidinto patvarumo plieno.<\/li>\n<li>Lako danga da\u017eoma milteliniu metodu.<\/li>\n<li>Hidrauliniai cilindrai su dideliu galingumu, leid\u017eiantys atlikti tinkam\u0105 ir patikim\u0105 med\u017eiagos suspaudim\u0105.<\/li>\n<li>Pilnas kau\u0161o dugnas leid\u017eia visi\u0161kai surinkti med\u017eiag\u0105 ir neleisti jam i\u0161byr\u0117ti transporto metu.<\/li>\n<li>Kau\u0161o peilis pagamintas i\u0161 padidinto patvarumo plieno, yra atsparus dilimui.<\/li>\n<li>Kaltiniai kei\u010diami dantys pasi\u017eymi dideliu patvarumu.<\/li>\n<li>\u012e storasienes tekintas k\u016bgines \u012fvores \u012fki\u0161ti dantys, u\u017etikrina j\u0173 stabilum\u0105 ir ilgaam\u017ei\u0161kum\u0105.<\/li>\n<li>Storasien\u0117 sija garantuoja r\u0117mo standum\u0105 ir apsaugo nuo deformacijos esant dideliai apkrovai.<\/li>\n<li>Cinkuoti kai\u0161\u010diai ir slankiosios \u012fvor\u0117s, pagamintos i\u0161 atsparaus dilimui C45 plieno, u\u017etikrina patikim\u0105 veikim\u0105.<\/li>\n<li>Hidraulin\u0117s \u017earnos u\u017etikrina auk\u0161t\u0105 kokyb\u0119 ir patikimum\u0105 ir gali b\u016bti pritaikytos individualiems poreikiams.<\/li>\n<li>Platus 900\u00a0judan\u010dio r\u0117mo atidarymo kampas, kuris leid\u017eia laisvai pakrauti i\u0161 prizm\u0117s net tiesiogiai prie sienos.<\/li>\n<\/ul>\n<p><strong>Standartinis tvirtinimas:\u00a0<\/strong>EURO<br \/>\n<strong>Pasirinktinai:<\/strong>\u00a0SMS arba kito tipo tvirtinimas pagal klient\u0173 poreikius<\/p>","protected":false},"excerpt":{"rendered":"<table width=\"0\">\n<tbody>\n<tr>\n<td width=\"113\"><\/td>\n<td width=\"67\"><\/td>\n<td width=\"82\">LK 900<\/td>\n<td width=\"82\">LK 1000<\/td>\n<td width=\"82\">LK 1250<\/td>\n<td width=\"82\">LK 1500<\/td>\n<td width=\"82\">LK 1800<\/td>\n<td width=\"74\">LK 2100<\/td>\n<\/tr>\n<tr>\n<td width=\"113\">Plotis<\/td>\n<td width=\"67\">mm<\/td>\n<td width=\"82\">900<\/td>\n<td width=\"82\">1000<\/td>\n<td width=\"82\">1250<\/td>\n<td width=\"82\">1500<\/td>\n<td width=\"82\">1800<\/td>\n<td width=\"74\">2100<\/td>\n<\/tr>\n<tr>\n<td width=\"113\">Auk\u0161tis<\/td>\n<td width=\"67\">mm<\/td>\n<td width=\"82\">850<\/td>\n<td width=\"82\">850<\/td>\n<td width=\"82\">850<\/td>\n<td width=\"82\">850<\/td>\n<td width=\"82\">850<\/td>\n<td width=\"74\">850<\/td>\n<\/tr>\n<tr>\n<td width=\"113\">Auk\u0161tis atidarius<\/td>\n<td width=\"67\">mm<\/td>\n<td width=\"82\">1350<\/td>\n<td width=\"82\">1350<\/td>\n<td width=\"82\">1350<\/td>\n<td width=\"82\">1350<\/td>\n<td width=\"82\">1350<\/td>\n<td width=\"74\">1350<\/td>\n<\/tr>\n<tr>\n<td width=\"113\">Talpa<\/td>\n<td width=\"67\">M<sup>3<\/sup><\/td>\n<td width=\"82\">0,6<\/td>\n<td width=\"82\">0,67<\/td>\n<td width=\"82\">0,83<\/td>\n<td width=\"82\">1,0<\/td>\n<td width=\"82\">1,2<\/td>\n<td width=\"74\">1,4<\/td>\n<\/tr>\n<tr>\n<td width=\"113\">Mas\u0117<\/td>\n<td width=\"67\">kg<\/td>\n<td width=\"82\">200<\/td>\n<td width=\"82\">220<\/td>\n<td width=\"82\">260<\/td>\n<td width=\"82\">300<\/td>\n<td width=\"82\">340<\/td>\n<td width=\"74\">385<\/td>\n<\/tr>\n<tr>\n<td width=\"113\">Keliamoji galia<\/td>\n<td width=\"67\">kg<\/td>\n<td width=\"82\">480<\/td>\n<td width=\"82\">536<\/td>\n<td width=\"82\">660<\/td>\n<td width=\"82\">780<\/td>\n<td width=\"82\">940<\/td>\n<td width=\"74\">1100<\/td>\n<\/tr>\n<tr>\n<td width=\"113\">Nag\u0173 kiekis<\/td>\n<td width=\"67\">vnt<\/td>\n<td width=\"82\">4<\/td>\n<td width=\"82\">5<\/td>\n<td width=\"82\"><\/td>\n<td width=\"82\">6<\/td>\n<td width=\"82\">7<\/td>\n<td width=\"74\">8<\/td>\n<\/tr>\n<tr>\n<td width=\"113\">Cilindrai k\u0117limui<\/td>\n<td width=\"67\">vnt<\/td>\n<td width=\"82\">2<\/td>\n<td width=\"82\">2<\/td>\n<td width=\"82\">2<\/td>\n<td width=\"82\">2<\/td>\n<td width=\"82\">2<\/td>\n<td width=\"74\">2<\/td>\n<\/tr>\n<\/tbody>\n<\/table>\n<p>&nbsp;<\/p>\n<table width=\"0\">\n<tbody>\n<tr>\n<td colspan=\"5\" width=\"376\">TELESKOPAMS<\/td>\n<\/tr>\n<tr>\n<td width=\"106\">&nbsp;<\/td>\n<td width=\"60\">&nbsp;<\/td>\n<td width=\"74\">LKL \u00a01800<\/td>\n<td width=\"68\">LKL 2100<\/td>\n<td width=\"68\">LKL 2400<\/td>\n<\/tr>\n<tr>\n<td width=\"106\">Plotis<\/td>\n<td width=\"60\">mm<\/td>\n<td width=\"74\">1800<\/td>\n<td width=\"68\">2100<\/td>\n<td width=\"68\">2400<\/td>\n<\/tr>\n<tr>\n<td width=\"106\">Auk\u0161tis<\/td>\n<td width=\"60\">mm<\/td>\n<td width=\"74\">850<\/td>\n<td width=\"68\">850<\/td>\n<td width=\"68\">850<\/td>\n<\/tr>\n<tr>\n<td width=\"106\">Auk\u0161tis atidarius<\/td>\n<td width=\"60\">mm<\/td>\n<td width=\"74\">1350<\/td>\n<td width=\"68\">1350<\/td>\n<td width=\"68\">1350<\/td>\n<\/tr>\n<tr>\n<td width=\"106\">Talpa<\/td>\n<td width=\"60\">M<sup>3<\/sup><\/td>\n<td width=\"74\">1,2<\/td>\n<td width=\"68\">1,4<\/td>\n<td width=\"68\">1,6<\/td>\n<\/tr>\n<tr>\n<td width=\"106\">Mas\u0117<\/td>\n<td width=\"60\">kg<\/td>\n<td width=\"74\">400<\/td>\n<td width=\"68\">450<\/td>\n<td width=\"68\">480<\/td>\n<\/tr>\n<tr>\n<td width=\"106\">Keliamoji galia<\/td>\n<td width=\"60\">kg<\/td>\n<td width=\"74\">1100<\/td>\n<td width=\"68\">1200<\/td>\n<td width=\"68\">1300<\/td>\n<\/tr>\n<tr>\n<td width=\"106\">Nag\u0173 kiekis<\/td>\n<td width=\"60\">vnt<\/td>\n<td width=\"74\">7<\/td>\n<td width=\"68\">8<\/td>\n<td width=\"68\">9<\/td>\n<\/tr>\n<tr>\n<td width=\"106\">Cilindrai k\u0117limui<\/td>\n<td width=\"60\">vnt<\/td>\n<td width=\"74\">2<\/td>\n<td width=\"68\">2<\/td>\n<td width=\"68\">2<\/td>\n<\/tr>\n<\/tbody>\n<\/table>","protected":false},"featured_media":11543,"comment_status":"open","ping_status":"closed","template":"","meta":[],"product_cat":[109],"product_tag":[],"class_list":["post-11533","product","type-product","status-publish","has-post-thumbnail","hentry","product_cat-priedai-frontaliniam-krautuvui"],"yoast_head":"<!-- This site is optimized with the Yoast SEO plugin v20.1 - https:\/\/yoast.com\/wordpress\/plugins\/seo\/ -->\n<title>GRIEBTUVAS KAU\u0160AS-KROKODILAS | Horomechanika<\/title>\n<meta name=\"robots\" content=\"index, follow, max-snippet:-1, max-image-preview:large, max-video-preview:-1\" \/>\n<link rel=\"canonical\" href=\"https:\/\/www.horomechanika.lt\/ru\/product\/griebtuvas-kausas-krokodilas\/\" \/>\n<meta property=\"og:locale\" content=\"ru_RU\" \/>\n<meta property=\"og:type\" content=\"article\" \/>\n<meta property=\"og:title\" content=\"GRIEBTUVAS KAU\u0160AS-KROKODILAS | Horomechanika\" \/>\n<meta property=\"og:description\" content=\"LK 900 LK 1000 LK 1250 LK 1500 LK 1800 LK 2100   Plotis mm 900 1000 1250 1500 1800 2100   Auk\u0161tis mm 850 850 850 850 850 850   Auk\u0161tis atidarius mm 1350 1350 1350 1350 1350 1350   Talpa M3 0,6 0,67 0,83 1,0 1,2 1,4   Mas\u0117 kg 200 220 260 300 340 385   Keliamoji galia kg 480 536 660 780 940 1100   Nag\u0173 kiekis vnt 4 5  6 7 8   Cilindrai k\u0117limui vnt 2 2 2 2 2 2    &nbsp;    TELESKOPAMS   &nbsp; &nbsp; LKL \u00a01800 LKL 2100 LKL 2400   Plotis mm 1800 2100 2400   Auk\u0161tis mm 850 850 850   Auk\u0161tis atidarius mm 1350 1350 1350   Talpa M3 1,2 1,4 1,6   Mas\u0117 kg 400 450 480   Keliamoji galia kg 1100 1200 1300   Nag\u0173 kiekis vnt 7 8 9   Cilindrai k\u0117limui vnt 2 2 2\" \/>\n<meta property=\"og:url\" content=\"https:\/\/www.horomechanika.lt\/ru\/product\/griebtuvas-kausas-krokodilas\/\" \/>\n<meta property=\"og:site_name\" content=\"Horomechanika\" \/>\n<meta property=\"article:publisher\" content=\"https:\/\/www.facebook.com\/UAB-Horo-mechanika-177091812471952\" \/>\n<meta property=\"article:modified_time\" content=\"2022-05-11T06:10:04+00:00\" \/>\n<meta property=\"og:image\" content=\"https:\/\/www.horomechanika.lt\/wp-content\/uploads\/2020\/10\/k-snr1800_big.png\" \/>\n\t<meta property=\"og:image:width\" content=\"861\" \/>\n\t<meta property=\"og:image:height\" content=\"686\" \/>\n\t<meta property=\"og:image:type\" content=\"image\/png\" \/>\n<meta name=\"twitter:card\" content=\"summary_large_image\" \/>\n<meta name=\"twitter:label1\" content=\"\u041f\u0440\u0438\u043c\u0435\u0440\u043d\u043e\u0435 \u0432\u0440\u0435\u043c\u044f \u0434\u043b\u044f \u0447\u0442\u0435\u043d\u0438\u044f\" \/>\n\t<meta name=\"twitter:data1\" content=\"1 \u043c\u0438\u043d\u0443\u0442\u0430\" \/>\n<script type=\"application\/ld+json\" class=\"yoast-schema-graph\">{\"@context\":\"https:\/\/schema.org\",\"@graph\":[{\"@type\":\"WebPage\",\"@id\":\"https:\/\/www.horomechanika.lt\/product\/griebtuvas-kausas-krokodilas\/\",\"url\":\"https:\/\/www.horomechanika.lt\/product\/griebtuvas-kausas-krokodilas\/\",\"name\":\"GRIEBTUVAS KAU\u0160AS-KROKODILAS | Horomechanika\",\"isPartOf\":{\"@id\":\"https:\/\/www.horomechanika.lt\/#website\"},\"datePublished\":\"2020-10-22T07:19:39+00:00\",\"dateModified\":\"2022-05-11T06:10:04+00:00\",\"breadcrumb\":{\"@id\":\"https:\/\/www.horomechanika.lt\/product\/griebtuvas-kausas-krokodilas\/#breadcrumb\"},\"inLanguage\":\"ru-RU\",\"potentialAction\":[{\"@type\":\"ReadAction\",\"target\":[\"https:\/\/www.horomechanika.lt\/product\/griebtuvas-kausas-krokodilas\/\"]}]},{\"@type\":\"BreadcrumbList\",\"@id\":\"https:\/\/www.horomechanika.lt\/product\/griebtuvas-kausas-krokodilas\/#breadcrumb\",\"itemListElement\":[{\"@type\":\"ListItem\",\"position\":1,\"name\":\"Home\",\"item\":\"https:\/\/www.horomechanika.lt\/\"},{\"@type\":\"ListItem\",\"position\":2,\"name\":\"Shop\",\"item\":\"https:\/\/www.horomechanika.lt\/ru\/shop-2\/\"},{\"@type\":\"ListItem\",\"position\":3,\"name\":\"GRIEBTUVAS KAU\u0160AS-KROKODILAS\"}]},{\"@type\":\"WebSite\",\"@id\":\"https:\/\/www.horomechanika.lt\/#website\",\"url\":\"https:\/\/www.horomechanika.lt\/\",\"name\":\"Horomechanika\",\"description\":\"\u017dem\u0117s \u016akio Technika\",\"publisher\":{\"@id\":\"https:\/\/www.horomechanika.lt\/#organization\"},\"potentialAction\":[{\"@type\":\"SearchAction\",\"target\":{\"@type\":\"EntryPoint\",\"urlTemplate\":\"https:\/\/www.horomechanika.lt\/?s={search_term_string}\"},\"query-input\":\"required name=search_term_string\"}],\"inLanguage\":\"ru-RU\"},{\"@type\":\"Organization\",\"@id\":\"https:\/\/www.horomechanika.lt\/#organization\",\"name\":\"UAB \\\"Horo mechanika\\\"\",\"url\":\"https:\/\/www.horomechanika.lt\/\",\"logo\":{\"@type\":\"ImageObject\",\"inLanguage\":\"ru-RU\",\"@id\":\"https:\/\/www.horomechanika.lt\/#\/schema\/logo\/image\/\",\"url\":\"https:\/\/www.horomechanika.lt\/wp-content\/uploads\/2020\/05\/horomechanika-logo.png\",\"contentUrl\":\"https:\/\/www.horomechanika.lt\/wp-content\/uploads\/2020\/05\/horomechanika-logo.png\",\"width\":137,\"height\":56,\"caption\":\"UAB \\\"Horo mechanika\\\"\"},\"image\":{\"@id\":\"https:\/\/www.horomechanika.lt\/#\/schema\/logo\/image\/\"},\"sameAs\":[\"https:\/\/www.facebook.com\/UAB-Horo-mechanika-177091812471952\"]}]}<\/script>\n<!-- \/ Yoast SEO plugin. -->","yoast_head_json":{"title":"GRIEBTUVAS KAU\u0160AS-KROKODILAS | Horomechanika","robots":{"index":"index","follow":"follow","max-snippet":"max-snippet:-1","max-image-preview":"max-image-preview:large","max-video-preview":"max-video-preview:-1"},"canonical":"https:\/\/www.horomechanika.lt\/ru\/product\/griebtuvas-kausas-krokodilas\/","og_locale":"ru_RU","og_type":"article","og_title":"GRIEBTUVAS KAU\u0160AS-KROKODILAS | Horomechanika","og_description":"LK 900 LK 1000 LK 1250 LK 1500 LK 1800 LK 2100   Plotis mm 900 1000 1250 1500 1800 2100   Auk\u0161tis mm 850 850 850 850 850 850   Auk\u0161tis atidarius mm 1350 1350 1350 1350 1350 1350   Talpa M3 0,6 0,67 0,83 1,0 1,2 1,4   Mas\u0117 kg 200 220 260 300 340 385   Keliamoji galia kg 480 536 660 780 940 1100   Nag\u0173 kiekis vnt 4 5  6 7 8   Cilindrai k\u0117limui vnt 2 2 2 2 2 2    &nbsp;    TELESKOPAMS   &nbsp; &nbsp; LKL \u00a01800 LKL 2100 LKL 2400   Plotis mm 1800 2100 2400   Auk\u0161tis mm 850 850 850   Auk\u0161tis atidarius mm 1350 1350 1350   Talpa M3 1,2 1,4 1,6   Mas\u0117 kg 400 450 480   Keliamoji galia kg 1100 1200 1300   Nag\u0173 kiekis vnt 7 8 9   Cilindrai k\u0117limui vnt 2 2 2","og_url":"https:\/\/www.horomechanika.lt\/ru\/product\/griebtuvas-kausas-krokodilas\/","og_site_name":"Horomechanika","article_publisher":"https:\/\/www.facebook.com\/UAB-Horo-mechanika-177091812471952","article_modified_time":"2022-05-11T06:10:04+00:00","og_image":[{"width":861,"height":686,"url":"https:\/\/www.horomechanika.lt\/wp-content\/uploads\/2020\/10\/k-snr1800_big.png","type":"image\/png"}],"twitter_card":"summary_large_image","twitter_misc":{"\u041f\u0440\u0438\u043c\u0435\u0440\u043d\u043e\u0435 \u0432\u0440\u0435\u043c\u044f \u0434\u043b\u044f \u0447\u0442\u0435\u043d\u0438\u044f":"1 \u043c\u0438\u043d\u0443\u0442\u0430"},"schema":{"@context":"https:\/\/schema.org","@graph":[{"@type":"WebPage","@id":"https:\/\/www.horomechanika.lt\/product\/griebtuvas-kausas-krokodilas\/","url":"https:\/\/www.horomechanika.lt\/product\/griebtuvas-kausas-krokodilas\/","name":"GRIEBTUVAS KAU\u0160AS-KROKODILAS | Horomechanika","isPartOf":{"@id":"https:\/\/www.horomechanika.lt\/#website"},"datePublished":"2020-10-22T07:19:39+00:00","dateModified":"2022-05-11T06:10:04+00:00","breadcrumb":{"@id":"https:\/\/www.horomechanika.lt\/product\/griebtuvas-kausas-krokodilas\/#breadcrumb"},"inLanguage":"ru-RU","potentialAction":[{"@type":"ReadAction","target":["https:\/\/www.horomechanika.lt\/product\/griebtuvas-kausas-krokodilas\/"]}]},{"@type":"BreadcrumbList","@id":"https:\/\/www.horomechanika.lt\/product\/griebtuvas-kausas-krokodilas\/#breadcrumb","itemListElement":[{"@type":"ListItem","position":1,"name":"Home","item":"https:\/\/www.horomechanika.lt\/"},{"@type":"ListItem","position":2,"name":"Shop","item":"https:\/\/www.horomechanika.lt\/ru\/shop-2\/"},{"@type":"ListItem","position":3,"name":"GRIEBTUVAS KAU\u0160AS-KROKODILAS"}]},{"@type":"WebSite","@id":"https:\/\/www.horomechanika.lt\/#website","url":"https:\/\/www.horomechanika.lt\/","name":"Horomechanika","description":"\u017dem\u0117s \u016akio Technika","publisher":{"@id":"https:\/\/www.horomechanika.lt\/#organization"},"potentialAction":[{"@type":"SearchAction","target":{"@type":"EntryPoint","urlTemplate":"https:\/\/www.horomechanika.lt\/?s={search_term_string}"},"query-input":"required name=search_term_string"}],"inLanguage":"ru-RU"},{"@type":"Organization","@id":"https:\/\/www.horomechanika.lt\/#organization","name":"UAB \"Horo mechanika\"","url":"https:\/\/www.horomechanika.lt\/","logo":{"@type":"ImageObject","inLanguage":"ru-RU","@id":"https:\/\/www.horomechanika.lt\/#\/schema\/logo\/image\/","url":"https:\/\/www.horomechanika.lt\/wp-content\/uploads\/2020\/05\/horomechanika-logo.png","contentUrl":"https:\/\/www.horomechanika.lt\/wp-content\/uploads\/2020\/05\/horomechanika-logo.png","width":137,"height":56,"caption":"UAB \"Horo mechanika\""},"image":{"@id":"https:\/\/www.horomechanika.lt\/#\/schema\/logo\/image\/"},"sameAs":["https:\/\/www.facebook.com\/UAB-Horo-mechanika-177091812471952"]}]}},"_links":{"self":[{"href":"https:\/\/www.horomechanika.lt\/ru\/wp-json\/wp\/v2\/product\/11533","targetHints":{"allow":["GET"]}}],"collection":[{"href":"https:\/\/www.horomechanika.lt\/ru\/wp-json\/wp\/v2\/product"}],"about":[{"href":"https:\/\/www.horomechanika.lt\/ru\/wp-json\/wp\/v2\/types\/product"}],"replies":[{"embeddable":true,"href":"https:\/\/www.horomechanika.lt\/ru\/wp-json\/wp\/v2\/comments?post=11533"}],"wp:featuredmedia":[{"embeddable":true,"href":"https:\/\/www.horomechanika.lt\/ru\/wp-json\/wp\/v2\/media\/11543"}],"wp:attachment":[{"href":"https:\/\/www.horomechanika.lt\/ru\/wp-json\/wp\/v2\/media?parent=11533"}],"wp:term":[{"taxonomy":"product_cat","embeddable":true,"href":"https:\/\/www.horomechanika.lt\/ru\/wp-json\/wp\/v2\/product_cat?post=11533"},{"taxonomy":"product_tag","embeddable":true,"href":"https:\/\/www.horomechanika.lt\/ru\/wp-json\/wp\/v2\/product_tag?post=11533"}],"curies":[{"name":"wp","href":"https:\/\/api.w.org\/{rel}","templated":true}]}}