{"id":11554,"date":"2020-10-22T11:26:19","date_gmt":"2020-10-22T08:26:19","guid":{"rendered":"http:\/\/horomechanika.lt\/?post_type=product&#038;p=11554"},"modified":"2022-05-11T09:09:51","modified_gmt":"2022-05-11T06:09:51","slug":"pjoviklis-combi-3-in-1","status":"publish","type":"product","link":"https:\/\/www.horomechanika.lt\/ru\/product\/pjoviklis-combi-3-in-1\/","title":{"rendered":"SILOSO ATKAND\u0116JAS COMBI 3 in 1"},"content":{"rendered":"<h3>Pjoviklis combi W SNR 1600 trys viename sujungia savo konstrukcijoje tris \u012frankius: siloso pjovikl\u012f; rulon\u0173 pjovikl\u012f palaikant\u012f supjaustyt\u0105 folij\u0105 ar tinkl\u0105; kau\u0161\u0105 birioms med\u017eiagoms.<\/h3>\n<ul>\n<li>Solidi ir patvari konstrukcija pagaminta i\u0161 didelio stiprumo plieno ir apsaugota milteline lako danga.<\/li>\n<li>Didelio galingumo hidrauliniai cilindrai specialiai sukurti ir pagaminti efektyvumui ir ilgaam\u017ei\u0161kumui.<\/li>\n<li>Didelio patvarumo kaltiniai kei\u010diami dantys, pritaikyti specialiai \u012frenginio konstrukcijai.<\/li>\n<li>Storasien\u0117 sija, kurioje \u012frengtos dantis vedan\u010dios \u012fvor\u0117, garantuoja r\u0117mo standum\u0105 ir apsaugo nuo deformacijos esant dideliai apkrovai.<\/li>\n<li>Sustiprinto plieno vir\u0161utiniame laikiklyje yra pritvirtinti gr\u016bdinto plieno \u0161oniniai ir priekiniai (kei\u010diami) dantys palieka pavir\u0161iuje lygius \u012fpjovimus. Konstrukcija ir veikimas buvo suprojektuoti taip, kad nesuma\u017eint\u0173 prizm\u0117s strukt\u016bros pjovimo metu, d\u0117l to ne\u012fvyksta pagreitinti puvimo procesai.<\/li>\n<li>Cinkuoti kai\u0161\u010diai ir slankiosios \u012fvor\u0117s, pagamintos i\u0161 atsparaus dilimui C45 plieno, u\u017etikrina patikim\u0105 veikim\u0105.<\/li>\n<li>Kau\u0161o peilis pagamintas i\u0161 atsparaus dilimui HARDOX 500\u00a0 plieno.<\/li>\n<li>Pilna galin\u0117 siena apsaugo nuo med\u017eiagos i\u0161kritimo transportavimo metu.<\/li>\n<li>\u201eSonarol\u201c \u012fmon\u0117je i\u0161 lenk\u0173 gamintoj\u0173 komponent\u0173 gaminamos hidraulin\u0117s \u017earnos 2SN u\u017etikrina auk\u0161t\u0105 kokyb\u0119 ir patikimum\u0105 ir gali b\u016bti pritaikytos individualiems poreikiams.<\/li>\n<li>Prietaiso prana\u0161umas yra hidrauli\u0161kai valdomas \u201epadas\u201c, laikanti pjaustomo rulono folij\u0105 ir (arba) tinklel\u012f, tod\u0117l nereikia rankiniu b\u016bdu jos \u0161alinti beriant pa\u0161arus.<\/li>\n<li>Darbinis \u012frenginio\u00a0 plotis 1600 mm<\/li>\n<\/ul>\n<p><strong>Standartinis tvirtinimas:\u00a0<\/strong>EURO ir SMS<br \/>\n<strong>Priemoka:<\/strong>\u00a0hidraulin\u0117s jungtys EURO<\/p>","protected":false},"excerpt":{"rendered":"<table width=\"0\">\n<tbody>\n<tr>\n<td width=\"129\"><\/td>\n<td width=\"129\"><\/td>\n<td width=\"129\">W 1600<\/td>\n<\/tr>\n<tr>\n<td width=\"129\">Plotis<\/td>\n<td width=\"129\">mm<\/td>\n<td width=\"129\">1600<\/td>\n<\/tr>\n<tr>\n<td width=\"129\">Auk\u0161tis<\/td>\n<td width=\"129\">mm<\/td>\n<td width=\"129\">850<\/td>\n<\/tr>\n<tr>\n<td width=\"129\">Auk\u0161tis atidarius<\/td>\n<td width=\"129\">mm<\/td>\n<td width=\"129\">1350<\/td>\n<\/tr>\n<tr>\n<td width=\"129\">Talpa<\/td>\n<td width=\"129\">M<sup>3<\/sup><\/td>\n<td width=\"129\">0,93<\/td>\n<\/tr>\n<tr>\n<td width=\"129\">Mas\u0117<\/td>\n<td width=\"129\">kg<\/td>\n<td width=\"129\">510+120<\/td>\n<\/tr>\n<tr>\n<td width=\"129\">Keliamoji galia<\/td>\n<td width=\"129\">kg<\/td>\n<td width=\"129\">1000<\/td>\n<\/tr>\n<tr>\n<td width=\"129\">Nag\u0173 kiekis<\/td>\n<td width=\"129\">vnt<\/td>\n<td width=\"129\">10+2<\/td>\n<\/tr>\n<tr>\n<td width=\"129\">Cilindrai k\u0117limui<\/td>\n<td width=\"129\">vnt<\/td>\n<td width=\"129\">2<\/td>\n<\/tr>\n<\/tbody>\n<\/table>","protected":false},"featured_media":11557,"comment_status":"open","ping_status":"closed","template":"","meta":[],"product_cat":[109],"product_tag":[192,193,194],"class_list":["post-11554","product","type-product","status-publish","has-post-thumbnail","hentry","product_cat-priedai-frontaliniam-krautuvui","product_tag-pjoviklis","product_tag-silosas","product_tag-rulonas"],"yoast_head":"<!-- This site is optimized with the Yoast SEO plugin v20.1 - https:\/\/yoast.com\/wordpress\/plugins\/seo\/ -->\n<title>SILOSO ATKAND\u0116JAS COMBI 3 in 1 | Horomechanika<\/title>\n<meta name=\"robots\" content=\"index, follow, max-snippet:-1, max-image-preview:large, max-video-preview:-1\" \/>\n<link rel=\"canonical\" href=\"https:\/\/www.horomechanika.lt\/ru\/product\/pjoviklis-combi-3-in-1\/\" \/>\n<meta property=\"og:locale\" content=\"ru_RU\" \/>\n<meta property=\"og:type\" content=\"article\" \/>\n<meta property=\"og:title\" content=\"SILOSO ATKAND\u0116JAS COMBI 3 in 1 | Horomechanika\" \/>\n<meta property=\"og:description\" content=\"W 1600   Plotis mm 1600   Auk\u0161tis mm 850   Auk\u0161tis atidarius mm 1350   Talpa M3 0,93   Mas\u0117 kg 510+120   Keliamoji galia kg 1000   Nag\u0173 kiekis vnt 10+2   Cilindrai k\u0117limui vnt 2\" \/>\n<meta property=\"og:url\" content=\"https:\/\/www.horomechanika.lt\/ru\/product\/pjoviklis-combi-3-in-1\/\" \/>\n<meta property=\"og:site_name\" content=\"Horomechanika\" \/>\n<meta property=\"article:publisher\" content=\"https:\/\/www.facebook.com\/UAB-Horo-mechanika-177091812471952\" \/>\n<meta property=\"article:modified_time\" content=\"2022-05-11T06:09:51+00:00\" \/>\n<meta property=\"og:image\" content=\"https:\/\/www.horomechanika.lt\/wp-content\/uploads\/2020\/10\/wycinak-fot1a_big-1.jpg\" \/>\n\t<meta property=\"og:image:width\" content=\"1298\" \/>\n\t<meta property=\"og:image:height\" content=\"1172\" \/>\n\t<meta property=\"og:image:type\" content=\"image\/jpeg\" \/>\n<meta name=\"twitter:card\" content=\"summary_large_image\" \/>\n<meta name=\"twitter:label1\" content=\"\u041f\u0440\u0438\u043c\u0435\u0440\u043d\u043e\u0435 \u0432\u0440\u0435\u043c\u044f \u0434\u043b\u044f \u0447\u0442\u0435\u043d\u0438\u044f\" \/>\n\t<meta name=\"twitter:data1\" content=\"1 \u043c\u0438\u043d\u0443\u0442\u0430\" \/>\n<script type=\"application\/ld+json\" class=\"yoast-schema-graph\">{\"@context\":\"https:\/\/schema.org\",\"@graph\":[{\"@type\":\"WebPage\",\"@id\":\"https:\/\/www.horomechanika.lt\/product\/pjoviklis-combi-3-in-1\/\",\"url\":\"https:\/\/www.horomechanika.lt\/product\/pjoviklis-combi-3-in-1\/\",\"name\":\"SILOSO ATKAND\u0116JAS COMBI 3 in 1 | Horomechanika\",\"isPartOf\":{\"@id\":\"https:\/\/www.horomechanika.lt\/#website\"},\"datePublished\":\"2020-10-22T08:26:19+00:00\",\"dateModified\":\"2022-05-11T06:09:51+00:00\",\"breadcrumb\":{\"@id\":\"https:\/\/www.horomechanika.lt\/product\/pjoviklis-combi-3-in-1\/#breadcrumb\"},\"inLanguage\":\"ru-RU\",\"potentialAction\":[{\"@type\":\"ReadAction\",\"target\":[\"https:\/\/www.horomechanika.lt\/product\/pjoviklis-combi-3-in-1\/\"]}]},{\"@type\":\"BreadcrumbList\",\"@id\":\"https:\/\/www.horomechanika.lt\/product\/pjoviklis-combi-3-in-1\/#breadcrumb\",\"itemListElement\":[{\"@type\":\"ListItem\",\"position\":1,\"name\":\"Home\",\"item\":\"https:\/\/www.horomechanika.lt\/\"},{\"@type\":\"ListItem\",\"position\":2,\"name\":\"Shop\",\"item\":\"https:\/\/www.horomechanika.lt\/ru\/shop-2\/\"},{\"@type\":\"ListItem\",\"position\":3,\"name\":\"SILOSO ATKAND\u0116JAS COMBI 3 in 1\"}]},{\"@type\":\"WebSite\",\"@id\":\"https:\/\/www.horomechanika.lt\/#website\",\"url\":\"https:\/\/www.horomechanika.lt\/\",\"name\":\"Horomechanika\",\"description\":\"\u017dem\u0117s \u016akio Technika\",\"publisher\":{\"@id\":\"https:\/\/www.horomechanika.lt\/#organization\"},\"potentialAction\":[{\"@type\":\"SearchAction\",\"target\":{\"@type\":\"EntryPoint\",\"urlTemplate\":\"https:\/\/www.horomechanika.lt\/?s={search_term_string}\"},\"query-input\":\"required name=search_term_string\"}],\"inLanguage\":\"ru-RU\"},{\"@type\":\"Organization\",\"@id\":\"https:\/\/www.horomechanika.lt\/#organization\",\"name\":\"UAB \\\"Horo mechanika\\\"\",\"url\":\"https:\/\/www.horomechanika.lt\/\",\"logo\":{\"@type\":\"ImageObject\",\"inLanguage\":\"ru-RU\",\"@id\":\"https:\/\/www.horomechanika.lt\/#\/schema\/logo\/image\/\",\"url\":\"https:\/\/www.horomechanika.lt\/wp-content\/uploads\/2020\/05\/horomechanika-logo.png\",\"contentUrl\":\"https:\/\/www.horomechanika.lt\/wp-content\/uploads\/2020\/05\/horomechanika-logo.png\",\"width\":137,\"height\":56,\"caption\":\"UAB \\\"Horo mechanika\\\"\"},\"image\":{\"@id\":\"https:\/\/www.horomechanika.lt\/#\/schema\/logo\/image\/\"},\"sameAs\":[\"https:\/\/www.facebook.com\/UAB-Horo-mechanika-177091812471952\"]}]}<\/script>\n<!-- \/ Yoast SEO plugin. -->","yoast_head_json":{"title":"SILOSO ATKAND\u0116JAS COMBI 3 in 1 | Horomechanika","robots":{"index":"index","follow":"follow","max-snippet":"max-snippet:-1","max-image-preview":"max-image-preview:large","max-video-preview":"max-video-preview:-1"},"canonical":"https:\/\/www.horomechanika.lt\/ru\/product\/pjoviklis-combi-3-in-1\/","og_locale":"ru_RU","og_type":"article","og_title":"SILOSO ATKAND\u0116JAS COMBI 3 in 1 | Horomechanika","og_description":"W 1600   Plotis mm 1600   Auk\u0161tis mm 850   Auk\u0161tis atidarius mm 1350   Talpa M3 0,93   Mas\u0117 kg 510+120   Keliamoji galia kg 1000   Nag\u0173 kiekis vnt 10+2   Cilindrai k\u0117limui vnt 2","og_url":"https:\/\/www.horomechanika.lt\/ru\/product\/pjoviklis-combi-3-in-1\/","og_site_name":"Horomechanika","article_publisher":"https:\/\/www.facebook.com\/UAB-Horo-mechanika-177091812471952","article_modified_time":"2022-05-11T06:09:51+00:00","og_image":[{"width":1298,"height":1172,"url":"https:\/\/www.horomechanika.lt\/wp-content\/uploads\/2020\/10\/wycinak-fot1a_big-1.jpg","type":"image\/jpeg"}],"twitter_card":"summary_large_image","twitter_misc":{"\u041f\u0440\u0438\u043c\u0435\u0440\u043d\u043e\u0435 \u0432\u0440\u0435\u043c\u044f \u0434\u043b\u044f \u0447\u0442\u0435\u043d\u0438\u044f":"1 \u043c\u0438\u043d\u0443\u0442\u0430"},"schema":{"@context":"https:\/\/schema.org","@graph":[{"@type":"WebPage","@id":"https:\/\/www.horomechanika.lt\/product\/pjoviklis-combi-3-in-1\/","url":"https:\/\/www.horomechanika.lt\/product\/pjoviklis-combi-3-in-1\/","name":"SILOSO ATKAND\u0116JAS COMBI 3 in 1 | Horomechanika","isPartOf":{"@id":"https:\/\/www.horomechanika.lt\/#website"},"datePublished":"2020-10-22T08:26:19+00:00","dateModified":"2022-05-11T06:09:51+00:00","breadcrumb":{"@id":"https:\/\/www.horomechanika.lt\/product\/pjoviklis-combi-3-in-1\/#breadcrumb"},"inLanguage":"ru-RU","potentialAction":[{"@type":"ReadAction","target":["https:\/\/www.horomechanika.lt\/product\/pjoviklis-combi-3-in-1\/"]}]},{"@type":"BreadcrumbList","@id":"https:\/\/www.horomechanika.lt\/product\/pjoviklis-combi-3-in-1\/#breadcrumb","itemListElement":[{"@type":"ListItem","position":1,"name":"Home","item":"https:\/\/www.horomechanika.lt\/"},{"@type":"ListItem","position":2,"name":"Shop","item":"https:\/\/www.horomechanika.lt\/ru\/shop-2\/"},{"@type":"ListItem","position":3,"name":"SILOSO ATKAND\u0116JAS COMBI 3 in 1"}]},{"@type":"WebSite","@id":"https:\/\/www.horomechanika.lt\/#website","url":"https:\/\/www.horomechanika.lt\/","name":"Horomechanika","description":"\u017dem\u0117s \u016akio Technika","publisher":{"@id":"https:\/\/www.horomechanika.lt\/#organization"},"potentialAction":[{"@type":"SearchAction","target":{"@type":"EntryPoint","urlTemplate":"https:\/\/www.horomechanika.lt\/?s={search_term_string}"},"query-input":"required name=search_term_string"}],"inLanguage":"ru-RU"},{"@type":"Organization","@id":"https:\/\/www.horomechanika.lt\/#organization","name":"UAB \"Horo mechanika\"","url":"https:\/\/www.horomechanika.lt\/","logo":{"@type":"ImageObject","inLanguage":"ru-RU","@id":"https:\/\/www.horomechanika.lt\/#\/schema\/logo\/image\/","url":"https:\/\/www.horomechanika.lt\/wp-content\/uploads\/2020\/05\/horomechanika-logo.png","contentUrl":"https:\/\/www.horomechanika.lt\/wp-content\/uploads\/2020\/05\/horomechanika-logo.png","width":137,"height":56,"caption":"UAB \"Horo mechanika\""},"image":{"@id":"https:\/\/www.horomechanika.lt\/#\/schema\/logo\/image\/"},"sameAs":["https:\/\/www.facebook.com\/UAB-Horo-mechanika-177091812471952"]}]}},"_links":{"self":[{"href":"https:\/\/www.horomechanika.lt\/ru\/wp-json\/wp\/v2\/product\/11554","targetHints":{"allow":["GET"]}}],"collection":[{"href":"https:\/\/www.horomechanika.lt\/ru\/wp-json\/wp\/v2\/product"}],"about":[{"href":"https:\/\/www.horomechanika.lt\/ru\/wp-json\/wp\/v2\/types\/product"}],"replies":[{"embeddable":true,"href":"https:\/\/www.horomechanika.lt\/ru\/wp-json\/wp\/v2\/comments?post=11554"}],"wp:featuredmedia":[{"embeddable":true,"href":"https:\/\/www.horomechanika.lt\/ru\/wp-json\/wp\/v2\/media\/11557"}],"wp:attachment":[{"href":"https:\/\/www.horomechanika.lt\/ru\/wp-json\/wp\/v2\/media?parent=11554"}],"wp:term":[{"taxonomy":"product_cat","embeddable":true,"href":"https:\/\/www.horomechanika.lt\/ru\/wp-json\/wp\/v2\/product_cat?post=11554"},{"taxonomy":"product_tag","embeddable":true,"href":"https:\/\/www.horomechanika.lt\/ru\/wp-json\/wp\/v2\/product_tag?post=11554"}],"curies":[{"name":"wp","href":"https:\/\/api.w.org\/{rel}","templated":true}]}}