{"id":11565,"date":"2020-10-22T12:21:42","date_gmt":"2020-10-22T09:21:42","guid":{"rendered":"http:\/\/horomechanika.lt\/?post_type=product&#038;p=11565"},"modified":"2022-05-11T08:48:58","modified_gmt":"2022-05-11T05:48:58","slug":"sakes-paletems","status":"publish","type":"product","link":"https:\/\/www.horomechanika.lt\/ru\/product\/sakes-paletems\/","title":{"rendered":"\u0160AK\u0116S PALET\u0116MS"},"content":{"rendered":"<h3>\u0160ak\u0117s palet\u0117ms WP SNR 1200 naudojamos greitam ir, svarbiausia, saugiam med\u017eiag\u0173 gabenimui ant pad\u0117kl\u0173.<\/h3>\n<ul>\n<li>WP SNR 1200 \u0161ak\u0117s puikiai papildo frontalinius krautuvus, tod\u0117l kasdieniame darbe kiekviename \u016bkyje did\u0117ja efektyvumas.<\/li>\n<li>\u0160aki\u0173 i\u0161d\u0117stymas gali b\u016bti reguliuojamas d\u0117l greito fiksavimo mechanizm\u0173, kurie leid\u017eia pasiekti auk\u0161t\u0105 prietaiso universalum\u0105.<\/li>\n<li>Visa konstrukcija pagaminta i\u0161 padidinto patvarumo plieno ir apsaugota milteline lako danga.<\/li>\n<\/ul>\n<p><strong>Standartinis tvirtinimas:<\/strong><\/p>\n<ul>\n<li>EURO arba SMS<\/li>\n<\/ul>","protected":false},"excerpt":{"rendered":"<h3><\/h3>\n<table width=\"0\">\n<tbody>\n<tr>\n<td width=\"129\"><\/td>\n<td width=\"129\"><\/td>\n<td width=\"129\">WP 1200<\/td>\n<\/tr>\n<tr>\n<td width=\"129\">Plotis<\/td>\n<td width=\"129\">mm<\/td>\n<td width=\"129\">1200<\/td>\n<\/tr>\n<tr>\n<td width=\"129\">Auk\u0161tis<\/td>\n<td width=\"129\">mm<\/td>\n<td width=\"129\">850<\/td>\n<\/tr>\n<tr>\n<td width=\"129\">Auk\u0161tis atidarius<\/td>\n<td width=\"129\">mm<\/td>\n<td width=\"129\">1350<\/td>\n<\/tr>\n<tr>\n<td width=\"129\">Mas\u0117<\/td>\n<td width=\"129\">kg<\/td>\n<td width=\"129\">160<\/td>\n<\/tr>\n<tr>\n<td width=\"129\">Keliamoji galia<\/td>\n<td width=\"129\">kg<\/td>\n<td width=\"129\">1600<\/td>\n<\/tr>\n<tr>\n<td width=\"129\">Nag\u0173 kiekis<\/td>\n<td width=\"129\">vnt<\/td>\n<td width=\"129\">2<\/td>\n<\/tr>\n<\/tbody>\n<\/table>\n<h3><\/h3>\n<table width=\"0\">\n<tbody>\n<tr>\n<td colspan=\"3\" width=\"395\">TELESKOPAMS<\/td>\n<\/tr>\n<tr>\n<td width=\"132\"><\/td>\n<td width=\"131\"><\/td>\n<td width=\"132\">WPL 1200<\/td>\n<\/tr>\n<tr>\n<td width=\"132\">Plotis<\/td>\n<td width=\"131\">mm<\/td>\n<td width=\"132\">1300<\/td>\n<\/tr>\n<tr>\n<td width=\"132\">Auk\u0161tis<\/td>\n<td width=\"131\">mm<\/td>\n<td width=\"132\">1180<\/td>\n<\/tr>\n<tr>\n<td width=\"132\">Auk\u0161tis atidarius<\/td>\n<td width=\"131\">mm<\/td>\n<td width=\"132\">1350<\/td>\n<\/tr>\n<tr>\n<td width=\"132\">Mas\u0117<\/td>\n<td width=\"131\">kg<\/td>\n<td width=\"132\">280<\/td>\n<\/tr>\n<tr>\n<td width=\"132\">Keliamoji galia<\/td>\n<td width=\"131\">kg<\/td>\n<td width=\"132\">3500<\/td>\n<\/tr>\n<tr>\n<td width=\"132\">Nag\u0173 kiekis<\/td>\n<td width=\"131\">vnt<\/td>\n<td width=\"132\">2<\/td>\n<\/tr>\n<\/tbody>\n<\/table>\n<p>&nbsp;<\/p>","protected":false},"featured_media":11567,"comment_status":"open","ping_status":"closed","template":"","meta":[],"product_cat":[109],"product_tag":[],"class_list":["post-11565","product","type-product","status-publish","has-post-thumbnail","hentry","product_cat-priedai-frontaliniam-krautuvui"],"yoast_head":"<!-- This site is optimized with the Yoast SEO plugin v20.1 - https:\/\/yoast.com\/wordpress\/plugins\/seo\/ -->\n<title>\u0160AK\u0116S PALET\u0116MS | Horomechanika<\/title>\n<meta name=\"robots\" content=\"index, follow, max-snippet:-1, max-image-preview:large, max-video-preview:-1\" \/>\n<link rel=\"canonical\" href=\"https:\/\/www.horomechanika.lt\/ru\/product\/sakes-paletems\/\" \/>\n<meta property=\"og:locale\" content=\"ru_RU\" \/>\n<meta property=\"og:type\" content=\"article\" \/>\n<meta property=\"og:title\" content=\"\u0160AK\u0116S PALET\u0116MS | Horomechanika\" \/>\n<meta property=\"og:description\" content=\"WP 1200   Plotis mm 1200   Auk\u0161tis mm 850   Auk\u0161tis atidarius mm 1350   Mas\u0117 kg 160   Keliamoji galia kg 1600   Nag\u0173 kiekis vnt 2        TELESKOPAMS     WPL 1200   Plotis mm 1300   Auk\u0161tis mm 1180   Auk\u0161tis atidarius mm 1350   Mas\u0117 kg 280   Keliamoji galia kg 3500   Nag\u0173 kiekis vnt 2    &nbsp;\" \/>\n<meta property=\"og:url\" content=\"https:\/\/www.horomechanika.lt\/ru\/product\/sakes-paletems\/\" \/>\n<meta property=\"og:site_name\" content=\"Horomechanika\" \/>\n<meta property=\"article:publisher\" content=\"https:\/\/www.facebook.com\/UAB-Horo-mechanika-177091812471952\" \/>\n<meta property=\"article:modified_time\" content=\"2022-05-11T05:48:58+00:00\" \/>\n<meta property=\"og:image\" content=\"https:\/\/www.horomechanika.lt\/wp-content\/uploads\/2020\/10\/wp-snr1200-fot1_big.png\" \/>\n\t<meta property=\"og:image:width\" content=\"799\" \/>\n\t<meta property=\"og:image:height\" content=\"676\" \/>\n\t<meta property=\"og:image:type\" content=\"image\/png\" \/>\n<meta name=\"twitter:card\" content=\"summary_large_image\" \/>\n<script type=\"application\/ld+json\" class=\"yoast-schema-graph\">{\"@context\":\"https:\/\/schema.org\",\"@graph\":[{\"@type\":\"WebPage\",\"@id\":\"https:\/\/www.horomechanika.lt\/product\/sakes-paletems\/\",\"url\":\"https:\/\/www.horomechanika.lt\/product\/sakes-paletems\/\",\"name\":\"\u0160AK\u0116S PALET\u0116MS | Horomechanika\",\"isPartOf\":{\"@id\":\"https:\/\/www.horomechanika.lt\/#website\"},\"datePublished\":\"2020-10-22T09:21:42+00:00\",\"dateModified\":\"2022-05-11T05:48:58+00:00\",\"breadcrumb\":{\"@id\":\"https:\/\/www.horomechanika.lt\/product\/sakes-paletems\/#breadcrumb\"},\"inLanguage\":\"ru-RU\",\"potentialAction\":[{\"@type\":\"ReadAction\",\"target\":[\"https:\/\/www.horomechanika.lt\/product\/sakes-paletems\/\"]}]},{\"@type\":\"BreadcrumbList\",\"@id\":\"https:\/\/www.horomechanika.lt\/product\/sakes-paletems\/#breadcrumb\",\"itemListElement\":[{\"@type\":\"ListItem\",\"position\":1,\"name\":\"Home\",\"item\":\"https:\/\/www.horomechanika.lt\/\"},{\"@type\":\"ListItem\",\"position\":2,\"name\":\"Shop\",\"item\":\"https:\/\/www.horomechanika.lt\/ru\/shop-2\/\"},{\"@type\":\"ListItem\",\"position\":3,\"name\":\"\u0160AK\u0116S PALET\u0116MS\"}]},{\"@type\":\"WebSite\",\"@id\":\"https:\/\/www.horomechanika.lt\/#website\",\"url\":\"https:\/\/www.horomechanika.lt\/\",\"name\":\"Horomechanika\",\"description\":\"\u017dem\u0117s \u016akio Technika\",\"publisher\":{\"@id\":\"https:\/\/www.horomechanika.lt\/#organization\"},\"potentialAction\":[{\"@type\":\"SearchAction\",\"target\":{\"@type\":\"EntryPoint\",\"urlTemplate\":\"https:\/\/www.horomechanika.lt\/?s={search_term_string}\"},\"query-input\":\"required name=search_term_string\"}],\"inLanguage\":\"ru-RU\"},{\"@type\":\"Organization\",\"@id\":\"https:\/\/www.horomechanika.lt\/#organization\",\"name\":\"UAB \\\"Horo mechanika\\\"\",\"url\":\"https:\/\/www.horomechanika.lt\/\",\"logo\":{\"@type\":\"ImageObject\",\"inLanguage\":\"ru-RU\",\"@id\":\"https:\/\/www.horomechanika.lt\/#\/schema\/logo\/image\/\",\"url\":\"https:\/\/www.horomechanika.lt\/wp-content\/uploads\/2020\/05\/horomechanika-logo.png\",\"contentUrl\":\"https:\/\/www.horomechanika.lt\/wp-content\/uploads\/2020\/05\/horomechanika-logo.png\",\"width\":137,\"height\":56,\"caption\":\"UAB \\\"Horo mechanika\\\"\"},\"image\":{\"@id\":\"https:\/\/www.horomechanika.lt\/#\/schema\/logo\/image\/\"},\"sameAs\":[\"https:\/\/www.facebook.com\/UAB-Horo-mechanika-177091812471952\"]}]}<\/script>\n<!-- \/ Yoast SEO plugin. -->","yoast_head_json":{"title":"\u0160AK\u0116S PALET\u0116MS | Horomechanika","robots":{"index":"index","follow":"follow","max-snippet":"max-snippet:-1","max-image-preview":"max-image-preview:large","max-video-preview":"max-video-preview:-1"},"canonical":"https:\/\/www.horomechanika.lt\/ru\/product\/sakes-paletems\/","og_locale":"ru_RU","og_type":"article","og_title":"\u0160AK\u0116S PALET\u0116MS | Horomechanika","og_description":"WP 1200   Plotis mm 1200   Auk\u0161tis mm 850   Auk\u0161tis atidarius mm 1350   Mas\u0117 kg 160   Keliamoji galia kg 1600   Nag\u0173 kiekis vnt 2        TELESKOPAMS     WPL 1200   Plotis mm 1300   Auk\u0161tis mm 1180   Auk\u0161tis atidarius mm 1350   Mas\u0117 kg 280   Keliamoji galia kg 3500   Nag\u0173 kiekis vnt 2    &nbsp;","og_url":"https:\/\/www.horomechanika.lt\/ru\/product\/sakes-paletems\/","og_site_name":"Horomechanika","article_publisher":"https:\/\/www.facebook.com\/UAB-Horo-mechanika-177091812471952","article_modified_time":"2022-05-11T05:48:58+00:00","og_image":[{"width":799,"height":676,"url":"https:\/\/www.horomechanika.lt\/wp-content\/uploads\/2020\/10\/wp-snr1200-fot1_big.png","type":"image\/png"}],"twitter_card":"summary_large_image","schema":{"@context":"https:\/\/schema.org","@graph":[{"@type":"WebPage","@id":"https:\/\/www.horomechanika.lt\/product\/sakes-paletems\/","url":"https:\/\/www.horomechanika.lt\/product\/sakes-paletems\/","name":"\u0160AK\u0116S PALET\u0116MS | Horomechanika","isPartOf":{"@id":"https:\/\/www.horomechanika.lt\/#website"},"datePublished":"2020-10-22T09:21:42+00:00","dateModified":"2022-05-11T05:48:58+00:00","breadcrumb":{"@id":"https:\/\/www.horomechanika.lt\/product\/sakes-paletems\/#breadcrumb"},"inLanguage":"ru-RU","potentialAction":[{"@type":"ReadAction","target":["https:\/\/www.horomechanika.lt\/product\/sakes-paletems\/"]}]},{"@type":"BreadcrumbList","@id":"https:\/\/www.horomechanika.lt\/product\/sakes-paletems\/#breadcrumb","itemListElement":[{"@type":"ListItem","position":1,"name":"Home","item":"https:\/\/www.horomechanika.lt\/"},{"@type":"ListItem","position":2,"name":"Shop","item":"https:\/\/www.horomechanika.lt\/ru\/shop-2\/"},{"@type":"ListItem","position":3,"name":"\u0160AK\u0116S PALET\u0116MS"}]},{"@type":"WebSite","@id":"https:\/\/www.horomechanika.lt\/#website","url":"https:\/\/www.horomechanika.lt\/","name":"Horomechanika","description":"\u017dem\u0117s \u016akio Technika","publisher":{"@id":"https:\/\/www.horomechanika.lt\/#organization"},"potentialAction":[{"@type":"SearchAction","target":{"@type":"EntryPoint","urlTemplate":"https:\/\/www.horomechanika.lt\/?s={search_term_string}"},"query-input":"required name=search_term_string"}],"inLanguage":"ru-RU"},{"@type":"Organization","@id":"https:\/\/www.horomechanika.lt\/#organization","name":"UAB \"Horo mechanika\"","url":"https:\/\/www.horomechanika.lt\/","logo":{"@type":"ImageObject","inLanguage":"ru-RU","@id":"https:\/\/www.horomechanika.lt\/#\/schema\/logo\/image\/","url":"https:\/\/www.horomechanika.lt\/wp-content\/uploads\/2020\/05\/horomechanika-logo.png","contentUrl":"https:\/\/www.horomechanika.lt\/wp-content\/uploads\/2020\/05\/horomechanika-logo.png","width":137,"height":56,"caption":"UAB \"Horo mechanika\""},"image":{"@id":"https:\/\/www.horomechanika.lt\/#\/schema\/logo\/image\/"},"sameAs":["https:\/\/www.facebook.com\/UAB-Horo-mechanika-177091812471952"]}]}},"_links":{"self":[{"href":"https:\/\/www.horomechanika.lt\/ru\/wp-json\/wp\/v2\/product\/11565","targetHints":{"allow":["GET"]}}],"collection":[{"href":"https:\/\/www.horomechanika.lt\/ru\/wp-json\/wp\/v2\/product"}],"about":[{"href":"https:\/\/www.horomechanika.lt\/ru\/wp-json\/wp\/v2\/types\/product"}],"replies":[{"embeddable":true,"href":"https:\/\/www.horomechanika.lt\/ru\/wp-json\/wp\/v2\/comments?post=11565"}],"wp:featuredmedia":[{"embeddable":true,"href":"https:\/\/www.horomechanika.lt\/ru\/wp-json\/wp\/v2\/media\/11567"}],"wp:attachment":[{"href":"https:\/\/www.horomechanika.lt\/ru\/wp-json\/wp\/v2\/media?parent=11565"}],"wp:term":[{"taxonomy":"product_cat","embeddable":true,"href":"https:\/\/www.horomechanika.lt\/ru\/wp-json\/wp\/v2\/product_cat?post=11565"},{"taxonomy":"product_tag","embeddable":true,"href":"https:\/\/www.horomechanika.lt\/ru\/wp-json\/wp\/v2\/product_tag?post=11565"}],"curies":[{"name":"wp","href":"https:\/\/api.w.org\/{rel}","templated":true}]}}