{"id":11570,"date":"2020-10-22T16:03:30","date_gmt":"2020-10-22T13:03:30","guid":{"rendered":"http:\/\/horomechanika.lt\/?post_type=product&#038;p=11570"},"modified":"2022-05-11T09:08:15","modified_gmt":"2022-05-11T06:08:15","slug":"meslo-sakes","status":"publish","type":"product","link":"https:\/\/www.horomechanika.lt\/ru\/product\/meslo-sakes\/","title":{"rendered":"M\u0116\u0160LO \u0160AK\u0116S"},"content":{"rendered":"<table width=\"0\">\n<tbody>\n<tr>\n<td width=\"165\">&nbsp;<\/td>\n<td width=\"97\">&nbsp;<\/td>\n<td width=\"118\">WO 1000<\/td>\n<td width=\"118\">WO 1250<\/td>\n<td width=\"118\">WO 1800<\/td>\n<td width=\"118\">WO 2100<\/td>\n<\/tr>\n<tr>\n<td width=\"165\">Plotis<\/td>\n<td width=\"97\">mm<\/td>\n<td width=\"118\">1000<\/td>\n<td width=\"118\">1250<\/td>\n<td width=\"118\">1800<\/td>\n<td width=\"118\">2100<\/td>\n<\/tr>\n<tr>\n<td width=\"165\">Auk\u0161tis<\/td>\n<td width=\"97\">mm<\/td>\n<td width=\"118\">710<\/td>\n<td width=\"118\">710<\/td>\n<td width=\"118\">710<\/td>\n<td width=\"118\">710<\/td>\n<\/tr>\n<tr>\n<td width=\"165\">Talpa<\/td>\n<td width=\"97\">M<sup>3<\/sup><\/td>\n<td width=\"118\">0,68<\/td>\n<td width=\"118\">0,82<\/td>\n<td width=\"118\">1<\/td>\n<td width=\"118\">1,15<\/td>\n<\/tr>\n<tr>\n<td width=\"165\">Mas\u0117<\/td>\n<td width=\"97\">kg<\/td>\n<td width=\"118\">115<\/td>\n<td width=\"118\">130<\/td>\n<td width=\"118\">150<\/td>\n<td width=\"118\">170<\/td>\n<\/tr>\n<tr>\n<td width=\"165\">Keliamoji galia<\/td>\n<td width=\"97\">kg<\/td>\n<td width=\"118\">550<\/td>\n<td width=\"118\">660<\/td>\n<td width=\"118\">800<\/td>\n<td width=\"118\">930<\/td>\n<\/tr>\n<tr>\n<td width=\"165\">Nag\u0173 kiekis<\/td>\n<td width=\"97\">vnt<\/td>\n<td width=\"118\">6<\/td>\n<td width=\"118\">7<\/td>\n<td width=\"118\">8<\/td>\n<td width=\"118\">9<\/td>\n<\/tr>\n<\/tbody>\n<\/table>","protected":false},"excerpt":{"rendered":"<h3>\u0160ak\u0117s skirtos m\u0117\u0161lo, \u0161iaud\u0173, \u0161ieno ritini\u0173 ir kt. perve\u017eimui.<\/h3>\n<p>Solidi ir patvari r\u0117mo konstrukcija, pagaminta i\u0161 padidinto patvarumo plieno ir\u00a0 \u012f \u012fvores \u012fmontuoti kaltiniai kei\u010diami dantys, u\u017etikrina saug\u0173 ir ilgalaik\u012f naudojim\u0105 tiek ma\u017euose, tiek dideliuose \u016bkiuose.<\/p>\n<p><strong>Standartinis tvirtinimas:<\/strong><\/p>\n<ul>\n<li>EURO arba SMS<\/li>\n<\/ul>","protected":false},"featured_media":11575,"comment_status":"open","ping_status":"closed","template":"","meta":[],"product_cat":[109],"product_tag":[],"class_list":["post-11570","product","type-product","status-publish","has-post-thumbnail","hentry","product_cat-priedai-frontaliniam-krautuvui"],"yoast_head":"<!-- This site is optimized with the Yoast SEO plugin v20.1 - https:\/\/yoast.com\/wordpress\/plugins\/seo\/ -->\n<title>M\u0116\u0160LO \u0160AK\u0116S | Horomechanika<\/title>\n<meta name=\"robots\" content=\"index, follow, max-snippet:-1, max-image-preview:large, max-video-preview:-1\" \/>\n<link rel=\"canonical\" href=\"https:\/\/www.horomechanika.lt\/ru\/product\/meslo-sakes\/\" \/>\n<meta property=\"og:locale\" content=\"ru_RU\" \/>\n<meta property=\"og:type\" content=\"article\" \/>\n<meta property=\"og:title\" content=\"M\u0116\u0160LO \u0160AK\u0116S | Horomechanika\" \/>\n<meta property=\"og:description\" content=\"\u0160ak\u0117s skirtos m\u0117\u0161lo, \u0161iaud\u0173, \u0161ieno ritini\u0173 ir kt. perve\u017eimui. Solidi ir patvari r\u0117mo konstrukcija, pagaminta i\u0161 padidinto patvarumo plieno ir\u00a0 \u012f \u012fvores \u012fmontuoti kaltiniai kei\u010diami dantys, u\u017etikrina saug\u0173 ir ilgalaik\u012f naudojim\u0105 tiek ma\u017euose, tiek dideliuose \u016bkiuose.  Standartinis tvirtinimas:   EURO arba SMS\" \/>\n<meta property=\"og:url\" content=\"https:\/\/www.horomechanika.lt\/ru\/product\/meslo-sakes\/\" \/>\n<meta property=\"og:site_name\" content=\"Horomechanika\" \/>\n<meta property=\"article:publisher\" content=\"https:\/\/www.facebook.com\/UAB-Horo-mechanika-177091812471952\" \/>\n<meta property=\"article:modified_time\" content=\"2022-05-11T06:08:15+00:00\" \/>\n<meta property=\"og:image\" content=\"https:\/\/www.horomechanika.lt\/wp-content\/uploads\/2020\/10\/wo-snr1800_big.png\" \/>\n\t<meta property=\"og:image:width\" content=\"776\" \/>\n\t<meta property=\"og:image:height\" content=\"627\" \/>\n\t<meta property=\"og:image:type\" content=\"image\/png\" \/>\n<meta name=\"twitter:card\" content=\"summary_large_image\" \/>\n<script type=\"application\/ld+json\" class=\"yoast-schema-graph\">{\"@context\":\"https:\/\/schema.org\",\"@graph\":[{\"@type\":\"WebPage\",\"@id\":\"https:\/\/www.horomechanika.lt\/product\/meslo-sakes\/\",\"url\":\"https:\/\/www.horomechanika.lt\/product\/meslo-sakes\/\",\"name\":\"M\u0116\u0160LO \u0160AK\u0116S | Horomechanika\",\"isPartOf\":{\"@id\":\"https:\/\/www.horomechanika.lt\/#website\"},\"datePublished\":\"2020-10-22T13:03:30+00:00\",\"dateModified\":\"2022-05-11T06:08:15+00:00\",\"breadcrumb\":{\"@id\":\"https:\/\/www.horomechanika.lt\/product\/meslo-sakes\/#breadcrumb\"},\"inLanguage\":\"ru-RU\",\"potentialAction\":[{\"@type\":\"ReadAction\",\"target\":[\"https:\/\/www.horomechanika.lt\/product\/meslo-sakes\/\"]}]},{\"@type\":\"BreadcrumbList\",\"@id\":\"https:\/\/www.horomechanika.lt\/product\/meslo-sakes\/#breadcrumb\",\"itemListElement\":[{\"@type\":\"ListItem\",\"position\":1,\"name\":\"Home\",\"item\":\"https:\/\/www.horomechanika.lt\/\"},{\"@type\":\"ListItem\",\"position\":2,\"name\":\"Shop\",\"item\":\"https:\/\/www.horomechanika.lt\/ru\/shop-2\/\"},{\"@type\":\"ListItem\",\"position\":3,\"name\":\"M\u0116\u0160LO \u0160AK\u0116S\"}]},{\"@type\":\"WebSite\",\"@id\":\"https:\/\/www.horomechanika.lt\/#website\",\"url\":\"https:\/\/www.horomechanika.lt\/\",\"name\":\"Horomechanika\",\"description\":\"\u017dem\u0117s \u016akio Technika\",\"publisher\":{\"@id\":\"https:\/\/www.horomechanika.lt\/#organization\"},\"potentialAction\":[{\"@type\":\"SearchAction\",\"target\":{\"@type\":\"EntryPoint\",\"urlTemplate\":\"https:\/\/www.horomechanika.lt\/?s={search_term_string}\"},\"query-input\":\"required name=search_term_string\"}],\"inLanguage\":\"ru-RU\"},{\"@type\":\"Organization\",\"@id\":\"https:\/\/www.horomechanika.lt\/#organization\",\"name\":\"UAB \\\"Horo mechanika\\\"\",\"url\":\"https:\/\/www.horomechanika.lt\/\",\"logo\":{\"@type\":\"ImageObject\",\"inLanguage\":\"ru-RU\",\"@id\":\"https:\/\/www.horomechanika.lt\/#\/schema\/logo\/image\/\",\"url\":\"https:\/\/www.horomechanika.lt\/wp-content\/uploads\/2020\/05\/horomechanika-logo.png\",\"contentUrl\":\"https:\/\/www.horomechanika.lt\/wp-content\/uploads\/2020\/05\/horomechanika-logo.png\",\"width\":137,\"height\":56,\"caption\":\"UAB \\\"Horo mechanika\\\"\"},\"image\":{\"@id\":\"https:\/\/www.horomechanika.lt\/#\/schema\/logo\/image\/\"},\"sameAs\":[\"https:\/\/www.facebook.com\/UAB-Horo-mechanika-177091812471952\"]}]}<\/script>\n<!-- \/ Yoast SEO plugin. -->","yoast_head_json":{"title":"M\u0116\u0160LO \u0160AK\u0116S | Horomechanika","robots":{"index":"index","follow":"follow","max-snippet":"max-snippet:-1","max-image-preview":"max-image-preview:large","max-video-preview":"max-video-preview:-1"},"canonical":"https:\/\/www.horomechanika.lt\/ru\/product\/meslo-sakes\/","og_locale":"ru_RU","og_type":"article","og_title":"M\u0116\u0160LO \u0160AK\u0116S | Horomechanika","og_description":"\u0160ak\u0117s skirtos m\u0117\u0161lo, \u0161iaud\u0173, \u0161ieno ritini\u0173 ir kt. perve\u017eimui. Solidi ir patvari r\u0117mo konstrukcija, pagaminta i\u0161 padidinto patvarumo plieno ir\u00a0 \u012f \u012fvores \u012fmontuoti kaltiniai kei\u010diami dantys, u\u017etikrina saug\u0173 ir ilgalaik\u012f naudojim\u0105 tiek ma\u017euose, tiek dideliuose \u016bkiuose.  Standartinis tvirtinimas:   EURO arba SMS","og_url":"https:\/\/www.horomechanika.lt\/ru\/product\/meslo-sakes\/","og_site_name":"Horomechanika","article_publisher":"https:\/\/www.facebook.com\/UAB-Horo-mechanika-177091812471952","article_modified_time":"2022-05-11T06:08:15+00:00","og_image":[{"width":776,"height":627,"url":"https:\/\/www.horomechanika.lt\/wp-content\/uploads\/2020\/10\/wo-snr1800_big.png","type":"image\/png"}],"twitter_card":"summary_large_image","schema":{"@context":"https:\/\/schema.org","@graph":[{"@type":"WebPage","@id":"https:\/\/www.horomechanika.lt\/product\/meslo-sakes\/","url":"https:\/\/www.horomechanika.lt\/product\/meslo-sakes\/","name":"M\u0116\u0160LO \u0160AK\u0116S | Horomechanika","isPartOf":{"@id":"https:\/\/www.horomechanika.lt\/#website"},"datePublished":"2020-10-22T13:03:30+00:00","dateModified":"2022-05-11T06:08:15+00:00","breadcrumb":{"@id":"https:\/\/www.horomechanika.lt\/product\/meslo-sakes\/#breadcrumb"},"inLanguage":"ru-RU","potentialAction":[{"@type":"ReadAction","target":["https:\/\/www.horomechanika.lt\/product\/meslo-sakes\/"]}]},{"@type":"BreadcrumbList","@id":"https:\/\/www.horomechanika.lt\/product\/meslo-sakes\/#breadcrumb","itemListElement":[{"@type":"ListItem","position":1,"name":"Home","item":"https:\/\/www.horomechanika.lt\/"},{"@type":"ListItem","position":2,"name":"Shop","item":"https:\/\/www.horomechanika.lt\/ru\/shop-2\/"},{"@type":"ListItem","position":3,"name":"M\u0116\u0160LO \u0160AK\u0116S"}]},{"@type":"WebSite","@id":"https:\/\/www.horomechanika.lt\/#website","url":"https:\/\/www.horomechanika.lt\/","name":"Horomechanika","description":"\u017dem\u0117s \u016akio Technika","publisher":{"@id":"https:\/\/www.horomechanika.lt\/#organization"},"potentialAction":[{"@type":"SearchAction","target":{"@type":"EntryPoint","urlTemplate":"https:\/\/www.horomechanika.lt\/?s={search_term_string}"},"query-input":"required name=search_term_string"}],"inLanguage":"ru-RU"},{"@type":"Organization","@id":"https:\/\/www.horomechanika.lt\/#organization","name":"UAB \"Horo mechanika\"","url":"https:\/\/www.horomechanika.lt\/","logo":{"@type":"ImageObject","inLanguage":"ru-RU","@id":"https:\/\/www.horomechanika.lt\/#\/schema\/logo\/image\/","url":"https:\/\/www.horomechanika.lt\/wp-content\/uploads\/2020\/05\/horomechanika-logo.png","contentUrl":"https:\/\/www.horomechanika.lt\/wp-content\/uploads\/2020\/05\/horomechanika-logo.png","width":137,"height":56,"caption":"UAB \"Horo mechanika\""},"image":{"@id":"https:\/\/www.horomechanika.lt\/#\/schema\/logo\/image\/"},"sameAs":["https:\/\/www.facebook.com\/UAB-Horo-mechanika-177091812471952"]}]}},"_links":{"self":[{"href":"https:\/\/www.horomechanika.lt\/ru\/wp-json\/wp\/v2\/product\/11570","targetHints":{"allow":["GET"]}}],"collection":[{"href":"https:\/\/www.horomechanika.lt\/ru\/wp-json\/wp\/v2\/product"}],"about":[{"href":"https:\/\/www.horomechanika.lt\/ru\/wp-json\/wp\/v2\/types\/product"}],"replies":[{"embeddable":true,"href":"https:\/\/www.horomechanika.lt\/ru\/wp-json\/wp\/v2\/comments?post=11570"}],"wp:featuredmedia":[{"embeddable":true,"href":"https:\/\/www.horomechanika.lt\/ru\/wp-json\/wp\/v2\/media\/11575"}],"wp:attachment":[{"href":"https:\/\/www.horomechanika.lt\/ru\/wp-json\/wp\/v2\/media?parent=11570"}],"wp:term":[{"taxonomy":"product_cat","embeddable":true,"href":"https:\/\/www.horomechanika.lt\/ru\/wp-json\/wp\/v2\/product_cat?post=11570"},{"taxonomy":"product_tag","embeddable":true,"href":"https:\/\/www.horomechanika.lt\/ru\/wp-json\/wp\/v2\/product_tag?post=11570"}],"curies":[{"name":"wp","href":"https:\/\/api.w.org\/{rel}","templated":true}]}}