{"id":11576,"date":"2020-10-22T16:09:27","date_gmt":"2020-10-22T13:09:27","guid":{"rendered":"http:\/\/horomechanika.lt\/?post_type=product&#038;p=11576"},"modified":"2022-05-11T08:48:58","modified_gmt":"2022-05-11T05:48:58","slug":"kausas-su-sluota","status":"publish","type":"product","link":"https:\/\/www.horomechanika.lt\/ru\/product\/kausas-su-sluota\/","title":{"rendered":"KAU\u0160AS SU \u0160LUOTA"},"content":{"rendered":"<table width=\"0\">\n<tbody>\n<tr>\n<td width=\"126\">&nbsp;<\/td>\n<td width=\"74\">&nbsp;<\/td>\n<td width=\"91\">LS 1400<\/td>\n<td width=\"91\">LS 1600<\/td>\n<td width=\"91\">LS 1800<\/td>\n<td width=\"91\">LS 2000<\/td>\n<td width=\"91\">LS 2200<\/td>\n<td width=\"82\">LS 2400<\/td>\n<\/tr>\n<tr>\n<td width=\"126\">Darbinis Plotis<\/td>\n<td width=\"74\">mm<\/td>\n<td width=\"91\">1400<\/td>\n<td width=\"91\">1600<\/td>\n<td width=\"91\">1800<\/td>\n<td width=\"91\">2000<\/td>\n<td width=\"91\">2200<\/td>\n<td width=\"82\">2400<\/td>\n<\/tr>\n<tr>\n<td width=\"126\">Bendras Plotis<\/td>\n<td width=\"74\">mm<\/td>\n<td width=\"91\">1760<\/td>\n<td width=\"91\">1960<\/td>\n<td width=\"91\">1800<\/td>\n<td width=\"91\">2000<\/td>\n<td width=\"91\">2200<\/td>\n<td width=\"82\">2400<\/td>\n<\/tr>\n<tr>\n<td width=\"126\">Ilgis<\/td>\n<td width=\"74\">Mm<\/td>\n<td width=\"91\">1400<\/td>\n<td width=\"91\">1400<\/td>\n<td width=\"91\">1400<\/td>\n<td width=\"91\">1400<\/td>\n<td width=\"91\">1400<\/td>\n<td width=\"82\">1400<\/td>\n<\/tr>\n<tr>\n<td width=\"126\">Auk\u0161tis<\/td>\n<td width=\"74\">mm<\/td>\n<td width=\"91\">765<\/td>\n<td width=\"91\">765<\/td>\n<td width=\"91\">765<\/td>\n<td width=\"91\">765<\/td>\n<td width=\"91\">765<\/td>\n<td width=\"82\">765<\/td>\n<\/tr>\n<tr>\n<td width=\"126\">Talpa<\/td>\n<td width=\"74\">M<sup>3<\/sup><\/td>\n<td width=\"91\">0,35<\/td>\n<td width=\"91\">0,4<\/td>\n<td width=\"91\">0,45<\/td>\n<td width=\"91\">0,5<\/td>\n<td width=\"91\">0,55<\/td>\n<td width=\"82\">0,6<\/td>\n<\/tr>\n<tr>\n<td width=\"126\">Mas\u0117<\/td>\n<td width=\"74\">kg<\/td>\n<td width=\"91\">330<\/td>\n<td width=\"91\">350<\/td>\n<td width=\"91\">370<\/td>\n<td width=\"91\">390<\/td>\n<td width=\"91\">410<\/td>\n<td width=\"82\">430<\/td>\n<\/tr>\n<tr>\n<td width=\"126\">\u0160epe\u010dio diametras<\/td>\n<td width=\"74\">mm<\/td>\n<td width=\"91\">600<\/td>\n<td width=\"91\">600<\/td>\n<td width=\"91\">600<\/td>\n<td width=\"91\">600<\/td>\n<td width=\"91\">600<\/td>\n<td width=\"82\">600<\/td>\n<\/tr>\n<\/tbody>\n<\/table>","protected":false},"excerpt":{"rendered":"<h3>Kau\u0161as\u00a0 su \u0161luota pritaikytas \u012fvairiems pavir\u0161iams \u0161luoti.<br \/>\nJame yra viena pavara. Mechaninis u\u017edarymo ir atidarymo procesas gali vykti skirtingu grei\u010diu, o tai leid\u017eia skland\u017eiai manevruoti. Kau\u0161as su \u0161luota yra apsaugotas milteliniu da\u017eymu.<\/h3>\n<p><strong>Standartinis tvirtinimas:<\/strong><\/p>\n<ul>\n<li>EURO arba SMS<\/li>\n<\/ul>","protected":false},"featured_media":11577,"comment_status":"open","ping_status":"closed","template":"","meta":[],"product_cat":[109,162],"product_tag":[],"class_list":["post-11576","product","type-product","status-publish","has-post-thumbnail","hentry","product_cat-priedai-frontaliniam-krautuvui","product_cat-sepeciai"],"yoast_head":"<!-- This site is optimized with the Yoast SEO plugin v20.1 - https:\/\/yoast.com\/wordpress\/plugins\/seo\/ -->\n<title>KAU\u0160AS SU \u0160LUOTA | Horomechanika<\/title>\n<meta name=\"robots\" content=\"index, follow, max-snippet:-1, max-image-preview:large, max-video-preview:-1\" \/>\n<link rel=\"canonical\" href=\"https:\/\/www.horomechanika.lt\/ru\/product\/kausas-su-sluota\/\" \/>\n<meta property=\"og:locale\" content=\"ru_RU\" \/>\n<meta property=\"og:type\" content=\"article\" \/>\n<meta property=\"og:title\" content=\"KAU\u0160AS SU \u0160LUOTA | Horomechanika\" \/>\n<meta property=\"og:description\" content=\"Kau\u0161as\u00a0 su \u0161luota pritaikytas \u012fvairiems pavir\u0161iams \u0161luoti. Jame yra viena pavara. Mechaninis u\u017edarymo ir atidarymo procesas gali vykti skirtingu grei\u010diu, o tai leid\u017eia skland\u017eiai manevruoti. Kau\u0161as su \u0161luota yra apsaugotas milteliniu da\u017eymu. Standartinis tvirtinimas:   EURO arba SMS\" \/>\n<meta property=\"og:url\" content=\"https:\/\/www.horomechanika.lt\/ru\/product\/kausas-su-sluota\/\" \/>\n<meta property=\"og:site_name\" content=\"Horomechanika\" \/>\n<meta property=\"article:publisher\" content=\"https:\/\/www.facebook.com\/UAB-Horo-mechanika-177091812471952\" \/>\n<meta property=\"article:modified_time\" content=\"2022-05-11T05:48:58+00:00\" \/>\n<meta property=\"og:image\" content=\"https:\/\/www.horomechanika.lt\/wp-content\/uploads\/2020\/10\/s-lyzka-ze-szczotka_big_1.jpg\" \/>\n\t<meta property=\"og:image:width\" content=\"1740\" \/>\n\t<meta property=\"og:image:height\" content=\"1340\" \/>\n\t<meta property=\"og:image:type\" content=\"image\/jpeg\" \/>\n<meta name=\"twitter:card\" content=\"summary_large_image\" \/>\n<script type=\"application\/ld+json\" class=\"yoast-schema-graph\">{\"@context\":\"https:\/\/schema.org\",\"@graph\":[{\"@type\":\"WebPage\",\"@id\":\"https:\/\/www.horomechanika.lt\/product\/kausas-su-sluota\/\",\"url\":\"https:\/\/www.horomechanika.lt\/product\/kausas-su-sluota\/\",\"name\":\"KAU\u0160AS SU \u0160LUOTA | Horomechanika\",\"isPartOf\":{\"@id\":\"https:\/\/www.horomechanika.lt\/#website\"},\"datePublished\":\"2020-10-22T13:09:27+00:00\",\"dateModified\":\"2022-05-11T05:48:58+00:00\",\"breadcrumb\":{\"@id\":\"https:\/\/www.horomechanika.lt\/product\/kausas-su-sluota\/#breadcrumb\"},\"inLanguage\":\"ru-RU\",\"potentialAction\":[{\"@type\":\"ReadAction\",\"target\":[\"https:\/\/www.horomechanika.lt\/product\/kausas-su-sluota\/\"]}]},{\"@type\":\"BreadcrumbList\",\"@id\":\"https:\/\/www.horomechanika.lt\/product\/kausas-su-sluota\/#breadcrumb\",\"itemListElement\":[{\"@type\":\"ListItem\",\"position\":1,\"name\":\"Home\",\"item\":\"https:\/\/www.horomechanika.lt\/\"},{\"@type\":\"ListItem\",\"position\":2,\"name\":\"Shop\",\"item\":\"https:\/\/www.horomechanika.lt\/ru\/shop-2\/\"},{\"@type\":\"ListItem\",\"position\":3,\"name\":\"KAU\u0160AS SU \u0160LUOTA\"}]},{\"@type\":\"WebSite\",\"@id\":\"https:\/\/www.horomechanika.lt\/#website\",\"url\":\"https:\/\/www.horomechanika.lt\/\",\"name\":\"Horomechanika\",\"description\":\"\u017dem\u0117s \u016akio Technika\",\"publisher\":{\"@id\":\"https:\/\/www.horomechanika.lt\/#organization\"},\"potentialAction\":[{\"@type\":\"SearchAction\",\"target\":{\"@type\":\"EntryPoint\",\"urlTemplate\":\"https:\/\/www.horomechanika.lt\/?s={search_term_string}\"},\"query-input\":\"required name=search_term_string\"}],\"inLanguage\":\"ru-RU\"},{\"@type\":\"Organization\",\"@id\":\"https:\/\/www.horomechanika.lt\/#organization\",\"name\":\"UAB \\\"Horo mechanika\\\"\",\"url\":\"https:\/\/www.horomechanika.lt\/\",\"logo\":{\"@type\":\"ImageObject\",\"inLanguage\":\"ru-RU\",\"@id\":\"https:\/\/www.horomechanika.lt\/#\/schema\/logo\/image\/\",\"url\":\"https:\/\/www.horomechanika.lt\/wp-content\/uploads\/2020\/05\/horomechanika-logo.png\",\"contentUrl\":\"https:\/\/www.horomechanika.lt\/wp-content\/uploads\/2020\/05\/horomechanika-logo.png\",\"width\":137,\"height\":56,\"caption\":\"UAB \\\"Horo mechanika\\\"\"},\"image\":{\"@id\":\"https:\/\/www.horomechanika.lt\/#\/schema\/logo\/image\/\"},\"sameAs\":[\"https:\/\/www.facebook.com\/UAB-Horo-mechanika-177091812471952\"]}]}<\/script>\n<!-- \/ Yoast SEO plugin. -->","yoast_head_json":{"title":"KAU\u0160AS SU \u0160LUOTA | Horomechanika","robots":{"index":"index","follow":"follow","max-snippet":"max-snippet:-1","max-image-preview":"max-image-preview:large","max-video-preview":"max-video-preview:-1"},"canonical":"https:\/\/www.horomechanika.lt\/ru\/product\/kausas-su-sluota\/","og_locale":"ru_RU","og_type":"article","og_title":"KAU\u0160AS SU \u0160LUOTA | Horomechanika","og_description":"Kau\u0161as\u00a0 su \u0161luota pritaikytas \u012fvairiems pavir\u0161iams \u0161luoti. Jame yra viena pavara. Mechaninis u\u017edarymo ir atidarymo procesas gali vykti skirtingu grei\u010diu, o tai leid\u017eia skland\u017eiai manevruoti. Kau\u0161as su \u0161luota yra apsaugotas milteliniu da\u017eymu. Standartinis tvirtinimas:   EURO arba SMS","og_url":"https:\/\/www.horomechanika.lt\/ru\/product\/kausas-su-sluota\/","og_site_name":"Horomechanika","article_publisher":"https:\/\/www.facebook.com\/UAB-Horo-mechanika-177091812471952","article_modified_time":"2022-05-11T05:48:58+00:00","og_image":[{"width":1740,"height":1340,"url":"https:\/\/www.horomechanika.lt\/wp-content\/uploads\/2020\/10\/s-lyzka-ze-szczotka_big_1.jpg","type":"image\/jpeg"}],"twitter_card":"summary_large_image","schema":{"@context":"https:\/\/schema.org","@graph":[{"@type":"WebPage","@id":"https:\/\/www.horomechanika.lt\/product\/kausas-su-sluota\/","url":"https:\/\/www.horomechanika.lt\/product\/kausas-su-sluota\/","name":"KAU\u0160AS SU \u0160LUOTA | Horomechanika","isPartOf":{"@id":"https:\/\/www.horomechanika.lt\/#website"},"datePublished":"2020-10-22T13:09:27+00:00","dateModified":"2022-05-11T05:48:58+00:00","breadcrumb":{"@id":"https:\/\/www.horomechanika.lt\/product\/kausas-su-sluota\/#breadcrumb"},"inLanguage":"ru-RU","potentialAction":[{"@type":"ReadAction","target":["https:\/\/www.horomechanika.lt\/product\/kausas-su-sluota\/"]}]},{"@type":"BreadcrumbList","@id":"https:\/\/www.horomechanika.lt\/product\/kausas-su-sluota\/#breadcrumb","itemListElement":[{"@type":"ListItem","position":1,"name":"Home","item":"https:\/\/www.horomechanika.lt\/"},{"@type":"ListItem","position":2,"name":"Shop","item":"https:\/\/www.horomechanika.lt\/ru\/shop-2\/"},{"@type":"ListItem","position":3,"name":"KAU\u0160AS SU \u0160LUOTA"}]},{"@type":"WebSite","@id":"https:\/\/www.horomechanika.lt\/#website","url":"https:\/\/www.horomechanika.lt\/","name":"Horomechanika","description":"\u017dem\u0117s \u016akio Technika","publisher":{"@id":"https:\/\/www.horomechanika.lt\/#organization"},"potentialAction":[{"@type":"SearchAction","target":{"@type":"EntryPoint","urlTemplate":"https:\/\/www.horomechanika.lt\/?s={search_term_string}"},"query-input":"required name=search_term_string"}],"inLanguage":"ru-RU"},{"@type":"Organization","@id":"https:\/\/www.horomechanika.lt\/#organization","name":"UAB \"Horo mechanika\"","url":"https:\/\/www.horomechanika.lt\/","logo":{"@type":"ImageObject","inLanguage":"ru-RU","@id":"https:\/\/www.horomechanika.lt\/#\/schema\/logo\/image\/","url":"https:\/\/www.horomechanika.lt\/wp-content\/uploads\/2020\/05\/horomechanika-logo.png","contentUrl":"https:\/\/www.horomechanika.lt\/wp-content\/uploads\/2020\/05\/horomechanika-logo.png","width":137,"height":56,"caption":"UAB \"Horo mechanika\""},"image":{"@id":"https:\/\/www.horomechanika.lt\/#\/schema\/logo\/image\/"},"sameAs":["https:\/\/www.facebook.com\/UAB-Horo-mechanika-177091812471952"]}]}},"_links":{"self":[{"href":"https:\/\/www.horomechanika.lt\/ru\/wp-json\/wp\/v2\/product\/11576","targetHints":{"allow":["GET"]}}],"collection":[{"href":"https:\/\/www.horomechanika.lt\/ru\/wp-json\/wp\/v2\/product"}],"about":[{"href":"https:\/\/www.horomechanika.lt\/ru\/wp-json\/wp\/v2\/types\/product"}],"replies":[{"embeddable":true,"href":"https:\/\/www.horomechanika.lt\/ru\/wp-json\/wp\/v2\/comments?post=11576"}],"wp:featuredmedia":[{"embeddable":true,"href":"https:\/\/www.horomechanika.lt\/ru\/wp-json\/wp\/v2\/media\/11577"}],"wp:attachment":[{"href":"https:\/\/www.horomechanika.lt\/ru\/wp-json\/wp\/v2\/media?parent=11576"}],"wp:term":[{"taxonomy":"product_cat","embeddable":true,"href":"https:\/\/www.horomechanika.lt\/ru\/wp-json\/wp\/v2\/product_cat?post=11576"},{"taxonomy":"product_tag","embeddable":true,"href":"https:\/\/www.horomechanika.lt\/ru\/wp-json\/wp\/v2\/product_tag?post=11576"}],"curies":[{"name":"wp","href":"https:\/\/api.w.org\/{rel}","templated":true}]}}