{"id":11582,"date":"2020-10-28T12:27:09","date_gmt":"2020-10-28T09:27:09","guid":{"rendered":"http:\/\/horomechanika.lt\/?post_type=product&#038;p=11582"},"modified":"2022-05-11T08:48:58","modified_gmt":"2022-05-11T05:48:58","slug":"svoriai-tritaskei-pakabai","status":"publish","type":"product","link":"https:\/\/www.horomechanika.lt\/ru\/product\/svoriai-tritaskei-pakabai\/","title":{"rendered":"SVORIAI TRITA\u0160KEI PAKABAI"},"content":{"rendered":"<table width=\"0\">\n<tbody>\n<tr>\n<td width=\"88\"><\/td>\n<td width=\"68\"><\/td>\n<td width=\"95\">OBC 200<\/td>\n<td width=\"106\">OBC 300<\/td>\n<td width=\"85\">OBC 600<\/td>\n<td width=\"85\">OBC 800<\/td>\n<td width=\"85\">OBC 1000<\/td>\n<td width=\"85\">OBC 1200<\/td>\n<\/tr>\n<tr>\n<td width=\"88\">Plotis<\/td>\n<td width=\"68\">mm<\/td>\n<td width=\"95\">650<\/td>\n<td width=\"106\">350<\/td>\n<td width=\"85\">856<\/td>\n<td width=\"85\">886<\/td>\n<td width=\"85\">896<\/td>\n<td width=\"85\">906<\/td>\n<\/tr>\n<tr>\n<td width=\"88\">Ilgis<\/td>\n<td width=\"68\">mm<\/td>\n<td width=\"95\">410<\/td>\n<td width=\"106\">545<\/td>\n<td width=\"85\">605<\/td>\n<td width=\"85\">706<\/td>\n<td width=\"85\">861<\/td>\n<td width=\"85\">982<\/td>\n<\/tr>\n<tr>\n<td width=\"88\">Auk\u0161tis<\/td>\n<td width=\"68\">mm<\/td>\n<td width=\"95\">370<\/td>\n<td width=\"106\">400<\/td>\n<td width=\"85\">546<\/td>\n<td width=\"85\">596<\/td>\n<td width=\"85\">596<\/td>\n<td width=\"85\">596<\/td>\n<\/tr>\n<tr>\n<td width=\"88\">Bendras auk\u0161tis<\/td>\n<td width=\"68\">mm<\/td>\n<td width=\"95\">585<\/td>\n<td width=\"106\">585<\/td>\n<td width=\"85\">786<\/td>\n<td width=\"85\">876<\/td>\n<td width=\"85\">883<\/td>\n<td width=\"85\">883<\/td>\n<\/tr>\n<tr>\n<td width=\"88\">Mas\u0117 r\u0117mo<\/td>\n<td width=\"68\">kg<\/td>\n<td width=\"95\">38<\/td>\n<td width=\"106\">45<\/td>\n<td width=\"85\">74<\/td>\n<td width=\"85\">90<\/td>\n<td width=\"85\">108<\/td>\n<td width=\"85\">118<\/td>\n<\/tr>\n<tr>\n<td width=\"88\">Mas\u0117 su betonu<\/td>\n<td width=\"68\">kg<\/td>\n<td width=\"95\">200<\/td>\n<td width=\"106\">300<\/td>\n<td width=\"85\">600<\/td>\n<td width=\"85\">800<\/td>\n<td width=\"85\">1000<\/td>\n<td width=\"85\">1200<\/td>\n<\/tr>\n<\/tbody>\n<\/table>","protected":false},"excerpt":{"rendered":"<p>Metaliniai korpusai pritaikyti naudoti kaip svoriai.<\/p>","protected":false},"featured_media":11591,"comment_status":"open","ping_status":"closed","template":"","meta":[],"product_cat":[109,110],"product_tag":[],"class_list":["post-11582","product","type-product","status-publish","has-post-thumbnail","hentry","product_cat-priedai-frontaliniam-krautuvui","product_cat-priekines-pakabinimo-sistemos"],"yoast_head":"<!-- This site is optimized with the Yoast SEO plugin v20.1 - https:\/\/yoast.com\/wordpress\/plugins\/seo\/ -->\n<title>SVORIAI TRITA\u0160KEI PAKABAI | Horomechanika<\/title>\n<meta name=\"robots\" content=\"index, follow, max-snippet:-1, max-image-preview:large, max-video-preview:-1\" \/>\n<link rel=\"canonical\" href=\"https:\/\/www.horomechanika.lt\/ru\/product\/svoriai-tritaskei-pakabai\/\" \/>\n<meta property=\"og:locale\" content=\"ru_RU\" \/>\n<meta property=\"og:type\" content=\"article\" \/>\n<meta property=\"og:title\" content=\"SVORIAI TRITA\u0160KEI PAKABAI | Horomechanika\" \/>\n<meta property=\"og:description\" content=\"Metaliniai korpusai pritaikyti naudoti kaip svoriai.\" \/>\n<meta property=\"og:url\" content=\"https:\/\/www.horomechanika.lt\/ru\/product\/svoriai-tritaskei-pakabai\/\" \/>\n<meta property=\"og:site_name\" content=\"Horomechanika\" \/>\n<meta property=\"article:publisher\" content=\"https:\/\/www.facebook.com\/UAB-Horo-mechanika-177091812471952\" \/>\n<meta property=\"article:modified_time\" content=\"2022-05-11T05:48:58+00:00\" \/>\n<meta property=\"og:image\" content=\"https:\/\/www.horomechanika.lt\/wp-content\/uploads\/2020\/10\/frontvaegte-obc-sonarol-32.jpg\" \/>\n\t<meta property=\"og:image:width\" content=\"570\" \/>\n\t<meta property=\"og:image:height\" content=\"520\" \/>\n\t<meta property=\"og:image:type\" content=\"image\/jpeg\" \/>\n<meta name=\"twitter:card\" content=\"summary_large_image\" \/>\n<script type=\"application\/ld+json\" class=\"yoast-schema-graph\">{\"@context\":\"https:\/\/schema.org\",\"@graph\":[{\"@type\":\"WebPage\",\"@id\":\"https:\/\/www.horomechanika.lt\/product\/svoriai-tritaskei-pakabai\/\",\"url\":\"https:\/\/www.horomechanika.lt\/product\/svoriai-tritaskei-pakabai\/\",\"name\":\"SVORIAI TRITA\u0160KEI PAKABAI | Horomechanika\",\"isPartOf\":{\"@id\":\"https:\/\/www.horomechanika.lt\/#website\"},\"datePublished\":\"2020-10-28T09:27:09+00:00\",\"dateModified\":\"2022-05-11T05:48:58+00:00\",\"breadcrumb\":{\"@id\":\"https:\/\/www.horomechanika.lt\/product\/svoriai-tritaskei-pakabai\/#breadcrumb\"},\"inLanguage\":\"ru-RU\",\"potentialAction\":[{\"@type\":\"ReadAction\",\"target\":[\"https:\/\/www.horomechanika.lt\/product\/svoriai-tritaskei-pakabai\/\"]}]},{\"@type\":\"BreadcrumbList\",\"@id\":\"https:\/\/www.horomechanika.lt\/product\/svoriai-tritaskei-pakabai\/#breadcrumb\",\"itemListElement\":[{\"@type\":\"ListItem\",\"position\":1,\"name\":\"Home\",\"item\":\"https:\/\/www.horomechanika.lt\/\"},{\"@type\":\"ListItem\",\"position\":2,\"name\":\"Shop\",\"item\":\"https:\/\/www.horomechanika.lt\/ru\/shop-2\/\"},{\"@type\":\"ListItem\",\"position\":3,\"name\":\"SVORIAI TRITA\u0160KEI PAKABAI\"}]},{\"@type\":\"WebSite\",\"@id\":\"https:\/\/www.horomechanika.lt\/#website\",\"url\":\"https:\/\/www.horomechanika.lt\/\",\"name\":\"Horomechanika\",\"description\":\"\u017dem\u0117s \u016akio Technika\",\"publisher\":{\"@id\":\"https:\/\/www.horomechanika.lt\/#organization\"},\"potentialAction\":[{\"@type\":\"SearchAction\",\"target\":{\"@type\":\"EntryPoint\",\"urlTemplate\":\"https:\/\/www.horomechanika.lt\/?s={search_term_string}\"},\"query-input\":\"required name=search_term_string\"}],\"inLanguage\":\"ru-RU\"},{\"@type\":\"Organization\",\"@id\":\"https:\/\/www.horomechanika.lt\/#organization\",\"name\":\"UAB \\\"Horo mechanika\\\"\",\"url\":\"https:\/\/www.horomechanika.lt\/\",\"logo\":{\"@type\":\"ImageObject\",\"inLanguage\":\"ru-RU\",\"@id\":\"https:\/\/www.horomechanika.lt\/#\/schema\/logo\/image\/\",\"url\":\"https:\/\/www.horomechanika.lt\/wp-content\/uploads\/2020\/05\/horomechanika-logo.png\",\"contentUrl\":\"https:\/\/www.horomechanika.lt\/wp-content\/uploads\/2020\/05\/horomechanika-logo.png\",\"width\":137,\"height\":56,\"caption\":\"UAB \\\"Horo mechanika\\\"\"},\"image\":{\"@id\":\"https:\/\/www.horomechanika.lt\/#\/schema\/logo\/image\/\"},\"sameAs\":[\"https:\/\/www.facebook.com\/UAB-Horo-mechanika-177091812471952\"]}]}<\/script>\n<!-- \/ Yoast SEO plugin. -->","yoast_head_json":{"title":"SVORIAI TRITA\u0160KEI PAKABAI | Horomechanika","robots":{"index":"index","follow":"follow","max-snippet":"max-snippet:-1","max-image-preview":"max-image-preview:large","max-video-preview":"max-video-preview:-1"},"canonical":"https:\/\/www.horomechanika.lt\/ru\/product\/svoriai-tritaskei-pakabai\/","og_locale":"ru_RU","og_type":"article","og_title":"SVORIAI TRITA\u0160KEI PAKABAI | Horomechanika","og_description":"Metaliniai korpusai pritaikyti naudoti kaip svoriai.","og_url":"https:\/\/www.horomechanika.lt\/ru\/product\/svoriai-tritaskei-pakabai\/","og_site_name":"Horomechanika","article_publisher":"https:\/\/www.facebook.com\/UAB-Horo-mechanika-177091812471952","article_modified_time":"2022-05-11T05:48:58+00:00","og_image":[{"width":570,"height":520,"url":"https:\/\/www.horomechanika.lt\/wp-content\/uploads\/2020\/10\/frontvaegte-obc-sonarol-32.jpg","type":"image\/jpeg"}],"twitter_card":"summary_large_image","schema":{"@context":"https:\/\/schema.org","@graph":[{"@type":"WebPage","@id":"https:\/\/www.horomechanika.lt\/product\/svoriai-tritaskei-pakabai\/","url":"https:\/\/www.horomechanika.lt\/product\/svoriai-tritaskei-pakabai\/","name":"SVORIAI TRITA\u0160KEI PAKABAI | Horomechanika","isPartOf":{"@id":"https:\/\/www.horomechanika.lt\/#website"},"datePublished":"2020-10-28T09:27:09+00:00","dateModified":"2022-05-11T05:48:58+00:00","breadcrumb":{"@id":"https:\/\/www.horomechanika.lt\/product\/svoriai-tritaskei-pakabai\/#breadcrumb"},"inLanguage":"ru-RU","potentialAction":[{"@type":"ReadAction","target":["https:\/\/www.horomechanika.lt\/product\/svoriai-tritaskei-pakabai\/"]}]},{"@type":"BreadcrumbList","@id":"https:\/\/www.horomechanika.lt\/product\/svoriai-tritaskei-pakabai\/#breadcrumb","itemListElement":[{"@type":"ListItem","position":1,"name":"Home","item":"https:\/\/www.horomechanika.lt\/"},{"@type":"ListItem","position":2,"name":"Shop","item":"https:\/\/www.horomechanika.lt\/ru\/shop-2\/"},{"@type":"ListItem","position":3,"name":"SVORIAI TRITA\u0160KEI PAKABAI"}]},{"@type":"WebSite","@id":"https:\/\/www.horomechanika.lt\/#website","url":"https:\/\/www.horomechanika.lt\/","name":"Horomechanika","description":"\u017dem\u0117s \u016akio Technika","publisher":{"@id":"https:\/\/www.horomechanika.lt\/#organization"},"potentialAction":[{"@type":"SearchAction","target":{"@type":"EntryPoint","urlTemplate":"https:\/\/www.horomechanika.lt\/?s={search_term_string}"},"query-input":"required name=search_term_string"}],"inLanguage":"ru-RU"},{"@type":"Organization","@id":"https:\/\/www.horomechanika.lt\/#organization","name":"UAB \"Horo mechanika\"","url":"https:\/\/www.horomechanika.lt\/","logo":{"@type":"ImageObject","inLanguage":"ru-RU","@id":"https:\/\/www.horomechanika.lt\/#\/schema\/logo\/image\/","url":"https:\/\/www.horomechanika.lt\/wp-content\/uploads\/2020\/05\/horomechanika-logo.png","contentUrl":"https:\/\/www.horomechanika.lt\/wp-content\/uploads\/2020\/05\/horomechanika-logo.png","width":137,"height":56,"caption":"UAB \"Horo mechanika\""},"image":{"@id":"https:\/\/www.horomechanika.lt\/#\/schema\/logo\/image\/"},"sameAs":["https:\/\/www.facebook.com\/UAB-Horo-mechanika-177091812471952"]}]}},"_links":{"self":[{"href":"https:\/\/www.horomechanika.lt\/ru\/wp-json\/wp\/v2\/product\/11582","targetHints":{"allow":["GET"]}}],"collection":[{"href":"https:\/\/www.horomechanika.lt\/ru\/wp-json\/wp\/v2\/product"}],"about":[{"href":"https:\/\/www.horomechanika.lt\/ru\/wp-json\/wp\/v2\/types\/product"}],"replies":[{"embeddable":true,"href":"https:\/\/www.horomechanika.lt\/ru\/wp-json\/wp\/v2\/comments?post=11582"}],"wp:featuredmedia":[{"embeddable":true,"href":"https:\/\/www.horomechanika.lt\/ru\/wp-json\/wp\/v2\/media\/11591"}],"wp:attachment":[{"href":"https:\/\/www.horomechanika.lt\/ru\/wp-json\/wp\/v2\/media?parent=11582"}],"wp:term":[{"taxonomy":"product_cat","embeddable":true,"href":"https:\/\/www.horomechanika.lt\/ru\/wp-json\/wp\/v2\/product_cat?post=11582"},{"taxonomy":"product_tag","embeddable":true,"href":"https:\/\/www.horomechanika.lt\/ru\/wp-json\/wp\/v2\/product_tag?post=11582"}],"curies":[{"name":"wp","href":"https:\/\/api.w.org\/{rel}","templated":true}]}}