{"id":11593,"date":"2020-10-28T14:12:48","date_gmt":"2020-10-28T11:12:48","guid":{"rendered":"http:\/\/horomechanika.lt\/?post_type=product&#038;p=11593"},"modified":"2022-04-11T09:41:49","modified_gmt":"2022-04-11T06:41:49","slug":"kablys-didmaisiams-kopija","status":"publish","type":"product","link":"https:\/\/www.horomechanika.lt\/ru\/product\/kablys-didmaisiams-kopija\/","title":{"rendered":"DRUSKOS &#8211; SM\u0116LIO BARSTYTUVAS"},"content":{"rendered":"<table width=\"0\">\n<tbody>\n<tr>\n<td width=\"116\"><\/td>\n<td width=\"89\"><\/td>\n<td width=\"125\">PAS 1200<\/td>\n<td width=\"141\">PAS 1400<\/td>\n<td width=\"112\">PAS 1600<\/td>\n<td width=\"112\">PAS 2000<\/td>\n<\/tr>\n<tr>\n<td width=\"116\">R\u0117mo plotis<\/td>\n<td width=\"89\">mm<\/td>\n<td width=\"125\">1200<\/td>\n<td width=\"141\">1400<\/td>\n<td width=\"112\">1600<\/td>\n<td width=\"112\">2000<\/td>\n<\/tr>\n<tr>\n<td width=\"116\">Barstymo plotis<\/td>\n<td width=\"89\">mm<\/td>\n<td width=\"125\">1060<\/td>\n<td width=\"141\">1260<\/td>\n<td width=\"112\">1460<\/td>\n<td width=\"112\">1860<\/td>\n<\/tr>\n<tr>\n<td width=\"116\">Bendras plotis<\/td>\n<td width=\"89\">mm<\/td>\n<td width=\"125\">1500<\/td>\n<td width=\"141\">1700<\/td>\n<td width=\"112\">1820<\/td>\n<td width=\"112\">2220<\/td>\n<\/tr>\n<tr>\n<td width=\"116\">Ilgis<\/td>\n<td width=\"89\">mm<\/td>\n<td width=\"125\">1200<\/td>\n<td width=\"141\">1200<\/td>\n<td width=\"112\">1200<\/td>\n<td width=\"112\">1200<\/td>\n<\/tr>\n<tr>\n<td width=\"116\">Auk\u0161tis<\/td>\n<td width=\"89\">mm<\/td>\n<td width=\"125\">1200<\/td>\n<td width=\"141\">1200<\/td>\n<td width=\"112\">1200<\/td>\n<td width=\"112\">1200<\/td>\n<\/tr>\n<tr>\n<td width=\"116\">Talpa<\/td>\n<td width=\"89\">M<sup>3<\/sup><\/td>\n<td width=\"125\">0,7<\/td>\n<td width=\"141\">0,8<\/td>\n<td width=\"112\">0,9<\/td>\n<td width=\"112\">1,1<\/td>\n<\/tr>\n<tr>\n<td width=\"116\">Mas\u0117 r\u0117mo<\/td>\n<td width=\"89\">kg<\/td>\n<td width=\"125\">430<\/td>\n<td width=\"141\">460<\/td>\n<td width=\"112\">490<\/td>\n<td width=\"112\">550<\/td>\n<\/tr>\n<\/tbody>\n<\/table>","protected":false},"excerpt":{"rendered":"<p>Ant galinio trita\u0161kio pakabinimo mechanizmo kabinamas traktorinis druskos arba sm\u0117lio barstytuvas yra skirtas pavir\u0161iniam tak\u0173 ar kelio dangos apibarstymui. Bunkerio talpa siekia 1,1 m<sup>3<\/sup>, darbinis plotis 2 m. Labai geras pasirinkimas komunalin\u0117ms \u012fmon\u0117ms ir daugiabu\u010di\u0173 bendrijoms.<\/p>\n<p>Svarbi naudojimo savyb\u0117 yra ta, kad drusk\u0105 arba sm\u0117l\u012f galima pasikrauti tiesiogiai i\u0161 kr\u016bvos.<\/p>\n<p>Pavaros grei\u010dio reguliavimo vo\u017etuvas bei pro\u0161vaisos plot\u012f reguliuojanti svirtis leid\u017eia keisti i\u0161pylimo intensyvum\u0105.<\/p>","protected":false},"featured_media":11589,"comment_status":"open","ping_status":"closed","template":"","meta":[],"product_cat":[166],"product_tag":[],"class_list":["post-11593","product","type-product","status-publish","has-post-thumbnail","hentry","product_cat-smelio-druskos-barstytuvai"],"yoast_head":"<!-- This site is optimized with the Yoast SEO plugin v20.1 - https:\/\/yoast.com\/wordpress\/plugins\/seo\/ -->\n<title>DRUSKOS - SM\u0116LIO BARSTYTUVAS | Horomechanika<\/title>\n<meta name=\"robots\" content=\"index, follow, max-snippet:-1, max-image-preview:large, max-video-preview:-1\" \/>\n<link rel=\"canonical\" href=\"https:\/\/www.horomechanika.lt\/ru\/product\/kablys-didmaisiams-kopija\/\" \/>\n<meta property=\"og:locale\" content=\"ru_RU\" \/>\n<meta property=\"og:type\" content=\"article\" \/>\n<meta property=\"og:title\" content=\"DRUSKOS - SM\u0116LIO BARSTYTUVAS | Horomechanika\" \/>\n<meta property=\"og:description\" content=\"Ant galinio trita\u0161kio pakabinimo mechanizmo kabinamas traktorinis druskos arba sm\u0117lio barstytuvas yra skirtas pavir\u0161iniam tak\u0173 ar kelio dangos apibarstymui. Bunkerio talpa siekia 1,1 m3, darbinis plotis 2 m. Labai geras pasirinkimas komunalin\u0117ms \u012fmon\u0117ms ir daugiabu\u010di\u0173 bendrijoms.  Svarbi naudojimo savyb\u0117 yra ta, kad drusk\u0105 arba sm\u0117l\u012f galima pasikrauti tiesiogiai i\u0161 kr\u016bvos.  Pavaros grei\u010dio reguliavimo vo\u017etuvas bei pro\u0161vaisos plot\u012f reguliuojanti svirtis leid\u017eia keisti i\u0161pylimo intensyvum\u0105.\" \/>\n<meta property=\"og:url\" content=\"https:\/\/www.horomechanika.lt\/ru\/product\/kablys-didmaisiams-kopija\/\" \/>\n<meta property=\"og:site_name\" content=\"Horomechanika\" \/>\n<meta property=\"article:publisher\" content=\"https:\/\/www.facebook.com\/UAB-Horo-mechanika-177091812471952\" \/>\n<meta property=\"article:modified_time\" content=\"2022-04-11T06:41:49+00:00\" \/>\n<meta property=\"og:image\" content=\"https:\/\/www.horomechanika.lt\/wp-content\/uploads\/2020\/10\/selvbelastende-sandspreder-psa-snr-32.jpg\" \/>\n\t<meta property=\"og:image:width\" content=\"570\" \/>\n\t<meta property=\"og:image:height\" content=\"520\" \/>\n\t<meta property=\"og:image:type\" content=\"image\/jpeg\" \/>\n<meta name=\"twitter:card\" content=\"summary_large_image\" \/>\n<script type=\"application\/ld+json\" class=\"yoast-schema-graph\">{\"@context\":\"https:\/\/schema.org\",\"@graph\":[{\"@type\":\"WebPage\",\"@id\":\"https:\/\/www.horomechanika.lt\/ru\/product\/kablys-didmaisiams-kopija\/\",\"url\":\"https:\/\/www.horomechanika.lt\/ru\/product\/kablys-didmaisiams-kopija\/\",\"name\":\"DRUSKOS - SM\u0116LIO BARSTYTUVAS | Horomechanika\",\"isPartOf\":{\"@id\":\"https:\/\/www.horomechanika.lt\/#website\"},\"datePublished\":\"2020-10-28T11:12:48+00:00\",\"dateModified\":\"2022-04-11T06:41:49+00:00\",\"breadcrumb\":{\"@id\":\"https:\/\/www.horomechanika.lt\/ru\/product\/kablys-didmaisiams-kopija\/#breadcrumb\"},\"inLanguage\":\"ru-RU\",\"potentialAction\":[{\"@type\":\"ReadAction\",\"target\":[\"https:\/\/www.horomechanika.lt\/ru\/product\/kablys-didmaisiams-kopija\/\"]}]},{\"@type\":\"BreadcrumbList\",\"@id\":\"https:\/\/www.horomechanika.lt\/ru\/product\/kablys-didmaisiams-kopija\/#breadcrumb\",\"itemListElement\":[{\"@type\":\"ListItem\",\"position\":1,\"name\":\"Home\",\"item\":\"https:\/\/www.horomechanika.lt\/\"},{\"@type\":\"ListItem\",\"position\":2,\"name\":\"Shop\",\"item\":\"https:\/\/www.horomechanika.lt\/ru\/shop-2\/\"},{\"@type\":\"ListItem\",\"position\":3,\"name\":\"DRUSKOS &#8211; SM\u0116LIO BARSTYTUVAS\"}]},{\"@type\":\"WebSite\",\"@id\":\"https:\/\/www.horomechanika.lt\/#website\",\"url\":\"https:\/\/www.horomechanika.lt\/\",\"name\":\"Horomechanika\",\"description\":\"\u017dem\u0117s \u016akio Technika\",\"publisher\":{\"@id\":\"https:\/\/www.horomechanika.lt\/#organization\"},\"potentialAction\":[{\"@type\":\"SearchAction\",\"target\":{\"@type\":\"EntryPoint\",\"urlTemplate\":\"https:\/\/www.horomechanika.lt\/?s={search_term_string}\"},\"query-input\":\"required name=search_term_string\"}],\"inLanguage\":\"ru-RU\"},{\"@type\":\"Organization\",\"@id\":\"https:\/\/www.horomechanika.lt\/#organization\",\"name\":\"UAB \\\"Horo mechanika\\\"\",\"url\":\"https:\/\/www.horomechanika.lt\/\",\"logo\":{\"@type\":\"ImageObject\",\"inLanguage\":\"ru-RU\",\"@id\":\"https:\/\/www.horomechanika.lt\/#\/schema\/logo\/image\/\",\"url\":\"https:\/\/www.horomechanika.lt\/wp-content\/uploads\/2020\/05\/horomechanika-logo.png\",\"contentUrl\":\"https:\/\/www.horomechanika.lt\/wp-content\/uploads\/2020\/05\/horomechanika-logo.png\",\"width\":137,\"height\":56,\"caption\":\"UAB \\\"Horo mechanika\\\"\"},\"image\":{\"@id\":\"https:\/\/www.horomechanika.lt\/#\/schema\/logo\/image\/\"},\"sameAs\":[\"https:\/\/www.facebook.com\/UAB-Horo-mechanika-177091812471952\"]}]}<\/script>\n<!-- \/ Yoast SEO plugin. -->","yoast_head_json":{"title":"DRUSKOS - SM\u0116LIO BARSTYTUVAS | Horomechanika","robots":{"index":"index","follow":"follow","max-snippet":"max-snippet:-1","max-image-preview":"max-image-preview:large","max-video-preview":"max-video-preview:-1"},"canonical":"https:\/\/www.horomechanika.lt\/ru\/product\/kablys-didmaisiams-kopija\/","og_locale":"ru_RU","og_type":"article","og_title":"DRUSKOS - SM\u0116LIO BARSTYTUVAS | Horomechanika","og_description":"Ant galinio trita\u0161kio pakabinimo mechanizmo kabinamas traktorinis druskos arba sm\u0117lio barstytuvas yra skirtas pavir\u0161iniam tak\u0173 ar kelio dangos apibarstymui. Bunkerio talpa siekia 1,1 m3, darbinis plotis 2 m. Labai geras pasirinkimas komunalin\u0117ms \u012fmon\u0117ms ir daugiabu\u010di\u0173 bendrijoms.  Svarbi naudojimo savyb\u0117 yra ta, kad drusk\u0105 arba sm\u0117l\u012f galima pasikrauti tiesiogiai i\u0161 kr\u016bvos.  Pavaros grei\u010dio reguliavimo vo\u017etuvas bei pro\u0161vaisos plot\u012f reguliuojanti svirtis leid\u017eia keisti i\u0161pylimo intensyvum\u0105.","og_url":"https:\/\/www.horomechanika.lt\/ru\/product\/kablys-didmaisiams-kopija\/","og_site_name":"Horomechanika","article_publisher":"https:\/\/www.facebook.com\/UAB-Horo-mechanika-177091812471952","article_modified_time":"2022-04-11T06:41:49+00:00","og_image":[{"width":570,"height":520,"url":"https:\/\/www.horomechanika.lt\/wp-content\/uploads\/2020\/10\/selvbelastende-sandspreder-psa-snr-32.jpg","type":"image\/jpeg"}],"twitter_card":"summary_large_image","schema":{"@context":"https:\/\/schema.org","@graph":[{"@type":"WebPage","@id":"https:\/\/www.horomechanika.lt\/ru\/product\/kablys-didmaisiams-kopija\/","url":"https:\/\/www.horomechanika.lt\/ru\/product\/kablys-didmaisiams-kopija\/","name":"DRUSKOS - SM\u0116LIO BARSTYTUVAS | Horomechanika","isPartOf":{"@id":"https:\/\/www.horomechanika.lt\/#website"},"datePublished":"2020-10-28T11:12:48+00:00","dateModified":"2022-04-11T06:41:49+00:00","breadcrumb":{"@id":"https:\/\/www.horomechanika.lt\/ru\/product\/kablys-didmaisiams-kopija\/#breadcrumb"},"inLanguage":"ru-RU","potentialAction":[{"@type":"ReadAction","target":["https:\/\/www.horomechanika.lt\/ru\/product\/kablys-didmaisiams-kopija\/"]}]},{"@type":"BreadcrumbList","@id":"https:\/\/www.horomechanika.lt\/ru\/product\/kablys-didmaisiams-kopija\/#breadcrumb","itemListElement":[{"@type":"ListItem","position":1,"name":"Home","item":"https:\/\/www.horomechanika.lt\/"},{"@type":"ListItem","position":2,"name":"Shop","item":"https:\/\/www.horomechanika.lt\/ru\/shop-2\/"},{"@type":"ListItem","position":3,"name":"DRUSKOS &#8211; SM\u0116LIO BARSTYTUVAS"}]},{"@type":"WebSite","@id":"https:\/\/www.horomechanika.lt\/#website","url":"https:\/\/www.horomechanika.lt\/","name":"Horomechanika","description":"\u017dem\u0117s \u016akio Technika","publisher":{"@id":"https:\/\/www.horomechanika.lt\/#organization"},"potentialAction":[{"@type":"SearchAction","target":{"@type":"EntryPoint","urlTemplate":"https:\/\/www.horomechanika.lt\/?s={search_term_string}"},"query-input":"required name=search_term_string"}],"inLanguage":"ru-RU"},{"@type":"Organization","@id":"https:\/\/www.horomechanika.lt\/#organization","name":"UAB \"Horo mechanika\"","url":"https:\/\/www.horomechanika.lt\/","logo":{"@type":"ImageObject","inLanguage":"ru-RU","@id":"https:\/\/www.horomechanika.lt\/#\/schema\/logo\/image\/","url":"https:\/\/www.horomechanika.lt\/wp-content\/uploads\/2020\/05\/horomechanika-logo.png","contentUrl":"https:\/\/www.horomechanika.lt\/wp-content\/uploads\/2020\/05\/horomechanika-logo.png","width":137,"height":56,"caption":"UAB \"Horo mechanika\""},"image":{"@id":"https:\/\/www.horomechanika.lt\/#\/schema\/logo\/image\/"},"sameAs":["https:\/\/www.facebook.com\/UAB-Horo-mechanika-177091812471952"]}]}},"_links":{"self":[{"href":"https:\/\/www.horomechanika.lt\/ru\/wp-json\/wp\/v2\/product\/11593","targetHints":{"allow":["GET"]}}],"collection":[{"href":"https:\/\/www.horomechanika.lt\/ru\/wp-json\/wp\/v2\/product"}],"about":[{"href":"https:\/\/www.horomechanika.lt\/ru\/wp-json\/wp\/v2\/types\/product"}],"replies":[{"embeddable":true,"href":"https:\/\/www.horomechanika.lt\/ru\/wp-json\/wp\/v2\/comments?post=11593"}],"wp:featuredmedia":[{"embeddable":true,"href":"https:\/\/www.horomechanika.lt\/ru\/wp-json\/wp\/v2\/media\/11589"}],"wp:attachment":[{"href":"https:\/\/www.horomechanika.lt\/ru\/wp-json\/wp\/v2\/media?parent=11593"}],"wp:term":[{"taxonomy":"product_cat","embeddable":true,"href":"https:\/\/www.horomechanika.lt\/ru\/wp-json\/wp\/v2\/product_cat?post=11593"},{"taxonomy":"product_tag","embeddable":true,"href":"https:\/\/www.horomechanika.lt\/ru\/wp-json\/wp\/v2\/product_tag?post=11593"}],"curies":[{"name":"wp","href":"https:\/\/api.w.org\/{rel}","templated":true}]}}