{"id":11597,"date":"2020-10-28T15:10:45","date_gmt":"2020-10-28T12:10:45","guid":{"rendered":"http:\/\/horomechanika.lt\/?post_type=product&#038;p=11597"},"modified":"2021-01-21T12:38:17","modified_gmt":"2021-01-21T09:38:17","slug":"kausas-krokodilas-mini-technikai","status":"publish","type":"product","link":"https:\/\/www.horomechanika.lt\/ru\/product\/kausas-krokodilas-mini-technikai\/","title":{"rendered":"KAU\u0160AS KROKODILAS MINI TECHNIKAI"},"content":{"rendered":"<h3>Griebtuvas kau\u0161as &#8211; krokodilas pritaikytas darbui su mini krovikliais.<\/h3>\n<ul>\n<li>Solidi ir patvari konstrukcija pagaminta i\u0161 padidinto patvarumo plieno.<\/li>\n<li>Lako danga da\u017eoma milteliniu metodu.<\/li>\n<li>Vienas hidraulinis cilindras su dideliu galingumu, leid\u017eiantis atlikti tinkam\u0105 ir patikim\u0105 med\u017eiagos suspaudim\u0105.<\/li>\n<li>Pilnas kau\u0161o dugnas leid\u017eia visi\u0161kai surinkti med\u017eiag\u0105 ir neleisti jam i\u0161byr\u0117ti transporto metu.<\/li>\n<li>Kau\u0161o peilis pagamintas i\u0161 padidinto patvarumo plieno, yra atsparus dilimui.<\/li>\n<li>Kaltiniai kei\u010diami dantys pasi\u017eymi dideliu patvarumu.<\/li>\n<li>Storasien\u0117 sija garantuoja r\u0117mo standum\u0105 ir apsaugo nuo deformacijos esant dideliai apkrovai.<\/li>\n<li>Cinkuoti kai\u0161\u010diai ir slankiosios \u012fvor\u0117s, pagamintos i\u0161 atsparaus dilimui C45 plieno, u\u017etikrina patikim\u0105 veikim\u0105.<\/li>\n<li>Hidraulin\u0117s \u017earnos u\u017etikrina auk\u0161t\u0105 kokyb\u0119 ir patikimum\u0105 ir gali b\u016bti pritaikytos individualiems poreikiams.<\/li>\n<li>Prieinami plo\u010diai: 0,9 m, 1,0 m, 1,2\u00a0m.<\/li>\n<li>tvirtinimas \u012ftrauktas \u012f kain\u0105.<\/li>\n<\/ul>","protected":false},"excerpt":{"rendered":"<table width=\"0\">\n<tbody>\n<tr>\n<td width=\"100\"><\/td>\n<td width=\"56\"><\/td>\n<td width=\"77\">LKM\u00a0 \u00a0 900<\/td>\n<td width=\"71\">LKM 1000<\/td>\n<td width=\"58\">LKM 1150<\/td>\n<td width=\"59\">LKM 1200<\/td>\n<td width=\"59\">LKM 1300<\/td>\n<td width=\"59\">LKM 1400<\/td>\n<\/tr>\n<tr>\n<td width=\"100\">Plotis<\/td>\n<td width=\"56\">mm<\/td>\n<td width=\"77\">900<\/td>\n<td width=\"71\">1000<\/td>\n<td width=\"58\">1100<\/td>\n<td width=\"59\">1200<\/td>\n<td width=\"59\">1300<\/td>\n<td width=\"59\">1400<\/td>\n<\/tr>\n<tr>\n<td width=\"100\">Auk\u0161tis<\/td>\n<td width=\"56\">mm<\/td>\n<td width=\"77\">600<\/td>\n<td width=\"71\">600<\/td>\n<td width=\"58\">600<\/td>\n<td width=\"59\">600<\/td>\n<td width=\"59\">600<\/td>\n<td width=\"59\">600<\/td>\n<\/tr>\n<tr>\n<td width=\"100\">Auk\u0161tis atidarius<\/td>\n<td width=\"56\">mm<\/td>\n<td width=\"77\">770<\/td>\n<td width=\"71\">770<\/td>\n<td width=\"58\">770<\/td>\n<td width=\"59\">770<\/td>\n<td width=\"59\">770<\/td>\n<td width=\"59\">770<\/td>\n<\/tr>\n<tr>\n<td width=\"100\">Talpa<\/td>\n<td width=\"56\">M<sup>3<\/sup><\/td>\n<td width=\"77\">0,36<\/td>\n<td width=\"71\">0,4<\/td>\n<td width=\"58\">0,44<\/td>\n<td width=\"59\">0,48<\/td>\n<td width=\"59\">0,52<\/td>\n<td width=\"59\">0,56<\/td>\n<\/tr>\n<tr>\n<td width=\"100\">Mas\u0117<\/td>\n<td width=\"56\">kg<\/td>\n<td width=\"77\">130<\/td>\n<td width=\"71\">135<\/td>\n<td width=\"58\">145<\/td>\n<td width=\"59\">150<\/td>\n<td width=\"59\">157<\/td>\n<td width=\"59\">165<\/td>\n<\/tr>\n<tr>\n<td width=\"100\">Cilindrai k\u0117limui<\/td>\n<td width=\"56\">Vnt<\/td>\n<td width=\"77\">1<\/td>\n<td width=\"71\">1<\/td>\n<td width=\"58\">1<\/td>\n<td width=\"59\">1<\/td>\n<td width=\"59\">1<\/td>\n<td width=\"59\">1<\/td>\n<\/tr>\n<\/tbody>\n<\/table>","protected":false},"featured_media":11616,"comment_status":"open","ping_status":"closed","template":"","meta":[],"product_cat":[109],"product_tag":[],"class_list":["post-11597","product","type-product","status-publish","has-post-thumbnail","hentry","product_cat-priedai-frontaliniam-krautuvui"],"yoast_head":"<!-- This site is optimized with the Yoast SEO plugin v20.1 - https:\/\/yoast.com\/wordpress\/plugins\/seo\/ -->\n<title>KAU\u0160AS KROKODILAS MINI TECHNIKAI | Horomechanika<\/title>\n<meta name=\"robots\" content=\"index, follow, max-snippet:-1, max-image-preview:large, max-video-preview:-1\" \/>\n<link rel=\"canonical\" href=\"https:\/\/www.horomechanika.lt\/ru\/product\/kausas-krokodilas-mini-technikai\/\" \/>\n<meta property=\"og:locale\" content=\"ru_RU\" \/>\n<meta property=\"og:type\" content=\"article\" \/>\n<meta property=\"og:title\" content=\"KAU\u0160AS KROKODILAS MINI TECHNIKAI | Horomechanika\" \/>\n<meta property=\"og:description\" content=\"LKM\u00a0 \u00a0 900 LKM 1000 LKM 1150 LKM 1200 LKM 1300 LKM 1400   Plotis mm 900 1000 1100 1200 1300 1400   Auk\u0161tis mm 600 600 600 600 600 600   Auk\u0161tis atidarius mm 770 770 770 770 770 770   Talpa M3 0,36 0,4 0,44 0,48 0,52 0,56   Mas\u0117 kg 130 135 145 150 157 165   Cilindrai k\u0117limui Vnt 1 1 1 1 1 1\" \/>\n<meta property=\"og:url\" content=\"https:\/\/www.horomechanika.lt\/ru\/product\/kausas-krokodilas-mini-technikai\/\" \/>\n<meta property=\"og:site_name\" content=\"Horomechanika\" \/>\n<meta property=\"article:publisher\" content=\"https:\/\/www.facebook.com\/UAB-Horo-mechanika-177091812471952\" \/>\n<meta property=\"article:modified_time\" content=\"2021-01-21T09:38:17+00:00\" \/>\n<meta property=\"og:image\" content=\"https:\/\/www.horomechanika.lt\/wp-content\/uploads\/2020\/10\/km-snr1200_big-1.png\" \/>\n\t<meta property=\"og:image:width\" content=\"996\" \/>\n\t<meta property=\"og:image:height\" content=\"736\" \/>\n\t<meta property=\"og:image:type\" content=\"image\/png\" \/>\n<meta name=\"twitter:card\" content=\"summary_large_image\" \/>\n<meta name=\"twitter:label1\" content=\"\u041f\u0440\u0438\u043c\u0435\u0440\u043d\u043e\u0435 \u0432\u0440\u0435\u043c\u044f \u0434\u043b\u044f \u0447\u0442\u0435\u043d\u0438\u044f\" \/>\n\t<meta name=\"twitter:data1\" content=\"1 \u043c\u0438\u043d\u0443\u0442\u0430\" \/>\n<script type=\"application\/ld+json\" class=\"yoast-schema-graph\">{\"@context\":\"https:\/\/schema.org\",\"@graph\":[{\"@type\":\"WebPage\",\"@id\":\"https:\/\/www.horomechanika.lt\/product\/kausas-krokodilas-mini-technikai\/\",\"url\":\"https:\/\/www.horomechanika.lt\/product\/kausas-krokodilas-mini-technikai\/\",\"name\":\"KAU\u0160AS KROKODILAS MINI TECHNIKAI | Horomechanika\",\"isPartOf\":{\"@id\":\"https:\/\/www.horomechanika.lt\/#website\"},\"datePublished\":\"2020-10-28T12:10:45+00:00\",\"dateModified\":\"2021-01-21T09:38:17+00:00\",\"breadcrumb\":{\"@id\":\"https:\/\/www.horomechanika.lt\/product\/kausas-krokodilas-mini-technikai\/#breadcrumb\"},\"inLanguage\":\"ru-RU\",\"potentialAction\":[{\"@type\":\"ReadAction\",\"target\":[\"https:\/\/www.horomechanika.lt\/product\/kausas-krokodilas-mini-technikai\/\"]}]},{\"@type\":\"BreadcrumbList\",\"@id\":\"https:\/\/www.horomechanika.lt\/product\/kausas-krokodilas-mini-technikai\/#breadcrumb\",\"itemListElement\":[{\"@type\":\"ListItem\",\"position\":1,\"name\":\"Home\",\"item\":\"https:\/\/www.horomechanika.lt\/\"},{\"@type\":\"ListItem\",\"position\":2,\"name\":\"Shop\",\"item\":\"https:\/\/www.horomechanika.lt\/ru\/shop-2\/\"},{\"@type\":\"ListItem\",\"position\":3,\"name\":\"KAU\u0160AS KROKODILAS MINI TECHNIKAI\"}]},{\"@type\":\"WebSite\",\"@id\":\"https:\/\/www.horomechanika.lt\/#website\",\"url\":\"https:\/\/www.horomechanika.lt\/\",\"name\":\"Horomechanika\",\"description\":\"\u017dem\u0117s \u016akio Technika\",\"publisher\":{\"@id\":\"https:\/\/www.horomechanika.lt\/#organization\"},\"potentialAction\":[{\"@type\":\"SearchAction\",\"target\":{\"@type\":\"EntryPoint\",\"urlTemplate\":\"https:\/\/www.horomechanika.lt\/?s={search_term_string}\"},\"query-input\":\"required name=search_term_string\"}],\"inLanguage\":\"ru-RU\"},{\"@type\":\"Organization\",\"@id\":\"https:\/\/www.horomechanika.lt\/#organization\",\"name\":\"UAB \\\"Horo mechanika\\\"\",\"url\":\"https:\/\/www.horomechanika.lt\/\",\"logo\":{\"@type\":\"ImageObject\",\"inLanguage\":\"ru-RU\",\"@id\":\"https:\/\/www.horomechanika.lt\/#\/schema\/logo\/image\/\",\"url\":\"https:\/\/www.horomechanika.lt\/wp-content\/uploads\/2020\/05\/horomechanika-logo.png\",\"contentUrl\":\"https:\/\/www.horomechanika.lt\/wp-content\/uploads\/2020\/05\/horomechanika-logo.png\",\"width\":137,\"height\":56,\"caption\":\"UAB \\\"Horo mechanika\\\"\"},\"image\":{\"@id\":\"https:\/\/www.horomechanika.lt\/#\/schema\/logo\/image\/\"},\"sameAs\":[\"https:\/\/www.facebook.com\/UAB-Horo-mechanika-177091812471952\"]}]}<\/script>\n<!-- \/ Yoast SEO plugin. -->","yoast_head_json":{"title":"KAU\u0160AS KROKODILAS MINI TECHNIKAI | Horomechanika","robots":{"index":"index","follow":"follow","max-snippet":"max-snippet:-1","max-image-preview":"max-image-preview:large","max-video-preview":"max-video-preview:-1"},"canonical":"https:\/\/www.horomechanika.lt\/ru\/product\/kausas-krokodilas-mini-technikai\/","og_locale":"ru_RU","og_type":"article","og_title":"KAU\u0160AS KROKODILAS MINI TECHNIKAI | Horomechanika","og_description":"LKM\u00a0 \u00a0 900 LKM 1000 LKM 1150 LKM 1200 LKM 1300 LKM 1400   Plotis mm 900 1000 1100 1200 1300 1400   Auk\u0161tis mm 600 600 600 600 600 600   Auk\u0161tis atidarius mm 770 770 770 770 770 770   Talpa M3 0,36 0,4 0,44 0,48 0,52 0,56   Mas\u0117 kg 130 135 145 150 157 165   Cilindrai k\u0117limui Vnt 1 1 1 1 1 1","og_url":"https:\/\/www.horomechanika.lt\/ru\/product\/kausas-krokodilas-mini-technikai\/","og_site_name":"Horomechanika","article_publisher":"https:\/\/www.facebook.com\/UAB-Horo-mechanika-177091812471952","article_modified_time":"2021-01-21T09:38:17+00:00","og_image":[{"width":996,"height":736,"url":"https:\/\/www.horomechanika.lt\/wp-content\/uploads\/2020\/10\/km-snr1200_big-1.png","type":"image\/png"}],"twitter_card":"summary_large_image","twitter_misc":{"\u041f\u0440\u0438\u043c\u0435\u0440\u043d\u043e\u0435 \u0432\u0440\u0435\u043c\u044f \u0434\u043b\u044f \u0447\u0442\u0435\u043d\u0438\u044f":"1 \u043c\u0438\u043d\u0443\u0442\u0430"},"schema":{"@context":"https:\/\/schema.org","@graph":[{"@type":"WebPage","@id":"https:\/\/www.horomechanika.lt\/product\/kausas-krokodilas-mini-technikai\/","url":"https:\/\/www.horomechanika.lt\/product\/kausas-krokodilas-mini-technikai\/","name":"KAU\u0160AS KROKODILAS MINI TECHNIKAI | Horomechanika","isPartOf":{"@id":"https:\/\/www.horomechanika.lt\/#website"},"datePublished":"2020-10-28T12:10:45+00:00","dateModified":"2021-01-21T09:38:17+00:00","breadcrumb":{"@id":"https:\/\/www.horomechanika.lt\/product\/kausas-krokodilas-mini-technikai\/#breadcrumb"},"inLanguage":"ru-RU","potentialAction":[{"@type":"ReadAction","target":["https:\/\/www.horomechanika.lt\/product\/kausas-krokodilas-mini-technikai\/"]}]},{"@type":"BreadcrumbList","@id":"https:\/\/www.horomechanika.lt\/product\/kausas-krokodilas-mini-technikai\/#breadcrumb","itemListElement":[{"@type":"ListItem","position":1,"name":"Home","item":"https:\/\/www.horomechanika.lt\/"},{"@type":"ListItem","position":2,"name":"Shop","item":"https:\/\/www.horomechanika.lt\/ru\/shop-2\/"},{"@type":"ListItem","position":3,"name":"KAU\u0160AS KROKODILAS MINI TECHNIKAI"}]},{"@type":"WebSite","@id":"https:\/\/www.horomechanika.lt\/#website","url":"https:\/\/www.horomechanika.lt\/","name":"Horomechanika","description":"\u017dem\u0117s \u016akio Technika","publisher":{"@id":"https:\/\/www.horomechanika.lt\/#organization"},"potentialAction":[{"@type":"SearchAction","target":{"@type":"EntryPoint","urlTemplate":"https:\/\/www.horomechanika.lt\/?s={search_term_string}"},"query-input":"required name=search_term_string"}],"inLanguage":"ru-RU"},{"@type":"Organization","@id":"https:\/\/www.horomechanika.lt\/#organization","name":"UAB \"Horo mechanika\"","url":"https:\/\/www.horomechanika.lt\/","logo":{"@type":"ImageObject","inLanguage":"ru-RU","@id":"https:\/\/www.horomechanika.lt\/#\/schema\/logo\/image\/","url":"https:\/\/www.horomechanika.lt\/wp-content\/uploads\/2020\/05\/horomechanika-logo.png","contentUrl":"https:\/\/www.horomechanika.lt\/wp-content\/uploads\/2020\/05\/horomechanika-logo.png","width":137,"height":56,"caption":"UAB \"Horo mechanika\""},"image":{"@id":"https:\/\/www.horomechanika.lt\/#\/schema\/logo\/image\/"},"sameAs":["https:\/\/www.facebook.com\/UAB-Horo-mechanika-177091812471952"]}]}},"_links":{"self":[{"href":"https:\/\/www.horomechanika.lt\/ru\/wp-json\/wp\/v2\/product\/11597","targetHints":{"allow":["GET"]}}],"collection":[{"href":"https:\/\/www.horomechanika.lt\/ru\/wp-json\/wp\/v2\/product"}],"about":[{"href":"https:\/\/www.horomechanika.lt\/ru\/wp-json\/wp\/v2\/types\/product"}],"replies":[{"embeddable":true,"href":"https:\/\/www.horomechanika.lt\/ru\/wp-json\/wp\/v2\/comments?post=11597"}],"wp:featuredmedia":[{"embeddable":true,"href":"https:\/\/www.horomechanika.lt\/ru\/wp-json\/wp\/v2\/media\/11616"}],"wp:attachment":[{"href":"https:\/\/www.horomechanika.lt\/ru\/wp-json\/wp\/v2\/media?parent=11597"}],"wp:term":[{"taxonomy":"product_cat","embeddable":true,"href":"https:\/\/www.horomechanika.lt\/ru\/wp-json\/wp\/v2\/product_cat?post=11597"},{"taxonomy":"product_tag","embeddable":true,"href":"https:\/\/www.horomechanika.lt\/ru\/wp-json\/wp\/v2\/product_tag?post=11597"}],"curies":[{"name":"wp","href":"https:\/\/api.w.org\/{rel}","templated":true}]}}