{"id":11618,"date":"2020-10-29T14:53:31","date_gmt":"2020-10-29T11:53:31","guid":{"rendered":"http:\/\/horomechanika.lt\/?post_type=product&#038;p=11618"},"modified":"2022-12-23T12:31:18","modified_gmt":"2022-12-23T09:31:18","slug":"mulceris-alpin-hydro","status":"publish","type":"product","link":"https:\/\/www.horomechanika.lt\/ru\/product\/mulceris-alpin-hydro\/","title":{"rendered":"MUL\u010cERIS ALPIN HYDRO"},"content":{"rendered":"<table width=\"0\">\n<thead>\n<tr>\n<td width=\"54\"><strong>Modelis<\/strong><\/td>\n<td width=\"83\"><strong>KW\/HP<\/strong><\/td>\n<td width=\"61\"><strong>darbinis \/bendras plotis<\/strong><\/td>\n<td width=\"62\"><strong>Plaktukai<\/strong><\/td>\n<td width=\"53\"><strong>Y-Peiliai<\/strong><\/td>\n<td width=\"51\"><strong>Svoris [kg]<\/strong><\/td>\n<td width=\"51\"><strong>cm<\/strong><\/td>\n<td width=\"152\"><strong>Tepalo srautas<\/strong><\/td>\n<\/tr>\n<\/thead>\n<tbody>\n<tr>\n<td>130<\/td>\n<td>13-16\/18-22<\/td>\n<td>129\/147<\/td>\n<td>18<\/td>\n<td>36<\/td>\n<td>167<\/td>\n<td>2-3<\/td>\n<td>22-25L\/min; 160-180 bar<\/td>\n<\/tr>\n<tr>\n<td>150<\/td>\n<td>15-20\/21-27<\/td>\n<td>145\/161<\/td>\n<td>20<\/td>\n<td>40<\/td>\n<td>191<\/td>\n<td>2-3<\/td>\n<td>22-25L\/min; 160-180 bar<\/td>\n<\/tr>\n<\/tbody>\n<\/table>\n<p>&nbsp;<\/p>\n<p>&nbsp;<\/p>","protected":false},"excerpt":{"rendered":"<p>Hidrauliniu b\u016bdu varoma \u0161ienapjov\u0117 ALPIN HYDRO yra skirta veikti \u017eeldynuose ir \u017eem\u0117s \u016bkio plotuose, soduose ir vynuogynuose. Jo lengvas ir ma\u017eas galios poreikis leid\u017eia efektyviai valdyti vienos a\u0161ies traktorius. \u201eALPIN HYDRO\u201c standarti\u0161kai yra su plaktukais arba pasirinktinai su \u201eY\u201c a\u0161menimis arba pan\u010di\u0173 plaktukais. Energi\u0161kai efektyvus dvigubas spiralinis rotorius suma\u017eina energijos suvartojim\u0105, u\u017etikrina vienod\u0105 veikim\u0105 ir u\u017etikrina ilgesn\u012f komponent\u0173 tarnavim\u0105. Jo r\u0117mas pagamintas i\u0161 ypa\u010d stipraus metalo STRENX, u\u017etikrinan\u010dio ilgalaik\u0119, auk\u0161t\u0105 kokyb\u0119 ir ma\u017eesn\u012f ma\u0161inos svor\u012f.<\/p>","protected":false},"featured_media":11626,"comment_status":"open","ping_status":"closed","template":"","meta":[],"product_cat":[150,167],"product_tag":[],"class_list":["post-11618","product","type-product","status-publish","has-post-thumbnail","hentry","product_cat-mulceriai","product_cat-gyvatvoriu-krumynu-prieziuros-technika"],"yoast_head":"<!-- This site is optimized with the Yoast SEO plugin v20.1 - https:\/\/yoast.com\/wordpress\/plugins\/seo\/ -->\n<title>MUL\u010cERIS ALPIN HYDRO | Horomechanika<\/title>\n<meta name=\"robots\" content=\"index, follow, max-snippet:-1, max-image-preview:large, max-video-preview:-1\" \/>\n<link rel=\"canonical\" href=\"https:\/\/www.horomechanika.lt\/ru\/product\/mulceris-alpin-hydro\/\" \/>\n<meta property=\"og:locale\" content=\"ru_RU\" \/>\n<meta property=\"og:type\" content=\"article\" \/>\n<meta property=\"og:title\" content=\"MUL\u010cERIS ALPIN HYDRO | Horomechanika\" \/>\n<meta property=\"og:description\" content=\"Hidrauliniu b\u016bdu varoma \u0161ienapjov\u0117 ALPIN HYDRO yra skirta veikti \u017eeldynuose ir \u017eem\u0117s \u016bkio plotuose, soduose ir vynuogynuose. Jo lengvas ir ma\u017eas galios poreikis leid\u017eia efektyviai valdyti vienos a\u0161ies traktorius. \u201eALPIN HYDRO\u201c standarti\u0161kai yra su plaktukais arba pasirinktinai su \u201eY\u201c a\u0161menimis arba pan\u010di\u0173 plaktukais. Energi\u0161kai efektyvus dvigubas spiralinis rotorius suma\u017eina energijos suvartojim\u0105, u\u017etikrina vienod\u0105 veikim\u0105 ir u\u017etikrina ilgesn\u012f komponent\u0173 tarnavim\u0105. Jo r\u0117mas pagamintas i\u0161 ypa\u010d stipraus metalo STRENX, u\u017etikrinan\u010dio ilgalaik\u0119, auk\u0161t\u0105 kokyb\u0119 ir ma\u017eesn\u012f ma\u0161inos svor\u012f.\" \/>\n<meta property=\"og:url\" content=\"https:\/\/www.horomechanika.lt\/ru\/product\/mulceris-alpin-hydro\/\" \/>\n<meta property=\"og:site_name\" content=\"Horomechanika\" \/>\n<meta property=\"article:publisher\" content=\"https:\/\/www.facebook.com\/UAB-Horo-mechanika-177091812471952\" \/>\n<meta property=\"article:modified_time\" content=\"2022-12-23T09:31:18+00:00\" \/>\n<meta property=\"og:image\" content=\"https:\/\/www.horomechanika.lt\/wp-content\/uploads\/2020\/10\/20181018_090615-1-scaled.jpg\" \/>\n\t<meta property=\"og:image:width\" content=\"2560\" \/>\n\t<meta property=\"og:image:height\" content=\"1874\" \/>\n\t<meta property=\"og:image:type\" content=\"image\/jpeg\" \/>\n<meta name=\"twitter:card\" content=\"summary_large_image\" \/>\n<script type=\"application\/ld+json\" class=\"yoast-schema-graph\">{\"@context\":\"https:\/\/schema.org\",\"@graph\":[{\"@type\":\"WebPage\",\"@id\":\"https:\/\/www.horomechanika.lt\/product\/mulceris-alpin-hydro\/\",\"url\":\"https:\/\/www.horomechanika.lt\/product\/mulceris-alpin-hydro\/\",\"name\":\"MUL\u010cERIS ALPIN HYDRO | Horomechanika\",\"isPartOf\":{\"@id\":\"https:\/\/www.horomechanika.lt\/#website\"},\"datePublished\":\"2020-10-29T11:53:31+00:00\",\"dateModified\":\"2022-12-23T09:31:18+00:00\",\"breadcrumb\":{\"@id\":\"https:\/\/www.horomechanika.lt\/product\/mulceris-alpin-hydro\/#breadcrumb\"},\"inLanguage\":\"ru-RU\",\"potentialAction\":[{\"@type\":\"ReadAction\",\"target\":[\"https:\/\/www.horomechanika.lt\/product\/mulceris-alpin-hydro\/\"]}]},{\"@type\":\"BreadcrumbList\",\"@id\":\"https:\/\/www.horomechanika.lt\/product\/mulceris-alpin-hydro\/#breadcrumb\",\"itemListElement\":[{\"@type\":\"ListItem\",\"position\":1,\"name\":\"Home\",\"item\":\"https:\/\/www.horomechanika.lt\/\"},{\"@type\":\"ListItem\",\"position\":2,\"name\":\"Shop\",\"item\":\"https:\/\/www.horomechanika.lt\/ru\/shop-2\/\"},{\"@type\":\"ListItem\",\"position\":3,\"name\":\"MUL\u010cERIS ALPIN HYDRO\"}]},{\"@type\":\"WebSite\",\"@id\":\"https:\/\/www.horomechanika.lt\/#website\",\"url\":\"https:\/\/www.horomechanika.lt\/\",\"name\":\"Horomechanika\",\"description\":\"\u017dem\u0117s \u016akio Technika\",\"publisher\":{\"@id\":\"https:\/\/www.horomechanika.lt\/#organization\"},\"potentialAction\":[{\"@type\":\"SearchAction\",\"target\":{\"@type\":\"EntryPoint\",\"urlTemplate\":\"https:\/\/www.horomechanika.lt\/?s={search_term_string}\"},\"query-input\":\"required name=search_term_string\"}],\"inLanguage\":\"ru-RU\"},{\"@type\":\"Organization\",\"@id\":\"https:\/\/www.horomechanika.lt\/#organization\",\"name\":\"UAB \\\"Horo mechanika\\\"\",\"url\":\"https:\/\/www.horomechanika.lt\/\",\"logo\":{\"@type\":\"ImageObject\",\"inLanguage\":\"ru-RU\",\"@id\":\"https:\/\/www.horomechanika.lt\/#\/schema\/logo\/image\/\",\"url\":\"https:\/\/www.horomechanika.lt\/wp-content\/uploads\/2020\/05\/horomechanika-logo.png\",\"contentUrl\":\"https:\/\/www.horomechanika.lt\/wp-content\/uploads\/2020\/05\/horomechanika-logo.png\",\"width\":137,\"height\":56,\"caption\":\"UAB \\\"Horo mechanika\\\"\"},\"image\":{\"@id\":\"https:\/\/www.horomechanika.lt\/#\/schema\/logo\/image\/\"},\"sameAs\":[\"https:\/\/www.facebook.com\/UAB-Horo-mechanika-177091812471952\"]}]}<\/script>\n<!-- \/ Yoast SEO plugin. -->","yoast_head_json":{"title":"MUL\u010cERIS ALPIN HYDRO | Horomechanika","robots":{"index":"index","follow":"follow","max-snippet":"max-snippet:-1","max-image-preview":"max-image-preview:large","max-video-preview":"max-video-preview:-1"},"canonical":"https:\/\/www.horomechanika.lt\/ru\/product\/mulceris-alpin-hydro\/","og_locale":"ru_RU","og_type":"article","og_title":"MUL\u010cERIS ALPIN HYDRO | Horomechanika","og_description":"Hidrauliniu b\u016bdu varoma \u0161ienapjov\u0117 ALPIN HYDRO yra skirta veikti \u017eeldynuose ir \u017eem\u0117s \u016bkio plotuose, soduose ir vynuogynuose. Jo lengvas ir ma\u017eas galios poreikis leid\u017eia efektyviai valdyti vienos a\u0161ies traktorius. \u201eALPIN HYDRO\u201c standarti\u0161kai yra su plaktukais arba pasirinktinai su \u201eY\u201c a\u0161menimis arba pan\u010di\u0173 plaktukais. Energi\u0161kai efektyvus dvigubas spiralinis rotorius suma\u017eina energijos suvartojim\u0105, u\u017etikrina vienod\u0105 veikim\u0105 ir u\u017etikrina ilgesn\u012f komponent\u0173 tarnavim\u0105. Jo r\u0117mas pagamintas i\u0161 ypa\u010d stipraus metalo STRENX, u\u017etikrinan\u010dio ilgalaik\u0119, auk\u0161t\u0105 kokyb\u0119 ir ma\u017eesn\u012f ma\u0161inos svor\u012f.","og_url":"https:\/\/www.horomechanika.lt\/ru\/product\/mulceris-alpin-hydro\/","og_site_name":"Horomechanika","article_publisher":"https:\/\/www.facebook.com\/UAB-Horo-mechanika-177091812471952","article_modified_time":"2022-12-23T09:31:18+00:00","og_image":[{"width":2560,"height":1874,"url":"https:\/\/www.horomechanika.lt\/wp-content\/uploads\/2020\/10\/20181018_090615-1-scaled.jpg","type":"image\/jpeg"}],"twitter_card":"summary_large_image","schema":{"@context":"https:\/\/schema.org","@graph":[{"@type":"WebPage","@id":"https:\/\/www.horomechanika.lt\/product\/mulceris-alpin-hydro\/","url":"https:\/\/www.horomechanika.lt\/product\/mulceris-alpin-hydro\/","name":"MUL\u010cERIS ALPIN HYDRO | Horomechanika","isPartOf":{"@id":"https:\/\/www.horomechanika.lt\/#website"},"datePublished":"2020-10-29T11:53:31+00:00","dateModified":"2022-12-23T09:31:18+00:00","breadcrumb":{"@id":"https:\/\/www.horomechanika.lt\/product\/mulceris-alpin-hydro\/#breadcrumb"},"inLanguage":"ru-RU","potentialAction":[{"@type":"ReadAction","target":["https:\/\/www.horomechanika.lt\/product\/mulceris-alpin-hydro\/"]}]},{"@type":"BreadcrumbList","@id":"https:\/\/www.horomechanika.lt\/product\/mulceris-alpin-hydro\/#breadcrumb","itemListElement":[{"@type":"ListItem","position":1,"name":"Home","item":"https:\/\/www.horomechanika.lt\/"},{"@type":"ListItem","position":2,"name":"Shop","item":"https:\/\/www.horomechanika.lt\/ru\/shop-2\/"},{"@type":"ListItem","position":3,"name":"MUL\u010cERIS ALPIN HYDRO"}]},{"@type":"WebSite","@id":"https:\/\/www.horomechanika.lt\/#website","url":"https:\/\/www.horomechanika.lt\/","name":"Horomechanika","description":"\u017dem\u0117s \u016akio Technika","publisher":{"@id":"https:\/\/www.horomechanika.lt\/#organization"},"potentialAction":[{"@type":"SearchAction","target":{"@type":"EntryPoint","urlTemplate":"https:\/\/www.horomechanika.lt\/?s={search_term_string}"},"query-input":"required name=search_term_string"}],"inLanguage":"ru-RU"},{"@type":"Organization","@id":"https:\/\/www.horomechanika.lt\/#organization","name":"UAB \"Horo mechanika\"","url":"https:\/\/www.horomechanika.lt\/","logo":{"@type":"ImageObject","inLanguage":"ru-RU","@id":"https:\/\/www.horomechanika.lt\/#\/schema\/logo\/image\/","url":"https:\/\/www.horomechanika.lt\/wp-content\/uploads\/2020\/05\/horomechanika-logo.png","contentUrl":"https:\/\/www.horomechanika.lt\/wp-content\/uploads\/2020\/05\/horomechanika-logo.png","width":137,"height":56,"caption":"UAB \"Horo mechanika\""},"image":{"@id":"https:\/\/www.horomechanika.lt\/#\/schema\/logo\/image\/"},"sameAs":["https:\/\/www.facebook.com\/UAB-Horo-mechanika-177091812471952"]}]}},"_links":{"self":[{"href":"https:\/\/www.horomechanika.lt\/ru\/wp-json\/wp\/v2\/product\/11618","targetHints":{"allow":["GET"]}}],"collection":[{"href":"https:\/\/www.horomechanika.lt\/ru\/wp-json\/wp\/v2\/product"}],"about":[{"href":"https:\/\/www.horomechanika.lt\/ru\/wp-json\/wp\/v2\/types\/product"}],"replies":[{"embeddable":true,"href":"https:\/\/www.horomechanika.lt\/ru\/wp-json\/wp\/v2\/comments?post=11618"}],"wp:featuredmedia":[{"embeddable":true,"href":"https:\/\/www.horomechanika.lt\/ru\/wp-json\/wp\/v2\/media\/11626"}],"wp:attachment":[{"href":"https:\/\/www.horomechanika.lt\/ru\/wp-json\/wp\/v2\/media?parent=11618"}],"wp:term":[{"taxonomy":"product_cat","embeddable":true,"href":"https:\/\/www.horomechanika.lt\/ru\/wp-json\/wp\/v2\/product_cat?post=11618"},{"taxonomy":"product_tag","embeddable":true,"href":"https:\/\/www.horomechanika.lt\/ru\/wp-json\/wp\/v2\/product_tag?post=11618"}],"curies":[{"name":"wp","href":"https:\/\/api.w.org\/{rel}","templated":true}]}}