{"id":11627,"date":"2020-10-29T16:22:53","date_gmt":"2020-10-29T13:22:53","guid":{"rendered":"http:\/\/horomechanika.lt\/?post_type=product&#038;p=11627"},"modified":"2022-05-11T09:06:36","modified_gmt":"2022-05-11T06:06:36","slug":"mulceris-mmt","status":"publish","type":"product","link":"https:\/\/www.horomechanika.lt\/ru\/product\/mulceris-mmt\/","title":{"rendered":"MUL\u010cERIS MMT"},"content":{"rendered":"<table width=\"0\">\n<thead>\n<tr>\n<td width=\"60\"><strong>Modelis<\/strong><\/td>\n<td width=\"89\"><strong>KW\/HP<\/strong><\/td>\n<td width=\"91\"><strong>darbinis\/bendras plotis<\/strong><\/td>\n<td width=\"63\"><strong>Aps\/min<\/strong><\/td>\n<td width=\"64\"><strong>Plaktukai<\/strong><\/td>\n<td width=\"64\"><strong>Bunkerio talpa, l<\/strong><\/td>\n<td width=\"62\"><strong>Svoris [kg]<\/strong><\/td>\n<td width=\"62\"><strong>cm<\/strong><\/td>\n<\/tr>\n<tr>\n<td width=\"60\"><strong>105<\/strong><\/td>\n<td width=\"89\"><strong>10-20\/14-27<\/strong><\/td>\n<td width=\"91\"><strong>102\/120<\/strong><\/td>\n<td width=\"63\"><strong>540<\/strong><\/td>\n<td width=\"64\"><strong>14<\/strong><\/td>\n<td width=\"64\"><strong>28<\/strong><\/td>\n<td width=\"62\"><strong>186<\/strong><\/td>\n<td width=\"62\"><strong>3<\/strong><\/td>\n<\/tr>\n<tr>\n<td width=\"60\"><strong>115<\/strong><\/td>\n<td width=\"89\"><strong>13-22\/18-30<\/strong><\/td>\n<td width=\"91\"><strong>116\/134<\/strong><\/td>\n<td width=\"63\"><strong>540<\/strong><\/td>\n<td width=\"64\"><strong>16<\/strong><\/td>\n<td width=\"64\"><strong>32<\/strong><\/td>\n<td width=\"62\"><strong>200<\/strong><\/td>\n<td width=\"62\"><strong>3<\/strong><\/td>\n<\/tr>\n<tr>\n<td width=\"60\"><strong>130<\/strong><\/td>\n<td width=\"89\"><strong>18-27\/25-37<\/strong><\/td>\n<td width=\"91\"><strong>129\/147<\/strong><\/td>\n<td width=\"63\"><strong>540<\/strong><\/td>\n<td width=\"64\"><strong>18<\/strong><\/td>\n<td width=\"64\"><strong>36<\/strong><\/td>\n<td width=\"62\"><strong>213<\/strong><\/td>\n<td width=\"62\"><strong>3<\/strong><\/td>\n<\/tr>\n<tr>\n<td width=\"60\"><strong>150<\/strong><\/td>\n<td width=\"89\"><strong>22-30\/30-40<\/strong><\/td>\n<td width=\"91\"><strong>145\/163<\/strong><\/td>\n<td width=\"63\"><strong>540<\/strong><\/td>\n<td width=\"64\"><strong>20<\/strong><\/td>\n<td width=\"64\"><strong>40<\/strong><\/td>\n<td width=\"62\"><strong>237<\/strong><\/td>\n<td width=\"62\"><strong>3<\/strong><\/td>\n<\/tr>\n<\/thead>\n<\/table>\n<p>&nbsp;<\/p>\n<p><iframe loading=\"lazy\" title=\"Flail mower INO Bre\u017eice MMT\" width=\"895\" height=\"503\" src=\"https:\/\/www.youtube.com\/embed\/dTO7g8eR0_I?feature=oembed\" frameborder=\"0\" allow=\"accelerometer; autoplay; clipboard-write; encrypted-media; gyroscope; picture-in-picture\" allowfullscreen><\/iframe><\/p>","protected":false},"excerpt":{"rendered":"<p>MMT ypa\u010d tinka pjauti \u017eol\u0119 visuose \u017ealiuose plotuose, dar\u017euose ir vynuogynuose bei pjauti pas\u0117li\u0173 liku\u010dius. Jis skirtas pjauti med\u017eiag\u0105 iki 3 cm ma\u017euose \u017eem\u0117s \u016bkio plotuose. Jo lengvas svoris ir ma\u017eas energijos poreikis rei\u0161kia, kad jis geriausiai tinka ma\u017eiems traktoriams. Energi\u0161kai efektyvus dvigubas spiralinis rotorius suma\u017eina energijos suvartojim\u0105, u\u017etikrina vienod\u0105 veikim\u0105 ir u\u017etikrina ilgesn\u012f komponent\u0173 tarnavim\u0105.<\/p>\n<p>Papildoma \u012franga<br \/>\nMontuojamas priekyje<br \/>\nGrandiklis<br \/>\nY a\u0161menys<br \/>\nDaugiafunkcis pan\u010di\u0173 montuojamas plaktukas<br \/>\nP. T. O. velenas<br \/>\nINO vibracijos valdymas<\/p>","protected":false},"featured_media":11630,"comment_status":"open","ping_status":"closed","template":"","meta":[],"product_cat":[150,152,167],"product_tag":[],"class_list":["post-11627","product","type-product","status-publish","has-post-thumbnail","hentry","product_cat-mulceriai","product_cat-sodiniai-mulceriai","product_cat-gyvatvoriu-krumynu-prieziuros-technika"],"yoast_head":"<!-- This site is optimized with the Yoast SEO plugin v20.1 - https:\/\/yoast.com\/wordpress\/plugins\/seo\/ -->\n<title>MUL\u010cERIS MMT | Horomechanika<\/title>\n<meta name=\"robots\" content=\"index, follow, max-snippet:-1, max-image-preview:large, max-video-preview:-1\" \/>\n<link rel=\"canonical\" href=\"https:\/\/www.horomechanika.lt\/ru\/product\/mulceris-mmt\/\" \/>\n<meta property=\"og:locale\" content=\"ru_RU\" \/>\n<meta property=\"og:type\" content=\"article\" \/>\n<meta property=\"og:title\" content=\"MUL\u010cERIS MMT | Horomechanika\" \/>\n<meta property=\"og:description\" content=\"MMT ypa\u010d tinka pjauti \u017eol\u0119 visuose \u017ealiuose plotuose, dar\u017euose ir vynuogynuose bei pjauti pas\u0117li\u0173 liku\u010dius. Jis skirtas pjauti med\u017eiag\u0105 iki 3 cm ma\u017euose \u017eem\u0117s \u016bkio plotuose. Jo lengvas svoris ir ma\u017eas energijos poreikis rei\u0161kia, kad jis geriausiai tinka ma\u017eiems traktoriams. Energi\u0161kai efektyvus dvigubas spiralinis rotorius suma\u017eina energijos suvartojim\u0105, u\u017etikrina vienod\u0105 veikim\u0105 ir u\u017etikrina ilgesn\u012f komponent\u0173 tarnavim\u0105.  Papildoma \u012franga Montuojamas priekyje Grandiklis Y a\u0161menys Daugiafunkcis pan\u010di\u0173 montuojamas plaktukas P. T. O. velenas INO vibracijos valdymas\" \/>\n<meta property=\"og:url\" content=\"https:\/\/www.horomechanika.lt\/ru\/product\/mulceris-mmt\/\" \/>\n<meta property=\"og:site_name\" content=\"Horomechanika\" \/>\n<meta property=\"article:publisher\" content=\"https:\/\/www.facebook.com\/UAB-Horo-mechanika-177091812471952\" \/>\n<meta property=\"article:modified_time\" content=\"2022-05-11T06:06:36+00:00\" \/>\n<meta property=\"og:image\" content=\"https:\/\/www.horomechanika.lt\/wp-content\/uploads\/2020\/10\/MMT-2014-4-1024x850.png\" \/>\n\t<meta property=\"og:image:width\" content=\"1024\" \/>\n\t<meta property=\"og:image:height\" content=\"850\" \/>\n\t<meta property=\"og:image:type\" content=\"image\/png\" \/>\n<meta name=\"twitter:card\" content=\"summary_large_image\" \/>\n<script type=\"application\/ld+json\" class=\"yoast-schema-graph\">{\"@context\":\"https:\/\/schema.org\",\"@graph\":[{\"@type\":\"WebPage\",\"@id\":\"https:\/\/www.horomechanika.lt\/ru\/product\/mulceris-mmt\/\",\"url\":\"https:\/\/www.horomechanika.lt\/ru\/product\/mulceris-mmt\/\",\"name\":\"MUL\u010cERIS MMT | Horomechanika\",\"isPartOf\":{\"@id\":\"https:\/\/www.horomechanika.lt\/#website\"},\"datePublished\":\"2020-10-29T13:22:53+00:00\",\"dateModified\":\"2022-05-11T06:06:36+00:00\",\"breadcrumb\":{\"@id\":\"https:\/\/www.horomechanika.lt\/ru\/product\/mulceris-mmt\/#breadcrumb\"},\"inLanguage\":\"ru-RU\",\"potentialAction\":[{\"@type\":\"ReadAction\",\"target\":[\"https:\/\/www.horomechanika.lt\/ru\/product\/mulceris-mmt\/\"]}]},{\"@type\":\"BreadcrumbList\",\"@id\":\"https:\/\/www.horomechanika.lt\/ru\/product\/mulceris-mmt\/#breadcrumb\",\"itemListElement\":[{\"@type\":\"ListItem\",\"position\":1,\"name\":\"Home\",\"item\":\"https:\/\/www.horomechanika.lt\/\"},{\"@type\":\"ListItem\",\"position\":2,\"name\":\"Shop\",\"item\":\"https:\/\/www.horomechanika.lt\/ru\/shop-2\/\"},{\"@type\":\"ListItem\",\"position\":3,\"name\":\"MUL\u010cERIS MMT\"}]},{\"@type\":\"WebSite\",\"@id\":\"https:\/\/www.horomechanika.lt\/#website\",\"url\":\"https:\/\/www.horomechanika.lt\/\",\"name\":\"Horomechanika\",\"description\":\"\u017dem\u0117s \u016akio Technika\",\"publisher\":{\"@id\":\"https:\/\/www.horomechanika.lt\/#organization\"},\"potentialAction\":[{\"@type\":\"SearchAction\",\"target\":{\"@type\":\"EntryPoint\",\"urlTemplate\":\"https:\/\/www.horomechanika.lt\/?s={search_term_string}\"},\"query-input\":\"required name=search_term_string\"}],\"inLanguage\":\"ru-RU\"},{\"@type\":\"Organization\",\"@id\":\"https:\/\/www.horomechanika.lt\/#organization\",\"name\":\"UAB \\\"Horo mechanika\\\"\",\"url\":\"https:\/\/www.horomechanika.lt\/\",\"logo\":{\"@type\":\"ImageObject\",\"inLanguage\":\"ru-RU\",\"@id\":\"https:\/\/www.horomechanika.lt\/#\/schema\/logo\/image\/\",\"url\":\"https:\/\/www.horomechanika.lt\/wp-content\/uploads\/2020\/05\/horomechanika-logo.png\",\"contentUrl\":\"https:\/\/www.horomechanika.lt\/wp-content\/uploads\/2020\/05\/horomechanika-logo.png\",\"width\":137,\"height\":56,\"caption\":\"UAB \\\"Horo mechanika\\\"\"},\"image\":{\"@id\":\"https:\/\/www.horomechanika.lt\/#\/schema\/logo\/image\/\"},\"sameAs\":[\"https:\/\/www.facebook.com\/UAB-Horo-mechanika-177091812471952\"]}]}<\/script>\n<!-- \/ Yoast SEO plugin. -->","yoast_head_json":{"title":"MUL\u010cERIS MMT | Horomechanika","robots":{"index":"index","follow":"follow","max-snippet":"max-snippet:-1","max-image-preview":"max-image-preview:large","max-video-preview":"max-video-preview:-1"},"canonical":"https:\/\/www.horomechanika.lt\/ru\/product\/mulceris-mmt\/","og_locale":"ru_RU","og_type":"article","og_title":"MUL\u010cERIS MMT | Horomechanika","og_description":"MMT ypa\u010d tinka pjauti \u017eol\u0119 visuose \u017ealiuose plotuose, dar\u017euose ir vynuogynuose bei pjauti pas\u0117li\u0173 liku\u010dius. Jis skirtas pjauti med\u017eiag\u0105 iki 3 cm ma\u017euose \u017eem\u0117s \u016bkio plotuose. Jo lengvas svoris ir ma\u017eas energijos poreikis rei\u0161kia, kad jis geriausiai tinka ma\u017eiems traktoriams. Energi\u0161kai efektyvus dvigubas spiralinis rotorius suma\u017eina energijos suvartojim\u0105, u\u017etikrina vienod\u0105 veikim\u0105 ir u\u017etikrina ilgesn\u012f komponent\u0173 tarnavim\u0105.  Papildoma \u012franga Montuojamas priekyje Grandiklis Y a\u0161menys Daugiafunkcis pan\u010di\u0173 montuojamas plaktukas P. T. O. velenas INO vibracijos valdymas","og_url":"https:\/\/www.horomechanika.lt\/ru\/product\/mulceris-mmt\/","og_site_name":"Horomechanika","article_publisher":"https:\/\/www.facebook.com\/UAB-Horo-mechanika-177091812471952","article_modified_time":"2022-05-11T06:06:36+00:00","og_image":[{"width":1024,"height":850,"url":"https:\/\/www.horomechanika.lt\/wp-content\/uploads\/2020\/10\/MMT-2014-4-1024x850.png","type":"image\/png"}],"twitter_card":"summary_large_image","schema":{"@context":"https:\/\/schema.org","@graph":[{"@type":"WebPage","@id":"https:\/\/www.horomechanika.lt\/ru\/product\/mulceris-mmt\/","url":"https:\/\/www.horomechanika.lt\/ru\/product\/mulceris-mmt\/","name":"MUL\u010cERIS MMT | Horomechanika","isPartOf":{"@id":"https:\/\/www.horomechanika.lt\/#website"},"datePublished":"2020-10-29T13:22:53+00:00","dateModified":"2022-05-11T06:06:36+00:00","breadcrumb":{"@id":"https:\/\/www.horomechanika.lt\/ru\/product\/mulceris-mmt\/#breadcrumb"},"inLanguage":"ru-RU","potentialAction":[{"@type":"ReadAction","target":["https:\/\/www.horomechanika.lt\/ru\/product\/mulceris-mmt\/"]}]},{"@type":"BreadcrumbList","@id":"https:\/\/www.horomechanika.lt\/ru\/product\/mulceris-mmt\/#breadcrumb","itemListElement":[{"@type":"ListItem","position":1,"name":"Home","item":"https:\/\/www.horomechanika.lt\/"},{"@type":"ListItem","position":2,"name":"Shop","item":"https:\/\/www.horomechanika.lt\/ru\/shop-2\/"},{"@type":"ListItem","position":3,"name":"MUL\u010cERIS MMT"}]},{"@type":"WebSite","@id":"https:\/\/www.horomechanika.lt\/#website","url":"https:\/\/www.horomechanika.lt\/","name":"Horomechanika","description":"\u017dem\u0117s \u016akio Technika","publisher":{"@id":"https:\/\/www.horomechanika.lt\/#organization"},"potentialAction":[{"@type":"SearchAction","target":{"@type":"EntryPoint","urlTemplate":"https:\/\/www.horomechanika.lt\/?s={search_term_string}"},"query-input":"required name=search_term_string"}],"inLanguage":"ru-RU"},{"@type":"Organization","@id":"https:\/\/www.horomechanika.lt\/#organization","name":"UAB \"Horo mechanika\"","url":"https:\/\/www.horomechanika.lt\/","logo":{"@type":"ImageObject","inLanguage":"ru-RU","@id":"https:\/\/www.horomechanika.lt\/#\/schema\/logo\/image\/","url":"https:\/\/www.horomechanika.lt\/wp-content\/uploads\/2020\/05\/horomechanika-logo.png","contentUrl":"https:\/\/www.horomechanika.lt\/wp-content\/uploads\/2020\/05\/horomechanika-logo.png","width":137,"height":56,"caption":"UAB \"Horo mechanika\""},"image":{"@id":"https:\/\/www.horomechanika.lt\/#\/schema\/logo\/image\/"},"sameAs":["https:\/\/www.facebook.com\/UAB-Horo-mechanika-177091812471952"]}]}},"_links":{"self":[{"href":"https:\/\/www.horomechanika.lt\/ru\/wp-json\/wp\/v2\/product\/11627","targetHints":{"allow":["GET"]}}],"collection":[{"href":"https:\/\/www.horomechanika.lt\/ru\/wp-json\/wp\/v2\/product"}],"about":[{"href":"https:\/\/www.horomechanika.lt\/ru\/wp-json\/wp\/v2\/types\/product"}],"replies":[{"embeddable":true,"href":"https:\/\/www.horomechanika.lt\/ru\/wp-json\/wp\/v2\/comments?post=11627"}],"wp:featuredmedia":[{"embeddable":true,"href":"https:\/\/www.horomechanika.lt\/ru\/wp-json\/wp\/v2\/media\/11630"}],"wp:attachment":[{"href":"https:\/\/www.horomechanika.lt\/ru\/wp-json\/wp\/v2\/media?parent=11627"}],"wp:term":[{"taxonomy":"product_cat","embeddable":true,"href":"https:\/\/www.horomechanika.lt\/ru\/wp-json\/wp\/v2\/product_cat?post=11627"},{"taxonomy":"product_tag","embeddable":true,"href":"https:\/\/www.horomechanika.lt\/ru\/wp-json\/wp\/v2\/product_tag?post=11627"}],"curies":[{"name":"wp","href":"https:\/\/api.w.org\/{rel}","templated":true}]}}