{"id":11636,"date":"2020-10-29T16:38:03","date_gmt":"2020-10-29T13:38:03","guid":{"rendered":"http:\/\/horomechanika.lt\/?post_type=product&#038;p=11636"},"modified":"2022-05-11T09:08:15","modified_gmt":"2022-05-11T06:08:15","slug":"mulceris-elite-l","status":"publish","type":"product","link":"https:\/\/www.horomechanika.lt\/ru\/product\/mulceris-elite-l\/","title":{"rendered":"MUL\u010cERIS ELITE L"},"content":{"rendered":"<table width=\"0\">\n<thead>\n<tr>\n<td width=\"58\"><strong>Modelis<\/strong><\/td>\n<td width=\"83\"><strong>KW\/HP<\/strong><\/td>\n<td width=\"88\"><strong>darbnis\/bendras plotis<\/strong><\/td>\n<td width=\"81\"><strong>aps\/min<\/strong><\/td>\n<td width=\"61\"><strong>Y-Peiliai<\/strong><\/td>\n<td width=\"64\"><strong>Plaktukai<\/strong><\/td>\n<td width=\"60\"><strong>Svoris [kg]<\/strong><\/td>\n<td width=\"60\"><strong>cm<\/strong><\/td>\n<\/tr>\n<\/thead>\n<tbody>\n<tr>\n<td>115<\/td>\n<td>19-25\/25-35<\/td>\n<td>117\/133<\/td>\n<td>540 (*1000)<\/td>\n<td>28<\/td>\n<td>14<\/td>\n<td>325<\/td>\n<td>3-5<\/td>\n<\/tr>\n<tr>\n<td>130<\/td>\n<td>23-30\/30-40<\/td>\n<td>132\/148<\/td>\n<td>540 (*1000)<\/td>\n<td>32<\/td>\n<td>16<\/td>\n<td>334<\/td>\n<td>3-5<\/td>\n<\/tr>\n<tr>\n<td>160<\/td>\n<td>27-35\/35-48<\/td>\n<td>162\/178<\/td>\n<td>540 (*1000)<\/td>\n<td>40<\/td>\n<td>20<\/td>\n<td>405<\/td>\n<td>3-5<\/td>\n<\/tr>\n<tr>\n<td>190<\/td>\n<td>34-45\/45-60<\/td>\n<td>192\/212<\/td>\n<td>540 (*1000)<\/td>\n<td>48<\/td>\n<td>24<\/td>\n<td>451<\/td>\n<td>3-5<\/td>\n<\/tr>\n<\/tbody>\n<\/table>\n<p>&nbsp;<\/p>\n<p><iframe loading=\"lazy\" title=\"Flail mower INO Bre\u017eice ELITE L mulching branches\" width=\"895\" height=\"503\" src=\"https:\/\/www.youtube.com\/embed\/0C3d01wWJtQ?feature=oembed\" frameborder=\"0\" allow=\"accelerometer; autoplay; clipboard-write; encrypted-media; gyroscope; picture-in-picture\" allowfullscreen><\/iframe><\/p>","protected":false},"excerpt":{"rendered":"<p>\u0160ienapjov\u0117 ELITE L gali b\u016bti naudojama visuose ma\u017eesniuose \u017eeldynuose ir \u017eem\u0117s \u016bkio plotuose pjaunant \u017eol\u0119, pas\u0117li\u0173 liku\u010dius, mul\u010diuojant sod\u0173 ir vynuogyn\u0173 gen\u0117jimus. Jo konstrukcija yra tvirta, skirta intensyviam naudojimui ir smulkiam pjovimui, pjaunant med\u017eiag\u0105 iki 5 cm, tinka ma\u017eesniems traktoriams. Efektyvus dvigubas spiralinis rotorius suma\u017eina energijos suvartojim\u0105, u\u017etikrina vienod\u0105 veikim\u0105 ir u\u017etikrina ilgalaik\u012f komponent\u0173 tarnavim\u0105.<\/p>\n<p>&nbsp;<\/p>\n<p>\u0160veitimo letena &#8211; puikiai tinka augmenijos liekan\u0173 pa\u0161alinimui ar kontrolei, jos dydis yra 160 ir 190<\/p>\n<p>Naikina nepageidaujamus kr\u016bmynus nuo ne\u017einom\u0173 kli\u016b\u010di\u0173, \u0161akn\u0173 ir vis\u0173 (priklausomai nuo dirvo\u017eemio tipo)<\/p>\n<p><strong>Standartin\u0117 komplektacija <\/strong><\/p>\n<ul>\n<li>Dvigubas spiralinis rotorius su 45 \u00b0 darbini\u0173 a\u0161men\u0173 paskirstymu<\/li>\n<li>Pavar\u0173 d\u0117\u017e\u0117 540 (* 1000) aps.\/min. Su laisva rat\u0173 sankaba<\/li>\n<li>3 ta\u0161k\u0173 jungtis I ir II kat.<\/li>\n<li>Mechaninis poslinkis<\/li>\n<li>Pava\u017eos<\/li>\n<li>Metalin\u0117s plok\u0161tel\u0117s apsaugai<\/li>\n<li>Reguliuojamas galinis volas<\/li>\n<li>Plaukiojanti pad\u0117tis<\/li>\n<li>Kaltiniai ir sukietinti novatori\u0161ki INO plaktukai<\/li>\n<li>Dir\u017eo skydas su \u012ftempimo reguliavimu<\/li>\n<\/ul>\n<p>&nbsp;<\/p>\n<p><strong>Papildomai<\/strong><\/p>\n<ul>\n<li>Hidraulinis poslinkis<\/li>\n<li>BDR arba BD arba BDL \u0161oninis montuojamas rotacinis pjovimo garegatas<\/li>\n<li>Kombi montuojami priekyje ir gale<\/li>\n<li>Darbiniai peiliai: Y-tipo<\/li>\n<li>Ratai vietoj galinio volo<\/li>\n<li>Dvigubas dangtis, kei\u010diamas<\/li>\n<li>HARDOX kei\u010diamos \u0161onin\u0117s pava\u017eos<\/li>\n<li>Kardaninis velenas<\/li>\n<li>HERBI 100 tarpinis purk\u0161tuvas (viena pus\u0117, dvi pus\u0117s)<\/li>\n<li>\u201eINO Vibration Control Opti\u201c (vibracijos kontrol\u0117s sistema internete)<\/li>\n<li>Buferis &#8211; dir\u017e\u0173 apsauga<\/li>\n<\/ul>","protected":false},"featured_media":11638,"comment_status":"open","ping_status":"closed","template":"","meta":[],"product_cat":[150,152,167],"product_tag":[],"class_list":["post-11636","product","type-product","status-publish","has-post-thumbnail","hentry","product_cat-mulceriai","product_cat-sodiniai-mulceriai","product_cat-gyvatvoriu-krumynu-prieziuros-technika"],"yoast_head":"<!-- This site is optimized with the Yoast SEO plugin v20.1 - https:\/\/yoast.com\/wordpress\/plugins\/seo\/ -->\n<title>MUL\u010cERIS ELITE L | Horomechanika<\/title>\n<meta name=\"robots\" content=\"index, follow, max-snippet:-1, max-image-preview:large, max-video-preview:-1\" \/>\n<link rel=\"canonical\" href=\"https:\/\/www.horomechanika.lt\/ru\/product\/mulceris-elite-l\/\" \/>\n<meta property=\"og:locale\" content=\"ru_RU\" \/>\n<meta property=\"og:type\" content=\"article\" \/>\n<meta property=\"og:title\" content=\"MUL\u010cERIS ELITE L | Horomechanika\" \/>\n<meta property=\"og:description\" content=\"\u0160ienapjov\u0117 ELITE L gali b\u016bti naudojama visuose ma\u017eesniuose \u017eeldynuose ir \u017eem\u0117s \u016bkio plotuose pjaunant \u017eol\u0119, pas\u0117li\u0173 liku\u010dius, mul\u010diuojant sod\u0173 ir vynuogyn\u0173 gen\u0117jimus. Jo konstrukcija yra tvirta, skirta intensyviam naudojimui ir smulkiam pjovimui, pjaunant med\u017eiag\u0105 iki 5 cm, tinka ma\u017eesniems traktoriams. Efektyvus dvigubas spiralinis rotorius suma\u017eina energijos suvartojim\u0105, u\u017etikrina vienod\u0105 veikim\u0105 ir u\u017etikrina ilgalaik\u012f komponent\u0173 tarnavim\u0105.  &nbsp;  \u0160veitimo letena - puikiai tinka augmenijos liekan\u0173 pa\u0161alinimui ar kontrolei, jos dydis yra 160 ir 190  Naikina nepageidaujamus kr\u016bmynus nuo ne\u017einom\u0173 kli\u016b\u010di\u0173, \u0161akn\u0173 ir vis\u0173 (priklausomai nuo dirvo\u017eemio tipo)   Standartin\u0117 komplektacija    Dvigubas spiralinis rotorius su 45 \u00b0 darbini\u0173 a\u0161men\u0173 paskirstymu  Pavar\u0173 d\u0117\u017e\u0117 540 (* 1000) aps.\/min. Su laisva rat\u0173 sankaba  3 ta\u0161k\u0173 jungtis I ir II kat.  Mechaninis poslinkis  Pava\u017eos  Metalin\u0117s plok\u0161tel\u0117s apsaugai  Reguliuojamas galinis volas  Plaukiojanti pad\u0117tis  Kaltiniai ir sukietinti novatori\u0161ki INO plaktukai  Dir\u017eo skydas su \u012ftempimo reguliavimu  &nbsp;  Papildomai   Hidraulinis poslinkis  BDR arba BD arba BDL \u0161oninis montuojamas rotacinis pjovimo garegatas  Kombi montuojami priekyje ir gale  Darbiniai peiliai: Y-tipo  Ratai vietoj galinio volo  Dvigubas dangtis, kei\u010diamas  HARDOX kei\u010diamos \u0161onin\u0117s pava\u017eos  Kardaninis velenas  HERBI 100 tarpinis purk\u0161tuvas (viena pus\u0117, dvi pus\u0117s)  \u201eINO Vibration Control Opti\u201c (vibracijos kontrol\u0117s sistema internete)  Buferis - dir\u017e\u0173 apsauga\" \/>\n<meta property=\"og:url\" content=\"https:\/\/www.horomechanika.lt\/ru\/product\/mulceris-elite-l\/\" \/>\n<meta property=\"og:site_name\" content=\"Horomechanika\" \/>\n<meta property=\"article:publisher\" content=\"https:\/\/www.facebook.com\/UAB-Horo-mechanika-177091812471952\" \/>\n<meta property=\"article:modified_time\" content=\"2022-05-11T06:08:15+00:00\" \/>\n<meta property=\"og:image\" content=\"https:\/\/www.horomechanika.lt\/wp-content\/uploads\/2020\/10\/Elite-L-1-1024x867.png\" \/>\n\t<meta property=\"og:image:width\" content=\"1024\" \/>\n\t<meta property=\"og:image:height\" content=\"867\" \/>\n\t<meta property=\"og:image:type\" content=\"image\/png\" \/>\n<meta name=\"twitter:card\" content=\"summary_large_image\" \/>\n<script type=\"application\/ld+json\" class=\"yoast-schema-graph\">{\"@context\":\"https:\/\/schema.org\",\"@graph\":[{\"@type\":\"WebPage\",\"@id\":\"https:\/\/www.horomechanika.lt\/ru\/product\/mulceris-elite-l\/\",\"url\":\"https:\/\/www.horomechanika.lt\/ru\/product\/mulceris-elite-l\/\",\"name\":\"MUL\u010cERIS ELITE L | Horomechanika\",\"isPartOf\":{\"@id\":\"https:\/\/www.horomechanika.lt\/#website\"},\"datePublished\":\"2020-10-29T13:38:03+00:00\",\"dateModified\":\"2022-05-11T06:08:15+00:00\",\"breadcrumb\":{\"@id\":\"https:\/\/www.horomechanika.lt\/ru\/product\/mulceris-elite-l\/#breadcrumb\"},\"inLanguage\":\"ru-RU\",\"potentialAction\":[{\"@type\":\"ReadAction\",\"target\":[\"https:\/\/www.horomechanika.lt\/ru\/product\/mulceris-elite-l\/\"]}]},{\"@type\":\"BreadcrumbList\",\"@id\":\"https:\/\/www.horomechanika.lt\/ru\/product\/mulceris-elite-l\/#breadcrumb\",\"itemListElement\":[{\"@type\":\"ListItem\",\"position\":1,\"name\":\"Home\",\"item\":\"https:\/\/www.horomechanika.lt\/\"},{\"@type\":\"ListItem\",\"position\":2,\"name\":\"Shop\",\"item\":\"https:\/\/www.horomechanika.lt\/ru\/shop-2\/\"},{\"@type\":\"ListItem\",\"position\":3,\"name\":\"MUL\u010cERIS ELITE L\"}]},{\"@type\":\"WebSite\",\"@id\":\"https:\/\/www.horomechanika.lt\/#website\",\"url\":\"https:\/\/www.horomechanika.lt\/\",\"name\":\"Horomechanika\",\"description\":\"\u017dem\u0117s \u016akio Technika\",\"publisher\":{\"@id\":\"https:\/\/www.horomechanika.lt\/#organization\"},\"potentialAction\":[{\"@type\":\"SearchAction\",\"target\":{\"@type\":\"EntryPoint\",\"urlTemplate\":\"https:\/\/www.horomechanika.lt\/?s={search_term_string}\"},\"query-input\":\"required name=search_term_string\"}],\"inLanguage\":\"ru-RU\"},{\"@type\":\"Organization\",\"@id\":\"https:\/\/www.horomechanika.lt\/#organization\",\"name\":\"UAB \\\"Horo mechanika\\\"\",\"url\":\"https:\/\/www.horomechanika.lt\/\",\"logo\":{\"@type\":\"ImageObject\",\"inLanguage\":\"ru-RU\",\"@id\":\"https:\/\/www.horomechanika.lt\/#\/schema\/logo\/image\/\",\"url\":\"https:\/\/www.horomechanika.lt\/wp-content\/uploads\/2020\/05\/horomechanika-logo.png\",\"contentUrl\":\"https:\/\/www.horomechanika.lt\/wp-content\/uploads\/2020\/05\/horomechanika-logo.png\",\"width\":137,\"height\":56,\"caption\":\"UAB \\\"Horo mechanika\\\"\"},\"image\":{\"@id\":\"https:\/\/www.horomechanika.lt\/#\/schema\/logo\/image\/\"},\"sameAs\":[\"https:\/\/www.facebook.com\/UAB-Horo-mechanika-177091812471952\"]}]}<\/script>\n<!-- \/ Yoast SEO plugin. -->","yoast_head_json":{"title":"MUL\u010cERIS ELITE L | Horomechanika","robots":{"index":"index","follow":"follow","max-snippet":"max-snippet:-1","max-image-preview":"max-image-preview:large","max-video-preview":"max-video-preview:-1"},"canonical":"https:\/\/www.horomechanika.lt\/ru\/product\/mulceris-elite-l\/","og_locale":"ru_RU","og_type":"article","og_title":"MUL\u010cERIS ELITE L | Horomechanika","og_description":"\u0160ienapjov\u0117 ELITE L gali b\u016bti naudojama visuose ma\u017eesniuose \u017eeldynuose ir \u017eem\u0117s \u016bkio plotuose pjaunant \u017eol\u0119, pas\u0117li\u0173 liku\u010dius, mul\u010diuojant sod\u0173 ir vynuogyn\u0173 gen\u0117jimus. Jo konstrukcija yra tvirta, skirta intensyviam naudojimui ir smulkiam pjovimui, pjaunant med\u017eiag\u0105 iki 5 cm, tinka ma\u017eesniems traktoriams. Efektyvus dvigubas spiralinis rotorius suma\u017eina energijos suvartojim\u0105, u\u017etikrina vienod\u0105 veikim\u0105 ir u\u017etikrina ilgalaik\u012f komponent\u0173 tarnavim\u0105.  &nbsp;  \u0160veitimo letena - puikiai tinka augmenijos liekan\u0173 pa\u0161alinimui ar kontrolei, jos dydis yra 160 ir 190  Naikina nepageidaujamus kr\u016bmynus nuo ne\u017einom\u0173 kli\u016b\u010di\u0173, \u0161akn\u0173 ir vis\u0173 (priklausomai nuo dirvo\u017eemio tipo)   Standartin\u0117 komplektacija    Dvigubas spiralinis rotorius su 45 \u00b0 darbini\u0173 a\u0161men\u0173 paskirstymu  Pavar\u0173 d\u0117\u017e\u0117 540 (* 1000) aps.\/min. Su laisva rat\u0173 sankaba  3 ta\u0161k\u0173 jungtis I ir II kat.  Mechaninis poslinkis  Pava\u017eos  Metalin\u0117s plok\u0161tel\u0117s apsaugai  Reguliuojamas galinis volas  Plaukiojanti pad\u0117tis  Kaltiniai ir sukietinti novatori\u0161ki INO plaktukai  Dir\u017eo skydas su \u012ftempimo reguliavimu  &nbsp;  Papildomai   Hidraulinis poslinkis  BDR arba BD arba BDL \u0161oninis montuojamas rotacinis pjovimo garegatas  Kombi montuojami priekyje ir gale  Darbiniai peiliai: Y-tipo  Ratai vietoj galinio volo  Dvigubas dangtis, kei\u010diamas  HARDOX kei\u010diamos \u0161onin\u0117s pava\u017eos  Kardaninis velenas  HERBI 100 tarpinis purk\u0161tuvas (viena pus\u0117, dvi pus\u0117s)  \u201eINO Vibration Control Opti\u201c (vibracijos kontrol\u0117s sistema internete)  Buferis - dir\u017e\u0173 apsauga","og_url":"https:\/\/www.horomechanika.lt\/ru\/product\/mulceris-elite-l\/","og_site_name":"Horomechanika","article_publisher":"https:\/\/www.facebook.com\/UAB-Horo-mechanika-177091812471952","article_modified_time":"2022-05-11T06:08:15+00:00","og_image":[{"width":1024,"height":867,"url":"https:\/\/www.horomechanika.lt\/wp-content\/uploads\/2020\/10\/Elite-L-1-1024x867.png","type":"image\/png"}],"twitter_card":"summary_large_image","schema":{"@context":"https:\/\/schema.org","@graph":[{"@type":"WebPage","@id":"https:\/\/www.horomechanika.lt\/ru\/product\/mulceris-elite-l\/","url":"https:\/\/www.horomechanika.lt\/ru\/product\/mulceris-elite-l\/","name":"MUL\u010cERIS ELITE L | Horomechanika","isPartOf":{"@id":"https:\/\/www.horomechanika.lt\/#website"},"datePublished":"2020-10-29T13:38:03+00:00","dateModified":"2022-05-11T06:08:15+00:00","breadcrumb":{"@id":"https:\/\/www.horomechanika.lt\/ru\/product\/mulceris-elite-l\/#breadcrumb"},"inLanguage":"ru-RU","potentialAction":[{"@type":"ReadAction","target":["https:\/\/www.horomechanika.lt\/ru\/product\/mulceris-elite-l\/"]}]},{"@type":"BreadcrumbList","@id":"https:\/\/www.horomechanika.lt\/ru\/product\/mulceris-elite-l\/#breadcrumb","itemListElement":[{"@type":"ListItem","position":1,"name":"Home","item":"https:\/\/www.horomechanika.lt\/"},{"@type":"ListItem","position":2,"name":"Shop","item":"https:\/\/www.horomechanika.lt\/ru\/shop-2\/"},{"@type":"ListItem","position":3,"name":"MUL\u010cERIS ELITE L"}]},{"@type":"WebSite","@id":"https:\/\/www.horomechanika.lt\/#website","url":"https:\/\/www.horomechanika.lt\/","name":"Horomechanika","description":"\u017dem\u0117s \u016akio Technika","publisher":{"@id":"https:\/\/www.horomechanika.lt\/#organization"},"potentialAction":[{"@type":"SearchAction","target":{"@type":"EntryPoint","urlTemplate":"https:\/\/www.horomechanika.lt\/?s={search_term_string}"},"query-input":"required name=search_term_string"}],"inLanguage":"ru-RU"},{"@type":"Organization","@id":"https:\/\/www.horomechanika.lt\/#organization","name":"UAB \"Horo mechanika\"","url":"https:\/\/www.horomechanika.lt\/","logo":{"@type":"ImageObject","inLanguage":"ru-RU","@id":"https:\/\/www.horomechanika.lt\/#\/schema\/logo\/image\/","url":"https:\/\/www.horomechanika.lt\/wp-content\/uploads\/2020\/05\/horomechanika-logo.png","contentUrl":"https:\/\/www.horomechanika.lt\/wp-content\/uploads\/2020\/05\/horomechanika-logo.png","width":137,"height":56,"caption":"UAB \"Horo mechanika\""},"image":{"@id":"https:\/\/www.horomechanika.lt\/#\/schema\/logo\/image\/"},"sameAs":["https:\/\/www.facebook.com\/UAB-Horo-mechanika-177091812471952"]}]}},"_links":{"self":[{"href":"https:\/\/www.horomechanika.lt\/ru\/wp-json\/wp\/v2\/product\/11636","targetHints":{"allow":["GET"]}}],"collection":[{"href":"https:\/\/www.horomechanika.lt\/ru\/wp-json\/wp\/v2\/product"}],"about":[{"href":"https:\/\/www.horomechanika.lt\/ru\/wp-json\/wp\/v2\/types\/product"}],"replies":[{"embeddable":true,"href":"https:\/\/www.horomechanika.lt\/ru\/wp-json\/wp\/v2\/comments?post=11636"}],"wp:featuredmedia":[{"embeddable":true,"href":"https:\/\/www.horomechanika.lt\/ru\/wp-json\/wp\/v2\/media\/11638"}],"wp:attachment":[{"href":"https:\/\/www.horomechanika.lt\/ru\/wp-json\/wp\/v2\/media?parent=11636"}],"wp:term":[{"taxonomy":"product_cat","embeddable":true,"href":"https:\/\/www.horomechanika.lt\/ru\/wp-json\/wp\/v2\/product_cat?post=11636"},{"taxonomy":"product_tag","embeddable":true,"href":"https:\/\/www.horomechanika.lt\/ru\/wp-json\/wp\/v2\/product_tag?post=11636"}],"curies":[{"name":"wp","href":"https:\/\/api.w.org\/{rel}","templated":true}]}}