{"id":11646,"date":"2020-10-29T16:44:30","date_gmt":"2020-10-29T13:44:30","guid":{"rendered":"http:\/\/horomechanika.lt\/?post_type=product&#038;p=11646"},"modified":"2022-05-11T09:09:50","modified_gmt":"2022-05-11T06:09:50","slug":"mulceris-elite","status":"publish","type":"product","link":"https:\/\/www.horomechanika.lt\/ru\/product\/mulceris-elite\/","title":{"rendered":"MUL\u010cERIS ELITE"},"content":{"rendered":"<table width=\"0\">\n<thead>\n<tr>\n<td width=\"55\"><strong>Modelis<\/strong><\/td>\n<td width=\"89\"><strong>KW\/HP<\/strong><\/td>\n<td width=\"91\"><strong>darbinis\/bendras plotis<\/strong><\/td>\n<td width=\"81\"><strong>aps\/min<\/strong><\/td>\n<td width=\"59\"><strong>Y-Peiliai<\/strong><\/td>\n<td width=\"63\"><strong>Plaktukai<\/strong><\/td>\n<td width=\"58\"><strong>Svoris [kg]<\/strong><\/td>\n<td width=\"58\"><strong>cm<\/strong><\/td>\n<\/tr>\n<\/thead>\n<tbody>\n<tr>\n<td>225<\/td>\n<td>42-55\/55-75<\/td>\n<td>227\/247<\/td>\n<td>540 (*1000)<\/td>\n<td>56<\/td>\n<td>28<\/td>\n<td>554<\/td>\n<td>3-5<\/td>\n<\/tr>\n<tr>\n<td>245<\/td>\n<td>48-65\/65-90<\/td>\n<td>242\/262<\/td>\n<td>540 (*1000)<\/td>\n<td>60<\/td>\n<td>30<\/td>\n<td>596<\/td>\n<td>3-5<\/td>\n<\/tr>\n<tr>\n<td>270<\/td>\n<td>55-75\/75-100<\/td>\n<td>272\/292<\/td>\n<td>540 (*1000)<\/td>\n<td>68<\/td>\n<td>34<\/td>\n<td>632<\/td>\n<td>3-5<\/td>\n<\/tr>\n<\/tbody>\n<\/table>\n<p>&nbsp;<\/p>\n<p><iframe loading=\"lazy\" title=\"Mul\u010der INO Bre\u017eice ELITE\" width=\"895\" height=\"503\" src=\"https:\/\/www.youtube.com\/embed\/9bIxUJPb7FU?feature=oembed\" frameborder=\"0\" allow=\"accelerometer; autoplay; clipboard-write; encrypted-media; gyroscope; picture-in-picture\" allowfullscreen><\/iframe><\/p>","protected":false},"excerpt":{"rendered":"<p><strong>\u017doliapjov\u0117 ELITE<\/strong><\/p>\n<p>\u0160ienapjov\u0117 ELITE gali b\u016bti naudojama visose \u017eeldynuose ir \u017eem\u0117s \u016bkio plotuose pjaunant \u017eol\u0119, pas\u0117li\u0173 liku\u010dius ar mul\u010diuojant gen\u0117jimus i\u0161 sod\u0173 ir vynuogyn\u0173. Jo konstrukcija yra tvirta, skirta intensyviam naudojimui ir smulkiam pjovimui, pjaunant med\u017eiag\u0105 iki 5 cm, tinka vidutinio dyd\u017eio traktoriams. Jame yra tvirtesni stumdomi vamzd\u017eiai, sustiprinta 3 ta\u0161k\u0173 jungtis ir tvirtesnis r\u0117mas. Efektyvus dvigubas spiralinis rotorius suma\u017eina energijos suvartojim\u0105, u\u017etikrina vienod\u0105 veikim\u0105 ir u\u017etikrina ilgalaik\u012f komponent\u0173 tarnavim\u0105.<\/p>\n<p><strong>Standartin\u0117 komplektacija <\/strong><\/p>\n<ul>\n<li>Dvigubas spiralinis rotorius su 45 \u00b0 darbini\u0173 a\u0161men\u0173 paskirstymu<\/li>\n<li>Pavar\u0173 d\u0117\u017e\u0117 540 (* 1000) aps.\/min. Su laisva reduktoriaus eiga<\/li>\n<li>3 ta\u0161k\u0173 jungtis I ir II kat.<\/li>\n<li>Mechaninis poslinkis<\/li>\n<li>Pava\u017eos<\/li>\n<li>Metalin\u0117s apsaugin\u0117s plok\u0161tel\u0117s<\/li>\n<li>Reguliuojamas galinis volas<\/li>\n<li>Plaukiojanti pad\u0117tis<\/li>\n<li>Kaltiniai ir sukietinti novatori\u0161ki INO plaktukai<\/li>\n<li>Dir\u017eo skydas su \u012ftempimo reguliavimu<\/li>\n<\/ul>\n<p>&nbsp;<\/p>\n<p><strong>Papildomai <\/strong><\/p>\n<ul>\n<li>Hidraulinis poslinkis<\/li>\n<li>BDR arba BD arba BDL \u0161oninis montuojamas rotacinis pjoviklis<\/li>\n<li>\u201eKombi\u201c sistema montuojami priekyje ir gale<\/li>\n<li>Darbiniai plaktukai : Y-tipo<\/li>\n<li>Ratai vietoj galinio volo<\/li>\n<li>Dvigubas dangtelis, kei\u010diamas<\/li>\n<li>HARDOX kei\u010diamos \u0161onin\u0117s pava\u017eos<\/li>\n<li>HERBI 100 tarpinis purk\u0161tuvas (viena pus\u0117, dvi pus\u0117s)<\/li>\n<li>Kardaninis velenas<\/li>\n<li>\u201eINO Vibration Control Opti\u201c (vibracijos kontrol\u0117s sistema internete)<\/li>\n<li>Buferis &#8211; dir\u017e\u0173 skydo apsauga<\/li>\n<\/ul>","protected":false},"featured_media":11655,"comment_status":"open","ping_status":"closed","template":"","meta":[],"product_cat":[150,152,167],"product_tag":[],"class_list":["post-11646","product","type-product","status-publish","has-post-thumbnail","hentry","product_cat-mulceriai","product_cat-sodiniai-mulceriai","product_cat-gyvatvoriu-krumynu-prieziuros-technika"],"yoast_head":"<!-- This site is optimized with the Yoast SEO plugin v20.1 - https:\/\/yoast.com\/wordpress\/plugins\/seo\/ -->\n<title>MUL\u010cERIS ELITE | Horomechanika<\/title>\n<meta name=\"robots\" content=\"index, follow, max-snippet:-1, max-image-preview:large, max-video-preview:-1\" \/>\n<link rel=\"canonical\" href=\"https:\/\/www.horomechanika.lt\/ru\/product\/mulceris-elite\/\" \/>\n<meta property=\"og:locale\" content=\"ru_RU\" \/>\n<meta property=\"og:type\" content=\"article\" \/>\n<meta property=\"og:title\" content=\"MUL\u010cERIS ELITE | Horomechanika\" \/>\n<meta property=\"og:description\" content=\"\u017doliapjov\u0117 ELITE  \u0160ienapjov\u0117 ELITE gali b\u016bti naudojama visose \u017eeldynuose ir \u017eem\u0117s \u016bkio plotuose pjaunant \u017eol\u0119, pas\u0117li\u0173 liku\u010dius ar mul\u010diuojant gen\u0117jimus i\u0161 sod\u0173 ir vynuogyn\u0173. Jo konstrukcija yra tvirta, skirta intensyviam naudojimui ir smulkiam pjovimui, pjaunant med\u017eiag\u0105 iki 5 cm, tinka vidutinio dyd\u017eio traktoriams. Jame yra tvirtesni stumdomi vamzd\u017eiai, sustiprinta 3 ta\u0161k\u0173 jungtis ir tvirtesnis r\u0117mas. Efektyvus dvigubas spiralinis rotorius suma\u017eina energijos suvartojim\u0105, u\u017etikrina vienod\u0105 veikim\u0105 ir u\u017etikrina ilgalaik\u012f komponent\u0173 tarnavim\u0105.  Standartin\u0117 komplektacija    Dvigubas spiralinis rotorius su 45 \u00b0 darbini\u0173 a\u0161men\u0173 paskirstymu  Pavar\u0173 d\u0117\u017e\u0117 540 (* 1000) aps.\/min. Su laisva reduktoriaus eiga  3 ta\u0161k\u0173 jungtis I ir II kat.  Mechaninis poslinkis  Pava\u017eos  Metalin\u0117s apsaugin\u0117s plok\u0161tel\u0117s  Reguliuojamas galinis volas  Plaukiojanti pad\u0117tis  Kaltiniai ir sukietinti novatori\u0161ki INO plaktukai  Dir\u017eo skydas su \u012ftempimo reguliavimu  &nbsp;  Papildomai    Hidraulinis poslinkis  BDR arba BD arba BDL \u0161oninis montuojamas rotacinis pjoviklis  \u201eKombi\u201c sistema montuojami priekyje ir gale  Darbiniai plaktukai : Y-tipo  Ratai vietoj galinio volo  Dvigubas dangtelis, kei\u010diamas  HARDOX kei\u010diamos \u0161onin\u0117s pava\u017eos  HERBI 100 tarpinis purk\u0161tuvas (viena pus\u0117, dvi pus\u0117s)  Kardaninis velenas  \u201eINO Vibration Control Opti\u201c (vibracijos kontrol\u0117s sistema internete)  Buferis - dir\u017e\u0173 skydo apsauga\" \/>\n<meta property=\"og:url\" content=\"https:\/\/www.horomechanika.lt\/ru\/product\/mulceris-elite\/\" \/>\n<meta property=\"og:site_name\" content=\"Horomechanika\" \/>\n<meta property=\"article:publisher\" content=\"https:\/\/www.facebook.com\/UAB-Horo-mechanika-177091812471952\" \/>\n<meta property=\"article:modified_time\" content=\"2022-05-11T06:09:50+00:00\" \/>\n<meta property=\"og:image\" content=\"https:\/\/www.horomechanika.lt\/wp-content\/uploads\/2020\/10\/ELITE-4-1024x819.png\" \/>\n\t<meta property=\"og:image:width\" content=\"1024\" \/>\n\t<meta property=\"og:image:height\" content=\"819\" \/>\n\t<meta property=\"og:image:type\" content=\"image\/png\" \/>\n<meta name=\"twitter:card\" content=\"summary_large_image\" \/>\n<script type=\"application\/ld+json\" class=\"yoast-schema-graph\">{\"@context\":\"https:\/\/schema.org\",\"@graph\":[{\"@type\":\"WebPage\",\"@id\":\"https:\/\/www.horomechanika.lt\/ru\/product\/mulceris-elite\/\",\"url\":\"https:\/\/www.horomechanika.lt\/ru\/product\/mulceris-elite\/\",\"name\":\"MUL\u010cERIS ELITE | Horomechanika\",\"isPartOf\":{\"@id\":\"https:\/\/www.horomechanika.lt\/#website\"},\"datePublished\":\"2020-10-29T13:44:30+00:00\",\"dateModified\":\"2022-05-11T06:09:50+00:00\",\"breadcrumb\":{\"@id\":\"https:\/\/www.horomechanika.lt\/ru\/product\/mulceris-elite\/#breadcrumb\"},\"inLanguage\":\"ru-RU\",\"potentialAction\":[{\"@type\":\"ReadAction\",\"target\":[\"https:\/\/www.horomechanika.lt\/ru\/product\/mulceris-elite\/\"]}]},{\"@type\":\"BreadcrumbList\",\"@id\":\"https:\/\/www.horomechanika.lt\/ru\/product\/mulceris-elite\/#breadcrumb\",\"itemListElement\":[{\"@type\":\"ListItem\",\"position\":1,\"name\":\"Home\",\"item\":\"https:\/\/www.horomechanika.lt\/\"},{\"@type\":\"ListItem\",\"position\":2,\"name\":\"Shop\",\"item\":\"https:\/\/www.horomechanika.lt\/ru\/shop-2\/\"},{\"@type\":\"ListItem\",\"position\":3,\"name\":\"MUL\u010cERIS ELITE\"}]},{\"@type\":\"WebSite\",\"@id\":\"https:\/\/www.horomechanika.lt\/#website\",\"url\":\"https:\/\/www.horomechanika.lt\/\",\"name\":\"Horomechanika\",\"description\":\"\u017dem\u0117s \u016akio Technika\",\"publisher\":{\"@id\":\"https:\/\/www.horomechanika.lt\/#organization\"},\"potentialAction\":[{\"@type\":\"SearchAction\",\"target\":{\"@type\":\"EntryPoint\",\"urlTemplate\":\"https:\/\/www.horomechanika.lt\/?s={search_term_string}\"},\"query-input\":\"required name=search_term_string\"}],\"inLanguage\":\"ru-RU\"},{\"@type\":\"Organization\",\"@id\":\"https:\/\/www.horomechanika.lt\/#organization\",\"name\":\"UAB \\\"Horo mechanika\\\"\",\"url\":\"https:\/\/www.horomechanika.lt\/\",\"logo\":{\"@type\":\"ImageObject\",\"inLanguage\":\"ru-RU\",\"@id\":\"https:\/\/www.horomechanika.lt\/#\/schema\/logo\/image\/\",\"url\":\"https:\/\/www.horomechanika.lt\/wp-content\/uploads\/2020\/05\/horomechanika-logo.png\",\"contentUrl\":\"https:\/\/www.horomechanika.lt\/wp-content\/uploads\/2020\/05\/horomechanika-logo.png\",\"width\":137,\"height\":56,\"caption\":\"UAB \\\"Horo mechanika\\\"\"},\"image\":{\"@id\":\"https:\/\/www.horomechanika.lt\/#\/schema\/logo\/image\/\"},\"sameAs\":[\"https:\/\/www.facebook.com\/UAB-Horo-mechanika-177091812471952\"]}]}<\/script>\n<!-- \/ Yoast SEO plugin. -->","yoast_head_json":{"title":"MUL\u010cERIS ELITE | Horomechanika","robots":{"index":"index","follow":"follow","max-snippet":"max-snippet:-1","max-image-preview":"max-image-preview:large","max-video-preview":"max-video-preview:-1"},"canonical":"https:\/\/www.horomechanika.lt\/ru\/product\/mulceris-elite\/","og_locale":"ru_RU","og_type":"article","og_title":"MUL\u010cERIS ELITE | Horomechanika","og_description":"\u017doliapjov\u0117 ELITE  \u0160ienapjov\u0117 ELITE gali b\u016bti naudojama visose \u017eeldynuose ir \u017eem\u0117s \u016bkio plotuose pjaunant \u017eol\u0119, pas\u0117li\u0173 liku\u010dius ar mul\u010diuojant gen\u0117jimus i\u0161 sod\u0173 ir vynuogyn\u0173. Jo konstrukcija yra tvirta, skirta intensyviam naudojimui ir smulkiam pjovimui, pjaunant med\u017eiag\u0105 iki 5 cm, tinka vidutinio dyd\u017eio traktoriams. Jame yra tvirtesni stumdomi vamzd\u017eiai, sustiprinta 3 ta\u0161k\u0173 jungtis ir tvirtesnis r\u0117mas. Efektyvus dvigubas spiralinis rotorius suma\u017eina energijos suvartojim\u0105, u\u017etikrina vienod\u0105 veikim\u0105 ir u\u017etikrina ilgalaik\u012f komponent\u0173 tarnavim\u0105.  Standartin\u0117 komplektacija    Dvigubas spiralinis rotorius su 45 \u00b0 darbini\u0173 a\u0161men\u0173 paskirstymu  Pavar\u0173 d\u0117\u017e\u0117 540 (* 1000) aps.\/min. Su laisva reduktoriaus eiga  3 ta\u0161k\u0173 jungtis I ir II kat.  Mechaninis poslinkis  Pava\u017eos  Metalin\u0117s apsaugin\u0117s plok\u0161tel\u0117s  Reguliuojamas galinis volas  Plaukiojanti pad\u0117tis  Kaltiniai ir sukietinti novatori\u0161ki INO plaktukai  Dir\u017eo skydas su \u012ftempimo reguliavimu  &nbsp;  Papildomai    Hidraulinis poslinkis  BDR arba BD arba BDL \u0161oninis montuojamas rotacinis pjoviklis  \u201eKombi\u201c sistema montuojami priekyje ir gale  Darbiniai plaktukai : Y-tipo  Ratai vietoj galinio volo  Dvigubas dangtelis, kei\u010diamas  HARDOX kei\u010diamos \u0161onin\u0117s pava\u017eos  HERBI 100 tarpinis purk\u0161tuvas (viena pus\u0117, dvi pus\u0117s)  Kardaninis velenas  \u201eINO Vibration Control Opti\u201c (vibracijos kontrol\u0117s sistema internete)  Buferis - dir\u017e\u0173 skydo apsauga","og_url":"https:\/\/www.horomechanika.lt\/ru\/product\/mulceris-elite\/","og_site_name":"Horomechanika","article_publisher":"https:\/\/www.facebook.com\/UAB-Horo-mechanika-177091812471952","article_modified_time":"2022-05-11T06:09:50+00:00","og_image":[{"width":1024,"height":819,"url":"https:\/\/www.horomechanika.lt\/wp-content\/uploads\/2020\/10\/ELITE-4-1024x819.png","type":"image\/png"}],"twitter_card":"summary_large_image","schema":{"@context":"https:\/\/schema.org","@graph":[{"@type":"WebPage","@id":"https:\/\/www.horomechanika.lt\/ru\/product\/mulceris-elite\/","url":"https:\/\/www.horomechanika.lt\/ru\/product\/mulceris-elite\/","name":"MUL\u010cERIS ELITE | Horomechanika","isPartOf":{"@id":"https:\/\/www.horomechanika.lt\/#website"},"datePublished":"2020-10-29T13:44:30+00:00","dateModified":"2022-05-11T06:09:50+00:00","breadcrumb":{"@id":"https:\/\/www.horomechanika.lt\/ru\/product\/mulceris-elite\/#breadcrumb"},"inLanguage":"ru-RU","potentialAction":[{"@type":"ReadAction","target":["https:\/\/www.horomechanika.lt\/ru\/product\/mulceris-elite\/"]}]},{"@type":"BreadcrumbList","@id":"https:\/\/www.horomechanika.lt\/ru\/product\/mulceris-elite\/#breadcrumb","itemListElement":[{"@type":"ListItem","position":1,"name":"Home","item":"https:\/\/www.horomechanika.lt\/"},{"@type":"ListItem","position":2,"name":"Shop","item":"https:\/\/www.horomechanika.lt\/ru\/shop-2\/"},{"@type":"ListItem","position":3,"name":"MUL\u010cERIS ELITE"}]},{"@type":"WebSite","@id":"https:\/\/www.horomechanika.lt\/#website","url":"https:\/\/www.horomechanika.lt\/","name":"Horomechanika","description":"\u017dem\u0117s \u016akio Technika","publisher":{"@id":"https:\/\/www.horomechanika.lt\/#organization"},"potentialAction":[{"@type":"SearchAction","target":{"@type":"EntryPoint","urlTemplate":"https:\/\/www.horomechanika.lt\/?s={search_term_string}"},"query-input":"required name=search_term_string"}],"inLanguage":"ru-RU"},{"@type":"Organization","@id":"https:\/\/www.horomechanika.lt\/#organization","name":"UAB \"Horo mechanika\"","url":"https:\/\/www.horomechanika.lt\/","logo":{"@type":"ImageObject","inLanguage":"ru-RU","@id":"https:\/\/www.horomechanika.lt\/#\/schema\/logo\/image\/","url":"https:\/\/www.horomechanika.lt\/wp-content\/uploads\/2020\/05\/horomechanika-logo.png","contentUrl":"https:\/\/www.horomechanika.lt\/wp-content\/uploads\/2020\/05\/horomechanika-logo.png","width":137,"height":56,"caption":"UAB \"Horo mechanika\""},"image":{"@id":"https:\/\/www.horomechanika.lt\/#\/schema\/logo\/image\/"},"sameAs":["https:\/\/www.facebook.com\/UAB-Horo-mechanika-177091812471952"]}]}},"_links":{"self":[{"href":"https:\/\/www.horomechanika.lt\/ru\/wp-json\/wp\/v2\/product\/11646","targetHints":{"allow":["GET"]}}],"collection":[{"href":"https:\/\/www.horomechanika.lt\/ru\/wp-json\/wp\/v2\/product"}],"about":[{"href":"https:\/\/www.horomechanika.lt\/ru\/wp-json\/wp\/v2\/types\/product"}],"replies":[{"embeddable":true,"href":"https:\/\/www.horomechanika.lt\/ru\/wp-json\/wp\/v2\/comments?post=11646"}],"wp:featuredmedia":[{"embeddable":true,"href":"https:\/\/www.horomechanika.lt\/ru\/wp-json\/wp\/v2\/media\/11655"}],"wp:attachment":[{"href":"https:\/\/www.horomechanika.lt\/ru\/wp-json\/wp\/v2\/media?parent=11646"}],"wp:term":[{"taxonomy":"product_cat","embeddable":true,"href":"https:\/\/www.horomechanika.lt\/ru\/wp-json\/wp\/v2\/product_cat?post=11646"},{"taxonomy":"product_tag","embeddable":true,"href":"https:\/\/www.horomechanika.lt\/ru\/wp-json\/wp\/v2\/product_tag?post=11646"}],"curies":[{"name":"wp","href":"https:\/\/api.w.org\/{rel}","templated":true}]}}