{"id":11673,"date":"2020-10-29T17:00:32","date_gmt":"2020-10-29T14:00:32","guid":{"rendered":"http:\/\/horomechanika.lt\/?post_type=product&#038;p=11673"},"modified":"2022-05-11T08:48:59","modified_gmt":"2022-05-11T05:48:59","slug":"mulceris-uni","status":"publish","type":"product","link":"https:\/\/www.horomechanika.lt\/ru\/product\/mulceris-uni\/","title":{"rendered":"MUL\u010cERIS UNI"},"content":{"rendered":"<table width=\"0\">\n<thead>\n<tr>\n<td width=\"50\"><strong>Modelis<\/strong><\/td>\n<td width=\"74\"><strong>KW\/HP<\/strong><\/td>\n<td width=\"91\"><strong>darbinis\/bendras plotis<\/strong><\/td>\n<td width=\"73\"><strong>aps\/min<\/strong><\/td>\n<td width=\"54\"><strong>Y-Peiliai<\/strong><\/td>\n<td width=\"59\"><strong>Plaktukai<\/strong><\/td>\n<td width=\"64\"><strong>Prie\u0161peiliai<\/strong><\/td>\n<td width=\"60\"><strong>Svoris[kg]<\/strong><\/td>\n<td width=\"52\"><strong>cm<\/strong><\/td>\n<\/tr>\n<tr>\n<td width=\"50\"><strong>155<\/strong><\/td>\n<td width=\"74\"><strong>29-38\/40-50<\/strong><\/td>\n<td width=\"91\"><strong>164\/184<\/strong><\/td>\n<td width=\"73\"><strong>540 (*1000)<\/strong><\/td>\n<td width=\"54\"><strong>42<\/strong><\/td>\n<td width=\"59\"><strong>14<\/strong><\/td>\n<td width=\"64\"><strong>14<\/strong><\/td>\n<td width=\"60\"><strong>432<\/strong><\/td>\n<td width=\"52\"><strong>3-6<\/strong><\/td>\n<\/tr>\n<tr>\n<td width=\"50\"><strong>185<\/strong><\/td>\n<td width=\"74\"><strong>34-45\/45-60<\/strong><\/td>\n<td width=\"91\"><strong>186\/206<\/strong><\/td>\n<td width=\"73\"><strong>540 (*1000)<\/strong><\/td>\n<td width=\"54\"><strong>48<\/strong><\/td>\n<td width=\"59\"><strong>16<\/strong><\/td>\n<td width=\"64\"><strong>16<\/strong><\/td>\n<td width=\"60\"><strong>495<\/strong><\/td>\n<td width=\"52\"><strong>3-6<\/strong><\/td>\n<\/tr>\n<tr>\n<td width=\"50\"><strong>205<\/strong><\/td>\n<td width=\"74\"><strong>40-52\/55-70<\/strong><\/td>\n<td width=\"91\"><strong>208\/228<\/strong><\/td>\n<td width=\"73\"><strong>540 (*1000)<\/strong><\/td>\n<td width=\"54\"><strong>54<\/strong><\/td>\n<td width=\"59\"><strong>18<\/strong><\/td>\n<td width=\"64\"><strong>18<\/strong><\/td>\n<td width=\"60\"><strong>555<\/strong><\/td>\n<td width=\"52\"><strong>3-6<\/strong><\/td>\n<\/tr>\n<\/thead>\n<\/table>\n<p>&nbsp;<\/p>\n<p><iframe loading=\"lazy\" title=\"INO Flail mower UNI\" width=\"895\" height=\"503\" src=\"https:\/\/www.youtube.com\/embed\/Hh7AHLTA-Fc?feature=oembed\" frameborder=\"0\" allow=\"accelerometer; autoplay; clipboard-write; encrypted-media; gyroscope; picture-in-picture\" allowfullscreen><\/iframe><\/p>","protected":false},"excerpt":{"rendered":"<p><strong>\u017doliapjov\u0117 UNI<\/strong><\/p>\n<p>\u0160ienapjov\u0117 UNI skirta sunkiems darbams ma\u017eesn\u0117se \u017eem\u0117s \u016bkio ir komunalin\u0117se patalpose &#8211; \u017eolei, pas\u0117li\u0173 liekanoms, kr\u016bmams ir kt. Pjauti. Jo konstrukcija yra tvirta, skirta intensyviam naudojimui, su dideliais plaktukais, pjaunant med\u017eiag\u0105 iki 7 cm, tinkama viduriui dyd\u017eio traktoriai. Darbin\u012f greit\u012f ir gniu\u017edymo intensyvum\u0105 galima reguliuoti dideliais, atvirais ar u\u017edarais galiniais vartais. Energi\u0161kai efektyvus dvigubas spiralinis rotorius suma\u017eina energijos suvartojim\u0105, u\u017etikrina vienod\u0105 veikim\u0105 ir u\u017etikrina ilgesn\u012f komponent\u0173 tarnavim\u0105.<\/p>\n<p>&nbsp;<\/p>\n<p><strong>Standartin\u0117 komplektacija <\/strong><\/p>\n<p><strong> Dvigubas spiralinis rotorius su 45\u00ba darbini\u0173 a\u0161men\u0173 paskirstymu<br \/>\nPavar\u0173 d\u0117\u017e\u0117 540 (* 1000) aps.\/min. Su laisva ratine sankaba<br \/>\n3 ta\u0161k\u0173 jungtis I ir II kat.<br \/>\nSureguliuoti galiniai vartai<br \/>\nMechaniko kompensacija<br \/>\nSlydimai<br \/>\nMetaliniai atvartai<br \/>\nReguliuojamas galinis volas<br \/>\n\u012etrauktas kei\u010diamas skaitiklio peilis<br \/>\nPlaukiojantis<br \/>\nPlaktukai<br \/>\nDir\u017eo skydas su \u012ftempimo valdymo anga<\/strong><\/p>\n<p>&nbsp;<\/p>\n<p><strong>Papildomai <\/strong><\/p>\n<p><strong> Hidraulinis poslinkis<br \/>\nDeflektoriai<br \/>\nDvipusis skirstytuvas<br \/>\nReguliuojami auk\u0161\u010dio atraminiai ratai (vietoj atraminio volo)<br \/>\nY a\u0161menys<br \/>\nPl\u016bduriuojantys gr\u0117bliai (reguliuojamas auk\u0161tis)<br \/>\nP. T. O. velenas<br \/>\nINO vibracijos valdymas<\/strong><\/p>\n<p>&nbsp;<\/p>","protected":false},"featured_media":11676,"comment_status":"open","ping_status":"closed","template":"","meta":[],"product_cat":[150,152,167],"product_tag":[],"class_list":["post-11673","product","type-product","status-publish","has-post-thumbnail","hentry","product_cat-mulceriai","product_cat-sodiniai-mulceriai","product_cat-gyvatvoriu-krumynu-prieziuros-technika"],"yoast_head":"<!-- This site is optimized with the Yoast SEO plugin v20.1 - https:\/\/yoast.com\/wordpress\/plugins\/seo\/ -->\n<title>MUL\u010cERIS UNI | Horomechanika<\/title>\n<meta name=\"robots\" content=\"index, follow, max-snippet:-1, max-image-preview:large, max-video-preview:-1\" \/>\n<link rel=\"canonical\" href=\"https:\/\/www.horomechanika.lt\/ru\/product\/mulceris-uni\/\" \/>\n<meta property=\"og:locale\" content=\"ru_RU\" \/>\n<meta property=\"og:type\" content=\"article\" \/>\n<meta property=\"og:title\" content=\"MUL\u010cERIS UNI | Horomechanika\" \/>\n<meta property=\"og:description\" content=\"\u017doliapjov\u0117 UNI  \u0160ienapjov\u0117 UNI skirta sunkiems darbams ma\u017eesn\u0117se \u017eem\u0117s \u016bkio ir komunalin\u0117se patalpose - \u017eolei, pas\u0117li\u0173 liekanoms, kr\u016bmams ir kt. Pjauti. Jo konstrukcija yra tvirta, skirta intensyviam naudojimui, su dideliais plaktukais, pjaunant med\u017eiag\u0105 iki 7 cm, tinkama viduriui dyd\u017eio traktoriai. Darbin\u012f greit\u012f ir gniu\u017edymo intensyvum\u0105 galima reguliuoti dideliais, atvirais ar u\u017edarais galiniais vartais. Energi\u0161kai efektyvus dvigubas spiralinis rotorius suma\u017eina energijos suvartojim\u0105, u\u017etikrina vienod\u0105 veikim\u0105 ir u\u017etikrina ilgesn\u012f komponent\u0173 tarnavim\u0105.  &nbsp;  Standartin\u0117 komplektacija   Dvigubas spiralinis rotorius su 45\u00ba darbini\u0173 a\u0161men\u0173 paskirstymu Pavar\u0173 d\u0117\u017e\u0117 540 (* 1000) aps.\/min. Su laisva ratine sankaba 3 ta\u0161k\u0173 jungtis I ir II kat. Sureguliuoti galiniai vartai Mechaniko kompensacija Slydimai Metaliniai atvartai Reguliuojamas galinis volas \u012etrauktas kei\u010diamas skaitiklio peilis Plaukiojantis Plaktukai Dir\u017eo skydas su \u012ftempimo valdymo anga  &nbsp;  Papildomai   Hidraulinis poslinkis Deflektoriai Dvipusis skirstytuvas Reguliuojami auk\u0161\u010dio atraminiai ratai (vietoj atraminio volo) Y a\u0161menys Pl\u016bduriuojantys gr\u0117bliai (reguliuojamas auk\u0161tis) P. T. O. velenas INO vibracijos valdymas  &nbsp;\" \/>\n<meta property=\"og:url\" content=\"https:\/\/www.horomechanika.lt\/ru\/product\/mulceris-uni\/\" \/>\n<meta property=\"og:site_name\" content=\"Horomechanika\" \/>\n<meta property=\"article:publisher\" content=\"https:\/\/www.facebook.com\/UAB-Horo-mechanika-177091812471952\" \/>\n<meta property=\"article:modified_time\" content=\"2022-05-11T05:48:59+00:00\" \/>\n<meta property=\"og:image\" content=\"https:\/\/www.horomechanika.lt\/wp-content\/uploads\/2020\/10\/INO-UNI-1-1024x878.png\" \/>\n\t<meta property=\"og:image:width\" content=\"1024\" \/>\n\t<meta property=\"og:image:height\" content=\"878\" \/>\n\t<meta property=\"og:image:type\" content=\"image\/png\" \/>\n<meta name=\"twitter:card\" content=\"summary_large_image\" \/>\n<script type=\"application\/ld+json\" class=\"yoast-schema-graph\">{\"@context\":\"https:\/\/schema.org\",\"@graph\":[{\"@type\":\"WebPage\",\"@id\":\"https:\/\/www.horomechanika.lt\/ru\/product\/mulceris-uni\/\",\"url\":\"https:\/\/www.horomechanika.lt\/ru\/product\/mulceris-uni\/\",\"name\":\"MUL\u010cERIS UNI | Horomechanika\",\"isPartOf\":{\"@id\":\"https:\/\/www.horomechanika.lt\/#website\"},\"datePublished\":\"2020-10-29T14:00:32+00:00\",\"dateModified\":\"2022-05-11T05:48:59+00:00\",\"breadcrumb\":{\"@id\":\"https:\/\/www.horomechanika.lt\/ru\/product\/mulceris-uni\/#breadcrumb\"},\"inLanguage\":\"ru-RU\",\"potentialAction\":[{\"@type\":\"ReadAction\",\"target\":[\"https:\/\/www.horomechanika.lt\/ru\/product\/mulceris-uni\/\"]}]},{\"@type\":\"BreadcrumbList\",\"@id\":\"https:\/\/www.horomechanika.lt\/ru\/product\/mulceris-uni\/#breadcrumb\",\"itemListElement\":[{\"@type\":\"ListItem\",\"position\":1,\"name\":\"Home\",\"item\":\"https:\/\/www.horomechanika.lt\/\"},{\"@type\":\"ListItem\",\"position\":2,\"name\":\"Shop\",\"item\":\"https:\/\/www.horomechanika.lt\/ru\/shop-2\/\"},{\"@type\":\"ListItem\",\"position\":3,\"name\":\"MUL\u010cERIS UNI\"}]},{\"@type\":\"WebSite\",\"@id\":\"https:\/\/www.horomechanika.lt\/#website\",\"url\":\"https:\/\/www.horomechanika.lt\/\",\"name\":\"Horomechanika\",\"description\":\"\u017dem\u0117s \u016akio Technika\",\"publisher\":{\"@id\":\"https:\/\/www.horomechanika.lt\/#organization\"},\"potentialAction\":[{\"@type\":\"SearchAction\",\"target\":{\"@type\":\"EntryPoint\",\"urlTemplate\":\"https:\/\/www.horomechanika.lt\/?s={search_term_string}\"},\"query-input\":\"required name=search_term_string\"}],\"inLanguage\":\"ru-RU\"},{\"@type\":\"Organization\",\"@id\":\"https:\/\/www.horomechanika.lt\/#organization\",\"name\":\"UAB \\\"Horo mechanika\\\"\",\"url\":\"https:\/\/www.horomechanika.lt\/\",\"logo\":{\"@type\":\"ImageObject\",\"inLanguage\":\"ru-RU\",\"@id\":\"https:\/\/www.horomechanika.lt\/#\/schema\/logo\/image\/\",\"url\":\"https:\/\/www.horomechanika.lt\/wp-content\/uploads\/2020\/05\/horomechanika-logo.png\",\"contentUrl\":\"https:\/\/www.horomechanika.lt\/wp-content\/uploads\/2020\/05\/horomechanika-logo.png\",\"width\":137,\"height\":56,\"caption\":\"UAB \\\"Horo mechanika\\\"\"},\"image\":{\"@id\":\"https:\/\/www.horomechanika.lt\/#\/schema\/logo\/image\/\"},\"sameAs\":[\"https:\/\/www.facebook.com\/UAB-Horo-mechanika-177091812471952\"]}]}<\/script>\n<!-- \/ Yoast SEO plugin. -->","yoast_head_json":{"title":"MUL\u010cERIS UNI | Horomechanika","robots":{"index":"index","follow":"follow","max-snippet":"max-snippet:-1","max-image-preview":"max-image-preview:large","max-video-preview":"max-video-preview:-1"},"canonical":"https:\/\/www.horomechanika.lt\/ru\/product\/mulceris-uni\/","og_locale":"ru_RU","og_type":"article","og_title":"MUL\u010cERIS UNI | Horomechanika","og_description":"\u017doliapjov\u0117 UNI  \u0160ienapjov\u0117 UNI skirta sunkiems darbams ma\u017eesn\u0117se \u017eem\u0117s \u016bkio ir komunalin\u0117se patalpose - \u017eolei, pas\u0117li\u0173 liekanoms, kr\u016bmams ir kt. Pjauti. Jo konstrukcija yra tvirta, skirta intensyviam naudojimui, su dideliais plaktukais, pjaunant med\u017eiag\u0105 iki 7 cm, tinkama viduriui dyd\u017eio traktoriai. Darbin\u012f greit\u012f ir gniu\u017edymo intensyvum\u0105 galima reguliuoti dideliais, atvirais ar u\u017edarais galiniais vartais. Energi\u0161kai efektyvus dvigubas spiralinis rotorius suma\u017eina energijos suvartojim\u0105, u\u017etikrina vienod\u0105 veikim\u0105 ir u\u017etikrina ilgesn\u012f komponent\u0173 tarnavim\u0105.  &nbsp;  Standartin\u0117 komplektacija   Dvigubas spiralinis rotorius su 45\u00ba darbini\u0173 a\u0161men\u0173 paskirstymu Pavar\u0173 d\u0117\u017e\u0117 540 (* 1000) aps.\/min. Su laisva ratine sankaba 3 ta\u0161k\u0173 jungtis I ir II kat. Sureguliuoti galiniai vartai Mechaniko kompensacija Slydimai Metaliniai atvartai Reguliuojamas galinis volas \u012etrauktas kei\u010diamas skaitiklio peilis Plaukiojantis Plaktukai Dir\u017eo skydas su \u012ftempimo valdymo anga  &nbsp;  Papildomai   Hidraulinis poslinkis Deflektoriai Dvipusis skirstytuvas Reguliuojami auk\u0161\u010dio atraminiai ratai (vietoj atraminio volo) Y a\u0161menys Pl\u016bduriuojantys gr\u0117bliai (reguliuojamas auk\u0161tis) P. T. O. velenas INO vibracijos valdymas  &nbsp;","og_url":"https:\/\/www.horomechanika.lt\/ru\/product\/mulceris-uni\/","og_site_name":"Horomechanika","article_publisher":"https:\/\/www.facebook.com\/UAB-Horo-mechanika-177091812471952","article_modified_time":"2022-05-11T05:48:59+00:00","og_image":[{"width":1024,"height":878,"url":"https:\/\/www.horomechanika.lt\/wp-content\/uploads\/2020\/10\/INO-UNI-1-1024x878.png","type":"image\/png"}],"twitter_card":"summary_large_image","schema":{"@context":"https:\/\/schema.org","@graph":[{"@type":"WebPage","@id":"https:\/\/www.horomechanika.lt\/ru\/product\/mulceris-uni\/","url":"https:\/\/www.horomechanika.lt\/ru\/product\/mulceris-uni\/","name":"MUL\u010cERIS UNI | Horomechanika","isPartOf":{"@id":"https:\/\/www.horomechanika.lt\/#website"},"datePublished":"2020-10-29T14:00:32+00:00","dateModified":"2022-05-11T05:48:59+00:00","breadcrumb":{"@id":"https:\/\/www.horomechanika.lt\/ru\/product\/mulceris-uni\/#breadcrumb"},"inLanguage":"ru-RU","potentialAction":[{"@type":"ReadAction","target":["https:\/\/www.horomechanika.lt\/ru\/product\/mulceris-uni\/"]}]},{"@type":"BreadcrumbList","@id":"https:\/\/www.horomechanika.lt\/ru\/product\/mulceris-uni\/#breadcrumb","itemListElement":[{"@type":"ListItem","position":1,"name":"Home","item":"https:\/\/www.horomechanika.lt\/"},{"@type":"ListItem","position":2,"name":"Shop","item":"https:\/\/www.horomechanika.lt\/ru\/shop-2\/"},{"@type":"ListItem","position":3,"name":"MUL\u010cERIS UNI"}]},{"@type":"WebSite","@id":"https:\/\/www.horomechanika.lt\/#website","url":"https:\/\/www.horomechanika.lt\/","name":"Horomechanika","description":"\u017dem\u0117s \u016akio Technika","publisher":{"@id":"https:\/\/www.horomechanika.lt\/#organization"},"potentialAction":[{"@type":"SearchAction","target":{"@type":"EntryPoint","urlTemplate":"https:\/\/www.horomechanika.lt\/?s={search_term_string}"},"query-input":"required name=search_term_string"}],"inLanguage":"ru-RU"},{"@type":"Organization","@id":"https:\/\/www.horomechanika.lt\/#organization","name":"UAB \"Horo mechanika\"","url":"https:\/\/www.horomechanika.lt\/","logo":{"@type":"ImageObject","inLanguage":"ru-RU","@id":"https:\/\/www.horomechanika.lt\/#\/schema\/logo\/image\/","url":"https:\/\/www.horomechanika.lt\/wp-content\/uploads\/2020\/05\/horomechanika-logo.png","contentUrl":"https:\/\/www.horomechanika.lt\/wp-content\/uploads\/2020\/05\/horomechanika-logo.png","width":137,"height":56,"caption":"UAB \"Horo mechanika\""},"image":{"@id":"https:\/\/www.horomechanika.lt\/#\/schema\/logo\/image\/"},"sameAs":["https:\/\/www.facebook.com\/UAB-Horo-mechanika-177091812471952"]}]}},"_links":{"self":[{"href":"https:\/\/www.horomechanika.lt\/ru\/wp-json\/wp\/v2\/product\/11673","targetHints":{"allow":["GET"]}}],"collection":[{"href":"https:\/\/www.horomechanika.lt\/ru\/wp-json\/wp\/v2\/product"}],"about":[{"href":"https:\/\/www.horomechanika.lt\/ru\/wp-json\/wp\/v2\/types\/product"}],"replies":[{"embeddable":true,"href":"https:\/\/www.horomechanika.lt\/ru\/wp-json\/wp\/v2\/comments?post=11673"}],"wp:featuredmedia":[{"embeddable":true,"href":"https:\/\/www.horomechanika.lt\/ru\/wp-json\/wp\/v2\/media\/11676"}],"wp:attachment":[{"href":"https:\/\/www.horomechanika.lt\/ru\/wp-json\/wp\/v2\/media?parent=11673"}],"wp:term":[{"taxonomy":"product_cat","embeddable":true,"href":"https:\/\/www.horomechanika.lt\/ru\/wp-json\/wp\/v2\/product_cat?post=11673"},{"taxonomy":"product_tag","embeddable":true,"href":"https:\/\/www.horomechanika.lt\/ru\/wp-json\/wp\/v2\/product_tag?post=11673"}],"curies":[{"name":"wp","href":"https:\/\/api.w.org\/{rel}","templated":true}]}}