{"id":11686,"date":"2020-10-29T17:17:10","date_gmt":"2020-10-29T14:17:10","guid":{"rendered":"http:\/\/horomechanika.lt\/?post_type=product&#038;p=11686"},"modified":"2022-05-11T09:08:15","modified_gmt":"2022-05-11T06:08:15","slug":"mulceris-euro-mini","status":"publish","type":"product","link":"https:\/\/www.horomechanika.lt\/ru\/product\/mulceris-euro-mini\/","title":{"rendered":"MUL\u010cERIS EURO MINI HYDRO"},"content":{"rendered":"<table width=\"0\">\n<thead>\n<tr>\n<td width=\"55\"><strong>Modelis<\/strong><\/td>\n<td width=\"88\"><strong>KW\/HP<\/strong><\/td>\n<td width=\"91\"><strong>darbinis\/bendras plotis<\/strong><\/td>\n<td width=\"81\"><strong>Tepalo srauras ltr\/min<\/strong><\/td>\n<td width=\"59\"><strong>Y-Peiliai<\/strong><\/td>\n<td width=\"63\"><strong>Plaktukai<\/strong><\/td>\n<td width=\"59\"><strong>Svoris [kg]<\/strong><\/td>\n<td width=\"59\"><strong>cm<\/strong><\/td>\n<\/tr>\n<tr>\n<td width=\"55\">130<\/td>\n<td width=\"88\">18-27\/25-37<\/td>\n<td width=\"91\">129\/147<\/td>\n<td width=\"81\">55-60 L\/min;180-215 bar<\/td>\n<td width=\"59\">18<\/td>\n<td width=\"63\">36<\/td>\n<td width=\"59\">298<\/td>\n<td width=\"59\">3<\/td>\n<\/tr>\n<tr>\n<td width=\"55\">150<\/td>\n<td width=\"88\">22-30\/30-40<\/td>\n<td width=\"91\">145\/163<\/td>\n<td width=\"81\">55-60 L\/min;180-215 bar<\/td>\n<td width=\"59\">20<\/td>\n<td width=\"63\">40<\/td>\n<td width=\"59\">348<\/td>\n<td width=\"59\">3<\/td>\n<\/tr>\n<tr>\n<td width=\"55\">185<\/td>\n<td width=\"88\">25-33\/35-45<\/td>\n<td width=\"91\">184\/203<\/td>\n<td width=\"81\">55-60 L\/min;180-215 bar<\/td>\n<td width=\"59\">26<\/td>\n<td width=\"63\">52<\/td>\n<td width=\"59\">384<\/td>\n<td width=\"59\">3<\/td>\n<\/tr>\n<\/thead>\n<\/table>\n<p>&nbsp;<\/p>\n<p><iframe loading=\"lazy\" title=\"Flail mower EURO MINI HYDRO\" width=\"895\" height=\"503\" src=\"https:\/\/www.youtube.com\/embed\/M8LP8MhS16E?feature=oembed\" frameborder=\"0\" allow=\"accelerometer; autoplay; clipboard-write; encrypted-media; gyroscope; picture-in-picture\" allowfullscreen><\/iframe><\/p>","protected":false},"excerpt":{"rendered":"<p>\u017doliapjov\u0117 EURO MINI HYDRO skirta ma\u017eesni\u0173 \u017eem\u0117s \u016bkio ir komunalini\u0173 patalp\u0173 prie\u017ei\u016brai, skirta pjauti \u017eol\u0119, pas\u0117li\u0173 liku\u010dius, kr\u016bmus ir kt. Ji tinka pjauti med\u017eiag\u0105 iki 3 cm, tinka ma\u017eiems \u012frenginiams su hidrauline pavara. Jo apver\u010diama tvirtinimo laikiklio versija vir\u0161uje leid\u017eia lengvai pritvirtinti priekin\u0119 arba galin\u0119 pus\u0119. Nauja versija su hidromotoriumi tinka keliems traktoriams ir kitiems \u012ftaisams su hidrauline pavara. Energi\u0161kai efektyvus dvigubas spiralinis rotorius suma\u017eina energijos suvartojim\u0105, u\u017etikrina vienod\u0105 veikim\u0105 ir u\u017etikrina ilgesn\u012f komponent\u0173 tarnavim\u0105.<\/p>\n<p>Standartin\u0117 komplektacija<\/p>\n<p>Hidrauli\u0161kai valdoma (viena pora hidraulini\u0173 jung\u010di\u0173)<br \/>\nDvigubas spiralinis rotorius su 45 \u00b0 darbini\u0173 a\u0161men\u0173 paskirstymu<br \/>\nKombi trij\u0173 ta\u0161k\u0173 prikabintuvas (priekinis arba galinis) I kat.<br \/>\nAutomatinis dir\u017eo \u012ftempiklis<br \/>\nMechaninis \u012fskaitymas<br \/>\nApsauginiai slydimai<br \/>\nMetaliniai atvartai<br \/>\nReguliuojamas galinis ritin\u0117lis su u\u017edara dviguba guoli\u0173 sistema<br \/>\nPlaukiojantis<br \/>\nKaltiniai plaktukai<\/p>\n<p>Papildoma \u012franga:<br \/>\nHidraulinis kompensavimas<br \/>\nY a\u0161menys<br \/>\nDviguba oda Hardox, kei\u010diama<br \/>\nRinkti gr\u0117blius<br \/>\nP. T. O. velenas<br \/>\nGrandin\u0117s apsauga vietoj gumos<br \/>\nINO vibracijos valdymas<\/p>\n<p>&nbsp;<\/p>","protected":false},"featured_media":11700,"comment_status":"open","ping_status":"closed","template":"","meta":[],"product_cat":[150,152,167],"product_tag":[],"class_list":["post-11686","product","type-product","status-publish","has-post-thumbnail","hentry","product_cat-mulceriai","product_cat-sodiniai-mulceriai","product_cat-gyvatvoriu-krumynu-prieziuros-technika"],"yoast_head":"<!-- This site is optimized with the Yoast SEO plugin v20.1 - https:\/\/yoast.com\/wordpress\/plugins\/seo\/ -->\n<title>MUL\u010cERIS EURO MINI HYDRO | Horomechanika<\/title>\n<meta name=\"robots\" content=\"index, follow, max-snippet:-1, max-image-preview:large, max-video-preview:-1\" \/>\n<link rel=\"canonical\" href=\"https:\/\/www.horomechanika.lt\/ru\/product\/mulceris-euro-mini\/\" \/>\n<meta property=\"og:locale\" content=\"ru_RU\" \/>\n<meta property=\"og:type\" content=\"article\" \/>\n<meta property=\"og:title\" content=\"MUL\u010cERIS EURO MINI HYDRO | Horomechanika\" \/>\n<meta property=\"og:description\" content=\"\u017doliapjov\u0117 EURO MINI HYDRO skirta ma\u017eesni\u0173 \u017eem\u0117s \u016bkio ir komunalini\u0173 patalp\u0173 prie\u017ei\u016brai, skirta pjauti \u017eol\u0119, pas\u0117li\u0173 liku\u010dius, kr\u016bmus ir kt. Ji tinka pjauti med\u017eiag\u0105 iki 3 cm, tinka ma\u017eiems \u012frenginiams su hidrauline pavara. Jo apver\u010diama tvirtinimo laikiklio versija vir\u0161uje leid\u017eia lengvai pritvirtinti priekin\u0119 arba galin\u0119 pus\u0119. Nauja versija su hidromotoriumi tinka keliems traktoriams ir kitiems \u012ftaisams su hidrauline pavara. Energi\u0161kai efektyvus dvigubas spiralinis rotorius suma\u017eina energijos suvartojim\u0105, u\u017etikrina vienod\u0105 veikim\u0105 ir u\u017etikrina ilgesn\u012f komponent\u0173 tarnavim\u0105.  Standartin\u0117 komplektacija  Hidrauli\u0161kai valdoma (viena pora hidraulini\u0173 jung\u010di\u0173) Dvigubas spiralinis rotorius su 45 \u00b0 darbini\u0173 a\u0161men\u0173 paskirstymu Kombi trij\u0173 ta\u0161k\u0173 prikabintuvas (priekinis arba galinis) I kat. Automatinis dir\u017eo \u012ftempiklis Mechaninis \u012fskaitymas Apsauginiai slydimai Metaliniai atvartai Reguliuojamas galinis ritin\u0117lis su u\u017edara dviguba guoli\u0173 sistema Plaukiojantis Kaltiniai plaktukai  Papildoma \u012franga: Hidraulinis kompensavimas Y a\u0161menys Dviguba oda Hardox, kei\u010diama Rinkti gr\u0117blius P. T. O. velenas Grandin\u0117s apsauga vietoj gumos INO vibracijos valdymas  &nbsp;\" \/>\n<meta property=\"og:url\" content=\"https:\/\/www.horomechanika.lt\/ru\/product\/mulceris-euro-mini\/\" \/>\n<meta property=\"og:site_name\" content=\"Horomechanika\" \/>\n<meta property=\"article:publisher\" content=\"https:\/\/www.facebook.com\/UAB-Horo-mechanika-177091812471952\" \/>\n<meta property=\"article:modified_time\" content=\"2022-05-11T06:08:15+00:00\" \/>\n<meta property=\"og:image\" content=\"https:\/\/www.horomechanika.lt\/wp-content\/uploads\/2020\/10\/EURO-MINI-HYDRO-2.jpg\" \/>\n\t<meta property=\"og:image:width\" content=\"1238\" \/>\n\t<meta property=\"og:image:height\" content=\"928\" \/>\n\t<meta property=\"og:image:type\" content=\"image\/jpeg\" \/>\n<meta name=\"twitter:card\" content=\"summary_large_image\" \/>\n<script type=\"application\/ld+json\" class=\"yoast-schema-graph\">{\"@context\":\"https:\/\/schema.org\",\"@graph\":[{\"@type\":\"WebPage\",\"@id\":\"https:\/\/www.horomechanika.lt\/ru\/product\/mulceris-euro-mini\/\",\"url\":\"https:\/\/www.horomechanika.lt\/ru\/product\/mulceris-euro-mini\/\",\"name\":\"MUL\u010cERIS EURO MINI HYDRO | Horomechanika\",\"isPartOf\":{\"@id\":\"https:\/\/www.horomechanika.lt\/#website\"},\"datePublished\":\"2020-10-29T14:17:10+00:00\",\"dateModified\":\"2022-05-11T06:08:15+00:00\",\"breadcrumb\":{\"@id\":\"https:\/\/www.horomechanika.lt\/ru\/product\/mulceris-euro-mini\/#breadcrumb\"},\"inLanguage\":\"ru-RU\",\"potentialAction\":[{\"@type\":\"ReadAction\",\"target\":[\"https:\/\/www.horomechanika.lt\/ru\/product\/mulceris-euro-mini\/\"]}]},{\"@type\":\"BreadcrumbList\",\"@id\":\"https:\/\/www.horomechanika.lt\/ru\/product\/mulceris-euro-mini\/#breadcrumb\",\"itemListElement\":[{\"@type\":\"ListItem\",\"position\":1,\"name\":\"Home\",\"item\":\"https:\/\/www.horomechanika.lt\/\"},{\"@type\":\"ListItem\",\"position\":2,\"name\":\"Shop\",\"item\":\"https:\/\/www.horomechanika.lt\/ru\/shop-2\/\"},{\"@type\":\"ListItem\",\"position\":3,\"name\":\"MUL\u010cERIS EURO MINI HYDRO\"}]},{\"@type\":\"WebSite\",\"@id\":\"https:\/\/www.horomechanika.lt\/#website\",\"url\":\"https:\/\/www.horomechanika.lt\/\",\"name\":\"Horomechanika\",\"description\":\"\u017dem\u0117s \u016akio Technika\",\"publisher\":{\"@id\":\"https:\/\/www.horomechanika.lt\/#organization\"},\"potentialAction\":[{\"@type\":\"SearchAction\",\"target\":{\"@type\":\"EntryPoint\",\"urlTemplate\":\"https:\/\/www.horomechanika.lt\/?s={search_term_string}\"},\"query-input\":\"required name=search_term_string\"}],\"inLanguage\":\"ru-RU\"},{\"@type\":\"Organization\",\"@id\":\"https:\/\/www.horomechanika.lt\/#organization\",\"name\":\"UAB \\\"Horo mechanika\\\"\",\"url\":\"https:\/\/www.horomechanika.lt\/\",\"logo\":{\"@type\":\"ImageObject\",\"inLanguage\":\"ru-RU\",\"@id\":\"https:\/\/www.horomechanika.lt\/#\/schema\/logo\/image\/\",\"url\":\"https:\/\/www.horomechanika.lt\/wp-content\/uploads\/2020\/05\/horomechanika-logo.png\",\"contentUrl\":\"https:\/\/www.horomechanika.lt\/wp-content\/uploads\/2020\/05\/horomechanika-logo.png\",\"width\":137,\"height\":56,\"caption\":\"UAB \\\"Horo mechanika\\\"\"},\"image\":{\"@id\":\"https:\/\/www.horomechanika.lt\/#\/schema\/logo\/image\/\"},\"sameAs\":[\"https:\/\/www.facebook.com\/UAB-Horo-mechanika-177091812471952\"]}]}<\/script>\n<!-- \/ Yoast SEO plugin. -->","yoast_head_json":{"title":"MUL\u010cERIS EURO MINI HYDRO | Horomechanika","robots":{"index":"index","follow":"follow","max-snippet":"max-snippet:-1","max-image-preview":"max-image-preview:large","max-video-preview":"max-video-preview:-1"},"canonical":"https:\/\/www.horomechanika.lt\/ru\/product\/mulceris-euro-mini\/","og_locale":"ru_RU","og_type":"article","og_title":"MUL\u010cERIS EURO MINI HYDRO | Horomechanika","og_description":"\u017doliapjov\u0117 EURO MINI HYDRO skirta ma\u017eesni\u0173 \u017eem\u0117s \u016bkio ir komunalini\u0173 patalp\u0173 prie\u017ei\u016brai, skirta pjauti \u017eol\u0119, pas\u0117li\u0173 liku\u010dius, kr\u016bmus ir kt. Ji tinka pjauti med\u017eiag\u0105 iki 3 cm, tinka ma\u017eiems \u012frenginiams su hidrauline pavara. Jo apver\u010diama tvirtinimo laikiklio versija vir\u0161uje leid\u017eia lengvai pritvirtinti priekin\u0119 arba galin\u0119 pus\u0119. Nauja versija su hidromotoriumi tinka keliems traktoriams ir kitiems \u012ftaisams su hidrauline pavara. Energi\u0161kai efektyvus dvigubas spiralinis rotorius suma\u017eina energijos suvartojim\u0105, u\u017etikrina vienod\u0105 veikim\u0105 ir u\u017etikrina ilgesn\u012f komponent\u0173 tarnavim\u0105.  Standartin\u0117 komplektacija  Hidrauli\u0161kai valdoma (viena pora hidraulini\u0173 jung\u010di\u0173) Dvigubas spiralinis rotorius su 45 \u00b0 darbini\u0173 a\u0161men\u0173 paskirstymu Kombi trij\u0173 ta\u0161k\u0173 prikabintuvas (priekinis arba galinis) I kat. Automatinis dir\u017eo \u012ftempiklis Mechaninis \u012fskaitymas Apsauginiai slydimai Metaliniai atvartai Reguliuojamas galinis ritin\u0117lis su u\u017edara dviguba guoli\u0173 sistema Plaukiojantis Kaltiniai plaktukai  Papildoma \u012franga: Hidraulinis kompensavimas Y a\u0161menys Dviguba oda Hardox, kei\u010diama Rinkti gr\u0117blius P. T. O. velenas Grandin\u0117s apsauga vietoj gumos INO vibracijos valdymas  &nbsp;","og_url":"https:\/\/www.horomechanika.lt\/ru\/product\/mulceris-euro-mini\/","og_site_name":"Horomechanika","article_publisher":"https:\/\/www.facebook.com\/UAB-Horo-mechanika-177091812471952","article_modified_time":"2022-05-11T06:08:15+00:00","og_image":[{"width":1238,"height":928,"url":"https:\/\/www.horomechanika.lt\/wp-content\/uploads\/2020\/10\/EURO-MINI-HYDRO-2.jpg","type":"image\/jpeg"}],"twitter_card":"summary_large_image","schema":{"@context":"https:\/\/schema.org","@graph":[{"@type":"WebPage","@id":"https:\/\/www.horomechanika.lt\/ru\/product\/mulceris-euro-mini\/","url":"https:\/\/www.horomechanika.lt\/ru\/product\/mulceris-euro-mini\/","name":"MUL\u010cERIS EURO MINI HYDRO | Horomechanika","isPartOf":{"@id":"https:\/\/www.horomechanika.lt\/#website"},"datePublished":"2020-10-29T14:17:10+00:00","dateModified":"2022-05-11T06:08:15+00:00","breadcrumb":{"@id":"https:\/\/www.horomechanika.lt\/ru\/product\/mulceris-euro-mini\/#breadcrumb"},"inLanguage":"ru-RU","potentialAction":[{"@type":"ReadAction","target":["https:\/\/www.horomechanika.lt\/ru\/product\/mulceris-euro-mini\/"]}]},{"@type":"BreadcrumbList","@id":"https:\/\/www.horomechanika.lt\/ru\/product\/mulceris-euro-mini\/#breadcrumb","itemListElement":[{"@type":"ListItem","position":1,"name":"Home","item":"https:\/\/www.horomechanika.lt\/"},{"@type":"ListItem","position":2,"name":"Shop","item":"https:\/\/www.horomechanika.lt\/ru\/shop-2\/"},{"@type":"ListItem","position":3,"name":"MUL\u010cERIS EURO MINI HYDRO"}]},{"@type":"WebSite","@id":"https:\/\/www.horomechanika.lt\/#website","url":"https:\/\/www.horomechanika.lt\/","name":"Horomechanika","description":"\u017dem\u0117s \u016akio Technika","publisher":{"@id":"https:\/\/www.horomechanika.lt\/#organization"},"potentialAction":[{"@type":"SearchAction","target":{"@type":"EntryPoint","urlTemplate":"https:\/\/www.horomechanika.lt\/?s={search_term_string}"},"query-input":"required name=search_term_string"}],"inLanguage":"ru-RU"},{"@type":"Organization","@id":"https:\/\/www.horomechanika.lt\/#organization","name":"UAB \"Horo mechanika\"","url":"https:\/\/www.horomechanika.lt\/","logo":{"@type":"ImageObject","inLanguage":"ru-RU","@id":"https:\/\/www.horomechanika.lt\/#\/schema\/logo\/image\/","url":"https:\/\/www.horomechanika.lt\/wp-content\/uploads\/2020\/05\/horomechanika-logo.png","contentUrl":"https:\/\/www.horomechanika.lt\/wp-content\/uploads\/2020\/05\/horomechanika-logo.png","width":137,"height":56,"caption":"UAB \"Horo mechanika\""},"image":{"@id":"https:\/\/www.horomechanika.lt\/#\/schema\/logo\/image\/"},"sameAs":["https:\/\/www.facebook.com\/UAB-Horo-mechanika-177091812471952"]}]}},"_links":{"self":[{"href":"https:\/\/www.horomechanika.lt\/ru\/wp-json\/wp\/v2\/product\/11686","targetHints":{"allow":["GET"]}}],"collection":[{"href":"https:\/\/www.horomechanika.lt\/ru\/wp-json\/wp\/v2\/product"}],"about":[{"href":"https:\/\/www.horomechanika.lt\/ru\/wp-json\/wp\/v2\/types\/product"}],"replies":[{"embeddable":true,"href":"https:\/\/www.horomechanika.lt\/ru\/wp-json\/wp\/v2\/comments?post=11686"}],"wp:featuredmedia":[{"embeddable":true,"href":"https:\/\/www.horomechanika.lt\/ru\/wp-json\/wp\/v2\/media\/11700"}],"wp:attachment":[{"href":"https:\/\/www.horomechanika.lt\/ru\/wp-json\/wp\/v2\/media?parent=11686"}],"wp:term":[{"taxonomy":"product_cat","embeddable":true,"href":"https:\/\/www.horomechanika.lt\/ru\/wp-json\/wp\/v2\/product_cat?post=11686"},{"taxonomy":"product_tag","embeddable":true,"href":"https:\/\/www.horomechanika.lt\/ru\/wp-json\/wp\/v2\/product_tag?post=11686"}],"curies":[{"name":"wp","href":"https:\/\/api.w.org\/{rel}","templated":true}]}}